{"id":1696,"date":"2017-04-27T14:33:10","date_gmt":"2017-04-27T12:33:10","guid":{"rendered":"https:\/\/www.ml-locations.be\/\/locations\/chaise-samsonite\/"},"modified":"2026-03-24T15:44:59","modified_gmt":"2026-03-24T14:44:59","slug":"location-chaise-pliante-samsonite","status":"publish","type":"product","link":"https:\/\/ml-locations.be\/nl\/locations\/location-chaise-pliante-samsonite\/","title":{"rendered":"Chaise Samsonite grise &#8211; chaise pliante en location"},"content":{"rendered":"<p>Ces <strong>chaises en location <\/strong>(chaises pliantes Samsonite)<strong>\u00a0<\/strong>peuvent \u00eatre utilis\u00e9es \u00e0 l&#8217;int\u00e9rieur ou \u00e0 l&#8217;ext\u00e9rieur pour vos <strong>banquets<\/strong>, mariage,\u00a0<strong>\u00e9v\u00e9nements<\/strong>. Ces chaises en location sont tr\u00e8s compactes une fois repli\u00e9es. L&#8217;assise et le dossier des <strong>chaises<\/strong>\u00a0sont\u00a0en plastique. Ces chaises pliantes en location sont conditionn\u00e9es par rack de 50.<\/p>\n<p><strong>Dimensions de la chaise en location (Samsonite grise) :<\/strong><\/p>\n<ul>\n<li>Longueur : 45cm<\/li>\n<li>Largeur de l\u2019assise : 40cm<\/li>\n<li>Profondeur : 50cm<\/li>\n<li>Profondeur de l\u2019assise : 40cm<\/li>\n<li>Hauteur\u00a0: 81cm<\/li>\n<li>Hauteur de l\u2019assise : 45cm<\/li>\n<li>Poids : 3kg<\/li>\n<\/ul>\n<p>Consultez notre rubrique d\u00e9di\u00e9e \u00e0 la location de tables (tables rondes, rectangulaires,&#8230;) :\u00a0<a href=\"https:\/\/ml-locations.be\/location\/mobilier\/tables-et-mange-debout-en-location\/\">mange debout et tables en location<\/a><\/p>\n","protected":false},"excerpt":{"rendered":"<p><strong>Chaises en location\u00a0pour \u00e9v\u00e9nement<\/strong>\u00a0: <strong>chaise pliante Samsonite grise <\/strong>pour vos <strong>\u00e9v\u00e9nements, r\u00e9ceptions, conf\u00e9rences<\/strong>, etc.<\/p>\n","protected":false},"featured_media":1967,"template":"","meta":{"_acf_changed":false},"product_brand":[],"product_cat":[6,12,209],"product_tag":[211,214],"class_list":{"0":"post-1696","1":"product","2":"type-product","3":"status-publish","4":"has-post-thumbnail","6":"product_cat-mobilier","7":"product_cat-location-chaises-tabourets","8":"product_cat-produits-a-la-une","9":"product_tag-location-tables-et-chaises","10":"product_tag-location-materiel-banquet","11":"description-off","13":"first","14":"instock","15":"taxable","16":"shipping-taxable","17":"purchasable","18":"product-type-simple"},"acf":[],"yoast_head":"<!-- This site is optimized with the Yoast SEO plugin v25.0 - https:\/\/yoast.com\/wordpress\/plugins\/seo\/ -->\n<title>Location chaises pliantes - chaises Samsonite grises | ML Locations<\/title>\n<meta name=\"description\" content=\"Chaises pliantes (Samsonite grises) \u00e0 louer pour vos banquets et \u00e9v\u00e9nements. Fournies sur rack. Livraison possible.\" \/>\n<meta name=\"robots\" content=\"index, follow, max-snippet:-1, max-image-preview:large, max-video-preview:-1\" \/>\n<link rel=\"canonical\" href=\"https:\/\/ml-locations.be\/nl\/locations\/location-chaise-pliante-samsonite\/\" \/>\n<meta property=\"og:locale\" content=\"nl_NL\" \/>\n<meta property=\"og:type\" content=\"article\" \/>\n<meta property=\"og:title\" content=\"Location chaises pliantes - chaises Samsonite grises | ML Locations\" \/>\n<meta property=\"og:description\" content=\"Chaises pliantes (Samsonite grises) \u00e0 louer pour vos banquets et \u00e9v\u00e9nements. Fournies sur rack. Livraison possible.\" \/>\n<meta property=\"og:url\" content=\"https:\/\/ml-locations.be\/nl\/locations\/location-chaise-pliante-samsonite\/\" \/>\n<meta property=\"og:site_name\" content=\"ML Locations\" \/>\n<meta property=\"article:modified_time\" content=\"2026-03-24T14:44:59+00:00\" \/>\n<meta property=\"og:image\" content=\"https:\/\/ml-locations.be\/wp-content\/uploads\/2017\/04\/Chaise-Samsonite-grise-chaise-pliante-en-location.jpg\" \/>\n\t<meta property=\"og:image:width\" content=\"600\" \/>\n\t<meta property=\"og:image:height\" content=\"600\" \/>\n\t<meta property=\"og:image:type\" content=\"image\/jpeg\" \/>\n<meta name=\"twitter:card\" content=\"summary_large_image\" \/>\n<meta name=\"twitter:label1\" content=\"Geschatte leestijd\" \/>\n\t<meta name=\"twitter:data1\" content=\"1 minuut\" \/>\n<script type=\"application\/ld+json\" class=\"yoast-schema-graph\">{\"@context\":\"https:\/\/schema.org\",\"@graph\":[{\"@type\":\"WebPage\",\"@id\":\"https:\/\/ml-locations.be\/nl\/locations\/location-chaise-pliante-samsonite\/\",\"url\":\"https:\/\/ml-locations.be\/nl\/locations\/location-chaise-pliante-samsonite\/\",\"name\":\"Location chaises pliantes - chaises Samsonite grises | ML Locations\",\"isPartOf\":{\"@id\":\"https:\/\/ml-locations.be\/nl\/#website\"},\"primaryImageOfPage\":{\"@id\":\"https:\/\/ml-locations.be\/nl\/locations\/location-chaise-pliante-samsonite\/#primaryimage\"},\"image\":{\"@id\":\"https:\/\/ml-locations.be\/nl\/locations\/location-chaise-pliante-samsonite\/#primaryimage\"},\"thumbnailUrl\":\"https:\/\/ml-locations.be\/wp-content\/uploads\/2017\/04\/Chaise-Samsonite-grise-chaise-pliante-en-location.jpg\",\"datePublished\":\"2017-04-27T12:33:10+00:00\",\"dateModified\":\"2026-03-24T14:44:59+00:00\",\"description\":\"Chaises pliantes (Samsonite grises) \u00e0 louer pour vos banquets et \u00e9v\u00e9nements. Fournies sur rack. Livraison possible.\",\"breadcrumb\":{\"@id\":\"https:\/\/ml-locations.be\/nl\/locations\/location-chaise-pliante-samsonite\/#breadcrumb\"},\"inLanguage\":\"nl-NL\",\"potentialAction\":[{\"@type\":\"ReadAction\",\"target\":[\"https:\/\/ml-locations.be\/nl\/locations\/location-chaise-pliante-samsonite\/\"]}]},{\"@type\":\"ImageObject\",\"inLanguage\":\"nl-NL\",\"@id\":\"https:\/\/ml-locations.be\/nl\/locations\/location-chaise-pliante-samsonite\/#primaryimage\",\"url\":\"https:\/\/ml-locations.be\/wp-content\/uploads\/2017\/04\/Chaise-Samsonite-grise-chaise-pliante-en-location.jpg\",\"contentUrl\":\"https:\/\/ml-locations.be\/wp-content\/uploads\/2017\/04\/Chaise-Samsonite-grise-chaise-pliante-en-location.jpg\",\"width\":600,\"height\":600,\"caption\":\"Chaise Samsonite grise - chaise pliante en location\"},{\"@type\":\"BreadcrumbList\",\"@id\":\"https:\/\/ml-locations.be\/nl\/locations\/location-chaise-pliante-samsonite\/#breadcrumb\",\"itemListElement\":[{\"@type\":\"ListItem\",\"position\":1,\"name\":\"Accueil\",\"item\":\"https:\/\/ml-locations.be\/nl\/\"},{\"@type\":\"ListItem\",\"position\":2,\"name\":\"Winkel\",\"item\":\"https:\/\/ml-locations.be\/nl\/winkel\/\"},{\"@type\":\"ListItem\",\"position\":3,\"name\":\"Chaise Samsonite grise &#8211; chaise pliante en location\"}]},{\"@type\":\"WebSite\",\"@id\":\"https:\/\/ml-locations.be\/nl\/#website\",\"url\":\"https:\/\/ml-locations.be\/nl\/\",\"name\":\"ML Locations\",\"description\":\"Mat\u00e9riel \u00e9v\u00e9nementiel : location chaise, table et mange debout, mat\u00e9riel horeca, frigos,...\",\"publisher\":{\"@id\":\"https:\/\/ml-locations.be\/nl\/#organization\"},\"potentialAction\":[{\"@type\":\"SearchAction\",\"target\":{\"@type\":\"EntryPoint\",\"urlTemplate\":\"https:\/\/ml-locations.be\/nl\/?s={search_term_string}\"},\"query-input\":{\"@type\":\"PropertyValueSpecification\",\"valueRequired\":true,\"valueName\":\"search_term_string\"}}],\"inLanguage\":\"nl-NL\"},{\"@type\":\"Organization\",\"@id\":\"https:\/\/ml-locations.be\/nl\/#organization\",\"name\":\"ML Locations\",\"url\":\"https:\/\/ml-locations.be\/nl\/\",\"logo\":{\"@type\":\"ImageObject\",\"inLanguage\":\"nl-NL\",\"@id\":\"https:\/\/ml-locations.be\/nl\/#\/schema\/logo\/image\/\",\"url\":\"https:\/\/ml-locations.be\/wp-content\/uploads\/2018\/05\/LOGO-location-BON.png\",\"contentUrl\":\"https:\/\/ml-locations.be\/wp-content\/uploads\/2018\/05\/LOGO-location-BON.png\",\"width\":1200,\"height\":1200,\"caption\":\"ML Locations\"},\"image\":{\"@id\":\"https:\/\/ml-locations.be\/nl\/#\/schema\/logo\/image\/\"}}]}<\/script>\n<!-- \/ Yoast SEO plugin. -->","yoast_head_json":{"title":"Location chaises pliantes - chaises Samsonite grises | ML Locations","description":"Chaises pliantes (Samsonite grises) \u00e0 louer pour vos banquets et \u00e9v\u00e9nements. Fournies sur rack. Livraison possible.","robots":{"index":"index","follow":"follow","max-snippet":"max-snippet:-1","max-image-preview":"max-image-preview:large","max-video-preview":"max-video-preview:-1"},"canonical":"https:\/\/ml-locations.be\/nl\/locations\/location-chaise-pliante-samsonite\/","og_locale":"nl_NL","og_type":"article","og_title":"Location chaises pliantes - chaises Samsonite grises | ML Locations","og_description":"Chaises pliantes (Samsonite grises) \u00e0 louer pour vos banquets et \u00e9v\u00e9nements. Fournies sur rack. Livraison possible.","og_url":"https:\/\/ml-locations.be\/nl\/locations\/location-chaise-pliante-samsonite\/","og_site_name":"ML Locations","article_modified_time":"2026-03-24T14:44:59+00:00","og_image":[{"width":600,"height":600,"url":"https:\/\/ml-locations.be\/wp-content\/uploads\/2017\/04\/Chaise-Samsonite-grise-chaise-pliante-en-location.jpg","type":"image\/jpeg"}],"twitter_card":"summary_large_image","twitter_misc":{"Geschatte leestijd":"1 minuut"},"schema":{"@context":"https:\/\/schema.org","@graph":[{"@type":"WebPage","@id":"https:\/\/ml-locations.be\/nl\/locations\/location-chaise-pliante-samsonite\/","url":"https:\/\/ml-locations.be\/nl\/locations\/location-chaise-pliante-samsonite\/","name":"Location chaises pliantes - chaises Samsonite grises | ML Locations","isPartOf":{"@id":"https:\/\/ml-locations.be\/nl\/#website"},"primaryImageOfPage":{"@id":"https:\/\/ml-locations.be\/nl\/locations\/location-chaise-pliante-samsonite\/#primaryimage"},"image":{"@id":"https:\/\/ml-locations.be\/nl\/locations\/location-chaise-pliante-samsonite\/#primaryimage"},"thumbnailUrl":"https:\/\/ml-locations.be\/wp-content\/uploads\/2017\/04\/Chaise-Samsonite-grise-chaise-pliante-en-location.jpg","datePublished":"2017-04-27T12:33:10+00:00","dateModified":"2026-03-24T14:44:59+00:00","description":"Chaises pliantes (Samsonite grises) \u00e0 louer pour vos banquets et \u00e9v\u00e9nements. Fournies sur rack. Livraison possible.","breadcrumb":{"@id":"https:\/\/ml-locations.be\/nl\/locations\/location-chaise-pliante-samsonite\/#breadcrumb"},"inLanguage":"nl-NL","potentialAction":[{"@type":"ReadAction","target":["https:\/\/ml-locations.be\/nl\/locations\/location-chaise-pliante-samsonite\/"]}]},{"@type":"ImageObject","inLanguage":"nl-NL","@id":"https:\/\/ml-locations.be\/nl\/locations\/location-chaise-pliante-samsonite\/#primaryimage","url":"https:\/\/ml-locations.be\/wp-content\/uploads\/2017\/04\/Chaise-Samsonite-grise-chaise-pliante-en-location.jpg","contentUrl":"https:\/\/ml-locations.be\/wp-content\/uploads\/2017\/04\/Chaise-Samsonite-grise-chaise-pliante-en-location.jpg","width":600,"height":600,"caption":"Chaise Samsonite grise - chaise pliante en location"},{"@type":"BreadcrumbList","@id":"https:\/\/ml-locations.be\/nl\/locations\/location-chaise-pliante-samsonite\/#breadcrumb","itemListElement":[{"@type":"ListItem","position":1,"name":"Accueil","item":"https:\/\/ml-locations.be\/nl\/"},{"@type":"ListItem","position":2,"name":"Winkel","item":"https:\/\/ml-locations.be\/nl\/winkel\/"},{"@type":"ListItem","position":3,"name":"Chaise Samsonite grise &#8211; chaise pliante en location"}]},{"@type":"WebSite","@id":"https:\/\/ml-locations.be\/nl\/#website","url":"https:\/\/ml-locations.be\/nl\/","name":"ML Locations","description":"Mat\u00e9riel \u00e9v\u00e9nementiel : location chaise, table et mange debout, mat\u00e9riel horeca, frigos,...","publisher":{"@id":"https:\/\/ml-locations.be\/nl\/#organization"},"potentialAction":[{"@type":"SearchAction","target":{"@type":"EntryPoint","urlTemplate":"https:\/\/ml-locations.be\/nl\/?s={search_term_string}"},"query-input":{"@type":"PropertyValueSpecification","valueRequired":true,"valueName":"search_term_string"}}],"inLanguage":"nl-NL"},{"@type":"Organization","@id":"https:\/\/ml-locations.be\/nl\/#organization","name":"ML Locations","url":"https:\/\/ml-locations.be\/nl\/","logo":{"@type":"ImageObject","inLanguage":"nl-NL","@id":"https:\/\/ml-locations.be\/nl\/#\/schema\/logo\/image\/","url":"https:\/\/ml-locations.be\/wp-content\/uploads\/2018\/05\/LOGO-location-BON.png","contentUrl":"https:\/\/ml-locations.be\/wp-content\/uploads\/2018\/05\/LOGO-location-BON.png","width":1200,"height":1200,"caption":"ML Locations"},"image":{"@id":"https:\/\/ml-locations.be\/nl\/#\/schema\/logo\/image\/"}}]}},"_links":{"self":[{"href":"https:\/\/ml-locations.be\/nl\/wp-json\/wp\/v2\/product\/1696","targetHints":{"allow":["GET"]}}],"collection":[{"href":"https:\/\/ml-locations.be\/nl\/wp-json\/wp\/v2\/product"}],"about":[{"href":"https:\/\/ml-locations.be\/nl\/wp-json\/wp\/v2\/types\/product"}],"wp:featuredmedia":[{"embeddable":true,"href":"https:\/\/ml-locations.be\/nl\/wp-json\/wp\/v2\/media\/1967"}],"wp:attachment":[{"href":"https:\/\/ml-locations.be\/nl\/wp-json\/wp\/v2\/media?parent=1696"}],"wp:term":[{"taxonomy":"product_brand","embeddable":true,"href":"https:\/\/ml-locations.be\/nl\/wp-json\/wp\/v2\/product_brand?post=1696"},{"taxonomy":"product_cat","embeddable":true,"href":"https:\/\/ml-locations.be\/nl\/wp-json\/wp\/v2\/product_cat?post=1696"},{"taxonomy":"product_tag","embeddable":true,"href":"https:\/\/ml-locations.be\/nl\/wp-json\/wp\/v2\/product_tag?post=1696"}],"curies":[{"name":"wp","href":"https:\/\/api.w.org\/{rel}","templated":true}]}}