{"id":1703,"date":"2017-04-11T14:33:10","date_gmt":"2017-04-11T12:33:10","guid":{"rendered":"https:\/\/www.ml-locations.be\/\/locations\/tabouret-wood\/"},"modified":"2026-01-21T12:03:06","modified_gmt":"2026-01-21T11:03:06","slug":"location-chaise-haute-tabouret-wood","status":"publish","type":"product","link":"https:\/\/ml-locations.be\/nl\/locations\/location-chaise-haute-tabouret-wood\/","title":{"rendered":"Chaise haute &#8211; Tabouret Wood"},"content":{"rendered":"<p>Chaise haute en bois : tabouret avec assise et dossier en bois, quatre pieds en m\u00e9tal noir. Associ\u00e9 \u00e0 la table mange-debout Wood, ce <strong>tabouret de bar en location<\/strong> donnera un c\u00f4t\u00e9 original \u00e0 la d\u00e9coration de votre \u00e9v\u00e9nement. Ces tabourets de bar sont parfaits pour asseoir vos invit\u00e9s pr\u00e8s des tables mange-debout ou tables hautes, ou encore pr\u00e8s d\u2019un bar.<\/p>\n","protected":false},"excerpt":{"rendered":"<p><strong>Tabouret de bar en bois<\/strong>, cette chaise haute en location est id\u00e9ale pour apporter un c\u00f4t\u00e9 original et chaleureux \u00e0 vos \u00e9v\u00e9nements.<\/p>\n","protected":false},"featured_media":1925,"template":"","meta":{"_acf_changed":false},"product_brand":[],"product_cat":[6,12,14],"product_tag":[208,202,211],"class_list":{"0":"post-1703","1":"product","2":"type-product","3":"status-publish","4":"has-post-thumbnail","6":"product_cat-mobilier","7":"product_cat-location-chaises-tabourets","8":"product_cat-mobilier-pour-bar-a-louer","9":"product_tag-location-materiel-bar","10":"product_tag-location-mobilier-design","11":"product_tag-location-tables-et-chaises","12":"description-off","14":"first","15":"instock","16":"taxable","17":"shipping-taxable","18":"purchasable","19":"product-type-simple"},"acf":[],"yoast_head":"<!-- This site is optimized with the Yoast SEO plugin v25.0 - https:\/\/yoast.com\/wordpress\/plugins\/seo\/ -->\n<title>Location chaise haute en bois - tabouret de bar | ML Locations<\/title>\n<meta name=\"description\" content=\"Chaise haute en location : tabouret de bar en bois, original. Parfait pour vos \u00e9v\u00e9nements et pour accompagner une table mange debout.\" \/>\n<meta name=\"robots\" content=\"index, follow, max-snippet:-1, max-image-preview:large, max-video-preview:-1\" \/>\n<link rel=\"canonical\" href=\"https:\/\/ml-locations.be\/nl\/locations\/location-chaise-haute-tabouret-wood\/\" \/>\n<meta property=\"og:locale\" content=\"nl_NL\" \/>\n<meta property=\"og:type\" content=\"article\" \/>\n<meta property=\"og:title\" content=\"Location chaise haute en bois - tabouret de bar | ML Locations\" \/>\n<meta property=\"og:description\" content=\"Chaise haute en location : tabouret de bar en bois, original. Parfait pour vos \u00e9v\u00e9nements et pour accompagner une table mange debout.\" \/>\n<meta property=\"og:url\" content=\"https:\/\/ml-locations.be\/nl\/locations\/location-chaise-haute-tabouret-wood\/\" \/>\n<meta property=\"og:site_name\" content=\"ML Locations\" \/>\n<meta property=\"article:modified_time\" content=\"2026-01-21T11:03:06+00:00\" \/>\n<meta property=\"og:image\" content=\"https:\/\/ml-locations.be\/wp-content\/uploads\/2017\/04\/Tabouret-Wood-en-bois-tabouret-de-bar-a-louer.png\" \/>\n\t<meta property=\"og:image:width\" content=\"800\" \/>\n\t<meta property=\"og:image:height\" content=\"800\" \/>\n\t<meta property=\"og:image:type\" content=\"image\/png\" \/>\n<meta name=\"twitter:card\" content=\"summary_large_image\" \/>\n<meta name=\"twitter:label1\" content=\"Geschatte leestijd\" \/>\n\t<meta name=\"twitter:data1\" content=\"1 minuut\" \/>\n<script type=\"application\/ld+json\" class=\"yoast-schema-graph\">{\"@context\":\"https:\/\/schema.org\",\"@graph\":[{\"@type\":\"WebPage\",\"@id\":\"https:\/\/ml-locations.be\/nl\/locations\/location-chaise-haute-tabouret-wood\/\",\"url\":\"https:\/\/ml-locations.be\/nl\/locations\/location-chaise-haute-tabouret-wood\/\",\"name\":\"Location chaise haute en bois - tabouret de bar | ML Locations\",\"isPartOf\":{\"@id\":\"https:\/\/ml-locations.be\/nl\/#website\"},\"primaryImageOfPage\":{\"@id\":\"https:\/\/ml-locations.be\/nl\/locations\/location-chaise-haute-tabouret-wood\/#primaryimage\"},\"image\":{\"@id\":\"https:\/\/ml-locations.be\/nl\/locations\/location-chaise-haute-tabouret-wood\/#primaryimage\"},\"thumbnailUrl\":\"https:\/\/ml-locations.be\/wp-content\/uploads\/2017\/04\/Tabouret-Wood-en-bois-tabouret-de-bar-a-louer.png\",\"datePublished\":\"2017-04-11T12:33:10+00:00\",\"dateModified\":\"2026-01-21T11:03:06+00:00\",\"description\":\"Chaise haute en location : tabouret de bar en bois, original. Parfait pour vos \u00e9v\u00e9nements et pour accompagner une table mange debout.\",\"breadcrumb\":{\"@id\":\"https:\/\/ml-locations.be\/nl\/locations\/location-chaise-haute-tabouret-wood\/#breadcrumb\"},\"inLanguage\":\"nl-NL\",\"potentialAction\":[{\"@type\":\"ReadAction\",\"target\":[\"https:\/\/ml-locations.be\/nl\/locations\/location-chaise-haute-tabouret-wood\/\"]}]},{\"@type\":\"ImageObject\",\"inLanguage\":\"nl-NL\",\"@id\":\"https:\/\/ml-locations.be\/nl\/locations\/location-chaise-haute-tabouret-wood\/#primaryimage\",\"url\":\"https:\/\/ml-locations.be\/wp-content\/uploads\/2017\/04\/Tabouret-Wood-en-bois-tabouret-de-bar-a-louer.png\",\"contentUrl\":\"https:\/\/ml-locations.be\/wp-content\/uploads\/2017\/04\/Tabouret-Wood-en-bois-tabouret-de-bar-a-louer.png\",\"width\":800,\"height\":800,\"caption\":\"Tabouret Wood en bois - tabouret de bar a louer\"},{\"@type\":\"BreadcrumbList\",\"@id\":\"https:\/\/ml-locations.be\/nl\/locations\/location-chaise-haute-tabouret-wood\/#breadcrumb\",\"itemListElement\":[{\"@type\":\"ListItem\",\"position\":1,\"name\":\"Accueil\",\"item\":\"https:\/\/ml-locations.be\/nl\/\"},{\"@type\":\"ListItem\",\"position\":2,\"name\":\"Winkel\",\"item\":\"https:\/\/ml-locations.be\/nl\/winkel\/\"},{\"@type\":\"ListItem\",\"position\":3,\"name\":\"Chaise haute &#8211; Tabouret Wood\"}]},{\"@type\":\"WebSite\",\"@id\":\"https:\/\/ml-locations.be\/nl\/#website\",\"url\":\"https:\/\/ml-locations.be\/nl\/\",\"name\":\"ML Locations\",\"description\":\"Mat\u00e9riel \u00e9v\u00e9nementiel : location chaise, table et mange debout, mat\u00e9riel horeca, frigos,...\",\"publisher\":{\"@id\":\"https:\/\/ml-locations.be\/nl\/#organization\"},\"potentialAction\":[{\"@type\":\"SearchAction\",\"target\":{\"@type\":\"EntryPoint\",\"urlTemplate\":\"https:\/\/ml-locations.be\/nl\/?s={search_term_string}\"},\"query-input\":{\"@type\":\"PropertyValueSpecification\",\"valueRequired\":true,\"valueName\":\"search_term_string\"}}],\"inLanguage\":\"nl-NL\"},{\"@type\":\"Organization\",\"@id\":\"https:\/\/ml-locations.be\/nl\/#organization\",\"name\":\"ML Locations\",\"url\":\"https:\/\/ml-locations.be\/nl\/\",\"logo\":{\"@type\":\"ImageObject\",\"inLanguage\":\"nl-NL\",\"@id\":\"https:\/\/ml-locations.be\/nl\/#\/schema\/logo\/image\/\",\"url\":\"https:\/\/ml-locations.be\/wp-content\/uploads\/2018\/05\/LOGO-location-BON.png\",\"contentUrl\":\"https:\/\/ml-locations.be\/wp-content\/uploads\/2018\/05\/LOGO-location-BON.png\",\"width\":1200,\"height\":1200,\"caption\":\"ML Locations\"},\"image\":{\"@id\":\"https:\/\/ml-locations.be\/nl\/#\/schema\/logo\/image\/\"}}]}<\/script>\n<!-- \/ Yoast SEO plugin. -->","yoast_head_json":{"title":"Location chaise haute en bois - tabouret de bar | ML Locations","description":"Chaise haute en location : tabouret de bar en bois, original. Parfait pour vos \u00e9v\u00e9nements et pour accompagner une table mange debout.","robots":{"index":"index","follow":"follow","max-snippet":"max-snippet:-1","max-image-preview":"max-image-preview:large","max-video-preview":"max-video-preview:-1"},"canonical":"https:\/\/ml-locations.be\/nl\/locations\/location-chaise-haute-tabouret-wood\/","og_locale":"nl_NL","og_type":"article","og_title":"Location chaise haute en bois - tabouret de bar | ML Locations","og_description":"Chaise haute en location : tabouret de bar en bois, original. Parfait pour vos \u00e9v\u00e9nements et pour accompagner une table mange debout.","og_url":"https:\/\/ml-locations.be\/nl\/locations\/location-chaise-haute-tabouret-wood\/","og_site_name":"ML Locations","article_modified_time":"2026-01-21T11:03:06+00:00","og_image":[{"width":800,"height":800,"url":"https:\/\/ml-locations.be\/wp-content\/uploads\/2017\/04\/Tabouret-Wood-en-bois-tabouret-de-bar-a-louer.png","type":"image\/png"}],"twitter_card":"summary_large_image","twitter_misc":{"Geschatte leestijd":"1 minuut"},"schema":{"@context":"https:\/\/schema.org","@graph":[{"@type":"WebPage","@id":"https:\/\/ml-locations.be\/nl\/locations\/location-chaise-haute-tabouret-wood\/","url":"https:\/\/ml-locations.be\/nl\/locations\/location-chaise-haute-tabouret-wood\/","name":"Location chaise haute en bois - tabouret de bar | ML Locations","isPartOf":{"@id":"https:\/\/ml-locations.be\/nl\/#website"},"primaryImageOfPage":{"@id":"https:\/\/ml-locations.be\/nl\/locations\/location-chaise-haute-tabouret-wood\/#primaryimage"},"image":{"@id":"https:\/\/ml-locations.be\/nl\/locations\/location-chaise-haute-tabouret-wood\/#primaryimage"},"thumbnailUrl":"https:\/\/ml-locations.be\/wp-content\/uploads\/2017\/04\/Tabouret-Wood-en-bois-tabouret-de-bar-a-louer.png","datePublished":"2017-04-11T12:33:10+00:00","dateModified":"2026-01-21T11:03:06+00:00","description":"Chaise haute en location : tabouret de bar en bois, original. Parfait pour vos \u00e9v\u00e9nements et pour accompagner une table mange debout.","breadcrumb":{"@id":"https:\/\/ml-locations.be\/nl\/locations\/location-chaise-haute-tabouret-wood\/#breadcrumb"},"inLanguage":"nl-NL","potentialAction":[{"@type":"ReadAction","target":["https:\/\/ml-locations.be\/nl\/locations\/location-chaise-haute-tabouret-wood\/"]}]},{"@type":"ImageObject","inLanguage":"nl-NL","@id":"https:\/\/ml-locations.be\/nl\/locations\/location-chaise-haute-tabouret-wood\/#primaryimage","url":"https:\/\/ml-locations.be\/wp-content\/uploads\/2017\/04\/Tabouret-Wood-en-bois-tabouret-de-bar-a-louer.png","contentUrl":"https:\/\/ml-locations.be\/wp-content\/uploads\/2017\/04\/Tabouret-Wood-en-bois-tabouret-de-bar-a-louer.png","width":800,"height":800,"caption":"Tabouret Wood en bois - tabouret de bar a louer"},{"@type":"BreadcrumbList","@id":"https:\/\/ml-locations.be\/nl\/locations\/location-chaise-haute-tabouret-wood\/#breadcrumb","itemListElement":[{"@type":"ListItem","position":1,"name":"Accueil","item":"https:\/\/ml-locations.be\/nl\/"},{"@type":"ListItem","position":2,"name":"Winkel","item":"https:\/\/ml-locations.be\/nl\/winkel\/"},{"@type":"ListItem","position":3,"name":"Chaise haute &#8211; Tabouret Wood"}]},{"@type":"WebSite","@id":"https:\/\/ml-locations.be\/nl\/#website","url":"https:\/\/ml-locations.be\/nl\/","name":"ML Locations","description":"Mat\u00e9riel \u00e9v\u00e9nementiel : location chaise, table et mange debout, mat\u00e9riel horeca, frigos,...","publisher":{"@id":"https:\/\/ml-locations.be\/nl\/#organization"},"potentialAction":[{"@type":"SearchAction","target":{"@type":"EntryPoint","urlTemplate":"https:\/\/ml-locations.be\/nl\/?s={search_term_string}"},"query-input":{"@type":"PropertyValueSpecification","valueRequired":true,"valueName":"search_term_string"}}],"inLanguage":"nl-NL"},{"@type":"Organization","@id":"https:\/\/ml-locations.be\/nl\/#organization","name":"ML Locations","url":"https:\/\/ml-locations.be\/nl\/","logo":{"@type":"ImageObject","inLanguage":"nl-NL","@id":"https:\/\/ml-locations.be\/nl\/#\/schema\/logo\/image\/","url":"https:\/\/ml-locations.be\/wp-content\/uploads\/2018\/05\/LOGO-location-BON.png","contentUrl":"https:\/\/ml-locations.be\/wp-content\/uploads\/2018\/05\/LOGO-location-BON.png","width":1200,"height":1200,"caption":"ML Locations"},"image":{"@id":"https:\/\/ml-locations.be\/nl\/#\/schema\/logo\/image\/"}}]}},"_links":{"self":[{"href":"https:\/\/ml-locations.be\/nl\/wp-json\/wp\/v2\/product\/1703","targetHints":{"allow":["GET"]}}],"collection":[{"href":"https:\/\/ml-locations.be\/nl\/wp-json\/wp\/v2\/product"}],"about":[{"href":"https:\/\/ml-locations.be\/nl\/wp-json\/wp\/v2\/types\/product"}],"wp:featuredmedia":[{"embeddable":true,"href":"https:\/\/ml-locations.be\/nl\/wp-json\/wp\/v2\/media\/1925"}],"wp:attachment":[{"href":"https:\/\/ml-locations.be\/nl\/wp-json\/wp\/v2\/media?parent=1703"}],"wp:term":[{"taxonomy":"product_brand","embeddable":true,"href":"https:\/\/ml-locations.be\/nl\/wp-json\/wp\/v2\/product_brand?post=1703"},{"taxonomy":"product_cat","embeddable":true,"href":"https:\/\/ml-locations.be\/nl\/wp-json\/wp\/v2\/product_cat?post=1703"},{"taxonomy":"product_tag","embeddable":true,"href":"https:\/\/ml-locations.be\/nl\/wp-json\/wp\/v2\/product_tag?post=1703"}],"curies":[{"name":"wp","href":"https:\/\/api.w.org\/{rel}","templated":true}]}}