{"id":1704,"date":"2017-06-27T14:33:10","date_gmt":"2017-06-27T12:33:10","guid":{"rendered":"https:\/\/www.ml-locations.be\/\/locations\/chaise-design-blanche-volga\/"},"modified":"2026-04-27T15:38:53","modified_gmt":"2026-04-27T13:38:53","slug":"location-chaise-blanche-design","status":"publish","type":"product","link":"https:\/\/ml-locations.be\/nl\/locations\/location-chaise-blanche-design\/","title":{"rendered":"Chaise blanche design (Volga) &#8211; chaise en location"},"content":{"rendered":"<p><strong>Chaises blanches en location<\/strong>\u00a0(mati\u00e8re<strong>\u00a0<\/strong>en pvc polycarbonate, tr\u00e8s solide) : mod\u00e8le &#8220;Volga&#8221;, chaise design blanche confortable et tr\u00e8s \u00e9l\u00e9gante. Ces <strong>chaises en location<\/strong> sont tr\u00e8s appr\u00e9ci\u00e9es pour leur design et donneront un look classe et moderne \u00e0 vos tables. Louez ces chaises en pvc, elles offrent \u00e0 vos invit\u00e9s une assise des plus confortable. Ces chaises en location sont parfaites pour vos banquets ou autres r\u00e9ceptions : mariage, soir\u00e9e, conf\u00e9rence et autre \u00e9v\u00e9nement. Ces chaises en location sont empilables, et peuvent \u00eatre livr\u00e9es par rack de 30 chaises.<\/p>\n<p><strong>Dimensions de la chaise en location :<\/strong><\/p>\n<ul>\n<li>Longueur : 44cm<\/li>\n<li>Largeur de l\u2019assise : 40cm<\/li>\n<li>Profondeur : 55cm<\/li>\n<li>Profondeur de l\u2019assise : 42cm<\/li>\n<li>Hauteur\u00a0: 81cm<\/li>\n<li>Hauteur de l\u2019assise : 45cm<\/li>\n<li>Poids : 3,3 kg<\/li>\n<\/ul>\n<p>Vous \u00eates \u00e0 la recherche de tables rondes \u00e0 louer ou de tables rectangulaires en location ? Consultez notre rubrique d\u00e9di\u00e9e \u00e0\u00a0la <a href=\"https:\/\/ml-locations.be\/location\/mobilier\/tables-et-mange-debout-en-location\/\">location de tables<\/a>.<\/p>\n","protected":false},"excerpt":{"rendered":"<p><strong>Location de chaises pour banquets et \u00e9v\u00e9nements<\/strong>. Ces chaises design blanches et\u00a0empilables sont parfaites pour vos banquets,\u00a0conf\u00e9rences, r\u00e9ception, horeca, mariage, soir\u00e9e et autre \u00e9v\u00e9nement.<\/p>\n","protected":false},"featured_media":1881,"template":"","meta":{"_acf_changed":false},"product_brand":[],"product_cat":[6,12,209],"product_tag":[202,211,214],"class_list":{"0":"post-1704","1":"product","2":"type-product","3":"status-publish","4":"has-post-thumbnail","6":"product_cat-mobilier","7":"product_cat-location-chaises-tabourets","8":"product_cat-produits-a-la-une","9":"product_tag-location-mobilier-design","10":"product_tag-location-tables-et-chaises","11":"product_tag-location-materiel-banquet","12":"description-off","14":"first","15":"instock","16":"sale","17":"taxable","18":"shipping-taxable","19":"purchasable","20":"product-type-simple"},"acf":[],"yoast_head":"<!-- This site is optimized with the Yoast SEO plugin v25.0 - https:\/\/yoast.com\/wordpress\/plugins\/seo\/ -->\n<title>Location chaises design blanches - banquets et events | ML Locations<\/title>\n<meta name=\"description\" content=\"Louez ces \u00e9l\u00e9gantes chaises design, couleur blanche, pour banquets et \u00e9v\u00e9nements. Chaises empilables, livr\u00e9es sur rack. Livraison possible.\" \/>\n<meta name=\"robots\" content=\"index, follow, max-snippet:-1, max-image-preview:large, max-video-preview:-1\" \/>\n<link rel=\"canonical\" href=\"https:\/\/ml-locations.be\/nl\/locations\/location-chaise-blanche-design\/\" \/>\n<meta property=\"og:locale\" content=\"nl_NL\" \/>\n<meta property=\"og:type\" content=\"article\" \/>\n<meta property=\"og:title\" content=\"Location chaises design blanches - banquets et events | ML Locations\" \/>\n<meta property=\"og:description\" content=\"Louez ces \u00e9l\u00e9gantes chaises design, couleur blanche, pour banquets et \u00e9v\u00e9nements. Chaises empilables, livr\u00e9es sur rack. Livraison possible.\" \/>\n<meta property=\"og:url\" content=\"https:\/\/ml-locations.be\/nl\/locations\/location-chaise-blanche-design\/\" \/>\n<meta property=\"og:site_name\" content=\"ML Locations\" \/>\n<meta property=\"article:modified_time\" content=\"2026-04-27T13:38:53+00:00\" \/>\n<meta property=\"og:image\" content=\"https:\/\/ml-locations.be\/wp-content\/uploads\/2017\/04\/Chaise-design-blanche-chaise-en-location.jpg\" \/>\n\t<meta property=\"og:image:width\" content=\"1000\" \/>\n\t<meta property=\"og:image:height\" content=\"1000\" \/>\n\t<meta property=\"og:image:type\" content=\"image\/jpeg\" \/>\n<meta name=\"twitter:card\" content=\"summary_large_image\" \/>\n<meta name=\"twitter:label1\" content=\"Geschatte leestijd\" \/>\n\t<meta name=\"twitter:data1\" content=\"1 minuut\" \/>\n<script type=\"application\/ld+json\" class=\"yoast-schema-graph\">{\"@context\":\"https:\/\/schema.org\",\"@graph\":[{\"@type\":\"WebPage\",\"@id\":\"https:\/\/ml-locations.be\/nl\/locations\/location-chaise-blanche-design\/\",\"url\":\"https:\/\/ml-locations.be\/nl\/locations\/location-chaise-blanche-design\/\",\"name\":\"Location chaises design blanches - banquets et events | ML Locations\",\"isPartOf\":{\"@id\":\"https:\/\/ml-locations.be\/nl\/#website\"},\"primaryImageOfPage\":{\"@id\":\"https:\/\/ml-locations.be\/nl\/locations\/location-chaise-blanche-design\/#primaryimage\"},\"image\":{\"@id\":\"https:\/\/ml-locations.be\/nl\/locations\/location-chaise-blanche-design\/#primaryimage\"},\"thumbnailUrl\":\"https:\/\/ml-locations.be\/wp-content\/uploads\/2017\/04\/Chaise-design-blanche-chaise-en-location.jpg\",\"datePublished\":\"2017-06-27T12:33:10+00:00\",\"dateModified\":\"2026-04-27T13:38:53+00:00\",\"description\":\"Louez ces \u00e9l\u00e9gantes chaises design, couleur blanche, pour banquets et \u00e9v\u00e9nements. Chaises empilables, livr\u00e9es sur rack. Livraison possible.\",\"breadcrumb\":{\"@id\":\"https:\/\/ml-locations.be\/nl\/locations\/location-chaise-blanche-design\/#breadcrumb\"},\"inLanguage\":\"nl-NL\",\"potentialAction\":[{\"@type\":\"ReadAction\",\"target\":[\"https:\/\/ml-locations.be\/nl\/locations\/location-chaise-blanche-design\/\"]}]},{\"@type\":\"ImageObject\",\"inLanguage\":\"nl-NL\",\"@id\":\"https:\/\/ml-locations.be\/nl\/locations\/location-chaise-blanche-design\/#primaryimage\",\"url\":\"https:\/\/ml-locations.be\/wp-content\/uploads\/2017\/04\/Chaise-design-blanche-chaise-en-location.jpg\",\"contentUrl\":\"https:\/\/ml-locations.be\/wp-content\/uploads\/2017\/04\/Chaise-design-blanche-chaise-en-location.jpg\",\"width\":1000,\"height\":1000,\"caption\":\"chaise en location\"},{\"@type\":\"BreadcrumbList\",\"@id\":\"https:\/\/ml-locations.be\/nl\/locations\/location-chaise-blanche-design\/#breadcrumb\",\"itemListElement\":[{\"@type\":\"ListItem\",\"position\":1,\"name\":\"Accueil\",\"item\":\"https:\/\/ml-locations.be\/nl\/\"},{\"@type\":\"ListItem\",\"position\":2,\"name\":\"Winkel\",\"item\":\"https:\/\/ml-locations.be\/nl\/winkel\/\"},{\"@type\":\"ListItem\",\"position\":3,\"name\":\"Chaise blanche design (Volga) &#8211; chaise en location\"}]},{\"@type\":\"WebSite\",\"@id\":\"https:\/\/ml-locations.be\/nl\/#website\",\"url\":\"https:\/\/ml-locations.be\/nl\/\",\"name\":\"ML Locations\",\"description\":\"Mat\u00e9riel \u00e9v\u00e9nementiel : location chaise, table et mange debout, mat\u00e9riel horeca, frigos,...\",\"publisher\":{\"@id\":\"https:\/\/ml-locations.be\/nl\/#organization\"},\"potentialAction\":[{\"@type\":\"SearchAction\",\"target\":{\"@type\":\"EntryPoint\",\"urlTemplate\":\"https:\/\/ml-locations.be\/nl\/?s={search_term_string}\"},\"query-input\":{\"@type\":\"PropertyValueSpecification\",\"valueRequired\":true,\"valueName\":\"search_term_string\"}}],\"inLanguage\":\"nl-NL\"},{\"@type\":\"Organization\",\"@id\":\"https:\/\/ml-locations.be\/nl\/#organization\",\"name\":\"ML Locations\",\"url\":\"https:\/\/ml-locations.be\/nl\/\",\"logo\":{\"@type\":\"ImageObject\",\"inLanguage\":\"nl-NL\",\"@id\":\"https:\/\/ml-locations.be\/nl\/#\/schema\/logo\/image\/\",\"url\":\"https:\/\/ml-locations.be\/wp-content\/uploads\/2018\/05\/LOGO-location-BON.png\",\"contentUrl\":\"https:\/\/ml-locations.be\/wp-content\/uploads\/2018\/05\/LOGO-location-BON.png\",\"width\":1200,\"height\":1200,\"caption\":\"ML Locations\"},\"image\":{\"@id\":\"https:\/\/ml-locations.be\/nl\/#\/schema\/logo\/image\/\"}}]}<\/script>\n<!-- \/ Yoast SEO plugin. -->","yoast_head_json":{"title":"Location chaises design blanches - banquets et events | ML Locations","description":"Louez ces \u00e9l\u00e9gantes chaises design, couleur blanche, pour banquets et \u00e9v\u00e9nements. Chaises empilables, livr\u00e9es sur rack. Livraison possible.","robots":{"index":"index","follow":"follow","max-snippet":"max-snippet:-1","max-image-preview":"max-image-preview:large","max-video-preview":"max-video-preview:-1"},"canonical":"https:\/\/ml-locations.be\/nl\/locations\/location-chaise-blanche-design\/","og_locale":"nl_NL","og_type":"article","og_title":"Location chaises design blanches - banquets et events | ML Locations","og_description":"Louez ces \u00e9l\u00e9gantes chaises design, couleur blanche, pour banquets et \u00e9v\u00e9nements. Chaises empilables, livr\u00e9es sur rack. Livraison possible.","og_url":"https:\/\/ml-locations.be\/nl\/locations\/location-chaise-blanche-design\/","og_site_name":"ML Locations","article_modified_time":"2026-04-27T13:38:53+00:00","og_image":[{"width":1000,"height":1000,"url":"https:\/\/ml-locations.be\/wp-content\/uploads\/2017\/04\/Chaise-design-blanche-chaise-en-location.jpg","type":"image\/jpeg"}],"twitter_card":"summary_large_image","twitter_misc":{"Geschatte leestijd":"1 minuut"},"schema":{"@context":"https:\/\/schema.org","@graph":[{"@type":"WebPage","@id":"https:\/\/ml-locations.be\/nl\/locations\/location-chaise-blanche-design\/","url":"https:\/\/ml-locations.be\/nl\/locations\/location-chaise-blanche-design\/","name":"Location chaises design blanches - banquets et events | ML Locations","isPartOf":{"@id":"https:\/\/ml-locations.be\/nl\/#website"},"primaryImageOfPage":{"@id":"https:\/\/ml-locations.be\/nl\/locations\/location-chaise-blanche-design\/#primaryimage"},"image":{"@id":"https:\/\/ml-locations.be\/nl\/locations\/location-chaise-blanche-design\/#primaryimage"},"thumbnailUrl":"https:\/\/ml-locations.be\/wp-content\/uploads\/2017\/04\/Chaise-design-blanche-chaise-en-location.jpg","datePublished":"2017-06-27T12:33:10+00:00","dateModified":"2026-04-27T13:38:53+00:00","description":"Louez ces \u00e9l\u00e9gantes chaises design, couleur blanche, pour banquets et \u00e9v\u00e9nements. Chaises empilables, livr\u00e9es sur rack. Livraison possible.","breadcrumb":{"@id":"https:\/\/ml-locations.be\/nl\/locations\/location-chaise-blanche-design\/#breadcrumb"},"inLanguage":"nl-NL","potentialAction":[{"@type":"ReadAction","target":["https:\/\/ml-locations.be\/nl\/locations\/location-chaise-blanche-design\/"]}]},{"@type":"ImageObject","inLanguage":"nl-NL","@id":"https:\/\/ml-locations.be\/nl\/locations\/location-chaise-blanche-design\/#primaryimage","url":"https:\/\/ml-locations.be\/wp-content\/uploads\/2017\/04\/Chaise-design-blanche-chaise-en-location.jpg","contentUrl":"https:\/\/ml-locations.be\/wp-content\/uploads\/2017\/04\/Chaise-design-blanche-chaise-en-location.jpg","width":1000,"height":1000,"caption":"chaise en location"},{"@type":"BreadcrumbList","@id":"https:\/\/ml-locations.be\/nl\/locations\/location-chaise-blanche-design\/#breadcrumb","itemListElement":[{"@type":"ListItem","position":1,"name":"Accueil","item":"https:\/\/ml-locations.be\/nl\/"},{"@type":"ListItem","position":2,"name":"Winkel","item":"https:\/\/ml-locations.be\/nl\/winkel\/"},{"@type":"ListItem","position":3,"name":"Chaise blanche design (Volga) &#8211; chaise en location"}]},{"@type":"WebSite","@id":"https:\/\/ml-locations.be\/nl\/#website","url":"https:\/\/ml-locations.be\/nl\/","name":"ML Locations","description":"Mat\u00e9riel \u00e9v\u00e9nementiel : location chaise, table et mange debout, mat\u00e9riel horeca, frigos,...","publisher":{"@id":"https:\/\/ml-locations.be\/nl\/#organization"},"potentialAction":[{"@type":"SearchAction","target":{"@type":"EntryPoint","urlTemplate":"https:\/\/ml-locations.be\/nl\/?s={search_term_string}"},"query-input":{"@type":"PropertyValueSpecification","valueRequired":true,"valueName":"search_term_string"}}],"inLanguage":"nl-NL"},{"@type":"Organization","@id":"https:\/\/ml-locations.be\/nl\/#organization","name":"ML Locations","url":"https:\/\/ml-locations.be\/nl\/","logo":{"@type":"ImageObject","inLanguage":"nl-NL","@id":"https:\/\/ml-locations.be\/nl\/#\/schema\/logo\/image\/","url":"https:\/\/ml-locations.be\/wp-content\/uploads\/2018\/05\/LOGO-location-BON.png","contentUrl":"https:\/\/ml-locations.be\/wp-content\/uploads\/2018\/05\/LOGO-location-BON.png","width":1200,"height":1200,"caption":"ML Locations"},"image":{"@id":"https:\/\/ml-locations.be\/nl\/#\/schema\/logo\/image\/"}}]}},"_links":{"self":[{"href":"https:\/\/ml-locations.be\/nl\/wp-json\/wp\/v2\/product\/1704","targetHints":{"allow":["GET"]}}],"collection":[{"href":"https:\/\/ml-locations.be\/nl\/wp-json\/wp\/v2\/product"}],"about":[{"href":"https:\/\/ml-locations.be\/nl\/wp-json\/wp\/v2\/types\/product"}],"wp:featuredmedia":[{"embeddable":true,"href":"https:\/\/ml-locations.be\/nl\/wp-json\/wp\/v2\/media\/1881"}],"wp:attachment":[{"href":"https:\/\/ml-locations.be\/nl\/wp-json\/wp\/v2\/media?parent=1704"}],"wp:term":[{"taxonomy":"product_brand","embeddable":true,"href":"https:\/\/ml-locations.be\/nl\/wp-json\/wp\/v2\/product_brand?post=1704"},{"taxonomy":"product_cat","embeddable":true,"href":"https:\/\/ml-locations.be\/nl\/wp-json\/wp\/v2\/product_cat?post=1704"},{"taxonomy":"product_tag","embeddable":true,"href":"https:\/\/ml-locations.be\/nl\/wp-json\/wp\/v2\/product_tag?post=1704"}],"curies":[{"name":"wp","href":"https:\/\/api.w.org\/{rel}","templated":true}]}}