{"id":1705,"date":"2017-04-11T14:33:10","date_gmt":"2017-04-11T12:33:10","guid":{"rendered":"https:\/\/www.ml-locations.be\/\/locations\/pouf-cuir-noir\/"},"modified":"2019-06-18T21:07:02","modified_gmt":"2019-06-18T19:07:02","slug":"pouf-cuir-noir","status":"publish","type":"product","link":"https:\/\/ml-locations.be\/nl\/locations\/pouf-cuir-noir\/","title":{"rendered":"Pouf cuir noir"},"content":{"rendered":"<p>A mi-chemin entre le si\u00e8ge et le repose-pied, ces poufs en simili cuir repr\u00e9sentent le compromis id\u00e9al entre l\u2019aspect pratique et l\u2019esth\u00e9tique. Nos <strong>poufs en location<\/strong> sont compos\u00e9s d\u2019une structure en bois, mousse haute densit\u00e9 et ils sont recouverts de simili cuir noir. Leurs quatre pieds leur assure une bonne stabilit\u00e9.<\/p>\n<p>Dimension du <strong>pouf en cuir \u00e0 louer<\/strong> :<\/p>\n<ul>\n<li>Longueur\u00a0: 30 cm,<\/li>\n<li>Largeur\u00a0: 30 cm,<\/li>\n<li>Hauteur\u00a0: 40 cm.<\/li>\n<\/ul>\n","protected":false},"excerpt":{"rendered":"<p><strong>Poufs en cuir noir en location<\/strong>, parfaits pour cr\u00e9er un petit salon temporaire ou un espace lounge lors de vos \u00e9v\u00e9nements.<\/p>\n","protected":false},"featured_media":1952,"template":"","meta":{"_acf_changed":false},"product_brand":[],"product_cat":[245,6,12],"product_tag":[],"class_list":{"0":"post-1705","1":"product","2":"type-product","3":"status-publish","4":"has-post-thumbnail","6":"product_cat-location-mobilier-lounge-salon","7":"product_cat-mobilier","8":"product_cat-location-chaises-tabourets","9":"description-off","11":"first","12":"instock","13":"taxable","14":"shipping-taxable","15":"purchasable","16":"product-type-simple"},"acf":[],"yoast_head":"<!-- This site is optimized with the Yoast SEO plugin v25.0 - https:\/\/yoast.com\/wordpress\/plugins\/seo\/ -->\n<title>Pouf en cuir \u00e0 louer (couleur noir) | ML Locations<\/title>\n<meta name=\"description\" content=\"Louez des poufs en cuir pour vos \u00e9v\u00e9nements. Ils sont aussi disponibles en couleur brune. Enl\u00e8vement ou livraison possible.\" \/>\n<meta name=\"robots\" content=\"index, follow, max-snippet:-1, max-image-preview:large, max-video-preview:-1\" \/>\n<link rel=\"canonical\" href=\"https:\/\/ml-locations.be\/nl\/locations\/pouf-cuir-noir\/\" \/>\n<meta property=\"og:locale\" content=\"nl_NL\" \/>\n<meta property=\"og:type\" content=\"article\" \/>\n<meta property=\"og:title\" content=\"Pouf en cuir \u00e0 louer (couleur noir) | ML Locations\" \/>\n<meta property=\"og:description\" content=\"Louez des poufs en cuir pour vos \u00e9v\u00e9nements. Ils sont aussi disponibles en couleur brune. Enl\u00e8vement ou livraison possible.\" \/>\n<meta property=\"og:url\" content=\"https:\/\/ml-locations.be\/nl\/locations\/pouf-cuir-noir\/\" \/>\n<meta property=\"og:site_name\" content=\"ML Locations\" \/>\n<meta property=\"article:modified_time\" content=\"2019-06-18T19:07:02+00:00\" \/>\n<meta property=\"og:image\" content=\"https:\/\/ml-locations.be\/wp-content\/uploads\/2017\/04\/Pouf-en-cuir-noir.png\" \/>\n\t<meta property=\"og:image:width\" content=\"998\" \/>\n\t<meta property=\"og:image:height\" content=\"998\" \/>\n\t<meta property=\"og:image:type\" content=\"image\/png\" \/>\n<meta name=\"twitter:card\" content=\"summary_large_image\" \/>\n<script type=\"application\/ld+json\" class=\"yoast-schema-graph\">{\"@context\":\"https:\/\/schema.org\",\"@graph\":[{\"@type\":\"WebPage\",\"@id\":\"https:\/\/ml-locations.be\/nl\/locations\/pouf-cuir-noir\/\",\"url\":\"https:\/\/ml-locations.be\/nl\/locations\/pouf-cuir-noir\/\",\"name\":\"Pouf en cuir \u00e0 louer (couleur noir) | ML Locations\",\"isPartOf\":{\"@id\":\"https:\/\/ml-locations.be\/nl\/#website\"},\"primaryImageOfPage\":{\"@id\":\"https:\/\/ml-locations.be\/nl\/locations\/pouf-cuir-noir\/#primaryimage\"},\"image\":{\"@id\":\"https:\/\/ml-locations.be\/nl\/locations\/pouf-cuir-noir\/#primaryimage\"},\"thumbnailUrl\":\"https:\/\/ml-locations.be\/wp-content\/uploads\/2017\/04\/Pouf-en-cuir-noir.png\",\"datePublished\":\"2017-04-11T12:33:10+00:00\",\"dateModified\":\"2019-06-18T19:07:02+00:00\",\"description\":\"Louez des poufs en cuir pour vos \u00e9v\u00e9nements. Ils sont aussi disponibles en couleur brune. Enl\u00e8vement ou livraison possible.\",\"breadcrumb\":{\"@id\":\"https:\/\/ml-locations.be\/nl\/locations\/pouf-cuir-noir\/#breadcrumb\"},\"inLanguage\":\"nl-NL\",\"potentialAction\":[{\"@type\":\"ReadAction\",\"target\":[\"https:\/\/ml-locations.be\/nl\/locations\/pouf-cuir-noir\/\"]}]},{\"@type\":\"ImageObject\",\"inLanguage\":\"nl-NL\",\"@id\":\"https:\/\/ml-locations.be\/nl\/locations\/pouf-cuir-noir\/#primaryimage\",\"url\":\"https:\/\/ml-locations.be\/wp-content\/uploads\/2017\/04\/Pouf-en-cuir-noir.png\",\"contentUrl\":\"https:\/\/ml-locations.be\/wp-content\/uploads\/2017\/04\/Pouf-en-cuir-noir.png\",\"width\":998,\"height\":998,\"caption\":\"Pouf en cuir noir - chaises et tabourets en location\"},{\"@type\":\"BreadcrumbList\",\"@id\":\"https:\/\/ml-locations.be\/nl\/locations\/pouf-cuir-noir\/#breadcrumb\",\"itemListElement\":[{\"@type\":\"ListItem\",\"position\":1,\"name\":\"Accueil\",\"item\":\"https:\/\/ml-locations.be\/nl\/\"},{\"@type\":\"ListItem\",\"position\":2,\"name\":\"Winkel\",\"item\":\"https:\/\/ml-locations.be\/nl\/winkel\/\"},{\"@type\":\"ListItem\",\"position\":3,\"name\":\"Pouf cuir noir\"}]},{\"@type\":\"WebSite\",\"@id\":\"https:\/\/ml-locations.be\/nl\/#website\",\"url\":\"https:\/\/ml-locations.be\/nl\/\",\"name\":\"ML Locations\",\"description\":\"Mat\u00e9riel \u00e9v\u00e9nementiel : location chaise, table et mange debout, mat\u00e9riel horeca, frigos,...\",\"publisher\":{\"@id\":\"https:\/\/ml-locations.be\/nl\/#organization\"},\"potentialAction\":[{\"@type\":\"SearchAction\",\"target\":{\"@type\":\"EntryPoint\",\"urlTemplate\":\"https:\/\/ml-locations.be\/nl\/?s={search_term_string}\"},\"query-input\":{\"@type\":\"PropertyValueSpecification\",\"valueRequired\":true,\"valueName\":\"search_term_string\"}}],\"inLanguage\":\"nl-NL\"},{\"@type\":\"Organization\",\"@id\":\"https:\/\/ml-locations.be\/nl\/#organization\",\"name\":\"ML Locations\",\"url\":\"https:\/\/ml-locations.be\/nl\/\",\"logo\":{\"@type\":\"ImageObject\",\"inLanguage\":\"nl-NL\",\"@id\":\"https:\/\/ml-locations.be\/nl\/#\/schema\/logo\/image\/\",\"url\":\"https:\/\/ml-locations.be\/wp-content\/uploads\/2018\/05\/LOGO-location-BON.png\",\"contentUrl\":\"https:\/\/ml-locations.be\/wp-content\/uploads\/2018\/05\/LOGO-location-BON.png\",\"width\":1200,\"height\":1200,\"caption\":\"ML Locations\"},\"image\":{\"@id\":\"https:\/\/ml-locations.be\/nl\/#\/schema\/logo\/image\/\"}}]}<\/script>\n<!-- \/ Yoast SEO plugin. -->","yoast_head_json":{"title":"Pouf en cuir \u00e0 louer (couleur noir) | ML Locations","description":"Louez des poufs en cuir pour vos \u00e9v\u00e9nements. Ils sont aussi disponibles en couleur brune. Enl\u00e8vement ou livraison possible.","robots":{"index":"index","follow":"follow","max-snippet":"max-snippet:-1","max-image-preview":"max-image-preview:large","max-video-preview":"max-video-preview:-1"},"canonical":"https:\/\/ml-locations.be\/nl\/locations\/pouf-cuir-noir\/","og_locale":"nl_NL","og_type":"article","og_title":"Pouf en cuir \u00e0 louer (couleur noir) | ML Locations","og_description":"Louez des poufs en cuir pour vos \u00e9v\u00e9nements. Ils sont aussi disponibles en couleur brune. Enl\u00e8vement ou livraison possible.","og_url":"https:\/\/ml-locations.be\/nl\/locations\/pouf-cuir-noir\/","og_site_name":"ML Locations","article_modified_time":"2019-06-18T19:07:02+00:00","og_image":[{"width":998,"height":998,"url":"https:\/\/ml-locations.be\/wp-content\/uploads\/2017\/04\/Pouf-en-cuir-noir.png","type":"image\/png"}],"twitter_card":"summary_large_image","schema":{"@context":"https:\/\/schema.org","@graph":[{"@type":"WebPage","@id":"https:\/\/ml-locations.be\/nl\/locations\/pouf-cuir-noir\/","url":"https:\/\/ml-locations.be\/nl\/locations\/pouf-cuir-noir\/","name":"Pouf en cuir \u00e0 louer (couleur noir) | ML Locations","isPartOf":{"@id":"https:\/\/ml-locations.be\/nl\/#website"},"primaryImageOfPage":{"@id":"https:\/\/ml-locations.be\/nl\/locations\/pouf-cuir-noir\/#primaryimage"},"image":{"@id":"https:\/\/ml-locations.be\/nl\/locations\/pouf-cuir-noir\/#primaryimage"},"thumbnailUrl":"https:\/\/ml-locations.be\/wp-content\/uploads\/2017\/04\/Pouf-en-cuir-noir.png","datePublished":"2017-04-11T12:33:10+00:00","dateModified":"2019-06-18T19:07:02+00:00","description":"Louez des poufs en cuir pour vos \u00e9v\u00e9nements. Ils sont aussi disponibles en couleur brune. Enl\u00e8vement ou livraison possible.","breadcrumb":{"@id":"https:\/\/ml-locations.be\/nl\/locations\/pouf-cuir-noir\/#breadcrumb"},"inLanguage":"nl-NL","potentialAction":[{"@type":"ReadAction","target":["https:\/\/ml-locations.be\/nl\/locations\/pouf-cuir-noir\/"]}]},{"@type":"ImageObject","inLanguage":"nl-NL","@id":"https:\/\/ml-locations.be\/nl\/locations\/pouf-cuir-noir\/#primaryimage","url":"https:\/\/ml-locations.be\/wp-content\/uploads\/2017\/04\/Pouf-en-cuir-noir.png","contentUrl":"https:\/\/ml-locations.be\/wp-content\/uploads\/2017\/04\/Pouf-en-cuir-noir.png","width":998,"height":998,"caption":"Pouf en cuir noir - chaises et tabourets en location"},{"@type":"BreadcrumbList","@id":"https:\/\/ml-locations.be\/nl\/locations\/pouf-cuir-noir\/#breadcrumb","itemListElement":[{"@type":"ListItem","position":1,"name":"Accueil","item":"https:\/\/ml-locations.be\/nl\/"},{"@type":"ListItem","position":2,"name":"Winkel","item":"https:\/\/ml-locations.be\/nl\/winkel\/"},{"@type":"ListItem","position":3,"name":"Pouf cuir noir"}]},{"@type":"WebSite","@id":"https:\/\/ml-locations.be\/nl\/#website","url":"https:\/\/ml-locations.be\/nl\/","name":"ML Locations","description":"Mat\u00e9riel \u00e9v\u00e9nementiel : location chaise, table et mange debout, mat\u00e9riel horeca, frigos,...","publisher":{"@id":"https:\/\/ml-locations.be\/nl\/#organization"},"potentialAction":[{"@type":"SearchAction","target":{"@type":"EntryPoint","urlTemplate":"https:\/\/ml-locations.be\/nl\/?s={search_term_string}"},"query-input":{"@type":"PropertyValueSpecification","valueRequired":true,"valueName":"search_term_string"}}],"inLanguage":"nl-NL"},{"@type":"Organization","@id":"https:\/\/ml-locations.be\/nl\/#organization","name":"ML Locations","url":"https:\/\/ml-locations.be\/nl\/","logo":{"@type":"ImageObject","inLanguage":"nl-NL","@id":"https:\/\/ml-locations.be\/nl\/#\/schema\/logo\/image\/","url":"https:\/\/ml-locations.be\/wp-content\/uploads\/2018\/05\/LOGO-location-BON.png","contentUrl":"https:\/\/ml-locations.be\/wp-content\/uploads\/2018\/05\/LOGO-location-BON.png","width":1200,"height":1200,"caption":"ML Locations"},"image":{"@id":"https:\/\/ml-locations.be\/nl\/#\/schema\/logo\/image\/"}}]}},"_links":{"self":[{"href":"https:\/\/ml-locations.be\/nl\/wp-json\/wp\/v2\/product\/1705","targetHints":{"allow":["GET"]}}],"collection":[{"href":"https:\/\/ml-locations.be\/nl\/wp-json\/wp\/v2\/product"}],"about":[{"href":"https:\/\/ml-locations.be\/nl\/wp-json\/wp\/v2\/types\/product"}],"wp:featuredmedia":[{"embeddable":true,"href":"https:\/\/ml-locations.be\/nl\/wp-json\/wp\/v2\/media\/1952"}],"wp:attachment":[{"href":"https:\/\/ml-locations.be\/nl\/wp-json\/wp\/v2\/media?parent=1705"}],"wp:term":[{"taxonomy":"product_brand","embeddable":true,"href":"https:\/\/ml-locations.be\/nl\/wp-json\/wp\/v2\/product_brand?post=1705"},{"taxonomy":"product_cat","embeddable":true,"href":"https:\/\/ml-locations.be\/nl\/wp-json\/wp\/v2\/product_cat?post=1705"},{"taxonomy":"product_tag","embeddable":true,"href":"https:\/\/ml-locations.be\/nl\/wp-json\/wp\/v2\/product_tag?post=1705"}],"curies":[{"name":"wp","href":"https:\/\/api.w.org\/{rel}","templated":true}]}}