{"id":1707,"date":"2017-04-11T14:33:10","date_gmt":"2017-04-11T12:33:10","guid":{"rendered":"https:\/\/www.ml-locations.be\/\/locations\/banc-de-brasserie\/"},"modified":"2018-02-09T12:05:54","modified_gmt":"2018-02-09T11:05:54","slug":"location-banc-de-brasseur","status":"publish","type":"product","link":"https:\/\/ml-locations.be\/nl\/locations\/location-banc-de-brasseur\/","title":{"rendered":"Banc de brasseur"},"content":{"rendered":"<h2>Location banc de brasseur :<\/h2>\n<p>Les beaux jours sont arriv\u00e9s et vous organisez un barbecue ou vous avez tout simplement envie de faire prendre \u00e0 vos invit\u00e9s l\u2019ap\u00e9ro \u00e0 l\u2019ext\u00e9rieur ? ML Locations propose \u00e0 la location ces <strong>bancs de brasseur en location. <\/strong>Les assises des <strong>bancs<\/strong> sont fabriqu\u00e9es en pin robuste, les pieds sont en m\u00e9tal et les <strong>bancs<\/strong> sont d\u00e9pourvus de dossier. Location banc de brasseur : on peut s\u2019y asseoir \u00e0 6 personnes. \u00c0 compl\u00e9ter avec nos <a href=\"https:\/\/ml-locations.be\/locations\/location-table-de-brasseur\/\"><strong>tables brasseur\u00a0\u00e0 louer<\/strong><\/a>. L\u2019<strong>ensemble tables et bancs brasserie<\/strong> est destin\u00e9 \u00e0 une utilisation en ext\u00e9rieur, mais s\u2019utilise \u00e9galement en int\u00e9rieur.<\/p>\n<p>Les <strong>tables et bancs brasseurs en location<\/strong> peuvent \u00eatre livr\u00e9s sur des racks au besoin.<\/p>\n<p><strong>Dimension\u00a0du banc de brasseur en location :<\/strong><\/p>\n<ul>\n<li>Longueur du banc\u00a0: 220 cm,<\/li>\n<li>Largeur du banc\u00a0: 25 cm.<\/li>\n<\/ul>\n","protected":false},"excerpt":{"rendered":"<p><strong>Bancs de brasserie <\/strong><strong>\u00e0 louer<\/strong>\u00a0(en pin, 220 cm x 25 cm) pour vos festivit\u00e9s et activit\u00e9s ext\u00e9rieures. Ces <strong>bancs pliables en bois<\/strong> sont tr\u00e8s pratiques. Empilables, ils sont tr\u00e8s faciles \u00e0 transporter et \u00e0 entreposer.<\/p>\n","protected":false},"featured_media":1857,"template":"","meta":{"_acf_changed":false},"product_brand":[],"product_cat":[6,12],"product_tag":[206],"class_list":{"0":"post-1707","1":"product","2":"type-product","3":"status-publish","4":"has-post-thumbnail","6":"product_cat-mobilier","7":"product_cat-location-chaises-tabourets","8":"product_tag-location-materiel-evenement-plein-air","9":"description-off","11":"first","12":"instock","13":"taxable","14":"shipping-taxable","15":"purchasable","16":"product-type-simple"},"acf":[],"yoast_head":"<!-- This site is optimized with the Yoast SEO plugin v25.0 - https:\/\/yoast.com\/wordpress\/plugins\/seo\/ -->\n<title>Location de bancs de brasseur - tables et bancs pliants | ML Locations<\/title>\n<meta name=\"description\" content=\"Location bancs de brasseurs et tables de brasseur en location, pour \u00e9v\u00e9nements en plein air,... Devis gratuit ! Livraison possible !\" \/>\n<meta name=\"robots\" content=\"index, follow, max-snippet:-1, max-image-preview:large, max-video-preview:-1\" \/>\n<link rel=\"canonical\" href=\"https:\/\/ml-locations.be\/nl\/locations\/location-banc-de-brasseur\/\" \/>\n<meta property=\"og:locale\" content=\"nl_NL\" \/>\n<meta property=\"og:type\" content=\"article\" \/>\n<meta property=\"og:title\" content=\"Location de bancs de brasseur - tables et bancs pliants | ML Locations\" \/>\n<meta property=\"og:description\" content=\"Location bancs de brasseurs et tables de brasseur en location, pour \u00e9v\u00e9nements en plein air,... Devis gratuit ! Livraison possible !\" \/>\n<meta property=\"og:url\" content=\"https:\/\/ml-locations.be\/nl\/locations\/location-banc-de-brasseur\/\" \/>\n<meta property=\"og:site_name\" content=\"ML Locations\" \/>\n<meta property=\"article:modified_time\" content=\"2018-02-09T11:05:54+00:00\" \/>\n<meta property=\"og:image\" content=\"https:\/\/ml-locations.be\/wp-content\/uploads\/2017\/04\/Bancs-Brasseur.jpg\" \/>\n\t<meta property=\"og:image:width\" content=\"1000\" \/>\n\t<meta property=\"og:image:height\" content=\"1000\" \/>\n\t<meta property=\"og:image:type\" content=\"image\/jpeg\" \/>\n<meta name=\"twitter:card\" content=\"summary_large_image\" \/>\n<meta name=\"twitter:label1\" content=\"Geschatte leestijd\" \/>\n\t<meta name=\"twitter:data1\" content=\"1 minuut\" \/>\n<script type=\"application\/ld+json\" class=\"yoast-schema-graph\">{\"@context\":\"https:\/\/schema.org\",\"@graph\":[{\"@type\":\"WebPage\",\"@id\":\"https:\/\/ml-locations.be\/nl\/locations\/location-banc-de-brasseur\/\",\"url\":\"https:\/\/ml-locations.be\/nl\/locations\/location-banc-de-brasseur\/\",\"name\":\"Location de bancs de brasseur - tables et bancs pliants | ML Locations\",\"isPartOf\":{\"@id\":\"https:\/\/ml-locations.be\/nl\/#website\"},\"primaryImageOfPage\":{\"@id\":\"https:\/\/ml-locations.be\/nl\/locations\/location-banc-de-brasseur\/#primaryimage\"},\"image\":{\"@id\":\"https:\/\/ml-locations.be\/nl\/locations\/location-banc-de-brasseur\/#primaryimage\"},\"thumbnailUrl\":\"https:\/\/ml-locations.be\/wp-content\/uploads\/2017\/04\/Bancs-Brasseur.jpg\",\"datePublished\":\"2017-04-11T12:33:10+00:00\",\"dateModified\":\"2018-02-09T11:05:54+00:00\",\"description\":\"Location bancs de brasseurs et tables de brasseur en location, pour \u00e9v\u00e9nements en plein air,... Devis gratuit ! Livraison possible !\",\"breadcrumb\":{\"@id\":\"https:\/\/ml-locations.be\/nl\/locations\/location-banc-de-brasseur\/#breadcrumb\"},\"inLanguage\":\"nl-NL\",\"potentialAction\":[{\"@type\":\"ReadAction\",\"target\":[\"https:\/\/ml-locations.be\/nl\/locations\/location-banc-de-brasseur\/\"]}]},{\"@type\":\"ImageObject\",\"inLanguage\":\"nl-NL\",\"@id\":\"https:\/\/ml-locations.be\/nl\/locations\/location-banc-de-brasseur\/#primaryimage\",\"url\":\"https:\/\/ml-locations.be\/wp-content\/uploads\/2017\/04\/Bancs-Brasseur.jpg\",\"contentUrl\":\"https:\/\/ml-locations.be\/wp-content\/uploads\/2017\/04\/Bancs-Brasseur.jpg\",\"width\":1000,\"height\":1000,\"caption\":\"Bancs brasseur en location - location de bancs et tables de brasseur\"},{\"@type\":\"BreadcrumbList\",\"@id\":\"https:\/\/ml-locations.be\/nl\/locations\/location-banc-de-brasseur\/#breadcrumb\",\"itemListElement\":[{\"@type\":\"ListItem\",\"position\":1,\"name\":\"Accueil\",\"item\":\"https:\/\/ml-locations.be\/nl\/\"},{\"@type\":\"ListItem\",\"position\":2,\"name\":\"Winkel\",\"item\":\"https:\/\/ml-locations.be\/nl\/winkel\/\"},{\"@type\":\"ListItem\",\"position\":3,\"name\":\"Banc de brasseur\"}]},{\"@type\":\"WebSite\",\"@id\":\"https:\/\/ml-locations.be\/nl\/#website\",\"url\":\"https:\/\/ml-locations.be\/nl\/\",\"name\":\"ML Locations\",\"description\":\"Mat\u00e9riel \u00e9v\u00e9nementiel : location chaise, table et mange debout, mat\u00e9riel horeca, frigos,...\",\"publisher\":{\"@id\":\"https:\/\/ml-locations.be\/nl\/#organization\"},\"potentialAction\":[{\"@type\":\"SearchAction\",\"target\":{\"@type\":\"EntryPoint\",\"urlTemplate\":\"https:\/\/ml-locations.be\/nl\/?s={search_term_string}\"},\"query-input\":{\"@type\":\"PropertyValueSpecification\",\"valueRequired\":true,\"valueName\":\"search_term_string\"}}],\"inLanguage\":\"nl-NL\"},{\"@type\":\"Organization\",\"@id\":\"https:\/\/ml-locations.be\/nl\/#organization\",\"name\":\"ML Locations\",\"url\":\"https:\/\/ml-locations.be\/nl\/\",\"logo\":{\"@type\":\"ImageObject\",\"inLanguage\":\"nl-NL\",\"@id\":\"https:\/\/ml-locations.be\/nl\/#\/schema\/logo\/image\/\",\"url\":\"https:\/\/ml-locations.be\/wp-content\/uploads\/2018\/05\/LOGO-location-BON.png\",\"contentUrl\":\"https:\/\/ml-locations.be\/wp-content\/uploads\/2018\/05\/LOGO-location-BON.png\",\"width\":1200,\"height\":1200,\"caption\":\"ML Locations\"},\"image\":{\"@id\":\"https:\/\/ml-locations.be\/nl\/#\/schema\/logo\/image\/\"}}]}<\/script>\n<!-- \/ Yoast SEO plugin. -->","yoast_head_json":{"title":"Location de bancs de brasseur - tables et bancs pliants | ML Locations","description":"Location bancs de brasseurs et tables de brasseur en location, pour \u00e9v\u00e9nements en plein air,... Devis gratuit ! Livraison possible !","robots":{"index":"index","follow":"follow","max-snippet":"max-snippet:-1","max-image-preview":"max-image-preview:large","max-video-preview":"max-video-preview:-1"},"canonical":"https:\/\/ml-locations.be\/nl\/locations\/location-banc-de-brasseur\/","og_locale":"nl_NL","og_type":"article","og_title":"Location de bancs de brasseur - tables et bancs pliants | ML Locations","og_description":"Location bancs de brasseurs et tables de brasseur en location, pour \u00e9v\u00e9nements en plein air,... Devis gratuit ! Livraison possible !","og_url":"https:\/\/ml-locations.be\/nl\/locations\/location-banc-de-brasseur\/","og_site_name":"ML Locations","article_modified_time":"2018-02-09T11:05:54+00:00","og_image":[{"width":1000,"height":1000,"url":"https:\/\/ml-locations.be\/wp-content\/uploads\/2017\/04\/Bancs-Brasseur.jpg","type":"image\/jpeg"}],"twitter_card":"summary_large_image","twitter_misc":{"Geschatte leestijd":"1 minuut"},"schema":{"@context":"https:\/\/schema.org","@graph":[{"@type":"WebPage","@id":"https:\/\/ml-locations.be\/nl\/locations\/location-banc-de-brasseur\/","url":"https:\/\/ml-locations.be\/nl\/locations\/location-banc-de-brasseur\/","name":"Location de bancs de brasseur - tables et bancs pliants | ML Locations","isPartOf":{"@id":"https:\/\/ml-locations.be\/nl\/#website"},"primaryImageOfPage":{"@id":"https:\/\/ml-locations.be\/nl\/locations\/location-banc-de-brasseur\/#primaryimage"},"image":{"@id":"https:\/\/ml-locations.be\/nl\/locations\/location-banc-de-brasseur\/#primaryimage"},"thumbnailUrl":"https:\/\/ml-locations.be\/wp-content\/uploads\/2017\/04\/Bancs-Brasseur.jpg","datePublished":"2017-04-11T12:33:10+00:00","dateModified":"2018-02-09T11:05:54+00:00","description":"Location bancs de brasseurs et tables de brasseur en location, pour \u00e9v\u00e9nements en plein air,... Devis gratuit ! Livraison possible !","breadcrumb":{"@id":"https:\/\/ml-locations.be\/nl\/locations\/location-banc-de-brasseur\/#breadcrumb"},"inLanguage":"nl-NL","potentialAction":[{"@type":"ReadAction","target":["https:\/\/ml-locations.be\/nl\/locations\/location-banc-de-brasseur\/"]}]},{"@type":"ImageObject","inLanguage":"nl-NL","@id":"https:\/\/ml-locations.be\/nl\/locations\/location-banc-de-brasseur\/#primaryimage","url":"https:\/\/ml-locations.be\/wp-content\/uploads\/2017\/04\/Bancs-Brasseur.jpg","contentUrl":"https:\/\/ml-locations.be\/wp-content\/uploads\/2017\/04\/Bancs-Brasseur.jpg","width":1000,"height":1000,"caption":"Bancs brasseur en location - location de bancs et tables de brasseur"},{"@type":"BreadcrumbList","@id":"https:\/\/ml-locations.be\/nl\/locations\/location-banc-de-brasseur\/#breadcrumb","itemListElement":[{"@type":"ListItem","position":1,"name":"Accueil","item":"https:\/\/ml-locations.be\/nl\/"},{"@type":"ListItem","position":2,"name":"Winkel","item":"https:\/\/ml-locations.be\/nl\/winkel\/"},{"@type":"ListItem","position":3,"name":"Banc de brasseur"}]},{"@type":"WebSite","@id":"https:\/\/ml-locations.be\/nl\/#website","url":"https:\/\/ml-locations.be\/nl\/","name":"ML Locations","description":"Mat\u00e9riel \u00e9v\u00e9nementiel : location chaise, table et mange debout, mat\u00e9riel horeca, frigos,...","publisher":{"@id":"https:\/\/ml-locations.be\/nl\/#organization"},"potentialAction":[{"@type":"SearchAction","target":{"@type":"EntryPoint","urlTemplate":"https:\/\/ml-locations.be\/nl\/?s={search_term_string}"},"query-input":{"@type":"PropertyValueSpecification","valueRequired":true,"valueName":"search_term_string"}}],"inLanguage":"nl-NL"},{"@type":"Organization","@id":"https:\/\/ml-locations.be\/nl\/#organization","name":"ML Locations","url":"https:\/\/ml-locations.be\/nl\/","logo":{"@type":"ImageObject","inLanguage":"nl-NL","@id":"https:\/\/ml-locations.be\/nl\/#\/schema\/logo\/image\/","url":"https:\/\/ml-locations.be\/wp-content\/uploads\/2018\/05\/LOGO-location-BON.png","contentUrl":"https:\/\/ml-locations.be\/wp-content\/uploads\/2018\/05\/LOGO-location-BON.png","width":1200,"height":1200,"caption":"ML Locations"},"image":{"@id":"https:\/\/ml-locations.be\/nl\/#\/schema\/logo\/image\/"}}]}},"_links":{"self":[{"href":"https:\/\/ml-locations.be\/nl\/wp-json\/wp\/v2\/product\/1707","targetHints":{"allow":["GET"]}}],"collection":[{"href":"https:\/\/ml-locations.be\/nl\/wp-json\/wp\/v2\/product"}],"about":[{"href":"https:\/\/ml-locations.be\/nl\/wp-json\/wp\/v2\/types\/product"}],"wp:featuredmedia":[{"embeddable":true,"href":"https:\/\/ml-locations.be\/nl\/wp-json\/wp\/v2\/media\/1857"}],"wp:attachment":[{"href":"https:\/\/ml-locations.be\/nl\/wp-json\/wp\/v2\/media?parent=1707"}],"wp:term":[{"taxonomy":"product_brand","embeddable":true,"href":"https:\/\/ml-locations.be\/nl\/wp-json\/wp\/v2\/product_brand?post=1707"},{"taxonomy":"product_cat","embeddable":true,"href":"https:\/\/ml-locations.be\/nl\/wp-json\/wp\/v2\/product_cat?post=1707"},{"taxonomy":"product_tag","embeddable":true,"href":"https:\/\/ml-locations.be\/nl\/wp-json\/wp\/v2\/product_tag?post=1707"}],"curies":[{"name":"wp","href":"https:\/\/api.w.org\/{rel}","templated":true}]}}