{"id":1711,"date":"2017-03-11T14:33:10","date_gmt":"2017-03-11T13:33:10","guid":{"rendered":"https:\/\/www.ml-locations.be\/\/locations\/desk-daccueil-lumineux-led-break-bar\/"},"modified":"2019-03-17T11:09:21","modified_gmt":"2019-03-17T10:09:21","slug":"location-meuble-bar-desk-lumineux","status":"publish","type":"product","link":"https:\/\/ml-locations.be\/nl\/locations\/location-meuble-bar-desk-lumineux\/","title":{"rendered":"Comptoir &#8220;Break bar&#8221; &#8211; Desk lumineux"},"content":{"rendered":"<h2>Description du comptoir &#8220;Break Bar&#8221; en location :<\/h2>\n<p>Ces\u00a0<strong>meubles de bar lumineux en location<\/strong> changent du <strong>bar traditionnel<\/strong> par leur aspect design et tr\u00e8s pratique. Tr\u00e8s appr\u00e9ci\u00e9s par nos clients, ces <strong>comptoirs lumineux en location<\/strong>\u00a0sont tr\u00e8s polyvalents : ils peuvent servir de <strong>meubles de bar<\/strong> ou de <strong>comptoir d&#8217;accueil<\/strong>. De plus, ils donneront \u00e0 vos \u00e9v\u00e9nements nocturnes un air chic et original gr\u00e2ce au <strong>halo lumineux<\/strong> qui provient de l&#8217;int\u00e9rieur du meuble. Il vous suffit d&#8217;allumer l&#8217;interrupteur pour \u00e9clairer tout le bar de l&#8217;int\u00e9rieur. Ce <strong>meuble de bar<\/strong> est muni d\u2019un espace de rangement et d\u2019un plan de travail qui facilitent le travail des serveurs. Les dimensions de ce <strong>meuble de bar en location<\/strong> sont id\u00e9ales pour qu\u2019un barman puisse y poser bouteilles, verres, seau \u00e0 gla\u00e7ons, etc. lors d\u2019<strong>\u00e9v\u00e9nements<\/strong>.<\/p>\n<p>Le design contemporain et \u00e9pur\u00e9 de ces meubles de bar \u00e9clair\u00e9s permettent de les placer sur de nombreux \u00e9v\u00e9nements : r\u00e9ception, mariage, \u00e9v\u00e9nements d&#8217;entreprise, banquets,&#8230; Peu importe le lieux, vous obtiendrez toujours avec un effet garanti en \u00e9clairant ces jolis bar lumineux.<\/p>\n<p>Comme la plupart des meubles de bar de la marque SLIDE, les meubles break bar peuvent s&#8217;associer et se combiner pour <strong>former des compositions aussi pratiques et fonctionnelles qu&#8217;\u00e9l\u00e9gantes et originales<\/strong>.<\/p>\n<p>Vous trouverez dans les photos nos propositions de combinaisons de meubles de bar. Si vous utilisez cinq <strong>comptoirs lumineux &#8220;Break bar&#8221;<\/strong>, vous pourrez cr\u00e9er un <strong>bar rond lumineux<\/strong> tr\u00e8s \u00e9l\u00e9gant et pratique. Si vous n\u2019en utilisez qu\u2019un seul, vous pouvez vous en servir comme <strong>comptoir ou desk d\u2019accueil lumineux <\/strong>pour h\u00f4tesse. Sur demande, ils peuvent \u00eatre \u00e9quip\u00e9s d\u2019ampoules RGB multicolore et t\u00e9l\u00e9commande.<\/p>\n<h2>Caract\u00e9ristiques et dimensions du comptoir lumineux :<\/h2>\n<ul>\n<li>Type\u00a0: bar modulaire qui permet de s\u2019associer aux autres mod\u00e8les de la marque<\/li>\n<li>Mat\u00e9riel : poly\u00e9thyl\u00e8ne<\/li>\n<li>Hauteur du bar : 110 cm<\/li>\n<li>Largeur du bar : 175 cm<\/li>\n<li>Profondeur du bar : 75 cm<\/li>\n<li>Eclairage : 2 x 25W<\/li>\n<li>Alimentation : 220 volts<\/li>\n<\/ul>\n","protected":false},"excerpt":{"rendered":"<p><b>Bar lumineux en location <\/b>ou desk d\u2019accueil 110 cm\/ 175cm. Les <strong>desk bar \u00e9clair\u00e9s<\/strong> donnent un effet tr\u00e8s design \u00e0 vos <strong>\u00e9v\u00e9nements<\/strong>. Ces <strong>bars lumineux LED (break bar)<\/strong> sont d\u2019une largeur de 1m75.<\/p>\n","protected":false},"featured_media":2402,"template":"","meta":{"_acf_changed":false},"product_brand":[],"product_cat":[6,14,9,209],"product_tag":[208,202],"class_list":{"0":"post-1711","1":"product","2":"type-product","3":"status-publish","4":"has-post-thumbnail","6":"product_cat-mobilier","7":"product_cat-mobilier-pour-bar-a-louer","8":"product_cat-mobilier-lumineux","9":"product_cat-produits-a-la-une","10":"product_tag-location-materiel-bar","11":"product_tag-location-mobilier-design","12":"description-off","14":"first","15":"instock","16":"taxable","17":"shipping-taxable","18":"purchasable","19":"product-type-simple"},"acf":[],"yoast_head":"<!-- This site is optimized with the Yoast SEO plugin v25.0 - https:\/\/yoast.com\/wordpress\/plugins\/seo\/ -->\n<title>Meuble de bar en location - bar ou comptoir lumineux | ML Locations<\/title>\n<meta name=\"description\" content=\"Comptoir lumineux en location : &quot;Break bar&quot; lumineux utilis\u00e9 comme bar ou comptoir d&#039;accueil pour vos \u00e9v\u00e9nements. Livraison possible.\" \/>\n<meta name=\"robots\" content=\"index, follow, max-snippet:-1, max-image-preview:large, max-video-preview:-1\" \/>\n<link rel=\"canonical\" href=\"https:\/\/ml-locations.be\/nl\/locations\/location-meuble-bar-desk-lumineux\/\" \/>\n<meta property=\"og:locale\" content=\"nl_NL\" \/>\n<meta property=\"og:type\" content=\"article\" \/>\n<meta property=\"og:title\" content=\"Meuble de bar en location - bar ou comptoir lumineux | ML Locations\" \/>\n<meta property=\"og:description\" content=\"Comptoir lumineux en location : &quot;Break bar&quot; lumineux utilis\u00e9 comme bar ou comptoir d&#039;accueil pour vos \u00e9v\u00e9nements. Livraison possible.\" \/>\n<meta property=\"og:url\" content=\"https:\/\/ml-locations.be\/nl\/locations\/location-meuble-bar-desk-lumineux\/\" \/>\n<meta property=\"og:site_name\" content=\"ML Locations\" \/>\n<meta property=\"article:modified_time\" content=\"2019-03-17T10:09:21+00:00\" \/>\n<meta property=\"og:image\" content=\"https:\/\/ml-locations.be\/wp-content\/uploads\/2017\/04\/Bar-desk-bar-comptoir-lumineux-en-location.jpg\" \/>\n\t<meta property=\"og:image:width\" content=\"640\" \/>\n\t<meta property=\"og:image:height\" content=\"640\" \/>\n\t<meta property=\"og:image:type\" content=\"image\/jpeg\" \/>\n<meta name=\"twitter:card\" content=\"summary_large_image\" \/>\n<meta name=\"twitter:label1\" content=\"Geschatte leestijd\" \/>\n\t<meta name=\"twitter:data1\" content=\"2 minuten\" \/>\n<script type=\"application\/ld+json\" class=\"yoast-schema-graph\">{\"@context\":\"https:\/\/schema.org\",\"@graph\":[{\"@type\":\"WebPage\",\"@id\":\"https:\/\/ml-locations.be\/nl\/locations\/location-meuble-bar-desk-lumineux\/\",\"url\":\"https:\/\/ml-locations.be\/nl\/locations\/location-meuble-bar-desk-lumineux\/\",\"name\":\"Meuble de bar en location - bar ou comptoir lumineux | ML Locations\",\"isPartOf\":{\"@id\":\"https:\/\/ml-locations.be\/nl\/#website\"},\"primaryImageOfPage\":{\"@id\":\"https:\/\/ml-locations.be\/nl\/locations\/location-meuble-bar-desk-lumineux\/#primaryimage\"},\"image\":{\"@id\":\"https:\/\/ml-locations.be\/nl\/locations\/location-meuble-bar-desk-lumineux\/#primaryimage\"},\"thumbnailUrl\":\"https:\/\/ml-locations.be\/wp-content\/uploads\/2017\/04\/Bar-desk-bar-comptoir-lumineux-en-location.jpg\",\"datePublished\":\"2017-03-11T13:33:10+00:00\",\"dateModified\":\"2019-03-17T10:09:21+00:00\",\"description\":\"Comptoir lumineux en location : \\\"Break bar\\\" lumineux utilis\u00e9 comme bar ou comptoir d'accueil pour vos \u00e9v\u00e9nements. Livraison possible.\",\"breadcrumb\":{\"@id\":\"https:\/\/ml-locations.be\/nl\/locations\/location-meuble-bar-desk-lumineux\/#breadcrumb\"},\"inLanguage\":\"nl-NL\",\"potentialAction\":[{\"@type\":\"ReadAction\",\"target\":[\"https:\/\/ml-locations.be\/nl\/locations\/location-meuble-bar-desk-lumineux\/\"]}]},{\"@type\":\"ImageObject\",\"inLanguage\":\"nl-NL\",\"@id\":\"https:\/\/ml-locations.be\/nl\/locations\/location-meuble-bar-desk-lumineux\/#primaryimage\",\"url\":\"https:\/\/ml-locations.be\/wp-content\/uploads\/2017\/04\/Bar-desk-bar-comptoir-lumineux-en-location.jpg\",\"contentUrl\":\"https:\/\/ml-locations.be\/wp-content\/uploads\/2017\/04\/Bar-desk-bar-comptoir-lumineux-en-location.jpg\",\"width\":640,\"height\":640,\"caption\":\"bar comptoir lumineux en location\"},{\"@type\":\"BreadcrumbList\",\"@id\":\"https:\/\/ml-locations.be\/nl\/locations\/location-meuble-bar-desk-lumineux\/#breadcrumb\",\"itemListElement\":[{\"@type\":\"ListItem\",\"position\":1,\"name\":\"Accueil\",\"item\":\"https:\/\/ml-locations.be\/nl\/\"},{\"@type\":\"ListItem\",\"position\":2,\"name\":\"Winkel\",\"item\":\"https:\/\/ml-locations.be\/nl\/winkel\/\"},{\"@type\":\"ListItem\",\"position\":3,\"name\":\"Comptoir \u00ab\u00a0Break bar\u00a0\u00bb &#8211; Desk lumineux\"}]},{\"@type\":\"WebSite\",\"@id\":\"https:\/\/ml-locations.be\/nl\/#website\",\"url\":\"https:\/\/ml-locations.be\/nl\/\",\"name\":\"ML Locations\",\"description\":\"Mat\u00e9riel \u00e9v\u00e9nementiel : location chaise, table et mange debout, mat\u00e9riel horeca, frigos,...\",\"publisher\":{\"@id\":\"https:\/\/ml-locations.be\/nl\/#organization\"},\"potentialAction\":[{\"@type\":\"SearchAction\",\"target\":{\"@type\":\"EntryPoint\",\"urlTemplate\":\"https:\/\/ml-locations.be\/nl\/?s={search_term_string}\"},\"query-input\":{\"@type\":\"PropertyValueSpecification\",\"valueRequired\":true,\"valueName\":\"search_term_string\"}}],\"inLanguage\":\"nl-NL\"},{\"@type\":\"Organization\",\"@id\":\"https:\/\/ml-locations.be\/nl\/#organization\",\"name\":\"ML Locations\",\"url\":\"https:\/\/ml-locations.be\/nl\/\",\"logo\":{\"@type\":\"ImageObject\",\"inLanguage\":\"nl-NL\",\"@id\":\"https:\/\/ml-locations.be\/nl\/#\/schema\/logo\/image\/\",\"url\":\"https:\/\/ml-locations.be\/wp-content\/uploads\/2018\/05\/LOGO-location-BON.png\",\"contentUrl\":\"https:\/\/ml-locations.be\/wp-content\/uploads\/2018\/05\/LOGO-location-BON.png\",\"width\":1200,\"height\":1200,\"caption\":\"ML Locations\"},\"image\":{\"@id\":\"https:\/\/ml-locations.be\/nl\/#\/schema\/logo\/image\/\"}}]}<\/script>\n<!-- \/ Yoast SEO plugin. -->","yoast_head_json":{"title":"Meuble de bar en location - bar ou comptoir lumineux | ML Locations","description":"Comptoir lumineux en location : \"Break bar\" lumineux utilis\u00e9 comme bar ou comptoir d'accueil pour vos \u00e9v\u00e9nements. Livraison possible.","robots":{"index":"index","follow":"follow","max-snippet":"max-snippet:-1","max-image-preview":"max-image-preview:large","max-video-preview":"max-video-preview:-1"},"canonical":"https:\/\/ml-locations.be\/nl\/locations\/location-meuble-bar-desk-lumineux\/","og_locale":"nl_NL","og_type":"article","og_title":"Meuble de bar en location - bar ou comptoir lumineux | ML Locations","og_description":"Comptoir lumineux en location : \"Break bar\" lumineux utilis\u00e9 comme bar ou comptoir d'accueil pour vos \u00e9v\u00e9nements. Livraison possible.","og_url":"https:\/\/ml-locations.be\/nl\/locations\/location-meuble-bar-desk-lumineux\/","og_site_name":"ML Locations","article_modified_time":"2019-03-17T10:09:21+00:00","og_image":[{"width":640,"height":640,"url":"https:\/\/ml-locations.be\/wp-content\/uploads\/2017\/04\/Bar-desk-bar-comptoir-lumineux-en-location.jpg","type":"image\/jpeg"}],"twitter_card":"summary_large_image","twitter_misc":{"Geschatte leestijd":"2 minuten"},"schema":{"@context":"https:\/\/schema.org","@graph":[{"@type":"WebPage","@id":"https:\/\/ml-locations.be\/nl\/locations\/location-meuble-bar-desk-lumineux\/","url":"https:\/\/ml-locations.be\/nl\/locations\/location-meuble-bar-desk-lumineux\/","name":"Meuble de bar en location - bar ou comptoir lumineux | ML Locations","isPartOf":{"@id":"https:\/\/ml-locations.be\/nl\/#website"},"primaryImageOfPage":{"@id":"https:\/\/ml-locations.be\/nl\/locations\/location-meuble-bar-desk-lumineux\/#primaryimage"},"image":{"@id":"https:\/\/ml-locations.be\/nl\/locations\/location-meuble-bar-desk-lumineux\/#primaryimage"},"thumbnailUrl":"https:\/\/ml-locations.be\/wp-content\/uploads\/2017\/04\/Bar-desk-bar-comptoir-lumineux-en-location.jpg","datePublished":"2017-03-11T13:33:10+00:00","dateModified":"2019-03-17T10:09:21+00:00","description":"Comptoir lumineux en location : \"Break bar\" lumineux utilis\u00e9 comme bar ou comptoir d'accueil pour vos \u00e9v\u00e9nements. Livraison possible.","breadcrumb":{"@id":"https:\/\/ml-locations.be\/nl\/locations\/location-meuble-bar-desk-lumineux\/#breadcrumb"},"inLanguage":"nl-NL","potentialAction":[{"@type":"ReadAction","target":["https:\/\/ml-locations.be\/nl\/locations\/location-meuble-bar-desk-lumineux\/"]}]},{"@type":"ImageObject","inLanguage":"nl-NL","@id":"https:\/\/ml-locations.be\/nl\/locations\/location-meuble-bar-desk-lumineux\/#primaryimage","url":"https:\/\/ml-locations.be\/wp-content\/uploads\/2017\/04\/Bar-desk-bar-comptoir-lumineux-en-location.jpg","contentUrl":"https:\/\/ml-locations.be\/wp-content\/uploads\/2017\/04\/Bar-desk-bar-comptoir-lumineux-en-location.jpg","width":640,"height":640,"caption":"bar comptoir lumineux en location"},{"@type":"BreadcrumbList","@id":"https:\/\/ml-locations.be\/nl\/locations\/location-meuble-bar-desk-lumineux\/#breadcrumb","itemListElement":[{"@type":"ListItem","position":1,"name":"Accueil","item":"https:\/\/ml-locations.be\/nl\/"},{"@type":"ListItem","position":2,"name":"Winkel","item":"https:\/\/ml-locations.be\/nl\/winkel\/"},{"@type":"ListItem","position":3,"name":"Comptoir \u00ab\u00a0Break bar\u00a0\u00bb &#8211; Desk lumineux"}]},{"@type":"WebSite","@id":"https:\/\/ml-locations.be\/nl\/#website","url":"https:\/\/ml-locations.be\/nl\/","name":"ML Locations","description":"Mat\u00e9riel \u00e9v\u00e9nementiel : location chaise, table et mange debout, mat\u00e9riel horeca, frigos,...","publisher":{"@id":"https:\/\/ml-locations.be\/nl\/#organization"},"potentialAction":[{"@type":"SearchAction","target":{"@type":"EntryPoint","urlTemplate":"https:\/\/ml-locations.be\/nl\/?s={search_term_string}"},"query-input":{"@type":"PropertyValueSpecification","valueRequired":true,"valueName":"search_term_string"}}],"inLanguage":"nl-NL"},{"@type":"Organization","@id":"https:\/\/ml-locations.be\/nl\/#organization","name":"ML Locations","url":"https:\/\/ml-locations.be\/nl\/","logo":{"@type":"ImageObject","inLanguage":"nl-NL","@id":"https:\/\/ml-locations.be\/nl\/#\/schema\/logo\/image\/","url":"https:\/\/ml-locations.be\/wp-content\/uploads\/2018\/05\/LOGO-location-BON.png","contentUrl":"https:\/\/ml-locations.be\/wp-content\/uploads\/2018\/05\/LOGO-location-BON.png","width":1200,"height":1200,"caption":"ML Locations"},"image":{"@id":"https:\/\/ml-locations.be\/nl\/#\/schema\/logo\/image\/"}}]}},"_links":{"self":[{"href":"https:\/\/ml-locations.be\/nl\/wp-json\/wp\/v2\/product\/1711","targetHints":{"allow":["GET"]}}],"collection":[{"href":"https:\/\/ml-locations.be\/nl\/wp-json\/wp\/v2\/product"}],"about":[{"href":"https:\/\/ml-locations.be\/nl\/wp-json\/wp\/v2\/types\/product"}],"wp:featuredmedia":[{"embeddable":true,"href":"https:\/\/ml-locations.be\/nl\/wp-json\/wp\/v2\/media\/2402"}],"wp:attachment":[{"href":"https:\/\/ml-locations.be\/nl\/wp-json\/wp\/v2\/media?parent=1711"}],"wp:term":[{"taxonomy":"product_brand","embeddable":true,"href":"https:\/\/ml-locations.be\/nl\/wp-json\/wp\/v2\/product_brand?post=1711"},{"taxonomy":"product_cat","embeddable":true,"href":"https:\/\/ml-locations.be\/nl\/wp-json\/wp\/v2\/product_cat?post=1711"},{"taxonomy":"product_tag","embeddable":true,"href":"https:\/\/ml-locations.be\/nl\/wp-json\/wp\/v2\/product_tag?post=1711"}],"curies":[{"name":"wp","href":"https:\/\/api.w.org\/{rel}","templated":true}]}}