{"id":1712,"date":"2017-04-11T14:33:10","date_gmt":"2017-04-11T12:33:10","guid":{"rendered":"https:\/\/www.ml-locations.be\/\/locations\/bar-lumineux-led-jumbo-droit\/"},"modified":"2017-05-11T17:40:29","modified_gmt":"2017-05-11T15:40:29","slug":"bar-lumineux-led-jumbo-droit","status":"publish","type":"product","link":"https:\/\/ml-locations.be\/nl\/locations\/bar-lumineux-led-jumbo-droit\/","title":{"rendered":"Bar lumineux LED Jumbo droit"},"content":{"rendered":"<p>Le bar lumineux led Jumbo est un <strong>meuble de bar en PVC blanc \u00e9clair\u00e9 de l\u2019int\u00e9rieur<\/strong> avec une ampoule blanche ou une ampoule RGB (permettant de choisir la couleur \u00e0 l\u2019aide d\u2019une t\u00e9l\u00e9commande). Ce bar en location donnera \u00e0 vos \u00e9v\u00e9nements nocturnes une ambiance chic et originale.\u00a0Pour obtenir un bar plus grand, il vous suffira d\u2019associer plusieurs de ces bars, vous pouvez m\u00eame cr\u00e9er des angles en prenant un <strong>corner bar<\/strong>. Les bars LED\u00a0peuvent aussi bien \u00eatre install\u00e9s \u00e0 l\u2019int\u00e9rieur qu\u2019\u00e0 l\u2019ext\u00e9rieur en toute s\u00e9curit\u00e9. Les <strong>bars lumineux<\/strong> peuvent \u00eatre munis d\u2019<strong>ampoules LED<\/strong>, vous pouvez alors choisir la couleur que vous souhaitez en fonction de l\u2019ambiance recherch\u00e9e. Vous pouvez compl\u00e9ter la location de bar avec la location de pompes \u00e0 bi\u00e8re.<\/p>\n<p><strong>Dimensions et caract\u00e9ristiques du bar lumineux LED en location :<\/strong><\/p>\n<ul>\n<li>Longueur : 90cm,<\/li>\n<li>Profondeur : 80cm,<\/li>\n<li>Hauteur : 110cm<\/li>\n<li>Poids\u00a0: 27 kg,<\/li>\n<li>Mat\u00e9riaux\u00a0: poly\u00e9thyl\u00e8ne.<\/li>\n<li>Eclairage : 2 x 25W<\/li>\n<li>Alimentation : 220 volts<\/li>\n<\/ul>\n<p>&nbsp;<\/p>\n","protected":false},"excerpt":{"rendered":"<p><strong>Location de Bar lumineux <\/strong>(Jumbo)\u00a0(90 cm\/110cm) avec <strong>\u00e9clairage led<\/strong> permettant de cr\u00e9er un espace d\u2019accueil ou un bar original et tr\u00e8s tendance pour vos \u00e9v\u00e8nements.\u00a0Les <strong>bar \u00e9clair\u00e9s<\/strong> donnent un effet tr\u00e8s design \u00e0 vos <strong>\u00e9v\u00e9nements<\/strong>.<\/p>\n","protected":false},"featured_media":2421,"template":"","meta":{"_acf_changed":false},"product_brand":[],"product_cat":[6,14,9],"product_tag":[208,202],"class_list":{"0":"post-1712","1":"product","2":"type-product","3":"status-publish","4":"has-post-thumbnail","6":"product_cat-mobilier","7":"product_cat-mobilier-pour-bar-a-louer","8":"product_cat-mobilier-lumineux","9":"product_tag-location-materiel-bar","10":"product_tag-location-mobilier-design","11":"description-off","13":"first","14":"instock","15":"taxable","16":"shipping-taxable","17":"purchasable","18":"product-type-simple"},"acf":[],"yoast_head":"<!-- This site is optimized with the Yoast SEO plugin v25.0 - https:\/\/yoast.com\/wordpress\/plugins\/seo\/ -->\n<title>Location bar lumineux - \u00e9clairage LED - jumbo droit | ML Locations<\/title>\n<meta name=\"description\" content=\"Louez un bar lumineux avec \u00e9clairage LED pour vos banquets et \u00e9v\u00e9nements. Associez les modules et cr\u00e9ez un bar plus grand. Livraison possible.\" \/>\n<meta name=\"robots\" content=\"index, follow, max-snippet:-1, max-image-preview:large, max-video-preview:-1\" \/>\n<link rel=\"canonical\" href=\"https:\/\/ml-locations.be\/nl\/locations\/bar-lumineux-led-jumbo-droit\/\" \/>\n<meta property=\"og:locale\" content=\"nl_NL\" \/>\n<meta property=\"og:type\" content=\"article\" \/>\n<meta property=\"og:title\" content=\"Location bar lumineux - \u00e9clairage LED - jumbo droit | ML Locations\" \/>\n<meta property=\"og:description\" content=\"Louez un bar lumineux avec \u00e9clairage LED pour vos banquets et \u00e9v\u00e9nements. Associez les modules et cr\u00e9ez un bar plus grand. Livraison possible.\" \/>\n<meta property=\"og:url\" content=\"https:\/\/ml-locations.be\/nl\/locations\/bar-lumineux-led-jumbo-droit\/\" \/>\n<meta property=\"og:site_name\" content=\"ML Locations\" \/>\n<meta property=\"article:modified_time\" content=\"2017-05-11T15:40:29+00:00\" \/>\n<meta property=\"og:image\" content=\"https:\/\/ml-locations.be\/wp-content\/uploads\/2017\/04\/bar-jumbo-led.jpg\" \/>\n\t<meta property=\"og:image:width\" content=\"1400\" \/>\n\t<meta property=\"og:image:height\" content=\"1326\" \/>\n\t<meta property=\"og:image:type\" content=\"image\/jpeg\" \/>\n<meta name=\"twitter:card\" content=\"summary_large_image\" \/>\n<meta name=\"twitter:label1\" content=\"Geschatte leestijd\" \/>\n\t<meta name=\"twitter:data1\" content=\"1 minuut\" \/>\n<script type=\"application\/ld+json\" class=\"yoast-schema-graph\">{\"@context\":\"https:\/\/schema.org\",\"@graph\":[{\"@type\":\"WebPage\",\"@id\":\"https:\/\/ml-locations.be\/nl\/locations\/bar-lumineux-led-jumbo-droit\/\",\"url\":\"https:\/\/ml-locations.be\/nl\/locations\/bar-lumineux-led-jumbo-droit\/\",\"name\":\"Location bar lumineux - \u00e9clairage LED - jumbo droit | ML Locations\",\"isPartOf\":{\"@id\":\"https:\/\/ml-locations.be\/nl\/#website\"},\"primaryImageOfPage\":{\"@id\":\"https:\/\/ml-locations.be\/nl\/locations\/bar-lumineux-led-jumbo-droit\/#primaryimage\"},\"image\":{\"@id\":\"https:\/\/ml-locations.be\/nl\/locations\/bar-lumineux-led-jumbo-droit\/#primaryimage\"},\"thumbnailUrl\":\"https:\/\/ml-locations.be\/wp-content\/uploads\/2017\/04\/bar-jumbo-led.jpg\",\"datePublished\":\"2017-04-11T12:33:10+00:00\",\"dateModified\":\"2017-05-11T15:40:29+00:00\",\"description\":\"Louez un bar lumineux avec \u00e9clairage LED pour vos banquets et \u00e9v\u00e9nements. Associez les modules et cr\u00e9ez un bar plus grand. Livraison possible.\",\"breadcrumb\":{\"@id\":\"https:\/\/ml-locations.be\/nl\/locations\/bar-lumineux-led-jumbo-droit\/#breadcrumb\"},\"inLanguage\":\"nl-NL\",\"potentialAction\":[{\"@type\":\"ReadAction\",\"target\":[\"https:\/\/ml-locations.be\/nl\/locations\/bar-lumineux-led-jumbo-droit\/\"]}]},{\"@type\":\"ImageObject\",\"inLanguage\":\"nl-NL\",\"@id\":\"https:\/\/ml-locations.be\/nl\/locations\/bar-lumineux-led-jumbo-droit\/#primaryimage\",\"url\":\"https:\/\/ml-locations.be\/wp-content\/uploads\/2017\/04\/bar-jumbo-led.jpg\",\"contentUrl\":\"https:\/\/ml-locations.be\/wp-content\/uploads\/2017\/04\/bar-jumbo-led.jpg\",\"width\":1400,\"height\":1326,\"caption\":\"bar jumbo led - mobilier lumineux en location\"},{\"@type\":\"BreadcrumbList\",\"@id\":\"https:\/\/ml-locations.be\/nl\/locations\/bar-lumineux-led-jumbo-droit\/#breadcrumb\",\"itemListElement\":[{\"@type\":\"ListItem\",\"position\":1,\"name\":\"Accueil\",\"item\":\"https:\/\/ml-locations.be\/nl\/\"},{\"@type\":\"ListItem\",\"position\":2,\"name\":\"Winkel\",\"item\":\"https:\/\/ml-locations.be\/nl\/winkel\/\"},{\"@type\":\"ListItem\",\"position\":3,\"name\":\"Bar lumineux LED Jumbo droit\"}]},{\"@type\":\"WebSite\",\"@id\":\"https:\/\/ml-locations.be\/nl\/#website\",\"url\":\"https:\/\/ml-locations.be\/nl\/\",\"name\":\"ML Locations\",\"description\":\"Mat\u00e9riel \u00e9v\u00e9nementiel : location chaise, table et mange debout, mat\u00e9riel horeca, frigos,...\",\"publisher\":{\"@id\":\"https:\/\/ml-locations.be\/nl\/#organization\"},\"potentialAction\":[{\"@type\":\"SearchAction\",\"target\":{\"@type\":\"EntryPoint\",\"urlTemplate\":\"https:\/\/ml-locations.be\/nl\/?s={search_term_string}\"},\"query-input\":{\"@type\":\"PropertyValueSpecification\",\"valueRequired\":true,\"valueName\":\"search_term_string\"}}],\"inLanguage\":\"nl-NL\"},{\"@type\":\"Organization\",\"@id\":\"https:\/\/ml-locations.be\/nl\/#organization\",\"name\":\"ML Locations\",\"url\":\"https:\/\/ml-locations.be\/nl\/\",\"logo\":{\"@type\":\"ImageObject\",\"inLanguage\":\"nl-NL\",\"@id\":\"https:\/\/ml-locations.be\/nl\/#\/schema\/logo\/image\/\",\"url\":\"https:\/\/ml-locations.be\/wp-content\/uploads\/2018\/05\/LOGO-location-BON.png\",\"contentUrl\":\"https:\/\/ml-locations.be\/wp-content\/uploads\/2018\/05\/LOGO-location-BON.png\",\"width\":1200,\"height\":1200,\"caption\":\"ML Locations\"},\"image\":{\"@id\":\"https:\/\/ml-locations.be\/nl\/#\/schema\/logo\/image\/\"}}]}<\/script>\n<!-- \/ Yoast SEO plugin. -->","yoast_head_json":{"title":"Location bar lumineux - \u00e9clairage LED - jumbo droit | ML Locations","description":"Louez un bar lumineux avec \u00e9clairage LED pour vos banquets et \u00e9v\u00e9nements. Associez les modules et cr\u00e9ez un bar plus grand. Livraison possible.","robots":{"index":"index","follow":"follow","max-snippet":"max-snippet:-1","max-image-preview":"max-image-preview:large","max-video-preview":"max-video-preview:-1"},"canonical":"https:\/\/ml-locations.be\/nl\/locations\/bar-lumineux-led-jumbo-droit\/","og_locale":"nl_NL","og_type":"article","og_title":"Location bar lumineux - \u00e9clairage LED - jumbo droit | ML Locations","og_description":"Louez un bar lumineux avec \u00e9clairage LED pour vos banquets et \u00e9v\u00e9nements. Associez les modules et cr\u00e9ez un bar plus grand. Livraison possible.","og_url":"https:\/\/ml-locations.be\/nl\/locations\/bar-lumineux-led-jumbo-droit\/","og_site_name":"ML Locations","article_modified_time":"2017-05-11T15:40:29+00:00","og_image":[{"width":1400,"height":1326,"url":"https:\/\/ml-locations.be\/wp-content\/uploads\/2017\/04\/bar-jumbo-led.jpg","type":"image\/jpeg"}],"twitter_card":"summary_large_image","twitter_misc":{"Geschatte leestijd":"1 minuut"},"schema":{"@context":"https:\/\/schema.org","@graph":[{"@type":"WebPage","@id":"https:\/\/ml-locations.be\/nl\/locations\/bar-lumineux-led-jumbo-droit\/","url":"https:\/\/ml-locations.be\/nl\/locations\/bar-lumineux-led-jumbo-droit\/","name":"Location bar lumineux - \u00e9clairage LED - jumbo droit | ML Locations","isPartOf":{"@id":"https:\/\/ml-locations.be\/nl\/#website"},"primaryImageOfPage":{"@id":"https:\/\/ml-locations.be\/nl\/locations\/bar-lumineux-led-jumbo-droit\/#primaryimage"},"image":{"@id":"https:\/\/ml-locations.be\/nl\/locations\/bar-lumineux-led-jumbo-droit\/#primaryimage"},"thumbnailUrl":"https:\/\/ml-locations.be\/wp-content\/uploads\/2017\/04\/bar-jumbo-led.jpg","datePublished":"2017-04-11T12:33:10+00:00","dateModified":"2017-05-11T15:40:29+00:00","description":"Louez un bar lumineux avec \u00e9clairage LED pour vos banquets et \u00e9v\u00e9nements. Associez les modules et cr\u00e9ez un bar plus grand. Livraison possible.","breadcrumb":{"@id":"https:\/\/ml-locations.be\/nl\/locations\/bar-lumineux-led-jumbo-droit\/#breadcrumb"},"inLanguage":"nl-NL","potentialAction":[{"@type":"ReadAction","target":["https:\/\/ml-locations.be\/nl\/locations\/bar-lumineux-led-jumbo-droit\/"]}]},{"@type":"ImageObject","inLanguage":"nl-NL","@id":"https:\/\/ml-locations.be\/nl\/locations\/bar-lumineux-led-jumbo-droit\/#primaryimage","url":"https:\/\/ml-locations.be\/wp-content\/uploads\/2017\/04\/bar-jumbo-led.jpg","contentUrl":"https:\/\/ml-locations.be\/wp-content\/uploads\/2017\/04\/bar-jumbo-led.jpg","width":1400,"height":1326,"caption":"bar jumbo led - mobilier lumineux en location"},{"@type":"BreadcrumbList","@id":"https:\/\/ml-locations.be\/nl\/locations\/bar-lumineux-led-jumbo-droit\/#breadcrumb","itemListElement":[{"@type":"ListItem","position":1,"name":"Accueil","item":"https:\/\/ml-locations.be\/nl\/"},{"@type":"ListItem","position":2,"name":"Winkel","item":"https:\/\/ml-locations.be\/nl\/winkel\/"},{"@type":"ListItem","position":3,"name":"Bar lumineux LED Jumbo droit"}]},{"@type":"WebSite","@id":"https:\/\/ml-locations.be\/nl\/#website","url":"https:\/\/ml-locations.be\/nl\/","name":"ML Locations","description":"Mat\u00e9riel \u00e9v\u00e9nementiel : location chaise, table et mange debout, mat\u00e9riel horeca, frigos,...","publisher":{"@id":"https:\/\/ml-locations.be\/nl\/#organization"},"potentialAction":[{"@type":"SearchAction","target":{"@type":"EntryPoint","urlTemplate":"https:\/\/ml-locations.be\/nl\/?s={search_term_string}"},"query-input":{"@type":"PropertyValueSpecification","valueRequired":true,"valueName":"search_term_string"}}],"inLanguage":"nl-NL"},{"@type":"Organization","@id":"https:\/\/ml-locations.be\/nl\/#organization","name":"ML Locations","url":"https:\/\/ml-locations.be\/nl\/","logo":{"@type":"ImageObject","inLanguage":"nl-NL","@id":"https:\/\/ml-locations.be\/nl\/#\/schema\/logo\/image\/","url":"https:\/\/ml-locations.be\/wp-content\/uploads\/2018\/05\/LOGO-location-BON.png","contentUrl":"https:\/\/ml-locations.be\/wp-content\/uploads\/2018\/05\/LOGO-location-BON.png","width":1200,"height":1200,"caption":"ML Locations"},"image":{"@id":"https:\/\/ml-locations.be\/nl\/#\/schema\/logo\/image\/"}}]}},"_links":{"self":[{"href":"https:\/\/ml-locations.be\/nl\/wp-json\/wp\/v2\/product\/1712","targetHints":{"allow":["GET"]}}],"collection":[{"href":"https:\/\/ml-locations.be\/nl\/wp-json\/wp\/v2\/product"}],"about":[{"href":"https:\/\/ml-locations.be\/nl\/wp-json\/wp\/v2\/types\/product"}],"wp:featuredmedia":[{"embeddable":true,"href":"https:\/\/ml-locations.be\/nl\/wp-json\/wp\/v2\/media\/2421"}],"wp:attachment":[{"href":"https:\/\/ml-locations.be\/nl\/wp-json\/wp\/v2\/media?parent=1712"}],"wp:term":[{"taxonomy":"product_brand","embeddable":true,"href":"https:\/\/ml-locations.be\/nl\/wp-json\/wp\/v2\/product_brand?post=1712"},{"taxonomy":"product_cat","embeddable":true,"href":"https:\/\/ml-locations.be\/nl\/wp-json\/wp\/v2\/product_cat?post=1712"},{"taxonomy":"product_tag","embeddable":true,"href":"https:\/\/ml-locations.be\/nl\/wp-json\/wp\/v2\/product_tag?post=1712"}],"curies":[{"name":"wp","href":"https:\/\/api.w.org\/{rel}","templated":true}]}}