{"id":1714,"date":"2017-04-11T14:33:10","date_gmt":"2017-04-11T12:33:10","guid":{"rendered":"https:\/\/www.ml-locations.be\/\/locations\/pupitre-design-lumineux-eclairage-led\/"},"modified":"2017-05-08T13:52:08","modified_gmt":"2017-05-08T11:52:08","slug":"pupitre-design-lumineux-eclairage-led","status":"publish","type":"product","link":"https:\/\/ml-locations.be\/nl\/locations\/pupitre-design-lumineux-eclairage-led\/","title":{"rendered":"Pupitre design lumineux (\u00e9clairage LED)"},"content":{"rendered":"<p>Ce <strong>pupitre lumineux LED<\/strong>, tr\u00e8s <strong>design<\/strong>, est compos\u00e9 de poly\u00e9thyl\u00e8ne blanc. R\u00e9sistant aux intemp\u00e9ries, il peut \u00eatre utilis\u00e9 en ext\u00e9rieur. Il s\u2019illumine de blanc et s\u2019adapte \u00e0 tous vos \u00e9v\u00e9nements. Sa <strong>forme courb\u00e9e<\/strong> apportera une touche d\u2019<strong>originalit\u00e9<\/strong> \u00e0 votre pr\u00e9sentation. Un pupitre (ou lutrin) est un petit meuble sp\u00e9cialement con\u00e7u pour lire debout ou \u00e9crire. Le pupitre est muni d\u2019un plan inclin\u00e9 permettant de maintenir un document ou un livre ouvert, ce qui facilite sa consultation. Tr\u00e8s pratique, cela permet d\u2019avoir les mains libres lorsqu\u2019on pr\u00e9sente un expos\u00e9 ou un discours sur une sc\u00e8ne. Si ce pupitre est trop volumineux pour vous, nous avons \u00e9galement en location des pupitres en plexiglass transparent.<\/p>\n<p><strong>Dimensions et caract\u00e9ristiques\u00a0:<\/strong><\/p>\n<ul>\n<li>Hauteur\u00a0: 120 cm,<\/li>\n<li>Largeur\u00a0: 62 cm,<\/li>\n<li>Poids\u00a0: 15 kg,<\/li>\n<li>Couleur\u00a0: blanc,<\/li>\n<li>Mati\u00e8re\u00a0: poly\u00e9thyl\u00e8ne.<\/li>\n<\/ul>\n","protected":false},"excerpt":{"rendered":"<p><strong>Pupitre led<\/strong> pour vos conf\u00e9rences et autres pr\u00e9sentations, s\u2019utilise en int\u00e9rieur et en ext\u00e9rieur.<\/p>\n","protected":false},"featured_media":2451,"template":"","meta":{"_acf_changed":false},"product_brand":[],"product_cat":[6,9],"product_tag":[202],"class_list":{"0":"post-1714","1":"product","2":"type-product","3":"status-publish","4":"has-post-thumbnail","6":"product_cat-mobilier","7":"product_cat-mobilier-lumineux","8":"product_tag-location-mobilier-design","9":"description-off","11":"first","12":"instock","13":"taxable","14":"shipping-taxable","15":"purchasable","16":"product-type-simple"},"acf":[],"yoast_head":"<!-- This site is optimized with the Yoast SEO plugin v25.0 - https:\/\/yoast.com\/wordpress\/plugins\/seo\/ -->\n<title>Pupitre design lumineux (\u00e9clairage LED) | ML Locations<\/title>\n<meta name=\"robots\" content=\"index, follow, max-snippet:-1, max-image-preview:large, max-video-preview:-1\" \/>\n<link rel=\"canonical\" href=\"https:\/\/ml-locations.be\/nl\/locations\/pupitre-design-lumineux-eclairage-led\/\" \/>\n<meta property=\"og:locale\" content=\"nl_NL\" \/>\n<meta property=\"og:type\" content=\"article\" \/>\n<meta property=\"og:title\" content=\"Pupitre design lumineux (\u00e9clairage LED) | ML Locations\" \/>\n<meta property=\"og:description\" content=\"Pupitre led pour vos conf\u00e9rences et autres pr\u00e9sentations, s\u2019utilise en int\u00e9rieur et en ext\u00e9rieur.\" \/>\n<meta property=\"og:url\" content=\"https:\/\/ml-locations.be\/nl\/locations\/pupitre-design-lumineux-eclairage-led\/\" \/>\n<meta property=\"og:site_name\" content=\"ML Locations\" \/>\n<meta property=\"article:modified_time\" content=\"2017-05-08T11:52:08+00:00\" \/>\n<meta property=\"og:image\" content=\"https:\/\/ml-locations.be\/wp-content\/uploads\/2017\/04\/pupitre-led-lumineux.jpg\" \/>\n\t<meta property=\"og:image:width\" content=\"1000\" \/>\n\t<meta property=\"og:image:height\" content=\"1000\" \/>\n\t<meta property=\"og:image:type\" content=\"image\/jpeg\" \/>\n<meta name=\"twitter:card\" content=\"summary_large_image\" \/>\n<meta name=\"twitter:label1\" content=\"Geschatte leestijd\" \/>\n\t<meta name=\"twitter:data1\" content=\"1 minuut\" \/>\n<script type=\"application\/ld+json\" class=\"yoast-schema-graph\">{\"@context\":\"https:\/\/schema.org\",\"@graph\":[{\"@type\":\"WebPage\",\"@id\":\"https:\/\/ml-locations.be\/nl\/locations\/pupitre-design-lumineux-eclairage-led\/\",\"url\":\"https:\/\/ml-locations.be\/nl\/locations\/pupitre-design-lumineux-eclairage-led\/\",\"name\":\"Pupitre design lumineux (\u00e9clairage LED) | ML Locations\",\"isPartOf\":{\"@id\":\"https:\/\/ml-locations.be\/nl\/#website\"},\"primaryImageOfPage\":{\"@id\":\"https:\/\/ml-locations.be\/nl\/locations\/pupitre-design-lumineux-eclairage-led\/#primaryimage\"},\"image\":{\"@id\":\"https:\/\/ml-locations.be\/nl\/locations\/pupitre-design-lumineux-eclairage-led\/#primaryimage\"},\"thumbnailUrl\":\"https:\/\/ml-locations.be\/wp-content\/uploads\/2017\/04\/pupitre-led-lumineux.jpg\",\"datePublished\":\"2017-04-11T12:33:10+00:00\",\"dateModified\":\"2017-05-08T11:52:08+00:00\",\"breadcrumb\":{\"@id\":\"https:\/\/ml-locations.be\/nl\/locations\/pupitre-design-lumineux-eclairage-led\/#breadcrumb\"},\"inLanguage\":\"nl-NL\",\"potentialAction\":[{\"@type\":\"ReadAction\",\"target\":[\"https:\/\/ml-locations.be\/nl\/locations\/pupitre-design-lumineux-eclairage-led\/\"]}]},{\"@type\":\"ImageObject\",\"inLanguage\":\"nl-NL\",\"@id\":\"https:\/\/ml-locations.be\/nl\/locations\/pupitre-design-lumineux-eclairage-led\/#primaryimage\",\"url\":\"https:\/\/ml-locations.be\/wp-content\/uploads\/2017\/04\/pupitre-led-lumineux.jpg\",\"contentUrl\":\"https:\/\/ml-locations.be\/wp-content\/uploads\/2017\/04\/pupitre-led-lumineux.jpg\",\"width\":1000,\"height\":1000,\"caption\":\"pupitre led lumineux - mobilier lumineux en location\"},{\"@type\":\"BreadcrumbList\",\"@id\":\"https:\/\/ml-locations.be\/nl\/locations\/pupitre-design-lumineux-eclairage-led\/#breadcrumb\",\"itemListElement\":[{\"@type\":\"ListItem\",\"position\":1,\"name\":\"Accueil\",\"item\":\"https:\/\/ml-locations.be\/nl\/\"},{\"@type\":\"ListItem\",\"position\":2,\"name\":\"Winkel\",\"item\":\"https:\/\/ml-locations.be\/nl\/winkel\/\"},{\"@type\":\"ListItem\",\"position\":3,\"name\":\"Pupitre design lumineux (\u00e9clairage LED)\"}]},{\"@type\":\"WebSite\",\"@id\":\"https:\/\/ml-locations.be\/nl\/#website\",\"url\":\"https:\/\/ml-locations.be\/nl\/\",\"name\":\"ML Locations\",\"description\":\"Mat\u00e9riel \u00e9v\u00e9nementiel : location chaise, table et mange debout, mat\u00e9riel horeca, frigos,...\",\"publisher\":{\"@id\":\"https:\/\/ml-locations.be\/nl\/#organization\"},\"potentialAction\":[{\"@type\":\"SearchAction\",\"target\":{\"@type\":\"EntryPoint\",\"urlTemplate\":\"https:\/\/ml-locations.be\/nl\/?s={search_term_string}\"},\"query-input\":{\"@type\":\"PropertyValueSpecification\",\"valueRequired\":true,\"valueName\":\"search_term_string\"}}],\"inLanguage\":\"nl-NL\"},{\"@type\":\"Organization\",\"@id\":\"https:\/\/ml-locations.be\/nl\/#organization\",\"name\":\"ML Locations\",\"url\":\"https:\/\/ml-locations.be\/nl\/\",\"logo\":{\"@type\":\"ImageObject\",\"inLanguage\":\"nl-NL\",\"@id\":\"https:\/\/ml-locations.be\/nl\/#\/schema\/logo\/image\/\",\"url\":\"https:\/\/ml-locations.be\/wp-content\/uploads\/2018\/05\/LOGO-location-BON.png\",\"contentUrl\":\"https:\/\/ml-locations.be\/wp-content\/uploads\/2018\/05\/LOGO-location-BON.png\",\"width\":1200,\"height\":1200,\"caption\":\"ML Locations\"},\"image\":{\"@id\":\"https:\/\/ml-locations.be\/nl\/#\/schema\/logo\/image\/\"}}]}<\/script>\n<!-- \/ Yoast SEO plugin. -->","yoast_head_json":{"title":"Pupitre design lumineux (\u00e9clairage LED) | ML Locations","robots":{"index":"index","follow":"follow","max-snippet":"max-snippet:-1","max-image-preview":"max-image-preview:large","max-video-preview":"max-video-preview:-1"},"canonical":"https:\/\/ml-locations.be\/nl\/locations\/pupitre-design-lumineux-eclairage-led\/","og_locale":"nl_NL","og_type":"article","og_title":"Pupitre design lumineux (\u00e9clairage LED) | ML Locations","og_description":"Pupitre led pour vos conf\u00e9rences et autres pr\u00e9sentations, s\u2019utilise en int\u00e9rieur et en ext\u00e9rieur.","og_url":"https:\/\/ml-locations.be\/nl\/locations\/pupitre-design-lumineux-eclairage-led\/","og_site_name":"ML Locations","article_modified_time":"2017-05-08T11:52:08+00:00","og_image":[{"width":1000,"height":1000,"url":"https:\/\/ml-locations.be\/wp-content\/uploads\/2017\/04\/pupitre-led-lumineux.jpg","type":"image\/jpeg"}],"twitter_card":"summary_large_image","twitter_misc":{"Geschatte leestijd":"1 minuut"},"schema":{"@context":"https:\/\/schema.org","@graph":[{"@type":"WebPage","@id":"https:\/\/ml-locations.be\/nl\/locations\/pupitre-design-lumineux-eclairage-led\/","url":"https:\/\/ml-locations.be\/nl\/locations\/pupitre-design-lumineux-eclairage-led\/","name":"Pupitre design lumineux (\u00e9clairage LED) | ML Locations","isPartOf":{"@id":"https:\/\/ml-locations.be\/nl\/#website"},"primaryImageOfPage":{"@id":"https:\/\/ml-locations.be\/nl\/locations\/pupitre-design-lumineux-eclairage-led\/#primaryimage"},"image":{"@id":"https:\/\/ml-locations.be\/nl\/locations\/pupitre-design-lumineux-eclairage-led\/#primaryimage"},"thumbnailUrl":"https:\/\/ml-locations.be\/wp-content\/uploads\/2017\/04\/pupitre-led-lumineux.jpg","datePublished":"2017-04-11T12:33:10+00:00","dateModified":"2017-05-08T11:52:08+00:00","breadcrumb":{"@id":"https:\/\/ml-locations.be\/nl\/locations\/pupitre-design-lumineux-eclairage-led\/#breadcrumb"},"inLanguage":"nl-NL","potentialAction":[{"@type":"ReadAction","target":["https:\/\/ml-locations.be\/nl\/locations\/pupitre-design-lumineux-eclairage-led\/"]}]},{"@type":"ImageObject","inLanguage":"nl-NL","@id":"https:\/\/ml-locations.be\/nl\/locations\/pupitre-design-lumineux-eclairage-led\/#primaryimage","url":"https:\/\/ml-locations.be\/wp-content\/uploads\/2017\/04\/pupitre-led-lumineux.jpg","contentUrl":"https:\/\/ml-locations.be\/wp-content\/uploads\/2017\/04\/pupitre-led-lumineux.jpg","width":1000,"height":1000,"caption":"pupitre led lumineux - mobilier lumineux en location"},{"@type":"BreadcrumbList","@id":"https:\/\/ml-locations.be\/nl\/locations\/pupitre-design-lumineux-eclairage-led\/#breadcrumb","itemListElement":[{"@type":"ListItem","position":1,"name":"Accueil","item":"https:\/\/ml-locations.be\/nl\/"},{"@type":"ListItem","position":2,"name":"Winkel","item":"https:\/\/ml-locations.be\/nl\/winkel\/"},{"@type":"ListItem","position":3,"name":"Pupitre design lumineux (\u00e9clairage LED)"}]},{"@type":"WebSite","@id":"https:\/\/ml-locations.be\/nl\/#website","url":"https:\/\/ml-locations.be\/nl\/","name":"ML Locations","description":"Mat\u00e9riel \u00e9v\u00e9nementiel : location chaise, table et mange debout, mat\u00e9riel horeca, frigos,...","publisher":{"@id":"https:\/\/ml-locations.be\/nl\/#organization"},"potentialAction":[{"@type":"SearchAction","target":{"@type":"EntryPoint","urlTemplate":"https:\/\/ml-locations.be\/nl\/?s={search_term_string}"},"query-input":{"@type":"PropertyValueSpecification","valueRequired":true,"valueName":"search_term_string"}}],"inLanguage":"nl-NL"},{"@type":"Organization","@id":"https:\/\/ml-locations.be\/nl\/#organization","name":"ML Locations","url":"https:\/\/ml-locations.be\/nl\/","logo":{"@type":"ImageObject","inLanguage":"nl-NL","@id":"https:\/\/ml-locations.be\/nl\/#\/schema\/logo\/image\/","url":"https:\/\/ml-locations.be\/wp-content\/uploads\/2018\/05\/LOGO-location-BON.png","contentUrl":"https:\/\/ml-locations.be\/wp-content\/uploads\/2018\/05\/LOGO-location-BON.png","width":1200,"height":1200,"caption":"ML Locations"},"image":{"@id":"https:\/\/ml-locations.be\/nl\/#\/schema\/logo\/image\/"}}]}},"_links":{"self":[{"href":"https:\/\/ml-locations.be\/nl\/wp-json\/wp\/v2\/product\/1714","targetHints":{"allow":["GET"]}}],"collection":[{"href":"https:\/\/ml-locations.be\/nl\/wp-json\/wp\/v2\/product"}],"about":[{"href":"https:\/\/ml-locations.be\/nl\/wp-json\/wp\/v2\/types\/product"}],"wp:featuredmedia":[{"embeddable":true,"href":"https:\/\/ml-locations.be\/nl\/wp-json\/wp\/v2\/media\/2451"}],"wp:attachment":[{"href":"https:\/\/ml-locations.be\/nl\/wp-json\/wp\/v2\/media?parent=1714"}],"wp:term":[{"taxonomy":"product_brand","embeddable":true,"href":"https:\/\/ml-locations.be\/nl\/wp-json\/wp\/v2\/product_brand?post=1714"},{"taxonomy":"product_cat","embeddable":true,"href":"https:\/\/ml-locations.be\/nl\/wp-json\/wp\/v2\/product_cat?post=1714"},{"taxonomy":"product_tag","embeddable":true,"href":"https:\/\/ml-locations.be\/nl\/wp-json\/wp\/v2\/product_tag?post=1714"}],"curies":[{"name":"wp","href":"https:\/\/api.w.org\/{rel}","templated":true}]}}