{"id":1717,"date":"2017-04-11T14:33:14","date_gmt":"2017-04-11T12:33:14","guid":{"rendered":"https:\/\/www.ml-locations.be\/\/locations\/snake-etoile-a-3-branches\/"},"modified":"2019-06-18T21:06:51","modified_gmt":"2019-06-18T19:06:51","slug":"snake-etoile-a-3-branches","status":"publish","type":"product","link":"https:\/\/ml-locations.be\/nl\/locations\/snake-etoile-a-3-branches\/","title":{"rendered":"Snake \u00e9toile \u00e0 3 branches"},"content":{"rendered":"<p>Le <strong>Snake \u00e9toile \u00e0 3 branches <\/strong>est une <strong>banquette lumineuse <\/strong>en poly\u00e9thyl\u00e8ne blanc (PVC), en forme de Y. Elle mettra en valeur vos int\u00e9rieurs. <strong>Le\u00a0snake \u00e9toile \u00e0 3 branches <\/strong>peut s\u2019utiliser comme <strong>si\u00e8ge<\/strong> ou comme <strong>table basse<\/strong> aussi bien en int\u00e9rieur qu\u2019en ext\u00e9rieur. Les combinaisons de couleurs sont nombreuses\u00a0: vous pouvez s\u00e9lectionner la couleur de l&#8217;\u00e9clairage des \u00e9l\u00e9ments ind\u00e9pendamment gr\u00e2ce \u00e0 une t\u00e9l\u00e9commande RGB. Le Snake \u00e9toile \u00e0 3 branches (<strong>meuble lumineux LED<\/strong>) peut s\u2019utiliser seul, comme pouf, ou peut \u00eatre combin\u00e9 pour cr\u00e9er une v\u00e9ritable <strong>banquette lumineuse<\/strong>.<\/p>\n","protected":false},"excerpt":{"rendered":"<p><strong>Mobilier lumineux<\/strong> \u00e0 \u00e9clairage LED en forme de Y permettant de cr\u00e9er un <strong>salon<\/strong> pour vos invit\u00e9s. Id\u00e9al comme d\u00e9coration pour vos f\u00eates, anniversaires, r\u00e9ceptions, etc.<\/p>\n","protected":false},"featured_media":2484,"template":"","meta":{"_acf_changed":false},"product_brand":[],"product_cat":[245,6,9],"product_tag":[202],"class_list":{"0":"post-1717","1":"product","2":"type-product","3":"status-publish","4":"has-post-thumbnail","6":"product_cat-location-mobilier-lounge-salon","7":"product_cat-mobilier","8":"product_cat-mobilier-lumineux","9":"product_tag-location-mobilier-design","10":"description-off","12":"first","13":"instock","14":"taxable","15":"shipping-taxable","16":"purchasable","17":"product-type-simple"},"acf":[],"yoast_head":"<!-- This site is optimized with the Yoast SEO plugin v25.0 - https:\/\/yoast.com\/wordpress\/plugins\/seo\/ -->\n<title>Snake \u00e9toile \u00e0 3 branches | ML Locations<\/title>\n<meta name=\"robots\" content=\"index, follow, max-snippet:-1, max-image-preview:large, max-video-preview:-1\" \/>\n<link rel=\"canonical\" href=\"https:\/\/ml-locations.be\/nl\/locations\/snake-etoile-a-3-branches\/\" \/>\n<meta property=\"og:locale\" content=\"nl_NL\" \/>\n<meta property=\"og:type\" content=\"article\" \/>\n<meta property=\"og:title\" content=\"Snake \u00e9toile \u00e0 3 branches | ML Locations\" \/>\n<meta property=\"og:description\" content=\"Mobilier lumineux \u00e0 \u00e9clairage LED en forme de Y permettant de cr\u00e9er un salon pour vos invit\u00e9s. Id\u00e9al comme d\u00e9coration pour vos f\u00eates, anniversaires, r\u00e9ceptions, etc.\" \/>\n<meta property=\"og:url\" content=\"https:\/\/ml-locations.be\/nl\/locations\/snake-etoile-a-3-branches\/\" \/>\n<meta property=\"og:site_name\" content=\"ML Locations\" \/>\n<meta property=\"article:modified_time\" content=\"2019-06-18T19:06:51+00:00\" \/>\n<meta property=\"og:image\" content=\"https:\/\/ml-locations.be\/wp-content\/uploads\/2017\/04\/slide-ypsilon-seduta-luminosa-seat-3.jpg\" \/>\n\t<meta property=\"og:image:width\" content=\"700\" \/>\n\t<meta property=\"og:image:height\" content=\"700\" \/>\n\t<meta property=\"og:image:type\" content=\"image\/jpeg\" \/>\n<meta name=\"twitter:card\" content=\"summary_large_image\" \/>\n<meta name=\"twitter:label1\" content=\"Geschatte leestijd\" \/>\n\t<meta name=\"twitter:data1\" content=\"1 minuut\" \/>\n<script type=\"application\/ld+json\" class=\"yoast-schema-graph\">{\"@context\":\"https:\/\/schema.org\",\"@graph\":[{\"@type\":\"WebPage\",\"@id\":\"https:\/\/ml-locations.be\/nl\/locations\/snake-etoile-a-3-branches\/\",\"url\":\"https:\/\/ml-locations.be\/nl\/locations\/snake-etoile-a-3-branches\/\",\"name\":\"Snake \u00e9toile \u00e0 3 branches | ML Locations\",\"isPartOf\":{\"@id\":\"https:\/\/ml-locations.be\/nl\/#website\"},\"primaryImageOfPage\":{\"@id\":\"https:\/\/ml-locations.be\/nl\/locations\/snake-etoile-a-3-branches\/#primaryimage\"},\"image\":{\"@id\":\"https:\/\/ml-locations.be\/nl\/locations\/snake-etoile-a-3-branches\/#primaryimage\"},\"thumbnailUrl\":\"https:\/\/ml-locations.be\/wp-content\/uploads\/2017\/04\/slide-ypsilon-seduta-luminosa-seat-3.jpg\",\"datePublished\":\"2017-04-11T12:33:14+00:00\",\"dateModified\":\"2019-06-18T19:06:51+00:00\",\"breadcrumb\":{\"@id\":\"https:\/\/ml-locations.be\/nl\/locations\/snake-etoile-a-3-branches\/#breadcrumb\"},\"inLanguage\":\"nl-NL\",\"potentialAction\":[{\"@type\":\"ReadAction\",\"target\":[\"https:\/\/ml-locations.be\/nl\/locations\/snake-etoile-a-3-branches\/\"]}]},{\"@type\":\"ImageObject\",\"inLanguage\":\"nl-NL\",\"@id\":\"https:\/\/ml-locations.be\/nl\/locations\/snake-etoile-a-3-branches\/#primaryimage\",\"url\":\"https:\/\/ml-locations.be\/wp-content\/uploads\/2017\/04\/slide-ypsilon-seduta-luminosa-seat-3.jpg\",\"contentUrl\":\"https:\/\/ml-locations.be\/wp-content\/uploads\/2017\/04\/slide-ypsilon-seduta-luminosa-seat-3.jpg\",\"width\":700,\"height\":700,\"caption\":\"Snake \u00e9toile \u00e0 3 branches - Mobilier lumineux en location\"},{\"@type\":\"BreadcrumbList\",\"@id\":\"https:\/\/ml-locations.be\/nl\/locations\/snake-etoile-a-3-branches\/#breadcrumb\",\"itemListElement\":[{\"@type\":\"ListItem\",\"position\":1,\"name\":\"Accueil\",\"item\":\"https:\/\/ml-locations.be\/nl\/\"},{\"@type\":\"ListItem\",\"position\":2,\"name\":\"Winkel\",\"item\":\"https:\/\/ml-locations.be\/nl\/winkel\/\"},{\"@type\":\"ListItem\",\"position\":3,\"name\":\"Snake \u00e9toile \u00e0 3 branches\"}]},{\"@type\":\"WebSite\",\"@id\":\"https:\/\/ml-locations.be\/nl\/#website\",\"url\":\"https:\/\/ml-locations.be\/nl\/\",\"name\":\"ML Locations\",\"description\":\"Mat\u00e9riel \u00e9v\u00e9nementiel : location chaise, table et mange debout, mat\u00e9riel horeca, frigos,...\",\"publisher\":{\"@id\":\"https:\/\/ml-locations.be\/nl\/#organization\"},\"potentialAction\":[{\"@type\":\"SearchAction\",\"target\":{\"@type\":\"EntryPoint\",\"urlTemplate\":\"https:\/\/ml-locations.be\/nl\/?s={search_term_string}\"},\"query-input\":{\"@type\":\"PropertyValueSpecification\",\"valueRequired\":true,\"valueName\":\"search_term_string\"}}],\"inLanguage\":\"nl-NL\"},{\"@type\":\"Organization\",\"@id\":\"https:\/\/ml-locations.be\/nl\/#organization\",\"name\":\"ML Locations\",\"url\":\"https:\/\/ml-locations.be\/nl\/\",\"logo\":{\"@type\":\"ImageObject\",\"inLanguage\":\"nl-NL\",\"@id\":\"https:\/\/ml-locations.be\/nl\/#\/schema\/logo\/image\/\",\"url\":\"https:\/\/ml-locations.be\/wp-content\/uploads\/2018\/05\/LOGO-location-BON.png\",\"contentUrl\":\"https:\/\/ml-locations.be\/wp-content\/uploads\/2018\/05\/LOGO-location-BON.png\",\"width\":1200,\"height\":1200,\"caption\":\"ML Locations\"},\"image\":{\"@id\":\"https:\/\/ml-locations.be\/nl\/#\/schema\/logo\/image\/\"}}]}<\/script>\n<!-- \/ Yoast SEO plugin. -->","yoast_head_json":{"title":"Snake \u00e9toile \u00e0 3 branches | ML Locations","robots":{"index":"index","follow":"follow","max-snippet":"max-snippet:-1","max-image-preview":"max-image-preview:large","max-video-preview":"max-video-preview:-1"},"canonical":"https:\/\/ml-locations.be\/nl\/locations\/snake-etoile-a-3-branches\/","og_locale":"nl_NL","og_type":"article","og_title":"Snake \u00e9toile \u00e0 3 branches | ML Locations","og_description":"Mobilier lumineux \u00e0 \u00e9clairage LED en forme de Y permettant de cr\u00e9er un salon pour vos invit\u00e9s. Id\u00e9al comme d\u00e9coration pour vos f\u00eates, anniversaires, r\u00e9ceptions, etc.","og_url":"https:\/\/ml-locations.be\/nl\/locations\/snake-etoile-a-3-branches\/","og_site_name":"ML Locations","article_modified_time":"2019-06-18T19:06:51+00:00","og_image":[{"width":700,"height":700,"url":"https:\/\/ml-locations.be\/wp-content\/uploads\/2017\/04\/slide-ypsilon-seduta-luminosa-seat-3.jpg","type":"image\/jpeg"}],"twitter_card":"summary_large_image","twitter_misc":{"Geschatte leestijd":"1 minuut"},"schema":{"@context":"https:\/\/schema.org","@graph":[{"@type":"WebPage","@id":"https:\/\/ml-locations.be\/nl\/locations\/snake-etoile-a-3-branches\/","url":"https:\/\/ml-locations.be\/nl\/locations\/snake-etoile-a-3-branches\/","name":"Snake \u00e9toile \u00e0 3 branches | ML Locations","isPartOf":{"@id":"https:\/\/ml-locations.be\/nl\/#website"},"primaryImageOfPage":{"@id":"https:\/\/ml-locations.be\/nl\/locations\/snake-etoile-a-3-branches\/#primaryimage"},"image":{"@id":"https:\/\/ml-locations.be\/nl\/locations\/snake-etoile-a-3-branches\/#primaryimage"},"thumbnailUrl":"https:\/\/ml-locations.be\/wp-content\/uploads\/2017\/04\/slide-ypsilon-seduta-luminosa-seat-3.jpg","datePublished":"2017-04-11T12:33:14+00:00","dateModified":"2019-06-18T19:06:51+00:00","breadcrumb":{"@id":"https:\/\/ml-locations.be\/nl\/locations\/snake-etoile-a-3-branches\/#breadcrumb"},"inLanguage":"nl-NL","potentialAction":[{"@type":"ReadAction","target":["https:\/\/ml-locations.be\/nl\/locations\/snake-etoile-a-3-branches\/"]}]},{"@type":"ImageObject","inLanguage":"nl-NL","@id":"https:\/\/ml-locations.be\/nl\/locations\/snake-etoile-a-3-branches\/#primaryimage","url":"https:\/\/ml-locations.be\/wp-content\/uploads\/2017\/04\/slide-ypsilon-seduta-luminosa-seat-3.jpg","contentUrl":"https:\/\/ml-locations.be\/wp-content\/uploads\/2017\/04\/slide-ypsilon-seduta-luminosa-seat-3.jpg","width":700,"height":700,"caption":"Snake \u00e9toile \u00e0 3 branches - Mobilier lumineux en location"},{"@type":"BreadcrumbList","@id":"https:\/\/ml-locations.be\/nl\/locations\/snake-etoile-a-3-branches\/#breadcrumb","itemListElement":[{"@type":"ListItem","position":1,"name":"Accueil","item":"https:\/\/ml-locations.be\/nl\/"},{"@type":"ListItem","position":2,"name":"Winkel","item":"https:\/\/ml-locations.be\/nl\/winkel\/"},{"@type":"ListItem","position":3,"name":"Snake \u00e9toile \u00e0 3 branches"}]},{"@type":"WebSite","@id":"https:\/\/ml-locations.be\/nl\/#website","url":"https:\/\/ml-locations.be\/nl\/","name":"ML Locations","description":"Mat\u00e9riel \u00e9v\u00e9nementiel : location chaise, table et mange debout, mat\u00e9riel horeca, frigos,...","publisher":{"@id":"https:\/\/ml-locations.be\/nl\/#organization"},"potentialAction":[{"@type":"SearchAction","target":{"@type":"EntryPoint","urlTemplate":"https:\/\/ml-locations.be\/nl\/?s={search_term_string}"},"query-input":{"@type":"PropertyValueSpecification","valueRequired":true,"valueName":"search_term_string"}}],"inLanguage":"nl-NL"},{"@type":"Organization","@id":"https:\/\/ml-locations.be\/nl\/#organization","name":"ML Locations","url":"https:\/\/ml-locations.be\/nl\/","logo":{"@type":"ImageObject","inLanguage":"nl-NL","@id":"https:\/\/ml-locations.be\/nl\/#\/schema\/logo\/image\/","url":"https:\/\/ml-locations.be\/wp-content\/uploads\/2018\/05\/LOGO-location-BON.png","contentUrl":"https:\/\/ml-locations.be\/wp-content\/uploads\/2018\/05\/LOGO-location-BON.png","width":1200,"height":1200,"caption":"ML Locations"},"image":{"@id":"https:\/\/ml-locations.be\/nl\/#\/schema\/logo\/image\/"}}]}},"_links":{"self":[{"href":"https:\/\/ml-locations.be\/nl\/wp-json\/wp\/v2\/product\/1717","targetHints":{"allow":["GET"]}}],"collection":[{"href":"https:\/\/ml-locations.be\/nl\/wp-json\/wp\/v2\/product"}],"about":[{"href":"https:\/\/ml-locations.be\/nl\/wp-json\/wp\/v2\/types\/product"}],"wp:featuredmedia":[{"embeddable":true,"href":"https:\/\/ml-locations.be\/nl\/wp-json\/wp\/v2\/media\/2484"}],"wp:attachment":[{"href":"https:\/\/ml-locations.be\/nl\/wp-json\/wp\/v2\/media?parent=1717"}],"wp:term":[{"taxonomy":"product_brand","embeddable":true,"href":"https:\/\/ml-locations.be\/nl\/wp-json\/wp\/v2\/product_brand?post=1717"},{"taxonomy":"product_cat","embeddable":true,"href":"https:\/\/ml-locations.be\/nl\/wp-json\/wp\/v2\/product_cat?post=1717"},{"taxonomy":"product_tag","embeddable":true,"href":"https:\/\/ml-locations.be\/nl\/wp-json\/wp\/v2\/product_tag?post=1717"}],"curies":[{"name":"wp","href":"https:\/\/api.w.org\/{rel}","templated":true}]}}