{"id":1718,"date":"2017-04-11T14:33:14","date_gmt":"2017-04-11T12:33:14","guid":{"rendered":"https:\/\/www.ml-locations.be\/\/locations\/table-mange-debout-eclairage-led\/"},"modified":"2017-05-08T13:52:09","modified_gmt":"2017-05-08T11:52:09","slug":"table-mange-debout-eclairage-led","status":"publish","type":"product","link":"https:\/\/ml-locations.be\/nl\/locations\/table-mange-debout-eclairage-led\/","title":{"rendered":"Table mange debout \u00e9clairage LED"},"content":{"rendered":"<p>Si vous d\u00e9sirez donner un cot\u00e9 original \u00e0 votre soir\u00e9e, louez une de nos <strong>tables mange-debout lumineuse<\/strong>. La t<strong>able mange-debout led<\/strong> est le must have du mobilier lumineux. Vous pouvez l\u2019associer \u00e0 nos autres mobiliers lumineux led pour un style complet (bar lumineux, cube lumineux led, snake,\u2026). Id\u00e9ale pour poser un seau \u00e0 champagne et quelques verres. Vous pouvez choisir la couleur gr\u00e2ce \u00e0 son ampoule RGB.<\/p>\n<p><strong>Dimension\u00a0:<\/strong><\/p>\n<ul>\n<li>Hauteur\u00a0: 110 cm,<\/li>\n<li>Largeur\u00a0: 60 cm,<\/li>\n<li>Profondeur\u00a0: 60 cm,<\/li>\n<li>Poids\u00a0: 15 kg.<\/li>\n<\/ul>\n","protected":false},"excerpt":{"rendered":"<p><strong>Table mange-debout lumineux<\/strong> avec \u00e9clairage sans fil et t\u00e9l\u00e9commandable (LED blanc ou RGB sur demande). R\u00e9sistante \u00e0 l\u2019eau, elle peut \u00eatre utilis\u00e9 \u00e0 l\u2019int\u00e9rieur comme \u00e0 l\u2019ext\u00e9rieur.<\/p>\n","protected":false},"featured_media":2492,"template":"","meta":{"_acf_changed":false},"product_brand":[],"product_cat":[6,14,9],"product_tag":[202],"class_list":{"0":"post-1718","1":"product","2":"type-product","3":"status-publish","4":"has-post-thumbnail","6":"product_cat-mobilier","7":"product_cat-mobilier-pour-bar-a-louer","8":"product_cat-mobilier-lumineux","9":"product_tag-location-mobilier-design","10":"description-off","12":"first","13":"instock","14":"taxable","15":"shipping-taxable","16":"purchasable","17":"product-type-simple"},"acf":[],"yoast_head":"<!-- This site is optimized with the Yoast SEO plugin v25.0 - https:\/\/yoast.com\/wordpress\/plugins\/seo\/ -->\n<title>Table mange debout \u00e9clairage LED | ML Locations<\/title>\n<meta name=\"robots\" content=\"index, follow, max-snippet:-1, max-image-preview:large, max-video-preview:-1\" \/>\n<link rel=\"canonical\" href=\"https:\/\/ml-locations.be\/nl\/locations\/table-mange-debout-eclairage-led\/\" \/>\n<meta property=\"og:locale\" content=\"nl_NL\" \/>\n<meta property=\"og:type\" content=\"article\" \/>\n<meta property=\"og:title\" content=\"Table mange debout \u00e9clairage LED | ML Locations\" \/>\n<meta property=\"og:description\" content=\"Table mange-debout lumineux avec \u00e9clairage sans fil et t\u00e9l\u00e9commandable (LED blanc ou RGB sur demande). R\u00e9sistante \u00e0 l\u2019eau, elle peut \u00eatre utilis\u00e9 \u00e0 l\u2019int\u00e9rieur comme \u00e0 l\u2019ext\u00e9rieur.\" \/>\n<meta property=\"og:url\" content=\"https:\/\/ml-locations.be\/nl\/locations\/table-mange-debout-eclairage-led\/\" \/>\n<meta property=\"og:site_name\" content=\"ML Locations\" \/>\n<meta property=\"article:modified_time\" content=\"2017-05-08T11:52:09+00:00\" \/>\n<meta property=\"og:image\" content=\"https:\/\/ml-locations.be\/wp-content\/uploads\/2017\/04\/Table-mange-debout-LED.png\" \/>\n\t<meta property=\"og:image:width\" content=\"326\" \/>\n\t<meta property=\"og:image:height\" content=\"359\" \/>\n\t<meta property=\"og:image:type\" content=\"image\/png\" \/>\n<meta name=\"twitter:card\" content=\"summary_large_image\" \/>\n<script type=\"application\/ld+json\" class=\"yoast-schema-graph\">{\"@context\":\"https:\/\/schema.org\",\"@graph\":[{\"@type\":\"WebPage\",\"@id\":\"https:\/\/ml-locations.be\/nl\/locations\/table-mange-debout-eclairage-led\/\",\"url\":\"https:\/\/ml-locations.be\/nl\/locations\/table-mange-debout-eclairage-led\/\",\"name\":\"Table mange debout \u00e9clairage LED | ML Locations\",\"isPartOf\":{\"@id\":\"https:\/\/ml-locations.be\/nl\/#website\"},\"primaryImageOfPage\":{\"@id\":\"https:\/\/ml-locations.be\/nl\/locations\/table-mange-debout-eclairage-led\/#primaryimage\"},\"image\":{\"@id\":\"https:\/\/ml-locations.be\/nl\/locations\/table-mange-debout-eclairage-led\/#primaryimage\"},\"thumbnailUrl\":\"https:\/\/ml-locations.be\/wp-content\/uploads\/2017\/04\/Table-mange-debout-LED.png\",\"datePublished\":\"2017-04-11T12:33:14+00:00\",\"dateModified\":\"2017-05-08T11:52:09+00:00\",\"breadcrumb\":{\"@id\":\"https:\/\/ml-locations.be\/nl\/locations\/table-mange-debout-eclairage-led\/#breadcrumb\"},\"inLanguage\":\"nl-NL\",\"potentialAction\":[{\"@type\":\"ReadAction\",\"target\":[\"https:\/\/ml-locations.be\/nl\/locations\/table-mange-debout-eclairage-led\/\"]}]},{\"@type\":\"ImageObject\",\"inLanguage\":\"nl-NL\",\"@id\":\"https:\/\/ml-locations.be\/nl\/locations\/table-mange-debout-eclairage-led\/#primaryimage\",\"url\":\"https:\/\/ml-locations.be\/wp-content\/uploads\/2017\/04\/Table-mange-debout-LED.png\",\"contentUrl\":\"https:\/\/ml-locations.be\/wp-content\/uploads\/2017\/04\/Table-mange-debout-LED.png\",\"width\":326,\"height\":359,\"caption\":\"Location table mange debout LED - Mobilier lumineux en location\"},{\"@type\":\"BreadcrumbList\",\"@id\":\"https:\/\/ml-locations.be\/nl\/locations\/table-mange-debout-eclairage-led\/#breadcrumb\",\"itemListElement\":[{\"@type\":\"ListItem\",\"position\":1,\"name\":\"Accueil\",\"item\":\"https:\/\/ml-locations.be\/nl\/\"},{\"@type\":\"ListItem\",\"position\":2,\"name\":\"Winkel\",\"item\":\"https:\/\/ml-locations.be\/nl\/winkel\/\"},{\"@type\":\"ListItem\",\"position\":3,\"name\":\"Table mange debout \u00e9clairage LED\"}]},{\"@type\":\"WebSite\",\"@id\":\"https:\/\/ml-locations.be\/nl\/#website\",\"url\":\"https:\/\/ml-locations.be\/nl\/\",\"name\":\"ML Locations\",\"description\":\"Mat\u00e9riel \u00e9v\u00e9nementiel : location chaise, table et mange debout, mat\u00e9riel horeca, frigos,...\",\"publisher\":{\"@id\":\"https:\/\/ml-locations.be\/nl\/#organization\"},\"potentialAction\":[{\"@type\":\"SearchAction\",\"target\":{\"@type\":\"EntryPoint\",\"urlTemplate\":\"https:\/\/ml-locations.be\/nl\/?s={search_term_string}\"},\"query-input\":{\"@type\":\"PropertyValueSpecification\",\"valueRequired\":true,\"valueName\":\"search_term_string\"}}],\"inLanguage\":\"nl-NL\"},{\"@type\":\"Organization\",\"@id\":\"https:\/\/ml-locations.be\/nl\/#organization\",\"name\":\"ML Locations\",\"url\":\"https:\/\/ml-locations.be\/nl\/\",\"logo\":{\"@type\":\"ImageObject\",\"inLanguage\":\"nl-NL\",\"@id\":\"https:\/\/ml-locations.be\/nl\/#\/schema\/logo\/image\/\",\"url\":\"https:\/\/ml-locations.be\/wp-content\/uploads\/2018\/05\/LOGO-location-BON.png\",\"contentUrl\":\"https:\/\/ml-locations.be\/wp-content\/uploads\/2018\/05\/LOGO-location-BON.png\",\"width\":1200,\"height\":1200,\"caption\":\"ML Locations\"},\"image\":{\"@id\":\"https:\/\/ml-locations.be\/nl\/#\/schema\/logo\/image\/\"}}]}<\/script>\n<!-- \/ Yoast SEO plugin. -->","yoast_head_json":{"title":"Table mange debout \u00e9clairage LED | ML Locations","robots":{"index":"index","follow":"follow","max-snippet":"max-snippet:-1","max-image-preview":"max-image-preview:large","max-video-preview":"max-video-preview:-1"},"canonical":"https:\/\/ml-locations.be\/nl\/locations\/table-mange-debout-eclairage-led\/","og_locale":"nl_NL","og_type":"article","og_title":"Table mange debout \u00e9clairage LED | ML Locations","og_description":"Table mange-debout lumineux avec \u00e9clairage sans fil et t\u00e9l\u00e9commandable (LED blanc ou RGB sur demande). R\u00e9sistante \u00e0 l\u2019eau, elle peut \u00eatre utilis\u00e9 \u00e0 l\u2019int\u00e9rieur comme \u00e0 l\u2019ext\u00e9rieur.","og_url":"https:\/\/ml-locations.be\/nl\/locations\/table-mange-debout-eclairage-led\/","og_site_name":"ML Locations","article_modified_time":"2017-05-08T11:52:09+00:00","og_image":[{"width":326,"height":359,"url":"https:\/\/ml-locations.be\/wp-content\/uploads\/2017\/04\/Table-mange-debout-LED.png","type":"image\/png"}],"twitter_card":"summary_large_image","schema":{"@context":"https:\/\/schema.org","@graph":[{"@type":"WebPage","@id":"https:\/\/ml-locations.be\/nl\/locations\/table-mange-debout-eclairage-led\/","url":"https:\/\/ml-locations.be\/nl\/locations\/table-mange-debout-eclairage-led\/","name":"Table mange debout \u00e9clairage LED | ML Locations","isPartOf":{"@id":"https:\/\/ml-locations.be\/nl\/#website"},"primaryImageOfPage":{"@id":"https:\/\/ml-locations.be\/nl\/locations\/table-mange-debout-eclairage-led\/#primaryimage"},"image":{"@id":"https:\/\/ml-locations.be\/nl\/locations\/table-mange-debout-eclairage-led\/#primaryimage"},"thumbnailUrl":"https:\/\/ml-locations.be\/wp-content\/uploads\/2017\/04\/Table-mange-debout-LED.png","datePublished":"2017-04-11T12:33:14+00:00","dateModified":"2017-05-08T11:52:09+00:00","breadcrumb":{"@id":"https:\/\/ml-locations.be\/nl\/locations\/table-mange-debout-eclairage-led\/#breadcrumb"},"inLanguage":"nl-NL","potentialAction":[{"@type":"ReadAction","target":["https:\/\/ml-locations.be\/nl\/locations\/table-mange-debout-eclairage-led\/"]}]},{"@type":"ImageObject","inLanguage":"nl-NL","@id":"https:\/\/ml-locations.be\/nl\/locations\/table-mange-debout-eclairage-led\/#primaryimage","url":"https:\/\/ml-locations.be\/wp-content\/uploads\/2017\/04\/Table-mange-debout-LED.png","contentUrl":"https:\/\/ml-locations.be\/wp-content\/uploads\/2017\/04\/Table-mange-debout-LED.png","width":326,"height":359,"caption":"Location table mange debout LED - Mobilier lumineux en location"},{"@type":"BreadcrumbList","@id":"https:\/\/ml-locations.be\/nl\/locations\/table-mange-debout-eclairage-led\/#breadcrumb","itemListElement":[{"@type":"ListItem","position":1,"name":"Accueil","item":"https:\/\/ml-locations.be\/nl\/"},{"@type":"ListItem","position":2,"name":"Winkel","item":"https:\/\/ml-locations.be\/nl\/winkel\/"},{"@type":"ListItem","position":3,"name":"Table mange debout \u00e9clairage LED"}]},{"@type":"WebSite","@id":"https:\/\/ml-locations.be\/nl\/#website","url":"https:\/\/ml-locations.be\/nl\/","name":"ML Locations","description":"Mat\u00e9riel \u00e9v\u00e9nementiel : location chaise, table et mange debout, mat\u00e9riel horeca, frigos,...","publisher":{"@id":"https:\/\/ml-locations.be\/nl\/#organization"},"potentialAction":[{"@type":"SearchAction","target":{"@type":"EntryPoint","urlTemplate":"https:\/\/ml-locations.be\/nl\/?s={search_term_string}"},"query-input":{"@type":"PropertyValueSpecification","valueRequired":true,"valueName":"search_term_string"}}],"inLanguage":"nl-NL"},{"@type":"Organization","@id":"https:\/\/ml-locations.be\/nl\/#organization","name":"ML Locations","url":"https:\/\/ml-locations.be\/nl\/","logo":{"@type":"ImageObject","inLanguage":"nl-NL","@id":"https:\/\/ml-locations.be\/nl\/#\/schema\/logo\/image\/","url":"https:\/\/ml-locations.be\/wp-content\/uploads\/2018\/05\/LOGO-location-BON.png","contentUrl":"https:\/\/ml-locations.be\/wp-content\/uploads\/2018\/05\/LOGO-location-BON.png","width":1200,"height":1200,"caption":"ML Locations"},"image":{"@id":"https:\/\/ml-locations.be\/nl\/#\/schema\/logo\/image\/"}}]}},"_links":{"self":[{"href":"https:\/\/ml-locations.be\/nl\/wp-json\/wp\/v2\/product\/1718","targetHints":{"allow":["GET"]}}],"collection":[{"href":"https:\/\/ml-locations.be\/nl\/wp-json\/wp\/v2\/product"}],"about":[{"href":"https:\/\/ml-locations.be\/nl\/wp-json\/wp\/v2\/types\/product"}],"wp:featuredmedia":[{"embeddable":true,"href":"https:\/\/ml-locations.be\/nl\/wp-json\/wp\/v2\/media\/2492"}],"wp:attachment":[{"href":"https:\/\/ml-locations.be\/nl\/wp-json\/wp\/v2\/media?parent=1718"}],"wp:term":[{"taxonomy":"product_brand","embeddable":true,"href":"https:\/\/ml-locations.be\/nl\/wp-json\/wp\/v2\/product_brand?post=1718"},{"taxonomy":"product_cat","embeddable":true,"href":"https:\/\/ml-locations.be\/nl\/wp-json\/wp\/v2\/product_cat?post=1718"},{"taxonomy":"product_tag","embeddable":true,"href":"https:\/\/ml-locations.be\/nl\/wp-json\/wp\/v2\/product_tag?post=1718"}],"curies":[{"name":"wp","href":"https:\/\/api.w.org\/{rel}","templated":true}]}}