{"id":1726,"date":"2017-04-11T14:33:14","date_gmt":"2017-04-11T12:33:14","guid":{"rendered":"https:\/\/www.ml-locations.be\/\/locations\/sapin-lumineux-led-15m-rouge\/"},"modified":"2019-02-11T19:31:43","modified_gmt":"2019-02-11T18:31:43","slug":"sapin-lumineux-led-150cm-rouge","status":"publish","type":"product","link":"https:\/\/ml-locations.be\/nl\/locations\/sapin-lumineux-led-150cm-rouge\/","title":{"rendered":"Sapin lumineux LED 1,5 m rouge"},"content":{"rendered":"<p>D\u00e9couvrez nos superbes sapin de No\u00ebl lumineux ! Cet arbre lumineux\u00a0est \u00e9clair\u00e9 par une ampoule LED blanche, il est compos\u00e9 d\u2019une structure en PVC rouge. Ce sapin lumineux rouge produit une\u00a0<strong>lumi\u00e8re chaleureuse<\/strong>\u00a0et donne une ambiance de f\u00eates de fin d&#8217;ann\u00e9e\u00a0\u00e0 vos \u00e9v\u00e9nements.<\/p>\n<p><strong>Dimensions du sapin lumineux LED rouge\u00a0:<\/strong><\/p>\n<ul>\n<li>Hauteur : 150 cm<\/li>\n<li>Largeur : 95 cm<\/li>\n<li>\u00c9paisseur : 24 cm<\/li>\n<li>Poids\u00a0: 15 kg<\/li>\n<li>Couleur de la coque\u00a0: rouge<\/li>\n<\/ul>\n","protected":false},"excerpt":{"rendered":"<p><strong>Sapin lumineux rouge LED<\/strong>, excellent <strong>\u00e9clairage<\/strong> int\u00e9rieur ou ext\u00e9rieur pour vos \u00e9v\u00e9nements.<\/p>\n","protected":false},"featured_media":2143,"template":"","meta":{"_acf_changed":false},"product_brand":[],"product_cat":[126,51],"product_tag":[],"class_list":{"0":"post-1726","1":"product","2":"type-product","3":"status-publish","4":"has-post-thumbnail","6":"product_cat-decorations-pour-evenements","7":"product_cat-decorations-hiver-a-louer","8":"description-off","10":"first","11":"instock","12":"taxable","13":"shipping-taxable","14":"purchasable","15":"product-type-simple"},"acf":[],"yoast_head":"<!-- This site is optimized with the Yoast SEO plugin v25.0 - https:\/\/yoast.com\/wordpress\/plugins\/seo\/ -->\n<title>Sapin lumineux LED 1,5 m rouge | ML Locations<\/title>\n<meta name=\"robots\" content=\"index, follow, max-snippet:-1, max-image-preview:large, max-video-preview:-1\" \/>\n<link rel=\"canonical\" href=\"https:\/\/ml-locations.be\/nl\/locations\/sapin-lumineux-led-150cm-rouge\/\" \/>\n<meta property=\"og:locale\" content=\"nl_NL\" \/>\n<meta property=\"og:type\" content=\"article\" \/>\n<meta property=\"og:title\" content=\"Sapin lumineux LED 1,5 m rouge | ML Locations\" \/>\n<meta property=\"og:description\" content=\"Sapin lumineux rouge LED, excellent \u00e9clairage int\u00e9rieur ou ext\u00e9rieur pour vos \u00e9v\u00e9nements.\" \/>\n<meta property=\"og:url\" content=\"https:\/\/ml-locations.be\/nl\/locations\/sapin-lumineux-led-150cm-rouge\/\" \/>\n<meta property=\"og:site_name\" content=\"ML Locations\" \/>\n<meta property=\"article:modified_time\" content=\"2019-02-11T18:31:43+00:00\" \/>\n<meta property=\"og:image\" content=\"https:\/\/ml-locations.be\/wp-content\/uploads\/2017\/04\/sapinrge-z-c88.jpg\" \/>\n\t<meta property=\"og:image:width\" content=\"330\" \/>\n\t<meta property=\"og:image:height\" content=\"330\" \/>\n\t<meta property=\"og:image:type\" content=\"image\/jpeg\" \/>\n<meta name=\"twitter:card\" content=\"summary_large_image\" \/>\n<script type=\"application\/ld+json\" class=\"yoast-schema-graph\">{\"@context\":\"https:\/\/schema.org\",\"@graph\":[{\"@type\":\"WebPage\",\"@id\":\"https:\/\/ml-locations.be\/nl\/locations\/sapin-lumineux-led-150cm-rouge\/\",\"url\":\"https:\/\/ml-locations.be\/nl\/locations\/sapin-lumineux-led-150cm-rouge\/\",\"name\":\"Sapin lumineux LED 1,5 m rouge | ML Locations\",\"isPartOf\":{\"@id\":\"https:\/\/ml-locations.be\/nl\/#website\"},\"primaryImageOfPage\":{\"@id\":\"https:\/\/ml-locations.be\/nl\/locations\/sapin-lumineux-led-150cm-rouge\/#primaryimage\"},\"image\":{\"@id\":\"https:\/\/ml-locations.be\/nl\/locations\/sapin-lumineux-led-150cm-rouge\/#primaryimage\"},\"thumbnailUrl\":\"https:\/\/ml-locations.be\/wp-content\/uploads\/2017\/04\/sapinrge-z-c88.jpg\",\"datePublished\":\"2017-04-11T12:33:14+00:00\",\"dateModified\":\"2019-02-11T18:31:43+00:00\",\"breadcrumb\":{\"@id\":\"https:\/\/ml-locations.be\/nl\/locations\/sapin-lumineux-led-150cm-rouge\/#breadcrumb\"},\"inLanguage\":\"nl-NL\",\"potentialAction\":[{\"@type\":\"ReadAction\",\"target\":[\"https:\/\/ml-locations.be\/nl\/locations\/sapin-lumineux-led-150cm-rouge\/\"]}]},{\"@type\":\"ImageObject\",\"inLanguage\":\"nl-NL\",\"@id\":\"https:\/\/ml-locations.be\/nl\/locations\/sapin-lumineux-led-150cm-rouge\/#primaryimage\",\"url\":\"https:\/\/ml-locations.be\/wp-content\/uploads\/2017\/04\/sapinrge-z-c88.jpg\",\"contentUrl\":\"https:\/\/ml-locations.be\/wp-content\/uploads\/2017\/04\/sapinrge-z-c88.jpg\",\"width\":330,\"height\":330,\"caption\":\"sapin LED red en location - d\u00e9co hivernale\"},{\"@type\":\"BreadcrumbList\",\"@id\":\"https:\/\/ml-locations.be\/nl\/locations\/sapin-lumineux-led-150cm-rouge\/#breadcrumb\",\"itemListElement\":[{\"@type\":\"ListItem\",\"position\":1,\"name\":\"Accueil\",\"item\":\"https:\/\/ml-locations.be\/nl\/\"},{\"@type\":\"ListItem\",\"position\":2,\"name\":\"Winkel\",\"item\":\"https:\/\/ml-locations.be\/nl\/winkel\/\"},{\"@type\":\"ListItem\",\"position\":3,\"name\":\"Sapin lumineux LED 1,5 m rouge\"}]},{\"@type\":\"WebSite\",\"@id\":\"https:\/\/ml-locations.be\/nl\/#website\",\"url\":\"https:\/\/ml-locations.be\/nl\/\",\"name\":\"ML Locations\",\"description\":\"Mat\u00e9riel \u00e9v\u00e9nementiel : location chaise, table et mange debout, mat\u00e9riel horeca, frigos,...\",\"publisher\":{\"@id\":\"https:\/\/ml-locations.be\/nl\/#organization\"},\"potentialAction\":[{\"@type\":\"SearchAction\",\"target\":{\"@type\":\"EntryPoint\",\"urlTemplate\":\"https:\/\/ml-locations.be\/nl\/?s={search_term_string}\"},\"query-input\":{\"@type\":\"PropertyValueSpecification\",\"valueRequired\":true,\"valueName\":\"search_term_string\"}}],\"inLanguage\":\"nl-NL\"},{\"@type\":\"Organization\",\"@id\":\"https:\/\/ml-locations.be\/nl\/#organization\",\"name\":\"ML Locations\",\"url\":\"https:\/\/ml-locations.be\/nl\/\",\"logo\":{\"@type\":\"ImageObject\",\"inLanguage\":\"nl-NL\",\"@id\":\"https:\/\/ml-locations.be\/nl\/#\/schema\/logo\/image\/\",\"url\":\"https:\/\/ml-locations.be\/wp-content\/uploads\/2018\/05\/LOGO-location-BON.png\",\"contentUrl\":\"https:\/\/ml-locations.be\/wp-content\/uploads\/2018\/05\/LOGO-location-BON.png\",\"width\":1200,\"height\":1200,\"caption\":\"ML Locations\"},\"image\":{\"@id\":\"https:\/\/ml-locations.be\/nl\/#\/schema\/logo\/image\/\"}}]}<\/script>\n<!-- \/ Yoast SEO plugin. -->","yoast_head_json":{"title":"Sapin lumineux LED 1,5 m rouge | ML Locations","robots":{"index":"index","follow":"follow","max-snippet":"max-snippet:-1","max-image-preview":"max-image-preview:large","max-video-preview":"max-video-preview:-1"},"canonical":"https:\/\/ml-locations.be\/nl\/locations\/sapin-lumineux-led-150cm-rouge\/","og_locale":"nl_NL","og_type":"article","og_title":"Sapin lumineux LED 1,5 m rouge | ML Locations","og_description":"Sapin lumineux rouge LED, excellent \u00e9clairage int\u00e9rieur ou ext\u00e9rieur pour vos \u00e9v\u00e9nements.","og_url":"https:\/\/ml-locations.be\/nl\/locations\/sapin-lumineux-led-150cm-rouge\/","og_site_name":"ML Locations","article_modified_time":"2019-02-11T18:31:43+00:00","og_image":[{"width":330,"height":330,"url":"https:\/\/ml-locations.be\/wp-content\/uploads\/2017\/04\/sapinrge-z-c88.jpg","type":"image\/jpeg"}],"twitter_card":"summary_large_image","schema":{"@context":"https:\/\/schema.org","@graph":[{"@type":"WebPage","@id":"https:\/\/ml-locations.be\/nl\/locations\/sapin-lumineux-led-150cm-rouge\/","url":"https:\/\/ml-locations.be\/nl\/locations\/sapin-lumineux-led-150cm-rouge\/","name":"Sapin lumineux LED 1,5 m rouge | ML Locations","isPartOf":{"@id":"https:\/\/ml-locations.be\/nl\/#website"},"primaryImageOfPage":{"@id":"https:\/\/ml-locations.be\/nl\/locations\/sapin-lumineux-led-150cm-rouge\/#primaryimage"},"image":{"@id":"https:\/\/ml-locations.be\/nl\/locations\/sapin-lumineux-led-150cm-rouge\/#primaryimage"},"thumbnailUrl":"https:\/\/ml-locations.be\/wp-content\/uploads\/2017\/04\/sapinrge-z-c88.jpg","datePublished":"2017-04-11T12:33:14+00:00","dateModified":"2019-02-11T18:31:43+00:00","breadcrumb":{"@id":"https:\/\/ml-locations.be\/nl\/locations\/sapin-lumineux-led-150cm-rouge\/#breadcrumb"},"inLanguage":"nl-NL","potentialAction":[{"@type":"ReadAction","target":["https:\/\/ml-locations.be\/nl\/locations\/sapin-lumineux-led-150cm-rouge\/"]}]},{"@type":"ImageObject","inLanguage":"nl-NL","@id":"https:\/\/ml-locations.be\/nl\/locations\/sapin-lumineux-led-150cm-rouge\/#primaryimage","url":"https:\/\/ml-locations.be\/wp-content\/uploads\/2017\/04\/sapinrge-z-c88.jpg","contentUrl":"https:\/\/ml-locations.be\/wp-content\/uploads\/2017\/04\/sapinrge-z-c88.jpg","width":330,"height":330,"caption":"sapin LED red en location - d\u00e9co hivernale"},{"@type":"BreadcrumbList","@id":"https:\/\/ml-locations.be\/nl\/locations\/sapin-lumineux-led-150cm-rouge\/#breadcrumb","itemListElement":[{"@type":"ListItem","position":1,"name":"Accueil","item":"https:\/\/ml-locations.be\/nl\/"},{"@type":"ListItem","position":2,"name":"Winkel","item":"https:\/\/ml-locations.be\/nl\/winkel\/"},{"@type":"ListItem","position":3,"name":"Sapin lumineux LED 1,5 m rouge"}]},{"@type":"WebSite","@id":"https:\/\/ml-locations.be\/nl\/#website","url":"https:\/\/ml-locations.be\/nl\/","name":"ML Locations","description":"Mat\u00e9riel \u00e9v\u00e9nementiel : location chaise, table et mange debout, mat\u00e9riel horeca, frigos,...","publisher":{"@id":"https:\/\/ml-locations.be\/nl\/#organization"},"potentialAction":[{"@type":"SearchAction","target":{"@type":"EntryPoint","urlTemplate":"https:\/\/ml-locations.be\/nl\/?s={search_term_string}"},"query-input":{"@type":"PropertyValueSpecification","valueRequired":true,"valueName":"search_term_string"}}],"inLanguage":"nl-NL"},{"@type":"Organization","@id":"https:\/\/ml-locations.be\/nl\/#organization","name":"ML Locations","url":"https:\/\/ml-locations.be\/nl\/","logo":{"@type":"ImageObject","inLanguage":"nl-NL","@id":"https:\/\/ml-locations.be\/nl\/#\/schema\/logo\/image\/","url":"https:\/\/ml-locations.be\/wp-content\/uploads\/2018\/05\/LOGO-location-BON.png","contentUrl":"https:\/\/ml-locations.be\/wp-content\/uploads\/2018\/05\/LOGO-location-BON.png","width":1200,"height":1200,"caption":"ML Locations"},"image":{"@id":"https:\/\/ml-locations.be\/nl\/#\/schema\/logo\/image\/"}}]}},"_links":{"self":[{"href":"https:\/\/ml-locations.be\/nl\/wp-json\/wp\/v2\/product\/1726","targetHints":{"allow":["GET"]}}],"collection":[{"href":"https:\/\/ml-locations.be\/nl\/wp-json\/wp\/v2\/product"}],"about":[{"href":"https:\/\/ml-locations.be\/nl\/wp-json\/wp\/v2\/types\/product"}],"wp:featuredmedia":[{"embeddable":true,"href":"https:\/\/ml-locations.be\/nl\/wp-json\/wp\/v2\/media\/2143"}],"wp:attachment":[{"href":"https:\/\/ml-locations.be\/nl\/wp-json\/wp\/v2\/media?parent=1726"}],"wp:term":[{"taxonomy":"product_brand","embeddable":true,"href":"https:\/\/ml-locations.be\/nl\/wp-json\/wp\/v2\/product_brand?post=1726"},{"taxonomy":"product_cat","embeddable":true,"href":"https:\/\/ml-locations.be\/nl\/wp-json\/wp\/v2\/product_cat?post=1726"},{"taxonomy":"product_tag","embeddable":true,"href":"https:\/\/ml-locations.be\/nl\/wp-json\/wp\/v2\/product_tag?post=1726"}],"curies":[{"name":"wp","href":"https:\/\/api.w.org\/{rel}","templated":true}]}}