{"id":1729,"date":"2017-04-11T14:33:14","date_gmt":"2017-04-11T12:33:14","guid":{"rendered":"https:\/\/www.ml-locations.be\/\/locations\/table-de-brasseur\/"},"modified":"2020-04-25T13:04:20","modified_gmt":"2020-04-25T11:04:20","slug":"location-table-de-brasseur","status":"publish","type":"product","link":"https:\/\/ml-locations.be\/nl\/locations\/location-table-de-brasseur\/","title":{"rendered":"Table de brasseur"},"content":{"rendered":"<p>Les beaux jours sont arriv\u00e9s et vous organisez un barbecue ou vous avez tout simplement envie de faire prendre \u00e0 vos invit\u00e9s l\u2019ap\u00e9ro \u00e0 l\u2019ext\u00e9rieur ? ML Locations vous propose \u00e0 la location ces <strong>tables brasseur en bois.<\/strong><\/p>\n<p>Les <strong>tables brasseur \u00e0 louer\u00a0<\/strong>(ou <strong>tables de brasserie en location<\/strong>) sont des <strong>tables<\/strong><strong> pliante<\/strong><strong>s<\/strong> mesurant 220 cm par 70 cm, id\u00e9ales pour les festivit\u00e9s en ext\u00e9rieur, comme <strong>tables de\u00a0pique-nique<\/strong> ou les barbecues etc. On peut s\u2019y asseoir \u00e0 6 ou 8 personnes (les bancs de brasseur peuvent accueillir 4 convives). Nos <strong>tables de brasseur en location\u00a0<\/strong>sont disponibles avec ou sans <strong>bancs de brasseur<\/strong>. Nous livrons les<strong> tables de brasserie<\/strong> sur le lieu de vos <strong>\u00e9v\u00e9nements.\u00a0<\/strong>Pour la\u00a0<strong>location table et banc de brasseur<\/strong>, contactez-nous!<\/p>\n<p>Nos tables de brasserie en location et <a href=\"https:\/\/ml-locations.be\/locations\/location-banc-de-brasseur\/\">bancs de brasserie en location<\/a> vous sont livr\u00e9s par racks au besoin (en fonction des quantit\u00e9s que vous souhaitez louer).<\/p>\n<p><strong>Dimensions\u00a0et caract\u00e9ristiques de la table de brasserie<\/strong>\u00a0:<\/p>\n<ul>\n<li>Longueur\u00a0: 220 cm,<\/li>\n<li>Largeur\u00a0: 70 cm,<\/li>\n<li>Hauteur\u00a0: 75 cm,<\/li>\n<li>Composition\u00a0: bois pour le plateau, m\u00e9tal pour les pieds.<\/li>\n<\/ul>\n<h2><strong>\u00a0<\/strong>Vous souhaitez louer d&#8217;autres tables \u00e0 napper ?<\/h2>\n<p><strong>D\u00e9couvrez nos tables rectangulaires en location :<\/strong><\/p>\n<p><a href=\"https:\/\/ml-locations.be\/locations\/location-table-rectangle-120cm\/\">Location table 120 x 75 cm\u00a0<\/a><\/p>\n<p><a href=\"https:\/\/ml-locations.be\/locations\/location-table-rectangle-150cm\/\">Location table 150 x 75 cm<\/a><\/p>\n<p><a href=\"https:\/\/ml-locations.be\/locations\/location-table-rectangle-200cm\/\">Location table 200 x 75 cm<\/a><\/p>\n<p><strong>D\u00e9couvrez aussi nos tables rondes en location :<\/strong><\/p>\n<p><a href=\"https:\/\/ml-locations.be\/locations\/location-table-ronde-150cm-10personnes\/\">Location table ronde 150 cm<\/a><\/p>\n<p><a href=\"https:\/\/ml-locations.be\/locations\/location-table-ronde-180cm-12personnes\/\">Location table ronde 180 cm<\/a><\/p>\n","protected":false},"excerpt":{"rendered":"<p><strong>Table de brasserie en location<\/strong>\u00a0\u00e0 6 \u20ac ! Dimension : 220 cm x 70 cm. Ensemble table et deux bancs pour 12 \u20ac.<\/p>\n","protected":false},"featured_media":1855,"template":"","meta":{"_acf_changed":false},"product_brand":[],"product_cat":[249,6,11,209],"product_tag":[211,214],"class_list":{"0":"post-1729","1":"product","2":"type-product","3":"status-publish","4":"has-post-thumbnail","6":"product_cat-location-tables-rectangulaires","7":"product_cat-mobilier","8":"product_cat-tables-et-mange-debout-en-location","9":"product_cat-produits-a-la-une","10":"product_tag-location-tables-et-chaises","11":"product_tag-location-materiel-banquet","12":"description-off","14":"first","15":"instock","16":"taxable","17":"shipping-taxable","18":"purchasable","19":"product-type-variable"},"acf":[],"yoast_head":"<!-- This site is optimized with the Yoast SEO plugin v25.0 - https:\/\/yoast.com\/wordpress\/plugins\/seo\/ -->\n<title>Location table de brasseur - table de brasserie pliante | ML Locations<\/title>\n<meta name=\"description\" content=\"Tables et bancs de brasserie en location pour vos \u00e9v\u00e9nements : table pliante de 220 cm x 70 cm. R\u00e9servez en ligne, livraison possible !\" \/>\n<meta name=\"robots\" content=\"index, follow, max-snippet:-1, max-image-preview:large, max-video-preview:-1\" \/>\n<link rel=\"canonical\" href=\"https:\/\/ml-locations.be\/nl\/locations\/location-table-de-brasseur\/\" \/>\n<meta property=\"og:locale\" content=\"nl_NL\" \/>\n<meta property=\"og:type\" content=\"article\" \/>\n<meta property=\"og:title\" content=\"Location table de brasseur - table de brasserie pliante | ML Locations\" \/>\n<meta property=\"og:description\" content=\"Tables et bancs de brasserie en location pour vos \u00e9v\u00e9nements : table pliante de 220 cm x 70 cm. R\u00e9servez en ligne, livraison possible !\" \/>\n<meta property=\"og:url\" content=\"https:\/\/ml-locations.be\/nl\/locations\/location-table-de-brasseur\/\" \/>\n<meta property=\"og:site_name\" content=\"ML Locations\" \/>\n<meta property=\"article:modified_time\" content=\"2020-04-25T11:04:20+00:00\" \/>\n<meta property=\"og:image\" content=\"https:\/\/ml-locations.be\/wp-content\/uploads\/2017\/04\/Tables-et-bancs-de-brasseur.jpg\" \/>\n\t<meta property=\"og:image:width\" content=\"1000\" \/>\n\t<meta property=\"og:image:height\" content=\"1000\" \/>\n\t<meta property=\"og:image:type\" content=\"image\/jpeg\" \/>\n<meta name=\"twitter:card\" content=\"summary_large_image\" \/>\n<meta name=\"twitter:label1\" content=\"Geschatte leestijd\" \/>\n\t<meta name=\"twitter:data1\" content=\"1 minuut\" \/>\n<script type=\"application\/ld+json\" class=\"yoast-schema-graph\">{\"@context\":\"https:\/\/schema.org\",\"@graph\":[{\"@type\":\"WebPage\",\"@id\":\"https:\/\/ml-locations.be\/nl\/locations\/location-table-de-brasseur\/\",\"url\":\"https:\/\/ml-locations.be\/nl\/locations\/location-table-de-brasseur\/\",\"name\":\"Location table de brasseur - table de brasserie pliante | ML Locations\",\"isPartOf\":{\"@id\":\"https:\/\/ml-locations.be\/nl\/#website\"},\"primaryImageOfPage\":{\"@id\":\"https:\/\/ml-locations.be\/nl\/locations\/location-table-de-brasseur\/#primaryimage\"},\"image\":{\"@id\":\"https:\/\/ml-locations.be\/nl\/locations\/location-table-de-brasseur\/#primaryimage\"},\"thumbnailUrl\":\"https:\/\/ml-locations.be\/wp-content\/uploads\/2017\/04\/Tables-et-bancs-de-brasseur.jpg\",\"datePublished\":\"2017-04-11T12:33:14+00:00\",\"dateModified\":\"2020-04-25T11:04:20+00:00\",\"description\":\"Tables et bancs de brasserie en location pour vos \u00e9v\u00e9nements : table pliante de 220 cm x 70 cm. R\u00e9servez en ligne, livraison possible !\",\"breadcrumb\":{\"@id\":\"https:\/\/ml-locations.be\/nl\/locations\/location-table-de-brasseur\/#breadcrumb\"},\"inLanguage\":\"nl-NL\",\"potentialAction\":[{\"@type\":\"ReadAction\",\"target\":[\"https:\/\/ml-locations.be\/nl\/locations\/location-table-de-brasseur\/\"]}]},{\"@type\":\"ImageObject\",\"inLanguage\":\"nl-NL\",\"@id\":\"https:\/\/ml-locations.be\/nl\/locations\/location-table-de-brasseur\/#primaryimage\",\"url\":\"https:\/\/ml-locations.be\/wp-content\/uploads\/2017\/04\/Tables-et-bancs-de-brasseur.jpg\",\"contentUrl\":\"https:\/\/ml-locations.be\/wp-content\/uploads\/2017\/04\/Tables-et-bancs-de-brasseur.jpg\",\"width\":1000,\"height\":1000,\"caption\":\"Tables et bancs de brasseur - location table et bancs de brasserie\"},{\"@type\":\"BreadcrumbList\",\"@id\":\"https:\/\/ml-locations.be\/nl\/locations\/location-table-de-brasseur\/#breadcrumb\",\"itemListElement\":[{\"@type\":\"ListItem\",\"position\":1,\"name\":\"Accueil\",\"item\":\"https:\/\/ml-locations.be\/nl\/\"},{\"@type\":\"ListItem\",\"position\":2,\"name\":\"Winkel\",\"item\":\"https:\/\/ml-locations.be\/nl\/winkel\/\"},{\"@type\":\"ListItem\",\"position\":3,\"name\":\"Table de brasseur\"}]},{\"@type\":\"WebSite\",\"@id\":\"https:\/\/ml-locations.be\/nl\/#website\",\"url\":\"https:\/\/ml-locations.be\/nl\/\",\"name\":\"ML Locations\",\"description\":\"Mat\u00e9riel \u00e9v\u00e9nementiel : location chaise, table et mange debout, mat\u00e9riel horeca, frigos,...\",\"publisher\":{\"@id\":\"https:\/\/ml-locations.be\/nl\/#organization\"},\"potentialAction\":[{\"@type\":\"SearchAction\",\"target\":{\"@type\":\"EntryPoint\",\"urlTemplate\":\"https:\/\/ml-locations.be\/nl\/?s={search_term_string}\"},\"query-input\":{\"@type\":\"PropertyValueSpecification\",\"valueRequired\":true,\"valueName\":\"search_term_string\"}}],\"inLanguage\":\"nl-NL\"},{\"@type\":\"Organization\",\"@id\":\"https:\/\/ml-locations.be\/nl\/#organization\",\"name\":\"ML Locations\",\"url\":\"https:\/\/ml-locations.be\/nl\/\",\"logo\":{\"@type\":\"ImageObject\",\"inLanguage\":\"nl-NL\",\"@id\":\"https:\/\/ml-locations.be\/nl\/#\/schema\/logo\/image\/\",\"url\":\"https:\/\/ml-locations.be\/wp-content\/uploads\/2018\/05\/LOGO-location-BON.png\",\"contentUrl\":\"https:\/\/ml-locations.be\/wp-content\/uploads\/2018\/05\/LOGO-location-BON.png\",\"width\":1200,\"height\":1200,\"caption\":\"ML Locations\"},\"image\":{\"@id\":\"https:\/\/ml-locations.be\/nl\/#\/schema\/logo\/image\/\"}}]}<\/script>\n<!-- \/ Yoast SEO plugin. -->","yoast_head_json":{"title":"Location table de brasseur - table de brasserie pliante | ML Locations","description":"Tables et bancs de brasserie en location pour vos \u00e9v\u00e9nements : table pliante de 220 cm x 70 cm. R\u00e9servez en ligne, livraison possible !","robots":{"index":"index","follow":"follow","max-snippet":"max-snippet:-1","max-image-preview":"max-image-preview:large","max-video-preview":"max-video-preview:-1"},"canonical":"https:\/\/ml-locations.be\/nl\/locations\/location-table-de-brasseur\/","og_locale":"nl_NL","og_type":"article","og_title":"Location table de brasseur - table de brasserie pliante | ML Locations","og_description":"Tables et bancs de brasserie en location pour vos \u00e9v\u00e9nements : table pliante de 220 cm x 70 cm. R\u00e9servez en ligne, livraison possible !","og_url":"https:\/\/ml-locations.be\/nl\/locations\/location-table-de-brasseur\/","og_site_name":"ML Locations","article_modified_time":"2020-04-25T11:04:20+00:00","og_image":[{"width":1000,"height":1000,"url":"https:\/\/ml-locations.be\/wp-content\/uploads\/2017\/04\/Tables-et-bancs-de-brasseur.jpg","type":"image\/jpeg"}],"twitter_card":"summary_large_image","twitter_misc":{"Geschatte leestijd":"1 minuut"},"schema":{"@context":"https:\/\/schema.org","@graph":[{"@type":"WebPage","@id":"https:\/\/ml-locations.be\/nl\/locations\/location-table-de-brasseur\/","url":"https:\/\/ml-locations.be\/nl\/locations\/location-table-de-brasseur\/","name":"Location table de brasseur - table de brasserie pliante | ML Locations","isPartOf":{"@id":"https:\/\/ml-locations.be\/nl\/#website"},"primaryImageOfPage":{"@id":"https:\/\/ml-locations.be\/nl\/locations\/location-table-de-brasseur\/#primaryimage"},"image":{"@id":"https:\/\/ml-locations.be\/nl\/locations\/location-table-de-brasseur\/#primaryimage"},"thumbnailUrl":"https:\/\/ml-locations.be\/wp-content\/uploads\/2017\/04\/Tables-et-bancs-de-brasseur.jpg","datePublished":"2017-04-11T12:33:14+00:00","dateModified":"2020-04-25T11:04:20+00:00","description":"Tables et bancs de brasserie en location pour vos \u00e9v\u00e9nements : table pliante de 220 cm x 70 cm. R\u00e9servez en ligne, livraison possible !","breadcrumb":{"@id":"https:\/\/ml-locations.be\/nl\/locations\/location-table-de-brasseur\/#breadcrumb"},"inLanguage":"nl-NL","potentialAction":[{"@type":"ReadAction","target":["https:\/\/ml-locations.be\/nl\/locations\/location-table-de-brasseur\/"]}]},{"@type":"ImageObject","inLanguage":"nl-NL","@id":"https:\/\/ml-locations.be\/nl\/locations\/location-table-de-brasseur\/#primaryimage","url":"https:\/\/ml-locations.be\/wp-content\/uploads\/2017\/04\/Tables-et-bancs-de-brasseur.jpg","contentUrl":"https:\/\/ml-locations.be\/wp-content\/uploads\/2017\/04\/Tables-et-bancs-de-brasseur.jpg","width":1000,"height":1000,"caption":"Tables et bancs de brasseur - location table et bancs de brasserie"},{"@type":"BreadcrumbList","@id":"https:\/\/ml-locations.be\/nl\/locations\/location-table-de-brasseur\/#breadcrumb","itemListElement":[{"@type":"ListItem","position":1,"name":"Accueil","item":"https:\/\/ml-locations.be\/nl\/"},{"@type":"ListItem","position":2,"name":"Winkel","item":"https:\/\/ml-locations.be\/nl\/winkel\/"},{"@type":"ListItem","position":3,"name":"Table de brasseur"}]},{"@type":"WebSite","@id":"https:\/\/ml-locations.be\/nl\/#website","url":"https:\/\/ml-locations.be\/nl\/","name":"ML Locations","description":"Mat\u00e9riel \u00e9v\u00e9nementiel : location chaise, table et mange debout, mat\u00e9riel horeca, frigos,...","publisher":{"@id":"https:\/\/ml-locations.be\/nl\/#organization"},"potentialAction":[{"@type":"SearchAction","target":{"@type":"EntryPoint","urlTemplate":"https:\/\/ml-locations.be\/nl\/?s={search_term_string}"},"query-input":{"@type":"PropertyValueSpecification","valueRequired":true,"valueName":"search_term_string"}}],"inLanguage":"nl-NL"},{"@type":"Organization","@id":"https:\/\/ml-locations.be\/nl\/#organization","name":"ML Locations","url":"https:\/\/ml-locations.be\/nl\/","logo":{"@type":"ImageObject","inLanguage":"nl-NL","@id":"https:\/\/ml-locations.be\/nl\/#\/schema\/logo\/image\/","url":"https:\/\/ml-locations.be\/wp-content\/uploads\/2018\/05\/LOGO-location-BON.png","contentUrl":"https:\/\/ml-locations.be\/wp-content\/uploads\/2018\/05\/LOGO-location-BON.png","width":1200,"height":1200,"caption":"ML Locations"},"image":{"@id":"https:\/\/ml-locations.be\/nl\/#\/schema\/logo\/image\/"}}]}},"_links":{"self":[{"href":"https:\/\/ml-locations.be\/nl\/wp-json\/wp\/v2\/product\/1729","targetHints":{"allow":["GET"]}}],"collection":[{"href":"https:\/\/ml-locations.be\/nl\/wp-json\/wp\/v2\/product"}],"about":[{"href":"https:\/\/ml-locations.be\/nl\/wp-json\/wp\/v2\/types\/product"}],"wp:featuredmedia":[{"embeddable":true,"href":"https:\/\/ml-locations.be\/nl\/wp-json\/wp\/v2\/media\/1855"}],"wp:attachment":[{"href":"https:\/\/ml-locations.be\/nl\/wp-json\/wp\/v2\/media?parent=1729"}],"wp:term":[{"taxonomy":"product_brand","embeddable":true,"href":"https:\/\/ml-locations.be\/nl\/wp-json\/wp\/v2\/product_brand?post=1729"},{"taxonomy":"product_cat","embeddable":true,"href":"https:\/\/ml-locations.be\/nl\/wp-json\/wp\/v2\/product_cat?post=1729"},{"taxonomy":"product_tag","embeddable":true,"href":"https:\/\/ml-locations.be\/nl\/wp-json\/wp\/v2\/product_tag?post=1729"}],"curies":[{"name":"wp","href":"https:\/\/api.w.org\/{rel}","templated":true}]}}