{"id":1730,"date":"2017-04-11T14:33:14","date_gmt":"2017-04-11T12:33:14","guid":{"rendered":"https:\/\/www.ml-locations.be\/\/locations\/table-ronde-150x80cm-8-pers\/"},"modified":"2024-08-26T13:51:08","modified_gmt":"2024-08-26T11:51:08","slug":"location-table-ronde-150cm-10personnes","status":"publish","type":"product","link":"https:\/\/ml-locations.be\/nl\/locations\/location-table-ronde-150cm-10personnes\/","title":{"rendered":"Table ronde en location 150 cm (8-10 personnes)"},"content":{"rendered":"<p>Ces\u00a0<strong>tables rondes en location\u00a0<\/strong>ont un diam\u00e8tre de 150 cm et une hauteur de 75 cm. 8 \u00e0 10 personnes peuvent \u00eatre plac\u00e9es confortablement autour de ces tables rondes en location. Elles sont \u00e0 la fois pratiques et conviviales, elles peuvent se ranger facilement car les pieds sont rabattables. Si vous avez besoin des nappes correspondantes, nous vous conseillons de consulter la rubrique d\u00e9di\u00e9e \u00e0 la <a href=\"http:\/\/www.ml-locations.be\/location\/decorations-pour-evenements\/nappes-serviettes-en-location\/\">location de nappes<\/a>.<\/p>\n<p>Pour ces tables rondes, nous recommandons la <a href=\"https:\/\/ml-locations.be\/locations\/nappe-tissu-220x220cm-table-ronde-8p\/\">location de nappes 220 cm x 220 cm<\/a>.<\/p>\n<p><strong>Dimensions de la table ronde en location :<\/strong><\/p>\n<ul>\n<li>Diam\u00e8tre de la table ronde\u00a0: 150 cm,<\/li>\n<li>Hauteur de la table ronde\u00a0: 75 cm.<\/li>\n<li>Pieds rabattables<\/li>\n<li>Peuvent \u00eatre livr\u00e9e sur rack<\/li>\n<\/ul>\n<p>Vous cherchez une <strong>table ronde en location<\/strong> plus grande ? Nous vous proposons la <strong><a href=\"https:\/\/ml-locations.be\/locations\/location-table-ronde-180cm-12personnes\/\">location de table ronde 180 cm (pour 10 \u00e0 12 personnes)<\/a><\/strong>.<\/p>\n<p>Vous avez besoin d&#8217;un devis pour la location de tables et chaise pour mariage, banquets, r\u00e9ception ? N&#8217;h\u00e9sitez pas \u00e0 nous envoyer une demande de devis !<\/p>\n","protected":false},"excerpt":{"rendered":"<p><strong>Tables rondes en location pour 8 \u00e0 10 personnes,\u00a0 <\/strong>location de tables rondes 150 cm\u00a0pour tous vos \u00e9v\u00e9nements (mariages, communions, r\u00e9ceptions, \u2026).<\/p>\n<p>&nbsp;<\/p>\n","protected":false},"featured_media":1847,"template":"","meta":{"_acf_changed":false},"product_brand":[],"product_cat":[247,6,11],"product_tag":[213,211,214],"class_list":{"0":"post-1730","1":"product","2":"type-product","3":"status-publish","4":"has-post-thumbnail","6":"product_cat-location-tables-rondes","7":"product_cat-mobilier","8":"product_cat-tables-et-mange-debout-en-location","9":"product_tag-location-de-materiel-de-reception-mariages","10":"product_tag-location-tables-et-chaises","11":"product_tag-location-materiel-banquet","12":"description-off","14":"first","15":"instock","16":"sale","17":"taxable","18":"shipping-taxable","19":"purchasable","20":"product-type-simple"},"acf":[],"yoast_head":"<!-- This site is optimized with the Yoast SEO plugin v25.0 - https:\/\/yoast.com\/wordpress\/plugins\/seo\/ -->\n<title>Location table ronde : table ronde 150 cm - 10 personnes| ML Locations<\/title>\n<meta name=\"description\" content=\"Location de tables rondes 150 cm (8 \u00e0 10 personnes). Pour vos banquets et r\u00e9ception. D&#039;autres dimensions sont disponibles sur notre site.\" \/>\n<meta name=\"robots\" content=\"index, follow, max-snippet:-1, max-image-preview:large, max-video-preview:-1\" \/>\n<link rel=\"canonical\" href=\"https:\/\/ml-locations.be\/nl\/locations\/location-table-ronde-150cm-10personnes\/\" \/>\n<meta property=\"og:locale\" content=\"nl_NL\" \/>\n<meta property=\"og:type\" content=\"article\" \/>\n<meta property=\"og:title\" content=\"Location table ronde : table ronde 150 cm - 10 personnes| ML Locations\" \/>\n<meta property=\"og:description\" content=\"Location de tables rondes 150 cm (8 \u00e0 10 personnes). Pour vos banquets et r\u00e9ception. D&#039;autres dimensions sont disponibles sur notre site.\" \/>\n<meta property=\"og:url\" content=\"https:\/\/ml-locations.be\/nl\/locations\/location-table-ronde-150cm-10personnes\/\" \/>\n<meta property=\"og:site_name\" content=\"ML Locations\" \/>\n<meta property=\"article:modified_time\" content=\"2024-08-26T11:51:08+00:00\" \/>\n<meta property=\"og:image\" content=\"https:\/\/ml-locations.be\/wp-content\/uploads\/2017\/04\/table-ronde.jpg\" \/>\n\t<meta property=\"og:image:width\" content=\"1000\" \/>\n\t<meta property=\"og:image:height\" content=\"1000\" \/>\n\t<meta property=\"og:image:type\" content=\"image\/jpeg\" \/>\n<meta name=\"twitter:card\" content=\"summary_large_image\" \/>\n<meta name=\"twitter:label1\" content=\"Geschatte leestijd\" \/>\n\t<meta name=\"twitter:data1\" content=\"2 minuten\" \/>\n<script type=\"application\/ld+json\" class=\"yoast-schema-graph\">{\"@context\":\"https:\/\/schema.org\",\"@graph\":[{\"@type\":\"WebPage\",\"@id\":\"https:\/\/ml-locations.be\/nl\/locations\/location-table-ronde-150cm-10personnes\/\",\"url\":\"https:\/\/ml-locations.be\/nl\/locations\/location-table-ronde-150cm-10personnes\/\",\"name\":\"Location table ronde : table ronde 150 cm - 10 personnes| ML Locations\",\"isPartOf\":{\"@id\":\"https:\/\/ml-locations.be\/nl\/#website\"},\"primaryImageOfPage\":{\"@id\":\"https:\/\/ml-locations.be\/nl\/locations\/location-table-ronde-150cm-10personnes\/#primaryimage\"},\"image\":{\"@id\":\"https:\/\/ml-locations.be\/nl\/locations\/location-table-ronde-150cm-10personnes\/#primaryimage\"},\"thumbnailUrl\":\"https:\/\/ml-locations.be\/wp-content\/uploads\/2017\/04\/table-ronde.jpg\",\"datePublished\":\"2017-04-11T12:33:14+00:00\",\"dateModified\":\"2024-08-26T11:51:08+00:00\",\"description\":\"Location de tables rondes 150 cm (8 \u00e0 10 personnes). Pour vos banquets et r\u00e9ception. D'autres dimensions sont disponibles sur notre site.\",\"breadcrumb\":{\"@id\":\"https:\/\/ml-locations.be\/nl\/locations\/location-table-ronde-150cm-10personnes\/#breadcrumb\"},\"inLanguage\":\"nl-NL\",\"potentialAction\":[{\"@type\":\"ReadAction\",\"target\":[\"https:\/\/ml-locations.be\/nl\/locations\/location-table-ronde-150cm-10personnes\/\"]}]},{\"@type\":\"ImageObject\",\"inLanguage\":\"nl-NL\",\"@id\":\"https:\/\/ml-locations.be\/nl\/locations\/location-table-ronde-150cm-10personnes\/#primaryimage\",\"url\":\"https:\/\/ml-locations.be\/wp-content\/uploads\/2017\/04\/table-ronde.jpg\",\"contentUrl\":\"https:\/\/ml-locations.be\/wp-content\/uploads\/2017\/04\/table-ronde.jpg\",\"width\":1000,\"height\":1000,\"caption\":\"location table ronde\"},{\"@type\":\"BreadcrumbList\",\"@id\":\"https:\/\/ml-locations.be\/nl\/locations\/location-table-ronde-150cm-10personnes\/#breadcrumb\",\"itemListElement\":[{\"@type\":\"ListItem\",\"position\":1,\"name\":\"Accueil\",\"item\":\"https:\/\/ml-locations.be\/nl\/\"},{\"@type\":\"ListItem\",\"position\":2,\"name\":\"Winkel\",\"item\":\"https:\/\/ml-locations.be\/nl\/winkel\/\"},{\"@type\":\"ListItem\",\"position\":3,\"name\":\"Table ronde en location 150 cm (8-10 personnes)\"}]},{\"@type\":\"WebSite\",\"@id\":\"https:\/\/ml-locations.be\/nl\/#website\",\"url\":\"https:\/\/ml-locations.be\/nl\/\",\"name\":\"ML Locations\",\"description\":\"Mat\u00e9riel \u00e9v\u00e9nementiel : location chaise, table et mange debout, mat\u00e9riel horeca, frigos,...\",\"publisher\":{\"@id\":\"https:\/\/ml-locations.be\/nl\/#organization\"},\"potentialAction\":[{\"@type\":\"SearchAction\",\"target\":{\"@type\":\"EntryPoint\",\"urlTemplate\":\"https:\/\/ml-locations.be\/nl\/?s={search_term_string}\"},\"query-input\":{\"@type\":\"PropertyValueSpecification\",\"valueRequired\":true,\"valueName\":\"search_term_string\"}}],\"inLanguage\":\"nl-NL\"},{\"@type\":\"Organization\",\"@id\":\"https:\/\/ml-locations.be\/nl\/#organization\",\"name\":\"ML Locations\",\"url\":\"https:\/\/ml-locations.be\/nl\/\",\"logo\":{\"@type\":\"ImageObject\",\"inLanguage\":\"nl-NL\",\"@id\":\"https:\/\/ml-locations.be\/nl\/#\/schema\/logo\/image\/\",\"url\":\"https:\/\/ml-locations.be\/wp-content\/uploads\/2018\/05\/LOGO-location-BON.png\",\"contentUrl\":\"https:\/\/ml-locations.be\/wp-content\/uploads\/2018\/05\/LOGO-location-BON.png\",\"width\":1200,\"height\":1200,\"caption\":\"ML Locations\"},\"image\":{\"@id\":\"https:\/\/ml-locations.be\/nl\/#\/schema\/logo\/image\/\"}}]}<\/script>\n<!-- \/ Yoast SEO plugin. -->","yoast_head_json":{"title":"Location table ronde : table ronde 150 cm - 10 personnes| ML Locations","description":"Location de tables rondes 150 cm (8 \u00e0 10 personnes). Pour vos banquets et r\u00e9ception. D'autres dimensions sont disponibles sur notre site.","robots":{"index":"index","follow":"follow","max-snippet":"max-snippet:-1","max-image-preview":"max-image-preview:large","max-video-preview":"max-video-preview:-1"},"canonical":"https:\/\/ml-locations.be\/nl\/locations\/location-table-ronde-150cm-10personnes\/","og_locale":"nl_NL","og_type":"article","og_title":"Location table ronde : table ronde 150 cm - 10 personnes| ML Locations","og_description":"Location de tables rondes 150 cm (8 \u00e0 10 personnes). Pour vos banquets et r\u00e9ception. D'autres dimensions sont disponibles sur notre site.","og_url":"https:\/\/ml-locations.be\/nl\/locations\/location-table-ronde-150cm-10personnes\/","og_site_name":"ML Locations","article_modified_time":"2024-08-26T11:51:08+00:00","og_image":[{"width":1000,"height":1000,"url":"https:\/\/ml-locations.be\/wp-content\/uploads\/2017\/04\/table-ronde.jpg","type":"image\/jpeg"}],"twitter_card":"summary_large_image","twitter_misc":{"Geschatte leestijd":"2 minuten"},"schema":{"@context":"https:\/\/schema.org","@graph":[{"@type":"WebPage","@id":"https:\/\/ml-locations.be\/nl\/locations\/location-table-ronde-150cm-10personnes\/","url":"https:\/\/ml-locations.be\/nl\/locations\/location-table-ronde-150cm-10personnes\/","name":"Location table ronde : table ronde 150 cm - 10 personnes| ML Locations","isPartOf":{"@id":"https:\/\/ml-locations.be\/nl\/#website"},"primaryImageOfPage":{"@id":"https:\/\/ml-locations.be\/nl\/locations\/location-table-ronde-150cm-10personnes\/#primaryimage"},"image":{"@id":"https:\/\/ml-locations.be\/nl\/locations\/location-table-ronde-150cm-10personnes\/#primaryimage"},"thumbnailUrl":"https:\/\/ml-locations.be\/wp-content\/uploads\/2017\/04\/table-ronde.jpg","datePublished":"2017-04-11T12:33:14+00:00","dateModified":"2024-08-26T11:51:08+00:00","description":"Location de tables rondes 150 cm (8 \u00e0 10 personnes). Pour vos banquets et r\u00e9ception. D'autres dimensions sont disponibles sur notre site.","breadcrumb":{"@id":"https:\/\/ml-locations.be\/nl\/locations\/location-table-ronde-150cm-10personnes\/#breadcrumb"},"inLanguage":"nl-NL","potentialAction":[{"@type":"ReadAction","target":["https:\/\/ml-locations.be\/nl\/locations\/location-table-ronde-150cm-10personnes\/"]}]},{"@type":"ImageObject","inLanguage":"nl-NL","@id":"https:\/\/ml-locations.be\/nl\/locations\/location-table-ronde-150cm-10personnes\/#primaryimage","url":"https:\/\/ml-locations.be\/wp-content\/uploads\/2017\/04\/table-ronde.jpg","contentUrl":"https:\/\/ml-locations.be\/wp-content\/uploads\/2017\/04\/table-ronde.jpg","width":1000,"height":1000,"caption":"location table ronde"},{"@type":"BreadcrumbList","@id":"https:\/\/ml-locations.be\/nl\/locations\/location-table-ronde-150cm-10personnes\/#breadcrumb","itemListElement":[{"@type":"ListItem","position":1,"name":"Accueil","item":"https:\/\/ml-locations.be\/nl\/"},{"@type":"ListItem","position":2,"name":"Winkel","item":"https:\/\/ml-locations.be\/nl\/winkel\/"},{"@type":"ListItem","position":3,"name":"Table ronde en location 150 cm (8-10 personnes)"}]},{"@type":"WebSite","@id":"https:\/\/ml-locations.be\/nl\/#website","url":"https:\/\/ml-locations.be\/nl\/","name":"ML Locations","description":"Mat\u00e9riel \u00e9v\u00e9nementiel : location chaise, table et mange debout, mat\u00e9riel horeca, frigos,...","publisher":{"@id":"https:\/\/ml-locations.be\/nl\/#organization"},"potentialAction":[{"@type":"SearchAction","target":{"@type":"EntryPoint","urlTemplate":"https:\/\/ml-locations.be\/nl\/?s={search_term_string}"},"query-input":{"@type":"PropertyValueSpecification","valueRequired":true,"valueName":"search_term_string"}}],"inLanguage":"nl-NL"},{"@type":"Organization","@id":"https:\/\/ml-locations.be\/nl\/#organization","name":"ML Locations","url":"https:\/\/ml-locations.be\/nl\/","logo":{"@type":"ImageObject","inLanguage":"nl-NL","@id":"https:\/\/ml-locations.be\/nl\/#\/schema\/logo\/image\/","url":"https:\/\/ml-locations.be\/wp-content\/uploads\/2018\/05\/LOGO-location-BON.png","contentUrl":"https:\/\/ml-locations.be\/wp-content\/uploads\/2018\/05\/LOGO-location-BON.png","width":1200,"height":1200,"caption":"ML Locations"},"image":{"@id":"https:\/\/ml-locations.be\/nl\/#\/schema\/logo\/image\/"}}]}},"_links":{"self":[{"href":"https:\/\/ml-locations.be\/nl\/wp-json\/wp\/v2\/product\/1730","targetHints":{"allow":["GET"]}}],"collection":[{"href":"https:\/\/ml-locations.be\/nl\/wp-json\/wp\/v2\/product"}],"about":[{"href":"https:\/\/ml-locations.be\/nl\/wp-json\/wp\/v2\/types\/product"}],"wp:featuredmedia":[{"embeddable":true,"href":"https:\/\/ml-locations.be\/nl\/wp-json\/wp\/v2\/media\/1847"}],"wp:attachment":[{"href":"https:\/\/ml-locations.be\/nl\/wp-json\/wp\/v2\/media?parent=1730"}],"wp:term":[{"taxonomy":"product_brand","embeddable":true,"href":"https:\/\/ml-locations.be\/nl\/wp-json\/wp\/v2\/product_brand?post=1730"},{"taxonomy":"product_cat","embeddable":true,"href":"https:\/\/ml-locations.be\/nl\/wp-json\/wp\/v2\/product_cat?post=1730"},{"taxonomy":"product_tag","embeddable":true,"href":"https:\/\/ml-locations.be\/nl\/wp-json\/wp\/v2\/product_tag?post=1730"}],"curies":[{"name":"wp","href":"https:\/\/api.w.org\/{rel}","templated":true}]}}