{"id":1733,"date":"2017-04-11T14:33:14","date_gmt":"2017-04-11T12:33:14","guid":{"rendered":"https:\/\/www.ml-locations.be\/\/locations\/table-buffet-180-x-80-x-90-cm\/"},"modified":"2025-08-11T12:21:35","modified_gmt":"2025-08-11T10:21:35","slug":"table-buffet-180-x-80-x-90-cm","status":"publish","type":"product","link":"https:\/\/ml-locations.be\/nl\/locations\/table-buffet-180-x-80-x-90-cm\/","title":{"rendered":"Table buffet 180 x 80 x 90 cm"},"content":{"rendered":"<p>Cette <strong>table buffet en location<\/strong> permet de mettre \u00e0 disposition de vos invit\u00e9s les plats que vous ou votre traiteur avez pr\u00e9par\u00e9s. Gr\u00e2ce \u00e0 sa hauteur de 90 cm, il est plus facile de servir vos convives. Parfait lors d\u2019un buffet de mariage ou un banquet.<\/p>\n<p>Possibilit\u00e9 d\u2019associer \u00e0 la table buffet, une <a href=\"https:\/\/ml-locations.be\/locations\/nappe-tissu-tendu-buffet\/\"><strong>housse noire en tissu tendu<\/strong> <\/a>aussi en location ou d&#8217;autres nappes dans notre rubrique <a href=\"https:\/\/ml-locations.be\/location\/decorations-pour-evenements\/nappes-serviettes-en-location\/\">nappage en location<\/a>.<\/p>\n<p>Dimensions de la table en location :<\/p>\n<ul>\n<li>Longueur\u00a0: 180 cm<\/li>\n<li>Largeur\u00a0: 80 cm,<\/li>\n<li>Hauteur\u00a0: 90 cm.<\/li>\n<\/ul>\n","protected":false},"excerpt":{"rendered":"<p><strong>Table buffet en location <\/strong>sur\u00e9lev\u00e9e pour la pr\u00e9paration de buffet, id\u00e9ale pour la pr\u00e9paration de <strong>banquets<\/strong>, de repas de mariage ou de <strong>soir\u00e9e<\/strong>.<\/p>\n","protected":false},"featured_media":1873,"template":"","meta":{"_acf_changed":false},"product_brand":[],"product_cat":[249,6,11],"product_tag":[213,211,214],"class_list":{"0":"post-1733","1":"product","2":"type-product","3":"status-publish","4":"has-post-thumbnail","6":"product_cat-location-tables-rectangulaires","7":"product_cat-mobilier","8":"product_cat-tables-et-mange-debout-en-location","9":"product_tag-location-de-materiel-de-reception-mariages","10":"product_tag-location-tables-et-chaises","11":"product_tag-location-materiel-banquet","12":"description-off","14":"first","15":"instock","16":"taxable","17":"shipping-taxable","18":"purchasable","19":"product-type-simple"},"acf":[],"yoast_head":"<!-- This site is optimized with the Yoast SEO plugin v25.0 - https:\/\/yoast.com\/wordpress\/plugins\/seo\/ -->\n<title>Table buffet 180 x 80 x 90 cm | ML Locations<\/title>\n<meta name=\"robots\" content=\"index, follow, max-snippet:-1, max-image-preview:large, max-video-preview:-1\" \/>\n<link rel=\"canonical\" href=\"https:\/\/ml-locations.be\/nl\/locations\/table-buffet-180-x-80-x-90-cm\/\" \/>\n<meta property=\"og:locale\" content=\"nl_NL\" \/>\n<meta property=\"og:type\" content=\"article\" \/>\n<meta property=\"og:title\" content=\"Table buffet 180 x 80 x 90 cm | ML Locations\" \/>\n<meta property=\"og:description\" content=\"Table buffet en location sur\u00e9lev\u00e9e pour la pr\u00e9paration de buffet, id\u00e9ale pour la pr\u00e9paration de banquets, de repas de mariage ou de soir\u00e9e.\" \/>\n<meta property=\"og:url\" content=\"https:\/\/ml-locations.be\/nl\/locations\/table-buffet-180-x-80-x-90-cm\/\" \/>\n<meta property=\"og:site_name\" content=\"ML Locations\" \/>\n<meta property=\"article:modified_time\" content=\"2025-08-11T10:21:35+00:00\" \/>\n<meta property=\"og:image\" content=\"https:\/\/ml-locations.be\/wp-content\/uploads\/2017\/04\/Tables-buffet-e1526566781175.jpeg\" \/>\n\t<meta property=\"og:image:width\" content=\"1000\" \/>\n\t<meta property=\"og:image:height\" content=\"1000\" \/>\n\t<meta property=\"og:image:type\" content=\"image\/jpeg\" \/>\n<meta name=\"twitter:card\" content=\"summary_large_image\" \/>\n<meta name=\"twitter:label1\" content=\"Geschatte leestijd\" \/>\n\t<meta name=\"twitter:data1\" content=\"1 minuut\" \/>\n<script type=\"application\/ld+json\" class=\"yoast-schema-graph\">{\"@context\":\"https:\/\/schema.org\",\"@graph\":[{\"@type\":\"WebPage\",\"@id\":\"https:\/\/ml-locations.be\/nl\/locations\/table-buffet-180-x-80-x-90-cm\/\",\"url\":\"https:\/\/ml-locations.be\/nl\/locations\/table-buffet-180-x-80-x-90-cm\/\",\"name\":\"Table buffet 180 x 80 x 90 cm | ML Locations\",\"isPartOf\":{\"@id\":\"https:\/\/ml-locations.be\/nl\/#website\"},\"primaryImageOfPage\":{\"@id\":\"https:\/\/ml-locations.be\/nl\/locations\/table-buffet-180-x-80-x-90-cm\/#primaryimage\"},\"image\":{\"@id\":\"https:\/\/ml-locations.be\/nl\/locations\/table-buffet-180-x-80-x-90-cm\/#primaryimage\"},\"thumbnailUrl\":\"https:\/\/ml-locations.be\/wp-content\/uploads\/2017\/04\/Tables-buffet-e1526566781175.jpeg\",\"datePublished\":\"2017-04-11T12:33:14+00:00\",\"dateModified\":\"2025-08-11T10:21:35+00:00\",\"breadcrumb\":{\"@id\":\"https:\/\/ml-locations.be\/nl\/locations\/table-buffet-180-x-80-x-90-cm\/#breadcrumb\"},\"inLanguage\":\"nl-NL\",\"potentialAction\":[{\"@type\":\"ReadAction\",\"target\":[\"https:\/\/ml-locations.be\/nl\/locations\/table-buffet-180-x-80-x-90-cm\/\"]}]},{\"@type\":\"ImageObject\",\"inLanguage\":\"nl-NL\",\"@id\":\"https:\/\/ml-locations.be\/nl\/locations\/table-buffet-180-x-80-x-90-cm\/#primaryimage\",\"url\":\"https:\/\/ml-locations.be\/wp-content\/uploads\/2017\/04\/Tables-buffet-e1526566781175.jpeg\",\"contentUrl\":\"https:\/\/ml-locations.be\/wp-content\/uploads\/2017\/04\/Tables-buffet-e1526566781175.jpeg\",\"width\":1000,\"height\":1000,\"caption\":\"Location tables buffet\"},{\"@type\":\"BreadcrumbList\",\"@id\":\"https:\/\/ml-locations.be\/nl\/locations\/table-buffet-180-x-80-x-90-cm\/#breadcrumb\",\"itemListElement\":[{\"@type\":\"ListItem\",\"position\":1,\"name\":\"Accueil\",\"item\":\"https:\/\/ml-locations.be\/nl\/\"},{\"@type\":\"ListItem\",\"position\":2,\"name\":\"Winkel\",\"item\":\"https:\/\/ml-locations.be\/nl\/winkel\/\"},{\"@type\":\"ListItem\",\"position\":3,\"name\":\"Table buffet 180 x 80 x 90 cm\"}]},{\"@type\":\"WebSite\",\"@id\":\"https:\/\/ml-locations.be\/nl\/#website\",\"url\":\"https:\/\/ml-locations.be\/nl\/\",\"name\":\"ML Locations\",\"description\":\"Mat\u00e9riel \u00e9v\u00e9nementiel : location chaise, table et mange debout, mat\u00e9riel horeca, frigos,...\",\"publisher\":{\"@id\":\"https:\/\/ml-locations.be\/nl\/#organization\"},\"potentialAction\":[{\"@type\":\"SearchAction\",\"target\":{\"@type\":\"EntryPoint\",\"urlTemplate\":\"https:\/\/ml-locations.be\/nl\/?s={search_term_string}\"},\"query-input\":{\"@type\":\"PropertyValueSpecification\",\"valueRequired\":true,\"valueName\":\"search_term_string\"}}],\"inLanguage\":\"nl-NL\"},{\"@type\":\"Organization\",\"@id\":\"https:\/\/ml-locations.be\/nl\/#organization\",\"name\":\"ML Locations\",\"url\":\"https:\/\/ml-locations.be\/nl\/\",\"logo\":{\"@type\":\"ImageObject\",\"inLanguage\":\"nl-NL\",\"@id\":\"https:\/\/ml-locations.be\/nl\/#\/schema\/logo\/image\/\",\"url\":\"https:\/\/ml-locations.be\/wp-content\/uploads\/2018\/05\/LOGO-location-BON.png\",\"contentUrl\":\"https:\/\/ml-locations.be\/wp-content\/uploads\/2018\/05\/LOGO-location-BON.png\",\"width\":1200,\"height\":1200,\"caption\":\"ML Locations\"},\"image\":{\"@id\":\"https:\/\/ml-locations.be\/nl\/#\/schema\/logo\/image\/\"}}]}<\/script>\n<!-- \/ Yoast SEO plugin. -->","yoast_head_json":{"title":"Table buffet 180 x 80 x 90 cm | ML Locations","robots":{"index":"index","follow":"follow","max-snippet":"max-snippet:-1","max-image-preview":"max-image-preview:large","max-video-preview":"max-video-preview:-1"},"canonical":"https:\/\/ml-locations.be\/nl\/locations\/table-buffet-180-x-80-x-90-cm\/","og_locale":"nl_NL","og_type":"article","og_title":"Table buffet 180 x 80 x 90 cm | ML Locations","og_description":"Table buffet en location sur\u00e9lev\u00e9e pour la pr\u00e9paration de buffet, id\u00e9ale pour la pr\u00e9paration de banquets, de repas de mariage ou de soir\u00e9e.","og_url":"https:\/\/ml-locations.be\/nl\/locations\/table-buffet-180-x-80-x-90-cm\/","og_site_name":"ML Locations","article_modified_time":"2025-08-11T10:21:35+00:00","og_image":[{"width":1000,"height":1000,"url":"https:\/\/ml-locations.be\/wp-content\/uploads\/2017\/04\/Tables-buffet-e1526566781175.jpeg","type":"image\/jpeg"}],"twitter_card":"summary_large_image","twitter_misc":{"Geschatte leestijd":"1 minuut"},"schema":{"@context":"https:\/\/schema.org","@graph":[{"@type":"WebPage","@id":"https:\/\/ml-locations.be\/nl\/locations\/table-buffet-180-x-80-x-90-cm\/","url":"https:\/\/ml-locations.be\/nl\/locations\/table-buffet-180-x-80-x-90-cm\/","name":"Table buffet 180 x 80 x 90 cm | ML Locations","isPartOf":{"@id":"https:\/\/ml-locations.be\/nl\/#website"},"primaryImageOfPage":{"@id":"https:\/\/ml-locations.be\/nl\/locations\/table-buffet-180-x-80-x-90-cm\/#primaryimage"},"image":{"@id":"https:\/\/ml-locations.be\/nl\/locations\/table-buffet-180-x-80-x-90-cm\/#primaryimage"},"thumbnailUrl":"https:\/\/ml-locations.be\/wp-content\/uploads\/2017\/04\/Tables-buffet-e1526566781175.jpeg","datePublished":"2017-04-11T12:33:14+00:00","dateModified":"2025-08-11T10:21:35+00:00","breadcrumb":{"@id":"https:\/\/ml-locations.be\/nl\/locations\/table-buffet-180-x-80-x-90-cm\/#breadcrumb"},"inLanguage":"nl-NL","potentialAction":[{"@type":"ReadAction","target":["https:\/\/ml-locations.be\/nl\/locations\/table-buffet-180-x-80-x-90-cm\/"]}]},{"@type":"ImageObject","inLanguage":"nl-NL","@id":"https:\/\/ml-locations.be\/nl\/locations\/table-buffet-180-x-80-x-90-cm\/#primaryimage","url":"https:\/\/ml-locations.be\/wp-content\/uploads\/2017\/04\/Tables-buffet-e1526566781175.jpeg","contentUrl":"https:\/\/ml-locations.be\/wp-content\/uploads\/2017\/04\/Tables-buffet-e1526566781175.jpeg","width":1000,"height":1000,"caption":"Location tables buffet"},{"@type":"BreadcrumbList","@id":"https:\/\/ml-locations.be\/nl\/locations\/table-buffet-180-x-80-x-90-cm\/#breadcrumb","itemListElement":[{"@type":"ListItem","position":1,"name":"Accueil","item":"https:\/\/ml-locations.be\/nl\/"},{"@type":"ListItem","position":2,"name":"Winkel","item":"https:\/\/ml-locations.be\/nl\/winkel\/"},{"@type":"ListItem","position":3,"name":"Table buffet 180 x 80 x 90 cm"}]},{"@type":"WebSite","@id":"https:\/\/ml-locations.be\/nl\/#website","url":"https:\/\/ml-locations.be\/nl\/","name":"ML Locations","description":"Mat\u00e9riel \u00e9v\u00e9nementiel : location chaise, table et mange debout, mat\u00e9riel horeca, frigos,...","publisher":{"@id":"https:\/\/ml-locations.be\/nl\/#organization"},"potentialAction":[{"@type":"SearchAction","target":{"@type":"EntryPoint","urlTemplate":"https:\/\/ml-locations.be\/nl\/?s={search_term_string}"},"query-input":{"@type":"PropertyValueSpecification","valueRequired":true,"valueName":"search_term_string"}}],"inLanguage":"nl-NL"},{"@type":"Organization","@id":"https:\/\/ml-locations.be\/nl\/#organization","name":"ML Locations","url":"https:\/\/ml-locations.be\/nl\/","logo":{"@type":"ImageObject","inLanguage":"nl-NL","@id":"https:\/\/ml-locations.be\/nl\/#\/schema\/logo\/image\/","url":"https:\/\/ml-locations.be\/wp-content\/uploads\/2018\/05\/LOGO-location-BON.png","contentUrl":"https:\/\/ml-locations.be\/wp-content\/uploads\/2018\/05\/LOGO-location-BON.png","width":1200,"height":1200,"caption":"ML Locations"},"image":{"@id":"https:\/\/ml-locations.be\/nl\/#\/schema\/logo\/image\/"}}]}},"_links":{"self":[{"href":"https:\/\/ml-locations.be\/nl\/wp-json\/wp\/v2\/product\/1733","targetHints":{"allow":["GET"]}}],"collection":[{"href":"https:\/\/ml-locations.be\/nl\/wp-json\/wp\/v2\/product"}],"about":[{"href":"https:\/\/ml-locations.be\/nl\/wp-json\/wp\/v2\/types\/product"}],"wp:featuredmedia":[{"embeddable":true,"href":"https:\/\/ml-locations.be\/nl\/wp-json\/wp\/v2\/media\/1873"}],"wp:attachment":[{"href":"https:\/\/ml-locations.be\/nl\/wp-json\/wp\/v2\/media?parent=1733"}],"wp:term":[{"taxonomy":"product_brand","embeddable":true,"href":"https:\/\/ml-locations.be\/nl\/wp-json\/wp\/v2\/product_brand?post=1733"},{"taxonomy":"product_cat","embeddable":true,"href":"https:\/\/ml-locations.be\/nl\/wp-json\/wp\/v2\/product_cat?post=1733"},{"taxonomy":"product_tag","embeddable":true,"href":"https:\/\/ml-locations.be\/nl\/wp-json\/wp\/v2\/product_tag?post=1733"}],"curies":[{"name":"wp","href":"https:\/\/api.w.org\/{rel}","templated":true}]}}