{"id":1734,"date":"2017-04-11T14:33:14","date_gmt":"2017-04-11T12:33:14","guid":{"rendered":"https:\/\/www.ml-locations.be\/\/locations\/table-mange-debout-wood\/"},"modified":"2020-04-25T12:44:15","modified_gmt":"2020-04-25T10:44:15","slug":"location-table-mange-debout-wood","status":"publish","type":"product","link":"https:\/\/ml-locations.be\/nl\/locations\/location-table-mange-debout-wood\/","title":{"rendered":"Table mange-debout Wood"},"content":{"rendered":"<h2><strong>Description de la table mange-debout Wood :<\/strong><\/h2>\n<p><strong>Tables mange-debout en location :\u00a0mange<\/strong><strong>-debout en bois<\/strong>\u00a0<strong>\u00e0 louer<\/strong> (<strong>table Wood<\/strong>). Ces <strong>tables en location\u00a0<\/strong>sont id\u00e9ales pour vos r\u00e9ceptions, <strong>cocktails<\/strong>, f\u00eates, mariage, etc. Elles apporteront un c\u00f4t\u00e9 cosy et design \u00e0 votre \u00e9v\u00e9nement. Ces <strong>tables hautes carr\u00e9es <\/strong>sont originales et r\u00e9alis\u00e9es en bois, elles changent du mange-debout classique. Tr\u00e8s stables et bien larges, ces mange-debout en location sont parfaite pour vos \u00e9v\u00e9nements.<\/p>\n<h2>Dimensions de la table mange-debout Wood :<\/h2>\n<ul>\n<li>Hauteur : 110 cm,<\/li>\n<li>Largeur : 60 cm,<\/li>\n<li>Longueur : 60 cm.<\/li>\n<\/ul>\n","protected":false},"excerpt":{"rendered":"<p><strong>Tables mange-debout<\/strong>\u00a0<strong>en location<\/strong>\u00a0: mange-debout en bois disponibles pour tous vos banquets et \u00e9v\u00e9nements\u00a0: mariages, r\u00e9ceptions, anniversaires, salons,&#8230;<\/p>\n","protected":false},"featured_media":1886,"template":"","meta":{"_acf_changed":false},"product_brand":[],"product_cat":[248,6,11],"product_tag":[202,211,214],"class_list":{"0":"post-1734","1":"product","2":"type-product","3":"status-publish","4":"has-post-thumbnail","6":"product_cat-location-mange-debout","7":"product_cat-mobilier","8":"product_cat-tables-et-mange-debout-en-location","9":"product_tag-location-mobilier-design","10":"product_tag-location-tables-et-chaises","11":"product_tag-location-materiel-banquet","12":"description-off","14":"first","15":"instock","16":"taxable","17":"shipping-taxable","18":"purchasable","19":"product-type-simple"},"acf":[],"yoast_head":"<!-- This site is optimized with the Yoast SEO plugin v25.0 - https:\/\/yoast.com\/wordpress\/plugins\/seo\/ -->\n<title>Location table mange-debout Wood - location table | ML Locations<\/title>\n<meta name=\"description\" content=\"Table mange-debout en location : mange-debout en bois design et \u00e9l\u00e9gant. Tables en location et mobilier sur notre site. Devis gratuit!\" \/>\n<meta name=\"robots\" content=\"index, follow, max-snippet:-1, max-image-preview:large, max-video-preview:-1\" \/>\n<link rel=\"canonical\" href=\"https:\/\/ml-locations.be\/nl\/locations\/location-table-mange-debout-wood\/\" \/>\n<meta property=\"og:locale\" content=\"nl_NL\" \/>\n<meta property=\"og:type\" content=\"article\" \/>\n<meta property=\"og:title\" content=\"Location table mange-debout Wood - location table | ML Locations\" \/>\n<meta property=\"og:description\" content=\"Table mange-debout en location : mange-debout en bois design et \u00e9l\u00e9gant. Tables en location et mobilier sur notre site. Devis gratuit!\" \/>\n<meta property=\"og:url\" content=\"https:\/\/ml-locations.be\/nl\/locations\/location-table-mange-debout-wood\/\" \/>\n<meta property=\"og:site_name\" content=\"ML Locations\" \/>\n<meta property=\"article:modified_time\" content=\"2020-04-25T10:44:15+00:00\" \/>\n<meta property=\"og:image\" content=\"https:\/\/ml-locations.be\/wp-content\/uploads\/2017\/04\/Table-Wood-verticale-e1530189411643.png\" \/>\n\t<meta property=\"og:image:width\" content=\"575\" \/>\n\t<meta property=\"og:image:height\" content=\"575\" \/>\n\t<meta property=\"og:image:type\" content=\"image\/png\" \/>\n<meta name=\"twitter:card\" content=\"summary_large_image\" \/>\n<script type=\"application\/ld+json\" class=\"yoast-schema-graph\">{\"@context\":\"https:\/\/schema.org\",\"@graph\":[{\"@type\":\"WebPage\",\"@id\":\"https:\/\/ml-locations.be\/nl\/locations\/location-table-mange-debout-wood\/\",\"url\":\"https:\/\/ml-locations.be\/nl\/locations\/location-table-mange-debout-wood\/\",\"name\":\"Location table mange-debout Wood - location table | ML Locations\",\"isPartOf\":{\"@id\":\"https:\/\/ml-locations.be\/nl\/#website\"},\"primaryImageOfPage\":{\"@id\":\"https:\/\/ml-locations.be\/nl\/locations\/location-table-mange-debout-wood\/#primaryimage\"},\"image\":{\"@id\":\"https:\/\/ml-locations.be\/nl\/locations\/location-table-mange-debout-wood\/#primaryimage\"},\"thumbnailUrl\":\"https:\/\/ml-locations.be\/wp-content\/uploads\/2017\/04\/Table-Wood-verticale-e1530189411643.png\",\"datePublished\":\"2017-04-11T12:33:14+00:00\",\"dateModified\":\"2020-04-25T10:44:15+00:00\",\"description\":\"Table mange-debout en location : mange-debout en bois design et \u00e9l\u00e9gant. Tables en location et mobilier sur notre site. Devis gratuit!\",\"breadcrumb\":{\"@id\":\"https:\/\/ml-locations.be\/nl\/locations\/location-table-mange-debout-wood\/#breadcrumb\"},\"inLanguage\":\"nl-NL\",\"potentialAction\":[{\"@type\":\"ReadAction\",\"target\":[\"https:\/\/ml-locations.be\/nl\/locations\/location-table-mange-debout-wood\/\"]}]},{\"@type\":\"ImageObject\",\"inLanguage\":\"nl-NL\",\"@id\":\"https:\/\/ml-locations.be\/nl\/locations\/location-table-mange-debout-wood\/#primaryimage\",\"url\":\"https:\/\/ml-locations.be\/wp-content\/uploads\/2017\/04\/Table-Wood-verticale-e1530189411643.png\",\"contentUrl\":\"https:\/\/ml-locations.be\/wp-content\/uploads\/2017\/04\/Table-Wood-verticale-e1530189411643.png\",\"width\":575,\"height\":575,\"caption\":\"Location de table Wood en location - Table mange-debout en location\"},{\"@type\":\"BreadcrumbList\",\"@id\":\"https:\/\/ml-locations.be\/nl\/locations\/location-table-mange-debout-wood\/#breadcrumb\",\"itemListElement\":[{\"@type\":\"ListItem\",\"position\":1,\"name\":\"Accueil\",\"item\":\"https:\/\/ml-locations.be\/nl\/\"},{\"@type\":\"ListItem\",\"position\":2,\"name\":\"Winkel\",\"item\":\"https:\/\/ml-locations.be\/nl\/winkel\/\"},{\"@type\":\"ListItem\",\"position\":3,\"name\":\"Table mange-debout Wood\"}]},{\"@type\":\"WebSite\",\"@id\":\"https:\/\/ml-locations.be\/nl\/#website\",\"url\":\"https:\/\/ml-locations.be\/nl\/\",\"name\":\"ML Locations\",\"description\":\"Mat\u00e9riel \u00e9v\u00e9nementiel : location chaise, table et mange debout, mat\u00e9riel horeca, frigos,...\",\"publisher\":{\"@id\":\"https:\/\/ml-locations.be\/nl\/#organization\"},\"potentialAction\":[{\"@type\":\"SearchAction\",\"target\":{\"@type\":\"EntryPoint\",\"urlTemplate\":\"https:\/\/ml-locations.be\/nl\/?s={search_term_string}\"},\"query-input\":{\"@type\":\"PropertyValueSpecification\",\"valueRequired\":true,\"valueName\":\"search_term_string\"}}],\"inLanguage\":\"nl-NL\"},{\"@type\":\"Organization\",\"@id\":\"https:\/\/ml-locations.be\/nl\/#organization\",\"name\":\"ML Locations\",\"url\":\"https:\/\/ml-locations.be\/nl\/\",\"logo\":{\"@type\":\"ImageObject\",\"inLanguage\":\"nl-NL\",\"@id\":\"https:\/\/ml-locations.be\/nl\/#\/schema\/logo\/image\/\",\"url\":\"https:\/\/ml-locations.be\/wp-content\/uploads\/2018\/05\/LOGO-location-BON.png\",\"contentUrl\":\"https:\/\/ml-locations.be\/wp-content\/uploads\/2018\/05\/LOGO-location-BON.png\",\"width\":1200,\"height\":1200,\"caption\":\"ML Locations\"},\"image\":{\"@id\":\"https:\/\/ml-locations.be\/nl\/#\/schema\/logo\/image\/\"}}]}<\/script>\n<!-- \/ Yoast SEO plugin. -->","yoast_head_json":{"title":"Location table mange-debout Wood - location table | ML Locations","description":"Table mange-debout en location : mange-debout en bois design et \u00e9l\u00e9gant. Tables en location et mobilier sur notre site. Devis gratuit!","robots":{"index":"index","follow":"follow","max-snippet":"max-snippet:-1","max-image-preview":"max-image-preview:large","max-video-preview":"max-video-preview:-1"},"canonical":"https:\/\/ml-locations.be\/nl\/locations\/location-table-mange-debout-wood\/","og_locale":"nl_NL","og_type":"article","og_title":"Location table mange-debout Wood - location table | ML Locations","og_description":"Table mange-debout en location : mange-debout en bois design et \u00e9l\u00e9gant. Tables en location et mobilier sur notre site. Devis gratuit!","og_url":"https:\/\/ml-locations.be\/nl\/locations\/location-table-mange-debout-wood\/","og_site_name":"ML Locations","article_modified_time":"2020-04-25T10:44:15+00:00","og_image":[{"width":575,"height":575,"url":"https:\/\/ml-locations.be\/wp-content\/uploads\/2017\/04\/Table-Wood-verticale-e1530189411643.png","type":"image\/png"}],"twitter_card":"summary_large_image","schema":{"@context":"https:\/\/schema.org","@graph":[{"@type":"WebPage","@id":"https:\/\/ml-locations.be\/nl\/locations\/location-table-mange-debout-wood\/","url":"https:\/\/ml-locations.be\/nl\/locations\/location-table-mange-debout-wood\/","name":"Location table mange-debout Wood - location table | ML Locations","isPartOf":{"@id":"https:\/\/ml-locations.be\/nl\/#website"},"primaryImageOfPage":{"@id":"https:\/\/ml-locations.be\/nl\/locations\/location-table-mange-debout-wood\/#primaryimage"},"image":{"@id":"https:\/\/ml-locations.be\/nl\/locations\/location-table-mange-debout-wood\/#primaryimage"},"thumbnailUrl":"https:\/\/ml-locations.be\/wp-content\/uploads\/2017\/04\/Table-Wood-verticale-e1530189411643.png","datePublished":"2017-04-11T12:33:14+00:00","dateModified":"2020-04-25T10:44:15+00:00","description":"Table mange-debout en location : mange-debout en bois design et \u00e9l\u00e9gant. Tables en location et mobilier sur notre site. Devis gratuit!","breadcrumb":{"@id":"https:\/\/ml-locations.be\/nl\/locations\/location-table-mange-debout-wood\/#breadcrumb"},"inLanguage":"nl-NL","potentialAction":[{"@type":"ReadAction","target":["https:\/\/ml-locations.be\/nl\/locations\/location-table-mange-debout-wood\/"]}]},{"@type":"ImageObject","inLanguage":"nl-NL","@id":"https:\/\/ml-locations.be\/nl\/locations\/location-table-mange-debout-wood\/#primaryimage","url":"https:\/\/ml-locations.be\/wp-content\/uploads\/2017\/04\/Table-Wood-verticale-e1530189411643.png","contentUrl":"https:\/\/ml-locations.be\/wp-content\/uploads\/2017\/04\/Table-Wood-verticale-e1530189411643.png","width":575,"height":575,"caption":"Location de table Wood en location - Table mange-debout en location"},{"@type":"BreadcrumbList","@id":"https:\/\/ml-locations.be\/nl\/locations\/location-table-mange-debout-wood\/#breadcrumb","itemListElement":[{"@type":"ListItem","position":1,"name":"Accueil","item":"https:\/\/ml-locations.be\/nl\/"},{"@type":"ListItem","position":2,"name":"Winkel","item":"https:\/\/ml-locations.be\/nl\/winkel\/"},{"@type":"ListItem","position":3,"name":"Table mange-debout Wood"}]},{"@type":"WebSite","@id":"https:\/\/ml-locations.be\/nl\/#website","url":"https:\/\/ml-locations.be\/nl\/","name":"ML Locations","description":"Mat\u00e9riel \u00e9v\u00e9nementiel : location chaise, table et mange debout, mat\u00e9riel horeca, frigos,...","publisher":{"@id":"https:\/\/ml-locations.be\/nl\/#organization"},"potentialAction":[{"@type":"SearchAction","target":{"@type":"EntryPoint","urlTemplate":"https:\/\/ml-locations.be\/nl\/?s={search_term_string}"},"query-input":{"@type":"PropertyValueSpecification","valueRequired":true,"valueName":"search_term_string"}}],"inLanguage":"nl-NL"},{"@type":"Organization","@id":"https:\/\/ml-locations.be\/nl\/#organization","name":"ML Locations","url":"https:\/\/ml-locations.be\/nl\/","logo":{"@type":"ImageObject","inLanguage":"nl-NL","@id":"https:\/\/ml-locations.be\/nl\/#\/schema\/logo\/image\/","url":"https:\/\/ml-locations.be\/wp-content\/uploads\/2018\/05\/LOGO-location-BON.png","contentUrl":"https:\/\/ml-locations.be\/wp-content\/uploads\/2018\/05\/LOGO-location-BON.png","width":1200,"height":1200,"caption":"ML Locations"},"image":{"@id":"https:\/\/ml-locations.be\/nl\/#\/schema\/logo\/image\/"}}]}},"_links":{"self":[{"href":"https:\/\/ml-locations.be\/nl\/wp-json\/wp\/v2\/product\/1734","targetHints":{"allow":["GET"]}}],"collection":[{"href":"https:\/\/ml-locations.be\/nl\/wp-json\/wp\/v2\/product"}],"about":[{"href":"https:\/\/ml-locations.be\/nl\/wp-json\/wp\/v2\/types\/product"}],"wp:featuredmedia":[{"embeddable":true,"href":"https:\/\/ml-locations.be\/nl\/wp-json\/wp\/v2\/media\/1886"}],"wp:attachment":[{"href":"https:\/\/ml-locations.be\/nl\/wp-json\/wp\/v2\/media?parent=1734"}],"wp:term":[{"taxonomy":"product_brand","embeddable":true,"href":"https:\/\/ml-locations.be\/nl\/wp-json\/wp\/v2\/product_brand?post=1734"},{"taxonomy":"product_cat","embeddable":true,"href":"https:\/\/ml-locations.be\/nl\/wp-json\/wp\/v2\/product_cat?post=1734"},{"taxonomy":"product_tag","embeddable":true,"href":"https:\/\/ml-locations.be\/nl\/wp-json\/wp\/v2\/product_tag?post=1734"}],"curies":[{"name":"wp","href":"https:\/\/api.w.org\/{rel}","templated":true}]}}