{"id":1741,"date":"2017-04-11T14:33:19","date_gmt":"2017-04-11T12:33:19","guid":{"rendered":"https:\/\/www.ml-locations.be\/\/locations\/tringle-sur-roulettes-220x220cm\/"},"modified":"2023-11-14T15:00:01","modified_gmt":"2023-11-14T14:00:01","slug":"tringle-portemanteau-sur-roulettes-163x220cm","status":"publish","type":"product","link":"https:\/\/ml-locations.be\/nl\/locations\/tringle-portemanteau-sur-roulettes-163x220cm\/","title":{"rendered":"Portemanteau sur roulettes &#8211; tringle (163x220cm)"},"content":{"rendered":"<p>L\u00e9g\u00e8re et r\u00e9sistante, ces <strong>tringles en location<\/strong> (<strong>portant vestiaire<\/strong>) avec cadre en m\u00e9tal et roulettes ont une largeur et une hauteur de 200 cm. Ces <strong>portants pour vestiaire<\/strong> peuvent porter 35 \u00e0 40 vestes et <strong>manteaux rang\u00e9s sur cintres (<a href=\"https:\/\/ml-locations.be\/locations\/cintres-boites-de-100\/\">louer des cintres<\/a>)<\/strong>, en fonction des tailles et \u00e9paisseurs des v\u00eatements. Ces <strong>porte-manteaux mobiles<\/strong> sont parfaits pour cr\u00e9er un vestiaire lors de vos soir\u00e9es, vos f\u00eates d\u2019anniversaires ou vos conf\u00e9rences. Les cintres pour porter vestes et\u00a0manteaux et pour accompagner vos <strong>tringles<\/strong> sont aussi disponibles en location. Possibilit\u00e9 de louer des housses noires ou blanches \u00e0 enfiler sur la <strong>tringle<\/strong> pour former une <strong><a href=\"https:\/\/ml-locations.be\/locations\/paroi-de-separation-mobile\/\">cloison de s\u00e9paration mobile<\/a><\/strong>\u00a0(hauteur 200 cm) pout vos <strong>\u00e9v\u00e9nements<\/strong>. Ces <strong>portemanteaux<\/strong> se montent et se d\u00e9montent facilement. Ils sont robustes, tr\u00e8s stables et facile \u00e0 d\u00e9placer. Les v\u00eatements de vos invit\u00e9s sont bien prot\u00e9g\u00e9s sur ces <strong>porte-manteaux<\/strong> en m\u00e9tal chrom\u00e9.<\/p>\n<p>Pour <strong>louer des tringles<\/strong> ou <strong>louer des portemanteaux<\/strong>, contactez-nous !<\/p>\n<p><strong>Dimension du portemanteau mobile en location :<\/strong><\/p>\n<ul>\n<li>Longueur : 206 cm<\/li>\n<li>Hauteur\u00a0: 163\u00a0cm<\/li>\n<li>Largeur\u00a0: 52\u00a0cm<\/li>\n<\/ul>\n","protected":false},"excerpt":{"rendered":"<p><strong>Tringle en location <\/strong>: louez ces <strong>portemanteaux mobiles\u00a0<\/strong>sur roulette ainsi que des <strong><a href=\"https:\/\/ml-locations.be\/locations\/cintres-boites-de-100\/\">cintres (boites de 40 cintres)<\/a>\u00a0<\/strong>afin de pouvoir y <strong>ranger\u00a0les vestes et\u00a0manteaux <\/strong>de vos <strong>invit\u00e9s <\/strong>lors de vos \u00e9v\u00e9nements. Ces <strong>portants<\/strong> pour v\u00eatement feront un <strong>vestiaire<\/strong> tr\u00e8s stables et peuvent contenir 35 \u00e0 40 vestes en fonction de leur \u00e9paisseur.<\/p>\n","protected":false},"featured_media":2791,"template":"","meta":{"_acf_changed":false},"product_brand":[],"product_cat":[6],"product_tag":[],"class_list":{"0":"post-1741","1":"product","2":"type-product","3":"status-publish","4":"has-post-thumbnail","6":"product_cat-mobilier","7":"description-off","9":"first","10":"instock","11":"taxable","12":"shipping-taxable","13":"purchasable","14":"product-type-variable"},"acf":[],"yoast_head":"<!-- This site is optimized with the Yoast SEO plugin v25.0 - https:\/\/yoast.com\/wordpress\/plugins\/seo\/ -->\n<title>Location de portemanteau - tringle \u00e0 roulettes |\u00a0ML Locations<\/title>\n<meta name=\"description\" content=\"Louez ces tringles \u00e0 roulettes (portemanteau 206cm x 163cm) avec ou sans cintre pour vos vestiaires sur \u00e9v\u00e9nements. Livraison possible\" \/>\n<meta name=\"robots\" content=\"index, follow, max-snippet:-1, max-image-preview:large, max-video-preview:-1\" \/>\n<link rel=\"canonical\" href=\"https:\/\/ml-locations.be\/nl\/locations\/tringle-portemanteau-sur-roulettes-163x220cm\/\" \/>\n<meta property=\"og:locale\" content=\"nl_NL\" \/>\n<meta property=\"og:type\" content=\"article\" \/>\n<meta property=\"og:title\" content=\"Location de portemanteau - tringle \u00e0 roulettes |\u00a0ML Locations\" \/>\n<meta property=\"og:description\" content=\"Louez ces tringles \u00e0 roulettes (portemanteau 206cm x 163cm) avec ou sans cintre pour vos vestiaires sur \u00e9v\u00e9nements. Livraison possible\" \/>\n<meta property=\"og:url\" content=\"https:\/\/ml-locations.be\/nl\/locations\/tringle-portemanteau-sur-roulettes-163x220cm\/\" \/>\n<meta property=\"og:site_name\" content=\"ML Locations\" \/>\n<meta property=\"article:modified_time\" content=\"2023-11-14T14:00:01+00:00\" \/>\n<meta property=\"og:image\" content=\"https:\/\/ml-locations.be\/wp-content\/uploads\/2017\/04\/Tringles-a-vetements-porte-manteau-en-location.jpg\" \/>\n\t<meta property=\"og:image:width\" content=\"1000\" \/>\n\t<meta property=\"og:image:height\" content=\"1000\" \/>\n\t<meta property=\"og:image:type\" content=\"image\/jpeg\" \/>\n<meta name=\"twitter:card\" content=\"summary_large_image\" \/>\n<meta name=\"twitter:label1\" content=\"Geschatte leestijd\" \/>\n\t<meta name=\"twitter:data1\" content=\"1 minuut\" \/>\n<script type=\"application\/ld+json\" class=\"yoast-schema-graph\">{\"@context\":\"https:\/\/schema.org\",\"@graph\":[{\"@type\":\"WebPage\",\"@id\":\"https:\/\/ml-locations.be\/nl\/locations\/tringle-portemanteau-sur-roulettes-163x220cm\/\",\"url\":\"https:\/\/ml-locations.be\/nl\/locations\/tringle-portemanteau-sur-roulettes-163x220cm\/\",\"name\":\"Location de portemanteau - tringle \u00e0 roulettes |\u00a0ML Locations\",\"isPartOf\":{\"@id\":\"https:\/\/ml-locations.be\/nl\/#website\"},\"primaryImageOfPage\":{\"@id\":\"https:\/\/ml-locations.be\/nl\/locations\/tringle-portemanteau-sur-roulettes-163x220cm\/#primaryimage\"},\"image\":{\"@id\":\"https:\/\/ml-locations.be\/nl\/locations\/tringle-portemanteau-sur-roulettes-163x220cm\/#primaryimage\"},\"thumbnailUrl\":\"https:\/\/ml-locations.be\/wp-content\/uploads\/2017\/04\/Tringles-a-vetements-porte-manteau-en-location.jpg\",\"datePublished\":\"2017-04-11T12:33:19+00:00\",\"dateModified\":\"2023-11-14T14:00:01+00:00\",\"description\":\"Louez ces tringles \u00e0 roulettes (portemanteau 206cm x 163cm) avec ou sans cintre pour vos vestiaires sur \u00e9v\u00e9nements. Livraison possible\",\"breadcrumb\":{\"@id\":\"https:\/\/ml-locations.be\/nl\/locations\/tringle-portemanteau-sur-roulettes-163x220cm\/#breadcrumb\"},\"inLanguage\":\"nl-NL\",\"potentialAction\":[{\"@type\":\"ReadAction\",\"target\":[\"https:\/\/ml-locations.be\/nl\/locations\/tringle-portemanteau-sur-roulettes-163x220cm\/\"]}]},{\"@type\":\"ImageObject\",\"inLanguage\":\"nl-NL\",\"@id\":\"https:\/\/ml-locations.be\/nl\/locations\/tringle-portemanteau-sur-roulettes-163x220cm\/#primaryimage\",\"url\":\"https:\/\/ml-locations.be\/wp-content\/uploads\/2017\/04\/Tringles-a-vetements-porte-manteau-en-location.jpg\",\"contentUrl\":\"https:\/\/ml-locations.be\/wp-content\/uploads\/2017\/04\/Tringles-a-vetements-porte-manteau-en-location.jpg\",\"width\":1000,\"height\":1000,\"caption\":\"Tringles a\u0300 ve\u0302tements - porte manteau en location\"},{\"@type\":\"BreadcrumbList\",\"@id\":\"https:\/\/ml-locations.be\/nl\/locations\/tringle-portemanteau-sur-roulettes-163x220cm\/#breadcrumb\",\"itemListElement\":[{\"@type\":\"ListItem\",\"position\":1,\"name\":\"Accueil\",\"item\":\"https:\/\/ml-locations.be\/nl\/\"},{\"@type\":\"ListItem\",\"position\":2,\"name\":\"Winkel\",\"item\":\"https:\/\/ml-locations.be\/nl\/winkel\/\"},{\"@type\":\"ListItem\",\"position\":3,\"name\":\"Portemanteau sur roulettes &#8211; tringle (163x220cm)\"}]},{\"@type\":\"WebSite\",\"@id\":\"https:\/\/ml-locations.be\/nl\/#website\",\"url\":\"https:\/\/ml-locations.be\/nl\/\",\"name\":\"ML Locations\",\"description\":\"Mat\u00e9riel \u00e9v\u00e9nementiel : location chaise, table et mange debout, mat\u00e9riel horeca, frigos,...\",\"publisher\":{\"@id\":\"https:\/\/ml-locations.be\/nl\/#organization\"},\"potentialAction\":[{\"@type\":\"SearchAction\",\"target\":{\"@type\":\"EntryPoint\",\"urlTemplate\":\"https:\/\/ml-locations.be\/nl\/?s={search_term_string}\"},\"query-input\":{\"@type\":\"PropertyValueSpecification\",\"valueRequired\":true,\"valueName\":\"search_term_string\"}}],\"inLanguage\":\"nl-NL\"},{\"@type\":\"Organization\",\"@id\":\"https:\/\/ml-locations.be\/nl\/#organization\",\"name\":\"ML Locations\",\"url\":\"https:\/\/ml-locations.be\/nl\/\",\"logo\":{\"@type\":\"ImageObject\",\"inLanguage\":\"nl-NL\",\"@id\":\"https:\/\/ml-locations.be\/nl\/#\/schema\/logo\/image\/\",\"url\":\"https:\/\/ml-locations.be\/wp-content\/uploads\/2018\/05\/LOGO-location-BON.png\",\"contentUrl\":\"https:\/\/ml-locations.be\/wp-content\/uploads\/2018\/05\/LOGO-location-BON.png\",\"width\":1200,\"height\":1200,\"caption\":\"ML Locations\"},\"image\":{\"@id\":\"https:\/\/ml-locations.be\/nl\/#\/schema\/logo\/image\/\"}}]}<\/script>\n<!-- \/ Yoast SEO plugin. -->","yoast_head_json":{"title":"Location de portemanteau - tringle \u00e0 roulettes |\u00a0ML Locations","description":"Louez ces tringles \u00e0 roulettes (portemanteau 206cm x 163cm) avec ou sans cintre pour vos vestiaires sur \u00e9v\u00e9nements. Livraison possible","robots":{"index":"index","follow":"follow","max-snippet":"max-snippet:-1","max-image-preview":"max-image-preview:large","max-video-preview":"max-video-preview:-1"},"canonical":"https:\/\/ml-locations.be\/nl\/locations\/tringle-portemanteau-sur-roulettes-163x220cm\/","og_locale":"nl_NL","og_type":"article","og_title":"Location de portemanteau - tringle \u00e0 roulettes |\u00a0ML Locations","og_description":"Louez ces tringles \u00e0 roulettes (portemanteau 206cm x 163cm) avec ou sans cintre pour vos vestiaires sur \u00e9v\u00e9nements. Livraison possible","og_url":"https:\/\/ml-locations.be\/nl\/locations\/tringle-portemanteau-sur-roulettes-163x220cm\/","og_site_name":"ML Locations","article_modified_time":"2023-11-14T14:00:01+00:00","og_image":[{"width":1000,"height":1000,"url":"https:\/\/ml-locations.be\/wp-content\/uploads\/2017\/04\/Tringles-a-vetements-porte-manteau-en-location.jpg","type":"image\/jpeg"}],"twitter_card":"summary_large_image","twitter_misc":{"Geschatte leestijd":"1 minuut"},"schema":{"@context":"https:\/\/schema.org","@graph":[{"@type":"WebPage","@id":"https:\/\/ml-locations.be\/nl\/locations\/tringle-portemanteau-sur-roulettes-163x220cm\/","url":"https:\/\/ml-locations.be\/nl\/locations\/tringle-portemanteau-sur-roulettes-163x220cm\/","name":"Location de portemanteau - tringle \u00e0 roulettes |\u00a0ML Locations","isPartOf":{"@id":"https:\/\/ml-locations.be\/nl\/#website"},"primaryImageOfPage":{"@id":"https:\/\/ml-locations.be\/nl\/locations\/tringle-portemanteau-sur-roulettes-163x220cm\/#primaryimage"},"image":{"@id":"https:\/\/ml-locations.be\/nl\/locations\/tringle-portemanteau-sur-roulettes-163x220cm\/#primaryimage"},"thumbnailUrl":"https:\/\/ml-locations.be\/wp-content\/uploads\/2017\/04\/Tringles-a-vetements-porte-manteau-en-location.jpg","datePublished":"2017-04-11T12:33:19+00:00","dateModified":"2023-11-14T14:00:01+00:00","description":"Louez ces tringles \u00e0 roulettes (portemanteau 206cm x 163cm) avec ou sans cintre pour vos vestiaires sur \u00e9v\u00e9nements. Livraison possible","breadcrumb":{"@id":"https:\/\/ml-locations.be\/nl\/locations\/tringle-portemanteau-sur-roulettes-163x220cm\/#breadcrumb"},"inLanguage":"nl-NL","potentialAction":[{"@type":"ReadAction","target":["https:\/\/ml-locations.be\/nl\/locations\/tringle-portemanteau-sur-roulettes-163x220cm\/"]}]},{"@type":"ImageObject","inLanguage":"nl-NL","@id":"https:\/\/ml-locations.be\/nl\/locations\/tringle-portemanteau-sur-roulettes-163x220cm\/#primaryimage","url":"https:\/\/ml-locations.be\/wp-content\/uploads\/2017\/04\/Tringles-a-vetements-porte-manteau-en-location.jpg","contentUrl":"https:\/\/ml-locations.be\/wp-content\/uploads\/2017\/04\/Tringles-a-vetements-porte-manteau-en-location.jpg","width":1000,"height":1000,"caption":"Tringles a\u0300 ve\u0302tements - porte manteau en location"},{"@type":"BreadcrumbList","@id":"https:\/\/ml-locations.be\/nl\/locations\/tringle-portemanteau-sur-roulettes-163x220cm\/#breadcrumb","itemListElement":[{"@type":"ListItem","position":1,"name":"Accueil","item":"https:\/\/ml-locations.be\/nl\/"},{"@type":"ListItem","position":2,"name":"Winkel","item":"https:\/\/ml-locations.be\/nl\/winkel\/"},{"@type":"ListItem","position":3,"name":"Portemanteau sur roulettes &#8211; tringle (163x220cm)"}]},{"@type":"WebSite","@id":"https:\/\/ml-locations.be\/nl\/#website","url":"https:\/\/ml-locations.be\/nl\/","name":"ML Locations","description":"Mat\u00e9riel \u00e9v\u00e9nementiel : location chaise, table et mange debout, mat\u00e9riel horeca, frigos,...","publisher":{"@id":"https:\/\/ml-locations.be\/nl\/#organization"},"potentialAction":[{"@type":"SearchAction","target":{"@type":"EntryPoint","urlTemplate":"https:\/\/ml-locations.be\/nl\/?s={search_term_string}"},"query-input":{"@type":"PropertyValueSpecification","valueRequired":true,"valueName":"search_term_string"}}],"inLanguage":"nl-NL"},{"@type":"Organization","@id":"https:\/\/ml-locations.be\/nl\/#organization","name":"ML Locations","url":"https:\/\/ml-locations.be\/nl\/","logo":{"@type":"ImageObject","inLanguage":"nl-NL","@id":"https:\/\/ml-locations.be\/nl\/#\/schema\/logo\/image\/","url":"https:\/\/ml-locations.be\/wp-content\/uploads\/2018\/05\/LOGO-location-BON.png","contentUrl":"https:\/\/ml-locations.be\/wp-content\/uploads\/2018\/05\/LOGO-location-BON.png","width":1200,"height":1200,"caption":"ML Locations"},"image":{"@id":"https:\/\/ml-locations.be\/nl\/#\/schema\/logo\/image\/"}}]}},"_links":{"self":[{"href":"https:\/\/ml-locations.be\/nl\/wp-json\/wp\/v2\/product\/1741","targetHints":{"allow":["GET"]}}],"collection":[{"href":"https:\/\/ml-locations.be\/nl\/wp-json\/wp\/v2\/product"}],"about":[{"href":"https:\/\/ml-locations.be\/nl\/wp-json\/wp\/v2\/types\/product"}],"wp:featuredmedia":[{"embeddable":true,"href":"https:\/\/ml-locations.be\/nl\/wp-json\/wp\/v2\/media\/2791"}],"wp:attachment":[{"href":"https:\/\/ml-locations.be\/nl\/wp-json\/wp\/v2\/media?parent=1741"}],"wp:term":[{"taxonomy":"product_brand","embeddable":true,"href":"https:\/\/ml-locations.be\/nl\/wp-json\/wp\/v2\/product_brand?post=1741"},{"taxonomy":"product_cat","embeddable":true,"href":"https:\/\/ml-locations.be\/nl\/wp-json\/wp\/v2\/product_cat?post=1741"},{"taxonomy":"product_tag","embeddable":true,"href":"https:\/\/ml-locations.be\/nl\/wp-json\/wp\/v2\/product_tag?post=1741"}],"curies":[{"name":"wp","href":"https:\/\/api.w.org\/{rel}","templated":true}]}}