{"id":1744,"date":"2017-04-11T14:33:19","date_gmt":"2017-04-11T12:33:19","guid":{"rendered":"https:\/\/www.ml-locations.be\/\/locations\/paroi-de-separation-sur-roulette-blanc\/"},"modified":"2025-07-16T14:34:02","modified_gmt":"2025-07-16T12:34:02","slug":"paroi-de-separation-mobile","status":"publish","type":"product","link":"https:\/\/ml-locations.be\/nl\/locations\/paroi-de-separation-mobile\/","title":{"rendered":"Paroi de s\u00e9paration &#8211; cloison sur roulette"},"content":{"rendered":"<p>Vous avez besoin d&#8217;une solution rapide pour <strong>cloisonner<\/strong> ou <strong>s\u00e9parer des espaces<\/strong> lors de vos <strong>\u00e9v\u00e9nements<\/strong> ? Ces <strong>cloisons sur roulettes<\/strong> sont parfaites pour cela : elles sont tr\u00e8s robustes et tr\u00e8s stables ! Les <strong>cloisons modulables<\/strong> que nous vous proposons \u00e0 la location\u00a0sont l\u00e9g\u00e8res et r\u00e9sistantes, avec un cadre et quatre\u00a0roues en m\u00e9tal. Elles peuvent aussi \u00eatre utilis\u00e9es sans housse pour servir de <a href=\"https:\/\/ml-locations.be\/locations\/tringle-portemanteau-sur-roulettes-163x220cm\/\"><strong>portemanteau mobile (tringle sur roulette)<\/strong><\/a>, de porte <a href=\"https:\/\/ml-locations.be\/locations\/cintres-boites-de-100\/\">cintres<\/a> ou de <a href=\"https:\/\/ml-locations.be\/locations\/tringle-portemanteau-sur-roulettes-163x220cm\/\">tringle \u00e0 v\u00eatements<\/a>\u00a0(par l&#8217;usage d&#8217;une housse et d&#8217;une rehausse, les tringles sur roulettes se transforment en ces cloisons mobiles). Les housses sont disponibles en <a href=\"https:\/\/ml-locations.be\/locations\/coat-cover-noir\/\">noir<\/a> ou en <a href=\"https:\/\/ml-locations.be\/locations\/coat-cover-blanc\/\">blanc<\/a>. Ces <strong>cloisons de s\u00e9paration mobiles<\/strong> sont indispensables dans vos <strong>salles de f\u00eate<\/strong> ou de <strong>conf\u00e9rence.\u00a0<\/strong><\/p>\n<p><strong>Dimensions de la cloison de s\u00e9paration :<\/strong><\/p>\n<ul>\n<li>Largeur\u00a0: 200 cm<\/li>\n<li>Hauteur\u00a0: 220 cm<\/li>\n<\/ul>\n","protected":false},"excerpt":{"rendered":"<p><strong>Cloisons de s\u00e9paration mobiles<\/strong> blanches ou noires :\u00a0id\u00e9ales pour la s\u00e9paration de grands espaces, ces <strong>cloisons de s\u00e9parations amovibles<\/strong> sont tr\u00e8s stables gr\u00e2ce \u00e0 leurs 4 roues, faciles \u00e0 monter et \u00e0 d\u00e9monter.<\/p>\n","protected":false},"featured_media":2954,"template":"","meta":{"_acf_changed":false},"product_brand":[],"product_cat":[6],"product_tag":[],"class_list":{"0":"post-1744","1":"product","2":"type-product","3":"status-publish","4":"has-post-thumbnail","6":"product_cat-mobilier","7":"description-off","9":"first","10":"instock","11":"taxable","12":"shipping-taxable","13":"purchasable","14":"product-type-variable"},"acf":[],"yoast_head":"<!-- This site is optimized with the Yoast SEO plugin v25.0 - https:\/\/yoast.com\/wordpress\/plugins\/seo\/ -->\n<title>Paroi de s\u00e9paration - cloison mobile en location | ML Locations<\/title>\n<meta name=\"description\" content=\"Location de cloisons de s\u00e9paration (paroi sur roulette) de 2x2m pour s\u00e9parer des espaces lors d&#039;\u00e9v\u00e9nements : l\u00e9g\u00e8res et r\u00e9sistantes !\" \/>\n<meta name=\"robots\" content=\"index, follow, max-snippet:-1, max-image-preview:large, max-video-preview:-1\" \/>\n<link rel=\"canonical\" href=\"https:\/\/ml-locations.be\/nl\/locations\/paroi-de-separation-mobile\/\" \/>\n<meta property=\"og:locale\" content=\"nl_NL\" \/>\n<meta property=\"og:type\" content=\"article\" \/>\n<meta property=\"og:title\" content=\"Paroi de s\u00e9paration - cloison mobile en location | ML Locations\" \/>\n<meta property=\"og:description\" content=\"Location de cloisons de s\u00e9paration (paroi sur roulette) de 2x2m pour s\u00e9parer des espaces lors d&#039;\u00e9v\u00e9nements : l\u00e9g\u00e8res et r\u00e9sistantes !\" \/>\n<meta property=\"og:url\" content=\"https:\/\/ml-locations.be\/nl\/locations\/paroi-de-separation-mobile\/\" \/>\n<meta property=\"og:site_name\" content=\"ML Locations\" \/>\n<meta property=\"article:modified_time\" content=\"2025-07-16T12:34:02+00:00\" \/>\n<meta property=\"og:image\" content=\"https:\/\/ml-locations.be\/wp-content\/uploads\/2017\/04\/cloison-de-separation-noire-1.jpg\" \/>\n\t<meta property=\"og:image:width\" content=\"1000\" \/>\n\t<meta property=\"og:image:height\" content=\"1000\" \/>\n\t<meta property=\"og:image:type\" content=\"image\/jpeg\" \/>\n<meta name=\"twitter:card\" content=\"summary_large_image\" \/>\n<meta name=\"twitter:label1\" content=\"Geschatte leestijd\" \/>\n\t<meta name=\"twitter:data1\" content=\"1 minuut\" \/>\n<script type=\"application\/ld+json\" class=\"yoast-schema-graph\">{\"@context\":\"https:\/\/schema.org\",\"@graph\":[{\"@type\":\"WebPage\",\"@id\":\"https:\/\/ml-locations.be\/nl\/locations\/paroi-de-separation-mobile\/\",\"url\":\"https:\/\/ml-locations.be\/nl\/locations\/paroi-de-separation-mobile\/\",\"name\":\"Paroi de s\u00e9paration - cloison mobile en location | ML Locations\",\"isPartOf\":{\"@id\":\"https:\/\/ml-locations.be\/nl\/#website\"},\"primaryImageOfPage\":{\"@id\":\"https:\/\/ml-locations.be\/nl\/locations\/paroi-de-separation-mobile\/#primaryimage\"},\"image\":{\"@id\":\"https:\/\/ml-locations.be\/nl\/locations\/paroi-de-separation-mobile\/#primaryimage\"},\"thumbnailUrl\":\"https:\/\/ml-locations.be\/wp-content\/uploads\/2017\/04\/cloison-de-separation-noire-1.jpg\",\"datePublished\":\"2017-04-11T12:33:19+00:00\",\"dateModified\":\"2025-07-16T12:34:02+00:00\",\"description\":\"Location de cloisons de s\u00e9paration (paroi sur roulette) de 2x2m pour s\u00e9parer des espaces lors d'\u00e9v\u00e9nements : l\u00e9g\u00e8res et r\u00e9sistantes !\",\"breadcrumb\":{\"@id\":\"https:\/\/ml-locations.be\/nl\/locations\/paroi-de-separation-mobile\/#breadcrumb\"},\"inLanguage\":\"nl-NL\",\"potentialAction\":[{\"@type\":\"ReadAction\",\"target\":[\"https:\/\/ml-locations.be\/nl\/locations\/paroi-de-separation-mobile\/\"]}]},{\"@type\":\"ImageObject\",\"inLanguage\":\"nl-NL\",\"@id\":\"https:\/\/ml-locations.be\/nl\/locations\/paroi-de-separation-mobile\/#primaryimage\",\"url\":\"https:\/\/ml-locations.be\/wp-content\/uploads\/2017\/04\/cloison-de-separation-noire-1.jpg\",\"contentUrl\":\"https:\/\/ml-locations.be\/wp-content\/uploads\/2017\/04\/cloison-de-separation-noire-1.jpg\",\"width\":1000,\"height\":1000,\"caption\":\"Location de cloison de s\u00e9paration\"},{\"@type\":\"BreadcrumbList\",\"@id\":\"https:\/\/ml-locations.be\/nl\/locations\/paroi-de-separation-mobile\/#breadcrumb\",\"itemListElement\":[{\"@type\":\"ListItem\",\"position\":1,\"name\":\"Accueil\",\"item\":\"https:\/\/ml-locations.be\/nl\/\"},{\"@type\":\"ListItem\",\"position\":2,\"name\":\"Winkel\",\"item\":\"https:\/\/ml-locations.be\/nl\/winkel\/\"},{\"@type\":\"ListItem\",\"position\":3,\"name\":\"Paroi de s\u00e9paration &#8211; cloison sur roulette\"}]},{\"@type\":\"WebSite\",\"@id\":\"https:\/\/ml-locations.be\/nl\/#website\",\"url\":\"https:\/\/ml-locations.be\/nl\/\",\"name\":\"ML Locations\",\"description\":\"Mat\u00e9riel \u00e9v\u00e9nementiel : location chaise, table et mange debout, mat\u00e9riel horeca, frigos,...\",\"publisher\":{\"@id\":\"https:\/\/ml-locations.be\/nl\/#organization\"},\"potentialAction\":[{\"@type\":\"SearchAction\",\"target\":{\"@type\":\"EntryPoint\",\"urlTemplate\":\"https:\/\/ml-locations.be\/nl\/?s={search_term_string}\"},\"query-input\":{\"@type\":\"PropertyValueSpecification\",\"valueRequired\":true,\"valueName\":\"search_term_string\"}}],\"inLanguage\":\"nl-NL\"},{\"@type\":\"Organization\",\"@id\":\"https:\/\/ml-locations.be\/nl\/#organization\",\"name\":\"ML Locations\",\"url\":\"https:\/\/ml-locations.be\/nl\/\",\"logo\":{\"@type\":\"ImageObject\",\"inLanguage\":\"nl-NL\",\"@id\":\"https:\/\/ml-locations.be\/nl\/#\/schema\/logo\/image\/\",\"url\":\"https:\/\/ml-locations.be\/wp-content\/uploads\/2018\/05\/LOGO-location-BON.png\",\"contentUrl\":\"https:\/\/ml-locations.be\/wp-content\/uploads\/2018\/05\/LOGO-location-BON.png\",\"width\":1200,\"height\":1200,\"caption\":\"ML Locations\"},\"image\":{\"@id\":\"https:\/\/ml-locations.be\/nl\/#\/schema\/logo\/image\/\"}}]}<\/script>\n<!-- \/ Yoast SEO plugin. -->","yoast_head_json":{"title":"Paroi de s\u00e9paration - cloison mobile en location | ML Locations","description":"Location de cloisons de s\u00e9paration (paroi sur roulette) de 2x2m pour s\u00e9parer des espaces lors d'\u00e9v\u00e9nements : l\u00e9g\u00e8res et r\u00e9sistantes !","robots":{"index":"index","follow":"follow","max-snippet":"max-snippet:-1","max-image-preview":"max-image-preview:large","max-video-preview":"max-video-preview:-1"},"canonical":"https:\/\/ml-locations.be\/nl\/locations\/paroi-de-separation-mobile\/","og_locale":"nl_NL","og_type":"article","og_title":"Paroi de s\u00e9paration - cloison mobile en location | ML Locations","og_description":"Location de cloisons de s\u00e9paration (paroi sur roulette) de 2x2m pour s\u00e9parer des espaces lors d'\u00e9v\u00e9nements : l\u00e9g\u00e8res et r\u00e9sistantes !","og_url":"https:\/\/ml-locations.be\/nl\/locations\/paroi-de-separation-mobile\/","og_site_name":"ML Locations","article_modified_time":"2025-07-16T12:34:02+00:00","og_image":[{"width":1000,"height":1000,"url":"https:\/\/ml-locations.be\/wp-content\/uploads\/2017\/04\/cloison-de-separation-noire-1.jpg","type":"image\/jpeg"}],"twitter_card":"summary_large_image","twitter_misc":{"Geschatte leestijd":"1 minuut"},"schema":{"@context":"https:\/\/schema.org","@graph":[{"@type":"WebPage","@id":"https:\/\/ml-locations.be\/nl\/locations\/paroi-de-separation-mobile\/","url":"https:\/\/ml-locations.be\/nl\/locations\/paroi-de-separation-mobile\/","name":"Paroi de s\u00e9paration - cloison mobile en location | ML Locations","isPartOf":{"@id":"https:\/\/ml-locations.be\/nl\/#website"},"primaryImageOfPage":{"@id":"https:\/\/ml-locations.be\/nl\/locations\/paroi-de-separation-mobile\/#primaryimage"},"image":{"@id":"https:\/\/ml-locations.be\/nl\/locations\/paroi-de-separation-mobile\/#primaryimage"},"thumbnailUrl":"https:\/\/ml-locations.be\/wp-content\/uploads\/2017\/04\/cloison-de-separation-noire-1.jpg","datePublished":"2017-04-11T12:33:19+00:00","dateModified":"2025-07-16T12:34:02+00:00","description":"Location de cloisons de s\u00e9paration (paroi sur roulette) de 2x2m pour s\u00e9parer des espaces lors d'\u00e9v\u00e9nements : l\u00e9g\u00e8res et r\u00e9sistantes !","breadcrumb":{"@id":"https:\/\/ml-locations.be\/nl\/locations\/paroi-de-separation-mobile\/#breadcrumb"},"inLanguage":"nl-NL","potentialAction":[{"@type":"ReadAction","target":["https:\/\/ml-locations.be\/nl\/locations\/paroi-de-separation-mobile\/"]}]},{"@type":"ImageObject","inLanguage":"nl-NL","@id":"https:\/\/ml-locations.be\/nl\/locations\/paroi-de-separation-mobile\/#primaryimage","url":"https:\/\/ml-locations.be\/wp-content\/uploads\/2017\/04\/cloison-de-separation-noire-1.jpg","contentUrl":"https:\/\/ml-locations.be\/wp-content\/uploads\/2017\/04\/cloison-de-separation-noire-1.jpg","width":1000,"height":1000,"caption":"Location de cloison de s\u00e9paration"},{"@type":"BreadcrumbList","@id":"https:\/\/ml-locations.be\/nl\/locations\/paroi-de-separation-mobile\/#breadcrumb","itemListElement":[{"@type":"ListItem","position":1,"name":"Accueil","item":"https:\/\/ml-locations.be\/nl\/"},{"@type":"ListItem","position":2,"name":"Winkel","item":"https:\/\/ml-locations.be\/nl\/winkel\/"},{"@type":"ListItem","position":3,"name":"Paroi de s\u00e9paration &#8211; cloison sur roulette"}]},{"@type":"WebSite","@id":"https:\/\/ml-locations.be\/nl\/#website","url":"https:\/\/ml-locations.be\/nl\/","name":"ML Locations","description":"Mat\u00e9riel \u00e9v\u00e9nementiel : location chaise, table et mange debout, mat\u00e9riel horeca, frigos,...","publisher":{"@id":"https:\/\/ml-locations.be\/nl\/#organization"},"potentialAction":[{"@type":"SearchAction","target":{"@type":"EntryPoint","urlTemplate":"https:\/\/ml-locations.be\/nl\/?s={search_term_string}"},"query-input":{"@type":"PropertyValueSpecification","valueRequired":true,"valueName":"search_term_string"}}],"inLanguage":"nl-NL"},{"@type":"Organization","@id":"https:\/\/ml-locations.be\/nl\/#organization","name":"ML Locations","url":"https:\/\/ml-locations.be\/nl\/","logo":{"@type":"ImageObject","inLanguage":"nl-NL","@id":"https:\/\/ml-locations.be\/nl\/#\/schema\/logo\/image\/","url":"https:\/\/ml-locations.be\/wp-content\/uploads\/2018\/05\/LOGO-location-BON.png","contentUrl":"https:\/\/ml-locations.be\/wp-content\/uploads\/2018\/05\/LOGO-location-BON.png","width":1200,"height":1200,"caption":"ML Locations"},"image":{"@id":"https:\/\/ml-locations.be\/nl\/#\/schema\/logo\/image\/"}}]}},"_links":{"self":[{"href":"https:\/\/ml-locations.be\/nl\/wp-json\/wp\/v2\/product\/1744","targetHints":{"allow":["GET"]}}],"collection":[{"href":"https:\/\/ml-locations.be\/nl\/wp-json\/wp\/v2\/product"}],"about":[{"href":"https:\/\/ml-locations.be\/nl\/wp-json\/wp\/v2\/types\/product"}],"wp:featuredmedia":[{"embeddable":true,"href":"https:\/\/ml-locations.be\/nl\/wp-json\/wp\/v2\/media\/2954"}],"wp:attachment":[{"href":"https:\/\/ml-locations.be\/nl\/wp-json\/wp\/v2\/media?parent=1744"}],"wp:term":[{"taxonomy":"product_brand","embeddable":true,"href":"https:\/\/ml-locations.be\/nl\/wp-json\/wp\/v2\/product_brand?post=1744"},{"taxonomy":"product_cat","embeddable":true,"href":"https:\/\/ml-locations.be\/nl\/wp-json\/wp\/v2\/product_cat?post=1744"},{"taxonomy":"product_tag","embeddable":true,"href":"https:\/\/ml-locations.be\/nl\/wp-json\/wp\/v2\/product_tag?post=1744"}],"curies":[{"name":"wp","href":"https:\/\/api.w.org\/{rel}","templated":true}]}}