{"id":1748,"date":"2017-04-11T14:33:19","date_gmt":"2017-04-11T12:33:19","guid":{"rendered":"https:\/\/www.ml-locations.be\/\/locations\/bar-en-panneaux-de-leontine-7m\/"},"modified":"2017-05-08T13:52:19","modified_gmt":"2017-05-08T11:52:19","slug":"bar-en-panneaux-de-leontine-7m","status":"publish","type":"product","link":"https:\/\/ml-locations.be\/nl\/locations\/bar-en-panneaux-de-leontine-7m\/","title":{"rendered":"Bar en panneaux de L\u00e9ontine 7m"},"content":{"rendered":"<p>Ce <strong>bar en location<\/strong> est une cr\u00e9ation originale de notre \u00e9quipe. Ce\u00a0<strong>bar fait de panneaux en L\u00e9ontine<\/strong> (bois), ce bar en bois design existe en deux dimensions\u00a0: 4,20 m et 7 m. Ces panneaux sont tr\u00e8s r\u00e9sistants \u00e0 l\u2019humidit\u00e9 et \u00e0 l\u2019eau, ce qui permet d\u2019utiliser le bar aussi bien en int\u00e9rieur qu\u2019en ext\u00e9rieur. Id\u00e9al pour vos soir\u00e9es, vos r\u00e9ceptions ou vos anniversaires.<\/p>\n<p>Si vous d\u00e9sirez louer d\u2019autres bars ou modules de bars, consultez notre rubrique de <a href=\"https:\/\/ml-locations.be\/location\/mobilier\/mobilier-pour-bar-a-louer\/\"><strong>mobilier de bar en location<\/strong><\/a>.<\/p>\n<p><strong>Dimensions du bar :<\/strong><\/p>\n<ul>\n<li>Longueur\u00a0: 7 m<\/li>\n<li>Hauteur\u00a0: 1,10 m<\/li>\n<\/ul>\n","protected":false},"excerpt":{"rendered":"<p><strong>Location de bar en panneau de L\u00e9ontine<\/strong>, id\u00e9al pour r\u00e9aliser un bar en bois et apporter un c\u00f4t\u00e9 original et unique \u00e0 vos <strong>\u00e9v\u00e9nements<\/strong>.<\/p>\n","protected":false},"featured_media":2777,"template":"","meta":{"_acf_changed":false},"product_brand":[],"product_cat":[6,14],"product_tag":[208,202],"class_list":{"0":"post-1748","1":"product","2":"type-product","3":"status-publish","4":"has-post-thumbnail","6":"product_cat-mobilier","7":"product_cat-mobilier-pour-bar-a-louer","8":"product_tag-location-materiel-bar","9":"product_tag-location-mobilier-design","10":"description-off","12":"first","13":"instock","14":"taxable","15":"shipping-taxable","16":"purchasable","17":"product-type-simple"},"acf":[],"yoast_head":"<!-- This site is optimized with the Yoast SEO plugin v25.0 - https:\/\/yoast.com\/wordpress\/plugins\/seo\/ -->\n<title>Bar en panneaux de L\u00e9ontine 7m | ML Locations<\/title>\n<meta name=\"robots\" content=\"index, follow, max-snippet:-1, max-image-preview:large, max-video-preview:-1\" \/>\n<link rel=\"canonical\" href=\"https:\/\/ml-locations.be\/nl\/locations\/bar-en-panneaux-de-leontine-7m\/\" \/>\n<meta property=\"og:locale\" content=\"nl_NL\" \/>\n<meta property=\"og:type\" content=\"article\" \/>\n<meta property=\"og:title\" content=\"Bar en panneaux de L\u00e9ontine 7m | ML Locations\" \/>\n<meta property=\"og:description\" content=\"Location de bar en panneau de L\u00e9ontine, id\u00e9al pour r\u00e9aliser un bar en bois et apporter un c\u00f4t\u00e9 original et unique \u00e0 vos \u00e9v\u00e9nements.\" \/>\n<meta property=\"og:url\" content=\"https:\/\/ml-locations.be\/nl\/locations\/bar-en-panneaux-de-leontine-7m\/\" \/>\n<meta property=\"og:site_name\" content=\"ML Locations\" \/>\n<meta property=\"article:modified_time\" content=\"2017-05-08T11:52:19+00:00\" \/>\n<meta property=\"og:image\" content=\"https:\/\/ml-locations.be\/wp-content\/uploads\/2017\/04\/Bar-en-leontine.jpg\" \/>\n\t<meta property=\"og:image:width\" content=\"1024\" \/>\n\t<meta property=\"og:image:height\" content=\"684\" \/>\n\t<meta property=\"og:image:type\" content=\"image\/jpeg\" \/>\n<meta name=\"twitter:card\" content=\"summary_large_image\" \/>\n<meta name=\"twitter:label1\" content=\"Geschatte leestijd\" \/>\n\t<meta name=\"twitter:data1\" content=\"1 minuut\" \/>\n<script type=\"application\/ld+json\" class=\"yoast-schema-graph\">{\"@context\":\"https:\/\/schema.org\",\"@graph\":[{\"@type\":\"WebPage\",\"@id\":\"https:\/\/ml-locations.be\/nl\/locations\/bar-en-panneaux-de-leontine-7m\/\",\"url\":\"https:\/\/ml-locations.be\/nl\/locations\/bar-en-panneaux-de-leontine-7m\/\",\"name\":\"Bar en panneaux de L\u00e9ontine 7m | ML Locations\",\"isPartOf\":{\"@id\":\"https:\/\/ml-locations.be\/nl\/#website\"},\"primaryImageOfPage\":{\"@id\":\"https:\/\/ml-locations.be\/nl\/locations\/bar-en-panneaux-de-leontine-7m\/#primaryimage\"},\"image\":{\"@id\":\"https:\/\/ml-locations.be\/nl\/locations\/bar-en-panneaux-de-leontine-7m\/#primaryimage\"},\"thumbnailUrl\":\"https:\/\/ml-locations.be\/wp-content\/uploads\/2017\/04\/Bar-en-leontine.jpg\",\"datePublished\":\"2017-04-11T12:33:19+00:00\",\"dateModified\":\"2017-05-08T11:52:19+00:00\",\"breadcrumb\":{\"@id\":\"https:\/\/ml-locations.be\/nl\/locations\/bar-en-panneaux-de-leontine-7m\/#breadcrumb\"},\"inLanguage\":\"nl-NL\",\"potentialAction\":[{\"@type\":\"ReadAction\",\"target\":[\"https:\/\/ml-locations.be\/nl\/locations\/bar-en-panneaux-de-leontine-7m\/\"]}]},{\"@type\":\"ImageObject\",\"inLanguage\":\"nl-NL\",\"@id\":\"https:\/\/ml-locations.be\/nl\/locations\/bar-en-panneaux-de-leontine-7m\/#primaryimage\",\"url\":\"https:\/\/ml-locations.be\/wp-content\/uploads\/2017\/04\/Bar-en-leontine.jpg\",\"contentUrl\":\"https:\/\/ml-locations.be\/wp-content\/uploads\/2017\/04\/Bar-en-leontine.jpg\",\"width\":1024,\"height\":684,\"caption\":\"Bar en le\u0301ontine - bar en location\"},{\"@type\":\"BreadcrumbList\",\"@id\":\"https:\/\/ml-locations.be\/nl\/locations\/bar-en-panneaux-de-leontine-7m\/#breadcrumb\",\"itemListElement\":[{\"@type\":\"ListItem\",\"position\":1,\"name\":\"Accueil\",\"item\":\"https:\/\/ml-locations.be\/nl\/\"},{\"@type\":\"ListItem\",\"position\":2,\"name\":\"Winkel\",\"item\":\"https:\/\/ml-locations.be\/nl\/winkel\/\"},{\"@type\":\"ListItem\",\"position\":3,\"name\":\"Bar en panneaux de L\u00e9ontine 7m\"}]},{\"@type\":\"WebSite\",\"@id\":\"https:\/\/ml-locations.be\/nl\/#website\",\"url\":\"https:\/\/ml-locations.be\/nl\/\",\"name\":\"ML Locations\",\"description\":\"Mat\u00e9riel \u00e9v\u00e9nementiel : location chaise, table et mange debout, mat\u00e9riel horeca, frigos,...\",\"publisher\":{\"@id\":\"https:\/\/ml-locations.be\/nl\/#organization\"},\"potentialAction\":[{\"@type\":\"SearchAction\",\"target\":{\"@type\":\"EntryPoint\",\"urlTemplate\":\"https:\/\/ml-locations.be\/nl\/?s={search_term_string}\"},\"query-input\":{\"@type\":\"PropertyValueSpecification\",\"valueRequired\":true,\"valueName\":\"search_term_string\"}}],\"inLanguage\":\"nl-NL\"},{\"@type\":\"Organization\",\"@id\":\"https:\/\/ml-locations.be\/nl\/#organization\",\"name\":\"ML Locations\",\"url\":\"https:\/\/ml-locations.be\/nl\/\",\"logo\":{\"@type\":\"ImageObject\",\"inLanguage\":\"nl-NL\",\"@id\":\"https:\/\/ml-locations.be\/nl\/#\/schema\/logo\/image\/\",\"url\":\"https:\/\/ml-locations.be\/wp-content\/uploads\/2018\/05\/LOGO-location-BON.png\",\"contentUrl\":\"https:\/\/ml-locations.be\/wp-content\/uploads\/2018\/05\/LOGO-location-BON.png\",\"width\":1200,\"height\":1200,\"caption\":\"ML Locations\"},\"image\":{\"@id\":\"https:\/\/ml-locations.be\/nl\/#\/schema\/logo\/image\/\"}}]}<\/script>\n<!-- \/ Yoast SEO plugin. -->","yoast_head_json":{"title":"Bar en panneaux de L\u00e9ontine 7m | ML Locations","robots":{"index":"index","follow":"follow","max-snippet":"max-snippet:-1","max-image-preview":"max-image-preview:large","max-video-preview":"max-video-preview:-1"},"canonical":"https:\/\/ml-locations.be\/nl\/locations\/bar-en-panneaux-de-leontine-7m\/","og_locale":"nl_NL","og_type":"article","og_title":"Bar en panneaux de L\u00e9ontine 7m | ML Locations","og_description":"Location de bar en panneau de L\u00e9ontine, id\u00e9al pour r\u00e9aliser un bar en bois et apporter un c\u00f4t\u00e9 original et unique \u00e0 vos \u00e9v\u00e9nements.","og_url":"https:\/\/ml-locations.be\/nl\/locations\/bar-en-panneaux-de-leontine-7m\/","og_site_name":"ML Locations","article_modified_time":"2017-05-08T11:52:19+00:00","og_image":[{"width":1024,"height":684,"url":"https:\/\/ml-locations.be\/wp-content\/uploads\/2017\/04\/Bar-en-leontine.jpg","type":"image\/jpeg"}],"twitter_card":"summary_large_image","twitter_misc":{"Geschatte leestijd":"1 minuut"},"schema":{"@context":"https:\/\/schema.org","@graph":[{"@type":"WebPage","@id":"https:\/\/ml-locations.be\/nl\/locations\/bar-en-panneaux-de-leontine-7m\/","url":"https:\/\/ml-locations.be\/nl\/locations\/bar-en-panneaux-de-leontine-7m\/","name":"Bar en panneaux de L\u00e9ontine 7m | ML Locations","isPartOf":{"@id":"https:\/\/ml-locations.be\/nl\/#website"},"primaryImageOfPage":{"@id":"https:\/\/ml-locations.be\/nl\/locations\/bar-en-panneaux-de-leontine-7m\/#primaryimage"},"image":{"@id":"https:\/\/ml-locations.be\/nl\/locations\/bar-en-panneaux-de-leontine-7m\/#primaryimage"},"thumbnailUrl":"https:\/\/ml-locations.be\/wp-content\/uploads\/2017\/04\/Bar-en-leontine.jpg","datePublished":"2017-04-11T12:33:19+00:00","dateModified":"2017-05-08T11:52:19+00:00","breadcrumb":{"@id":"https:\/\/ml-locations.be\/nl\/locations\/bar-en-panneaux-de-leontine-7m\/#breadcrumb"},"inLanguage":"nl-NL","potentialAction":[{"@type":"ReadAction","target":["https:\/\/ml-locations.be\/nl\/locations\/bar-en-panneaux-de-leontine-7m\/"]}]},{"@type":"ImageObject","inLanguage":"nl-NL","@id":"https:\/\/ml-locations.be\/nl\/locations\/bar-en-panneaux-de-leontine-7m\/#primaryimage","url":"https:\/\/ml-locations.be\/wp-content\/uploads\/2017\/04\/Bar-en-leontine.jpg","contentUrl":"https:\/\/ml-locations.be\/wp-content\/uploads\/2017\/04\/Bar-en-leontine.jpg","width":1024,"height":684,"caption":"Bar en le\u0301ontine - bar en location"},{"@type":"BreadcrumbList","@id":"https:\/\/ml-locations.be\/nl\/locations\/bar-en-panneaux-de-leontine-7m\/#breadcrumb","itemListElement":[{"@type":"ListItem","position":1,"name":"Accueil","item":"https:\/\/ml-locations.be\/nl\/"},{"@type":"ListItem","position":2,"name":"Winkel","item":"https:\/\/ml-locations.be\/nl\/winkel\/"},{"@type":"ListItem","position":3,"name":"Bar en panneaux de L\u00e9ontine 7m"}]},{"@type":"WebSite","@id":"https:\/\/ml-locations.be\/nl\/#website","url":"https:\/\/ml-locations.be\/nl\/","name":"ML Locations","description":"Mat\u00e9riel \u00e9v\u00e9nementiel : location chaise, table et mange debout, mat\u00e9riel horeca, frigos,...","publisher":{"@id":"https:\/\/ml-locations.be\/nl\/#organization"},"potentialAction":[{"@type":"SearchAction","target":{"@type":"EntryPoint","urlTemplate":"https:\/\/ml-locations.be\/nl\/?s={search_term_string}"},"query-input":{"@type":"PropertyValueSpecification","valueRequired":true,"valueName":"search_term_string"}}],"inLanguage":"nl-NL"},{"@type":"Organization","@id":"https:\/\/ml-locations.be\/nl\/#organization","name":"ML Locations","url":"https:\/\/ml-locations.be\/nl\/","logo":{"@type":"ImageObject","inLanguage":"nl-NL","@id":"https:\/\/ml-locations.be\/nl\/#\/schema\/logo\/image\/","url":"https:\/\/ml-locations.be\/wp-content\/uploads\/2018\/05\/LOGO-location-BON.png","contentUrl":"https:\/\/ml-locations.be\/wp-content\/uploads\/2018\/05\/LOGO-location-BON.png","width":1200,"height":1200,"caption":"ML Locations"},"image":{"@id":"https:\/\/ml-locations.be\/nl\/#\/schema\/logo\/image\/"}}]}},"_links":{"self":[{"href":"https:\/\/ml-locations.be\/nl\/wp-json\/wp\/v2\/product\/1748","targetHints":{"allow":["GET"]}}],"collection":[{"href":"https:\/\/ml-locations.be\/nl\/wp-json\/wp\/v2\/product"}],"about":[{"href":"https:\/\/ml-locations.be\/nl\/wp-json\/wp\/v2\/types\/product"}],"wp:featuredmedia":[{"embeddable":true,"href":"https:\/\/ml-locations.be\/nl\/wp-json\/wp\/v2\/media\/2777"}],"wp:attachment":[{"href":"https:\/\/ml-locations.be\/nl\/wp-json\/wp\/v2\/media?parent=1748"}],"wp:term":[{"taxonomy":"product_brand","embeddable":true,"href":"https:\/\/ml-locations.be\/nl\/wp-json\/wp\/v2\/product_brand?post=1748"},{"taxonomy":"product_cat","embeddable":true,"href":"https:\/\/ml-locations.be\/nl\/wp-json\/wp\/v2\/product_cat?post=1748"},{"taxonomy":"product_tag","embeddable":true,"href":"https:\/\/ml-locations.be\/nl\/wp-json\/wp\/v2\/product_tag?post=1748"}],"curies":[{"name":"wp","href":"https:\/\/api.w.org\/{rel}","templated":true}]}}