{"id":1754,"date":"2017-04-11T14:33:19","date_gmt":"2017-04-11T12:33:19","guid":{"rendered":"https:\/\/www.ml-locations.be\/\/locations\/pupitre-en-plexiglass\/"},"modified":"2017-05-08T13:52:23","modified_gmt":"2017-05-08T11:52:23","slug":"pupitre-en-plexiglass","status":"publish","type":"product","link":"https:\/\/ml-locations.be\/nl\/locations\/pupitre-en-plexiglass\/","title":{"rendered":"Pupitre en plexiglass"},"content":{"rendered":"<p>Ce <strong>pupitre en plexiglass<\/strong> permet \u00e0 l\u2019orateur d\u2019\u00eatre mis en avant lors d\u2019un discours, d\u2019une conf\u00e9rence sur sc\u00e8ne. Le pupitre permet de lire debout ou d\u2019\u00e9crire. Tr\u00e8s pratique car cela permet d\u2019avoir les mains libres. Le pupitre est muni d\u2019un <strong>plan inclin\u00e9<\/strong>, ce qui permet de consulter plus facilement son document ou son livre ouvert.<\/p>\n<p><strong>Dimensions du pupitre en plexiglass :<\/strong><\/p>\n<ul>\n<li>Hauteur sans tablette\u00a0: 1,1 m,<\/li>\n<li>Hauteur avec tablette\u00a0: 1,50 m,<\/li>\n<li>Largeur\u00a0: 0,54 m.<\/li>\n<\/ul>\n","protected":false},"excerpt":{"rendered":"<p><strong>Pupitre plexi<\/strong>, id\u00e9al pour vos <strong>conf\u00e9rences<\/strong>, <strong>discours<\/strong> ou <strong>meeting<\/strong>. Il s\u2019utilise \u00e0 l\u2019int\u00e9rieur ainsi qu\u2019\u00e0 l\u2019ext\u00e9rieur.<\/p>\n","protected":false},"featured_media":2388,"template":"","meta":{"_acf_changed":false},"product_brand":[],"product_cat":[6],"product_tag":[],"class_list":{"0":"post-1754","1":"product","2":"type-product","3":"status-publish","4":"has-post-thumbnail","6":"product_cat-mobilier","7":"description-off","9":"first","10":"instock","11":"taxable","12":"shipping-taxable","13":"purchasable","14":"product-type-simple"},"acf":[],"yoast_head":"<!-- This site is optimized with the Yoast SEO plugin v25.0 - https:\/\/yoast.com\/wordpress\/plugins\/seo\/ -->\n<title>Pupitre en plexiglass | ML Locations<\/title>\n<meta name=\"robots\" content=\"index, follow, max-snippet:-1, max-image-preview:large, max-video-preview:-1\" \/>\n<link rel=\"canonical\" href=\"https:\/\/ml-locations.be\/nl\/locations\/pupitre-en-plexiglass\/\" \/>\n<meta property=\"og:locale\" content=\"nl_NL\" \/>\n<meta property=\"og:type\" content=\"article\" \/>\n<meta property=\"og:title\" content=\"Pupitre en plexiglass | ML Locations\" \/>\n<meta property=\"og:description\" content=\"Pupitre plexi, id\u00e9al pour vos conf\u00e9rences, discours ou meeting. Il s\u2019utilise \u00e0 l\u2019int\u00e9rieur ainsi qu\u2019\u00e0 l\u2019ext\u00e9rieur.\" \/>\n<meta property=\"og:url\" content=\"https:\/\/ml-locations.be\/nl\/locations\/pupitre-en-plexiglass\/\" \/>\n<meta property=\"og:site_name\" content=\"ML Locations\" \/>\n<meta property=\"article:modified_time\" content=\"2017-05-08T11:52:23+00:00\" \/>\n<meta property=\"og:image\" content=\"https:\/\/ml-locations.be\/wp-content\/uploads\/2017\/04\/pupitre-plexi-2.png\" \/>\n\t<meta property=\"og:image:width\" content=\"1000\" \/>\n\t<meta property=\"og:image:height\" content=\"1000\" \/>\n\t<meta property=\"og:image:type\" content=\"image\/png\" \/>\n<meta name=\"twitter:card\" content=\"summary_large_image\" \/>\n<script type=\"application\/ld+json\" class=\"yoast-schema-graph\">{\"@context\":\"https:\/\/schema.org\",\"@graph\":[{\"@type\":\"WebPage\",\"@id\":\"https:\/\/ml-locations.be\/nl\/locations\/pupitre-en-plexiglass\/\",\"url\":\"https:\/\/ml-locations.be\/nl\/locations\/pupitre-en-plexiglass\/\",\"name\":\"Pupitre en plexiglass | ML Locations\",\"isPartOf\":{\"@id\":\"https:\/\/ml-locations.be\/nl\/#website\"},\"primaryImageOfPage\":{\"@id\":\"https:\/\/ml-locations.be\/nl\/locations\/pupitre-en-plexiglass\/#primaryimage\"},\"image\":{\"@id\":\"https:\/\/ml-locations.be\/nl\/locations\/pupitre-en-plexiglass\/#primaryimage\"},\"thumbnailUrl\":\"https:\/\/ml-locations.be\/wp-content\/uploads\/2017\/04\/pupitre-plexi-2.png\",\"datePublished\":\"2017-04-11T12:33:19+00:00\",\"dateModified\":\"2017-05-08T11:52:23+00:00\",\"breadcrumb\":{\"@id\":\"https:\/\/ml-locations.be\/nl\/locations\/pupitre-en-plexiglass\/#breadcrumb\"},\"inLanguage\":\"nl-NL\",\"potentialAction\":[{\"@type\":\"ReadAction\",\"target\":[\"https:\/\/ml-locations.be\/nl\/locations\/pupitre-en-plexiglass\/\"]}]},{\"@type\":\"ImageObject\",\"inLanguage\":\"nl-NL\",\"@id\":\"https:\/\/ml-locations.be\/nl\/locations\/pupitre-en-plexiglass\/#primaryimage\",\"url\":\"https:\/\/ml-locations.be\/wp-content\/uploads\/2017\/04\/pupitre-plexi-2.png\",\"contentUrl\":\"https:\/\/ml-locations.be\/wp-content\/uploads\/2017\/04\/pupitre-plexi-2.png\",\"width\":1000,\"height\":1000,\"caption\":\"pupitre plexi - mobilier en location\"},{\"@type\":\"BreadcrumbList\",\"@id\":\"https:\/\/ml-locations.be\/nl\/locations\/pupitre-en-plexiglass\/#breadcrumb\",\"itemListElement\":[{\"@type\":\"ListItem\",\"position\":1,\"name\":\"Accueil\",\"item\":\"https:\/\/ml-locations.be\/nl\/\"},{\"@type\":\"ListItem\",\"position\":2,\"name\":\"Winkel\",\"item\":\"https:\/\/ml-locations.be\/nl\/winkel\/\"},{\"@type\":\"ListItem\",\"position\":3,\"name\":\"Pupitre en plexiglass\"}]},{\"@type\":\"WebSite\",\"@id\":\"https:\/\/ml-locations.be\/nl\/#website\",\"url\":\"https:\/\/ml-locations.be\/nl\/\",\"name\":\"ML Locations\",\"description\":\"Mat\u00e9riel \u00e9v\u00e9nementiel : location chaise, table et mange debout, mat\u00e9riel horeca, frigos,...\",\"publisher\":{\"@id\":\"https:\/\/ml-locations.be\/nl\/#organization\"},\"potentialAction\":[{\"@type\":\"SearchAction\",\"target\":{\"@type\":\"EntryPoint\",\"urlTemplate\":\"https:\/\/ml-locations.be\/nl\/?s={search_term_string}\"},\"query-input\":{\"@type\":\"PropertyValueSpecification\",\"valueRequired\":true,\"valueName\":\"search_term_string\"}}],\"inLanguage\":\"nl-NL\"},{\"@type\":\"Organization\",\"@id\":\"https:\/\/ml-locations.be\/nl\/#organization\",\"name\":\"ML Locations\",\"url\":\"https:\/\/ml-locations.be\/nl\/\",\"logo\":{\"@type\":\"ImageObject\",\"inLanguage\":\"nl-NL\",\"@id\":\"https:\/\/ml-locations.be\/nl\/#\/schema\/logo\/image\/\",\"url\":\"https:\/\/ml-locations.be\/wp-content\/uploads\/2018\/05\/LOGO-location-BON.png\",\"contentUrl\":\"https:\/\/ml-locations.be\/wp-content\/uploads\/2018\/05\/LOGO-location-BON.png\",\"width\":1200,\"height\":1200,\"caption\":\"ML Locations\"},\"image\":{\"@id\":\"https:\/\/ml-locations.be\/nl\/#\/schema\/logo\/image\/\"}}]}<\/script>\n<!-- \/ Yoast SEO plugin. -->","yoast_head_json":{"title":"Pupitre en plexiglass | ML Locations","robots":{"index":"index","follow":"follow","max-snippet":"max-snippet:-1","max-image-preview":"max-image-preview:large","max-video-preview":"max-video-preview:-1"},"canonical":"https:\/\/ml-locations.be\/nl\/locations\/pupitre-en-plexiglass\/","og_locale":"nl_NL","og_type":"article","og_title":"Pupitre en plexiglass | ML Locations","og_description":"Pupitre plexi, id\u00e9al pour vos conf\u00e9rences, discours ou meeting. Il s\u2019utilise \u00e0 l\u2019int\u00e9rieur ainsi qu\u2019\u00e0 l\u2019ext\u00e9rieur.","og_url":"https:\/\/ml-locations.be\/nl\/locations\/pupitre-en-plexiglass\/","og_site_name":"ML Locations","article_modified_time":"2017-05-08T11:52:23+00:00","og_image":[{"width":1000,"height":1000,"url":"https:\/\/ml-locations.be\/wp-content\/uploads\/2017\/04\/pupitre-plexi-2.png","type":"image\/png"}],"twitter_card":"summary_large_image","schema":{"@context":"https:\/\/schema.org","@graph":[{"@type":"WebPage","@id":"https:\/\/ml-locations.be\/nl\/locations\/pupitre-en-plexiglass\/","url":"https:\/\/ml-locations.be\/nl\/locations\/pupitre-en-plexiglass\/","name":"Pupitre en plexiglass | ML Locations","isPartOf":{"@id":"https:\/\/ml-locations.be\/nl\/#website"},"primaryImageOfPage":{"@id":"https:\/\/ml-locations.be\/nl\/locations\/pupitre-en-plexiglass\/#primaryimage"},"image":{"@id":"https:\/\/ml-locations.be\/nl\/locations\/pupitre-en-plexiglass\/#primaryimage"},"thumbnailUrl":"https:\/\/ml-locations.be\/wp-content\/uploads\/2017\/04\/pupitre-plexi-2.png","datePublished":"2017-04-11T12:33:19+00:00","dateModified":"2017-05-08T11:52:23+00:00","breadcrumb":{"@id":"https:\/\/ml-locations.be\/nl\/locations\/pupitre-en-plexiglass\/#breadcrumb"},"inLanguage":"nl-NL","potentialAction":[{"@type":"ReadAction","target":["https:\/\/ml-locations.be\/nl\/locations\/pupitre-en-plexiglass\/"]}]},{"@type":"ImageObject","inLanguage":"nl-NL","@id":"https:\/\/ml-locations.be\/nl\/locations\/pupitre-en-plexiglass\/#primaryimage","url":"https:\/\/ml-locations.be\/wp-content\/uploads\/2017\/04\/pupitre-plexi-2.png","contentUrl":"https:\/\/ml-locations.be\/wp-content\/uploads\/2017\/04\/pupitre-plexi-2.png","width":1000,"height":1000,"caption":"pupitre plexi - mobilier en location"},{"@type":"BreadcrumbList","@id":"https:\/\/ml-locations.be\/nl\/locations\/pupitre-en-plexiglass\/#breadcrumb","itemListElement":[{"@type":"ListItem","position":1,"name":"Accueil","item":"https:\/\/ml-locations.be\/nl\/"},{"@type":"ListItem","position":2,"name":"Winkel","item":"https:\/\/ml-locations.be\/nl\/winkel\/"},{"@type":"ListItem","position":3,"name":"Pupitre en plexiglass"}]},{"@type":"WebSite","@id":"https:\/\/ml-locations.be\/nl\/#website","url":"https:\/\/ml-locations.be\/nl\/","name":"ML Locations","description":"Mat\u00e9riel \u00e9v\u00e9nementiel : location chaise, table et mange debout, mat\u00e9riel horeca, frigos,...","publisher":{"@id":"https:\/\/ml-locations.be\/nl\/#organization"},"potentialAction":[{"@type":"SearchAction","target":{"@type":"EntryPoint","urlTemplate":"https:\/\/ml-locations.be\/nl\/?s={search_term_string}"},"query-input":{"@type":"PropertyValueSpecification","valueRequired":true,"valueName":"search_term_string"}}],"inLanguage":"nl-NL"},{"@type":"Organization","@id":"https:\/\/ml-locations.be\/nl\/#organization","name":"ML Locations","url":"https:\/\/ml-locations.be\/nl\/","logo":{"@type":"ImageObject","inLanguage":"nl-NL","@id":"https:\/\/ml-locations.be\/nl\/#\/schema\/logo\/image\/","url":"https:\/\/ml-locations.be\/wp-content\/uploads\/2018\/05\/LOGO-location-BON.png","contentUrl":"https:\/\/ml-locations.be\/wp-content\/uploads\/2018\/05\/LOGO-location-BON.png","width":1200,"height":1200,"caption":"ML Locations"},"image":{"@id":"https:\/\/ml-locations.be\/nl\/#\/schema\/logo\/image\/"}}]}},"_links":{"self":[{"href":"https:\/\/ml-locations.be\/nl\/wp-json\/wp\/v2\/product\/1754","targetHints":{"allow":["GET"]}}],"collection":[{"href":"https:\/\/ml-locations.be\/nl\/wp-json\/wp\/v2\/product"}],"about":[{"href":"https:\/\/ml-locations.be\/nl\/wp-json\/wp\/v2\/types\/product"}],"wp:featuredmedia":[{"embeddable":true,"href":"https:\/\/ml-locations.be\/nl\/wp-json\/wp\/v2\/media\/2388"}],"wp:attachment":[{"href":"https:\/\/ml-locations.be\/nl\/wp-json\/wp\/v2\/media?parent=1754"}],"wp:term":[{"taxonomy":"product_brand","embeddable":true,"href":"https:\/\/ml-locations.be\/nl\/wp-json\/wp\/v2\/product_brand?post=1754"},{"taxonomy":"product_cat","embeddable":true,"href":"https:\/\/ml-locations.be\/nl\/wp-json\/wp\/v2\/product_cat?post=1754"},{"taxonomy":"product_tag","embeddable":true,"href":"https:\/\/ml-locations.be\/nl\/wp-json\/wp\/v2\/product_tag?post=1754"}],"curies":[{"name":"wp","href":"https:\/\/api.w.org\/{rel}","templated":true}]}}