{"id":1759,"date":"2017-04-11T14:33:23","date_gmt":"2017-04-11T12:33:23","guid":{"rendered":"https:\/\/www.ml-locations.be\/\/locations\/nappe-table-mange-debout-blanche\/"},"modified":"2019-10-30T18:06:17","modified_gmt":"2019-10-30T17:06:17","slug":"nappe-table-mange-debout-blanche","status":"publish","type":"product","link":"https:\/\/ml-locations.be\/nl\/locations\/nappe-table-mange-debout-blanche\/","title":{"rendered":"Nappe table mange-debout blanche"},"content":{"rendered":"<h2>Description des nappes blanches pour mange-debout :<\/h2>\n<p><span style=\"color: #ff0000;\"><em><strong>Les nappes blanches pour mange-debout sont vendues \u00e0 chaque fois, elles ne sont pas en location.\u00a0<\/strong><\/em><\/span><\/p>\n<p>Cette <strong>housse blanche pour mange-debout<\/strong> (table haute pliante 85 cm de diam\u00e8tre) est compos\u00e9 de 90% de polyester et de 10% d\u2019\u00e9lasthane. Elles habilleront avec style vos tables <strong>hautes pliantes mange-debout<\/strong>. Lors de la <a href=\"http:\/\/www.ml-locations.be\/locations\/table-mange-debout-o-85cm\/\"><strong>location de mange-debout<\/strong><\/a>, pr\u00e9cisez le nombre de nappes (housses) souhait\u00e9es. Les nappes blanches pour tables mange-debout ne sont pas reprises apr\u00e8s l\u2019\u00e9v\u00e9nement.<\/p>\n","protected":false},"excerpt":{"rendered":"<p>Housse blanche pour table haute (mange-debout 85 cm de diam\u00e8tre). <span style=\"color: #ff0000;\"><strong>Les nappes blanches pour mange-debout sont vendues \u00e0 chaque fois, elles ne sont pas en location.\u00a0<\/strong><\/span><\/p>\n","protected":false},"featured_media":2547,"template":"","meta":{"_acf_changed":false},"product_brand":[],"product_cat":[126,15],"product_tag":[214],"class_list":{"0":"post-1759","1":"product","2":"type-product","3":"status-publish","4":"has-post-thumbnail","6":"product_cat-decorations-pour-evenements","7":"product_cat-nappes-serviettes-en-location","8":"product_tag-location-materiel-banquet","9":"description-off","11":"first","12":"outofstock","13":"taxable","14":"shipping-taxable","15":"purchasable","16":"product-type-simple"},"acf":[],"yoast_head":"<!-- This site is optimized with the Yoast SEO plugin v25.0 - https:\/\/yoast.com\/wordpress\/plugins\/seo\/ -->\n<title>Nappe table mange-debout blanche | ML Locations<\/title>\n<meta name=\"robots\" content=\"index, follow, max-snippet:-1, max-image-preview:large, max-video-preview:-1\" \/>\n<link rel=\"canonical\" href=\"https:\/\/ml-locations.be\/nl\/locations\/nappe-table-mange-debout-blanche\/\" \/>\n<meta property=\"og:locale\" content=\"nl_NL\" \/>\n<meta property=\"og:type\" content=\"article\" \/>\n<meta property=\"og:title\" content=\"Nappe table mange-debout blanche | ML Locations\" \/>\n<meta property=\"og:description\" content=\"Housse blanche pour table haute (mange-debout 85 cm de diam\u00e8tre). Les nappes blanches pour mange-debout sont vendues \u00e0 chaque fois, elles ne sont pas en location.\u00a0\" \/>\n<meta property=\"og:url\" content=\"https:\/\/ml-locations.be\/nl\/locations\/nappe-table-mange-debout-blanche\/\" \/>\n<meta property=\"og:site_name\" content=\"ML Locations\" \/>\n<meta property=\"article:modified_time\" content=\"2019-10-30T17:06:17+00:00\" \/>\n<meta property=\"og:image\" content=\"https:\/\/ml-locations.be\/wp-content\/uploads\/2017\/04\/nappes-mange-debout-blanche.jpg\" \/>\n\t<meta property=\"og:image:width\" content=\"1000\" \/>\n\t<meta property=\"og:image:height\" content=\"1353\" \/>\n\t<meta property=\"og:image:type\" content=\"image\/jpeg\" \/>\n<meta name=\"twitter:card\" content=\"summary_large_image\" \/>\n<script type=\"application\/ld+json\" class=\"yoast-schema-graph\">{\"@context\":\"https:\/\/schema.org\",\"@graph\":[{\"@type\":\"WebPage\",\"@id\":\"https:\/\/ml-locations.be\/nl\/locations\/nappe-table-mange-debout-blanche\/\",\"url\":\"https:\/\/ml-locations.be\/nl\/locations\/nappe-table-mange-debout-blanche\/\",\"name\":\"Nappe table mange-debout blanche | ML Locations\",\"isPartOf\":{\"@id\":\"https:\/\/ml-locations.be\/nl\/#website\"},\"primaryImageOfPage\":{\"@id\":\"https:\/\/ml-locations.be\/nl\/locations\/nappe-table-mange-debout-blanche\/#primaryimage\"},\"image\":{\"@id\":\"https:\/\/ml-locations.be\/nl\/locations\/nappe-table-mange-debout-blanche\/#primaryimage\"},\"thumbnailUrl\":\"https:\/\/ml-locations.be\/wp-content\/uploads\/2017\/04\/nappes-mange-debout-blanche.jpg\",\"datePublished\":\"2017-04-11T12:33:23+00:00\",\"dateModified\":\"2019-10-30T17:06:17+00:00\",\"breadcrumb\":{\"@id\":\"https:\/\/ml-locations.be\/nl\/locations\/nappe-table-mange-debout-blanche\/#breadcrumb\"},\"inLanguage\":\"nl-NL\",\"potentialAction\":[{\"@type\":\"ReadAction\",\"target\":[\"https:\/\/ml-locations.be\/nl\/locations\/nappe-table-mange-debout-blanche\/\"]}]},{\"@type\":\"ImageObject\",\"inLanguage\":\"nl-NL\",\"@id\":\"https:\/\/ml-locations.be\/nl\/locations\/nappe-table-mange-debout-blanche\/#primaryimage\",\"url\":\"https:\/\/ml-locations.be\/wp-content\/uploads\/2017\/04\/nappes-mange-debout-blanche.jpg\",\"contentUrl\":\"https:\/\/ml-locations.be\/wp-content\/uploads\/2017\/04\/nappes-mange-debout-blanche.jpg\",\"width\":1000,\"height\":1353,\"caption\":\"Location de tables nappes mange debout blanche - Nappes en location\"},{\"@type\":\"BreadcrumbList\",\"@id\":\"https:\/\/ml-locations.be\/nl\/locations\/nappe-table-mange-debout-blanche\/#breadcrumb\",\"itemListElement\":[{\"@type\":\"ListItem\",\"position\":1,\"name\":\"Accueil\",\"item\":\"https:\/\/ml-locations.be\/nl\/\"},{\"@type\":\"ListItem\",\"position\":2,\"name\":\"Winkel\",\"item\":\"https:\/\/ml-locations.be\/nl\/winkel\/\"},{\"@type\":\"ListItem\",\"position\":3,\"name\":\"Nappe table mange-debout blanche\"}]},{\"@type\":\"WebSite\",\"@id\":\"https:\/\/ml-locations.be\/nl\/#website\",\"url\":\"https:\/\/ml-locations.be\/nl\/\",\"name\":\"ML Locations\",\"description\":\"Mat\u00e9riel \u00e9v\u00e9nementiel : location chaise, table et mange debout, mat\u00e9riel horeca, frigos,...\",\"publisher\":{\"@id\":\"https:\/\/ml-locations.be\/nl\/#organization\"},\"potentialAction\":[{\"@type\":\"SearchAction\",\"target\":{\"@type\":\"EntryPoint\",\"urlTemplate\":\"https:\/\/ml-locations.be\/nl\/?s={search_term_string}\"},\"query-input\":{\"@type\":\"PropertyValueSpecification\",\"valueRequired\":true,\"valueName\":\"search_term_string\"}}],\"inLanguage\":\"nl-NL\"},{\"@type\":\"Organization\",\"@id\":\"https:\/\/ml-locations.be\/nl\/#organization\",\"name\":\"ML Locations\",\"url\":\"https:\/\/ml-locations.be\/nl\/\",\"logo\":{\"@type\":\"ImageObject\",\"inLanguage\":\"nl-NL\",\"@id\":\"https:\/\/ml-locations.be\/nl\/#\/schema\/logo\/image\/\",\"url\":\"https:\/\/ml-locations.be\/wp-content\/uploads\/2018\/05\/LOGO-location-BON.png\",\"contentUrl\":\"https:\/\/ml-locations.be\/wp-content\/uploads\/2018\/05\/LOGO-location-BON.png\",\"width\":1200,\"height\":1200,\"caption\":\"ML Locations\"},\"image\":{\"@id\":\"https:\/\/ml-locations.be\/nl\/#\/schema\/logo\/image\/\"}}]}<\/script>\n<!-- \/ Yoast SEO plugin. -->","yoast_head_json":{"title":"Nappe table mange-debout blanche | ML Locations","robots":{"index":"index","follow":"follow","max-snippet":"max-snippet:-1","max-image-preview":"max-image-preview:large","max-video-preview":"max-video-preview:-1"},"canonical":"https:\/\/ml-locations.be\/nl\/locations\/nappe-table-mange-debout-blanche\/","og_locale":"nl_NL","og_type":"article","og_title":"Nappe table mange-debout blanche | ML Locations","og_description":"Housse blanche pour table haute (mange-debout 85 cm de diam\u00e8tre). Les nappes blanches pour mange-debout sont vendues \u00e0 chaque fois, elles ne sont pas en location.\u00a0","og_url":"https:\/\/ml-locations.be\/nl\/locations\/nappe-table-mange-debout-blanche\/","og_site_name":"ML Locations","article_modified_time":"2019-10-30T17:06:17+00:00","og_image":[{"width":1000,"height":1353,"url":"https:\/\/ml-locations.be\/wp-content\/uploads\/2017\/04\/nappes-mange-debout-blanche.jpg","type":"image\/jpeg"}],"twitter_card":"summary_large_image","schema":{"@context":"https:\/\/schema.org","@graph":[{"@type":"WebPage","@id":"https:\/\/ml-locations.be\/nl\/locations\/nappe-table-mange-debout-blanche\/","url":"https:\/\/ml-locations.be\/nl\/locations\/nappe-table-mange-debout-blanche\/","name":"Nappe table mange-debout blanche | ML Locations","isPartOf":{"@id":"https:\/\/ml-locations.be\/nl\/#website"},"primaryImageOfPage":{"@id":"https:\/\/ml-locations.be\/nl\/locations\/nappe-table-mange-debout-blanche\/#primaryimage"},"image":{"@id":"https:\/\/ml-locations.be\/nl\/locations\/nappe-table-mange-debout-blanche\/#primaryimage"},"thumbnailUrl":"https:\/\/ml-locations.be\/wp-content\/uploads\/2017\/04\/nappes-mange-debout-blanche.jpg","datePublished":"2017-04-11T12:33:23+00:00","dateModified":"2019-10-30T17:06:17+00:00","breadcrumb":{"@id":"https:\/\/ml-locations.be\/nl\/locations\/nappe-table-mange-debout-blanche\/#breadcrumb"},"inLanguage":"nl-NL","potentialAction":[{"@type":"ReadAction","target":["https:\/\/ml-locations.be\/nl\/locations\/nappe-table-mange-debout-blanche\/"]}]},{"@type":"ImageObject","inLanguage":"nl-NL","@id":"https:\/\/ml-locations.be\/nl\/locations\/nappe-table-mange-debout-blanche\/#primaryimage","url":"https:\/\/ml-locations.be\/wp-content\/uploads\/2017\/04\/nappes-mange-debout-blanche.jpg","contentUrl":"https:\/\/ml-locations.be\/wp-content\/uploads\/2017\/04\/nappes-mange-debout-blanche.jpg","width":1000,"height":1353,"caption":"Location de tables nappes mange debout blanche - Nappes en location"},{"@type":"BreadcrumbList","@id":"https:\/\/ml-locations.be\/nl\/locations\/nappe-table-mange-debout-blanche\/#breadcrumb","itemListElement":[{"@type":"ListItem","position":1,"name":"Accueil","item":"https:\/\/ml-locations.be\/nl\/"},{"@type":"ListItem","position":2,"name":"Winkel","item":"https:\/\/ml-locations.be\/nl\/winkel\/"},{"@type":"ListItem","position":3,"name":"Nappe table mange-debout blanche"}]},{"@type":"WebSite","@id":"https:\/\/ml-locations.be\/nl\/#website","url":"https:\/\/ml-locations.be\/nl\/","name":"ML Locations","description":"Mat\u00e9riel \u00e9v\u00e9nementiel : location chaise, table et mange debout, mat\u00e9riel horeca, frigos,...","publisher":{"@id":"https:\/\/ml-locations.be\/nl\/#organization"},"potentialAction":[{"@type":"SearchAction","target":{"@type":"EntryPoint","urlTemplate":"https:\/\/ml-locations.be\/nl\/?s={search_term_string}"},"query-input":{"@type":"PropertyValueSpecification","valueRequired":true,"valueName":"search_term_string"}}],"inLanguage":"nl-NL"},{"@type":"Organization","@id":"https:\/\/ml-locations.be\/nl\/#organization","name":"ML Locations","url":"https:\/\/ml-locations.be\/nl\/","logo":{"@type":"ImageObject","inLanguage":"nl-NL","@id":"https:\/\/ml-locations.be\/nl\/#\/schema\/logo\/image\/","url":"https:\/\/ml-locations.be\/wp-content\/uploads\/2018\/05\/LOGO-location-BON.png","contentUrl":"https:\/\/ml-locations.be\/wp-content\/uploads\/2018\/05\/LOGO-location-BON.png","width":1200,"height":1200,"caption":"ML Locations"},"image":{"@id":"https:\/\/ml-locations.be\/nl\/#\/schema\/logo\/image\/"}}]}},"_links":{"self":[{"href":"https:\/\/ml-locations.be\/nl\/wp-json\/wp\/v2\/product\/1759","targetHints":{"allow":["GET"]}}],"collection":[{"href":"https:\/\/ml-locations.be\/nl\/wp-json\/wp\/v2\/product"}],"about":[{"href":"https:\/\/ml-locations.be\/nl\/wp-json\/wp\/v2\/types\/product"}],"wp:featuredmedia":[{"embeddable":true,"href":"https:\/\/ml-locations.be\/nl\/wp-json\/wp\/v2\/media\/2547"}],"wp:attachment":[{"href":"https:\/\/ml-locations.be\/nl\/wp-json\/wp\/v2\/media?parent=1759"}],"wp:term":[{"taxonomy":"product_brand","embeddable":true,"href":"https:\/\/ml-locations.be\/nl\/wp-json\/wp\/v2\/product_brand?post=1759"},{"taxonomy":"product_cat","embeddable":true,"href":"https:\/\/ml-locations.be\/nl\/wp-json\/wp\/v2\/product_cat?post=1759"},{"taxonomy":"product_tag","embeddable":true,"href":"https:\/\/ml-locations.be\/nl\/wp-json\/wp\/v2\/product_tag?post=1759"}],"curies":[{"name":"wp","href":"https:\/\/api.w.org\/{rel}","templated":true}]}}