{"id":1763,"date":"2017-04-11T14:33:23","date_gmt":"2017-04-11T12:33:23","guid":{"rendered":"https:\/\/www.ml-locations.be\/\/locations\/nappe-tissu-240x240cm-table-ronde-10p\/"},"modified":"2018-06-11T16:33:21","modified_gmt":"2018-06-11T14:33:21","slug":"nappe-tissu-240x240cm-table-ronde-10p","status":"publish","type":"product","link":"https:\/\/ml-locations.be\/nl\/locations\/nappe-tissu-240x240cm-table-ronde-10p\/","title":{"rendered":"Nappe blanche 240x240cm (table ronde 10p)"},"content":{"rendered":"<p>Ces <strong>nappes en location de 240 cm sur 240 cm<\/strong> sont parfaites pour habiller et d\u00e9corer vos tables de banquets : un <strong>diner de mariage<\/strong>, un <strong>anniversaire<\/strong>, un <strong>banquet<\/strong>, une <strong>conf\u00e9rence<\/strong>,\u2026 Nos <strong>nappes<\/strong> conviennent pour tous vos <strong>\u00e9v\u00e8nements<\/strong>. Les <strong>nappes<\/strong> peuvent \u00eatre rendues sales apr\u00e8s la location, et ce sans risque de frais suppl\u00e9mentaires car le nettoyage des <strong>nappes<\/strong> est compris dans le prix de location. Louez ces magnifiques nappes afin de rendre vos tables accueillantes pour vos <strong>\u00e9v\u00e8nements<\/strong>.<\/p>\n<p><strong>Couleurs disponibles\u00a0:<\/strong> blanc, \u00e9cru, gris clair, noir, rouge, vert d\u2019eau, bleu clair, rose p\u00e2le<\/p>\n<p>Vous pouvez \u00e9galement louer les <a href=\"https:\/\/ml-locations.be\/locations\/location-table-ronde-180cm-12personnes\/\">tables rondes pour 10 personnes<\/a> correspondant \u00e0 ces nappes pour vos banquets de mariage, d\u2019anniversaire,&#8230;<\/p>\n","protected":false},"excerpt":{"rendered":"<p>Nappe en location : nappe de 240 cm sur 240 cm pour le dressage et la d\u00e9coration de vos tables pour tous vos \u00e9v\u00e8nements; un diner de mariage, un anniversaire, un banquet, une conf\u00e9rence,\u2026<\/p>\n","protected":false},"featured_media":3878,"template":"","meta":{"_acf_changed":false},"product_brand":[],"product_cat":[126,15],"product_tag":[214],"class_list":{"0":"post-1763","1":"product","2":"type-product","3":"status-publish","4":"has-post-thumbnail","6":"product_cat-decorations-pour-evenements","7":"product_cat-nappes-serviettes-en-location","8":"product_tag-location-materiel-banquet","9":"description-off","11":"first","12":"instock","13":"taxable","14":"shipping-taxable","15":"purchasable","16":"product-type-simple"},"acf":[],"yoast_head":"<!-- This site is optimized with the Yoast SEO plugin v25.0 - https:\/\/yoast.com\/wordpress\/plugins\/seo\/ -->\n<title>Nappe blanche 240x240cm (table ronde 10p) | ML Locations<\/title>\n<meta name=\"robots\" content=\"index, follow, max-snippet:-1, max-image-preview:large, max-video-preview:-1\" \/>\n<link rel=\"canonical\" href=\"https:\/\/ml-locations.be\/nl\/locations\/nappe-tissu-240x240cm-table-ronde-10p\/\" \/>\n<meta property=\"og:locale\" content=\"nl_NL\" \/>\n<meta property=\"og:type\" content=\"article\" \/>\n<meta property=\"og:title\" content=\"Nappe blanche 240x240cm (table ronde 10p) | ML Locations\" \/>\n<meta property=\"og:description\" content=\"Nappe en location : nappe de 240 cm sur 240 cm pour le dressage et la d\u00e9coration de vos tables pour tous vos \u00e9v\u00e8nements; un diner de mariage, un anniversaire, un banquet, une conf\u00e9rence,\u2026\" \/>\n<meta property=\"og:url\" content=\"https:\/\/ml-locations.be\/nl\/locations\/nappe-tissu-240x240cm-table-ronde-10p\/\" \/>\n<meta property=\"og:site_name\" content=\"ML Locations\" \/>\n<meta property=\"article:modified_time\" content=\"2018-06-11T14:33:21+00:00\" \/>\n<meta property=\"og:image\" content=\"https:\/\/ml-locations.be\/wp-content\/uploads\/2017\/04\/location-nappe-blanche-240x240-cm.jpg\" \/>\n\t<meta property=\"og:image:width\" content=\"800\" \/>\n\t<meta property=\"og:image:height\" content=\"800\" \/>\n\t<meta property=\"og:image:type\" content=\"image\/jpeg\" \/>\n<meta name=\"twitter:card\" content=\"summary_large_image\" \/>\n<meta name=\"twitter:label1\" content=\"Geschatte leestijd\" \/>\n\t<meta name=\"twitter:data1\" content=\"1 minuut\" \/>\n<script type=\"application\/ld+json\" class=\"yoast-schema-graph\">{\"@context\":\"https:\/\/schema.org\",\"@graph\":[{\"@type\":\"WebPage\",\"@id\":\"https:\/\/ml-locations.be\/nl\/locations\/nappe-tissu-240x240cm-table-ronde-10p\/\",\"url\":\"https:\/\/ml-locations.be\/nl\/locations\/nappe-tissu-240x240cm-table-ronde-10p\/\",\"name\":\"Nappe blanche 240x240cm (table ronde 10p) | ML Locations\",\"isPartOf\":{\"@id\":\"https:\/\/ml-locations.be\/nl\/#website\"},\"primaryImageOfPage\":{\"@id\":\"https:\/\/ml-locations.be\/nl\/locations\/nappe-tissu-240x240cm-table-ronde-10p\/#primaryimage\"},\"image\":{\"@id\":\"https:\/\/ml-locations.be\/nl\/locations\/nappe-tissu-240x240cm-table-ronde-10p\/#primaryimage\"},\"thumbnailUrl\":\"https:\/\/ml-locations.be\/wp-content\/uploads\/2017\/04\/location-nappe-blanche-240x240-cm.jpg\",\"datePublished\":\"2017-04-11T12:33:23+00:00\",\"dateModified\":\"2018-06-11T14:33:21+00:00\",\"breadcrumb\":{\"@id\":\"https:\/\/ml-locations.be\/nl\/locations\/nappe-tissu-240x240cm-table-ronde-10p\/#breadcrumb\"},\"inLanguage\":\"nl-NL\",\"potentialAction\":[{\"@type\":\"ReadAction\",\"target\":[\"https:\/\/ml-locations.be\/nl\/locations\/nappe-tissu-240x240cm-table-ronde-10p\/\"]}]},{\"@type\":\"ImageObject\",\"inLanguage\":\"nl-NL\",\"@id\":\"https:\/\/ml-locations.be\/nl\/locations\/nappe-tissu-240x240cm-table-ronde-10p\/#primaryimage\",\"url\":\"https:\/\/ml-locations.be\/wp-content\/uploads\/2017\/04\/location-nappe-blanche-240x240-cm.jpg\",\"contentUrl\":\"https:\/\/ml-locations.be\/wp-content\/uploads\/2017\/04\/location-nappe-blanche-240x240-cm.jpg\",\"width\":800,\"height\":800,\"caption\":\"Nappe en location pour table ronde 10 personnes : nappe blanche 240 x 240 cm\"},{\"@type\":\"BreadcrumbList\",\"@id\":\"https:\/\/ml-locations.be\/nl\/locations\/nappe-tissu-240x240cm-table-ronde-10p\/#breadcrumb\",\"itemListElement\":[{\"@type\":\"ListItem\",\"position\":1,\"name\":\"Accueil\",\"item\":\"https:\/\/ml-locations.be\/nl\/\"},{\"@type\":\"ListItem\",\"position\":2,\"name\":\"Winkel\",\"item\":\"https:\/\/ml-locations.be\/nl\/winkel\/\"},{\"@type\":\"ListItem\",\"position\":3,\"name\":\"Nappe blanche 240x240cm (table ronde 10p)\"}]},{\"@type\":\"WebSite\",\"@id\":\"https:\/\/ml-locations.be\/nl\/#website\",\"url\":\"https:\/\/ml-locations.be\/nl\/\",\"name\":\"ML Locations\",\"description\":\"Mat\u00e9riel \u00e9v\u00e9nementiel : location chaise, table et mange debout, mat\u00e9riel horeca, frigos,...\",\"publisher\":{\"@id\":\"https:\/\/ml-locations.be\/nl\/#organization\"},\"potentialAction\":[{\"@type\":\"SearchAction\",\"target\":{\"@type\":\"EntryPoint\",\"urlTemplate\":\"https:\/\/ml-locations.be\/nl\/?s={search_term_string}\"},\"query-input\":{\"@type\":\"PropertyValueSpecification\",\"valueRequired\":true,\"valueName\":\"search_term_string\"}}],\"inLanguage\":\"nl-NL\"},{\"@type\":\"Organization\",\"@id\":\"https:\/\/ml-locations.be\/nl\/#organization\",\"name\":\"ML Locations\",\"url\":\"https:\/\/ml-locations.be\/nl\/\",\"logo\":{\"@type\":\"ImageObject\",\"inLanguage\":\"nl-NL\",\"@id\":\"https:\/\/ml-locations.be\/nl\/#\/schema\/logo\/image\/\",\"url\":\"https:\/\/ml-locations.be\/wp-content\/uploads\/2018\/05\/LOGO-location-BON.png\",\"contentUrl\":\"https:\/\/ml-locations.be\/wp-content\/uploads\/2018\/05\/LOGO-location-BON.png\",\"width\":1200,\"height\":1200,\"caption\":\"ML Locations\"},\"image\":{\"@id\":\"https:\/\/ml-locations.be\/nl\/#\/schema\/logo\/image\/\"}}]}<\/script>\n<!-- \/ Yoast SEO plugin. -->","yoast_head_json":{"title":"Nappe blanche 240x240cm (table ronde 10p) | ML Locations","robots":{"index":"index","follow":"follow","max-snippet":"max-snippet:-1","max-image-preview":"max-image-preview:large","max-video-preview":"max-video-preview:-1"},"canonical":"https:\/\/ml-locations.be\/nl\/locations\/nappe-tissu-240x240cm-table-ronde-10p\/","og_locale":"nl_NL","og_type":"article","og_title":"Nappe blanche 240x240cm (table ronde 10p) | ML Locations","og_description":"Nappe en location : nappe de 240 cm sur 240 cm pour le dressage et la d\u00e9coration de vos tables pour tous vos \u00e9v\u00e8nements; un diner de mariage, un anniversaire, un banquet, une conf\u00e9rence,\u2026","og_url":"https:\/\/ml-locations.be\/nl\/locations\/nappe-tissu-240x240cm-table-ronde-10p\/","og_site_name":"ML Locations","article_modified_time":"2018-06-11T14:33:21+00:00","og_image":[{"width":800,"height":800,"url":"https:\/\/ml-locations.be\/wp-content\/uploads\/2017\/04\/location-nappe-blanche-240x240-cm.jpg","type":"image\/jpeg"}],"twitter_card":"summary_large_image","twitter_misc":{"Geschatte leestijd":"1 minuut"},"schema":{"@context":"https:\/\/schema.org","@graph":[{"@type":"WebPage","@id":"https:\/\/ml-locations.be\/nl\/locations\/nappe-tissu-240x240cm-table-ronde-10p\/","url":"https:\/\/ml-locations.be\/nl\/locations\/nappe-tissu-240x240cm-table-ronde-10p\/","name":"Nappe blanche 240x240cm (table ronde 10p) | ML Locations","isPartOf":{"@id":"https:\/\/ml-locations.be\/nl\/#website"},"primaryImageOfPage":{"@id":"https:\/\/ml-locations.be\/nl\/locations\/nappe-tissu-240x240cm-table-ronde-10p\/#primaryimage"},"image":{"@id":"https:\/\/ml-locations.be\/nl\/locations\/nappe-tissu-240x240cm-table-ronde-10p\/#primaryimage"},"thumbnailUrl":"https:\/\/ml-locations.be\/wp-content\/uploads\/2017\/04\/location-nappe-blanche-240x240-cm.jpg","datePublished":"2017-04-11T12:33:23+00:00","dateModified":"2018-06-11T14:33:21+00:00","breadcrumb":{"@id":"https:\/\/ml-locations.be\/nl\/locations\/nappe-tissu-240x240cm-table-ronde-10p\/#breadcrumb"},"inLanguage":"nl-NL","potentialAction":[{"@type":"ReadAction","target":["https:\/\/ml-locations.be\/nl\/locations\/nappe-tissu-240x240cm-table-ronde-10p\/"]}]},{"@type":"ImageObject","inLanguage":"nl-NL","@id":"https:\/\/ml-locations.be\/nl\/locations\/nappe-tissu-240x240cm-table-ronde-10p\/#primaryimage","url":"https:\/\/ml-locations.be\/wp-content\/uploads\/2017\/04\/location-nappe-blanche-240x240-cm.jpg","contentUrl":"https:\/\/ml-locations.be\/wp-content\/uploads\/2017\/04\/location-nappe-blanche-240x240-cm.jpg","width":800,"height":800,"caption":"Nappe en location pour table ronde 10 personnes : nappe blanche 240 x 240 cm"},{"@type":"BreadcrumbList","@id":"https:\/\/ml-locations.be\/nl\/locations\/nappe-tissu-240x240cm-table-ronde-10p\/#breadcrumb","itemListElement":[{"@type":"ListItem","position":1,"name":"Accueil","item":"https:\/\/ml-locations.be\/nl\/"},{"@type":"ListItem","position":2,"name":"Winkel","item":"https:\/\/ml-locations.be\/nl\/winkel\/"},{"@type":"ListItem","position":3,"name":"Nappe blanche 240x240cm (table ronde 10p)"}]},{"@type":"WebSite","@id":"https:\/\/ml-locations.be\/nl\/#website","url":"https:\/\/ml-locations.be\/nl\/","name":"ML Locations","description":"Mat\u00e9riel \u00e9v\u00e9nementiel : location chaise, table et mange debout, mat\u00e9riel horeca, frigos,...","publisher":{"@id":"https:\/\/ml-locations.be\/nl\/#organization"},"potentialAction":[{"@type":"SearchAction","target":{"@type":"EntryPoint","urlTemplate":"https:\/\/ml-locations.be\/nl\/?s={search_term_string}"},"query-input":{"@type":"PropertyValueSpecification","valueRequired":true,"valueName":"search_term_string"}}],"inLanguage":"nl-NL"},{"@type":"Organization","@id":"https:\/\/ml-locations.be\/nl\/#organization","name":"ML Locations","url":"https:\/\/ml-locations.be\/nl\/","logo":{"@type":"ImageObject","inLanguage":"nl-NL","@id":"https:\/\/ml-locations.be\/nl\/#\/schema\/logo\/image\/","url":"https:\/\/ml-locations.be\/wp-content\/uploads\/2018\/05\/LOGO-location-BON.png","contentUrl":"https:\/\/ml-locations.be\/wp-content\/uploads\/2018\/05\/LOGO-location-BON.png","width":1200,"height":1200,"caption":"ML Locations"},"image":{"@id":"https:\/\/ml-locations.be\/nl\/#\/schema\/logo\/image\/"}}]}},"_links":{"self":[{"href":"https:\/\/ml-locations.be\/nl\/wp-json\/wp\/v2\/product\/1763","targetHints":{"allow":["GET"]}}],"collection":[{"href":"https:\/\/ml-locations.be\/nl\/wp-json\/wp\/v2\/product"}],"about":[{"href":"https:\/\/ml-locations.be\/nl\/wp-json\/wp\/v2\/types\/product"}],"wp:featuredmedia":[{"embeddable":true,"href":"https:\/\/ml-locations.be\/nl\/wp-json\/wp\/v2\/media\/3878"}],"wp:attachment":[{"href":"https:\/\/ml-locations.be\/nl\/wp-json\/wp\/v2\/media?parent=1763"}],"wp:term":[{"taxonomy":"product_brand","embeddable":true,"href":"https:\/\/ml-locations.be\/nl\/wp-json\/wp\/v2\/product_brand?post=1763"},{"taxonomy":"product_cat","embeddable":true,"href":"https:\/\/ml-locations.be\/nl\/wp-json\/wp\/v2\/product_cat?post=1763"},{"taxonomy":"product_tag","embeddable":true,"href":"https:\/\/ml-locations.be\/nl\/wp-json\/wp\/v2\/product_tag?post=1763"}],"curies":[{"name":"wp","href":"https:\/\/api.w.org\/{rel}","templated":true}]}}