{"id":1766,"date":"2017-04-11T14:33:23","date_gmt":"2017-04-11T12:33:23","guid":{"rendered":"https:\/\/www.ml-locations.be\/\/locations\/nappe-300x150cm\/"},"modified":"2018-01-26T15:33:29","modified_gmt":"2018-01-26T14:33:29","slug":"nappe-300x150cm","status":"publish","type":"product","link":"https:\/\/ml-locations.be\/nl\/locations\/nappe-300x150cm\/","title":{"rendered":"Nappe blanche 150x300cm"},"content":{"rendered":"<p>Ces <strong>nappes de 150 cm sur 300 cm<\/strong> sont parfaites pour habiller et d\u00e9corer vos tables et leurs donner un aspect plus classe et cosy; un <strong>diner de mariage<\/strong>, un <strong>anniversaire<\/strong>, un <strong>banquet<\/strong>, une <strong>conf\u00e9rence<\/strong>,\u2026 Nos nappes conviennent pour tous vos <strong>\u00e9v\u00e8nements<\/strong>. Les <strong>nappes<\/strong> peuvent \u00eatre rendues sales apr\u00e8s la location, et ce sans risque de frais suppl\u00e9mentaires car le nettoyage des nappes est compris dans le prix de location. Louez ces magnifiques nappes afin de rendre vos tables accueillantes pour vos \u00e9v\u00e8nements.<\/p>\n<p><strong>Couleurs disponibles\u00a0:<\/strong> blanc, \u00e9cru<\/p>\n<p>Vous pouvez \u00e9galement louer les <a href=\"http:\/\/www.ml-locations.be\/locations\/table-rectangle-200-x-75-cm\/\">tables rectangle pour 6 \u00e0 8 personnes<\/a> correspondant \u00e0 ces nappes pour vos banquets de mariage, d\u2019anniversaire,&#8230;<\/p>\n","protected":false},"excerpt":{"rendered":"<p>Nappe en location : nappe blanche de 150 cm x 300 cm pour vos banquets et tables de r\u00e9ception.<\/p>\n","protected":false},"featured_media":3884,"template":"","meta":{"_acf_changed":false},"product_brand":[],"product_cat":[126,15],"product_tag":[213,214],"class_list":{"0":"post-1766","1":"product","2":"type-product","3":"status-publish","4":"has-post-thumbnail","6":"product_cat-decorations-pour-evenements","7":"product_cat-nappes-serviettes-en-location","8":"product_tag-location-de-materiel-de-reception-mariages","9":"product_tag-location-materiel-banquet","10":"description-off","12":"first","13":"instock","14":"taxable","15":"shipping-taxable","16":"purchasable","17":"product-type-simple"},"acf":[],"yoast_head":"<!-- This site is optimized with the Yoast SEO plugin v25.0 - https:\/\/yoast.com\/wordpress\/plugins\/seo\/ -->\n<title>Nappe blanche 150x300cm | ML Locations<\/title>\n<meta name=\"robots\" content=\"index, follow, max-snippet:-1, max-image-preview:large, max-video-preview:-1\" \/>\n<link rel=\"canonical\" href=\"https:\/\/ml-locations.be\/nl\/locations\/nappe-300x150cm\/\" \/>\n<meta property=\"og:locale\" content=\"nl_NL\" \/>\n<meta property=\"og:type\" content=\"article\" \/>\n<meta property=\"og:title\" content=\"Nappe blanche 150x300cm | ML Locations\" \/>\n<meta property=\"og:description\" content=\"Nappe en location : nappe blanche de 150 cm x 300 cm pour vos banquets et tables de r\u00e9ception.\" \/>\n<meta property=\"og:url\" content=\"https:\/\/ml-locations.be\/nl\/locations\/nappe-300x150cm\/\" \/>\n<meta property=\"og:site_name\" content=\"ML Locations\" \/>\n<meta property=\"article:modified_time\" content=\"2018-01-26T14:33:29+00:00\" \/>\n<meta property=\"og:image\" content=\"https:\/\/ml-locations.be\/wp-content\/uploads\/2017\/04\/location-nappe-150x300-blanc.jpg\" \/>\n\t<meta property=\"og:image:width\" content=\"300\" \/>\n\t<meta property=\"og:image:height\" content=\"300\" \/>\n\t<meta property=\"og:image:type\" content=\"image\/jpeg\" \/>\n<meta name=\"twitter:card\" content=\"summary_large_image\" \/>\n<meta name=\"twitter:label1\" content=\"Geschatte leestijd\" \/>\n\t<meta name=\"twitter:data1\" content=\"1 minuut\" \/>\n<script type=\"application\/ld+json\" class=\"yoast-schema-graph\">{\"@context\":\"https:\/\/schema.org\",\"@graph\":[{\"@type\":\"WebPage\",\"@id\":\"https:\/\/ml-locations.be\/nl\/locations\/nappe-300x150cm\/\",\"url\":\"https:\/\/ml-locations.be\/nl\/locations\/nappe-300x150cm\/\",\"name\":\"Nappe blanche 150x300cm | ML Locations\",\"isPartOf\":{\"@id\":\"https:\/\/ml-locations.be\/nl\/#website\"},\"primaryImageOfPage\":{\"@id\":\"https:\/\/ml-locations.be\/nl\/locations\/nappe-300x150cm\/#primaryimage\"},\"image\":{\"@id\":\"https:\/\/ml-locations.be\/nl\/locations\/nappe-300x150cm\/#primaryimage\"},\"thumbnailUrl\":\"https:\/\/ml-locations.be\/wp-content\/uploads\/2017\/04\/location-nappe-150x300-blanc.jpg\",\"datePublished\":\"2017-04-11T12:33:23+00:00\",\"dateModified\":\"2018-01-26T14:33:29+00:00\",\"breadcrumb\":{\"@id\":\"https:\/\/ml-locations.be\/nl\/locations\/nappe-300x150cm\/#breadcrumb\"},\"inLanguage\":\"nl-NL\",\"potentialAction\":[{\"@type\":\"ReadAction\",\"target\":[\"https:\/\/ml-locations.be\/nl\/locations\/nappe-300x150cm\/\"]}]},{\"@type\":\"ImageObject\",\"inLanguage\":\"nl-NL\",\"@id\":\"https:\/\/ml-locations.be\/nl\/locations\/nappe-300x150cm\/#primaryimage\",\"url\":\"https:\/\/ml-locations.be\/wp-content\/uploads\/2017\/04\/location-nappe-150x300-blanc.jpg\",\"contentUrl\":\"https:\/\/ml-locations.be\/wp-content\/uploads\/2017\/04\/location-nappe-150x300-blanc.jpg\",\"width\":300,\"height\":300,\"caption\":\"location nappe blanche : nappe blanche 150x350 cm\"},{\"@type\":\"BreadcrumbList\",\"@id\":\"https:\/\/ml-locations.be\/nl\/locations\/nappe-300x150cm\/#breadcrumb\",\"itemListElement\":[{\"@type\":\"ListItem\",\"position\":1,\"name\":\"Accueil\",\"item\":\"https:\/\/ml-locations.be\/nl\/\"},{\"@type\":\"ListItem\",\"position\":2,\"name\":\"Winkel\",\"item\":\"https:\/\/ml-locations.be\/nl\/winkel\/\"},{\"@type\":\"ListItem\",\"position\":3,\"name\":\"Nappe blanche 150x300cm\"}]},{\"@type\":\"WebSite\",\"@id\":\"https:\/\/ml-locations.be\/nl\/#website\",\"url\":\"https:\/\/ml-locations.be\/nl\/\",\"name\":\"ML Locations\",\"description\":\"Mat\u00e9riel \u00e9v\u00e9nementiel : location chaise, table et mange debout, mat\u00e9riel horeca, frigos,...\",\"publisher\":{\"@id\":\"https:\/\/ml-locations.be\/nl\/#organization\"},\"potentialAction\":[{\"@type\":\"SearchAction\",\"target\":{\"@type\":\"EntryPoint\",\"urlTemplate\":\"https:\/\/ml-locations.be\/nl\/?s={search_term_string}\"},\"query-input\":{\"@type\":\"PropertyValueSpecification\",\"valueRequired\":true,\"valueName\":\"search_term_string\"}}],\"inLanguage\":\"nl-NL\"},{\"@type\":\"Organization\",\"@id\":\"https:\/\/ml-locations.be\/nl\/#organization\",\"name\":\"ML Locations\",\"url\":\"https:\/\/ml-locations.be\/nl\/\",\"logo\":{\"@type\":\"ImageObject\",\"inLanguage\":\"nl-NL\",\"@id\":\"https:\/\/ml-locations.be\/nl\/#\/schema\/logo\/image\/\",\"url\":\"https:\/\/ml-locations.be\/wp-content\/uploads\/2018\/05\/LOGO-location-BON.png\",\"contentUrl\":\"https:\/\/ml-locations.be\/wp-content\/uploads\/2018\/05\/LOGO-location-BON.png\",\"width\":1200,\"height\":1200,\"caption\":\"ML Locations\"},\"image\":{\"@id\":\"https:\/\/ml-locations.be\/nl\/#\/schema\/logo\/image\/\"}}]}<\/script>\n<!-- \/ Yoast SEO plugin. -->","yoast_head_json":{"title":"Nappe blanche 150x300cm | ML Locations","robots":{"index":"index","follow":"follow","max-snippet":"max-snippet:-1","max-image-preview":"max-image-preview:large","max-video-preview":"max-video-preview:-1"},"canonical":"https:\/\/ml-locations.be\/nl\/locations\/nappe-300x150cm\/","og_locale":"nl_NL","og_type":"article","og_title":"Nappe blanche 150x300cm | ML Locations","og_description":"Nappe en location : nappe blanche de 150 cm x 300 cm pour vos banquets et tables de r\u00e9ception.","og_url":"https:\/\/ml-locations.be\/nl\/locations\/nappe-300x150cm\/","og_site_name":"ML Locations","article_modified_time":"2018-01-26T14:33:29+00:00","og_image":[{"width":300,"height":300,"url":"https:\/\/ml-locations.be\/wp-content\/uploads\/2017\/04\/location-nappe-150x300-blanc.jpg","type":"image\/jpeg"}],"twitter_card":"summary_large_image","twitter_misc":{"Geschatte leestijd":"1 minuut"},"schema":{"@context":"https:\/\/schema.org","@graph":[{"@type":"WebPage","@id":"https:\/\/ml-locations.be\/nl\/locations\/nappe-300x150cm\/","url":"https:\/\/ml-locations.be\/nl\/locations\/nappe-300x150cm\/","name":"Nappe blanche 150x300cm | ML Locations","isPartOf":{"@id":"https:\/\/ml-locations.be\/nl\/#website"},"primaryImageOfPage":{"@id":"https:\/\/ml-locations.be\/nl\/locations\/nappe-300x150cm\/#primaryimage"},"image":{"@id":"https:\/\/ml-locations.be\/nl\/locations\/nappe-300x150cm\/#primaryimage"},"thumbnailUrl":"https:\/\/ml-locations.be\/wp-content\/uploads\/2017\/04\/location-nappe-150x300-blanc.jpg","datePublished":"2017-04-11T12:33:23+00:00","dateModified":"2018-01-26T14:33:29+00:00","breadcrumb":{"@id":"https:\/\/ml-locations.be\/nl\/locations\/nappe-300x150cm\/#breadcrumb"},"inLanguage":"nl-NL","potentialAction":[{"@type":"ReadAction","target":["https:\/\/ml-locations.be\/nl\/locations\/nappe-300x150cm\/"]}]},{"@type":"ImageObject","inLanguage":"nl-NL","@id":"https:\/\/ml-locations.be\/nl\/locations\/nappe-300x150cm\/#primaryimage","url":"https:\/\/ml-locations.be\/wp-content\/uploads\/2017\/04\/location-nappe-150x300-blanc.jpg","contentUrl":"https:\/\/ml-locations.be\/wp-content\/uploads\/2017\/04\/location-nappe-150x300-blanc.jpg","width":300,"height":300,"caption":"location nappe blanche : nappe blanche 150x350 cm"},{"@type":"BreadcrumbList","@id":"https:\/\/ml-locations.be\/nl\/locations\/nappe-300x150cm\/#breadcrumb","itemListElement":[{"@type":"ListItem","position":1,"name":"Accueil","item":"https:\/\/ml-locations.be\/nl\/"},{"@type":"ListItem","position":2,"name":"Winkel","item":"https:\/\/ml-locations.be\/nl\/winkel\/"},{"@type":"ListItem","position":3,"name":"Nappe blanche 150x300cm"}]},{"@type":"WebSite","@id":"https:\/\/ml-locations.be\/nl\/#website","url":"https:\/\/ml-locations.be\/nl\/","name":"ML Locations","description":"Mat\u00e9riel \u00e9v\u00e9nementiel : location chaise, table et mange debout, mat\u00e9riel horeca, frigos,...","publisher":{"@id":"https:\/\/ml-locations.be\/nl\/#organization"},"potentialAction":[{"@type":"SearchAction","target":{"@type":"EntryPoint","urlTemplate":"https:\/\/ml-locations.be\/nl\/?s={search_term_string}"},"query-input":{"@type":"PropertyValueSpecification","valueRequired":true,"valueName":"search_term_string"}}],"inLanguage":"nl-NL"},{"@type":"Organization","@id":"https:\/\/ml-locations.be\/nl\/#organization","name":"ML Locations","url":"https:\/\/ml-locations.be\/nl\/","logo":{"@type":"ImageObject","inLanguage":"nl-NL","@id":"https:\/\/ml-locations.be\/nl\/#\/schema\/logo\/image\/","url":"https:\/\/ml-locations.be\/wp-content\/uploads\/2018\/05\/LOGO-location-BON.png","contentUrl":"https:\/\/ml-locations.be\/wp-content\/uploads\/2018\/05\/LOGO-location-BON.png","width":1200,"height":1200,"caption":"ML Locations"},"image":{"@id":"https:\/\/ml-locations.be\/nl\/#\/schema\/logo\/image\/"}}]}},"_links":{"self":[{"href":"https:\/\/ml-locations.be\/nl\/wp-json\/wp\/v2\/product\/1766","targetHints":{"allow":["GET"]}}],"collection":[{"href":"https:\/\/ml-locations.be\/nl\/wp-json\/wp\/v2\/product"}],"about":[{"href":"https:\/\/ml-locations.be\/nl\/wp-json\/wp\/v2\/types\/product"}],"wp:featuredmedia":[{"embeddable":true,"href":"https:\/\/ml-locations.be\/nl\/wp-json\/wp\/v2\/media\/3884"}],"wp:attachment":[{"href":"https:\/\/ml-locations.be\/nl\/wp-json\/wp\/v2\/media?parent=1766"}],"wp:term":[{"taxonomy":"product_brand","embeddable":true,"href":"https:\/\/ml-locations.be\/nl\/wp-json\/wp\/v2\/product_brand?post=1766"},{"taxonomy":"product_cat","embeddable":true,"href":"https:\/\/ml-locations.be\/nl\/wp-json\/wp\/v2\/product_cat?post=1766"},{"taxonomy":"product_tag","embeddable":true,"href":"https:\/\/ml-locations.be\/nl\/wp-json\/wp\/v2\/product_tag?post=1766"}],"curies":[{"name":"wp","href":"https:\/\/api.w.org\/{rel}","templated":true}]}}