{"id":1773,"date":"2017-04-11T14:33:23","date_gmt":"2017-04-11T12:33:23","guid":{"rendered":"https:\/\/www.ml-locations.be\/\/locations\/pendrillon-molton-noir-6-m-x-3-m\/"},"modified":"2017-05-08T13:52:34","modified_gmt":"2017-05-08T11:52:34","slug":"pendrillon-molton-noir-6-m-x-3-m","status":"publish","type":"product","link":"https:\/\/ml-locations.be\/nl\/locations\/pendrillon-molton-noir-6-m-x-3-m\/","title":{"rendered":"Pendrillon molton noir 6 m x 3 m"},"content":{"rendered":"<p><strong>Pendrillons en molleton<\/strong> (rideaux de sc\u00e8ne molletonn\u00e9) en location (diff\u00e9rentes dimensions). Il est possible que lors d\u2019un \u00e9v\u00e9nement vous n\u2019ayez pas envie de r\u00e9v\u00e9ler, ou simplement que vous ayez besoin de d\u00e9limiter, une certaine partie de la salle comme une entr\u00e9e, un couloir ou une sc\u00e8ne. C\u2019est maintenant tout \u00e0 fait possible gr\u00e2ce aux pendrillons qui cacheront cette partie. Ces pendrillons sont utilis\u00e9s comme <strong>parois de s\u00e9paration<\/strong>, comme <strong>toile de fond<\/strong> ou comme <strong>rideau de sc\u00e8ne<\/strong>. Ils sont souvent mont\u00e9s sur des structures en aluminium (de type Truss Trilight ou Truss Quadrilight) ou encore sur des structures r\u00e9glables (<strong>Easy Drape<\/strong>, <strong>Pipe and Drape<\/strong>).<\/p>\n<p>Dimensions (Largeur X Hauteur) et caract\u00e9ristiques des pendrillons\u00a0:<\/p>\n<ul>\n<li>4m X 3m,<\/li>\n<li>4,5m X 4m,<\/li>\n<li>5,8m X 2m,<\/li>\n<li>6m X 3m,<\/li>\n<li>6m X 3,5m,<\/li>\n<li>6m X 4,5m,<\/li>\n<li>6m X 4m,<\/li>\n<li>6m X 5m,<\/li>\n<li>6m X 6m,<\/li>\n<li>Mati\u00e8re\u00a0: molleton ignifug\u00e9.<\/li>\n<\/ul>\n","protected":false},"excerpt":{"rendered":"<p><strong>Pendrillons noirs<\/strong> (<strong>rideaux de sc\u00e8ne en molleton<\/strong>) permettant de faire un <strong>fond de sc\u00e8ne<\/strong> ou de cr\u00e9er diff\u00e9rentes parties de la salle.<\/p>\n","protected":false},"featured_media":2775,"template":"","meta":{"_acf_changed":false},"product_brand":[],"product_cat":[17,22],"product_tag":[204],"class_list":{"0":"post-1773","1":"product","2":"type-product","3":"status-publish","4":"has-post-thumbnail","6":"product_cat-materiel-sono-et-lumieres-en-location","7":"product_cat-pendrillons-et-rideaux-de-scenes-en-location","8":"product_tag-location-materiel-concert-et-spectacle","9":"description-off","11":"first","12":"instock","13":"taxable","14":"shipping-taxable","15":"purchasable","16":"product-type-simple"},"acf":[],"yoast_head":"<!-- This site is optimized with the Yoast SEO plugin v25.0 - https:\/\/yoast.com\/wordpress\/plugins\/seo\/ -->\n<title>Pendrillon molton noir 6 m x 3 m | ML Locations<\/title>\n<meta name=\"robots\" content=\"index, follow, max-snippet:-1, max-image-preview:large, max-video-preview:-1\" \/>\n<link rel=\"canonical\" href=\"https:\/\/ml-locations.be\/nl\/locations\/pendrillon-molton-noir-6-m-x-3-m\/\" \/>\n<meta property=\"og:locale\" content=\"nl_NL\" \/>\n<meta property=\"og:type\" content=\"article\" \/>\n<meta property=\"og:title\" content=\"Pendrillon molton noir 6 m x 3 m | ML Locations\" \/>\n<meta property=\"og:description\" content=\"Pendrillons noirs (rideaux de sc\u00e8ne en molleton) permettant de faire un fond de sc\u00e8ne ou de cr\u00e9er diff\u00e9rentes parties de la salle.\" \/>\n<meta property=\"og:url\" content=\"https:\/\/ml-locations.be\/nl\/locations\/pendrillon-molton-noir-6-m-x-3-m\/\" \/>\n<meta property=\"og:site_name\" content=\"ML Locations\" \/>\n<meta property=\"article:modified_time\" content=\"2017-05-08T11:52:34+00:00\" \/>\n<meta property=\"og:image\" content=\"https:\/\/ml-locations.be\/wp-content\/uploads\/2017\/04\/pendrillon-molton.jpg\" \/>\n\t<meta property=\"og:image:width\" content=\"600\" \/>\n\t<meta property=\"og:image:height\" content=\"600\" \/>\n\t<meta property=\"og:image:type\" content=\"image\/jpeg\" \/>\n<meta name=\"twitter:card\" content=\"summary_large_image\" \/>\n<meta name=\"twitter:label1\" content=\"Geschatte leestijd\" \/>\n\t<meta name=\"twitter:data1\" content=\"1 minuut\" \/>\n<script type=\"application\/ld+json\" class=\"yoast-schema-graph\">{\"@context\":\"https:\/\/schema.org\",\"@graph\":[{\"@type\":\"WebPage\",\"@id\":\"https:\/\/ml-locations.be\/nl\/locations\/pendrillon-molton-noir-6-m-x-3-m\/\",\"url\":\"https:\/\/ml-locations.be\/nl\/locations\/pendrillon-molton-noir-6-m-x-3-m\/\",\"name\":\"Pendrillon molton noir 6 m x 3 m | ML Locations\",\"isPartOf\":{\"@id\":\"https:\/\/ml-locations.be\/nl\/#website\"},\"primaryImageOfPage\":{\"@id\":\"https:\/\/ml-locations.be\/nl\/locations\/pendrillon-molton-noir-6-m-x-3-m\/#primaryimage\"},\"image\":{\"@id\":\"https:\/\/ml-locations.be\/nl\/locations\/pendrillon-molton-noir-6-m-x-3-m\/#primaryimage\"},\"thumbnailUrl\":\"https:\/\/ml-locations.be\/wp-content\/uploads\/2017\/04\/pendrillon-molton.jpg\",\"datePublished\":\"2017-04-11T12:33:23+00:00\",\"dateModified\":\"2017-05-08T11:52:34+00:00\",\"breadcrumb\":{\"@id\":\"https:\/\/ml-locations.be\/nl\/locations\/pendrillon-molton-noir-6-m-x-3-m\/#breadcrumb\"},\"inLanguage\":\"nl-NL\",\"potentialAction\":[{\"@type\":\"ReadAction\",\"target\":[\"https:\/\/ml-locations.be\/nl\/locations\/pendrillon-molton-noir-6-m-x-3-m\/\"]}]},{\"@type\":\"ImageObject\",\"inLanguage\":\"nl-NL\",\"@id\":\"https:\/\/ml-locations.be\/nl\/locations\/pendrillon-molton-noir-6-m-x-3-m\/#primaryimage\",\"url\":\"https:\/\/ml-locations.be\/wp-content\/uploads\/2017\/04\/pendrillon-molton.jpg\",\"contentUrl\":\"https:\/\/ml-locations.be\/wp-content\/uploads\/2017\/04\/pendrillon-molton.jpg\",\"width\":600,\"height\":600,\"caption\":\"rideau de sc\u00e8ne en location\"},{\"@type\":\"BreadcrumbList\",\"@id\":\"https:\/\/ml-locations.be\/nl\/locations\/pendrillon-molton-noir-6-m-x-3-m\/#breadcrumb\",\"itemListElement\":[{\"@type\":\"ListItem\",\"position\":1,\"name\":\"Accueil\",\"item\":\"https:\/\/ml-locations.be\/nl\/\"},{\"@type\":\"ListItem\",\"position\":2,\"name\":\"Winkel\",\"item\":\"https:\/\/ml-locations.be\/nl\/winkel\/\"},{\"@type\":\"ListItem\",\"position\":3,\"name\":\"Pendrillon molton noir 6 m x 3 m\"}]},{\"@type\":\"WebSite\",\"@id\":\"https:\/\/ml-locations.be\/nl\/#website\",\"url\":\"https:\/\/ml-locations.be\/nl\/\",\"name\":\"ML Locations\",\"description\":\"Mat\u00e9riel \u00e9v\u00e9nementiel : location chaise, table et mange debout, mat\u00e9riel horeca, frigos,...\",\"publisher\":{\"@id\":\"https:\/\/ml-locations.be\/nl\/#organization\"},\"potentialAction\":[{\"@type\":\"SearchAction\",\"target\":{\"@type\":\"EntryPoint\",\"urlTemplate\":\"https:\/\/ml-locations.be\/nl\/?s={search_term_string}\"},\"query-input\":{\"@type\":\"PropertyValueSpecification\",\"valueRequired\":true,\"valueName\":\"search_term_string\"}}],\"inLanguage\":\"nl-NL\"},{\"@type\":\"Organization\",\"@id\":\"https:\/\/ml-locations.be\/nl\/#organization\",\"name\":\"ML Locations\",\"url\":\"https:\/\/ml-locations.be\/nl\/\",\"logo\":{\"@type\":\"ImageObject\",\"inLanguage\":\"nl-NL\",\"@id\":\"https:\/\/ml-locations.be\/nl\/#\/schema\/logo\/image\/\",\"url\":\"https:\/\/ml-locations.be\/wp-content\/uploads\/2018\/05\/LOGO-location-BON.png\",\"contentUrl\":\"https:\/\/ml-locations.be\/wp-content\/uploads\/2018\/05\/LOGO-location-BON.png\",\"width\":1200,\"height\":1200,\"caption\":\"ML Locations\"},\"image\":{\"@id\":\"https:\/\/ml-locations.be\/nl\/#\/schema\/logo\/image\/\"}}]}<\/script>\n<!-- \/ Yoast SEO plugin. -->","yoast_head_json":{"title":"Pendrillon molton noir 6 m x 3 m | ML Locations","robots":{"index":"index","follow":"follow","max-snippet":"max-snippet:-1","max-image-preview":"max-image-preview:large","max-video-preview":"max-video-preview:-1"},"canonical":"https:\/\/ml-locations.be\/nl\/locations\/pendrillon-molton-noir-6-m-x-3-m\/","og_locale":"nl_NL","og_type":"article","og_title":"Pendrillon molton noir 6 m x 3 m | ML Locations","og_description":"Pendrillons noirs (rideaux de sc\u00e8ne en molleton) permettant de faire un fond de sc\u00e8ne ou de cr\u00e9er diff\u00e9rentes parties de la salle.","og_url":"https:\/\/ml-locations.be\/nl\/locations\/pendrillon-molton-noir-6-m-x-3-m\/","og_site_name":"ML Locations","article_modified_time":"2017-05-08T11:52:34+00:00","og_image":[{"width":600,"height":600,"url":"https:\/\/ml-locations.be\/wp-content\/uploads\/2017\/04\/pendrillon-molton.jpg","type":"image\/jpeg"}],"twitter_card":"summary_large_image","twitter_misc":{"Geschatte leestijd":"1 minuut"},"schema":{"@context":"https:\/\/schema.org","@graph":[{"@type":"WebPage","@id":"https:\/\/ml-locations.be\/nl\/locations\/pendrillon-molton-noir-6-m-x-3-m\/","url":"https:\/\/ml-locations.be\/nl\/locations\/pendrillon-molton-noir-6-m-x-3-m\/","name":"Pendrillon molton noir 6 m x 3 m | ML Locations","isPartOf":{"@id":"https:\/\/ml-locations.be\/nl\/#website"},"primaryImageOfPage":{"@id":"https:\/\/ml-locations.be\/nl\/locations\/pendrillon-molton-noir-6-m-x-3-m\/#primaryimage"},"image":{"@id":"https:\/\/ml-locations.be\/nl\/locations\/pendrillon-molton-noir-6-m-x-3-m\/#primaryimage"},"thumbnailUrl":"https:\/\/ml-locations.be\/wp-content\/uploads\/2017\/04\/pendrillon-molton.jpg","datePublished":"2017-04-11T12:33:23+00:00","dateModified":"2017-05-08T11:52:34+00:00","breadcrumb":{"@id":"https:\/\/ml-locations.be\/nl\/locations\/pendrillon-molton-noir-6-m-x-3-m\/#breadcrumb"},"inLanguage":"nl-NL","potentialAction":[{"@type":"ReadAction","target":["https:\/\/ml-locations.be\/nl\/locations\/pendrillon-molton-noir-6-m-x-3-m\/"]}]},{"@type":"ImageObject","inLanguage":"nl-NL","@id":"https:\/\/ml-locations.be\/nl\/locations\/pendrillon-molton-noir-6-m-x-3-m\/#primaryimage","url":"https:\/\/ml-locations.be\/wp-content\/uploads\/2017\/04\/pendrillon-molton.jpg","contentUrl":"https:\/\/ml-locations.be\/wp-content\/uploads\/2017\/04\/pendrillon-molton.jpg","width":600,"height":600,"caption":"rideau de sc\u00e8ne en location"},{"@type":"BreadcrumbList","@id":"https:\/\/ml-locations.be\/nl\/locations\/pendrillon-molton-noir-6-m-x-3-m\/#breadcrumb","itemListElement":[{"@type":"ListItem","position":1,"name":"Accueil","item":"https:\/\/ml-locations.be\/nl\/"},{"@type":"ListItem","position":2,"name":"Winkel","item":"https:\/\/ml-locations.be\/nl\/winkel\/"},{"@type":"ListItem","position":3,"name":"Pendrillon molton noir 6 m x 3 m"}]},{"@type":"WebSite","@id":"https:\/\/ml-locations.be\/nl\/#website","url":"https:\/\/ml-locations.be\/nl\/","name":"ML Locations","description":"Mat\u00e9riel \u00e9v\u00e9nementiel : location chaise, table et mange debout, mat\u00e9riel horeca, frigos,...","publisher":{"@id":"https:\/\/ml-locations.be\/nl\/#organization"},"potentialAction":[{"@type":"SearchAction","target":{"@type":"EntryPoint","urlTemplate":"https:\/\/ml-locations.be\/nl\/?s={search_term_string}"},"query-input":{"@type":"PropertyValueSpecification","valueRequired":true,"valueName":"search_term_string"}}],"inLanguage":"nl-NL"},{"@type":"Organization","@id":"https:\/\/ml-locations.be\/nl\/#organization","name":"ML Locations","url":"https:\/\/ml-locations.be\/nl\/","logo":{"@type":"ImageObject","inLanguage":"nl-NL","@id":"https:\/\/ml-locations.be\/nl\/#\/schema\/logo\/image\/","url":"https:\/\/ml-locations.be\/wp-content\/uploads\/2018\/05\/LOGO-location-BON.png","contentUrl":"https:\/\/ml-locations.be\/wp-content\/uploads\/2018\/05\/LOGO-location-BON.png","width":1200,"height":1200,"caption":"ML Locations"},"image":{"@id":"https:\/\/ml-locations.be\/nl\/#\/schema\/logo\/image\/"}}]}},"_links":{"self":[{"href":"https:\/\/ml-locations.be\/nl\/wp-json\/wp\/v2\/product\/1773","targetHints":{"allow":["GET"]}}],"collection":[{"href":"https:\/\/ml-locations.be\/nl\/wp-json\/wp\/v2\/product"}],"about":[{"href":"https:\/\/ml-locations.be\/nl\/wp-json\/wp\/v2\/types\/product"}],"wp:featuredmedia":[{"embeddable":true,"href":"https:\/\/ml-locations.be\/nl\/wp-json\/wp\/v2\/media\/2775"}],"wp:attachment":[{"href":"https:\/\/ml-locations.be\/nl\/wp-json\/wp\/v2\/media?parent=1773"}],"wp:term":[{"taxonomy":"product_brand","embeddable":true,"href":"https:\/\/ml-locations.be\/nl\/wp-json\/wp\/v2\/product_brand?post=1773"},{"taxonomy":"product_cat","embeddable":true,"href":"https:\/\/ml-locations.be\/nl\/wp-json\/wp\/v2\/product_cat?post=1773"},{"taxonomy":"product_tag","embeddable":true,"href":"https:\/\/ml-locations.be\/nl\/wp-json\/wp\/v2\/product_tag?post=1773"}],"curies":[{"name":"wp","href":"https:\/\/api.w.org\/{rel}","templated":true}]}}