{"id":1778,"date":"2017-04-11T14:33:29","date_gmt":"2017-04-11T12:33:29","guid":{"rendered":"https:\/\/www.ml-locations.be\/\/locations\/pendrillon-ciel-etoile-led-rgb-6x3m\/"},"modified":"2017-05-08T13:52:36","modified_gmt":"2017-05-08T11:52:36","slug":"pendrillon-ciel-etoile-led-rgb-6x3m","status":"publish","type":"product","link":"https:\/\/ml-locations.be\/nl\/locations\/pendrillon-ciel-etoile-led-rgb-6x3m\/","title":{"rendered":"Pendrillon ciel \u00e9toil\u00e9 LED RGB 6x3m"},"content":{"rendered":"<p>Un <strong>pendrillon ciel \u00e9toil\u00e9 LED RGB\u00a0<\/strong>d\u2019une dimension de 6m sur 3m apportera \u00e0 vos <strong>\u00e9v\u00e9nements <\/strong>un d\u00e9cor original. Ce <strong>pendrillon LED RGB<\/strong> (tissu molletonn\u00e9) est id\u00e9al pour les d\u00e9cors de spectacle ou <strong>fond de sc\u00e8ne<\/strong>. Les pendrillons peuvent \u00eatre fix\u00e9s de diff\u00e9rentes mani\u00e8res. Ils peuvent \u00eatre utilis\u00e9s comme <strong>parois de s\u00e9paration<\/strong> pour d\u00e9limiter des espaces ou comme rideaux de sc\u00e8nes. La plupart du temps, ils sont fix\u00e9s sur des structures (en aluminium) de types Truss (trilight ou quadrilight) ou encore sur des structures r\u00e9glables (Easy Drape).<\/p>\n<p>N\u2019h\u00e9sitez pas \u00e0 nous demander conseil pour le choix des pendrillons ou de la structure.<\/p>\n<p>Dimensions et caract\u00e9ristiques du pendrillon ciel \u00e9toil\u00e9\u00a0:<\/p>\n<ul>\n<li>Longueur 6m,<\/li>\n<li>Largueur 3m,<\/li>\n<li>Mati\u00e8re : molleton,<\/li>\n<li>Couleur : noir,<\/li>\n<li>LED RGB.<\/li>\n<\/ul>\n","protected":false},"excerpt":{"rendered":"<p><strong>Ciel \u00e9toil\u00e9 LED RGB<\/strong> (<strong>rideau de sc\u00e8ne<\/strong> <strong>LED<\/strong>) pour apporter \u00e0 vos <strong>\u00e9v\u00e9nements<\/strong> une touche lumineuse et d\u00e9corative.<\/p>\n","protected":false},"featured_media":2774,"template":"","meta":{"_acf_changed":false},"product_brand":[],"product_cat":[17,22],"product_tag":[],"class_list":{"0":"post-1778","1":"product","2":"type-product","3":"status-publish","4":"has-post-thumbnail","6":"product_cat-materiel-sono-et-lumieres-en-location","7":"product_cat-pendrillons-et-rideaux-de-scenes-en-location","8":"description-off","10":"first","11":"instock","12":"taxable","13":"shipping-taxable","14":"purchasable","15":"product-type-simple"},"acf":[],"yoast_head":"<!-- This site is optimized with the Yoast SEO plugin v25.0 - https:\/\/yoast.com\/wordpress\/plugins\/seo\/ -->\n<title>Pendrillon ciel \u00e9toil\u00e9 LED RGB 6x3m | ML Locations<\/title>\n<meta name=\"robots\" content=\"index, follow, max-snippet:-1, max-image-preview:large, max-video-preview:-1\" \/>\n<link rel=\"canonical\" href=\"https:\/\/ml-locations.be\/nl\/locations\/pendrillon-ciel-etoile-led-rgb-6x3m\/\" \/>\n<meta property=\"og:locale\" content=\"nl_NL\" \/>\n<meta property=\"og:type\" content=\"article\" \/>\n<meta property=\"og:title\" content=\"Pendrillon ciel \u00e9toil\u00e9 LED RGB 6x3m | ML Locations\" \/>\n<meta property=\"og:description\" content=\"Ciel \u00e9toil\u00e9 LED RGB (rideau de sc\u00e8ne LED) pour apporter \u00e0 vos \u00e9v\u00e9nements une touche lumineuse et d\u00e9corative.\" \/>\n<meta property=\"og:url\" content=\"https:\/\/ml-locations.be\/nl\/locations\/pendrillon-ciel-etoile-led-rgb-6x3m\/\" \/>\n<meta property=\"og:site_name\" content=\"ML Locations\" \/>\n<meta property=\"article:modified_time\" content=\"2017-05-08T11:52:36+00:00\" \/>\n<meta property=\"og:image\" content=\"https:\/\/ml-locations.be\/wp-content\/uploads\/2017\/04\/pendrillon-etoile-led-rgb.jpg\" \/>\n\t<meta property=\"og:image:width\" content=\"1000\" \/>\n\t<meta property=\"og:image:height\" content=\"1000\" \/>\n\t<meta property=\"og:image:type\" content=\"image\/jpeg\" \/>\n<meta name=\"twitter:card\" content=\"summary_large_image\" \/>\n<meta name=\"twitter:label1\" content=\"Geschatte leestijd\" \/>\n\t<meta name=\"twitter:data1\" content=\"1 minuut\" \/>\n<script type=\"application\/ld+json\" class=\"yoast-schema-graph\">{\"@context\":\"https:\/\/schema.org\",\"@graph\":[{\"@type\":\"WebPage\",\"@id\":\"https:\/\/ml-locations.be\/nl\/locations\/pendrillon-ciel-etoile-led-rgb-6x3m\/\",\"url\":\"https:\/\/ml-locations.be\/nl\/locations\/pendrillon-ciel-etoile-led-rgb-6x3m\/\",\"name\":\"Pendrillon ciel \u00e9toil\u00e9 LED RGB 6x3m | ML Locations\",\"isPartOf\":{\"@id\":\"https:\/\/ml-locations.be\/nl\/#website\"},\"primaryImageOfPage\":{\"@id\":\"https:\/\/ml-locations.be\/nl\/locations\/pendrillon-ciel-etoile-led-rgb-6x3m\/#primaryimage\"},\"image\":{\"@id\":\"https:\/\/ml-locations.be\/nl\/locations\/pendrillon-ciel-etoile-led-rgb-6x3m\/#primaryimage\"},\"thumbnailUrl\":\"https:\/\/ml-locations.be\/wp-content\/uploads\/2017\/04\/pendrillon-etoile-led-rgb.jpg\",\"datePublished\":\"2017-04-11T12:33:29+00:00\",\"dateModified\":\"2017-05-08T11:52:36+00:00\",\"breadcrumb\":{\"@id\":\"https:\/\/ml-locations.be\/nl\/locations\/pendrillon-ciel-etoile-led-rgb-6x3m\/#breadcrumb\"},\"inLanguage\":\"nl-NL\",\"potentialAction\":[{\"@type\":\"ReadAction\",\"target\":[\"https:\/\/ml-locations.be\/nl\/locations\/pendrillon-ciel-etoile-led-rgb-6x3m\/\"]}]},{\"@type\":\"ImageObject\",\"inLanguage\":\"nl-NL\",\"@id\":\"https:\/\/ml-locations.be\/nl\/locations\/pendrillon-ciel-etoile-led-rgb-6x3m\/#primaryimage\",\"url\":\"https:\/\/ml-locations.be\/wp-content\/uploads\/2017\/04\/pendrillon-etoile-led-rgb.jpg\",\"contentUrl\":\"https:\/\/ml-locations.be\/wp-content\/uploads\/2017\/04\/pendrillon-etoile-led-rgb.jpg\",\"width\":1000,\"height\":1000,\"caption\":\"pendrillon \u00e9toil\u00e9 led rgb en location\"},{\"@type\":\"BreadcrumbList\",\"@id\":\"https:\/\/ml-locations.be\/nl\/locations\/pendrillon-ciel-etoile-led-rgb-6x3m\/#breadcrumb\",\"itemListElement\":[{\"@type\":\"ListItem\",\"position\":1,\"name\":\"Accueil\",\"item\":\"https:\/\/ml-locations.be\/nl\/\"},{\"@type\":\"ListItem\",\"position\":2,\"name\":\"Winkel\",\"item\":\"https:\/\/ml-locations.be\/nl\/winkel\/\"},{\"@type\":\"ListItem\",\"position\":3,\"name\":\"Pendrillon ciel \u00e9toil\u00e9 LED RGB 6x3m\"}]},{\"@type\":\"WebSite\",\"@id\":\"https:\/\/ml-locations.be\/nl\/#website\",\"url\":\"https:\/\/ml-locations.be\/nl\/\",\"name\":\"ML Locations\",\"description\":\"Mat\u00e9riel \u00e9v\u00e9nementiel : location chaise, table et mange debout, mat\u00e9riel horeca, frigos,...\",\"publisher\":{\"@id\":\"https:\/\/ml-locations.be\/nl\/#organization\"},\"potentialAction\":[{\"@type\":\"SearchAction\",\"target\":{\"@type\":\"EntryPoint\",\"urlTemplate\":\"https:\/\/ml-locations.be\/nl\/?s={search_term_string}\"},\"query-input\":{\"@type\":\"PropertyValueSpecification\",\"valueRequired\":true,\"valueName\":\"search_term_string\"}}],\"inLanguage\":\"nl-NL\"},{\"@type\":\"Organization\",\"@id\":\"https:\/\/ml-locations.be\/nl\/#organization\",\"name\":\"ML Locations\",\"url\":\"https:\/\/ml-locations.be\/nl\/\",\"logo\":{\"@type\":\"ImageObject\",\"inLanguage\":\"nl-NL\",\"@id\":\"https:\/\/ml-locations.be\/nl\/#\/schema\/logo\/image\/\",\"url\":\"https:\/\/ml-locations.be\/wp-content\/uploads\/2018\/05\/LOGO-location-BON.png\",\"contentUrl\":\"https:\/\/ml-locations.be\/wp-content\/uploads\/2018\/05\/LOGO-location-BON.png\",\"width\":1200,\"height\":1200,\"caption\":\"ML Locations\"},\"image\":{\"@id\":\"https:\/\/ml-locations.be\/nl\/#\/schema\/logo\/image\/\"}}]}<\/script>\n<!-- \/ Yoast SEO plugin. -->","yoast_head_json":{"title":"Pendrillon ciel \u00e9toil\u00e9 LED RGB 6x3m | ML Locations","robots":{"index":"index","follow":"follow","max-snippet":"max-snippet:-1","max-image-preview":"max-image-preview:large","max-video-preview":"max-video-preview:-1"},"canonical":"https:\/\/ml-locations.be\/nl\/locations\/pendrillon-ciel-etoile-led-rgb-6x3m\/","og_locale":"nl_NL","og_type":"article","og_title":"Pendrillon ciel \u00e9toil\u00e9 LED RGB 6x3m | ML Locations","og_description":"Ciel \u00e9toil\u00e9 LED RGB (rideau de sc\u00e8ne LED) pour apporter \u00e0 vos \u00e9v\u00e9nements une touche lumineuse et d\u00e9corative.","og_url":"https:\/\/ml-locations.be\/nl\/locations\/pendrillon-ciel-etoile-led-rgb-6x3m\/","og_site_name":"ML Locations","article_modified_time":"2017-05-08T11:52:36+00:00","og_image":[{"width":1000,"height":1000,"url":"https:\/\/ml-locations.be\/wp-content\/uploads\/2017\/04\/pendrillon-etoile-led-rgb.jpg","type":"image\/jpeg"}],"twitter_card":"summary_large_image","twitter_misc":{"Geschatte leestijd":"1 minuut"},"schema":{"@context":"https:\/\/schema.org","@graph":[{"@type":"WebPage","@id":"https:\/\/ml-locations.be\/nl\/locations\/pendrillon-ciel-etoile-led-rgb-6x3m\/","url":"https:\/\/ml-locations.be\/nl\/locations\/pendrillon-ciel-etoile-led-rgb-6x3m\/","name":"Pendrillon ciel \u00e9toil\u00e9 LED RGB 6x3m | ML Locations","isPartOf":{"@id":"https:\/\/ml-locations.be\/nl\/#website"},"primaryImageOfPage":{"@id":"https:\/\/ml-locations.be\/nl\/locations\/pendrillon-ciel-etoile-led-rgb-6x3m\/#primaryimage"},"image":{"@id":"https:\/\/ml-locations.be\/nl\/locations\/pendrillon-ciel-etoile-led-rgb-6x3m\/#primaryimage"},"thumbnailUrl":"https:\/\/ml-locations.be\/wp-content\/uploads\/2017\/04\/pendrillon-etoile-led-rgb.jpg","datePublished":"2017-04-11T12:33:29+00:00","dateModified":"2017-05-08T11:52:36+00:00","breadcrumb":{"@id":"https:\/\/ml-locations.be\/nl\/locations\/pendrillon-ciel-etoile-led-rgb-6x3m\/#breadcrumb"},"inLanguage":"nl-NL","potentialAction":[{"@type":"ReadAction","target":["https:\/\/ml-locations.be\/nl\/locations\/pendrillon-ciel-etoile-led-rgb-6x3m\/"]}]},{"@type":"ImageObject","inLanguage":"nl-NL","@id":"https:\/\/ml-locations.be\/nl\/locations\/pendrillon-ciel-etoile-led-rgb-6x3m\/#primaryimage","url":"https:\/\/ml-locations.be\/wp-content\/uploads\/2017\/04\/pendrillon-etoile-led-rgb.jpg","contentUrl":"https:\/\/ml-locations.be\/wp-content\/uploads\/2017\/04\/pendrillon-etoile-led-rgb.jpg","width":1000,"height":1000,"caption":"pendrillon \u00e9toil\u00e9 led rgb en location"},{"@type":"BreadcrumbList","@id":"https:\/\/ml-locations.be\/nl\/locations\/pendrillon-ciel-etoile-led-rgb-6x3m\/#breadcrumb","itemListElement":[{"@type":"ListItem","position":1,"name":"Accueil","item":"https:\/\/ml-locations.be\/nl\/"},{"@type":"ListItem","position":2,"name":"Winkel","item":"https:\/\/ml-locations.be\/nl\/winkel\/"},{"@type":"ListItem","position":3,"name":"Pendrillon ciel \u00e9toil\u00e9 LED RGB 6x3m"}]},{"@type":"WebSite","@id":"https:\/\/ml-locations.be\/nl\/#website","url":"https:\/\/ml-locations.be\/nl\/","name":"ML Locations","description":"Mat\u00e9riel \u00e9v\u00e9nementiel : location chaise, table et mange debout, mat\u00e9riel horeca, frigos,...","publisher":{"@id":"https:\/\/ml-locations.be\/nl\/#organization"},"potentialAction":[{"@type":"SearchAction","target":{"@type":"EntryPoint","urlTemplate":"https:\/\/ml-locations.be\/nl\/?s={search_term_string}"},"query-input":{"@type":"PropertyValueSpecification","valueRequired":true,"valueName":"search_term_string"}}],"inLanguage":"nl-NL"},{"@type":"Organization","@id":"https:\/\/ml-locations.be\/nl\/#organization","name":"ML Locations","url":"https:\/\/ml-locations.be\/nl\/","logo":{"@type":"ImageObject","inLanguage":"nl-NL","@id":"https:\/\/ml-locations.be\/nl\/#\/schema\/logo\/image\/","url":"https:\/\/ml-locations.be\/wp-content\/uploads\/2018\/05\/LOGO-location-BON.png","contentUrl":"https:\/\/ml-locations.be\/wp-content\/uploads\/2018\/05\/LOGO-location-BON.png","width":1200,"height":1200,"caption":"ML Locations"},"image":{"@id":"https:\/\/ml-locations.be\/nl\/#\/schema\/logo\/image\/"}}]}},"_links":{"self":[{"href":"https:\/\/ml-locations.be\/nl\/wp-json\/wp\/v2\/product\/1778","targetHints":{"allow":["GET"]}}],"collection":[{"href":"https:\/\/ml-locations.be\/nl\/wp-json\/wp\/v2\/product"}],"about":[{"href":"https:\/\/ml-locations.be\/nl\/wp-json\/wp\/v2\/types\/product"}],"wp:featuredmedia":[{"embeddable":true,"href":"https:\/\/ml-locations.be\/nl\/wp-json\/wp\/v2\/media\/2774"}],"wp:attachment":[{"href":"https:\/\/ml-locations.be\/nl\/wp-json\/wp\/v2\/media?parent=1778"}],"wp:term":[{"taxonomy":"product_brand","embeddable":true,"href":"https:\/\/ml-locations.be\/nl\/wp-json\/wp\/v2\/product_brand?post=1778"},{"taxonomy":"product_cat","embeddable":true,"href":"https:\/\/ml-locations.be\/nl\/wp-json\/wp\/v2\/product_cat?post=1778"},{"taxonomy":"product_tag","embeddable":true,"href":"https:\/\/ml-locations.be\/nl\/wp-json\/wp\/v2\/product_tag?post=1778"}],"curies":[{"name":"wp","href":"https:\/\/api.w.org\/{rel}","templated":true}]}}