{"id":1781,"date":"2017-04-11T14:33:29","date_gmt":"2017-04-11T12:33:29","guid":{"rendered":"https:\/\/www.ml-locations.be\/\/locations\/jeu-de-4-pieds-de-podium-40-cm\/"},"modified":"2017-05-08T13:52:37","modified_gmt":"2017-05-08T11:52:37","slug":"jeu-de-4-pieds-de-podium-40-cm","status":"publish","type":"product","link":"https:\/\/ml-locations.be\/nl\/locations\/jeu-de-4-pieds-de-podium-40-cm\/","title":{"rendered":"Jeu de 4 pieds de podium (40 cm)"},"content":{"rendered":"<p>Ces<strong> jeux de 4 pieds de podium en location<\/strong> ont une taille de 40 cm permettra de sur\u00e9lever des podiums (praticables de sc\u00e8ne) afin que les personnes qui sont sur la sc\u00e8ne soient bien visibles pendant vos discours, conf\u00e9rences, prestations durant vos \u00e9v\u00e8nements tels que un d\u00eener de mariage, un anniversaire, un reveal,\u2026<\/p>\n<p>Nous vous proposons \u00e9galement \u00e0 la <strong>location<\/strong> des podiums de 1 m\u00e8tre sur 1 ou de 2 m\u00e8tres sur 1 ainsi que des tapis de podium et des jupes de podium de la couleur de votre choix afin de donner un style plus professionnel et plus classe \u00e0 vos \u00e9v\u00e8nements.<\/p>\n<p>&nbsp;<\/p>\n","protected":false},"excerpt":{"rendered":"<p><strong>Jeu de 4 pieds de podium<\/strong> d\u2019une taille de 40 cm afin de sur\u00e9lever des praticables de sc\u00e8ne pour que vos discours et conf\u00e9rences soient les plus visibles au plus grand nombre de vos convives dans vos \u00e9v\u00e8nements tels que un d\u00eener de mariage, un anniversaire, un reveal,\u2026<\/p>\n","protected":false},"featured_media":2568,"template":"","meta":{"_acf_changed":false},"product_brand":[],"product_cat":[17,20],"product_tag":[204,205],"class_list":{"0":"post-1781","1":"product","2":"type-product","3":"status-publish","4":"has-post-thumbnail","6":"product_cat-materiel-sono-et-lumieres-en-location","7":"product_cat-podium-scene-praticables-en-location","8":"product_tag-location-materiel-concert-et-spectacle","9":"product_tag-location-materiel-organisation-soiree","10":"description-off","12":"first","13":"instock","14":"taxable","15":"shipping-taxable","16":"purchasable","17":"product-type-simple"},"acf":[],"yoast_head":"<!-- This site is optimized with the Yoast SEO plugin v25.0 - https:\/\/yoast.com\/wordpress\/plugins\/seo\/ -->\n<title>Jeu de 4 pieds de podium (40 cm) | ML Locations<\/title>\n<meta name=\"robots\" content=\"index, follow, max-snippet:-1, max-image-preview:large, max-video-preview:-1\" \/>\n<link rel=\"canonical\" href=\"https:\/\/ml-locations.be\/nl\/locations\/jeu-de-4-pieds-de-podium-40-cm\/\" \/>\n<meta property=\"og:locale\" content=\"nl_NL\" \/>\n<meta property=\"og:type\" content=\"article\" \/>\n<meta property=\"og:title\" content=\"Jeu de 4 pieds de podium (40 cm) | ML Locations\" \/>\n<meta property=\"og:description\" content=\"Jeu de 4 pieds de podium d\u2019une taille de 40 cm afin de sur\u00e9lever des praticables de sc\u00e8ne pour que vos discours et conf\u00e9rences soient les plus visibles au plus grand nombre de vos convives dans vos \u00e9v\u00e8nements tels que un d\u00eener de mariage, un anniversaire, un reveal,\u2026\" \/>\n<meta property=\"og:url\" content=\"https:\/\/ml-locations.be\/nl\/locations\/jeu-de-4-pieds-de-podium-40-cm\/\" \/>\n<meta property=\"og:site_name\" content=\"ML Locations\" \/>\n<meta property=\"article:modified_time\" content=\"2017-05-08T11:52:37+00:00\" \/>\n<meta property=\"og:image\" content=\"https:\/\/ml-locations.be\/wp-content\/uploads\/2017\/04\/pied-podium-x4.jpg\" \/>\n\t<meta property=\"og:image:width\" content=\"1000\" \/>\n\t<meta property=\"og:image:height\" content=\"1000\" \/>\n\t<meta property=\"og:image:type\" content=\"image\/jpeg\" \/>\n<meta name=\"twitter:card\" content=\"summary_large_image\" \/>\n<meta name=\"twitter:label1\" content=\"Geschatte leestijd\" \/>\n\t<meta name=\"twitter:data1\" content=\"1 minuut\" \/>\n<script type=\"application\/ld+json\" class=\"yoast-schema-graph\">{\"@context\":\"https:\/\/schema.org\",\"@graph\":[{\"@type\":\"WebPage\",\"@id\":\"https:\/\/ml-locations.be\/nl\/locations\/jeu-de-4-pieds-de-podium-40-cm\/\",\"url\":\"https:\/\/ml-locations.be\/nl\/locations\/jeu-de-4-pieds-de-podium-40-cm\/\",\"name\":\"Jeu de 4 pieds de podium (40 cm) | ML Locations\",\"isPartOf\":{\"@id\":\"https:\/\/ml-locations.be\/nl\/#website\"},\"primaryImageOfPage\":{\"@id\":\"https:\/\/ml-locations.be\/nl\/locations\/jeu-de-4-pieds-de-podium-40-cm\/#primaryimage\"},\"image\":{\"@id\":\"https:\/\/ml-locations.be\/nl\/locations\/jeu-de-4-pieds-de-podium-40-cm\/#primaryimage\"},\"thumbnailUrl\":\"https:\/\/ml-locations.be\/wp-content\/uploads\/2017\/04\/pied-podium-x4.jpg\",\"datePublished\":\"2017-04-11T12:33:29+00:00\",\"dateModified\":\"2017-05-08T11:52:37+00:00\",\"breadcrumb\":{\"@id\":\"https:\/\/ml-locations.be\/nl\/locations\/jeu-de-4-pieds-de-podium-40-cm\/#breadcrumb\"},\"inLanguage\":\"nl-NL\",\"potentialAction\":[{\"@type\":\"ReadAction\",\"target\":[\"https:\/\/ml-locations.be\/nl\/locations\/jeu-de-4-pieds-de-podium-40-cm\/\"]}]},{\"@type\":\"ImageObject\",\"inLanguage\":\"nl-NL\",\"@id\":\"https:\/\/ml-locations.be\/nl\/locations\/jeu-de-4-pieds-de-podium-40-cm\/#primaryimage\",\"url\":\"https:\/\/ml-locations.be\/wp-content\/uploads\/2017\/04\/pied-podium-x4.jpg\",\"contentUrl\":\"https:\/\/ml-locations.be\/wp-content\/uploads\/2017\/04\/pied-podium-x4.jpg\",\"width\":1000,\"height\":1000,\"caption\":\"pied podium en location\"},{\"@type\":\"BreadcrumbList\",\"@id\":\"https:\/\/ml-locations.be\/nl\/locations\/jeu-de-4-pieds-de-podium-40-cm\/#breadcrumb\",\"itemListElement\":[{\"@type\":\"ListItem\",\"position\":1,\"name\":\"Accueil\",\"item\":\"https:\/\/ml-locations.be\/nl\/\"},{\"@type\":\"ListItem\",\"position\":2,\"name\":\"Winkel\",\"item\":\"https:\/\/ml-locations.be\/nl\/winkel\/\"},{\"@type\":\"ListItem\",\"position\":3,\"name\":\"Jeu de 4 pieds de podium (40 cm)\"}]},{\"@type\":\"WebSite\",\"@id\":\"https:\/\/ml-locations.be\/nl\/#website\",\"url\":\"https:\/\/ml-locations.be\/nl\/\",\"name\":\"ML Locations\",\"description\":\"Mat\u00e9riel \u00e9v\u00e9nementiel : location chaise, table et mange debout, mat\u00e9riel horeca, frigos,...\",\"publisher\":{\"@id\":\"https:\/\/ml-locations.be\/nl\/#organization\"},\"potentialAction\":[{\"@type\":\"SearchAction\",\"target\":{\"@type\":\"EntryPoint\",\"urlTemplate\":\"https:\/\/ml-locations.be\/nl\/?s={search_term_string}\"},\"query-input\":{\"@type\":\"PropertyValueSpecification\",\"valueRequired\":true,\"valueName\":\"search_term_string\"}}],\"inLanguage\":\"nl-NL\"},{\"@type\":\"Organization\",\"@id\":\"https:\/\/ml-locations.be\/nl\/#organization\",\"name\":\"ML Locations\",\"url\":\"https:\/\/ml-locations.be\/nl\/\",\"logo\":{\"@type\":\"ImageObject\",\"inLanguage\":\"nl-NL\",\"@id\":\"https:\/\/ml-locations.be\/nl\/#\/schema\/logo\/image\/\",\"url\":\"https:\/\/ml-locations.be\/wp-content\/uploads\/2018\/05\/LOGO-location-BON.png\",\"contentUrl\":\"https:\/\/ml-locations.be\/wp-content\/uploads\/2018\/05\/LOGO-location-BON.png\",\"width\":1200,\"height\":1200,\"caption\":\"ML Locations\"},\"image\":{\"@id\":\"https:\/\/ml-locations.be\/nl\/#\/schema\/logo\/image\/\"}}]}<\/script>\n<!-- \/ Yoast SEO plugin. -->","yoast_head_json":{"title":"Jeu de 4 pieds de podium (40 cm) | ML Locations","robots":{"index":"index","follow":"follow","max-snippet":"max-snippet:-1","max-image-preview":"max-image-preview:large","max-video-preview":"max-video-preview:-1"},"canonical":"https:\/\/ml-locations.be\/nl\/locations\/jeu-de-4-pieds-de-podium-40-cm\/","og_locale":"nl_NL","og_type":"article","og_title":"Jeu de 4 pieds de podium (40 cm) | ML Locations","og_description":"Jeu de 4 pieds de podium d\u2019une taille de 40 cm afin de sur\u00e9lever des praticables de sc\u00e8ne pour que vos discours et conf\u00e9rences soient les plus visibles au plus grand nombre de vos convives dans vos \u00e9v\u00e8nements tels que un d\u00eener de mariage, un anniversaire, un reveal,\u2026","og_url":"https:\/\/ml-locations.be\/nl\/locations\/jeu-de-4-pieds-de-podium-40-cm\/","og_site_name":"ML Locations","article_modified_time":"2017-05-08T11:52:37+00:00","og_image":[{"width":1000,"height":1000,"url":"https:\/\/ml-locations.be\/wp-content\/uploads\/2017\/04\/pied-podium-x4.jpg","type":"image\/jpeg"}],"twitter_card":"summary_large_image","twitter_misc":{"Geschatte leestijd":"1 minuut"},"schema":{"@context":"https:\/\/schema.org","@graph":[{"@type":"WebPage","@id":"https:\/\/ml-locations.be\/nl\/locations\/jeu-de-4-pieds-de-podium-40-cm\/","url":"https:\/\/ml-locations.be\/nl\/locations\/jeu-de-4-pieds-de-podium-40-cm\/","name":"Jeu de 4 pieds de podium (40 cm) | ML Locations","isPartOf":{"@id":"https:\/\/ml-locations.be\/nl\/#website"},"primaryImageOfPage":{"@id":"https:\/\/ml-locations.be\/nl\/locations\/jeu-de-4-pieds-de-podium-40-cm\/#primaryimage"},"image":{"@id":"https:\/\/ml-locations.be\/nl\/locations\/jeu-de-4-pieds-de-podium-40-cm\/#primaryimage"},"thumbnailUrl":"https:\/\/ml-locations.be\/wp-content\/uploads\/2017\/04\/pied-podium-x4.jpg","datePublished":"2017-04-11T12:33:29+00:00","dateModified":"2017-05-08T11:52:37+00:00","breadcrumb":{"@id":"https:\/\/ml-locations.be\/nl\/locations\/jeu-de-4-pieds-de-podium-40-cm\/#breadcrumb"},"inLanguage":"nl-NL","potentialAction":[{"@type":"ReadAction","target":["https:\/\/ml-locations.be\/nl\/locations\/jeu-de-4-pieds-de-podium-40-cm\/"]}]},{"@type":"ImageObject","inLanguage":"nl-NL","@id":"https:\/\/ml-locations.be\/nl\/locations\/jeu-de-4-pieds-de-podium-40-cm\/#primaryimage","url":"https:\/\/ml-locations.be\/wp-content\/uploads\/2017\/04\/pied-podium-x4.jpg","contentUrl":"https:\/\/ml-locations.be\/wp-content\/uploads\/2017\/04\/pied-podium-x4.jpg","width":1000,"height":1000,"caption":"pied podium en location"},{"@type":"BreadcrumbList","@id":"https:\/\/ml-locations.be\/nl\/locations\/jeu-de-4-pieds-de-podium-40-cm\/#breadcrumb","itemListElement":[{"@type":"ListItem","position":1,"name":"Accueil","item":"https:\/\/ml-locations.be\/nl\/"},{"@type":"ListItem","position":2,"name":"Winkel","item":"https:\/\/ml-locations.be\/nl\/winkel\/"},{"@type":"ListItem","position":3,"name":"Jeu de 4 pieds de podium (40 cm)"}]},{"@type":"WebSite","@id":"https:\/\/ml-locations.be\/nl\/#website","url":"https:\/\/ml-locations.be\/nl\/","name":"ML Locations","description":"Mat\u00e9riel \u00e9v\u00e9nementiel : location chaise, table et mange debout, mat\u00e9riel horeca, frigos,...","publisher":{"@id":"https:\/\/ml-locations.be\/nl\/#organization"},"potentialAction":[{"@type":"SearchAction","target":{"@type":"EntryPoint","urlTemplate":"https:\/\/ml-locations.be\/nl\/?s={search_term_string}"},"query-input":{"@type":"PropertyValueSpecification","valueRequired":true,"valueName":"search_term_string"}}],"inLanguage":"nl-NL"},{"@type":"Organization","@id":"https:\/\/ml-locations.be\/nl\/#organization","name":"ML Locations","url":"https:\/\/ml-locations.be\/nl\/","logo":{"@type":"ImageObject","inLanguage":"nl-NL","@id":"https:\/\/ml-locations.be\/nl\/#\/schema\/logo\/image\/","url":"https:\/\/ml-locations.be\/wp-content\/uploads\/2018\/05\/LOGO-location-BON.png","contentUrl":"https:\/\/ml-locations.be\/wp-content\/uploads\/2018\/05\/LOGO-location-BON.png","width":1200,"height":1200,"caption":"ML Locations"},"image":{"@id":"https:\/\/ml-locations.be\/nl\/#\/schema\/logo\/image\/"}}]}},"_links":{"self":[{"href":"https:\/\/ml-locations.be\/nl\/wp-json\/wp\/v2\/product\/1781","targetHints":{"allow":["GET"]}}],"collection":[{"href":"https:\/\/ml-locations.be\/nl\/wp-json\/wp\/v2\/product"}],"about":[{"href":"https:\/\/ml-locations.be\/nl\/wp-json\/wp\/v2\/types\/product"}],"wp:featuredmedia":[{"embeddable":true,"href":"https:\/\/ml-locations.be\/nl\/wp-json\/wp\/v2\/media\/2568"}],"wp:attachment":[{"href":"https:\/\/ml-locations.be\/nl\/wp-json\/wp\/v2\/media?parent=1781"}],"wp:term":[{"taxonomy":"product_brand","embeddable":true,"href":"https:\/\/ml-locations.be\/nl\/wp-json\/wp\/v2\/product_brand?post=1781"},{"taxonomy":"product_cat","embeddable":true,"href":"https:\/\/ml-locations.be\/nl\/wp-json\/wp\/v2\/product_cat?post=1781"},{"taxonomy":"product_tag","embeddable":true,"href":"https:\/\/ml-locations.be\/nl\/wp-json\/wp\/v2\/product_tag?post=1781"}],"curies":[{"name":"wp","href":"https:\/\/api.w.org\/{rel}","templated":true}]}}