{"id":1792,"date":"2017-04-11T14:33:29","date_gmt":"2017-04-11T12:33:29","guid":{"rendered":"https:\/\/www.ml-locations.be\/\/locations\/ecran-de-projection-fast-fold-400x300cm\/"},"modified":"2025-12-11T11:55:18","modified_gmt":"2025-12-11T10:55:18","slug":"ecran-de-projection-fast-fold-266x150cm","status":"publish","type":"product","link":"https:\/\/ml-locations.be\/nl\/locations\/ecran-de-projection-fast-fold-266x150cm\/","title":{"rendered":"Ecran de projection Fast fold 266x150cm"},"content":{"rendered":"<p><strong>Toile de projection <\/strong>facile et rapide \u00e0 monter. Id\u00e9al pour des projections powerpoint et pr\u00e9sentations slide. Cet <strong>\u00e9cran de projection<\/strong> sur pied d\u2019une dimension de 266 X 150 cm s\u2019utilise avec un <strong>vid\u00e9o projecteur<\/strong>, un <strong>r\u00e9troprojecteur<\/strong> ou un projecteur de diapositives. L\u2019\u00e9cran de projection est r\u00e9glable en hauteur gr\u00e2ce \u00e0 ses pieds. Parfait si vous souhaitez projeter une vid\u00e9o ou une pr\u00e9sentation devant un large public, cette toile remplace parfaitement un \u00e9cran (TV ou smart TV).<\/p>\n<p>Au besoin, parcourez notre rubrique vid\u00e9o projecteur pour compl\u00e9ter votre commande.<\/p>\n<p>Dimensions et caract\u00e9ristiques de l\u2019\u00e9cran de projection\u00a0:<\/p>\n<ul>\n<li>Largeur toile : 266 cm,<\/li>\n<li>Hauteur toile : 150 cm,<\/li>\n<li>Dimension ext\u00e9rieur: 286 x 170 cm,<\/li>\n<li>Format: 16\/9,<\/li>\n<li>Marque : AV Stumpfl,<\/li>\n<li>Montage facile,<\/li>\n<li>Armature m\u00e9tallique,<\/li>\n<li>Toile en vinyle.<\/li>\n<\/ul>\n","protected":false},"excerpt":{"rendered":"<p><strong>Toile de projection<\/strong> de 266 X 150 cm, id\u00e9al pour projeter lors de vos \u00e9v\u00e9nements (mariages, conf\u00e9rences, soir\u00e9es, \u2026).<\/p>\n","protected":false},"featured_media":2057,"template":"","meta":{"_acf_changed":false},"product_brand":[],"product_cat":[24,25],"product_tag":[204],"class_list":{"0":"post-1792","1":"product","2":"type-product","3":"status-publish","4":"has-post-thumbnail","6":"product_cat-materiel-video-en-location","7":"product_cat-toiles-de-projection-pour-videoprojecteur-ecrans-en-location","8":"product_tag-location-materiel-concert-et-spectacle","9":"description-off","11":"first","12":"instock","13":"taxable","14":"shipping-taxable","15":"purchasable","16":"product-type-simple"},"acf":[],"yoast_head":"<!-- This site is optimized with the Yoast SEO plugin v25.0 - https:\/\/yoast.com\/wordpress\/plugins\/seo\/ -->\n<title>Ecran de projection Fast fold 266x150cm | ML Locations<\/title>\n<meta name=\"robots\" content=\"index, follow, max-snippet:-1, max-image-preview:large, max-video-preview:-1\" \/>\n<link rel=\"canonical\" href=\"https:\/\/ml-locations.be\/nl\/locations\/ecran-de-projection-fast-fold-266x150cm\/\" \/>\n<meta property=\"og:locale\" content=\"nl_NL\" \/>\n<meta property=\"og:type\" content=\"article\" \/>\n<meta property=\"og:title\" content=\"Ecran de projection Fast fold 266x150cm | ML Locations\" \/>\n<meta property=\"og:description\" content=\"Toile de projection de 266 X 150 cm, id\u00e9al pour projeter lors de vos \u00e9v\u00e9nements (mariages, conf\u00e9rences, soir\u00e9es, \u2026).\" \/>\n<meta property=\"og:url\" content=\"https:\/\/ml-locations.be\/nl\/locations\/ecran-de-projection-fast-fold-266x150cm\/\" \/>\n<meta property=\"og:site_name\" content=\"ML Locations\" \/>\n<meta property=\"article:modified_time\" content=\"2025-12-11T10:55:18+00:00\" \/>\n<meta property=\"og:image\" content=\"https:\/\/ml-locations.be\/wp-content\/uploads\/2017\/04\/Ecran-fast-fold-a-louer300x225-1.png\" \/>\n\t<meta property=\"og:image:width\" content=\"1000\" \/>\n\t<meta property=\"og:image:height\" content=\"1000\" \/>\n\t<meta property=\"og:image:type\" content=\"image\/png\" \/>\n<meta name=\"twitter:card\" content=\"summary_large_image\" \/>\n<meta name=\"twitter:label1\" content=\"Geschatte leestijd\" \/>\n\t<meta name=\"twitter:data1\" content=\"1 minuut\" \/>\n<script type=\"application\/ld+json\" class=\"yoast-schema-graph\">{\"@context\":\"https:\/\/schema.org\",\"@graph\":[{\"@type\":\"WebPage\",\"@id\":\"https:\/\/ml-locations.be\/nl\/locations\/ecran-de-projection-fast-fold-266x150cm\/\",\"url\":\"https:\/\/ml-locations.be\/nl\/locations\/ecran-de-projection-fast-fold-266x150cm\/\",\"name\":\"Ecran de projection Fast fold 266x150cm | ML Locations\",\"isPartOf\":{\"@id\":\"https:\/\/ml-locations.be\/nl\/#website\"},\"primaryImageOfPage\":{\"@id\":\"https:\/\/ml-locations.be\/nl\/locations\/ecran-de-projection-fast-fold-266x150cm\/#primaryimage\"},\"image\":{\"@id\":\"https:\/\/ml-locations.be\/nl\/locations\/ecran-de-projection-fast-fold-266x150cm\/#primaryimage\"},\"thumbnailUrl\":\"https:\/\/ml-locations.be\/wp-content\/uploads\/2017\/04\/Ecran-fast-fold-a-louer300x225-1.png\",\"datePublished\":\"2017-04-11T12:33:29+00:00\",\"dateModified\":\"2025-12-11T10:55:18+00:00\",\"breadcrumb\":{\"@id\":\"https:\/\/ml-locations.be\/nl\/locations\/ecran-de-projection-fast-fold-266x150cm\/#breadcrumb\"},\"inLanguage\":\"nl-NL\",\"potentialAction\":[{\"@type\":\"ReadAction\",\"target\":[\"https:\/\/ml-locations.be\/nl\/locations\/ecran-de-projection-fast-fold-266x150cm\/\"]}]},{\"@type\":\"ImageObject\",\"inLanguage\":\"nl-NL\",\"@id\":\"https:\/\/ml-locations.be\/nl\/locations\/ecran-de-projection-fast-fold-266x150cm\/#primaryimage\",\"url\":\"https:\/\/ml-locations.be\/wp-content\/uploads\/2017\/04\/Ecran-fast-fold-a-louer300x225-1.png\",\"contentUrl\":\"https:\/\/ml-locations.be\/wp-content\/uploads\/2017\/04\/Ecran-fast-fold-a-louer300x225-1.png\",\"width\":1000,\"height\":1000,\"caption\":\"Ecran fast fold 300 X 225 \u00e0 louer\"},{\"@type\":\"BreadcrumbList\",\"@id\":\"https:\/\/ml-locations.be\/nl\/locations\/ecran-de-projection-fast-fold-266x150cm\/#breadcrumb\",\"itemListElement\":[{\"@type\":\"ListItem\",\"position\":1,\"name\":\"Accueil\",\"item\":\"https:\/\/ml-locations.be\/nl\/\"},{\"@type\":\"ListItem\",\"position\":2,\"name\":\"Winkel\",\"item\":\"https:\/\/ml-locations.be\/nl\/winkel\/\"},{\"@type\":\"ListItem\",\"position\":3,\"name\":\"Ecran de projection Fast fold 266x150cm\"}]},{\"@type\":\"WebSite\",\"@id\":\"https:\/\/ml-locations.be\/nl\/#website\",\"url\":\"https:\/\/ml-locations.be\/nl\/\",\"name\":\"ML Locations\",\"description\":\"Mat\u00e9riel \u00e9v\u00e9nementiel : location chaise, table et mange debout, mat\u00e9riel horeca, frigos,...\",\"publisher\":{\"@id\":\"https:\/\/ml-locations.be\/nl\/#organization\"},\"potentialAction\":[{\"@type\":\"SearchAction\",\"target\":{\"@type\":\"EntryPoint\",\"urlTemplate\":\"https:\/\/ml-locations.be\/nl\/?s={search_term_string}\"},\"query-input\":{\"@type\":\"PropertyValueSpecification\",\"valueRequired\":true,\"valueName\":\"search_term_string\"}}],\"inLanguage\":\"nl-NL\"},{\"@type\":\"Organization\",\"@id\":\"https:\/\/ml-locations.be\/nl\/#organization\",\"name\":\"ML Locations\",\"url\":\"https:\/\/ml-locations.be\/nl\/\",\"logo\":{\"@type\":\"ImageObject\",\"inLanguage\":\"nl-NL\",\"@id\":\"https:\/\/ml-locations.be\/nl\/#\/schema\/logo\/image\/\",\"url\":\"https:\/\/ml-locations.be\/wp-content\/uploads\/2018\/05\/LOGO-location-BON.png\",\"contentUrl\":\"https:\/\/ml-locations.be\/wp-content\/uploads\/2018\/05\/LOGO-location-BON.png\",\"width\":1200,\"height\":1200,\"caption\":\"ML Locations\"},\"image\":{\"@id\":\"https:\/\/ml-locations.be\/nl\/#\/schema\/logo\/image\/\"}}]}<\/script>\n<!-- \/ Yoast SEO plugin. -->","yoast_head_json":{"title":"Ecran de projection Fast fold 266x150cm | ML Locations","robots":{"index":"index","follow":"follow","max-snippet":"max-snippet:-1","max-image-preview":"max-image-preview:large","max-video-preview":"max-video-preview:-1"},"canonical":"https:\/\/ml-locations.be\/nl\/locations\/ecran-de-projection-fast-fold-266x150cm\/","og_locale":"nl_NL","og_type":"article","og_title":"Ecran de projection Fast fold 266x150cm | ML Locations","og_description":"Toile de projection de 266 X 150 cm, id\u00e9al pour projeter lors de vos \u00e9v\u00e9nements (mariages, conf\u00e9rences, soir\u00e9es, \u2026).","og_url":"https:\/\/ml-locations.be\/nl\/locations\/ecran-de-projection-fast-fold-266x150cm\/","og_site_name":"ML Locations","article_modified_time":"2025-12-11T10:55:18+00:00","og_image":[{"width":1000,"height":1000,"url":"https:\/\/ml-locations.be\/wp-content\/uploads\/2017\/04\/Ecran-fast-fold-a-louer300x225-1.png","type":"image\/png"}],"twitter_card":"summary_large_image","twitter_misc":{"Geschatte leestijd":"1 minuut"},"schema":{"@context":"https:\/\/schema.org","@graph":[{"@type":"WebPage","@id":"https:\/\/ml-locations.be\/nl\/locations\/ecran-de-projection-fast-fold-266x150cm\/","url":"https:\/\/ml-locations.be\/nl\/locations\/ecran-de-projection-fast-fold-266x150cm\/","name":"Ecran de projection Fast fold 266x150cm | ML Locations","isPartOf":{"@id":"https:\/\/ml-locations.be\/nl\/#website"},"primaryImageOfPage":{"@id":"https:\/\/ml-locations.be\/nl\/locations\/ecran-de-projection-fast-fold-266x150cm\/#primaryimage"},"image":{"@id":"https:\/\/ml-locations.be\/nl\/locations\/ecran-de-projection-fast-fold-266x150cm\/#primaryimage"},"thumbnailUrl":"https:\/\/ml-locations.be\/wp-content\/uploads\/2017\/04\/Ecran-fast-fold-a-louer300x225-1.png","datePublished":"2017-04-11T12:33:29+00:00","dateModified":"2025-12-11T10:55:18+00:00","breadcrumb":{"@id":"https:\/\/ml-locations.be\/nl\/locations\/ecran-de-projection-fast-fold-266x150cm\/#breadcrumb"},"inLanguage":"nl-NL","potentialAction":[{"@type":"ReadAction","target":["https:\/\/ml-locations.be\/nl\/locations\/ecran-de-projection-fast-fold-266x150cm\/"]}]},{"@type":"ImageObject","inLanguage":"nl-NL","@id":"https:\/\/ml-locations.be\/nl\/locations\/ecran-de-projection-fast-fold-266x150cm\/#primaryimage","url":"https:\/\/ml-locations.be\/wp-content\/uploads\/2017\/04\/Ecran-fast-fold-a-louer300x225-1.png","contentUrl":"https:\/\/ml-locations.be\/wp-content\/uploads\/2017\/04\/Ecran-fast-fold-a-louer300x225-1.png","width":1000,"height":1000,"caption":"Ecran fast fold 300 X 225 \u00e0 louer"},{"@type":"BreadcrumbList","@id":"https:\/\/ml-locations.be\/nl\/locations\/ecran-de-projection-fast-fold-266x150cm\/#breadcrumb","itemListElement":[{"@type":"ListItem","position":1,"name":"Accueil","item":"https:\/\/ml-locations.be\/nl\/"},{"@type":"ListItem","position":2,"name":"Winkel","item":"https:\/\/ml-locations.be\/nl\/winkel\/"},{"@type":"ListItem","position":3,"name":"Ecran de projection Fast fold 266x150cm"}]},{"@type":"WebSite","@id":"https:\/\/ml-locations.be\/nl\/#website","url":"https:\/\/ml-locations.be\/nl\/","name":"ML Locations","description":"Mat\u00e9riel \u00e9v\u00e9nementiel : location chaise, table et mange debout, mat\u00e9riel horeca, frigos,...","publisher":{"@id":"https:\/\/ml-locations.be\/nl\/#organization"},"potentialAction":[{"@type":"SearchAction","target":{"@type":"EntryPoint","urlTemplate":"https:\/\/ml-locations.be\/nl\/?s={search_term_string}"},"query-input":{"@type":"PropertyValueSpecification","valueRequired":true,"valueName":"search_term_string"}}],"inLanguage":"nl-NL"},{"@type":"Organization","@id":"https:\/\/ml-locations.be\/nl\/#organization","name":"ML Locations","url":"https:\/\/ml-locations.be\/nl\/","logo":{"@type":"ImageObject","inLanguage":"nl-NL","@id":"https:\/\/ml-locations.be\/nl\/#\/schema\/logo\/image\/","url":"https:\/\/ml-locations.be\/wp-content\/uploads\/2018\/05\/LOGO-location-BON.png","contentUrl":"https:\/\/ml-locations.be\/wp-content\/uploads\/2018\/05\/LOGO-location-BON.png","width":1200,"height":1200,"caption":"ML Locations"},"image":{"@id":"https:\/\/ml-locations.be\/nl\/#\/schema\/logo\/image\/"}}]}},"_links":{"self":[{"href":"https:\/\/ml-locations.be\/nl\/wp-json\/wp\/v2\/product\/1792","targetHints":{"allow":["GET"]}}],"collection":[{"href":"https:\/\/ml-locations.be\/nl\/wp-json\/wp\/v2\/product"}],"about":[{"href":"https:\/\/ml-locations.be\/nl\/wp-json\/wp\/v2\/types\/product"}],"wp:featuredmedia":[{"embeddable":true,"href":"https:\/\/ml-locations.be\/nl\/wp-json\/wp\/v2\/media\/2057"}],"wp:attachment":[{"href":"https:\/\/ml-locations.be\/nl\/wp-json\/wp\/v2\/media?parent=1792"}],"wp:term":[{"taxonomy":"product_brand","embeddable":true,"href":"https:\/\/ml-locations.be\/nl\/wp-json\/wp\/v2\/product_brand?post=1792"},{"taxonomy":"product_cat","embeddable":true,"href":"https:\/\/ml-locations.be\/nl\/wp-json\/wp\/v2\/product_cat?post=1792"},{"taxonomy":"product_tag","embeddable":true,"href":"https:\/\/ml-locations.be\/nl\/wp-json\/wp\/v2\/product_tag?post=1792"}],"curies":[{"name":"wp","href":"https:\/\/api.w.org\/{rel}","templated":true}]}}