{"id":1793,"date":"2017-04-11T14:33:29","date_gmt":"2017-04-11T12:33:29","guid":{"rendered":"https:\/\/www.ml-locations.be\/\/locations\/haut-parleur-qsc-k12-1000w\/"},"modified":"2023-08-23T11:47:35","modified_gmt":"2023-08-23T09:47:35","slug":"haut-parleur-qsc-k12-1000w","status":"publish","type":"product","link":"https:\/\/ml-locations.be\/nl\/locations\/haut-parleur-qsc-k12-1000w\/","title":{"rendered":"Haut-parleur QSC K12 (1000W)"},"content":{"rendered":"<p>Le <strong>haut-parleur K12<\/strong> de QSC est une des meilleures r\u00e9f\u00e9rences du march\u00e9 en terme d&#8217;enceinte amplifi\u00e9e (mod\u00e8le actif \u00e0 2 voies).\u00a0Son <strong>haut-parleur<\/strong> int\u00e8gre un woofer de 12&#8243; (12 pouces) ayant un rendement tr\u00e8s important, il vous est quasiment inutile de la coupler avec un <strong>caisson de basses<\/strong>. Le <strong>haut-parleur QSC K12<\/strong> peut \u00eatre mont\u00e9 sur un <a href=\"http:\/\/www.ml-locations.be\/locations\/pied-pour-haut-parleur\/\">pied pour haut-parleur<\/a>\u00a0ou peut-\u00eatre utilis\u00e9 comme retour bain de pieds.<\/p>\n<p><strong>Dimensions\u00a0et caract\u00e9ristiques du haut-parleur QSC K12\u00a0:<\/strong><\/p>\n<ul>\n<li>Hauteur\u00a0: 60,3 cm<\/li>\n<li>Longueur\u00a0: 35,6 cm<\/li>\n<li>Profondeur\u00a0: 35,6 cm<\/li>\n<li>Poids\u00a0: 18,6 kg<\/li>\n<li>Couleur\u00a0: noir<\/li>\n<li>Puissance\u00a0: 1000 watts<\/li>\n<li>Puissance RMS en watts\u00a0: 750 &#8211; 1499 watts<\/li>\n<li>SPL max\u00a0: 130dB &#8211; 139 dB<\/li>\n<li>Boitier robuste en ABS<\/li>\n<\/ul>\n","protected":false},"excerpt":{"rendered":"<p><strong>Enceinte active en location <\/strong>de la marque QSC K12. Ces haut-parleurs ont une puissance de 1000 Watt active.<\/p>\n","protected":false},"featured_media":2267,"template":"","meta":{"_acf_changed":false},"product_brand":[],"product_cat":[17,18],"product_tag":[204,205],"class_list":{"0":"post-1793","1":"product","2":"type-product","3":"status-publish","4":"has-post-thumbnail","6":"product_cat-materiel-sono-et-lumieres-en-location","7":"product_cat-locationde-materiel-de-sono-et-dj","8":"product_tag-location-materiel-concert-et-spectacle","9":"product_tag-location-materiel-organisation-soiree","10":"description-off","12":"first","13":"instock","14":"taxable","15":"shipping-taxable","16":"purchasable","17":"product-type-simple"},"acf":[],"yoast_head":"<!-- This site is optimized with the Yoast SEO plugin v25.0 - https:\/\/yoast.com\/wordpress\/plugins\/seo\/ -->\n<title>Haut-parleur QSC K12 (1000W) | ML Locations<\/title>\n<meta name=\"robots\" content=\"index, follow, max-snippet:-1, max-image-preview:large, max-video-preview:-1\" \/>\n<link rel=\"canonical\" href=\"https:\/\/ml-locations.be\/nl\/locations\/haut-parleur-qsc-k12-1000w\/\" \/>\n<meta property=\"og:locale\" content=\"nl_NL\" \/>\n<meta property=\"og:type\" content=\"article\" \/>\n<meta property=\"og:title\" content=\"Haut-parleur QSC K12 (1000W) | ML Locations\" \/>\n<meta property=\"og:description\" content=\"Enceinte active en location de la marque QSC K12. Ces haut-parleurs ont une puissance de 1000 Watt active.\" \/>\n<meta property=\"og:url\" content=\"https:\/\/ml-locations.be\/nl\/locations\/haut-parleur-qsc-k12-1000w\/\" \/>\n<meta property=\"og:site_name\" content=\"ML Locations\" \/>\n<meta property=\"article:modified_time\" content=\"2023-08-23T09:47:35+00:00\" \/>\n<meta property=\"og:image\" content=\"https:\/\/ml-locations.be\/wp-content\/uploads\/2017\/04\/hp-qsc-k12.png\" \/>\n\t<meta property=\"og:image:width\" content=\"245\" \/>\n\t<meta property=\"og:image:height\" content=\"205\" \/>\n\t<meta property=\"og:image:type\" content=\"image\/png\" \/>\n<meta name=\"twitter:card\" content=\"summary_large_image\" \/>\n<meta name=\"twitter:label1\" content=\"Geschatte leestijd\" \/>\n\t<meta name=\"twitter:data1\" content=\"1 minuut\" \/>\n<script type=\"application\/ld+json\" class=\"yoast-schema-graph\">{\"@context\":\"https:\/\/schema.org\",\"@graph\":[{\"@type\":\"WebPage\",\"@id\":\"https:\/\/ml-locations.be\/nl\/locations\/haut-parleur-qsc-k12-1000w\/\",\"url\":\"https:\/\/ml-locations.be\/nl\/locations\/haut-parleur-qsc-k12-1000w\/\",\"name\":\"Haut-parleur QSC K12 (1000W) | ML Locations\",\"isPartOf\":{\"@id\":\"https:\/\/ml-locations.be\/nl\/#website\"},\"primaryImageOfPage\":{\"@id\":\"https:\/\/ml-locations.be\/nl\/locations\/haut-parleur-qsc-k12-1000w\/#primaryimage\"},\"image\":{\"@id\":\"https:\/\/ml-locations.be\/nl\/locations\/haut-parleur-qsc-k12-1000w\/#primaryimage\"},\"thumbnailUrl\":\"https:\/\/ml-locations.be\/wp-content\/uploads\/2017\/04\/hp-qsc-k12.png\",\"datePublished\":\"2017-04-11T12:33:29+00:00\",\"dateModified\":\"2023-08-23T09:47:35+00:00\",\"breadcrumb\":{\"@id\":\"https:\/\/ml-locations.be\/nl\/locations\/haut-parleur-qsc-k12-1000w\/#breadcrumb\"},\"inLanguage\":\"nl-NL\",\"potentialAction\":[{\"@type\":\"ReadAction\",\"target\":[\"https:\/\/ml-locations.be\/nl\/locations\/haut-parleur-qsc-k12-1000w\/\"]}]},{\"@type\":\"ImageObject\",\"inLanguage\":\"nl-NL\",\"@id\":\"https:\/\/ml-locations.be\/nl\/locations\/haut-parleur-qsc-k12-1000w\/#primaryimage\",\"url\":\"https:\/\/ml-locations.be\/wp-content\/uploads\/2017\/04\/hp-qsc-k12.png\",\"contentUrl\":\"https:\/\/ml-locations.be\/wp-content\/uploads\/2017\/04\/hp-qsc-k12.png\",\"width\":245,\"height\":205,\"caption\":\"hp qsc k12 - mat\u00e9riel de sonorisation en location\"},{\"@type\":\"BreadcrumbList\",\"@id\":\"https:\/\/ml-locations.be\/nl\/locations\/haut-parleur-qsc-k12-1000w\/#breadcrumb\",\"itemListElement\":[{\"@type\":\"ListItem\",\"position\":1,\"name\":\"Accueil\",\"item\":\"https:\/\/ml-locations.be\/nl\/\"},{\"@type\":\"ListItem\",\"position\":2,\"name\":\"Winkel\",\"item\":\"https:\/\/ml-locations.be\/nl\/winkel\/\"},{\"@type\":\"ListItem\",\"position\":3,\"name\":\"Haut-parleur QSC K12 (1000W)\"}]},{\"@type\":\"WebSite\",\"@id\":\"https:\/\/ml-locations.be\/nl\/#website\",\"url\":\"https:\/\/ml-locations.be\/nl\/\",\"name\":\"ML Locations\",\"description\":\"Mat\u00e9riel \u00e9v\u00e9nementiel : location chaise, table et mange debout, mat\u00e9riel horeca, frigos,...\",\"publisher\":{\"@id\":\"https:\/\/ml-locations.be\/nl\/#organization\"},\"potentialAction\":[{\"@type\":\"SearchAction\",\"target\":{\"@type\":\"EntryPoint\",\"urlTemplate\":\"https:\/\/ml-locations.be\/nl\/?s={search_term_string}\"},\"query-input\":{\"@type\":\"PropertyValueSpecification\",\"valueRequired\":true,\"valueName\":\"search_term_string\"}}],\"inLanguage\":\"nl-NL\"},{\"@type\":\"Organization\",\"@id\":\"https:\/\/ml-locations.be\/nl\/#organization\",\"name\":\"ML Locations\",\"url\":\"https:\/\/ml-locations.be\/nl\/\",\"logo\":{\"@type\":\"ImageObject\",\"inLanguage\":\"nl-NL\",\"@id\":\"https:\/\/ml-locations.be\/nl\/#\/schema\/logo\/image\/\",\"url\":\"https:\/\/ml-locations.be\/wp-content\/uploads\/2018\/05\/LOGO-location-BON.png\",\"contentUrl\":\"https:\/\/ml-locations.be\/wp-content\/uploads\/2018\/05\/LOGO-location-BON.png\",\"width\":1200,\"height\":1200,\"caption\":\"ML Locations\"},\"image\":{\"@id\":\"https:\/\/ml-locations.be\/nl\/#\/schema\/logo\/image\/\"}}]}<\/script>\n<!-- \/ Yoast SEO plugin. -->","yoast_head_json":{"title":"Haut-parleur QSC K12 (1000W) | ML Locations","robots":{"index":"index","follow":"follow","max-snippet":"max-snippet:-1","max-image-preview":"max-image-preview:large","max-video-preview":"max-video-preview:-1"},"canonical":"https:\/\/ml-locations.be\/nl\/locations\/haut-parleur-qsc-k12-1000w\/","og_locale":"nl_NL","og_type":"article","og_title":"Haut-parleur QSC K12 (1000W) | ML Locations","og_description":"Enceinte active en location de la marque QSC K12. Ces haut-parleurs ont une puissance de 1000 Watt active.","og_url":"https:\/\/ml-locations.be\/nl\/locations\/haut-parleur-qsc-k12-1000w\/","og_site_name":"ML Locations","article_modified_time":"2023-08-23T09:47:35+00:00","og_image":[{"width":245,"height":205,"url":"https:\/\/ml-locations.be\/wp-content\/uploads\/2017\/04\/hp-qsc-k12.png","type":"image\/png"}],"twitter_card":"summary_large_image","twitter_misc":{"Geschatte leestijd":"1 minuut"},"schema":{"@context":"https:\/\/schema.org","@graph":[{"@type":"WebPage","@id":"https:\/\/ml-locations.be\/nl\/locations\/haut-parleur-qsc-k12-1000w\/","url":"https:\/\/ml-locations.be\/nl\/locations\/haut-parleur-qsc-k12-1000w\/","name":"Haut-parleur QSC K12 (1000W) | ML Locations","isPartOf":{"@id":"https:\/\/ml-locations.be\/nl\/#website"},"primaryImageOfPage":{"@id":"https:\/\/ml-locations.be\/nl\/locations\/haut-parleur-qsc-k12-1000w\/#primaryimage"},"image":{"@id":"https:\/\/ml-locations.be\/nl\/locations\/haut-parleur-qsc-k12-1000w\/#primaryimage"},"thumbnailUrl":"https:\/\/ml-locations.be\/wp-content\/uploads\/2017\/04\/hp-qsc-k12.png","datePublished":"2017-04-11T12:33:29+00:00","dateModified":"2023-08-23T09:47:35+00:00","breadcrumb":{"@id":"https:\/\/ml-locations.be\/nl\/locations\/haut-parleur-qsc-k12-1000w\/#breadcrumb"},"inLanguage":"nl-NL","potentialAction":[{"@type":"ReadAction","target":["https:\/\/ml-locations.be\/nl\/locations\/haut-parleur-qsc-k12-1000w\/"]}]},{"@type":"ImageObject","inLanguage":"nl-NL","@id":"https:\/\/ml-locations.be\/nl\/locations\/haut-parleur-qsc-k12-1000w\/#primaryimage","url":"https:\/\/ml-locations.be\/wp-content\/uploads\/2017\/04\/hp-qsc-k12.png","contentUrl":"https:\/\/ml-locations.be\/wp-content\/uploads\/2017\/04\/hp-qsc-k12.png","width":245,"height":205,"caption":"hp qsc k12 - mat\u00e9riel de sonorisation en location"},{"@type":"BreadcrumbList","@id":"https:\/\/ml-locations.be\/nl\/locations\/haut-parleur-qsc-k12-1000w\/#breadcrumb","itemListElement":[{"@type":"ListItem","position":1,"name":"Accueil","item":"https:\/\/ml-locations.be\/nl\/"},{"@type":"ListItem","position":2,"name":"Winkel","item":"https:\/\/ml-locations.be\/nl\/winkel\/"},{"@type":"ListItem","position":3,"name":"Haut-parleur QSC K12 (1000W)"}]},{"@type":"WebSite","@id":"https:\/\/ml-locations.be\/nl\/#website","url":"https:\/\/ml-locations.be\/nl\/","name":"ML Locations","description":"Mat\u00e9riel \u00e9v\u00e9nementiel : location chaise, table et mange debout, mat\u00e9riel horeca, frigos,...","publisher":{"@id":"https:\/\/ml-locations.be\/nl\/#organization"},"potentialAction":[{"@type":"SearchAction","target":{"@type":"EntryPoint","urlTemplate":"https:\/\/ml-locations.be\/nl\/?s={search_term_string}"},"query-input":{"@type":"PropertyValueSpecification","valueRequired":true,"valueName":"search_term_string"}}],"inLanguage":"nl-NL"},{"@type":"Organization","@id":"https:\/\/ml-locations.be\/nl\/#organization","name":"ML Locations","url":"https:\/\/ml-locations.be\/nl\/","logo":{"@type":"ImageObject","inLanguage":"nl-NL","@id":"https:\/\/ml-locations.be\/nl\/#\/schema\/logo\/image\/","url":"https:\/\/ml-locations.be\/wp-content\/uploads\/2018\/05\/LOGO-location-BON.png","contentUrl":"https:\/\/ml-locations.be\/wp-content\/uploads\/2018\/05\/LOGO-location-BON.png","width":1200,"height":1200,"caption":"ML Locations"},"image":{"@id":"https:\/\/ml-locations.be\/nl\/#\/schema\/logo\/image\/"}}]}},"_links":{"self":[{"href":"https:\/\/ml-locations.be\/nl\/wp-json\/wp\/v2\/product\/1793","targetHints":{"allow":["GET"]}}],"collection":[{"href":"https:\/\/ml-locations.be\/nl\/wp-json\/wp\/v2\/product"}],"about":[{"href":"https:\/\/ml-locations.be\/nl\/wp-json\/wp\/v2\/types\/product"}],"wp:featuredmedia":[{"embeddable":true,"href":"https:\/\/ml-locations.be\/nl\/wp-json\/wp\/v2\/media\/2267"}],"wp:attachment":[{"href":"https:\/\/ml-locations.be\/nl\/wp-json\/wp\/v2\/media?parent=1793"}],"wp:term":[{"taxonomy":"product_brand","embeddable":true,"href":"https:\/\/ml-locations.be\/nl\/wp-json\/wp\/v2\/product_brand?post=1793"},{"taxonomy":"product_cat","embeddable":true,"href":"https:\/\/ml-locations.be\/nl\/wp-json\/wp\/v2\/product_cat?post=1793"},{"taxonomy":"product_tag","embeddable":true,"href":"https:\/\/ml-locations.be\/nl\/wp-json\/wp\/v2\/product_tag?post=1793"}],"curies":[{"name":"wp","href":"https:\/\/api.w.org\/{rel}","templated":true}]}}