{"id":1794,"date":"2017-04-11T14:33:29","date_gmt":"2017-04-11T12:33:29","guid":{"rendered":"https:\/\/www.ml-locations.be\/\/locations\/haut-parleur-opera-715-dx-700w\/"},"modified":"2017-05-08T13:52:44","modified_gmt":"2017-05-08T11:52:44","slug":"haut-parleur-opera-715-dx-700w","status":"publish","type":"product","link":"https:\/\/ml-locations.be\/nl\/locations\/haut-parleur-opera-715-dx-700w\/","title":{"rendered":"Haut-parleur OPERA  715 DX (700W)"},"content":{"rendered":"<p>Le <strong>HP Op\u00e9ra <\/strong>est une <strong>enceinte<\/strong> puissante de 700 watts avec une pression acoustique maximale pour une grande intelligibilit\u00e9 du discours. Le son agr\u00e9able des voix et sa puissance impressionnante feront du haut-parleur Op\u00e9ra l\u2019enceinte id\u00e9ale pour vos \u00e9v\u00e9nements. Gr\u00e2ce \u00e0 sa technologie d&#8217;amplification le <strong>baffle<\/strong> profite d&#8217;un son riche et clair.<\/p>\n<p>Equip\u00e9e d&#8217;un puissant haut-parleur grave 38cm (15 pouces), le haut-parleur Opera 715 DX est l\u2019enceinte parfaite pour les musiciens ou DJs qui souhaitent d\u00e9ployer un syst\u00e8me large bande efficace sans ajouter un caisson grave. Cette enceinte vous sera bien utile en tant qu&#8217;enceinte de fa\u00e7ade pour les prestations live et comme retour personnel sur les grandes sc\u00e8nes. Sur l\u2019<strong>enceinte<\/strong>, on retrouve des entr\u00e9es pour <strong>micro <\/strong>et<strong> lecteur CD<\/strong>. Vous avez la possibilit\u00e9 de louer le <strong>pied du HP<\/strong>.<\/p>\n<p>&nbsp;<\/p>\n<p><strong>Dimensions et caract\u00e9ristiques\u00a0:<\/strong><\/p>\n<ul>\n<li>Largeur\u00a0: 43,2 cm,<\/li>\n<li>Hauteur\u00a0: 65,5 cm,<\/li>\n<li>Profondeur\u00a0: 35,3 cm,<\/li>\n<li>Poids\u00a0: 15,4 kg,<\/li>\n<li>Diam\u00e8tre\u00a0: 15\u2019\u2019.<\/li>\n<li>Max SPL\u00a0: 129 dB<\/li>\n<li>Signal d&#8217;entr\u00e9e 1x XLR<\/li>\n<li>1x 6,3 mm jack<\/li>\n<li>Entr\u00e9e microphone\u00a0: oui<\/li>\n<li>Signal de sortie\u00a0: 1x XLR<\/li>\n<li>1x 6,3 mm jack<\/li>\n<li>Prise d&#8217;alimentation VDE<\/li>\n<li>Plage de tension 240 V<\/li>\n<\/ul>\n","protected":false},"excerpt":{"rendered":"<p><strong>Haut-parleur Op\u00e9ra <\/strong>(700 Watt) assure un son optimal lors de vos \u00e9v\u00e9nements.<\/p>\n","protected":false},"featured_media":2748,"template":"","meta":{"_acf_changed":false},"product_brand":[],"product_cat":[17,18],"product_tag":[204,205],"class_list":{"0":"post-1794","1":"product","2":"type-product","3":"status-publish","4":"has-post-thumbnail","6":"product_cat-materiel-sono-et-lumieres-en-location","7":"product_cat-locationde-materiel-de-sono-et-dj","8":"product_tag-location-materiel-concert-et-spectacle","9":"product_tag-location-materiel-organisation-soiree","10":"description-off","12":"first","13":"instock","14":"taxable","15":"shipping-taxable","16":"purchasable","17":"product-type-simple"},"acf":[],"yoast_head":"<!-- This site is optimized with the Yoast SEO plugin v25.0 - https:\/\/yoast.com\/wordpress\/plugins\/seo\/ -->\n<title>Haut-parleur OPERA 715 DX (700W) | ML Locations<\/title>\n<meta name=\"robots\" content=\"index, follow, max-snippet:-1, max-image-preview:large, max-video-preview:-1\" \/>\n<link rel=\"canonical\" href=\"https:\/\/ml-locations.be\/nl\/locations\/haut-parleur-opera-715-dx-700w\/\" \/>\n<meta property=\"og:locale\" content=\"nl_NL\" \/>\n<meta property=\"og:type\" content=\"article\" \/>\n<meta property=\"og:title\" content=\"Haut-parleur OPERA 715 DX (700W) | ML Locations\" \/>\n<meta property=\"og:description\" content=\"Haut-parleur Op\u00e9ra (700 Watt) assure un son optimal lors de vos \u00e9v\u00e9nements.\" \/>\n<meta property=\"og:url\" content=\"https:\/\/ml-locations.be\/nl\/locations\/haut-parleur-opera-715-dx-700w\/\" \/>\n<meta property=\"og:site_name\" content=\"ML Locations\" \/>\n<meta property=\"article:modified_time\" content=\"2017-05-08T11:52:44+00:00\" \/>\n<meta property=\"og:image\" content=\"https:\/\/ml-locations.be\/wp-content\/uploads\/2017\/04\/enceinte-opera.jpg\" \/>\n\t<meta property=\"og:image:width\" content=\"800\" \/>\n\t<meta property=\"og:image:height\" content=\"850\" \/>\n\t<meta property=\"og:image:type\" content=\"image\/jpeg\" \/>\n<meta name=\"twitter:card\" content=\"summary_large_image\" \/>\n<meta name=\"twitter:label1\" content=\"Geschatte leestijd\" \/>\n\t<meta name=\"twitter:data1\" content=\"1 minuut\" \/>\n<script type=\"application\/ld+json\" class=\"yoast-schema-graph\">{\"@context\":\"https:\/\/schema.org\",\"@graph\":[{\"@type\":\"WebPage\",\"@id\":\"https:\/\/ml-locations.be\/nl\/locations\/haut-parleur-opera-715-dx-700w\/\",\"url\":\"https:\/\/ml-locations.be\/nl\/locations\/haut-parleur-opera-715-dx-700w\/\",\"name\":\"Haut-parleur OPERA 715 DX (700W) | ML Locations\",\"isPartOf\":{\"@id\":\"https:\/\/ml-locations.be\/nl\/#website\"},\"primaryImageOfPage\":{\"@id\":\"https:\/\/ml-locations.be\/nl\/locations\/haut-parleur-opera-715-dx-700w\/#primaryimage\"},\"image\":{\"@id\":\"https:\/\/ml-locations.be\/nl\/locations\/haut-parleur-opera-715-dx-700w\/#primaryimage\"},\"thumbnailUrl\":\"https:\/\/ml-locations.be\/wp-content\/uploads\/2017\/04\/enceinte-opera.jpg\",\"datePublished\":\"2017-04-11T12:33:29+00:00\",\"dateModified\":\"2017-05-08T11:52:44+00:00\",\"breadcrumb\":{\"@id\":\"https:\/\/ml-locations.be\/nl\/locations\/haut-parleur-opera-715-dx-700w\/#breadcrumb\"},\"inLanguage\":\"nl-NL\",\"potentialAction\":[{\"@type\":\"ReadAction\",\"target\":[\"https:\/\/ml-locations.be\/nl\/locations\/haut-parleur-opera-715-dx-700w\/\"]}]},{\"@type\":\"ImageObject\",\"inLanguage\":\"nl-NL\",\"@id\":\"https:\/\/ml-locations.be\/nl\/locations\/haut-parleur-opera-715-dx-700w\/#primaryimage\",\"url\":\"https:\/\/ml-locations.be\/wp-content\/uploads\/2017\/04\/enceinte-opera.jpg\",\"contentUrl\":\"https:\/\/ml-locations.be\/wp-content\/uploads\/2017\/04\/enceinte-opera.jpg\",\"width\":800,\"height\":850,\"caption\":\"hp ope\u0301ra - mat\u00e9riel de sonorisation en location\"},{\"@type\":\"BreadcrumbList\",\"@id\":\"https:\/\/ml-locations.be\/nl\/locations\/haut-parleur-opera-715-dx-700w\/#breadcrumb\",\"itemListElement\":[{\"@type\":\"ListItem\",\"position\":1,\"name\":\"Accueil\",\"item\":\"https:\/\/ml-locations.be\/nl\/\"},{\"@type\":\"ListItem\",\"position\":2,\"name\":\"Winkel\",\"item\":\"https:\/\/ml-locations.be\/nl\/winkel\/\"},{\"@type\":\"ListItem\",\"position\":3,\"name\":\"Haut-parleur OPERA 715 DX (700W)\"}]},{\"@type\":\"WebSite\",\"@id\":\"https:\/\/ml-locations.be\/nl\/#website\",\"url\":\"https:\/\/ml-locations.be\/nl\/\",\"name\":\"ML Locations\",\"description\":\"Mat\u00e9riel \u00e9v\u00e9nementiel : location chaise, table et mange debout, mat\u00e9riel horeca, frigos,...\",\"publisher\":{\"@id\":\"https:\/\/ml-locations.be\/nl\/#organization\"},\"potentialAction\":[{\"@type\":\"SearchAction\",\"target\":{\"@type\":\"EntryPoint\",\"urlTemplate\":\"https:\/\/ml-locations.be\/nl\/?s={search_term_string}\"},\"query-input\":{\"@type\":\"PropertyValueSpecification\",\"valueRequired\":true,\"valueName\":\"search_term_string\"}}],\"inLanguage\":\"nl-NL\"},{\"@type\":\"Organization\",\"@id\":\"https:\/\/ml-locations.be\/nl\/#organization\",\"name\":\"ML Locations\",\"url\":\"https:\/\/ml-locations.be\/nl\/\",\"logo\":{\"@type\":\"ImageObject\",\"inLanguage\":\"nl-NL\",\"@id\":\"https:\/\/ml-locations.be\/nl\/#\/schema\/logo\/image\/\",\"url\":\"https:\/\/ml-locations.be\/wp-content\/uploads\/2018\/05\/LOGO-location-BON.png\",\"contentUrl\":\"https:\/\/ml-locations.be\/wp-content\/uploads\/2018\/05\/LOGO-location-BON.png\",\"width\":1200,\"height\":1200,\"caption\":\"ML Locations\"},\"image\":{\"@id\":\"https:\/\/ml-locations.be\/nl\/#\/schema\/logo\/image\/\"}}]}<\/script>\n<!-- \/ Yoast SEO plugin. -->","yoast_head_json":{"title":"Haut-parleur OPERA 715 DX (700W) | ML Locations","robots":{"index":"index","follow":"follow","max-snippet":"max-snippet:-1","max-image-preview":"max-image-preview:large","max-video-preview":"max-video-preview:-1"},"canonical":"https:\/\/ml-locations.be\/nl\/locations\/haut-parleur-opera-715-dx-700w\/","og_locale":"nl_NL","og_type":"article","og_title":"Haut-parleur OPERA 715 DX (700W) | ML Locations","og_description":"Haut-parleur Op\u00e9ra (700 Watt) assure un son optimal lors de vos \u00e9v\u00e9nements.","og_url":"https:\/\/ml-locations.be\/nl\/locations\/haut-parleur-opera-715-dx-700w\/","og_site_name":"ML Locations","article_modified_time":"2017-05-08T11:52:44+00:00","og_image":[{"width":800,"height":850,"url":"https:\/\/ml-locations.be\/wp-content\/uploads\/2017\/04\/enceinte-opera.jpg","type":"image\/jpeg"}],"twitter_card":"summary_large_image","twitter_misc":{"Geschatte leestijd":"1 minuut"},"schema":{"@context":"https:\/\/schema.org","@graph":[{"@type":"WebPage","@id":"https:\/\/ml-locations.be\/nl\/locations\/haut-parleur-opera-715-dx-700w\/","url":"https:\/\/ml-locations.be\/nl\/locations\/haut-parleur-opera-715-dx-700w\/","name":"Haut-parleur OPERA 715 DX (700W) | ML Locations","isPartOf":{"@id":"https:\/\/ml-locations.be\/nl\/#website"},"primaryImageOfPage":{"@id":"https:\/\/ml-locations.be\/nl\/locations\/haut-parleur-opera-715-dx-700w\/#primaryimage"},"image":{"@id":"https:\/\/ml-locations.be\/nl\/locations\/haut-parleur-opera-715-dx-700w\/#primaryimage"},"thumbnailUrl":"https:\/\/ml-locations.be\/wp-content\/uploads\/2017\/04\/enceinte-opera.jpg","datePublished":"2017-04-11T12:33:29+00:00","dateModified":"2017-05-08T11:52:44+00:00","breadcrumb":{"@id":"https:\/\/ml-locations.be\/nl\/locations\/haut-parleur-opera-715-dx-700w\/#breadcrumb"},"inLanguage":"nl-NL","potentialAction":[{"@type":"ReadAction","target":["https:\/\/ml-locations.be\/nl\/locations\/haut-parleur-opera-715-dx-700w\/"]}]},{"@type":"ImageObject","inLanguage":"nl-NL","@id":"https:\/\/ml-locations.be\/nl\/locations\/haut-parleur-opera-715-dx-700w\/#primaryimage","url":"https:\/\/ml-locations.be\/wp-content\/uploads\/2017\/04\/enceinte-opera.jpg","contentUrl":"https:\/\/ml-locations.be\/wp-content\/uploads\/2017\/04\/enceinte-opera.jpg","width":800,"height":850,"caption":"hp ope\u0301ra - mat\u00e9riel de sonorisation en location"},{"@type":"BreadcrumbList","@id":"https:\/\/ml-locations.be\/nl\/locations\/haut-parleur-opera-715-dx-700w\/#breadcrumb","itemListElement":[{"@type":"ListItem","position":1,"name":"Accueil","item":"https:\/\/ml-locations.be\/nl\/"},{"@type":"ListItem","position":2,"name":"Winkel","item":"https:\/\/ml-locations.be\/nl\/winkel\/"},{"@type":"ListItem","position":3,"name":"Haut-parleur OPERA 715 DX (700W)"}]},{"@type":"WebSite","@id":"https:\/\/ml-locations.be\/nl\/#website","url":"https:\/\/ml-locations.be\/nl\/","name":"ML Locations","description":"Mat\u00e9riel \u00e9v\u00e9nementiel : location chaise, table et mange debout, mat\u00e9riel horeca, frigos,...","publisher":{"@id":"https:\/\/ml-locations.be\/nl\/#organization"},"potentialAction":[{"@type":"SearchAction","target":{"@type":"EntryPoint","urlTemplate":"https:\/\/ml-locations.be\/nl\/?s={search_term_string}"},"query-input":{"@type":"PropertyValueSpecification","valueRequired":true,"valueName":"search_term_string"}}],"inLanguage":"nl-NL"},{"@type":"Organization","@id":"https:\/\/ml-locations.be\/nl\/#organization","name":"ML Locations","url":"https:\/\/ml-locations.be\/nl\/","logo":{"@type":"ImageObject","inLanguage":"nl-NL","@id":"https:\/\/ml-locations.be\/nl\/#\/schema\/logo\/image\/","url":"https:\/\/ml-locations.be\/wp-content\/uploads\/2018\/05\/LOGO-location-BON.png","contentUrl":"https:\/\/ml-locations.be\/wp-content\/uploads\/2018\/05\/LOGO-location-BON.png","width":1200,"height":1200,"caption":"ML Locations"},"image":{"@id":"https:\/\/ml-locations.be\/nl\/#\/schema\/logo\/image\/"}}]}},"_links":{"self":[{"href":"https:\/\/ml-locations.be\/nl\/wp-json\/wp\/v2\/product\/1794","targetHints":{"allow":["GET"]}}],"collection":[{"href":"https:\/\/ml-locations.be\/nl\/wp-json\/wp\/v2\/product"}],"about":[{"href":"https:\/\/ml-locations.be\/nl\/wp-json\/wp\/v2\/types\/product"}],"wp:featuredmedia":[{"embeddable":true,"href":"https:\/\/ml-locations.be\/nl\/wp-json\/wp\/v2\/media\/2748"}],"wp:attachment":[{"href":"https:\/\/ml-locations.be\/nl\/wp-json\/wp\/v2\/media?parent=1794"}],"wp:term":[{"taxonomy":"product_brand","embeddable":true,"href":"https:\/\/ml-locations.be\/nl\/wp-json\/wp\/v2\/product_brand?post=1794"},{"taxonomy":"product_cat","embeddable":true,"href":"https:\/\/ml-locations.be\/nl\/wp-json\/wp\/v2\/product_cat?post=1794"},{"taxonomy":"product_tag","embeddable":true,"href":"https:\/\/ml-locations.be\/nl\/wp-json\/wp\/v2\/product_tag?post=1794"}],"curies":[{"name":"wp","href":"https:\/\/api.w.org\/{rel}","templated":true}]}}