{"id":1798,"date":"2017-04-11T14:33:33","date_gmt":"2017-04-11T12:33:33","guid":{"rendered":"https:\/\/www.ml-locations.be\/\/locations\/table-de-mixage-pioneer-xdj-r1\/"},"modified":"2017-05-08T13:52:47","modified_gmt":"2017-05-08T11:52:47","slug":"table-de-mixage-pioneer-xdj-r1","status":"publish","type":"product","link":"https:\/\/ml-locations.be\/nl\/locations\/table-de-mixage-pioneer-xdj-r1\/","title":{"rendered":"Table de mixage Pioneer XDJ-R1"},"content":{"rendered":"<p>La <strong>table de mixage<\/strong> Pioneer <strong>XDJ R1<\/strong> offre un <strong>contr\u00f4le sans fil<\/strong> \u00e0 partir de tous les appareils Apple. Gr\u00e2ce \u00e0 l\u2019application Pioneer Rekordbox (gratuite), acc\u00e9dez \u00e0 une multitude de fonctions de performance avanc\u00e9es en pr\u00e9parant vos morceaux. Vous pouvez utiliser votre appareil iOS pour contr\u00f4ler le XDJ-R1 de n&#8217;importe o\u00f9 dans la pi\u00e8ce. La table de mixage dispose de lecteurs CD et USB. De nombreuses fonctionnalit\u00e9s sont pr\u00e9sentes sur cet appareil, telles que\u00a0: le Beat Sync, l\u2019Auto Beat Loop, le mode Shift,\u2026 Vous cherchez une soci\u00e9t\u00e9 fiable pour la <strong>location de tables de mixage<\/strong>, pour la <strong>location de sono<\/strong> pour votre \u00e9v\u00e9nement ou encore pour la <strong>location de mat\u00e9riel de DJ<\/strong>\u00a0? ML Locations vous conseille et vous recommande le meilleur mat\u00e9riel de location pour votre \u00e9v\u00e9nement\u00a0?<\/p>\n<p><strong>Dimensions et caract\u00e9ristiques de la table de mixage\u00a0:<\/strong><\/p>\n<ul>\n<li>623 mm x 308.4 mm x 107.7 mm<\/li>\n<li>Poids : 6.8kgs<\/li>\n<li>Port USB<\/li>\n<li>Entr\u00e9es\u00a0: Phono\/Line RCA, Jack<\/li>\n<li>Sorties\u00a0: XLR, RCA, Jack.<\/li>\n<\/ul>\n","protected":false},"excerpt":{"rendered":"<p><strong>Table de mixage \u00e0 louer<\/strong> pour la <strong>sonorisation<\/strong> de vos soir\u00e9es, vos anniversaires ou mariages.<\/p>\n","protected":false},"featured_media":2300,"template":"","meta":{"_acf_changed":false},"product_brand":[],"product_cat":[17,18],"product_tag":[204,205],"class_list":{"0":"post-1798","1":"product","2":"type-product","3":"status-publish","4":"has-post-thumbnail","6":"product_cat-materiel-sono-et-lumieres-en-location","7":"product_cat-locationde-materiel-de-sono-et-dj","8":"product_tag-location-materiel-concert-et-spectacle","9":"product_tag-location-materiel-organisation-soiree","10":"description-off","12":"first","13":"instock","14":"taxable","15":"shipping-taxable","16":"purchasable","17":"product-type-simple"},"acf":[],"yoast_head":"<!-- This site is optimized with the Yoast SEO plugin v25.0 - https:\/\/yoast.com\/wordpress\/plugins\/seo\/ -->\n<title>Table de mixage Pioneer XDJ-R1 | ML Locations<\/title>\n<meta name=\"robots\" content=\"index, follow, max-snippet:-1, max-image-preview:large, max-video-preview:-1\" \/>\n<link rel=\"canonical\" href=\"https:\/\/ml-locations.be\/nl\/locations\/table-de-mixage-pioneer-xdj-r1\/\" \/>\n<meta property=\"og:locale\" content=\"nl_NL\" \/>\n<meta property=\"og:type\" content=\"article\" \/>\n<meta property=\"og:title\" content=\"Table de mixage Pioneer XDJ-R1 | ML Locations\" \/>\n<meta property=\"og:description\" content=\"Table de mixage \u00e0 louer pour la sonorisation de vos soir\u00e9es, vos anniversaires ou mariages.\" \/>\n<meta property=\"og:url\" content=\"https:\/\/ml-locations.be\/nl\/locations\/table-de-mixage-pioneer-xdj-r1\/\" \/>\n<meta property=\"og:site_name\" content=\"ML Locations\" \/>\n<meta property=\"article:modified_time\" content=\"2017-05-08T11:52:47+00:00\" \/>\n<meta property=\"og:image\" content=\"https:\/\/ml-locations.be\/wp-content\/uploads\/2017\/04\/pioneer-XDJ-r1.jpg\" \/>\n\t<meta property=\"og:image:width\" content=\"1000\" \/>\n\t<meta property=\"og:image:height\" content=\"1000\" \/>\n\t<meta property=\"og:image:type\" content=\"image\/jpeg\" \/>\n<meta name=\"twitter:card\" content=\"summary_large_image\" \/>\n<meta name=\"twitter:label1\" content=\"Geschatte leestijd\" \/>\n\t<meta name=\"twitter:data1\" content=\"1 minuut\" \/>\n<script type=\"application\/ld+json\" class=\"yoast-schema-graph\">{\"@context\":\"https:\/\/schema.org\",\"@graph\":[{\"@type\":\"WebPage\",\"@id\":\"https:\/\/ml-locations.be\/nl\/locations\/table-de-mixage-pioneer-xdj-r1\/\",\"url\":\"https:\/\/ml-locations.be\/nl\/locations\/table-de-mixage-pioneer-xdj-r1\/\",\"name\":\"Table de mixage Pioneer XDJ-R1 | ML Locations\",\"isPartOf\":{\"@id\":\"https:\/\/ml-locations.be\/nl\/#website\"},\"primaryImageOfPage\":{\"@id\":\"https:\/\/ml-locations.be\/nl\/locations\/table-de-mixage-pioneer-xdj-r1\/#primaryimage\"},\"image\":{\"@id\":\"https:\/\/ml-locations.be\/nl\/locations\/table-de-mixage-pioneer-xdj-r1\/#primaryimage\"},\"thumbnailUrl\":\"https:\/\/ml-locations.be\/wp-content\/uploads\/2017\/04\/pioneer-XDJ-r1.jpg\",\"datePublished\":\"2017-04-11T12:33:33+00:00\",\"dateModified\":\"2017-05-08T11:52:47+00:00\",\"breadcrumb\":{\"@id\":\"https:\/\/ml-locations.be\/nl\/locations\/table-de-mixage-pioneer-xdj-r1\/#breadcrumb\"},\"inLanguage\":\"nl-NL\",\"potentialAction\":[{\"@type\":\"ReadAction\",\"target\":[\"https:\/\/ml-locations.be\/nl\/locations\/table-de-mixage-pioneer-xdj-r1\/\"]}]},{\"@type\":\"ImageObject\",\"inLanguage\":\"nl-NL\",\"@id\":\"https:\/\/ml-locations.be\/nl\/locations\/table-de-mixage-pioneer-xdj-r1\/#primaryimage\",\"url\":\"https:\/\/ml-locations.be\/wp-content\/uploads\/2017\/04\/pioneer-XDJ-r1.jpg\",\"contentUrl\":\"https:\/\/ml-locations.be\/wp-content\/uploads\/2017\/04\/pioneer-XDJ-r1.jpg\",\"width\":1000,\"height\":1000,\"caption\":\"pioneer XDJ r1 - Mat\u00e9riel de sonorisation en location\"},{\"@type\":\"BreadcrumbList\",\"@id\":\"https:\/\/ml-locations.be\/nl\/locations\/table-de-mixage-pioneer-xdj-r1\/#breadcrumb\",\"itemListElement\":[{\"@type\":\"ListItem\",\"position\":1,\"name\":\"Accueil\",\"item\":\"https:\/\/ml-locations.be\/nl\/\"},{\"@type\":\"ListItem\",\"position\":2,\"name\":\"Winkel\",\"item\":\"https:\/\/ml-locations.be\/nl\/winkel\/\"},{\"@type\":\"ListItem\",\"position\":3,\"name\":\"Table de mixage Pioneer XDJ-R1\"}]},{\"@type\":\"WebSite\",\"@id\":\"https:\/\/ml-locations.be\/nl\/#website\",\"url\":\"https:\/\/ml-locations.be\/nl\/\",\"name\":\"ML Locations\",\"description\":\"Mat\u00e9riel \u00e9v\u00e9nementiel : location chaise, table et mange debout, mat\u00e9riel horeca, frigos,...\",\"publisher\":{\"@id\":\"https:\/\/ml-locations.be\/nl\/#organization\"},\"potentialAction\":[{\"@type\":\"SearchAction\",\"target\":{\"@type\":\"EntryPoint\",\"urlTemplate\":\"https:\/\/ml-locations.be\/nl\/?s={search_term_string}\"},\"query-input\":{\"@type\":\"PropertyValueSpecification\",\"valueRequired\":true,\"valueName\":\"search_term_string\"}}],\"inLanguage\":\"nl-NL\"},{\"@type\":\"Organization\",\"@id\":\"https:\/\/ml-locations.be\/nl\/#organization\",\"name\":\"ML Locations\",\"url\":\"https:\/\/ml-locations.be\/nl\/\",\"logo\":{\"@type\":\"ImageObject\",\"inLanguage\":\"nl-NL\",\"@id\":\"https:\/\/ml-locations.be\/nl\/#\/schema\/logo\/image\/\",\"url\":\"https:\/\/ml-locations.be\/wp-content\/uploads\/2018\/05\/LOGO-location-BON.png\",\"contentUrl\":\"https:\/\/ml-locations.be\/wp-content\/uploads\/2018\/05\/LOGO-location-BON.png\",\"width\":1200,\"height\":1200,\"caption\":\"ML Locations\"},\"image\":{\"@id\":\"https:\/\/ml-locations.be\/nl\/#\/schema\/logo\/image\/\"}}]}<\/script>\n<!-- \/ Yoast SEO plugin. -->","yoast_head_json":{"title":"Table de mixage Pioneer XDJ-R1 | ML Locations","robots":{"index":"index","follow":"follow","max-snippet":"max-snippet:-1","max-image-preview":"max-image-preview:large","max-video-preview":"max-video-preview:-1"},"canonical":"https:\/\/ml-locations.be\/nl\/locations\/table-de-mixage-pioneer-xdj-r1\/","og_locale":"nl_NL","og_type":"article","og_title":"Table de mixage Pioneer XDJ-R1 | ML Locations","og_description":"Table de mixage \u00e0 louer pour la sonorisation de vos soir\u00e9es, vos anniversaires ou mariages.","og_url":"https:\/\/ml-locations.be\/nl\/locations\/table-de-mixage-pioneer-xdj-r1\/","og_site_name":"ML Locations","article_modified_time":"2017-05-08T11:52:47+00:00","og_image":[{"width":1000,"height":1000,"url":"https:\/\/ml-locations.be\/wp-content\/uploads\/2017\/04\/pioneer-XDJ-r1.jpg","type":"image\/jpeg"}],"twitter_card":"summary_large_image","twitter_misc":{"Geschatte leestijd":"1 minuut"},"schema":{"@context":"https:\/\/schema.org","@graph":[{"@type":"WebPage","@id":"https:\/\/ml-locations.be\/nl\/locations\/table-de-mixage-pioneer-xdj-r1\/","url":"https:\/\/ml-locations.be\/nl\/locations\/table-de-mixage-pioneer-xdj-r1\/","name":"Table de mixage Pioneer XDJ-R1 | ML Locations","isPartOf":{"@id":"https:\/\/ml-locations.be\/nl\/#website"},"primaryImageOfPage":{"@id":"https:\/\/ml-locations.be\/nl\/locations\/table-de-mixage-pioneer-xdj-r1\/#primaryimage"},"image":{"@id":"https:\/\/ml-locations.be\/nl\/locations\/table-de-mixage-pioneer-xdj-r1\/#primaryimage"},"thumbnailUrl":"https:\/\/ml-locations.be\/wp-content\/uploads\/2017\/04\/pioneer-XDJ-r1.jpg","datePublished":"2017-04-11T12:33:33+00:00","dateModified":"2017-05-08T11:52:47+00:00","breadcrumb":{"@id":"https:\/\/ml-locations.be\/nl\/locations\/table-de-mixage-pioneer-xdj-r1\/#breadcrumb"},"inLanguage":"nl-NL","potentialAction":[{"@type":"ReadAction","target":["https:\/\/ml-locations.be\/nl\/locations\/table-de-mixage-pioneer-xdj-r1\/"]}]},{"@type":"ImageObject","inLanguage":"nl-NL","@id":"https:\/\/ml-locations.be\/nl\/locations\/table-de-mixage-pioneer-xdj-r1\/#primaryimage","url":"https:\/\/ml-locations.be\/wp-content\/uploads\/2017\/04\/pioneer-XDJ-r1.jpg","contentUrl":"https:\/\/ml-locations.be\/wp-content\/uploads\/2017\/04\/pioneer-XDJ-r1.jpg","width":1000,"height":1000,"caption":"pioneer XDJ r1 - Mat\u00e9riel de sonorisation en location"},{"@type":"BreadcrumbList","@id":"https:\/\/ml-locations.be\/nl\/locations\/table-de-mixage-pioneer-xdj-r1\/#breadcrumb","itemListElement":[{"@type":"ListItem","position":1,"name":"Accueil","item":"https:\/\/ml-locations.be\/nl\/"},{"@type":"ListItem","position":2,"name":"Winkel","item":"https:\/\/ml-locations.be\/nl\/winkel\/"},{"@type":"ListItem","position":3,"name":"Table de mixage Pioneer XDJ-R1"}]},{"@type":"WebSite","@id":"https:\/\/ml-locations.be\/nl\/#website","url":"https:\/\/ml-locations.be\/nl\/","name":"ML Locations","description":"Mat\u00e9riel \u00e9v\u00e9nementiel : location chaise, table et mange debout, mat\u00e9riel horeca, frigos,...","publisher":{"@id":"https:\/\/ml-locations.be\/nl\/#organization"},"potentialAction":[{"@type":"SearchAction","target":{"@type":"EntryPoint","urlTemplate":"https:\/\/ml-locations.be\/nl\/?s={search_term_string}"},"query-input":{"@type":"PropertyValueSpecification","valueRequired":true,"valueName":"search_term_string"}}],"inLanguage":"nl-NL"},{"@type":"Organization","@id":"https:\/\/ml-locations.be\/nl\/#organization","name":"ML Locations","url":"https:\/\/ml-locations.be\/nl\/","logo":{"@type":"ImageObject","inLanguage":"nl-NL","@id":"https:\/\/ml-locations.be\/nl\/#\/schema\/logo\/image\/","url":"https:\/\/ml-locations.be\/wp-content\/uploads\/2018\/05\/LOGO-location-BON.png","contentUrl":"https:\/\/ml-locations.be\/wp-content\/uploads\/2018\/05\/LOGO-location-BON.png","width":1200,"height":1200,"caption":"ML Locations"},"image":{"@id":"https:\/\/ml-locations.be\/nl\/#\/schema\/logo\/image\/"}}]}},"_links":{"self":[{"href":"https:\/\/ml-locations.be\/nl\/wp-json\/wp\/v2\/product\/1798","targetHints":{"allow":["GET"]}}],"collection":[{"href":"https:\/\/ml-locations.be\/nl\/wp-json\/wp\/v2\/product"}],"about":[{"href":"https:\/\/ml-locations.be\/nl\/wp-json\/wp\/v2\/types\/product"}],"wp:featuredmedia":[{"embeddable":true,"href":"https:\/\/ml-locations.be\/nl\/wp-json\/wp\/v2\/media\/2300"}],"wp:attachment":[{"href":"https:\/\/ml-locations.be\/nl\/wp-json\/wp\/v2\/media?parent=1798"}],"wp:term":[{"taxonomy":"product_brand","embeddable":true,"href":"https:\/\/ml-locations.be\/nl\/wp-json\/wp\/v2\/product_brand?post=1798"},{"taxonomy":"product_cat","embeddable":true,"href":"https:\/\/ml-locations.be\/nl\/wp-json\/wp\/v2\/product_cat?post=1798"},{"taxonomy":"product_tag","embeddable":true,"href":"https:\/\/ml-locations.be\/nl\/wp-json\/wp\/v2\/product_tag?post=1798"}],"curies":[{"name":"wp","href":"https:\/\/api.w.org\/{rel}","templated":true}]}}