{"id":1800,"date":"2017-04-11T14:33:33","date_gmt":"2017-04-11T12:33:33","guid":{"rendered":"https:\/\/www.ml-locations.be\/\/locations\/micro-haute-frequence-shure-hf-recep\/"},"modified":"2017-05-08T13:52:48","modified_gmt":"2017-05-08T11:52:48","slug":"micro-haute-frequence-shure-hf-recep","status":"publish","type":"product","link":"https:\/\/ml-locations.be\/nl\/locations\/micro-haute-frequence-shure-hf-recep\/","title":{"rendered":"Micro haute fr\u00e9quence SHURE PG54 + r\u00e9cepteur BLX4"},"content":{"rendered":"<p>Micro \u00e0 main en location Shure PG54 avec r\u00e9cepteur.<\/p>\n<p><strong>Description et caract\u00e9ristiques du micro Shure\u00a0PG54 :<\/strong><\/p>\n<ul>\n<li>plage de fr\u00e9quence optimalis\u00e9e pour le chant<\/li>\n<li>directivit\u00e9 cardio\u00efde, orientation vers l&#8217;avant, moins sensible pour le larsen<\/li>\n<li>r\u00e9ponse en fr\u00e9quence : 60 Hz &#8211; 15 kHz<\/li>\n<li>aimant n\u00e9odyme, convient pour les niveaux de volume extr\u00eames, sans distorsion<\/li>\n<li>support antichoc pneumatique interne pour supprimer les bruits d&#8217;usage<\/li>\n<li>pression acoustique max. (SPL) : 147 dB<\/li>\n<li>construction robuste en m\u00e9tal<\/li>\n<li>interrupteur marche\/arr\u00eat encastr\u00e9<\/li>\n<li>filtre anti-pop interne<\/li>\n<\/ul>\n<p><strong>Description et caract\u00e9ristiques du r\u00e9cepteur Shure\u00a0BLX4 :<\/strong><\/p>\n<ul>\n<li>Jusqu\u2019\u00e0 12 syst\u00e8mes compatibles (d\u00e9pendant du pays)<\/li>\n<li>Diversity \u00e0 antennes int\u00e9gr\u00e9es pilot\u00e9 par microprocesseur<\/li>\n<li>QuickScan d\u00e9terminant la meilleure fr\u00e9quence libre<\/li>\n<li>Sorties audio : XLR et jack 6,35mm<\/li>\n<li>LED bicolore d\u2019indication audio :\n<ul>\n<li>Vert : niveau audio normal<\/li>\n<li>Rouge : niveau audio Excessif (surcharge\/saturation)<\/li>\n<\/ul>\n<\/li>\n<\/ul>\n","protected":false},"excerpt":{"rendered":"<p><strong>Micro \u00e0 main sans fil<\/strong> de la marque Shure (mod\u00e8le PG58) et r\u00e9cepteur de la marque Shure (mod\u00e8le BLX4).<\/p>\n","protected":false},"featured_media":2542,"template":"","meta":{"_acf_changed":false},"product_brand":[],"product_cat":[17,18],"product_tag":[204,205],"class_list":{"0":"post-1800","1":"product","2":"type-product","3":"status-publish","4":"has-post-thumbnail","6":"product_cat-materiel-sono-et-lumieres-en-location","7":"product_cat-locationde-materiel-de-sono-et-dj","8":"product_tag-location-materiel-concert-et-spectacle","9":"product_tag-location-materiel-organisation-soiree","10":"description-off","12":"first","13":"instock","14":"taxable","15":"shipping-taxable","16":"purchasable","17":"product-type-simple"},"acf":[],"yoast_head":"<!-- This site is optimized with the Yoast SEO plugin v25.0 - https:\/\/yoast.com\/wordpress\/plugins\/seo\/ -->\n<title>Micro haute fr\u00e9quence SHURE PG54 + r\u00e9cepteur BLX4 | ML Locations<\/title>\n<meta name=\"robots\" content=\"index, follow, max-snippet:-1, max-image-preview:large, max-video-preview:-1\" \/>\n<link rel=\"canonical\" href=\"https:\/\/ml-locations.be\/nl\/locations\/micro-haute-frequence-shure-hf-recep\/\" \/>\n<meta property=\"og:locale\" content=\"nl_NL\" \/>\n<meta property=\"og:type\" content=\"article\" \/>\n<meta property=\"og:title\" content=\"Micro haute fr\u00e9quence SHURE PG54 + r\u00e9cepteur BLX4 | ML Locations\" \/>\n<meta property=\"og:description\" content=\"Micro \u00e0 main sans fil de la marque Shure (mod\u00e8le PG58) et r\u00e9cepteur de la marque Shure (mod\u00e8le BLX4).\" \/>\n<meta property=\"og:url\" content=\"https:\/\/ml-locations.be\/nl\/locations\/micro-haute-frequence-shure-hf-recep\/\" \/>\n<meta property=\"og:site_name\" content=\"ML Locations\" \/>\n<meta property=\"article:modified_time\" content=\"2017-05-08T11:52:48+00:00\" \/>\n<meta property=\"og:image\" content=\"https:\/\/ml-locations.be\/wp-content\/uploads\/2017\/04\/Location-Micro-Shure-recepteur-location-microphone.jpg\" \/>\n\t<meta property=\"og:image:width\" content=\"800\" \/>\n\t<meta property=\"og:image:height\" content=\"800\" \/>\n\t<meta property=\"og:image:type\" content=\"image\/jpeg\" \/>\n<meta name=\"twitter:card\" content=\"summary_large_image\" \/>\n<meta name=\"twitter:label1\" content=\"Geschatte leestijd\" \/>\n\t<meta name=\"twitter:data1\" content=\"1 minuut\" \/>\n<script type=\"application\/ld+json\" class=\"yoast-schema-graph\">{\"@context\":\"https:\/\/schema.org\",\"@graph\":[{\"@type\":\"WebPage\",\"@id\":\"https:\/\/ml-locations.be\/nl\/locations\/micro-haute-frequence-shure-hf-recep\/\",\"url\":\"https:\/\/ml-locations.be\/nl\/locations\/micro-haute-frequence-shure-hf-recep\/\",\"name\":\"Micro haute fr\u00e9quence SHURE PG54 + r\u00e9cepteur BLX4 | ML Locations\",\"isPartOf\":{\"@id\":\"https:\/\/ml-locations.be\/nl\/#website\"},\"primaryImageOfPage\":{\"@id\":\"https:\/\/ml-locations.be\/nl\/locations\/micro-haute-frequence-shure-hf-recep\/#primaryimage\"},\"image\":{\"@id\":\"https:\/\/ml-locations.be\/nl\/locations\/micro-haute-frequence-shure-hf-recep\/#primaryimage\"},\"thumbnailUrl\":\"https:\/\/ml-locations.be\/wp-content\/uploads\/2017\/04\/Location-Micro-Shure-recepteur-location-microphone.jpg\",\"datePublished\":\"2017-04-11T12:33:33+00:00\",\"dateModified\":\"2017-05-08T11:52:48+00:00\",\"breadcrumb\":{\"@id\":\"https:\/\/ml-locations.be\/nl\/locations\/micro-haute-frequence-shure-hf-recep\/#breadcrumb\"},\"inLanguage\":\"nl-NL\",\"potentialAction\":[{\"@type\":\"ReadAction\",\"target\":[\"https:\/\/ml-locations.be\/nl\/locations\/micro-haute-frequence-shure-hf-recep\/\"]}]},{\"@type\":\"ImageObject\",\"inLanguage\":\"nl-NL\",\"@id\":\"https:\/\/ml-locations.be\/nl\/locations\/micro-haute-frequence-shure-hf-recep\/#primaryimage\",\"url\":\"https:\/\/ml-locations.be\/wp-content\/uploads\/2017\/04\/Location-Micro-Shure-recepteur-location-microphone.jpg\",\"contentUrl\":\"https:\/\/ml-locations.be\/wp-content\/uploads\/2017\/04\/Location-Micro-Shure-recepteur-location-microphone.jpg\",\"width\":800,\"height\":800,\"caption\":\"Location Micro Shure + recepteur - location microphone\"},{\"@type\":\"BreadcrumbList\",\"@id\":\"https:\/\/ml-locations.be\/nl\/locations\/micro-haute-frequence-shure-hf-recep\/#breadcrumb\",\"itemListElement\":[{\"@type\":\"ListItem\",\"position\":1,\"name\":\"Accueil\",\"item\":\"https:\/\/ml-locations.be\/nl\/\"},{\"@type\":\"ListItem\",\"position\":2,\"name\":\"Winkel\",\"item\":\"https:\/\/ml-locations.be\/nl\/winkel\/\"},{\"@type\":\"ListItem\",\"position\":3,\"name\":\"Micro haute fr\u00e9quence SHURE PG54 + r\u00e9cepteur BLX4\"}]},{\"@type\":\"WebSite\",\"@id\":\"https:\/\/ml-locations.be\/nl\/#website\",\"url\":\"https:\/\/ml-locations.be\/nl\/\",\"name\":\"ML Locations\",\"description\":\"Mat\u00e9riel \u00e9v\u00e9nementiel : location chaise, table et mange debout, mat\u00e9riel horeca, frigos,...\",\"publisher\":{\"@id\":\"https:\/\/ml-locations.be\/nl\/#organization\"},\"potentialAction\":[{\"@type\":\"SearchAction\",\"target\":{\"@type\":\"EntryPoint\",\"urlTemplate\":\"https:\/\/ml-locations.be\/nl\/?s={search_term_string}\"},\"query-input\":{\"@type\":\"PropertyValueSpecification\",\"valueRequired\":true,\"valueName\":\"search_term_string\"}}],\"inLanguage\":\"nl-NL\"},{\"@type\":\"Organization\",\"@id\":\"https:\/\/ml-locations.be\/nl\/#organization\",\"name\":\"ML Locations\",\"url\":\"https:\/\/ml-locations.be\/nl\/\",\"logo\":{\"@type\":\"ImageObject\",\"inLanguage\":\"nl-NL\",\"@id\":\"https:\/\/ml-locations.be\/nl\/#\/schema\/logo\/image\/\",\"url\":\"https:\/\/ml-locations.be\/wp-content\/uploads\/2018\/05\/LOGO-location-BON.png\",\"contentUrl\":\"https:\/\/ml-locations.be\/wp-content\/uploads\/2018\/05\/LOGO-location-BON.png\",\"width\":1200,\"height\":1200,\"caption\":\"ML Locations\"},\"image\":{\"@id\":\"https:\/\/ml-locations.be\/nl\/#\/schema\/logo\/image\/\"}}]}<\/script>\n<!-- \/ Yoast SEO plugin. -->","yoast_head_json":{"title":"Micro haute fr\u00e9quence SHURE PG54 + r\u00e9cepteur BLX4 | ML Locations","robots":{"index":"index","follow":"follow","max-snippet":"max-snippet:-1","max-image-preview":"max-image-preview:large","max-video-preview":"max-video-preview:-1"},"canonical":"https:\/\/ml-locations.be\/nl\/locations\/micro-haute-frequence-shure-hf-recep\/","og_locale":"nl_NL","og_type":"article","og_title":"Micro haute fr\u00e9quence SHURE PG54 + r\u00e9cepteur BLX4 | ML Locations","og_description":"Micro \u00e0 main sans fil de la marque Shure (mod\u00e8le PG58) et r\u00e9cepteur de la marque Shure (mod\u00e8le BLX4).","og_url":"https:\/\/ml-locations.be\/nl\/locations\/micro-haute-frequence-shure-hf-recep\/","og_site_name":"ML Locations","article_modified_time":"2017-05-08T11:52:48+00:00","og_image":[{"width":800,"height":800,"url":"https:\/\/ml-locations.be\/wp-content\/uploads\/2017\/04\/Location-Micro-Shure-recepteur-location-microphone.jpg","type":"image\/jpeg"}],"twitter_card":"summary_large_image","twitter_misc":{"Geschatte leestijd":"1 minuut"},"schema":{"@context":"https:\/\/schema.org","@graph":[{"@type":"WebPage","@id":"https:\/\/ml-locations.be\/nl\/locations\/micro-haute-frequence-shure-hf-recep\/","url":"https:\/\/ml-locations.be\/nl\/locations\/micro-haute-frequence-shure-hf-recep\/","name":"Micro haute fr\u00e9quence SHURE PG54 + r\u00e9cepteur BLX4 | ML Locations","isPartOf":{"@id":"https:\/\/ml-locations.be\/nl\/#website"},"primaryImageOfPage":{"@id":"https:\/\/ml-locations.be\/nl\/locations\/micro-haute-frequence-shure-hf-recep\/#primaryimage"},"image":{"@id":"https:\/\/ml-locations.be\/nl\/locations\/micro-haute-frequence-shure-hf-recep\/#primaryimage"},"thumbnailUrl":"https:\/\/ml-locations.be\/wp-content\/uploads\/2017\/04\/Location-Micro-Shure-recepteur-location-microphone.jpg","datePublished":"2017-04-11T12:33:33+00:00","dateModified":"2017-05-08T11:52:48+00:00","breadcrumb":{"@id":"https:\/\/ml-locations.be\/nl\/locations\/micro-haute-frequence-shure-hf-recep\/#breadcrumb"},"inLanguage":"nl-NL","potentialAction":[{"@type":"ReadAction","target":["https:\/\/ml-locations.be\/nl\/locations\/micro-haute-frequence-shure-hf-recep\/"]}]},{"@type":"ImageObject","inLanguage":"nl-NL","@id":"https:\/\/ml-locations.be\/nl\/locations\/micro-haute-frequence-shure-hf-recep\/#primaryimage","url":"https:\/\/ml-locations.be\/wp-content\/uploads\/2017\/04\/Location-Micro-Shure-recepteur-location-microphone.jpg","contentUrl":"https:\/\/ml-locations.be\/wp-content\/uploads\/2017\/04\/Location-Micro-Shure-recepteur-location-microphone.jpg","width":800,"height":800,"caption":"Location Micro Shure + recepteur - location microphone"},{"@type":"BreadcrumbList","@id":"https:\/\/ml-locations.be\/nl\/locations\/micro-haute-frequence-shure-hf-recep\/#breadcrumb","itemListElement":[{"@type":"ListItem","position":1,"name":"Accueil","item":"https:\/\/ml-locations.be\/nl\/"},{"@type":"ListItem","position":2,"name":"Winkel","item":"https:\/\/ml-locations.be\/nl\/winkel\/"},{"@type":"ListItem","position":3,"name":"Micro haute fr\u00e9quence SHURE PG54 + r\u00e9cepteur BLX4"}]},{"@type":"WebSite","@id":"https:\/\/ml-locations.be\/nl\/#website","url":"https:\/\/ml-locations.be\/nl\/","name":"ML Locations","description":"Mat\u00e9riel \u00e9v\u00e9nementiel : location chaise, table et mange debout, mat\u00e9riel horeca, frigos,...","publisher":{"@id":"https:\/\/ml-locations.be\/nl\/#organization"},"potentialAction":[{"@type":"SearchAction","target":{"@type":"EntryPoint","urlTemplate":"https:\/\/ml-locations.be\/nl\/?s={search_term_string}"},"query-input":{"@type":"PropertyValueSpecification","valueRequired":true,"valueName":"search_term_string"}}],"inLanguage":"nl-NL"},{"@type":"Organization","@id":"https:\/\/ml-locations.be\/nl\/#organization","name":"ML Locations","url":"https:\/\/ml-locations.be\/nl\/","logo":{"@type":"ImageObject","inLanguage":"nl-NL","@id":"https:\/\/ml-locations.be\/nl\/#\/schema\/logo\/image\/","url":"https:\/\/ml-locations.be\/wp-content\/uploads\/2018\/05\/LOGO-location-BON.png","contentUrl":"https:\/\/ml-locations.be\/wp-content\/uploads\/2018\/05\/LOGO-location-BON.png","width":1200,"height":1200,"caption":"ML Locations"},"image":{"@id":"https:\/\/ml-locations.be\/nl\/#\/schema\/logo\/image\/"}}]}},"_links":{"self":[{"href":"https:\/\/ml-locations.be\/nl\/wp-json\/wp\/v2\/product\/1800","targetHints":{"allow":["GET"]}}],"collection":[{"href":"https:\/\/ml-locations.be\/nl\/wp-json\/wp\/v2\/product"}],"about":[{"href":"https:\/\/ml-locations.be\/nl\/wp-json\/wp\/v2\/types\/product"}],"wp:featuredmedia":[{"embeddable":true,"href":"https:\/\/ml-locations.be\/nl\/wp-json\/wp\/v2\/media\/2542"}],"wp:attachment":[{"href":"https:\/\/ml-locations.be\/nl\/wp-json\/wp\/v2\/media?parent=1800"}],"wp:term":[{"taxonomy":"product_brand","embeddable":true,"href":"https:\/\/ml-locations.be\/nl\/wp-json\/wp\/v2\/product_brand?post=1800"},{"taxonomy":"product_cat","embeddable":true,"href":"https:\/\/ml-locations.be\/nl\/wp-json\/wp\/v2\/product_cat?post=1800"},{"taxonomy":"product_tag","embeddable":true,"href":"https:\/\/ml-locations.be\/nl\/wp-json\/wp\/v2\/product_tag?post=1800"}],"curies":[{"name":"wp","href":"https:\/\/api.w.org\/{rel}","templated":true}]}}