{"id":1802,"date":"2017-04-11T14:33:33","date_gmt":"2017-04-11T12:33:33","guid":{"rendered":"https:\/\/www.ml-locations.be\/\/locations\/micro-shure-sm57\/"},"modified":"2018-06-11T17:28:55","modified_gmt":"2018-06-11T15:28:55","slug":"micro-shure-sm57","status":"publish","type":"product","link":"https:\/\/ml-locations.be\/nl\/locations\/micro-shure-sm57\/","title":{"rendered":"Micro SHURE SM57"},"content":{"rendered":"<p>Le <strong>micro Shure SM57<\/strong> est l\u2019outil id\u00e9al pour des performances en live (concerts, groupes musicaux, pr\u00e9sentations, conf\u00e9rences) ou des enregistrements studio. Le cardio\u00efde isole du micro la source principale et r\u00e9duit les bruits de fond. Pr\u00e9sence de suspensions interne anti-choc, ce qui permet de r\u00e9duire les bruits de manipulation du micro.<\/p>\n<p>Nous proposons \u00e9galement la <a href=\"https:\/\/ml-locations.be\/locations\/pied-pour-haut-parleur\/\"><strong>location de pieds de micro<\/strong><\/a>, la <a href=\"https:\/\/ml-locations.be\/locations\/micro-haute-frequence-hf\/\"><strong>location de micro haute-fr\u00e9quence<\/strong><\/a> et la <a href=\"https:\/\/ml-locations.be\/locations\/micro-casque-recepteur\/\"><strong>location de micro casque avec r\u00e9cepteur<\/strong><\/a>. N\u2019h\u00e9sitez pas \u00e0 nous demander conseils pour la <strong>location de micro professionnel<\/strong> pour vos \u00e9v\u00e9nements.<\/p>\n<p>Consultez \u00e9galement notre rubrique de <a href=\"https:\/\/ml-locations.be\/location\/materiel-sono-et-lumieres-en-location\/locationde-materiel-de-sono-et-dj\/\"><strong>location de haut-parleurs<\/strong><\/a>.<\/p>\n","protected":false},"excerpt":{"rendered":"<p>Les <strong>micro Shure SM<\/strong> sont la r\u00e9f\u00e9rence des micros de sc\u00e8ne depuis des d\u00e9cennies. <strong>Microphone dynamique<\/strong>, con\u00e7u pour reproduire parfaitement le son des instruments. Id\u00e9al pour la sonorisation et les enregistrements, tr\u00e8s polyvalent.<\/p>\n","protected":false},"featured_media":2318,"template":"","meta":{"_acf_changed":false},"product_brand":[],"product_cat":[17,18],"product_tag":[204,205],"class_list":{"0":"post-1802","1":"product","2":"type-product","3":"status-publish","4":"has-post-thumbnail","6":"product_cat-materiel-sono-et-lumieres-en-location","7":"product_cat-locationde-materiel-de-sono-et-dj","8":"product_tag-location-materiel-concert-et-spectacle","9":"product_tag-location-materiel-organisation-soiree","10":"description-off","12":"first","13":"instock","14":"taxable","15":"shipping-taxable","16":"purchasable","17":"product-type-simple"},"acf":[],"yoast_head":"<!-- This site is optimized with the Yoast SEO plugin v25.0 - https:\/\/yoast.com\/wordpress\/plugins\/seo\/ -->\n<title>Micro SHURE SM57 | ML Locations<\/title>\n<meta name=\"robots\" content=\"index, follow, max-snippet:-1, max-image-preview:large, max-video-preview:-1\" \/>\n<link rel=\"canonical\" href=\"https:\/\/ml-locations.be\/nl\/locations\/micro-shure-sm57\/\" \/>\n<meta property=\"og:locale\" content=\"nl_NL\" \/>\n<meta property=\"og:type\" content=\"article\" \/>\n<meta property=\"og:title\" content=\"Micro SHURE SM57 | ML Locations\" \/>\n<meta property=\"og:description\" content=\"Les micro Shure SM sont la r\u00e9f\u00e9rence des micros de sc\u00e8ne depuis des d\u00e9cennies. Microphone dynamique, con\u00e7u pour reproduire parfaitement le son des instruments. Id\u00e9al pour la sonorisation et les enregistrements, tr\u00e8s polyvalent.\" \/>\n<meta property=\"og:url\" content=\"https:\/\/ml-locations.be\/nl\/locations\/micro-shure-sm57\/\" \/>\n<meta property=\"og:site_name\" content=\"ML Locations\" \/>\n<meta property=\"article:modified_time\" content=\"2018-06-11T15:28:55+00:00\" \/>\n<meta property=\"og:image\" content=\"https:\/\/ml-locations.be\/wp-content\/uploads\/2017\/04\/shure-sm57.jpg\" \/>\n\t<meta property=\"og:image:width\" content=\"960\" \/>\n\t<meta property=\"og:image:height\" content=\"960\" \/>\n\t<meta property=\"og:image:type\" content=\"image\/jpeg\" \/>\n<meta name=\"twitter:card\" content=\"summary_large_image\" \/>\n<meta name=\"twitter:label1\" content=\"Geschatte leestijd\" \/>\n\t<meta name=\"twitter:data1\" content=\"1 minuut\" \/>\n<script type=\"application\/ld+json\" class=\"yoast-schema-graph\">{\"@context\":\"https:\/\/schema.org\",\"@graph\":[{\"@type\":\"WebPage\",\"@id\":\"https:\/\/ml-locations.be\/nl\/locations\/micro-shure-sm57\/\",\"url\":\"https:\/\/ml-locations.be\/nl\/locations\/micro-shure-sm57\/\",\"name\":\"Micro SHURE SM57 | ML Locations\",\"isPartOf\":{\"@id\":\"https:\/\/ml-locations.be\/nl\/#website\"},\"primaryImageOfPage\":{\"@id\":\"https:\/\/ml-locations.be\/nl\/locations\/micro-shure-sm57\/#primaryimage\"},\"image\":{\"@id\":\"https:\/\/ml-locations.be\/nl\/locations\/micro-shure-sm57\/#primaryimage\"},\"thumbnailUrl\":\"https:\/\/ml-locations.be\/wp-content\/uploads\/2017\/04\/shure-sm57.jpg\",\"datePublished\":\"2017-04-11T12:33:33+00:00\",\"dateModified\":\"2018-06-11T15:28:55+00:00\",\"breadcrumb\":{\"@id\":\"https:\/\/ml-locations.be\/nl\/locations\/micro-shure-sm57\/#breadcrumb\"},\"inLanguage\":\"nl-NL\",\"potentialAction\":[{\"@type\":\"ReadAction\",\"target\":[\"https:\/\/ml-locations.be\/nl\/locations\/micro-shure-sm57\/\"]}]},{\"@type\":\"ImageObject\",\"inLanguage\":\"nl-NL\",\"@id\":\"https:\/\/ml-locations.be\/nl\/locations\/micro-shure-sm57\/#primaryimage\",\"url\":\"https:\/\/ml-locations.be\/wp-content\/uploads\/2017\/04\/shure-sm57.jpg\",\"contentUrl\":\"https:\/\/ml-locations.be\/wp-content\/uploads\/2017\/04\/shure-sm57.jpg\",\"width\":960,\"height\":960,\"caption\":\"shure sm57 - mat\u00e9riel de sonorisation en location\"},{\"@type\":\"BreadcrumbList\",\"@id\":\"https:\/\/ml-locations.be\/nl\/locations\/micro-shure-sm57\/#breadcrumb\",\"itemListElement\":[{\"@type\":\"ListItem\",\"position\":1,\"name\":\"Accueil\",\"item\":\"https:\/\/ml-locations.be\/nl\/\"},{\"@type\":\"ListItem\",\"position\":2,\"name\":\"Winkel\",\"item\":\"https:\/\/ml-locations.be\/nl\/winkel\/\"},{\"@type\":\"ListItem\",\"position\":3,\"name\":\"Micro SHURE SM57\"}]},{\"@type\":\"WebSite\",\"@id\":\"https:\/\/ml-locations.be\/nl\/#website\",\"url\":\"https:\/\/ml-locations.be\/nl\/\",\"name\":\"ML Locations\",\"description\":\"Mat\u00e9riel \u00e9v\u00e9nementiel : location chaise, table et mange debout, mat\u00e9riel horeca, frigos,...\",\"publisher\":{\"@id\":\"https:\/\/ml-locations.be\/nl\/#organization\"},\"potentialAction\":[{\"@type\":\"SearchAction\",\"target\":{\"@type\":\"EntryPoint\",\"urlTemplate\":\"https:\/\/ml-locations.be\/nl\/?s={search_term_string}\"},\"query-input\":{\"@type\":\"PropertyValueSpecification\",\"valueRequired\":true,\"valueName\":\"search_term_string\"}}],\"inLanguage\":\"nl-NL\"},{\"@type\":\"Organization\",\"@id\":\"https:\/\/ml-locations.be\/nl\/#organization\",\"name\":\"ML Locations\",\"url\":\"https:\/\/ml-locations.be\/nl\/\",\"logo\":{\"@type\":\"ImageObject\",\"inLanguage\":\"nl-NL\",\"@id\":\"https:\/\/ml-locations.be\/nl\/#\/schema\/logo\/image\/\",\"url\":\"https:\/\/ml-locations.be\/wp-content\/uploads\/2018\/05\/LOGO-location-BON.png\",\"contentUrl\":\"https:\/\/ml-locations.be\/wp-content\/uploads\/2018\/05\/LOGO-location-BON.png\",\"width\":1200,\"height\":1200,\"caption\":\"ML Locations\"},\"image\":{\"@id\":\"https:\/\/ml-locations.be\/nl\/#\/schema\/logo\/image\/\"}}]}<\/script>\n<!-- \/ Yoast SEO plugin. -->","yoast_head_json":{"title":"Micro SHURE SM57 | ML Locations","robots":{"index":"index","follow":"follow","max-snippet":"max-snippet:-1","max-image-preview":"max-image-preview:large","max-video-preview":"max-video-preview:-1"},"canonical":"https:\/\/ml-locations.be\/nl\/locations\/micro-shure-sm57\/","og_locale":"nl_NL","og_type":"article","og_title":"Micro SHURE SM57 | ML Locations","og_description":"Les micro Shure SM sont la r\u00e9f\u00e9rence des micros de sc\u00e8ne depuis des d\u00e9cennies. Microphone dynamique, con\u00e7u pour reproduire parfaitement le son des instruments. Id\u00e9al pour la sonorisation et les enregistrements, tr\u00e8s polyvalent.","og_url":"https:\/\/ml-locations.be\/nl\/locations\/micro-shure-sm57\/","og_site_name":"ML Locations","article_modified_time":"2018-06-11T15:28:55+00:00","og_image":[{"width":960,"height":960,"url":"https:\/\/ml-locations.be\/wp-content\/uploads\/2017\/04\/shure-sm57.jpg","type":"image\/jpeg"}],"twitter_card":"summary_large_image","twitter_misc":{"Geschatte leestijd":"1 minuut"},"schema":{"@context":"https:\/\/schema.org","@graph":[{"@type":"WebPage","@id":"https:\/\/ml-locations.be\/nl\/locations\/micro-shure-sm57\/","url":"https:\/\/ml-locations.be\/nl\/locations\/micro-shure-sm57\/","name":"Micro SHURE SM57 | ML Locations","isPartOf":{"@id":"https:\/\/ml-locations.be\/nl\/#website"},"primaryImageOfPage":{"@id":"https:\/\/ml-locations.be\/nl\/locations\/micro-shure-sm57\/#primaryimage"},"image":{"@id":"https:\/\/ml-locations.be\/nl\/locations\/micro-shure-sm57\/#primaryimage"},"thumbnailUrl":"https:\/\/ml-locations.be\/wp-content\/uploads\/2017\/04\/shure-sm57.jpg","datePublished":"2017-04-11T12:33:33+00:00","dateModified":"2018-06-11T15:28:55+00:00","breadcrumb":{"@id":"https:\/\/ml-locations.be\/nl\/locations\/micro-shure-sm57\/#breadcrumb"},"inLanguage":"nl-NL","potentialAction":[{"@type":"ReadAction","target":["https:\/\/ml-locations.be\/nl\/locations\/micro-shure-sm57\/"]}]},{"@type":"ImageObject","inLanguage":"nl-NL","@id":"https:\/\/ml-locations.be\/nl\/locations\/micro-shure-sm57\/#primaryimage","url":"https:\/\/ml-locations.be\/wp-content\/uploads\/2017\/04\/shure-sm57.jpg","contentUrl":"https:\/\/ml-locations.be\/wp-content\/uploads\/2017\/04\/shure-sm57.jpg","width":960,"height":960,"caption":"shure sm57 - mat\u00e9riel de sonorisation en location"},{"@type":"BreadcrumbList","@id":"https:\/\/ml-locations.be\/nl\/locations\/micro-shure-sm57\/#breadcrumb","itemListElement":[{"@type":"ListItem","position":1,"name":"Accueil","item":"https:\/\/ml-locations.be\/nl\/"},{"@type":"ListItem","position":2,"name":"Winkel","item":"https:\/\/ml-locations.be\/nl\/winkel\/"},{"@type":"ListItem","position":3,"name":"Micro SHURE SM57"}]},{"@type":"WebSite","@id":"https:\/\/ml-locations.be\/nl\/#website","url":"https:\/\/ml-locations.be\/nl\/","name":"ML Locations","description":"Mat\u00e9riel \u00e9v\u00e9nementiel : location chaise, table et mange debout, mat\u00e9riel horeca, frigos,...","publisher":{"@id":"https:\/\/ml-locations.be\/nl\/#organization"},"potentialAction":[{"@type":"SearchAction","target":{"@type":"EntryPoint","urlTemplate":"https:\/\/ml-locations.be\/nl\/?s={search_term_string}"},"query-input":{"@type":"PropertyValueSpecification","valueRequired":true,"valueName":"search_term_string"}}],"inLanguage":"nl-NL"},{"@type":"Organization","@id":"https:\/\/ml-locations.be\/nl\/#organization","name":"ML Locations","url":"https:\/\/ml-locations.be\/nl\/","logo":{"@type":"ImageObject","inLanguage":"nl-NL","@id":"https:\/\/ml-locations.be\/nl\/#\/schema\/logo\/image\/","url":"https:\/\/ml-locations.be\/wp-content\/uploads\/2018\/05\/LOGO-location-BON.png","contentUrl":"https:\/\/ml-locations.be\/wp-content\/uploads\/2018\/05\/LOGO-location-BON.png","width":1200,"height":1200,"caption":"ML Locations"},"image":{"@id":"https:\/\/ml-locations.be\/nl\/#\/schema\/logo\/image\/"}}]}},"_links":{"self":[{"href":"https:\/\/ml-locations.be\/nl\/wp-json\/wp\/v2\/product\/1802","targetHints":{"allow":["GET"]}}],"collection":[{"href":"https:\/\/ml-locations.be\/nl\/wp-json\/wp\/v2\/product"}],"about":[{"href":"https:\/\/ml-locations.be\/nl\/wp-json\/wp\/v2\/types\/product"}],"wp:featuredmedia":[{"embeddable":true,"href":"https:\/\/ml-locations.be\/nl\/wp-json\/wp\/v2\/media\/2318"}],"wp:attachment":[{"href":"https:\/\/ml-locations.be\/nl\/wp-json\/wp\/v2\/media?parent=1802"}],"wp:term":[{"taxonomy":"product_brand","embeddable":true,"href":"https:\/\/ml-locations.be\/nl\/wp-json\/wp\/v2\/product_brand?post=1802"},{"taxonomy":"product_cat","embeddable":true,"href":"https:\/\/ml-locations.be\/nl\/wp-json\/wp\/v2\/product_cat?post=1802"},{"taxonomy":"product_tag","embeddable":true,"href":"https:\/\/ml-locations.be\/nl\/wp-json\/wp\/v2\/product_tag?post=1802"}],"curies":[{"name":"wp","href":"https:\/\/api.w.org\/{rel}","templated":true}]}}