{"id":1803,"date":"2017-04-11T14:33:33","date_gmt":"2017-04-11T12:33:33","guid":{"rendered":"https:\/\/www.ml-locations.be\/\/locations\/micro-shure-sm58\/"},"modified":"2017-05-08T13:52:51","modified_gmt":"2017-05-08T11:52:51","slug":"micro-shure-sm58","status":"publish","type":"product","link":"https:\/\/ml-locations.be\/nl\/locations\/micro-shure-sm58\/","title":{"rendered":"Micro Shure SM58"},"content":{"rendered":"<p>Le micro Shure SM58 offre la meilleure combinaison entre fiabilit\u00e9 et qualit\u00e9 sonore excellente. Ce micro est le microphone le plus populaire dans le monde. Il s\u2019agit d\u2019un <strong>micro filaire<\/strong>, dynamique avec un syst\u00e8me carco\u00efde. Vous organisez un \u00e9v\u00e9nement et vous avez besoin de louer un micro et\/ou des haut-parleurs\u00a0? Chez ML Locations, vous trouverez des <a href=\"http:\/\/www.ml-locations.be\/locations\/pied-pour-haut-parleur\/\"><strong>pieds de micro en location<\/strong><\/a>, des <a href=\"http:\/\/www.ml-locations.be\/locations\/micro-haute-frequence-hf\/\"><strong>micros haute-fr\u00e9quence en location<\/strong><\/a>, des <a href=\"http:\/\/www.ml-locations.be\/locations\/micro-casque-recepteur\/\"><strong>micros casques avec r\u00e9cepteur en location<\/strong><\/a>. Vous ne savez pas quel micro et quels haut-parleurs vous devez louer pour votre \u00e9v\u00e9nement\u00a0? Demandez nous conseils pour la <strong>location de micros professionnels<\/strong>.<\/p>\n<p><strong>Dimensions et caract\u00e9ristiques\u00a0:<\/strong><\/p>\n<ul>\n<li>Longueur\u00a0: 162 mm,<\/li>\n<li>Diam\u00e8tre\u00a0: 51 mm,<\/li>\n<li>Poids\u00a0: 127 g.<\/li>\n<\/ul>\n","protected":false},"excerpt":{"rendered":"<p>Les <strong>micro Shure SM58<\/strong> sont la r\u00e9f\u00e9rence des micros de sc\u00e8ne depuis des d\u00e9cennies. Microphone ultra fiable et r\u00e9sistant, offre un son doux et clair.<\/p>\n","protected":false},"featured_media":2324,"template":"","meta":{"_acf_changed":false},"product_brand":[],"product_cat":[17,18],"product_tag":[204,205],"class_list":{"0":"post-1803","1":"product","2":"type-product","3":"status-publish","4":"has-post-thumbnail","6":"product_cat-materiel-sono-et-lumieres-en-location","7":"product_cat-locationde-materiel-de-sono-et-dj","8":"product_tag-location-materiel-concert-et-spectacle","9":"product_tag-location-materiel-organisation-soiree","10":"description-off","12":"first","13":"instock","14":"taxable","15":"shipping-taxable","16":"purchasable","17":"product-type-simple"},"acf":[],"yoast_head":"<!-- This site is optimized with the Yoast SEO plugin v25.0 - https:\/\/yoast.com\/wordpress\/plugins\/seo\/ -->\n<title>Micro Shure SM58 | ML Locations<\/title>\n<meta name=\"robots\" content=\"index, follow, max-snippet:-1, max-image-preview:large, max-video-preview:-1\" \/>\n<link rel=\"canonical\" href=\"https:\/\/ml-locations.be\/nl\/locations\/micro-shure-sm58\/\" \/>\n<meta property=\"og:locale\" content=\"nl_NL\" \/>\n<meta property=\"og:type\" content=\"article\" \/>\n<meta property=\"og:title\" content=\"Micro Shure SM58 | ML Locations\" \/>\n<meta property=\"og:description\" content=\"Les micro Shure SM58 sont la r\u00e9f\u00e9rence des micros de sc\u00e8ne depuis des d\u00e9cennies. Microphone ultra fiable et r\u00e9sistant, offre un son doux et clair.\" \/>\n<meta property=\"og:url\" content=\"https:\/\/ml-locations.be\/nl\/locations\/micro-shure-sm58\/\" \/>\n<meta property=\"og:site_name\" content=\"ML Locations\" \/>\n<meta property=\"article:modified_time\" content=\"2017-05-08T11:52:51+00:00\" \/>\n<meta property=\"og:image\" content=\"https:\/\/ml-locations.be\/wp-content\/uploads\/2017\/04\/SHURE-SM58-1.jpg\" \/>\n\t<meta property=\"og:image:width\" content=\"1000\" \/>\n\t<meta property=\"og:image:height\" content=\"1000\" \/>\n\t<meta property=\"og:image:type\" content=\"image\/jpeg\" \/>\n<meta name=\"twitter:card\" content=\"summary_large_image\" \/>\n<meta name=\"twitter:label1\" content=\"Geschatte leestijd\" \/>\n\t<meta name=\"twitter:data1\" content=\"1 minuut\" \/>\n<script type=\"application\/ld+json\" class=\"yoast-schema-graph\">{\"@context\":\"https:\/\/schema.org\",\"@graph\":[{\"@type\":\"WebPage\",\"@id\":\"https:\/\/ml-locations.be\/nl\/locations\/micro-shure-sm58\/\",\"url\":\"https:\/\/ml-locations.be\/nl\/locations\/micro-shure-sm58\/\",\"name\":\"Micro Shure SM58 | ML Locations\",\"isPartOf\":{\"@id\":\"https:\/\/ml-locations.be\/nl\/#website\"},\"primaryImageOfPage\":{\"@id\":\"https:\/\/ml-locations.be\/nl\/locations\/micro-shure-sm58\/#primaryimage\"},\"image\":{\"@id\":\"https:\/\/ml-locations.be\/nl\/locations\/micro-shure-sm58\/#primaryimage\"},\"thumbnailUrl\":\"https:\/\/ml-locations.be\/wp-content\/uploads\/2017\/04\/SHURE-SM58-1.jpg\",\"datePublished\":\"2017-04-11T12:33:33+00:00\",\"dateModified\":\"2017-05-08T11:52:51+00:00\",\"breadcrumb\":{\"@id\":\"https:\/\/ml-locations.be\/nl\/locations\/micro-shure-sm58\/#breadcrumb\"},\"inLanguage\":\"nl-NL\",\"potentialAction\":[{\"@type\":\"ReadAction\",\"target\":[\"https:\/\/ml-locations.be\/nl\/locations\/micro-shure-sm58\/\"]}]},{\"@type\":\"ImageObject\",\"inLanguage\":\"nl-NL\",\"@id\":\"https:\/\/ml-locations.be\/nl\/locations\/micro-shure-sm58\/#primaryimage\",\"url\":\"https:\/\/ml-locations.be\/wp-content\/uploads\/2017\/04\/SHURE-SM58-1.jpg\",\"contentUrl\":\"https:\/\/ml-locations.be\/wp-content\/uploads\/2017\/04\/SHURE-SM58-1.jpg\",\"width\":1000,\"height\":1000,\"caption\":\"SHURE SM58 - mat\u00e9riel de sonorisation en location\"},{\"@type\":\"BreadcrumbList\",\"@id\":\"https:\/\/ml-locations.be\/nl\/locations\/micro-shure-sm58\/#breadcrumb\",\"itemListElement\":[{\"@type\":\"ListItem\",\"position\":1,\"name\":\"Accueil\",\"item\":\"https:\/\/ml-locations.be\/nl\/\"},{\"@type\":\"ListItem\",\"position\":2,\"name\":\"Winkel\",\"item\":\"https:\/\/ml-locations.be\/nl\/winkel\/\"},{\"@type\":\"ListItem\",\"position\":3,\"name\":\"Micro Shure SM58\"}]},{\"@type\":\"WebSite\",\"@id\":\"https:\/\/ml-locations.be\/nl\/#website\",\"url\":\"https:\/\/ml-locations.be\/nl\/\",\"name\":\"ML Locations\",\"description\":\"Mat\u00e9riel \u00e9v\u00e9nementiel : location chaise, table et mange debout, mat\u00e9riel horeca, frigos,...\",\"publisher\":{\"@id\":\"https:\/\/ml-locations.be\/nl\/#organization\"},\"potentialAction\":[{\"@type\":\"SearchAction\",\"target\":{\"@type\":\"EntryPoint\",\"urlTemplate\":\"https:\/\/ml-locations.be\/nl\/?s={search_term_string}\"},\"query-input\":{\"@type\":\"PropertyValueSpecification\",\"valueRequired\":true,\"valueName\":\"search_term_string\"}}],\"inLanguage\":\"nl-NL\"},{\"@type\":\"Organization\",\"@id\":\"https:\/\/ml-locations.be\/nl\/#organization\",\"name\":\"ML Locations\",\"url\":\"https:\/\/ml-locations.be\/nl\/\",\"logo\":{\"@type\":\"ImageObject\",\"inLanguage\":\"nl-NL\",\"@id\":\"https:\/\/ml-locations.be\/nl\/#\/schema\/logo\/image\/\",\"url\":\"https:\/\/ml-locations.be\/wp-content\/uploads\/2018\/05\/LOGO-location-BON.png\",\"contentUrl\":\"https:\/\/ml-locations.be\/wp-content\/uploads\/2018\/05\/LOGO-location-BON.png\",\"width\":1200,\"height\":1200,\"caption\":\"ML Locations\"},\"image\":{\"@id\":\"https:\/\/ml-locations.be\/nl\/#\/schema\/logo\/image\/\"}}]}<\/script>\n<!-- \/ Yoast SEO plugin. -->","yoast_head_json":{"title":"Micro Shure SM58 | ML Locations","robots":{"index":"index","follow":"follow","max-snippet":"max-snippet:-1","max-image-preview":"max-image-preview:large","max-video-preview":"max-video-preview:-1"},"canonical":"https:\/\/ml-locations.be\/nl\/locations\/micro-shure-sm58\/","og_locale":"nl_NL","og_type":"article","og_title":"Micro Shure SM58 | ML Locations","og_description":"Les micro Shure SM58 sont la r\u00e9f\u00e9rence des micros de sc\u00e8ne depuis des d\u00e9cennies. Microphone ultra fiable et r\u00e9sistant, offre un son doux et clair.","og_url":"https:\/\/ml-locations.be\/nl\/locations\/micro-shure-sm58\/","og_site_name":"ML Locations","article_modified_time":"2017-05-08T11:52:51+00:00","og_image":[{"width":1000,"height":1000,"url":"https:\/\/ml-locations.be\/wp-content\/uploads\/2017\/04\/SHURE-SM58-1.jpg","type":"image\/jpeg"}],"twitter_card":"summary_large_image","twitter_misc":{"Geschatte leestijd":"1 minuut"},"schema":{"@context":"https:\/\/schema.org","@graph":[{"@type":"WebPage","@id":"https:\/\/ml-locations.be\/nl\/locations\/micro-shure-sm58\/","url":"https:\/\/ml-locations.be\/nl\/locations\/micro-shure-sm58\/","name":"Micro Shure SM58 | ML Locations","isPartOf":{"@id":"https:\/\/ml-locations.be\/nl\/#website"},"primaryImageOfPage":{"@id":"https:\/\/ml-locations.be\/nl\/locations\/micro-shure-sm58\/#primaryimage"},"image":{"@id":"https:\/\/ml-locations.be\/nl\/locations\/micro-shure-sm58\/#primaryimage"},"thumbnailUrl":"https:\/\/ml-locations.be\/wp-content\/uploads\/2017\/04\/SHURE-SM58-1.jpg","datePublished":"2017-04-11T12:33:33+00:00","dateModified":"2017-05-08T11:52:51+00:00","breadcrumb":{"@id":"https:\/\/ml-locations.be\/nl\/locations\/micro-shure-sm58\/#breadcrumb"},"inLanguage":"nl-NL","potentialAction":[{"@type":"ReadAction","target":["https:\/\/ml-locations.be\/nl\/locations\/micro-shure-sm58\/"]}]},{"@type":"ImageObject","inLanguage":"nl-NL","@id":"https:\/\/ml-locations.be\/nl\/locations\/micro-shure-sm58\/#primaryimage","url":"https:\/\/ml-locations.be\/wp-content\/uploads\/2017\/04\/SHURE-SM58-1.jpg","contentUrl":"https:\/\/ml-locations.be\/wp-content\/uploads\/2017\/04\/SHURE-SM58-1.jpg","width":1000,"height":1000,"caption":"SHURE SM58 - mat\u00e9riel de sonorisation en location"},{"@type":"BreadcrumbList","@id":"https:\/\/ml-locations.be\/nl\/locations\/micro-shure-sm58\/#breadcrumb","itemListElement":[{"@type":"ListItem","position":1,"name":"Accueil","item":"https:\/\/ml-locations.be\/nl\/"},{"@type":"ListItem","position":2,"name":"Winkel","item":"https:\/\/ml-locations.be\/nl\/winkel\/"},{"@type":"ListItem","position":3,"name":"Micro Shure SM58"}]},{"@type":"WebSite","@id":"https:\/\/ml-locations.be\/nl\/#website","url":"https:\/\/ml-locations.be\/nl\/","name":"ML Locations","description":"Mat\u00e9riel \u00e9v\u00e9nementiel : location chaise, table et mange debout, mat\u00e9riel horeca, frigos,...","publisher":{"@id":"https:\/\/ml-locations.be\/nl\/#organization"},"potentialAction":[{"@type":"SearchAction","target":{"@type":"EntryPoint","urlTemplate":"https:\/\/ml-locations.be\/nl\/?s={search_term_string}"},"query-input":{"@type":"PropertyValueSpecification","valueRequired":true,"valueName":"search_term_string"}}],"inLanguage":"nl-NL"},{"@type":"Organization","@id":"https:\/\/ml-locations.be\/nl\/#organization","name":"ML Locations","url":"https:\/\/ml-locations.be\/nl\/","logo":{"@type":"ImageObject","inLanguage":"nl-NL","@id":"https:\/\/ml-locations.be\/nl\/#\/schema\/logo\/image\/","url":"https:\/\/ml-locations.be\/wp-content\/uploads\/2018\/05\/LOGO-location-BON.png","contentUrl":"https:\/\/ml-locations.be\/wp-content\/uploads\/2018\/05\/LOGO-location-BON.png","width":1200,"height":1200,"caption":"ML Locations"},"image":{"@id":"https:\/\/ml-locations.be\/nl\/#\/schema\/logo\/image\/"}}]}},"_links":{"self":[{"href":"https:\/\/ml-locations.be\/nl\/wp-json\/wp\/v2\/product\/1803","targetHints":{"allow":["GET"]}}],"collection":[{"href":"https:\/\/ml-locations.be\/nl\/wp-json\/wp\/v2\/product"}],"about":[{"href":"https:\/\/ml-locations.be\/nl\/wp-json\/wp\/v2\/types\/product"}],"wp:featuredmedia":[{"embeddable":true,"href":"https:\/\/ml-locations.be\/nl\/wp-json\/wp\/v2\/media\/2324"}],"wp:attachment":[{"href":"https:\/\/ml-locations.be\/nl\/wp-json\/wp\/v2\/media?parent=1803"}],"wp:term":[{"taxonomy":"product_brand","embeddable":true,"href":"https:\/\/ml-locations.be\/nl\/wp-json\/wp\/v2\/product_brand?post=1803"},{"taxonomy":"product_cat","embeddable":true,"href":"https:\/\/ml-locations.be\/nl\/wp-json\/wp\/v2\/product_cat?post=1803"},{"taxonomy":"product_tag","embeddable":true,"href":"https:\/\/ml-locations.be\/nl\/wp-json\/wp\/v2\/product_tag?post=1803"}],"curies":[{"name":"wp","href":"https:\/\/api.w.org\/{rel}","templated":true}]}}