{"id":1825,"date":"2017-04-11T14:33:38","date_gmt":"2017-04-11T12:33:38","guid":{"rendered":"https:\/\/www.ml-locations.be\/\/locations\/truss-global-quadrilight-3-m\/"},"modified":"2018-04-26T09:21:03","modified_gmt":"2018-04-26T07:21:03","slug":"truss-prolyte-quadrilight-3-m","status":"publish","type":"product","link":"https:\/\/ml-locations.be\/nl\/locations\/truss-prolyte-quadrilight-3-m\/","title":{"rendered":"Truss Prolyte Quadrilight 3 m"},"content":{"rendered":"<p>La <strong>Truss Quadrilight<\/strong> en aluminium est une <strong>structure alu<\/strong> 4 points \u00e0 assemblage rapide est id\u00e9ale pour \u00e9quipement de sc\u00e8ne, stand, sonorisation, \u00e9clairage. Diff\u00e9rentes longueurs sont disponibles\u00a0: 0,25m\u00a0; 0,3m\u00a0; 0,5m\u00a0; 1m\u00a0; 1,5m\u00a0; 2m\u00a0; 2,5m\u00a0; 3m\u00a0; 3,5m.<\/p>\n<p>La truss (quadrilight) est parfaite pour construire des sc\u00e8nes, pour l\u2019organisation d\u2019\u00e9v\u00e9nements et comme support pour l\u2019\u00e9clairage et la sonorisation d\u2019\u00e9v\u00e9nements.<\/p>\n<p>Le syst\u00e8me est fix\u00e9 \u00e0 l\u2019aide de <strong>connections coniques<\/strong>. Les \u00e9l\u00e9ments de connexion de la structure sont compris dans la location de la Truss.<\/p>\n<p>Dimensions de la structure Truss Quadrilight\u00a0:<\/p>\n<ul>\n<li>Largeur\u00a0: 290 mm,<\/li>\n<li>Hauteur\u00a0: 290 mm,<\/li>\n<li>Longueur\u00a0: 3 m.<\/li>\n<\/ul>\n","protected":false},"excerpt":{"rendered":"<p><strong>Truss Quadrilight<\/strong> (structures 4 points), plusieurs dimensions sont \u00e0 votre disposition.<\/p>\n","protected":false},"featured_media":1936,"template":"","meta":{"_acf_changed":false},"product_brand":[],"product_cat":[17,23],"product_tag":[204,205],"class_list":{"0":"post-1825","1":"product","2":"type-product","3":"status-publish","4":"has-post-thumbnail","6":"product_cat-materiel-sono-et-lumieres-en-location","7":"product_cat-structure-truss-et-alu-a-louer","8":"product_tag-location-materiel-concert-et-spectacle","9":"product_tag-location-materiel-organisation-soiree","10":"description-off","12":"first","13":"instock","14":"taxable","15":"shipping-taxable","16":"purchasable","17":"product-type-simple"},"acf":[],"yoast_head":"<!-- This site is optimized with the Yoast SEO plugin v25.0 - https:\/\/yoast.com\/wordpress\/plugins\/seo\/ -->\n<title>Truss Prolyte Quadrilight 3 m | ML Locations<\/title>\n<meta name=\"robots\" content=\"index, follow, max-snippet:-1, max-image-preview:large, max-video-preview:-1\" \/>\n<link rel=\"canonical\" href=\"https:\/\/ml-locations.be\/nl\/locations\/truss-prolyte-quadrilight-3-m\/\" \/>\n<meta property=\"og:locale\" content=\"nl_NL\" \/>\n<meta property=\"og:type\" content=\"article\" \/>\n<meta property=\"og:title\" content=\"Truss Prolyte Quadrilight 3 m | ML Locations\" \/>\n<meta property=\"og:description\" content=\"Truss Quadrilight (structures 4 points), plusieurs dimensions sont \u00e0 votre disposition.\" \/>\n<meta property=\"og:url\" content=\"https:\/\/ml-locations.be\/nl\/locations\/truss-prolyte-quadrilight-3-m\/\" \/>\n<meta property=\"og:site_name\" content=\"ML Locations\" \/>\n<meta property=\"article:modified_time\" content=\"2018-04-26T07:21:03+00:00\" \/>\n<meta property=\"og:image\" content=\"https:\/\/ml-locations.be\/wp-content\/uploads\/2017\/04\/truss-2.jpg\" \/>\n\t<meta property=\"og:image:width\" content=\"1000\" \/>\n\t<meta property=\"og:image:height\" content=\"1000\" \/>\n\t<meta property=\"og:image:type\" content=\"image\/jpeg\" \/>\n<meta name=\"twitter:card\" content=\"summary_large_image\" \/>\n<meta name=\"twitter:label1\" content=\"Geschatte leestijd\" \/>\n\t<meta name=\"twitter:data1\" content=\"1 minuut\" \/>\n<script type=\"application\/ld+json\" class=\"yoast-schema-graph\">{\"@context\":\"https:\/\/schema.org\",\"@graph\":[{\"@type\":\"WebPage\",\"@id\":\"https:\/\/ml-locations.be\/nl\/locations\/truss-prolyte-quadrilight-3-m\/\",\"url\":\"https:\/\/ml-locations.be\/nl\/locations\/truss-prolyte-quadrilight-3-m\/\",\"name\":\"Truss Prolyte Quadrilight 3 m | ML Locations\",\"isPartOf\":{\"@id\":\"https:\/\/ml-locations.be\/nl\/#website\"},\"primaryImageOfPage\":{\"@id\":\"https:\/\/ml-locations.be\/nl\/locations\/truss-prolyte-quadrilight-3-m\/#primaryimage\"},\"image\":{\"@id\":\"https:\/\/ml-locations.be\/nl\/locations\/truss-prolyte-quadrilight-3-m\/#primaryimage\"},\"thumbnailUrl\":\"https:\/\/ml-locations.be\/wp-content\/uploads\/2017\/04\/truss-2.jpg\",\"datePublished\":\"2017-04-11T12:33:38+00:00\",\"dateModified\":\"2018-04-26T07:21:03+00:00\",\"breadcrumb\":{\"@id\":\"https:\/\/ml-locations.be\/nl\/locations\/truss-prolyte-quadrilight-3-m\/#breadcrumb\"},\"inLanguage\":\"nl-NL\",\"potentialAction\":[{\"@type\":\"ReadAction\",\"target\":[\"https:\/\/ml-locations.be\/nl\/locations\/truss-prolyte-quadrilight-3-m\/\"]}]},{\"@type\":\"ImageObject\",\"inLanguage\":\"nl-NL\",\"@id\":\"https:\/\/ml-locations.be\/nl\/locations\/truss-prolyte-quadrilight-3-m\/#primaryimage\",\"url\":\"https:\/\/ml-locations.be\/wp-content\/uploads\/2017\/04\/truss-2.jpg\",\"contentUrl\":\"https:\/\/ml-locations.be\/wp-content\/uploads\/2017\/04\/truss-2.jpg\",\"width\":1000,\"height\":1000,\"caption\":\"location de truss quadrilight\"},{\"@type\":\"BreadcrumbList\",\"@id\":\"https:\/\/ml-locations.be\/nl\/locations\/truss-prolyte-quadrilight-3-m\/#breadcrumb\",\"itemListElement\":[{\"@type\":\"ListItem\",\"position\":1,\"name\":\"Accueil\",\"item\":\"https:\/\/ml-locations.be\/nl\/\"},{\"@type\":\"ListItem\",\"position\":2,\"name\":\"Winkel\",\"item\":\"https:\/\/ml-locations.be\/nl\/winkel\/\"},{\"@type\":\"ListItem\",\"position\":3,\"name\":\"Truss Prolyte Quadrilight 3 m\"}]},{\"@type\":\"WebSite\",\"@id\":\"https:\/\/ml-locations.be\/nl\/#website\",\"url\":\"https:\/\/ml-locations.be\/nl\/\",\"name\":\"ML Locations\",\"description\":\"Mat\u00e9riel \u00e9v\u00e9nementiel : location chaise, table et mange debout, mat\u00e9riel horeca, frigos,...\",\"publisher\":{\"@id\":\"https:\/\/ml-locations.be\/nl\/#organization\"},\"potentialAction\":[{\"@type\":\"SearchAction\",\"target\":{\"@type\":\"EntryPoint\",\"urlTemplate\":\"https:\/\/ml-locations.be\/nl\/?s={search_term_string}\"},\"query-input\":{\"@type\":\"PropertyValueSpecification\",\"valueRequired\":true,\"valueName\":\"search_term_string\"}}],\"inLanguage\":\"nl-NL\"},{\"@type\":\"Organization\",\"@id\":\"https:\/\/ml-locations.be\/nl\/#organization\",\"name\":\"ML Locations\",\"url\":\"https:\/\/ml-locations.be\/nl\/\",\"logo\":{\"@type\":\"ImageObject\",\"inLanguage\":\"nl-NL\",\"@id\":\"https:\/\/ml-locations.be\/nl\/#\/schema\/logo\/image\/\",\"url\":\"https:\/\/ml-locations.be\/wp-content\/uploads\/2018\/05\/LOGO-location-BON.png\",\"contentUrl\":\"https:\/\/ml-locations.be\/wp-content\/uploads\/2018\/05\/LOGO-location-BON.png\",\"width\":1200,\"height\":1200,\"caption\":\"ML Locations\"},\"image\":{\"@id\":\"https:\/\/ml-locations.be\/nl\/#\/schema\/logo\/image\/\"}}]}<\/script>\n<!-- \/ Yoast SEO plugin. -->","yoast_head_json":{"title":"Truss Prolyte Quadrilight 3 m | ML Locations","robots":{"index":"index","follow":"follow","max-snippet":"max-snippet:-1","max-image-preview":"max-image-preview:large","max-video-preview":"max-video-preview:-1"},"canonical":"https:\/\/ml-locations.be\/nl\/locations\/truss-prolyte-quadrilight-3-m\/","og_locale":"nl_NL","og_type":"article","og_title":"Truss Prolyte Quadrilight 3 m | ML Locations","og_description":"Truss Quadrilight (structures 4 points), plusieurs dimensions sont \u00e0 votre disposition.","og_url":"https:\/\/ml-locations.be\/nl\/locations\/truss-prolyte-quadrilight-3-m\/","og_site_name":"ML Locations","article_modified_time":"2018-04-26T07:21:03+00:00","og_image":[{"width":1000,"height":1000,"url":"https:\/\/ml-locations.be\/wp-content\/uploads\/2017\/04\/truss-2.jpg","type":"image\/jpeg"}],"twitter_card":"summary_large_image","twitter_misc":{"Geschatte leestijd":"1 minuut"},"schema":{"@context":"https:\/\/schema.org","@graph":[{"@type":"WebPage","@id":"https:\/\/ml-locations.be\/nl\/locations\/truss-prolyte-quadrilight-3-m\/","url":"https:\/\/ml-locations.be\/nl\/locations\/truss-prolyte-quadrilight-3-m\/","name":"Truss Prolyte Quadrilight 3 m | ML Locations","isPartOf":{"@id":"https:\/\/ml-locations.be\/nl\/#website"},"primaryImageOfPage":{"@id":"https:\/\/ml-locations.be\/nl\/locations\/truss-prolyte-quadrilight-3-m\/#primaryimage"},"image":{"@id":"https:\/\/ml-locations.be\/nl\/locations\/truss-prolyte-quadrilight-3-m\/#primaryimage"},"thumbnailUrl":"https:\/\/ml-locations.be\/wp-content\/uploads\/2017\/04\/truss-2.jpg","datePublished":"2017-04-11T12:33:38+00:00","dateModified":"2018-04-26T07:21:03+00:00","breadcrumb":{"@id":"https:\/\/ml-locations.be\/nl\/locations\/truss-prolyte-quadrilight-3-m\/#breadcrumb"},"inLanguage":"nl-NL","potentialAction":[{"@type":"ReadAction","target":["https:\/\/ml-locations.be\/nl\/locations\/truss-prolyte-quadrilight-3-m\/"]}]},{"@type":"ImageObject","inLanguage":"nl-NL","@id":"https:\/\/ml-locations.be\/nl\/locations\/truss-prolyte-quadrilight-3-m\/#primaryimage","url":"https:\/\/ml-locations.be\/wp-content\/uploads\/2017\/04\/truss-2.jpg","contentUrl":"https:\/\/ml-locations.be\/wp-content\/uploads\/2017\/04\/truss-2.jpg","width":1000,"height":1000,"caption":"location de truss quadrilight"},{"@type":"BreadcrumbList","@id":"https:\/\/ml-locations.be\/nl\/locations\/truss-prolyte-quadrilight-3-m\/#breadcrumb","itemListElement":[{"@type":"ListItem","position":1,"name":"Accueil","item":"https:\/\/ml-locations.be\/nl\/"},{"@type":"ListItem","position":2,"name":"Winkel","item":"https:\/\/ml-locations.be\/nl\/winkel\/"},{"@type":"ListItem","position":3,"name":"Truss Prolyte Quadrilight 3 m"}]},{"@type":"WebSite","@id":"https:\/\/ml-locations.be\/nl\/#website","url":"https:\/\/ml-locations.be\/nl\/","name":"ML Locations","description":"Mat\u00e9riel \u00e9v\u00e9nementiel : location chaise, table et mange debout, mat\u00e9riel horeca, frigos,...","publisher":{"@id":"https:\/\/ml-locations.be\/nl\/#organization"},"potentialAction":[{"@type":"SearchAction","target":{"@type":"EntryPoint","urlTemplate":"https:\/\/ml-locations.be\/nl\/?s={search_term_string}"},"query-input":{"@type":"PropertyValueSpecification","valueRequired":true,"valueName":"search_term_string"}}],"inLanguage":"nl-NL"},{"@type":"Organization","@id":"https:\/\/ml-locations.be\/nl\/#organization","name":"ML Locations","url":"https:\/\/ml-locations.be\/nl\/","logo":{"@type":"ImageObject","inLanguage":"nl-NL","@id":"https:\/\/ml-locations.be\/nl\/#\/schema\/logo\/image\/","url":"https:\/\/ml-locations.be\/wp-content\/uploads\/2018\/05\/LOGO-location-BON.png","contentUrl":"https:\/\/ml-locations.be\/wp-content\/uploads\/2018\/05\/LOGO-location-BON.png","width":1200,"height":1200,"caption":"ML Locations"},"image":{"@id":"https:\/\/ml-locations.be\/nl\/#\/schema\/logo\/image\/"}}]}},"_links":{"self":[{"href":"https:\/\/ml-locations.be\/nl\/wp-json\/wp\/v2\/product\/1825","targetHints":{"allow":["GET"]}}],"collection":[{"href":"https:\/\/ml-locations.be\/nl\/wp-json\/wp\/v2\/product"}],"about":[{"href":"https:\/\/ml-locations.be\/nl\/wp-json\/wp\/v2\/types\/product"}],"wp:featuredmedia":[{"embeddable":true,"href":"https:\/\/ml-locations.be\/nl\/wp-json\/wp\/v2\/media\/1936"}],"wp:attachment":[{"href":"https:\/\/ml-locations.be\/nl\/wp-json\/wp\/v2\/media?parent=1825"}],"wp:term":[{"taxonomy":"product_brand","embeddable":true,"href":"https:\/\/ml-locations.be\/nl\/wp-json\/wp\/v2\/product_brand?post=1825"},{"taxonomy":"product_cat","embeddable":true,"href":"https:\/\/ml-locations.be\/nl\/wp-json\/wp\/v2\/product_cat?post=1825"},{"taxonomy":"product_tag","embeddable":true,"href":"https:\/\/ml-locations.be\/nl\/wp-json\/wp\/v2\/product_tag?post=1825"}],"curies":[{"name":"wp","href":"https:\/\/api.w.org\/{rel}","templated":true}]}}