{"id":1828,"date":"2017-03-11T14:33:38","date_gmt":"2017-03-11T13:33:38","guid":{"rendered":"https:\/\/www.ml-locations.be\/\/locations\/tente-canopy-6x3m-taupe-tonnelle\/"},"modified":"2017-07-17T16:49:50","modified_gmt":"2017-07-17T14:49:50","slug":"location-tonnelle-canopy-6x3m-taupe","status":"publish","type":"product","link":"https:\/\/ml-locations.be\/nl\/locations\/location-tonnelle-canopy-6x3m-taupe\/","title":{"rendered":"Canopy 6x3m taupe &#8211; tonnelle en location"},"content":{"rendered":"<p><strong>Tonnelle \u00e0 louer : ce canopy en location de couleur taupe<\/strong> a \u00e9t\u00e9 enti\u00e8rement pens\u00e9 pour vos \u00e9v\u00e9nements. Cette <strong>tonnelle en location<\/strong>\u00a0mesure 6 m\u00e8tres sur 3 m\u00e8tres et est compos\u00e9e d\u2019une toile polyester imperm\u00e9able, anti-moisissure et r\u00e9sistante aux UV. La toile de ce canopy en location\u00a0est trait\u00e9e pour durer et assure une grande stabilit\u00e9 face au vent. Avec cette tonnelle en location, vous pouvez ajouter\u00a0un syst\u00e8me de goutti\u00e8res permettant d\u2019assembler plusieurs canopys.\u00a0Sur demande, nous pouvons assurer le montage et d\u00e9montage des tonnelles en location.<\/p>\n<p>Attention, pr\u00e9cisez lors de la location de la tonnelle, si vous souhaitez louer les &#8220;<a href=\"https:\/\/ml-locations.be\/wp-admin\/post.php?post=1833&amp;action=edit&amp;lang=fr\">parois lat\u00e9rales pour canopy<\/a>&#8220;.<\/p>\n<p>Dimensions du canopy (tonnelle) en location :<\/p>\n<ul>\n<li>Longueur 6m,<\/li>\n<li>Largueur 3m.<\/li>\n<\/ul>\n","protected":false},"excerpt":{"rendered":"<p><strong>Tonnelle \u00e0 louer<\/strong> : le <strong>canopy en location 6m x 3m<\/strong> est une grande <strong>tonnelle \u00e0 louer<\/strong>, id\u00e9ale pour les<strong> garden-partys\u00a0<\/strong>en famille, entre amis, entre coll\u00e8gues, les banquets, les mariages, etc.<\/p>\n","protected":false},"featured_media":2071,"template":"","meta":{"_acf_changed":false},"product_brand":[],"product_cat":[37,39],"product_tag":[],"class_list":{"0":"post-1828","1":"product","2":"type-product","3":"status-publish","4":"has-post-thumbnail","6":"product_cat-chapiteau-tente-de-reception-louer","7":"product_cat-tonnelles-et-canopys-a-louer","8":"description-off","10":"first","11":"instock","12":"taxable","13":"shipping-taxable","14":"purchasable","15":"product-type-simple"},"acf":[],"yoast_head":"<!-- This site is optimized with the Yoast SEO plugin v25.0 - https:\/\/yoast.com\/wordpress\/plugins\/seo\/ -->\n<title>Canopy 6x3m taupe - tonnelle en location | ML Locations<\/title>\n<meta name=\"description\" content=\"Location de tonnelles &quot;canopy&quot; 8x4m pour vos \u00e9v\u00e9nements. Diff\u00e9rentes tailles disponibles (8x4m, 4x4m). Montage facile. Livraison possible.\" \/>\n<meta name=\"robots\" content=\"index, follow, max-snippet:-1, max-image-preview:large, max-video-preview:-1\" \/>\n<link rel=\"canonical\" href=\"https:\/\/ml-locations.be\/nl\/locations\/location-tonnelle-canopy-6x3m-taupe\/\" \/>\n<meta property=\"og:locale\" content=\"nl_NL\" \/>\n<meta property=\"og:type\" content=\"article\" \/>\n<meta property=\"og:title\" content=\"Canopy 6x3m taupe - tonnelle en location | ML Locations\" \/>\n<meta property=\"og:description\" content=\"Location de tonnelles &quot;canopy&quot; 8x4m pour vos \u00e9v\u00e9nements. Diff\u00e9rentes tailles disponibles (8x4m, 4x4m). Montage facile. Livraison possible.\" \/>\n<meta property=\"og:url\" content=\"https:\/\/ml-locations.be\/nl\/locations\/location-tonnelle-canopy-6x3m-taupe\/\" \/>\n<meta property=\"og:site_name\" content=\"ML Locations\" \/>\n<meta property=\"article:modified_time\" content=\"2017-07-17T14:49:50+00:00\" \/>\n<meta property=\"og:image\" content=\"https:\/\/ml-locations.be\/wp-content\/uploads\/2017\/04\/tente-6X3M.jpg\" \/>\n\t<meta property=\"og:image:width\" content=\"1000\" \/>\n\t<meta property=\"og:image:height\" content=\"1000\" \/>\n\t<meta property=\"og:image:type\" content=\"image\/jpeg\" \/>\n<meta name=\"twitter:card\" content=\"summary_large_image\" \/>\n<meta name=\"twitter:label1\" content=\"Geschatte leestijd\" \/>\n\t<meta name=\"twitter:data1\" content=\"1 minuut\" \/>\n<script type=\"application\/ld+json\" class=\"yoast-schema-graph\">{\"@context\":\"https:\/\/schema.org\",\"@graph\":[{\"@type\":\"WebPage\",\"@id\":\"https:\/\/ml-locations.be\/nl\/locations\/location-tonnelle-canopy-6x3m-taupe\/\",\"url\":\"https:\/\/ml-locations.be\/nl\/locations\/location-tonnelle-canopy-6x3m-taupe\/\",\"name\":\"Canopy 6x3m taupe - tonnelle en location | ML Locations\",\"isPartOf\":{\"@id\":\"https:\/\/ml-locations.be\/nl\/#website\"},\"primaryImageOfPage\":{\"@id\":\"https:\/\/ml-locations.be\/nl\/locations\/location-tonnelle-canopy-6x3m-taupe\/#primaryimage\"},\"image\":{\"@id\":\"https:\/\/ml-locations.be\/nl\/locations\/location-tonnelle-canopy-6x3m-taupe\/#primaryimage\"},\"thumbnailUrl\":\"https:\/\/ml-locations.be\/wp-content\/uploads\/2017\/04\/tente-6X3M.jpg\",\"datePublished\":\"2017-03-11T13:33:38+00:00\",\"dateModified\":\"2017-07-17T14:49:50+00:00\",\"description\":\"Location de tonnelles \\\"canopy\\\" 8x4m pour vos \u00e9v\u00e9nements. Diff\u00e9rentes tailles disponibles (8x4m, 4x4m). Montage facile. Livraison possible.\",\"breadcrumb\":{\"@id\":\"https:\/\/ml-locations.be\/nl\/locations\/location-tonnelle-canopy-6x3m-taupe\/#breadcrumb\"},\"inLanguage\":\"nl-NL\",\"potentialAction\":[{\"@type\":\"ReadAction\",\"target\":[\"https:\/\/ml-locations.be\/nl\/locations\/location-tonnelle-canopy-6x3m-taupe\/\"]}]},{\"@type\":\"ImageObject\",\"inLanguage\":\"nl-NL\",\"@id\":\"https:\/\/ml-locations.be\/nl\/locations\/location-tonnelle-canopy-6x3m-taupe\/#primaryimage\",\"url\":\"https:\/\/ml-locations.be\/wp-content\/uploads\/2017\/04\/tente-6X3M.jpg\",\"contentUrl\":\"https:\/\/ml-locations.be\/wp-content\/uploads\/2017\/04\/tente-6X3M.jpg\",\"width\":1000,\"height\":1000,\"caption\":\"canopy 6x3 m en location\"},{\"@type\":\"BreadcrumbList\",\"@id\":\"https:\/\/ml-locations.be\/nl\/locations\/location-tonnelle-canopy-6x3m-taupe\/#breadcrumb\",\"itemListElement\":[{\"@type\":\"ListItem\",\"position\":1,\"name\":\"Accueil\",\"item\":\"https:\/\/ml-locations.be\/nl\/\"},{\"@type\":\"ListItem\",\"position\":2,\"name\":\"Winkel\",\"item\":\"https:\/\/ml-locations.be\/nl\/winkel\/\"},{\"@type\":\"ListItem\",\"position\":3,\"name\":\"Canopy 6x3m taupe &#8211; tonnelle en location\"}]},{\"@type\":\"WebSite\",\"@id\":\"https:\/\/ml-locations.be\/nl\/#website\",\"url\":\"https:\/\/ml-locations.be\/nl\/\",\"name\":\"ML Locations\",\"description\":\"Mat\u00e9riel \u00e9v\u00e9nementiel : location chaise, table et mange debout, mat\u00e9riel horeca, frigos,...\",\"publisher\":{\"@id\":\"https:\/\/ml-locations.be\/nl\/#organization\"},\"potentialAction\":[{\"@type\":\"SearchAction\",\"target\":{\"@type\":\"EntryPoint\",\"urlTemplate\":\"https:\/\/ml-locations.be\/nl\/?s={search_term_string}\"},\"query-input\":{\"@type\":\"PropertyValueSpecification\",\"valueRequired\":true,\"valueName\":\"search_term_string\"}}],\"inLanguage\":\"nl-NL\"},{\"@type\":\"Organization\",\"@id\":\"https:\/\/ml-locations.be\/nl\/#organization\",\"name\":\"ML Locations\",\"url\":\"https:\/\/ml-locations.be\/nl\/\",\"logo\":{\"@type\":\"ImageObject\",\"inLanguage\":\"nl-NL\",\"@id\":\"https:\/\/ml-locations.be\/nl\/#\/schema\/logo\/image\/\",\"url\":\"https:\/\/ml-locations.be\/wp-content\/uploads\/2018\/05\/LOGO-location-BON.png\",\"contentUrl\":\"https:\/\/ml-locations.be\/wp-content\/uploads\/2018\/05\/LOGO-location-BON.png\",\"width\":1200,\"height\":1200,\"caption\":\"ML Locations\"},\"image\":{\"@id\":\"https:\/\/ml-locations.be\/nl\/#\/schema\/logo\/image\/\"}}]}<\/script>\n<!-- \/ Yoast SEO plugin. -->","yoast_head_json":{"title":"Canopy 6x3m taupe - tonnelle en location | ML Locations","description":"Location de tonnelles \"canopy\" 8x4m pour vos \u00e9v\u00e9nements. Diff\u00e9rentes tailles disponibles (8x4m, 4x4m). Montage facile. Livraison possible.","robots":{"index":"index","follow":"follow","max-snippet":"max-snippet:-1","max-image-preview":"max-image-preview:large","max-video-preview":"max-video-preview:-1"},"canonical":"https:\/\/ml-locations.be\/nl\/locations\/location-tonnelle-canopy-6x3m-taupe\/","og_locale":"nl_NL","og_type":"article","og_title":"Canopy 6x3m taupe - tonnelle en location | ML Locations","og_description":"Location de tonnelles \"canopy\" 8x4m pour vos \u00e9v\u00e9nements. Diff\u00e9rentes tailles disponibles (8x4m, 4x4m). Montage facile. Livraison possible.","og_url":"https:\/\/ml-locations.be\/nl\/locations\/location-tonnelle-canopy-6x3m-taupe\/","og_site_name":"ML Locations","article_modified_time":"2017-07-17T14:49:50+00:00","og_image":[{"width":1000,"height":1000,"url":"https:\/\/ml-locations.be\/wp-content\/uploads\/2017\/04\/tente-6X3M.jpg","type":"image\/jpeg"}],"twitter_card":"summary_large_image","twitter_misc":{"Geschatte leestijd":"1 minuut"},"schema":{"@context":"https:\/\/schema.org","@graph":[{"@type":"WebPage","@id":"https:\/\/ml-locations.be\/nl\/locations\/location-tonnelle-canopy-6x3m-taupe\/","url":"https:\/\/ml-locations.be\/nl\/locations\/location-tonnelle-canopy-6x3m-taupe\/","name":"Canopy 6x3m taupe - tonnelle en location | ML Locations","isPartOf":{"@id":"https:\/\/ml-locations.be\/nl\/#website"},"primaryImageOfPage":{"@id":"https:\/\/ml-locations.be\/nl\/locations\/location-tonnelle-canopy-6x3m-taupe\/#primaryimage"},"image":{"@id":"https:\/\/ml-locations.be\/nl\/locations\/location-tonnelle-canopy-6x3m-taupe\/#primaryimage"},"thumbnailUrl":"https:\/\/ml-locations.be\/wp-content\/uploads\/2017\/04\/tente-6X3M.jpg","datePublished":"2017-03-11T13:33:38+00:00","dateModified":"2017-07-17T14:49:50+00:00","description":"Location de tonnelles \"canopy\" 8x4m pour vos \u00e9v\u00e9nements. Diff\u00e9rentes tailles disponibles (8x4m, 4x4m). Montage facile. Livraison possible.","breadcrumb":{"@id":"https:\/\/ml-locations.be\/nl\/locations\/location-tonnelle-canopy-6x3m-taupe\/#breadcrumb"},"inLanguage":"nl-NL","potentialAction":[{"@type":"ReadAction","target":["https:\/\/ml-locations.be\/nl\/locations\/location-tonnelle-canopy-6x3m-taupe\/"]}]},{"@type":"ImageObject","inLanguage":"nl-NL","@id":"https:\/\/ml-locations.be\/nl\/locations\/location-tonnelle-canopy-6x3m-taupe\/#primaryimage","url":"https:\/\/ml-locations.be\/wp-content\/uploads\/2017\/04\/tente-6X3M.jpg","contentUrl":"https:\/\/ml-locations.be\/wp-content\/uploads\/2017\/04\/tente-6X3M.jpg","width":1000,"height":1000,"caption":"canopy 6x3 m en location"},{"@type":"BreadcrumbList","@id":"https:\/\/ml-locations.be\/nl\/locations\/location-tonnelle-canopy-6x3m-taupe\/#breadcrumb","itemListElement":[{"@type":"ListItem","position":1,"name":"Accueil","item":"https:\/\/ml-locations.be\/nl\/"},{"@type":"ListItem","position":2,"name":"Winkel","item":"https:\/\/ml-locations.be\/nl\/winkel\/"},{"@type":"ListItem","position":3,"name":"Canopy 6x3m taupe &#8211; tonnelle en location"}]},{"@type":"WebSite","@id":"https:\/\/ml-locations.be\/nl\/#website","url":"https:\/\/ml-locations.be\/nl\/","name":"ML Locations","description":"Mat\u00e9riel \u00e9v\u00e9nementiel : location chaise, table et mange debout, mat\u00e9riel horeca, frigos,...","publisher":{"@id":"https:\/\/ml-locations.be\/nl\/#organization"},"potentialAction":[{"@type":"SearchAction","target":{"@type":"EntryPoint","urlTemplate":"https:\/\/ml-locations.be\/nl\/?s={search_term_string}"},"query-input":{"@type":"PropertyValueSpecification","valueRequired":true,"valueName":"search_term_string"}}],"inLanguage":"nl-NL"},{"@type":"Organization","@id":"https:\/\/ml-locations.be\/nl\/#organization","name":"ML Locations","url":"https:\/\/ml-locations.be\/nl\/","logo":{"@type":"ImageObject","inLanguage":"nl-NL","@id":"https:\/\/ml-locations.be\/nl\/#\/schema\/logo\/image\/","url":"https:\/\/ml-locations.be\/wp-content\/uploads\/2018\/05\/LOGO-location-BON.png","contentUrl":"https:\/\/ml-locations.be\/wp-content\/uploads\/2018\/05\/LOGO-location-BON.png","width":1200,"height":1200,"caption":"ML Locations"},"image":{"@id":"https:\/\/ml-locations.be\/nl\/#\/schema\/logo\/image\/"}}]}},"_links":{"self":[{"href":"https:\/\/ml-locations.be\/nl\/wp-json\/wp\/v2\/product\/1828","targetHints":{"allow":["GET"]}}],"collection":[{"href":"https:\/\/ml-locations.be\/nl\/wp-json\/wp\/v2\/product"}],"about":[{"href":"https:\/\/ml-locations.be\/nl\/wp-json\/wp\/v2\/types\/product"}],"wp:featuredmedia":[{"embeddable":true,"href":"https:\/\/ml-locations.be\/nl\/wp-json\/wp\/v2\/media\/2071"}],"wp:attachment":[{"href":"https:\/\/ml-locations.be\/nl\/wp-json\/wp\/v2\/media?parent=1828"}],"wp:term":[{"taxonomy":"product_brand","embeddable":true,"href":"https:\/\/ml-locations.be\/nl\/wp-json\/wp\/v2\/product_brand?post=1828"},{"taxonomy":"product_cat","embeddable":true,"href":"https:\/\/ml-locations.be\/nl\/wp-json\/wp\/v2\/product_cat?post=1828"},{"taxonomy":"product_tag","embeddable":true,"href":"https:\/\/ml-locations.be\/nl\/wp-json\/wp\/v2\/product_tag?post=1828"}],"curies":[{"name":"wp","href":"https:\/\/api.w.org\/{rel}","templated":true}]}}