{"id":1830,"date":"2017-04-11T14:33:38","date_gmt":"2017-04-11T12:33:38","guid":{"rendered":"https:\/\/www.ml-locations.be\/\/locations\/tente-canopy-8x4m-noir-tonnelle\/"},"modified":"2017-07-17T16:45:31","modified_gmt":"2017-07-17T14:45:31","slug":"location-tonnelle-canopy-8x4m","status":"publish","type":"product","link":"https:\/\/ml-locations.be\/nl\/locations\/location-tonnelle-canopy-8x4m\/","title":{"rendered":"Canopy 8x4m noir &#8211; tonnelle en location"},"content":{"rendered":"<p><strong>Tonnelle \u00e0 louer<\/strong> : ce\u00a0<strong>canopy de couleur noir<\/strong>\u00a0(8x4m) a \u00e9t\u00e9 enti\u00e8rement pens\u00e9 pour vos \u00e9v\u00e9nements. Cette tonnelle en location\u00a0est compos\u00e9e d\u2019une toile polyester imperm\u00e9able, anti-moisissure et r\u00e9sistante aux UV. La toile des canopys est trait\u00e9e comme retardateur de feu et assure une grande stabilit\u00e9 face au vent. Avec le canopy en location, vous pouvez assembler un syst\u00e8me de goutti\u00e8res, ce qui vous permet d&#8217;assembler plusieurs <strong>canopys\u00a0en location<\/strong>. Sur demande, nous pouvons nous charger du\u00a0montage et du d\u00e9montage des<strong> tonnelles en location<\/strong>.<\/p>\n<p>Si vous souhaitez louer des parois lat\u00e9rales pour compl\u00e9ter la location de canopy, il vous suffit d&#8217;ajouter l&#8217;article &#8220;<a href=\"https:\/\/ml-locations.be\/wp-admin\/post.php?post=1832&amp;action=edit&amp;lang=fr\">paroi lat\u00e9rale 8x4m pour canopy en location<\/a>&#8221; \u00e0 votre devis.<\/p>\n<p>Dimensions du <strong>canopy \u00e0 louer<\/strong> :<\/p>\n<ul>\n<li>Longueur 8m,<\/li>\n<li>Largueur 4m.<\/li>\n<\/ul>\n","protected":false},"excerpt":{"rendered":"<p><strong>Tonnelle en location : <\/strong>ce <strong>canopy en location<\/strong>,\u00a0d&#8217;une dimension de\u00a08m x 4m, est la structure id\u00e9ale pour tous vos \u00e9v\u00e9nements, vos stands,&#8230; Disponible en plusieurs dimensions, cette tonnelle est \u00e0 louer avec ou sans parois lat\u00e9rales.<\/p>\n","protected":false},"featured_media":3195,"template":"","meta":{"_acf_changed":false},"product_brand":[],"product_cat":[37,39],"product_tag":[206],"class_list":{"0":"post-1830","1":"product","2":"type-product","3":"status-publish","4":"has-post-thumbnail","6":"product_cat-chapiteau-tente-de-reception-louer","7":"product_cat-tonnelles-et-canopys-a-louer","8":"product_tag-location-materiel-evenement-plein-air","9":"description-off","11":"first","12":"instock","13":"taxable","14":"shipping-taxable","15":"purchasable","16":"product-type-simple"},"acf":[],"yoast_head":"<!-- This site is optimized with the Yoast SEO plugin v25.0 - https:\/\/yoast.com\/wordpress\/plugins\/seo\/ -->\n<title>Canopy 8x4m noir - tonnelle en location | ML Locations<\/title>\n<meta name=\"description\" content=\"Location de tonnelles &quot;canopy&quot; 8x4m pour vos \u00e9v\u00e9nements. Diff\u00e9rentes tailles disponibles (6x3m, 4x4m). Montage facile. Livraison possible.\" \/>\n<meta name=\"robots\" content=\"index, follow, max-snippet:-1, max-image-preview:large, max-video-preview:-1\" \/>\n<link rel=\"canonical\" href=\"https:\/\/ml-locations.be\/nl\/locations\/location-tonnelle-canopy-8x4m\/\" \/>\n<meta property=\"og:locale\" content=\"nl_NL\" \/>\n<meta property=\"og:type\" content=\"article\" \/>\n<meta property=\"og:title\" content=\"Canopy 8x4m noir - tonnelle en location | ML Locations\" \/>\n<meta property=\"og:description\" content=\"Location de tonnelles &quot;canopy&quot; 8x4m pour vos \u00e9v\u00e9nements. Diff\u00e9rentes tailles disponibles (6x3m, 4x4m). Montage facile. Livraison possible.\" \/>\n<meta property=\"og:url\" content=\"https:\/\/ml-locations.be\/nl\/locations\/location-tonnelle-canopy-8x4m\/\" \/>\n<meta property=\"og:site_name\" content=\"ML Locations\" \/>\n<meta property=\"article:modified_time\" content=\"2017-07-17T14:45:31+00:00\" \/>\n<meta property=\"og:image\" content=\"https:\/\/ml-locations.be\/wp-content\/uploads\/2017\/03\/Canopy-6x3m-tonnelle-en-location.jpg\" \/>\n\t<meta property=\"og:image:width\" content=\"750\" \/>\n\t<meta property=\"og:image:height\" content=\"750\" \/>\n\t<meta property=\"og:image:type\" content=\"image\/jpeg\" \/>\n<meta name=\"twitter:card\" content=\"summary_large_image\" \/>\n<meta name=\"twitter:label1\" content=\"Geschatte leestijd\" \/>\n\t<meta name=\"twitter:data1\" content=\"1 minuut\" \/>\n<script type=\"application\/ld+json\" class=\"yoast-schema-graph\">{\"@context\":\"https:\/\/schema.org\",\"@graph\":[{\"@type\":\"WebPage\",\"@id\":\"https:\/\/ml-locations.be\/nl\/locations\/location-tonnelle-canopy-8x4m\/\",\"url\":\"https:\/\/ml-locations.be\/nl\/locations\/location-tonnelle-canopy-8x4m\/\",\"name\":\"Canopy 8x4m noir - tonnelle en location | ML Locations\",\"isPartOf\":{\"@id\":\"https:\/\/ml-locations.be\/nl\/#website\"},\"primaryImageOfPage\":{\"@id\":\"https:\/\/ml-locations.be\/nl\/locations\/location-tonnelle-canopy-8x4m\/#primaryimage\"},\"image\":{\"@id\":\"https:\/\/ml-locations.be\/nl\/locations\/location-tonnelle-canopy-8x4m\/#primaryimage\"},\"thumbnailUrl\":\"https:\/\/ml-locations.be\/wp-content\/uploads\/2017\/03\/Canopy-6x3m-tonnelle-en-location.jpg\",\"datePublished\":\"2017-04-11T12:33:38+00:00\",\"dateModified\":\"2017-07-17T14:45:31+00:00\",\"description\":\"Location de tonnelles \\\"canopy\\\" 8x4m pour vos \u00e9v\u00e9nements. Diff\u00e9rentes tailles disponibles (6x3m, 4x4m). Montage facile. Livraison possible.\",\"breadcrumb\":{\"@id\":\"https:\/\/ml-locations.be\/nl\/locations\/location-tonnelle-canopy-8x4m\/#breadcrumb\"},\"inLanguage\":\"nl-NL\",\"potentialAction\":[{\"@type\":\"ReadAction\",\"target\":[\"https:\/\/ml-locations.be\/nl\/locations\/location-tonnelle-canopy-8x4m\/\"]}]},{\"@type\":\"ImageObject\",\"inLanguage\":\"nl-NL\",\"@id\":\"https:\/\/ml-locations.be\/nl\/locations\/location-tonnelle-canopy-8x4m\/#primaryimage\",\"url\":\"https:\/\/ml-locations.be\/wp-content\/uploads\/2017\/03\/Canopy-6x3m-tonnelle-en-location.jpg\",\"contentUrl\":\"https:\/\/ml-locations.be\/wp-content\/uploads\/2017\/03\/Canopy-6x3m-tonnelle-en-location.jpg\",\"width\":750,\"height\":750,\"caption\":\"Canopy 6x3m : tonnelle en location\"},{\"@type\":\"BreadcrumbList\",\"@id\":\"https:\/\/ml-locations.be\/nl\/locations\/location-tonnelle-canopy-8x4m\/#breadcrumb\",\"itemListElement\":[{\"@type\":\"ListItem\",\"position\":1,\"name\":\"Accueil\",\"item\":\"https:\/\/ml-locations.be\/nl\/\"},{\"@type\":\"ListItem\",\"position\":2,\"name\":\"Winkel\",\"item\":\"https:\/\/ml-locations.be\/nl\/winkel\/\"},{\"@type\":\"ListItem\",\"position\":3,\"name\":\"Canopy 8x4m noir &#8211; tonnelle en location\"}]},{\"@type\":\"WebSite\",\"@id\":\"https:\/\/ml-locations.be\/nl\/#website\",\"url\":\"https:\/\/ml-locations.be\/nl\/\",\"name\":\"ML Locations\",\"description\":\"Mat\u00e9riel \u00e9v\u00e9nementiel : location chaise, table et mange debout, mat\u00e9riel horeca, frigos,...\",\"publisher\":{\"@id\":\"https:\/\/ml-locations.be\/nl\/#organization\"},\"potentialAction\":[{\"@type\":\"SearchAction\",\"target\":{\"@type\":\"EntryPoint\",\"urlTemplate\":\"https:\/\/ml-locations.be\/nl\/?s={search_term_string}\"},\"query-input\":{\"@type\":\"PropertyValueSpecification\",\"valueRequired\":true,\"valueName\":\"search_term_string\"}}],\"inLanguage\":\"nl-NL\"},{\"@type\":\"Organization\",\"@id\":\"https:\/\/ml-locations.be\/nl\/#organization\",\"name\":\"ML Locations\",\"url\":\"https:\/\/ml-locations.be\/nl\/\",\"logo\":{\"@type\":\"ImageObject\",\"inLanguage\":\"nl-NL\",\"@id\":\"https:\/\/ml-locations.be\/nl\/#\/schema\/logo\/image\/\",\"url\":\"https:\/\/ml-locations.be\/wp-content\/uploads\/2018\/05\/LOGO-location-BON.png\",\"contentUrl\":\"https:\/\/ml-locations.be\/wp-content\/uploads\/2018\/05\/LOGO-location-BON.png\",\"width\":1200,\"height\":1200,\"caption\":\"ML Locations\"},\"image\":{\"@id\":\"https:\/\/ml-locations.be\/nl\/#\/schema\/logo\/image\/\"}}]}<\/script>\n<!-- \/ Yoast SEO plugin. -->","yoast_head_json":{"title":"Canopy 8x4m noir - tonnelle en location | ML Locations","description":"Location de tonnelles \"canopy\" 8x4m pour vos \u00e9v\u00e9nements. Diff\u00e9rentes tailles disponibles (6x3m, 4x4m). Montage facile. Livraison possible.","robots":{"index":"index","follow":"follow","max-snippet":"max-snippet:-1","max-image-preview":"max-image-preview:large","max-video-preview":"max-video-preview:-1"},"canonical":"https:\/\/ml-locations.be\/nl\/locations\/location-tonnelle-canopy-8x4m\/","og_locale":"nl_NL","og_type":"article","og_title":"Canopy 8x4m noir - tonnelle en location | ML Locations","og_description":"Location de tonnelles \"canopy\" 8x4m pour vos \u00e9v\u00e9nements. Diff\u00e9rentes tailles disponibles (6x3m, 4x4m). Montage facile. Livraison possible.","og_url":"https:\/\/ml-locations.be\/nl\/locations\/location-tonnelle-canopy-8x4m\/","og_site_name":"ML Locations","article_modified_time":"2017-07-17T14:45:31+00:00","og_image":[{"width":750,"height":750,"url":"https:\/\/ml-locations.be\/wp-content\/uploads\/2017\/03\/Canopy-6x3m-tonnelle-en-location.jpg","type":"image\/jpeg"}],"twitter_card":"summary_large_image","twitter_misc":{"Geschatte leestijd":"1 minuut"},"schema":{"@context":"https:\/\/schema.org","@graph":[{"@type":"WebPage","@id":"https:\/\/ml-locations.be\/nl\/locations\/location-tonnelle-canopy-8x4m\/","url":"https:\/\/ml-locations.be\/nl\/locations\/location-tonnelle-canopy-8x4m\/","name":"Canopy 8x4m noir - tonnelle en location | ML Locations","isPartOf":{"@id":"https:\/\/ml-locations.be\/nl\/#website"},"primaryImageOfPage":{"@id":"https:\/\/ml-locations.be\/nl\/locations\/location-tonnelle-canopy-8x4m\/#primaryimage"},"image":{"@id":"https:\/\/ml-locations.be\/nl\/locations\/location-tonnelle-canopy-8x4m\/#primaryimage"},"thumbnailUrl":"https:\/\/ml-locations.be\/wp-content\/uploads\/2017\/03\/Canopy-6x3m-tonnelle-en-location.jpg","datePublished":"2017-04-11T12:33:38+00:00","dateModified":"2017-07-17T14:45:31+00:00","description":"Location de tonnelles \"canopy\" 8x4m pour vos \u00e9v\u00e9nements. Diff\u00e9rentes tailles disponibles (6x3m, 4x4m). Montage facile. Livraison possible.","breadcrumb":{"@id":"https:\/\/ml-locations.be\/nl\/locations\/location-tonnelle-canopy-8x4m\/#breadcrumb"},"inLanguage":"nl-NL","potentialAction":[{"@type":"ReadAction","target":["https:\/\/ml-locations.be\/nl\/locations\/location-tonnelle-canopy-8x4m\/"]}]},{"@type":"ImageObject","inLanguage":"nl-NL","@id":"https:\/\/ml-locations.be\/nl\/locations\/location-tonnelle-canopy-8x4m\/#primaryimage","url":"https:\/\/ml-locations.be\/wp-content\/uploads\/2017\/03\/Canopy-6x3m-tonnelle-en-location.jpg","contentUrl":"https:\/\/ml-locations.be\/wp-content\/uploads\/2017\/03\/Canopy-6x3m-tonnelle-en-location.jpg","width":750,"height":750,"caption":"Canopy 6x3m : tonnelle en location"},{"@type":"BreadcrumbList","@id":"https:\/\/ml-locations.be\/nl\/locations\/location-tonnelle-canopy-8x4m\/#breadcrumb","itemListElement":[{"@type":"ListItem","position":1,"name":"Accueil","item":"https:\/\/ml-locations.be\/nl\/"},{"@type":"ListItem","position":2,"name":"Winkel","item":"https:\/\/ml-locations.be\/nl\/winkel\/"},{"@type":"ListItem","position":3,"name":"Canopy 8x4m noir &#8211; tonnelle en location"}]},{"@type":"WebSite","@id":"https:\/\/ml-locations.be\/nl\/#website","url":"https:\/\/ml-locations.be\/nl\/","name":"ML Locations","description":"Mat\u00e9riel \u00e9v\u00e9nementiel : location chaise, table et mange debout, mat\u00e9riel horeca, frigos,...","publisher":{"@id":"https:\/\/ml-locations.be\/nl\/#organization"},"potentialAction":[{"@type":"SearchAction","target":{"@type":"EntryPoint","urlTemplate":"https:\/\/ml-locations.be\/nl\/?s={search_term_string}"},"query-input":{"@type":"PropertyValueSpecification","valueRequired":true,"valueName":"search_term_string"}}],"inLanguage":"nl-NL"},{"@type":"Organization","@id":"https:\/\/ml-locations.be\/nl\/#organization","name":"ML Locations","url":"https:\/\/ml-locations.be\/nl\/","logo":{"@type":"ImageObject","inLanguage":"nl-NL","@id":"https:\/\/ml-locations.be\/nl\/#\/schema\/logo\/image\/","url":"https:\/\/ml-locations.be\/wp-content\/uploads\/2018\/05\/LOGO-location-BON.png","contentUrl":"https:\/\/ml-locations.be\/wp-content\/uploads\/2018\/05\/LOGO-location-BON.png","width":1200,"height":1200,"caption":"ML Locations"},"image":{"@id":"https:\/\/ml-locations.be\/nl\/#\/schema\/logo\/image\/"}}]}},"_links":{"self":[{"href":"https:\/\/ml-locations.be\/nl\/wp-json\/wp\/v2\/product\/1830","targetHints":{"allow":["GET"]}}],"collection":[{"href":"https:\/\/ml-locations.be\/nl\/wp-json\/wp\/v2\/product"}],"about":[{"href":"https:\/\/ml-locations.be\/nl\/wp-json\/wp\/v2\/types\/product"}],"wp:featuredmedia":[{"embeddable":true,"href":"https:\/\/ml-locations.be\/nl\/wp-json\/wp\/v2\/media\/3195"}],"wp:attachment":[{"href":"https:\/\/ml-locations.be\/nl\/wp-json\/wp\/v2\/media?parent=1830"}],"wp:term":[{"taxonomy":"product_brand","embeddable":true,"href":"https:\/\/ml-locations.be\/nl\/wp-json\/wp\/v2\/product_brand?post=1830"},{"taxonomy":"product_cat","embeddable":true,"href":"https:\/\/ml-locations.be\/nl\/wp-json\/wp\/v2\/product_cat?post=1830"},{"taxonomy":"product_tag","embeddable":true,"href":"https:\/\/ml-locations.be\/nl\/wp-json\/wp\/v2\/product_tag?post=1830"}],"curies":[{"name":"wp","href":"https:\/\/api.w.org\/{rel}","templated":true}]}}