{"id":1831,"date":"2017-04-11T14:33:38","date_gmt":"2017-04-11T12:33:38","guid":{"rendered":"https:\/\/www.ml-locations.be\/\/locations\/jeu-de-cotes-4x4m-noir-pour-canopy\/"},"modified":"2018-01-24T11:06:27","modified_gmt":"2018-01-24T10:06:27","slug":"jeu-de-cotes-4x4m-noir-pour-canopy","status":"publish","type":"product","link":"https:\/\/ml-locations.be\/nl\/locations\/jeu-de-cotes-4x4m-noir-pour-canopy\/","title":{"rendered":"Parois lat\u00e9rales pour tonnelle en location canopy 4x4m"},"content":{"rendered":"<p>Ces parois lat\u00e9rales pour tonnelles en location sont compos\u00e9es de toiles \u00e9quip\u00e9es de velcros tr\u00e8s r\u00e9sistants \u00e0 fixer sur les cot\u00e9s des canopys en location. Les parois lat\u00e9rales\u00a0vous permettront de vous prot\u00e9ger de la pluie, du vent et du soleil. Vos invit\u00e9s seront \u00e0 l\u2019abris de toutes intemp\u00e9ries qui pourraient survenir durant vos <b>\u00e9v\u00e9nements<\/b>\u00a0: d\u00eener de mariage, anniversaire, conf\u00e9rence, inauguration, \u2026 Un jeu complet comprend les 4 parois lat\u00e9rales et permet de fermer compl\u00e8tement les <strong>canopys<\/strong> (<strong>tonnelles<\/strong>) que nous proposons en <strong>location<\/strong>.<\/p>\n<p>Lors de la location de tonnelle, veuillez pr\u00e9ciser si vous souhaiter louer les parois lat\u00e9rales avec.<\/p>\n","protected":false},"excerpt":{"rendered":"<p><strong>Parois lat\u00e9rales pour <a href=\"https:\/\/ml-locations.be\/locations\/tente-canopy-4x4m-noir-tonnelle\/\">tonnelles canopys de 4x4m<\/a> : <\/strong>toiles noires \u00e0 fixer sur\u00a0les c\u00f4t\u00e9s des canopys (tonnelles) en location. Ces parois lat\u00e9rales permettent de\u00a0se prot\u00e9ger du soleil et du vent lors\u00a0de vos \u00e9v\u00e9nements ext\u00e9rieurs : r\u00e9ception, f\u00eate, anniversaire, conf\u00e9rence, inauguration,\u2026\u00a0Attention, les parois lat\u00e9rales sont lou\u00e9es uniquement avec les canopys correspondant.<\/p>\n","protected":false},"featured_media":2733,"template":"","meta":{"_acf_changed":false},"product_brand":[],"product_cat":[37,39],"product_tag":[],"class_list":{"0":"post-1831","1":"product","2":"type-product","3":"status-publish","4":"has-post-thumbnail","6":"product_cat-chapiteau-tente-de-reception-louer","7":"product_cat-tonnelles-et-canopys-a-louer","8":"description-off","10":"first","11":"instock","12":"taxable","13":"shipping-taxable","14":"purchasable","15":"product-type-simple"},"acf":[],"yoast_head":"<!-- This site is optimized with the Yoast SEO plugin v25.0 - https:\/\/yoast.com\/wordpress\/plugins\/seo\/ -->\n<title>Parois lat\u00e9rales pour tonnelle en location (4x4m) | ML Locations<\/title>\n<meta name=\"description\" content=\"Parois lat\u00e9rales pour canopy de 4x4m \u00e0 louer en compl\u00e9ment de nos tonnelles en locations (canopys). Fixation par velcros.\" \/>\n<meta name=\"robots\" content=\"index, follow, max-snippet:-1, max-image-preview:large, max-video-preview:-1\" \/>\n<link rel=\"canonical\" href=\"https:\/\/ml-locations.be\/nl\/locations\/jeu-de-cotes-4x4m-noir-pour-canopy\/\" \/>\n<meta property=\"og:locale\" content=\"nl_NL\" \/>\n<meta property=\"og:type\" content=\"article\" \/>\n<meta property=\"og:title\" content=\"Parois lat\u00e9rales pour tonnelle en location (4x4m) | ML Locations\" \/>\n<meta property=\"og:description\" content=\"Parois lat\u00e9rales pour canopy de 4x4m \u00e0 louer en compl\u00e9ment de nos tonnelles en locations (canopys). Fixation par velcros.\" \/>\n<meta property=\"og:url\" content=\"https:\/\/ml-locations.be\/nl\/locations\/jeu-de-cotes-4x4m-noir-pour-canopy\/\" \/>\n<meta property=\"og:site_name\" content=\"ML Locations\" \/>\n<meta property=\"article:modified_time\" content=\"2018-01-24T10:06:27+00:00\" \/>\n<meta property=\"og:image\" content=\"https:\/\/ml-locations.be\/wp-content\/uploads\/2017\/04\/jeu-de-cote.jpg\" \/>\n\t<meta property=\"og:image:width\" content=\"1000\" \/>\n\t<meta property=\"og:image:height\" content=\"1000\" \/>\n\t<meta property=\"og:image:type\" content=\"image\/jpeg\" \/>\n<meta name=\"twitter:card\" content=\"summary_large_image\" \/>\n<meta name=\"twitter:label1\" content=\"Geschatte leestijd\" \/>\n\t<meta name=\"twitter:data1\" content=\"1 minuut\" \/>\n<script type=\"application\/ld+json\" class=\"yoast-schema-graph\">{\"@context\":\"https:\/\/schema.org\",\"@graph\":[{\"@type\":\"WebPage\",\"@id\":\"https:\/\/ml-locations.be\/nl\/locations\/jeu-de-cotes-4x4m-noir-pour-canopy\/\",\"url\":\"https:\/\/ml-locations.be\/nl\/locations\/jeu-de-cotes-4x4m-noir-pour-canopy\/\",\"name\":\"Parois lat\u00e9rales pour tonnelle en location (4x4m) | ML Locations\",\"isPartOf\":{\"@id\":\"https:\/\/ml-locations.be\/nl\/#website\"},\"primaryImageOfPage\":{\"@id\":\"https:\/\/ml-locations.be\/nl\/locations\/jeu-de-cotes-4x4m-noir-pour-canopy\/#primaryimage\"},\"image\":{\"@id\":\"https:\/\/ml-locations.be\/nl\/locations\/jeu-de-cotes-4x4m-noir-pour-canopy\/#primaryimage\"},\"thumbnailUrl\":\"https:\/\/ml-locations.be\/wp-content\/uploads\/2017\/04\/jeu-de-cote.jpg\",\"datePublished\":\"2017-04-11T12:33:38+00:00\",\"dateModified\":\"2018-01-24T10:06:27+00:00\",\"description\":\"Parois lat\u00e9rales pour canopy de 4x4m \u00e0 louer en compl\u00e9ment de nos tonnelles en locations (canopys). Fixation par velcros.\",\"breadcrumb\":{\"@id\":\"https:\/\/ml-locations.be\/nl\/locations\/jeu-de-cotes-4x4m-noir-pour-canopy\/#breadcrumb\"},\"inLanguage\":\"nl-NL\",\"potentialAction\":[{\"@type\":\"ReadAction\",\"target\":[\"https:\/\/ml-locations.be\/nl\/locations\/jeu-de-cotes-4x4m-noir-pour-canopy\/\"]}]},{\"@type\":\"ImageObject\",\"inLanguage\":\"nl-NL\",\"@id\":\"https:\/\/ml-locations.be\/nl\/locations\/jeu-de-cotes-4x4m-noir-pour-canopy\/#primaryimage\",\"url\":\"https:\/\/ml-locations.be\/wp-content\/uploads\/2017\/04\/jeu-de-cote.jpg\",\"contentUrl\":\"https:\/\/ml-locations.be\/wp-content\/uploads\/2017\/04\/jeu-de-cote.jpg\",\"width\":1000,\"height\":1000,\"caption\":\"jeu de cot\u00e9 pour canopy en location\"},{\"@type\":\"BreadcrumbList\",\"@id\":\"https:\/\/ml-locations.be\/nl\/locations\/jeu-de-cotes-4x4m-noir-pour-canopy\/#breadcrumb\",\"itemListElement\":[{\"@type\":\"ListItem\",\"position\":1,\"name\":\"Accueil\",\"item\":\"https:\/\/ml-locations.be\/nl\/\"},{\"@type\":\"ListItem\",\"position\":2,\"name\":\"Winkel\",\"item\":\"https:\/\/ml-locations.be\/nl\/winkel\/\"},{\"@type\":\"ListItem\",\"position\":3,\"name\":\"Parois lat\u00e9rales pour tonnelle en location canopy 4x4m\"}]},{\"@type\":\"WebSite\",\"@id\":\"https:\/\/ml-locations.be\/nl\/#website\",\"url\":\"https:\/\/ml-locations.be\/nl\/\",\"name\":\"ML Locations\",\"description\":\"Mat\u00e9riel \u00e9v\u00e9nementiel : location chaise, table et mange debout, mat\u00e9riel horeca, frigos,...\",\"publisher\":{\"@id\":\"https:\/\/ml-locations.be\/nl\/#organization\"},\"potentialAction\":[{\"@type\":\"SearchAction\",\"target\":{\"@type\":\"EntryPoint\",\"urlTemplate\":\"https:\/\/ml-locations.be\/nl\/?s={search_term_string}\"},\"query-input\":{\"@type\":\"PropertyValueSpecification\",\"valueRequired\":true,\"valueName\":\"search_term_string\"}}],\"inLanguage\":\"nl-NL\"},{\"@type\":\"Organization\",\"@id\":\"https:\/\/ml-locations.be\/nl\/#organization\",\"name\":\"ML Locations\",\"url\":\"https:\/\/ml-locations.be\/nl\/\",\"logo\":{\"@type\":\"ImageObject\",\"inLanguage\":\"nl-NL\",\"@id\":\"https:\/\/ml-locations.be\/nl\/#\/schema\/logo\/image\/\",\"url\":\"https:\/\/ml-locations.be\/wp-content\/uploads\/2018\/05\/LOGO-location-BON.png\",\"contentUrl\":\"https:\/\/ml-locations.be\/wp-content\/uploads\/2018\/05\/LOGO-location-BON.png\",\"width\":1200,\"height\":1200,\"caption\":\"ML Locations\"},\"image\":{\"@id\":\"https:\/\/ml-locations.be\/nl\/#\/schema\/logo\/image\/\"}}]}<\/script>\n<!-- \/ Yoast SEO plugin. -->","yoast_head_json":{"title":"Parois lat\u00e9rales pour tonnelle en location (4x4m) | ML Locations","description":"Parois lat\u00e9rales pour canopy de 4x4m \u00e0 louer en compl\u00e9ment de nos tonnelles en locations (canopys). Fixation par velcros.","robots":{"index":"index","follow":"follow","max-snippet":"max-snippet:-1","max-image-preview":"max-image-preview:large","max-video-preview":"max-video-preview:-1"},"canonical":"https:\/\/ml-locations.be\/nl\/locations\/jeu-de-cotes-4x4m-noir-pour-canopy\/","og_locale":"nl_NL","og_type":"article","og_title":"Parois lat\u00e9rales pour tonnelle en location (4x4m) | ML Locations","og_description":"Parois lat\u00e9rales pour canopy de 4x4m \u00e0 louer en compl\u00e9ment de nos tonnelles en locations (canopys). Fixation par velcros.","og_url":"https:\/\/ml-locations.be\/nl\/locations\/jeu-de-cotes-4x4m-noir-pour-canopy\/","og_site_name":"ML Locations","article_modified_time":"2018-01-24T10:06:27+00:00","og_image":[{"width":1000,"height":1000,"url":"https:\/\/ml-locations.be\/wp-content\/uploads\/2017\/04\/jeu-de-cote.jpg","type":"image\/jpeg"}],"twitter_card":"summary_large_image","twitter_misc":{"Geschatte leestijd":"1 minuut"},"schema":{"@context":"https:\/\/schema.org","@graph":[{"@type":"WebPage","@id":"https:\/\/ml-locations.be\/nl\/locations\/jeu-de-cotes-4x4m-noir-pour-canopy\/","url":"https:\/\/ml-locations.be\/nl\/locations\/jeu-de-cotes-4x4m-noir-pour-canopy\/","name":"Parois lat\u00e9rales pour tonnelle en location (4x4m) | ML Locations","isPartOf":{"@id":"https:\/\/ml-locations.be\/nl\/#website"},"primaryImageOfPage":{"@id":"https:\/\/ml-locations.be\/nl\/locations\/jeu-de-cotes-4x4m-noir-pour-canopy\/#primaryimage"},"image":{"@id":"https:\/\/ml-locations.be\/nl\/locations\/jeu-de-cotes-4x4m-noir-pour-canopy\/#primaryimage"},"thumbnailUrl":"https:\/\/ml-locations.be\/wp-content\/uploads\/2017\/04\/jeu-de-cote.jpg","datePublished":"2017-04-11T12:33:38+00:00","dateModified":"2018-01-24T10:06:27+00:00","description":"Parois lat\u00e9rales pour canopy de 4x4m \u00e0 louer en compl\u00e9ment de nos tonnelles en locations (canopys). Fixation par velcros.","breadcrumb":{"@id":"https:\/\/ml-locations.be\/nl\/locations\/jeu-de-cotes-4x4m-noir-pour-canopy\/#breadcrumb"},"inLanguage":"nl-NL","potentialAction":[{"@type":"ReadAction","target":["https:\/\/ml-locations.be\/nl\/locations\/jeu-de-cotes-4x4m-noir-pour-canopy\/"]}]},{"@type":"ImageObject","inLanguage":"nl-NL","@id":"https:\/\/ml-locations.be\/nl\/locations\/jeu-de-cotes-4x4m-noir-pour-canopy\/#primaryimage","url":"https:\/\/ml-locations.be\/wp-content\/uploads\/2017\/04\/jeu-de-cote.jpg","contentUrl":"https:\/\/ml-locations.be\/wp-content\/uploads\/2017\/04\/jeu-de-cote.jpg","width":1000,"height":1000,"caption":"jeu de cot\u00e9 pour canopy en location"},{"@type":"BreadcrumbList","@id":"https:\/\/ml-locations.be\/nl\/locations\/jeu-de-cotes-4x4m-noir-pour-canopy\/#breadcrumb","itemListElement":[{"@type":"ListItem","position":1,"name":"Accueil","item":"https:\/\/ml-locations.be\/nl\/"},{"@type":"ListItem","position":2,"name":"Winkel","item":"https:\/\/ml-locations.be\/nl\/winkel\/"},{"@type":"ListItem","position":3,"name":"Parois lat\u00e9rales pour tonnelle en location canopy 4x4m"}]},{"@type":"WebSite","@id":"https:\/\/ml-locations.be\/nl\/#website","url":"https:\/\/ml-locations.be\/nl\/","name":"ML Locations","description":"Mat\u00e9riel \u00e9v\u00e9nementiel : location chaise, table et mange debout, mat\u00e9riel horeca, frigos,...","publisher":{"@id":"https:\/\/ml-locations.be\/nl\/#organization"},"potentialAction":[{"@type":"SearchAction","target":{"@type":"EntryPoint","urlTemplate":"https:\/\/ml-locations.be\/nl\/?s={search_term_string}"},"query-input":{"@type":"PropertyValueSpecification","valueRequired":true,"valueName":"search_term_string"}}],"inLanguage":"nl-NL"},{"@type":"Organization","@id":"https:\/\/ml-locations.be\/nl\/#organization","name":"ML Locations","url":"https:\/\/ml-locations.be\/nl\/","logo":{"@type":"ImageObject","inLanguage":"nl-NL","@id":"https:\/\/ml-locations.be\/nl\/#\/schema\/logo\/image\/","url":"https:\/\/ml-locations.be\/wp-content\/uploads\/2018\/05\/LOGO-location-BON.png","contentUrl":"https:\/\/ml-locations.be\/wp-content\/uploads\/2018\/05\/LOGO-location-BON.png","width":1200,"height":1200,"caption":"ML Locations"},"image":{"@id":"https:\/\/ml-locations.be\/nl\/#\/schema\/logo\/image\/"}}]}},"_links":{"self":[{"href":"https:\/\/ml-locations.be\/nl\/wp-json\/wp\/v2\/product\/1831","targetHints":{"allow":["GET"]}}],"collection":[{"href":"https:\/\/ml-locations.be\/nl\/wp-json\/wp\/v2\/product"}],"about":[{"href":"https:\/\/ml-locations.be\/nl\/wp-json\/wp\/v2\/types\/product"}],"wp:featuredmedia":[{"embeddable":true,"href":"https:\/\/ml-locations.be\/nl\/wp-json\/wp\/v2\/media\/2733"}],"wp:attachment":[{"href":"https:\/\/ml-locations.be\/nl\/wp-json\/wp\/v2\/media?parent=1831"}],"wp:term":[{"taxonomy":"product_brand","embeddable":true,"href":"https:\/\/ml-locations.be\/nl\/wp-json\/wp\/v2\/product_brand?post=1831"},{"taxonomy":"product_cat","embeddable":true,"href":"https:\/\/ml-locations.be\/nl\/wp-json\/wp\/v2\/product_cat?post=1831"},{"taxonomy":"product_tag","embeddable":true,"href":"https:\/\/ml-locations.be\/nl\/wp-json\/wp\/v2\/product_tag?post=1831"}],"curies":[{"name":"wp","href":"https:\/\/api.w.org\/{rel}","templated":true}]}}