{"id":1833,"date":"2017-04-11T14:33:38","date_gmt":"2017-04-11T12:33:38","guid":{"rendered":"https:\/\/www.ml-locations.be\/\/locations\/jeu-de-cotes-6x3m-noir-pour-canopy\/"},"modified":"2017-07-17T16:16:55","modified_gmt":"2017-07-17T14:16:55","slug":"jeu-de-cotes-6x3m-noir-pour-canopy","status":"publish","type":"product","link":"https:\/\/ml-locations.be\/nl\/locations\/jeu-de-cotes-6x3m-noir-pour-canopy\/","title":{"rendered":"Parois lat\u00e9rales pour tonnelle en location canopy 6x3m"},"content":{"rendered":"<p>Ces parois lat\u00e9rales permettent de fermer les c\u00f4t\u00e9s des <strong>tonnelles en location\u00a06x3m <\/strong>lors de vos \u00e9v\u00e9nements. Tr\u00e8s simple \u00e0 fixer, ils s&#8217;attachent \u00e0 l&#8217;aide de velcros au bord de la tonnelle (canopy). Ils vous permettront\u00a0vous prot\u00e9ger de la pluie et des intemp\u00e9ries lors de vos \u00e9v\u00e9nements ext\u00e9rieurs. Vos invit\u00e9s seront \u00e0 l\u2019abris de toutes intemp\u00e9ries qui pourraient survenir durant vos \u00e9v\u00e9nements : d\u00eener de mariage, anniversaire, conf\u00e9rence, inauguration,\u2026 Ces jeux de cot\u00e9s permettent de fermer les <strong>canopys<\/strong> (<strong>tonnelles<\/strong>) que nous proposons en location. Lors de la location de tonnelles (canopys), pr\u00e9cisez si vous souhaitez louer les parois lat\u00e9rales pour canopys en location.<\/p>\n<p>&nbsp;<\/p>\n","protected":false},"excerpt":{"rendered":"<p><strong>Parois lat\u00e9rales pour tonnelles en location 6x3m : <\/strong>ces toiles de c\u00f4t\u00e9s se fixent \u00e0 l&#8217;aide de velcros aux parois des\u00a0<strong>canopys<\/strong> (<strong>tonnelles<\/strong>). Ils sont parfaits pour se prot\u00e9ger de la pluie, du vent\u00a0ou du soleil lors de vos \u00e9v\u00e9nements\u00a0\u00a0: banquets, d\u00eener de <strong>mariage<\/strong>, anniversaire, conf\u00e9rence, inauguration,\u2026<\/p>\n<p>&nbsp;<\/p>\n","protected":false},"featured_media":2733,"template":"","meta":{"_acf_changed":false},"product_brand":[],"product_cat":[37,39],"product_tag":[],"class_list":{"0":"post-1833","1":"product","2":"type-product","3":"status-publish","4":"has-post-thumbnail","6":"product_cat-chapiteau-tente-de-reception-louer","7":"product_cat-tonnelles-et-canopys-a-louer","8":"description-off","10":"first","11":"instock","12":"taxable","13":"shipping-taxable","14":"purchasable","15":"product-type-simple"},"acf":[],"yoast_head":"<!-- This site is optimized with the Yoast SEO plugin v25.0 - https:\/\/yoast.com\/wordpress\/plugins\/seo\/ -->\n<title>Parois lat\u00e9rales pour tonnelle en location (6x3m) | ML Locations<\/title>\n<meta name=\"description\" content=\"Parois lat\u00e9rales pour canopy de 6x3m \u00e0 louer en compl\u00e9ment de nos tonnelles en locations (canopys). Fixation par velcros.\" \/>\n<meta name=\"robots\" content=\"index, follow, max-snippet:-1, max-image-preview:large, max-video-preview:-1\" \/>\n<link rel=\"canonical\" href=\"https:\/\/ml-locations.be\/nl\/locations\/jeu-de-cotes-6x3m-noir-pour-canopy\/\" \/>\n<meta property=\"og:locale\" content=\"nl_NL\" \/>\n<meta property=\"og:type\" content=\"article\" \/>\n<meta property=\"og:title\" content=\"Parois lat\u00e9rales pour tonnelle en location (6x3m) | ML Locations\" \/>\n<meta property=\"og:description\" content=\"Parois lat\u00e9rales pour canopy de 6x3m \u00e0 louer en compl\u00e9ment de nos tonnelles en locations (canopys). Fixation par velcros.\" \/>\n<meta property=\"og:url\" content=\"https:\/\/ml-locations.be\/nl\/locations\/jeu-de-cotes-6x3m-noir-pour-canopy\/\" \/>\n<meta property=\"og:site_name\" content=\"ML Locations\" \/>\n<meta property=\"article:modified_time\" content=\"2017-07-17T14:16:55+00:00\" \/>\n<meta property=\"og:image\" content=\"https:\/\/ml-locations.be\/wp-content\/uploads\/2017\/04\/jeu-de-cote.jpg\" \/>\n\t<meta property=\"og:image:width\" content=\"1000\" \/>\n\t<meta property=\"og:image:height\" content=\"1000\" \/>\n\t<meta property=\"og:image:type\" content=\"image\/jpeg\" \/>\n<meta name=\"twitter:card\" content=\"summary_large_image\" \/>\n<meta name=\"twitter:label1\" content=\"Geschatte leestijd\" \/>\n\t<meta name=\"twitter:data1\" content=\"1 minuut\" \/>\n<script type=\"application\/ld+json\" class=\"yoast-schema-graph\">{\"@context\":\"https:\/\/schema.org\",\"@graph\":[{\"@type\":\"WebPage\",\"@id\":\"https:\/\/ml-locations.be\/nl\/locations\/jeu-de-cotes-6x3m-noir-pour-canopy\/\",\"url\":\"https:\/\/ml-locations.be\/nl\/locations\/jeu-de-cotes-6x3m-noir-pour-canopy\/\",\"name\":\"Parois lat\u00e9rales pour tonnelle en location (6x3m) | ML Locations\",\"isPartOf\":{\"@id\":\"https:\/\/ml-locations.be\/nl\/#website\"},\"primaryImageOfPage\":{\"@id\":\"https:\/\/ml-locations.be\/nl\/locations\/jeu-de-cotes-6x3m-noir-pour-canopy\/#primaryimage\"},\"image\":{\"@id\":\"https:\/\/ml-locations.be\/nl\/locations\/jeu-de-cotes-6x3m-noir-pour-canopy\/#primaryimage\"},\"thumbnailUrl\":\"https:\/\/ml-locations.be\/wp-content\/uploads\/2017\/04\/jeu-de-cote.jpg\",\"datePublished\":\"2017-04-11T12:33:38+00:00\",\"dateModified\":\"2017-07-17T14:16:55+00:00\",\"description\":\"Parois lat\u00e9rales pour canopy de 6x3m \u00e0 louer en compl\u00e9ment de nos tonnelles en locations (canopys). Fixation par velcros.\",\"breadcrumb\":{\"@id\":\"https:\/\/ml-locations.be\/nl\/locations\/jeu-de-cotes-6x3m-noir-pour-canopy\/#breadcrumb\"},\"inLanguage\":\"nl-NL\",\"potentialAction\":[{\"@type\":\"ReadAction\",\"target\":[\"https:\/\/ml-locations.be\/nl\/locations\/jeu-de-cotes-6x3m-noir-pour-canopy\/\"]}]},{\"@type\":\"ImageObject\",\"inLanguage\":\"nl-NL\",\"@id\":\"https:\/\/ml-locations.be\/nl\/locations\/jeu-de-cotes-6x3m-noir-pour-canopy\/#primaryimage\",\"url\":\"https:\/\/ml-locations.be\/wp-content\/uploads\/2017\/04\/jeu-de-cote.jpg\",\"contentUrl\":\"https:\/\/ml-locations.be\/wp-content\/uploads\/2017\/04\/jeu-de-cote.jpg\",\"width\":1000,\"height\":1000,\"caption\":\"jeu de cot\u00e9 pour canopy en location\"},{\"@type\":\"BreadcrumbList\",\"@id\":\"https:\/\/ml-locations.be\/nl\/locations\/jeu-de-cotes-6x3m-noir-pour-canopy\/#breadcrumb\",\"itemListElement\":[{\"@type\":\"ListItem\",\"position\":1,\"name\":\"Accueil\",\"item\":\"https:\/\/ml-locations.be\/nl\/\"},{\"@type\":\"ListItem\",\"position\":2,\"name\":\"Winkel\",\"item\":\"https:\/\/ml-locations.be\/nl\/winkel\/\"},{\"@type\":\"ListItem\",\"position\":3,\"name\":\"Parois lat\u00e9rales pour tonnelle en location canopy 6x3m\"}]},{\"@type\":\"WebSite\",\"@id\":\"https:\/\/ml-locations.be\/nl\/#website\",\"url\":\"https:\/\/ml-locations.be\/nl\/\",\"name\":\"ML Locations\",\"description\":\"Mat\u00e9riel \u00e9v\u00e9nementiel : location chaise, table et mange debout, mat\u00e9riel horeca, frigos,...\",\"publisher\":{\"@id\":\"https:\/\/ml-locations.be\/nl\/#organization\"},\"potentialAction\":[{\"@type\":\"SearchAction\",\"target\":{\"@type\":\"EntryPoint\",\"urlTemplate\":\"https:\/\/ml-locations.be\/nl\/?s={search_term_string}\"},\"query-input\":{\"@type\":\"PropertyValueSpecification\",\"valueRequired\":true,\"valueName\":\"search_term_string\"}}],\"inLanguage\":\"nl-NL\"},{\"@type\":\"Organization\",\"@id\":\"https:\/\/ml-locations.be\/nl\/#organization\",\"name\":\"ML Locations\",\"url\":\"https:\/\/ml-locations.be\/nl\/\",\"logo\":{\"@type\":\"ImageObject\",\"inLanguage\":\"nl-NL\",\"@id\":\"https:\/\/ml-locations.be\/nl\/#\/schema\/logo\/image\/\",\"url\":\"https:\/\/ml-locations.be\/wp-content\/uploads\/2018\/05\/LOGO-location-BON.png\",\"contentUrl\":\"https:\/\/ml-locations.be\/wp-content\/uploads\/2018\/05\/LOGO-location-BON.png\",\"width\":1200,\"height\":1200,\"caption\":\"ML Locations\"},\"image\":{\"@id\":\"https:\/\/ml-locations.be\/nl\/#\/schema\/logo\/image\/\"}}]}<\/script>\n<!-- \/ Yoast SEO plugin. -->","yoast_head_json":{"title":"Parois lat\u00e9rales pour tonnelle en location (6x3m) | ML Locations","description":"Parois lat\u00e9rales pour canopy de 6x3m \u00e0 louer en compl\u00e9ment de nos tonnelles en locations (canopys). Fixation par velcros.","robots":{"index":"index","follow":"follow","max-snippet":"max-snippet:-1","max-image-preview":"max-image-preview:large","max-video-preview":"max-video-preview:-1"},"canonical":"https:\/\/ml-locations.be\/nl\/locations\/jeu-de-cotes-6x3m-noir-pour-canopy\/","og_locale":"nl_NL","og_type":"article","og_title":"Parois lat\u00e9rales pour tonnelle en location (6x3m) | ML Locations","og_description":"Parois lat\u00e9rales pour canopy de 6x3m \u00e0 louer en compl\u00e9ment de nos tonnelles en locations (canopys). Fixation par velcros.","og_url":"https:\/\/ml-locations.be\/nl\/locations\/jeu-de-cotes-6x3m-noir-pour-canopy\/","og_site_name":"ML Locations","article_modified_time":"2017-07-17T14:16:55+00:00","og_image":[{"width":1000,"height":1000,"url":"https:\/\/ml-locations.be\/wp-content\/uploads\/2017\/04\/jeu-de-cote.jpg","type":"image\/jpeg"}],"twitter_card":"summary_large_image","twitter_misc":{"Geschatte leestijd":"1 minuut"},"schema":{"@context":"https:\/\/schema.org","@graph":[{"@type":"WebPage","@id":"https:\/\/ml-locations.be\/nl\/locations\/jeu-de-cotes-6x3m-noir-pour-canopy\/","url":"https:\/\/ml-locations.be\/nl\/locations\/jeu-de-cotes-6x3m-noir-pour-canopy\/","name":"Parois lat\u00e9rales pour tonnelle en location (6x3m) | ML Locations","isPartOf":{"@id":"https:\/\/ml-locations.be\/nl\/#website"},"primaryImageOfPage":{"@id":"https:\/\/ml-locations.be\/nl\/locations\/jeu-de-cotes-6x3m-noir-pour-canopy\/#primaryimage"},"image":{"@id":"https:\/\/ml-locations.be\/nl\/locations\/jeu-de-cotes-6x3m-noir-pour-canopy\/#primaryimage"},"thumbnailUrl":"https:\/\/ml-locations.be\/wp-content\/uploads\/2017\/04\/jeu-de-cote.jpg","datePublished":"2017-04-11T12:33:38+00:00","dateModified":"2017-07-17T14:16:55+00:00","description":"Parois lat\u00e9rales pour canopy de 6x3m \u00e0 louer en compl\u00e9ment de nos tonnelles en locations (canopys). Fixation par velcros.","breadcrumb":{"@id":"https:\/\/ml-locations.be\/nl\/locations\/jeu-de-cotes-6x3m-noir-pour-canopy\/#breadcrumb"},"inLanguage":"nl-NL","potentialAction":[{"@type":"ReadAction","target":["https:\/\/ml-locations.be\/nl\/locations\/jeu-de-cotes-6x3m-noir-pour-canopy\/"]}]},{"@type":"ImageObject","inLanguage":"nl-NL","@id":"https:\/\/ml-locations.be\/nl\/locations\/jeu-de-cotes-6x3m-noir-pour-canopy\/#primaryimage","url":"https:\/\/ml-locations.be\/wp-content\/uploads\/2017\/04\/jeu-de-cote.jpg","contentUrl":"https:\/\/ml-locations.be\/wp-content\/uploads\/2017\/04\/jeu-de-cote.jpg","width":1000,"height":1000,"caption":"jeu de cot\u00e9 pour canopy en location"},{"@type":"BreadcrumbList","@id":"https:\/\/ml-locations.be\/nl\/locations\/jeu-de-cotes-6x3m-noir-pour-canopy\/#breadcrumb","itemListElement":[{"@type":"ListItem","position":1,"name":"Accueil","item":"https:\/\/ml-locations.be\/nl\/"},{"@type":"ListItem","position":2,"name":"Winkel","item":"https:\/\/ml-locations.be\/nl\/winkel\/"},{"@type":"ListItem","position":3,"name":"Parois lat\u00e9rales pour tonnelle en location canopy 6x3m"}]},{"@type":"WebSite","@id":"https:\/\/ml-locations.be\/nl\/#website","url":"https:\/\/ml-locations.be\/nl\/","name":"ML Locations","description":"Mat\u00e9riel \u00e9v\u00e9nementiel : location chaise, table et mange debout, mat\u00e9riel horeca, frigos,...","publisher":{"@id":"https:\/\/ml-locations.be\/nl\/#organization"},"potentialAction":[{"@type":"SearchAction","target":{"@type":"EntryPoint","urlTemplate":"https:\/\/ml-locations.be\/nl\/?s={search_term_string}"},"query-input":{"@type":"PropertyValueSpecification","valueRequired":true,"valueName":"search_term_string"}}],"inLanguage":"nl-NL"},{"@type":"Organization","@id":"https:\/\/ml-locations.be\/nl\/#organization","name":"ML Locations","url":"https:\/\/ml-locations.be\/nl\/","logo":{"@type":"ImageObject","inLanguage":"nl-NL","@id":"https:\/\/ml-locations.be\/nl\/#\/schema\/logo\/image\/","url":"https:\/\/ml-locations.be\/wp-content\/uploads\/2018\/05\/LOGO-location-BON.png","contentUrl":"https:\/\/ml-locations.be\/wp-content\/uploads\/2018\/05\/LOGO-location-BON.png","width":1200,"height":1200,"caption":"ML Locations"},"image":{"@id":"https:\/\/ml-locations.be\/nl\/#\/schema\/logo\/image\/"}}]}},"_links":{"self":[{"href":"https:\/\/ml-locations.be\/nl\/wp-json\/wp\/v2\/product\/1833","targetHints":{"allow":["GET"]}}],"collection":[{"href":"https:\/\/ml-locations.be\/nl\/wp-json\/wp\/v2\/product"}],"about":[{"href":"https:\/\/ml-locations.be\/nl\/wp-json\/wp\/v2\/types\/product"}],"wp:featuredmedia":[{"embeddable":true,"href":"https:\/\/ml-locations.be\/nl\/wp-json\/wp\/v2\/media\/2733"}],"wp:attachment":[{"href":"https:\/\/ml-locations.be\/nl\/wp-json\/wp\/v2\/media?parent=1833"}],"wp:term":[{"taxonomy":"product_brand","embeddable":true,"href":"https:\/\/ml-locations.be\/nl\/wp-json\/wp\/v2\/product_brand?post=1833"},{"taxonomy":"product_cat","embeddable":true,"href":"https:\/\/ml-locations.be\/nl\/wp-json\/wp\/v2\/product_cat?post=1833"},{"taxonomy":"product_tag","embeddable":true,"href":"https:\/\/ml-locations.be\/nl\/wp-json\/wp\/v2\/product_tag?post=1833"}],"curies":[{"name":"wp","href":"https:\/\/api.w.org\/{rel}","templated":true}]}}