{"id":1834,"date":"2017-04-11T14:33:38","date_gmt":"2017-04-11T12:33:38","guid":{"rendered":"https:\/\/www.ml-locations.be\/\/locations\/desk-en-bois-lumineux\/"},"modified":"2020-01-21T17:32:47","modified_gmt":"2020-01-21T16:32:47","slug":"location-comptoir-accueil-desk-bois-lumineux","status":"publish","type":"product","link":"https:\/\/ml-locations.be\/nl\/locations\/location-comptoir-accueil-desk-bois-lumineux\/","title":{"rendered":"Desk en bois (lumineux)"},"content":{"rendered":"<p><strong>Desk en bois lumineux<\/strong> qui apportera une touche d\u2019originalit\u00e9 et de chic \u00e0 votre <strong>\u00e9v\u00e9nement<\/strong>. Equip\u00e9 d\u2019un syst\u00e8me de <strong>leds autonomes<\/strong>, ce meuble avec effet bardage bois ajour\u00e9 diffuse un \u00e9clairage bleu.<\/p>\n<p><strong>Dimension du Desk\u00a0:<\/strong><\/p>\n<ul>\n<li>Longueur\u00a0: 121 cm<\/li>\n<li>Largeur\u00a0: 56 cm<\/li>\n<li>Hauteur\u00a0: 112 cm<\/li>\n<\/ul>\n","protected":false},"excerpt":{"rendered":"<p><strong>Desk en bois \u00e9clair\u00e9<\/strong> (comptoir d\u2019accueil), meuble design pour l\u2019accueil de vos invit\u00e9s ou \u00e0 utiliser comme bar.<\/p>\n","protected":false},"featured_media":2788,"template":"","meta":{"_acf_changed":false},"product_brand":[],"product_cat":[6,9],"product_tag":[202],"class_list":{"0":"post-1834","1":"product","2":"type-product","3":"status-publish","4":"has-post-thumbnail","6":"product_cat-mobilier","7":"product_cat-mobilier-lumineux","8":"product_tag-location-mobilier-design","9":"description-off","11":"first","12":"instock","13":"taxable","14":"shipping-taxable","15":"purchasable","16":"product-type-simple"},"acf":[],"yoast_head":"<!-- This site is optimized with the Yoast SEO plugin v25.0 - https:\/\/yoast.com\/wordpress\/plugins\/seo\/ -->\n<title>Desk en bois en location (bardage ajour\u00e9)\u00e9clairage bleu | ML Locations<\/title>\n<meta name=\"description\" content=\"Desk en bois design (comptoir d&#039;accueil) en location : \u00e9clairage bleu, bardage bois ajour\u00e9. D\u00e9couvrez notre mobilier \u00e9v\u00e9nementiel en location\" \/>\n<meta name=\"robots\" content=\"index, follow, max-snippet:-1, max-image-preview:large, max-video-preview:-1\" \/>\n<link rel=\"canonical\" href=\"https:\/\/ml-locations.be\/nl\/locations\/location-comptoir-accueil-desk-bois-lumineux\/\" \/>\n<meta property=\"og:locale\" content=\"nl_NL\" \/>\n<meta property=\"og:type\" content=\"article\" \/>\n<meta property=\"og:title\" content=\"Desk en bois en location (bardage ajour\u00e9)\u00e9clairage bleu | ML Locations\" \/>\n<meta property=\"og:description\" content=\"Desk en bois design (comptoir d&#039;accueil) en location : \u00e9clairage bleu, bardage bois ajour\u00e9. D\u00e9couvrez notre mobilier \u00e9v\u00e9nementiel en location\" \/>\n<meta property=\"og:url\" content=\"https:\/\/ml-locations.be\/nl\/locations\/location-comptoir-accueil-desk-bois-lumineux\/\" \/>\n<meta property=\"og:site_name\" content=\"ML Locations\" \/>\n<meta property=\"article:modified_time\" content=\"2020-01-21T16:32:47+00:00\" \/>\n<meta property=\"og:image\" content=\"https:\/\/ml-locations.be\/wp-content\/uploads\/2017\/04\/Desk-daccueil-en-bois-a-louer-lumineux-1.jpg\" \/>\n\t<meta property=\"og:image:width\" content=\"1400\" \/>\n\t<meta property=\"og:image:height\" content=\"1050\" \/>\n\t<meta property=\"og:image:type\" content=\"image\/jpeg\" \/>\n<meta name=\"twitter:card\" content=\"summary_large_image\" \/>\n<script type=\"application\/ld+json\" class=\"yoast-schema-graph\">{\"@context\":\"https:\/\/schema.org\",\"@graph\":[{\"@type\":\"WebPage\",\"@id\":\"https:\/\/ml-locations.be\/nl\/locations\/location-comptoir-accueil-desk-bois-lumineux\/\",\"url\":\"https:\/\/ml-locations.be\/nl\/locations\/location-comptoir-accueil-desk-bois-lumineux\/\",\"name\":\"Desk en bois en location (bardage ajour\u00e9)\u00e9clairage bleu | ML Locations\",\"isPartOf\":{\"@id\":\"https:\/\/ml-locations.be\/nl\/#website\"},\"primaryImageOfPage\":{\"@id\":\"https:\/\/ml-locations.be\/nl\/locations\/location-comptoir-accueil-desk-bois-lumineux\/#primaryimage\"},\"image\":{\"@id\":\"https:\/\/ml-locations.be\/nl\/locations\/location-comptoir-accueil-desk-bois-lumineux\/#primaryimage\"},\"thumbnailUrl\":\"https:\/\/ml-locations.be\/wp-content\/uploads\/2017\/04\/Desk-daccueil-en-bois-a-louer-lumineux-1.jpg\",\"datePublished\":\"2017-04-11T12:33:38+00:00\",\"dateModified\":\"2020-01-21T16:32:47+00:00\",\"description\":\"Desk en bois design (comptoir d'accueil) en location : \u00e9clairage bleu, bardage bois ajour\u00e9. D\u00e9couvrez notre mobilier \u00e9v\u00e9nementiel en location\",\"breadcrumb\":{\"@id\":\"https:\/\/ml-locations.be\/nl\/locations\/location-comptoir-accueil-desk-bois-lumineux\/#breadcrumb\"},\"inLanguage\":\"nl-NL\",\"potentialAction\":[{\"@type\":\"ReadAction\",\"target\":[\"https:\/\/ml-locations.be\/nl\/locations\/location-comptoir-accueil-desk-bois-lumineux\/\"]}]},{\"@type\":\"ImageObject\",\"inLanguage\":\"nl-NL\",\"@id\":\"https:\/\/ml-locations.be\/nl\/locations\/location-comptoir-accueil-desk-bois-lumineux\/#primaryimage\",\"url\":\"https:\/\/ml-locations.be\/wp-content\/uploads\/2017\/04\/Desk-daccueil-en-bois-a-louer-lumineux-1.jpg\",\"contentUrl\":\"https:\/\/ml-locations.be\/wp-content\/uploads\/2017\/04\/Desk-daccueil-en-bois-a-louer-lumineux-1.jpg\",\"width\":1400,\"height\":1050,\"caption\":\"Desk d'accueil en bois a\u0300 louer - mobilier lumineux en location\"},{\"@type\":\"BreadcrumbList\",\"@id\":\"https:\/\/ml-locations.be\/nl\/locations\/location-comptoir-accueil-desk-bois-lumineux\/#breadcrumb\",\"itemListElement\":[{\"@type\":\"ListItem\",\"position\":1,\"name\":\"Accueil\",\"item\":\"https:\/\/ml-locations.be\/nl\/\"},{\"@type\":\"ListItem\",\"position\":2,\"name\":\"Winkel\",\"item\":\"https:\/\/ml-locations.be\/nl\/winkel\/\"},{\"@type\":\"ListItem\",\"position\":3,\"name\":\"Desk en bois (lumineux)\"}]},{\"@type\":\"WebSite\",\"@id\":\"https:\/\/ml-locations.be\/nl\/#website\",\"url\":\"https:\/\/ml-locations.be\/nl\/\",\"name\":\"ML Locations\",\"description\":\"Mat\u00e9riel \u00e9v\u00e9nementiel : location chaise, table et mange debout, mat\u00e9riel horeca, frigos,...\",\"publisher\":{\"@id\":\"https:\/\/ml-locations.be\/nl\/#organization\"},\"potentialAction\":[{\"@type\":\"SearchAction\",\"target\":{\"@type\":\"EntryPoint\",\"urlTemplate\":\"https:\/\/ml-locations.be\/nl\/?s={search_term_string}\"},\"query-input\":{\"@type\":\"PropertyValueSpecification\",\"valueRequired\":true,\"valueName\":\"search_term_string\"}}],\"inLanguage\":\"nl-NL\"},{\"@type\":\"Organization\",\"@id\":\"https:\/\/ml-locations.be\/nl\/#organization\",\"name\":\"ML Locations\",\"url\":\"https:\/\/ml-locations.be\/nl\/\",\"logo\":{\"@type\":\"ImageObject\",\"inLanguage\":\"nl-NL\",\"@id\":\"https:\/\/ml-locations.be\/nl\/#\/schema\/logo\/image\/\",\"url\":\"https:\/\/ml-locations.be\/wp-content\/uploads\/2018\/05\/LOGO-location-BON.png\",\"contentUrl\":\"https:\/\/ml-locations.be\/wp-content\/uploads\/2018\/05\/LOGO-location-BON.png\",\"width\":1200,\"height\":1200,\"caption\":\"ML Locations\"},\"image\":{\"@id\":\"https:\/\/ml-locations.be\/nl\/#\/schema\/logo\/image\/\"}}]}<\/script>\n<!-- \/ Yoast SEO plugin. -->","yoast_head_json":{"title":"Desk en bois en location (bardage ajour\u00e9)\u00e9clairage bleu | ML Locations","description":"Desk en bois design (comptoir d'accueil) en location : \u00e9clairage bleu, bardage bois ajour\u00e9. D\u00e9couvrez notre mobilier \u00e9v\u00e9nementiel en location","robots":{"index":"index","follow":"follow","max-snippet":"max-snippet:-1","max-image-preview":"max-image-preview:large","max-video-preview":"max-video-preview:-1"},"canonical":"https:\/\/ml-locations.be\/nl\/locations\/location-comptoir-accueil-desk-bois-lumineux\/","og_locale":"nl_NL","og_type":"article","og_title":"Desk en bois en location (bardage ajour\u00e9)\u00e9clairage bleu | ML Locations","og_description":"Desk en bois design (comptoir d'accueil) en location : \u00e9clairage bleu, bardage bois ajour\u00e9. D\u00e9couvrez notre mobilier \u00e9v\u00e9nementiel en location","og_url":"https:\/\/ml-locations.be\/nl\/locations\/location-comptoir-accueil-desk-bois-lumineux\/","og_site_name":"ML Locations","article_modified_time":"2020-01-21T16:32:47+00:00","og_image":[{"width":1400,"height":1050,"url":"https:\/\/ml-locations.be\/wp-content\/uploads\/2017\/04\/Desk-daccueil-en-bois-a-louer-lumineux-1.jpg","type":"image\/jpeg"}],"twitter_card":"summary_large_image","schema":{"@context":"https:\/\/schema.org","@graph":[{"@type":"WebPage","@id":"https:\/\/ml-locations.be\/nl\/locations\/location-comptoir-accueil-desk-bois-lumineux\/","url":"https:\/\/ml-locations.be\/nl\/locations\/location-comptoir-accueil-desk-bois-lumineux\/","name":"Desk en bois en location (bardage ajour\u00e9)\u00e9clairage bleu | ML Locations","isPartOf":{"@id":"https:\/\/ml-locations.be\/nl\/#website"},"primaryImageOfPage":{"@id":"https:\/\/ml-locations.be\/nl\/locations\/location-comptoir-accueil-desk-bois-lumineux\/#primaryimage"},"image":{"@id":"https:\/\/ml-locations.be\/nl\/locations\/location-comptoir-accueil-desk-bois-lumineux\/#primaryimage"},"thumbnailUrl":"https:\/\/ml-locations.be\/wp-content\/uploads\/2017\/04\/Desk-daccueil-en-bois-a-louer-lumineux-1.jpg","datePublished":"2017-04-11T12:33:38+00:00","dateModified":"2020-01-21T16:32:47+00:00","description":"Desk en bois design (comptoir d'accueil) en location : \u00e9clairage bleu, bardage bois ajour\u00e9. D\u00e9couvrez notre mobilier \u00e9v\u00e9nementiel en location","breadcrumb":{"@id":"https:\/\/ml-locations.be\/nl\/locations\/location-comptoir-accueil-desk-bois-lumineux\/#breadcrumb"},"inLanguage":"nl-NL","potentialAction":[{"@type":"ReadAction","target":["https:\/\/ml-locations.be\/nl\/locations\/location-comptoir-accueil-desk-bois-lumineux\/"]}]},{"@type":"ImageObject","inLanguage":"nl-NL","@id":"https:\/\/ml-locations.be\/nl\/locations\/location-comptoir-accueil-desk-bois-lumineux\/#primaryimage","url":"https:\/\/ml-locations.be\/wp-content\/uploads\/2017\/04\/Desk-daccueil-en-bois-a-louer-lumineux-1.jpg","contentUrl":"https:\/\/ml-locations.be\/wp-content\/uploads\/2017\/04\/Desk-daccueil-en-bois-a-louer-lumineux-1.jpg","width":1400,"height":1050,"caption":"Desk d'accueil en bois a\u0300 louer - mobilier lumineux en location"},{"@type":"BreadcrumbList","@id":"https:\/\/ml-locations.be\/nl\/locations\/location-comptoir-accueil-desk-bois-lumineux\/#breadcrumb","itemListElement":[{"@type":"ListItem","position":1,"name":"Accueil","item":"https:\/\/ml-locations.be\/nl\/"},{"@type":"ListItem","position":2,"name":"Winkel","item":"https:\/\/ml-locations.be\/nl\/winkel\/"},{"@type":"ListItem","position":3,"name":"Desk en bois (lumineux)"}]},{"@type":"WebSite","@id":"https:\/\/ml-locations.be\/nl\/#website","url":"https:\/\/ml-locations.be\/nl\/","name":"ML Locations","description":"Mat\u00e9riel \u00e9v\u00e9nementiel : location chaise, table et mange debout, mat\u00e9riel horeca, frigos,...","publisher":{"@id":"https:\/\/ml-locations.be\/nl\/#organization"},"potentialAction":[{"@type":"SearchAction","target":{"@type":"EntryPoint","urlTemplate":"https:\/\/ml-locations.be\/nl\/?s={search_term_string}"},"query-input":{"@type":"PropertyValueSpecification","valueRequired":true,"valueName":"search_term_string"}}],"inLanguage":"nl-NL"},{"@type":"Organization","@id":"https:\/\/ml-locations.be\/nl\/#organization","name":"ML Locations","url":"https:\/\/ml-locations.be\/nl\/","logo":{"@type":"ImageObject","inLanguage":"nl-NL","@id":"https:\/\/ml-locations.be\/nl\/#\/schema\/logo\/image\/","url":"https:\/\/ml-locations.be\/wp-content\/uploads\/2018\/05\/LOGO-location-BON.png","contentUrl":"https:\/\/ml-locations.be\/wp-content\/uploads\/2018\/05\/LOGO-location-BON.png","width":1200,"height":1200,"caption":"ML Locations"},"image":{"@id":"https:\/\/ml-locations.be\/nl\/#\/schema\/logo\/image\/"}}]}},"_links":{"self":[{"href":"https:\/\/ml-locations.be\/nl\/wp-json\/wp\/v2\/product\/1834","targetHints":{"allow":["GET"]}}],"collection":[{"href":"https:\/\/ml-locations.be\/nl\/wp-json\/wp\/v2\/product"}],"about":[{"href":"https:\/\/ml-locations.be\/nl\/wp-json\/wp\/v2\/types\/product"}],"wp:featuredmedia":[{"embeddable":true,"href":"https:\/\/ml-locations.be\/nl\/wp-json\/wp\/v2\/media\/2788"}],"wp:attachment":[{"href":"https:\/\/ml-locations.be\/nl\/wp-json\/wp\/v2\/media?parent=1834"}],"wp:term":[{"taxonomy":"product_brand","embeddable":true,"href":"https:\/\/ml-locations.be\/nl\/wp-json\/wp\/v2\/product_brand?post=1834"},{"taxonomy":"product_cat","embeddable":true,"href":"https:\/\/ml-locations.be\/nl\/wp-json\/wp\/v2\/product_cat?post=1834"},{"taxonomy":"product_tag","embeddable":true,"href":"https:\/\/ml-locations.be\/nl\/wp-json\/wp\/v2\/product_tag?post=1834"}],"curies":[{"name":"wp","href":"https:\/\/api.w.org\/{rel}","templated":true}]}}