{"id":1836,"date":"2017-04-11T14:33:42","date_gmt":"2017-04-11T12:33:42","guid":{"rendered":"https:\/\/www.ml-locations.be\/\/locations\/table-ronde-180-cm-x-80-cm-10-pers\/"},"modified":"2024-08-26T13:57:28","modified_gmt":"2024-08-26T11:57:28","slug":"location-table-ronde-180cm-12personnes","status":"publish","type":"product","link":"https:\/\/ml-locations.be\/nl\/locations\/location-table-ronde-180cm-12personnes\/","title":{"rendered":"Table ronde en location 180 cm (10-12 personnes)"},"content":{"rendered":"<p>Ces\u00a0<strong>tables rondes<\/strong>\u00a0<strong>en location<\/strong> ont un diam\u00e8tre de 180 cm, 10 \u00e0 12 personnes peuvent \u00eatre plac\u00e9es confortablement autour de cette table ronde. Nos tables rondes en location sont \u00e0 la fois pratiques et conviviales, elles peuvent se ranger facilement car elles sont pliantes. Nous vous conseillons de consulter notre rubrique d\u00e9di\u00e9e \u00e0 la\u00a0<a href=\"http:\/\/www.ml-locations.be\/location\/decorations-pour-evenements\/nappes-serviettes-en-location\/\"><strong>location de nappes<\/strong><\/a>\u00a0pour trouver les nappes correspondantes aux tables en location.<\/p>\n<p><strong>Dimensions de la table ronde en location 10 \u00e0 12 personnes :<\/strong><\/p>\n<ul>\n<li>Diam\u00e8tre de la table ronde\u00a0: 180 cm,<\/li>\n<li>Hauteur de la table ronde\u00a0: 75 cm.<\/li>\n<li>Taille de nappe recommand\u00e9e avec la table ronde : <a href=\"https:\/\/ml-locations.be\/locations\/nappe-tissu-240x240cm-table-ronde-10p\/\">nappe 240 x 240 cm<\/a><\/li>\n<li>Pieds rabattables<\/li>\n<li>Racks roulant<\/li>\n<\/ul>\n<p>Si vous souhaitez louer d&#8217;autres tables rondes, nous pouvons \u00e9galement vous proposer la <a href=\"https:\/\/ml-locations.be\/locations\/location-table-ronde-85cm-4personnes\/\"><strong>location de table ronde 85 cm<\/strong><\/a>, la <a href=\"https:\/\/ml-locations.be\/locations\/location-table-ronde-120cm-6personnes\/\"><strong>location de table ronde 120 cm<\/strong><\/a>,\u00a0<a href=\"https:\/\/ml-locations.be\/locations\/table-ronde-150x80cm-8-pers\/\"><strong>la location de table ronde 150 cm (8 -10\u00a0 personnes)<\/strong><\/a>, la <a href=\"https:\/\/ml-locations.be\/locations\/location-table-ronde-200cm-12personnes\/\"><strong>location de table ronde 200 cm (12 personnes)<\/strong><\/a>.<\/p>\n<p>N&#8217;h\u00e9sitez pas \u00e0 nous demander un devis pour la <strong>location de table ronde pour mariage<\/strong>, banquets, r\u00e9ception et autres \u00e9v\u00e9nements.<\/p>\n","protected":false},"excerpt":{"rendered":"<p><strong>Tables rondes en location : tables rondes 180 cm\u00a0 (pour 10 \u00e0 12 personnes) <\/strong>avec pieds rabattables disponibles pour tous vos banquets et \u00e9v\u00e9nements (<strong>mariages<\/strong>, <strong>communions<\/strong>, <strong>r\u00e9ceptions<\/strong>, \u2026).<\/p>\n","protected":false},"featured_media":1847,"template":"","meta":{"_acf_changed":false},"product_brand":[],"product_cat":[247,6,11],"product_tag":[213,211,214],"class_list":{"0":"post-1836","1":"product","2":"type-product","3":"status-publish","4":"has-post-thumbnail","6":"product_cat-location-tables-rondes","7":"product_cat-mobilier","8":"product_cat-tables-et-mange-debout-en-location","9":"product_tag-location-de-materiel-de-reception-mariages","10":"product_tag-location-tables-et-chaises","11":"product_tag-location-materiel-banquet","12":"description-off","14":"first","15":"instock","16":"sale","17":"taxable","18":"shipping-taxable","19":"purchasable","20":"product-type-simple"},"acf":[],"yoast_head":"<!-- This site is optimized with the Yoast SEO plugin v25.0 - https:\/\/yoast.com\/wordpress\/plugins\/seo\/ -->\n<title>Location table ronde : table ronde 180 cm 12 personnes | ML Locations<\/title>\n<meta name=\"description\" content=\"Location de tables rondes pour vos \u00e9v\u00e9nements : table 180 cm pour 10 \u00e0 12 personnes. Autres mod\u00e8les de tables en location sur notre site.\" \/>\n<meta name=\"robots\" content=\"index, follow, max-snippet:-1, max-image-preview:large, max-video-preview:-1\" \/>\n<link rel=\"canonical\" href=\"https:\/\/ml-locations.be\/nl\/locations\/location-table-ronde-180cm-12personnes\/\" \/>\n<meta property=\"og:locale\" content=\"nl_NL\" \/>\n<meta property=\"og:type\" content=\"article\" \/>\n<meta property=\"og:title\" content=\"Location table ronde : table ronde 180 cm 12 personnes | ML Locations\" \/>\n<meta property=\"og:description\" content=\"Location de tables rondes pour vos \u00e9v\u00e9nements : table 180 cm pour 10 \u00e0 12 personnes. Autres mod\u00e8les de tables en location sur notre site.\" \/>\n<meta property=\"og:url\" content=\"https:\/\/ml-locations.be\/nl\/locations\/location-table-ronde-180cm-12personnes\/\" \/>\n<meta property=\"og:site_name\" content=\"ML Locations\" \/>\n<meta property=\"article:modified_time\" content=\"2024-08-26T11:57:28+00:00\" \/>\n<meta property=\"og:image\" content=\"https:\/\/ml-locations.be\/wp-content\/uploads\/2017\/04\/table-ronde.jpg\" \/>\n\t<meta property=\"og:image:width\" content=\"1000\" \/>\n\t<meta property=\"og:image:height\" content=\"1000\" \/>\n\t<meta property=\"og:image:type\" content=\"image\/jpeg\" \/>\n<meta name=\"twitter:card\" content=\"summary_large_image\" \/>\n<meta name=\"twitter:label1\" content=\"Geschatte leestijd\" \/>\n\t<meta name=\"twitter:data1\" content=\"2 minuten\" \/>\n<script type=\"application\/ld+json\" class=\"yoast-schema-graph\">{\"@context\":\"https:\/\/schema.org\",\"@graph\":[{\"@type\":\"WebPage\",\"@id\":\"https:\/\/ml-locations.be\/nl\/locations\/location-table-ronde-180cm-12personnes\/\",\"url\":\"https:\/\/ml-locations.be\/nl\/locations\/location-table-ronde-180cm-12personnes\/\",\"name\":\"Location table ronde : table ronde 180 cm 12 personnes | ML Locations\",\"isPartOf\":{\"@id\":\"https:\/\/ml-locations.be\/nl\/#website\"},\"primaryImageOfPage\":{\"@id\":\"https:\/\/ml-locations.be\/nl\/locations\/location-table-ronde-180cm-12personnes\/#primaryimage\"},\"image\":{\"@id\":\"https:\/\/ml-locations.be\/nl\/locations\/location-table-ronde-180cm-12personnes\/#primaryimage\"},\"thumbnailUrl\":\"https:\/\/ml-locations.be\/wp-content\/uploads\/2017\/04\/table-ronde.jpg\",\"datePublished\":\"2017-04-11T12:33:42+00:00\",\"dateModified\":\"2024-08-26T11:57:28+00:00\",\"description\":\"Location de tables rondes pour vos \u00e9v\u00e9nements : table 180 cm pour 10 \u00e0 12 personnes. Autres mod\u00e8les de tables en location sur notre site.\",\"breadcrumb\":{\"@id\":\"https:\/\/ml-locations.be\/nl\/locations\/location-table-ronde-180cm-12personnes\/#breadcrumb\"},\"inLanguage\":\"nl-NL\",\"potentialAction\":[{\"@type\":\"ReadAction\",\"target\":[\"https:\/\/ml-locations.be\/nl\/locations\/location-table-ronde-180cm-12personnes\/\"]}]},{\"@type\":\"ImageObject\",\"inLanguage\":\"nl-NL\",\"@id\":\"https:\/\/ml-locations.be\/nl\/locations\/location-table-ronde-180cm-12personnes\/#primaryimage\",\"url\":\"https:\/\/ml-locations.be\/wp-content\/uploads\/2017\/04\/table-ronde.jpg\",\"contentUrl\":\"https:\/\/ml-locations.be\/wp-content\/uploads\/2017\/04\/table-ronde.jpg\",\"width\":1000,\"height\":1000,\"caption\":\"location table ronde\"},{\"@type\":\"BreadcrumbList\",\"@id\":\"https:\/\/ml-locations.be\/nl\/locations\/location-table-ronde-180cm-12personnes\/#breadcrumb\",\"itemListElement\":[{\"@type\":\"ListItem\",\"position\":1,\"name\":\"Accueil\",\"item\":\"https:\/\/ml-locations.be\/nl\/\"},{\"@type\":\"ListItem\",\"position\":2,\"name\":\"Winkel\",\"item\":\"https:\/\/ml-locations.be\/nl\/winkel\/\"},{\"@type\":\"ListItem\",\"position\":3,\"name\":\"Table ronde en location 180 cm (10-12 personnes)\"}]},{\"@type\":\"WebSite\",\"@id\":\"https:\/\/ml-locations.be\/nl\/#website\",\"url\":\"https:\/\/ml-locations.be\/nl\/\",\"name\":\"ML Locations\",\"description\":\"Mat\u00e9riel \u00e9v\u00e9nementiel : location chaise, table et mange debout, mat\u00e9riel horeca, frigos,...\",\"publisher\":{\"@id\":\"https:\/\/ml-locations.be\/nl\/#organization\"},\"potentialAction\":[{\"@type\":\"SearchAction\",\"target\":{\"@type\":\"EntryPoint\",\"urlTemplate\":\"https:\/\/ml-locations.be\/nl\/?s={search_term_string}\"},\"query-input\":{\"@type\":\"PropertyValueSpecification\",\"valueRequired\":true,\"valueName\":\"search_term_string\"}}],\"inLanguage\":\"nl-NL\"},{\"@type\":\"Organization\",\"@id\":\"https:\/\/ml-locations.be\/nl\/#organization\",\"name\":\"ML Locations\",\"url\":\"https:\/\/ml-locations.be\/nl\/\",\"logo\":{\"@type\":\"ImageObject\",\"inLanguage\":\"nl-NL\",\"@id\":\"https:\/\/ml-locations.be\/nl\/#\/schema\/logo\/image\/\",\"url\":\"https:\/\/ml-locations.be\/wp-content\/uploads\/2018\/05\/LOGO-location-BON.png\",\"contentUrl\":\"https:\/\/ml-locations.be\/wp-content\/uploads\/2018\/05\/LOGO-location-BON.png\",\"width\":1200,\"height\":1200,\"caption\":\"ML Locations\"},\"image\":{\"@id\":\"https:\/\/ml-locations.be\/nl\/#\/schema\/logo\/image\/\"}}]}<\/script>\n<!-- \/ Yoast SEO plugin. -->","yoast_head_json":{"title":"Location table ronde : table ronde 180 cm 12 personnes | ML Locations","description":"Location de tables rondes pour vos \u00e9v\u00e9nements : table 180 cm pour 10 \u00e0 12 personnes. Autres mod\u00e8les de tables en location sur notre site.","robots":{"index":"index","follow":"follow","max-snippet":"max-snippet:-1","max-image-preview":"max-image-preview:large","max-video-preview":"max-video-preview:-1"},"canonical":"https:\/\/ml-locations.be\/nl\/locations\/location-table-ronde-180cm-12personnes\/","og_locale":"nl_NL","og_type":"article","og_title":"Location table ronde : table ronde 180 cm 12 personnes | ML Locations","og_description":"Location de tables rondes pour vos \u00e9v\u00e9nements : table 180 cm pour 10 \u00e0 12 personnes. Autres mod\u00e8les de tables en location sur notre site.","og_url":"https:\/\/ml-locations.be\/nl\/locations\/location-table-ronde-180cm-12personnes\/","og_site_name":"ML Locations","article_modified_time":"2024-08-26T11:57:28+00:00","og_image":[{"width":1000,"height":1000,"url":"https:\/\/ml-locations.be\/wp-content\/uploads\/2017\/04\/table-ronde.jpg","type":"image\/jpeg"}],"twitter_card":"summary_large_image","twitter_misc":{"Geschatte leestijd":"2 minuten"},"schema":{"@context":"https:\/\/schema.org","@graph":[{"@type":"WebPage","@id":"https:\/\/ml-locations.be\/nl\/locations\/location-table-ronde-180cm-12personnes\/","url":"https:\/\/ml-locations.be\/nl\/locations\/location-table-ronde-180cm-12personnes\/","name":"Location table ronde : table ronde 180 cm 12 personnes | ML Locations","isPartOf":{"@id":"https:\/\/ml-locations.be\/nl\/#website"},"primaryImageOfPage":{"@id":"https:\/\/ml-locations.be\/nl\/locations\/location-table-ronde-180cm-12personnes\/#primaryimage"},"image":{"@id":"https:\/\/ml-locations.be\/nl\/locations\/location-table-ronde-180cm-12personnes\/#primaryimage"},"thumbnailUrl":"https:\/\/ml-locations.be\/wp-content\/uploads\/2017\/04\/table-ronde.jpg","datePublished":"2017-04-11T12:33:42+00:00","dateModified":"2024-08-26T11:57:28+00:00","description":"Location de tables rondes pour vos \u00e9v\u00e9nements : table 180 cm pour 10 \u00e0 12 personnes. Autres mod\u00e8les de tables en location sur notre site.","breadcrumb":{"@id":"https:\/\/ml-locations.be\/nl\/locations\/location-table-ronde-180cm-12personnes\/#breadcrumb"},"inLanguage":"nl-NL","potentialAction":[{"@type":"ReadAction","target":["https:\/\/ml-locations.be\/nl\/locations\/location-table-ronde-180cm-12personnes\/"]}]},{"@type":"ImageObject","inLanguage":"nl-NL","@id":"https:\/\/ml-locations.be\/nl\/locations\/location-table-ronde-180cm-12personnes\/#primaryimage","url":"https:\/\/ml-locations.be\/wp-content\/uploads\/2017\/04\/table-ronde.jpg","contentUrl":"https:\/\/ml-locations.be\/wp-content\/uploads\/2017\/04\/table-ronde.jpg","width":1000,"height":1000,"caption":"location table ronde"},{"@type":"BreadcrumbList","@id":"https:\/\/ml-locations.be\/nl\/locations\/location-table-ronde-180cm-12personnes\/#breadcrumb","itemListElement":[{"@type":"ListItem","position":1,"name":"Accueil","item":"https:\/\/ml-locations.be\/nl\/"},{"@type":"ListItem","position":2,"name":"Winkel","item":"https:\/\/ml-locations.be\/nl\/winkel\/"},{"@type":"ListItem","position":3,"name":"Table ronde en location 180 cm (10-12 personnes)"}]},{"@type":"WebSite","@id":"https:\/\/ml-locations.be\/nl\/#website","url":"https:\/\/ml-locations.be\/nl\/","name":"ML Locations","description":"Mat\u00e9riel \u00e9v\u00e9nementiel : location chaise, table et mange debout, mat\u00e9riel horeca, frigos,...","publisher":{"@id":"https:\/\/ml-locations.be\/nl\/#organization"},"potentialAction":[{"@type":"SearchAction","target":{"@type":"EntryPoint","urlTemplate":"https:\/\/ml-locations.be\/nl\/?s={search_term_string}"},"query-input":{"@type":"PropertyValueSpecification","valueRequired":true,"valueName":"search_term_string"}}],"inLanguage":"nl-NL"},{"@type":"Organization","@id":"https:\/\/ml-locations.be\/nl\/#organization","name":"ML Locations","url":"https:\/\/ml-locations.be\/nl\/","logo":{"@type":"ImageObject","inLanguage":"nl-NL","@id":"https:\/\/ml-locations.be\/nl\/#\/schema\/logo\/image\/","url":"https:\/\/ml-locations.be\/wp-content\/uploads\/2018\/05\/LOGO-location-BON.png","contentUrl":"https:\/\/ml-locations.be\/wp-content\/uploads\/2018\/05\/LOGO-location-BON.png","width":1200,"height":1200,"caption":"ML Locations"},"image":{"@id":"https:\/\/ml-locations.be\/nl\/#\/schema\/logo\/image\/"}}]}},"_links":{"self":[{"href":"https:\/\/ml-locations.be\/nl\/wp-json\/wp\/v2\/product\/1836","targetHints":{"allow":["GET"]}}],"collection":[{"href":"https:\/\/ml-locations.be\/nl\/wp-json\/wp\/v2\/product"}],"about":[{"href":"https:\/\/ml-locations.be\/nl\/wp-json\/wp\/v2\/types\/product"}],"wp:featuredmedia":[{"embeddable":true,"href":"https:\/\/ml-locations.be\/nl\/wp-json\/wp\/v2\/media\/1847"}],"wp:attachment":[{"href":"https:\/\/ml-locations.be\/nl\/wp-json\/wp\/v2\/media?parent=1836"}],"wp:term":[{"taxonomy":"product_brand","embeddable":true,"href":"https:\/\/ml-locations.be\/nl\/wp-json\/wp\/v2\/product_brand?post=1836"},{"taxonomy":"product_cat","embeddable":true,"href":"https:\/\/ml-locations.be\/nl\/wp-json\/wp\/v2\/product_cat?post=1836"},{"taxonomy":"product_tag","embeddable":true,"href":"https:\/\/ml-locations.be\/nl\/wp-json\/wp\/v2\/product_tag?post=1836"}],"curies":[{"name":"wp","href":"https:\/\/api.w.org\/{rel}","templated":true}]}}