{"id":1837,"date":"2017-04-11T14:33:42","date_gmt":"2017-04-11T12:33:42","guid":{"rendered":"https:\/\/www.ml-locations.be\/\/locations\/lyre-chauvet-intimidator-255\/"},"modified":"2017-05-16T12:05:45","modified_gmt":"2017-05-16T10:05:45","slug":"lyre-chauvet-intimidator-255","status":"publish","type":"product","link":"https:\/\/ml-locations.be\/nl\/locations\/lyre-chauvet-intimidator-255\/","title":{"rendered":"Lyre Chauvet Intimidator 255"},"content":{"rendered":"<p>La Lyre Chauvet Intimidator est un <strong>spot de 50 W<\/strong> qui permet des jeux de lumi\u00e8res gr\u00e2ce \u00e0 une roue de gobos de couleur. Cette <strong>lyre en location<\/strong> donne \u00e0 votre showcase l&#8217;<strong>\u00e9clairage<\/strong> qu&#8217;il m\u00e9rite\u00a0gr\u00e2ce \u00e0 ses effets lumineux.<\/p>\n<p>Cet appareil r\u00e9agit aux <strong>dynamiques musicales<\/strong>, ce qui permet des <strong>lumi\u00e8res<\/strong> et un <strong>\u00e9clairage<\/strong> beaucoup interactif pour votre \u00e9v\u00e9nement. Cette <strong>lyre<\/strong> poss\u00e8de un angle d\u2019ouverture de 15\u00b0 et est capable d\u2019\u00eatre synchronis\u00e9e en mode Maitre\/Esclave. Il est aussi\u00a0possible de contr\u00f4ler l\u2019<strong>Intimidator<\/strong>\u00a0\u00e0 distance (sans fil).<\/p>\n<p>Attention, il est recommand\u00e9 d&#8217;utiliser un contr\u00f4leur DMX avec ce type de lyre.<\/p>\n<p>Si vous cherchez d\u2019autres lyres ou <strong>projecteurs en location<\/strong>, n\u2019h\u00e9sitez pas \u00e0 consulter la rubrique \u2018<a href=\"https:\/\/ml-locations.be\/location\/materiel-sono-et-lumieres-en-location\/\">mat\u00e9riel de sonorisation et lumi\u00e8res en location<\/a>\u2019.<\/p>\n<p>&nbsp;<\/p>\n<p><strong>Dimensions et caract\u00e9ristiques\u00a0de la lyre Chauvet Intimidator :<\/strong><\/p>\n<ul>\n<li>211mm x 232mm x 337mm<\/li>\n<li>Poids\u00a0: 5,7 kg,<\/li>\n<li>8 canaux DMX,<\/li>\n<li>Puissance\u00a0: 230 V,<\/li>\n<li>Consommation\u00a0: 95 W.<\/li>\n<\/ul>\n","protected":false},"excerpt":{"rendered":"<p><strong>La lyre Chauvet Intimidator en location <\/strong>est une <strong>lyre spot \u00e0 LED de 50W<\/strong> de la marque Chauvet, dot\u00e9e d\u2019un variateur \u00e9lectronique, d\u2019un prisme \u00e0 3 facettes et d\u2019un acc\u00e8s rapide pour changer les <strong>gobos<\/strong>.<\/p>\n","protected":false},"featured_media":2214,"template":"","meta":{"_acf_changed":false},"product_brand":[],"product_cat":[17,19],"product_tag":[205],"class_list":{"0":"post-1837","1":"product","2":"type-product","3":"status-publish","4":"has-post-thumbnail","6":"product_cat-materiel-sono-et-lumieres-en-location","7":"product_cat-materiel-eclairage-et-lumieres-a-louer","8":"product_tag-location-materiel-organisation-soiree","9":"description-off","11":"first","12":"instock","13":"taxable","14":"shipping-taxable","15":"purchasable","16":"product-type-simple"},"acf":[],"yoast_head":"<!-- This site is optimized with the Yoast SEO plugin v25.0 - https:\/\/yoast.com\/wordpress\/plugins\/seo\/ -->\n<title>Lyre Chauvet Intimidator 255 | ML Locations<\/title>\n<meta name=\"robots\" content=\"index, follow, max-snippet:-1, max-image-preview:large, max-video-preview:-1\" \/>\n<link rel=\"canonical\" href=\"https:\/\/ml-locations.be\/nl\/locations\/lyre-chauvet-intimidator-255\/\" \/>\n<meta property=\"og:locale\" content=\"nl_NL\" \/>\n<meta property=\"og:type\" content=\"article\" \/>\n<meta property=\"og:title\" content=\"Lyre Chauvet Intimidator 255 | ML Locations\" \/>\n<meta property=\"og:description\" content=\"La lyre Chauvet Intimidator en location est une lyre spot \u00e0 LED de 50W de la marque Chauvet, dot\u00e9e d\u2019un variateur \u00e9lectronique, d\u2019un prisme \u00e0 3 facettes et d\u2019un acc\u00e8s rapide pour changer les gobos.\" \/>\n<meta property=\"og:url\" content=\"https:\/\/ml-locations.be\/nl\/locations\/lyre-chauvet-intimidator-255\/\" \/>\n<meta property=\"og:site_name\" content=\"ML Locations\" \/>\n<meta property=\"article:modified_time\" content=\"2017-05-16T10:05:45+00:00\" \/>\n<meta property=\"og:image\" content=\"https:\/\/ml-locations.be\/wp-content\/uploads\/2017\/04\/Lyre-chauvet-intimidator.jpg\" \/>\n\t<meta property=\"og:image:width\" content=\"700\" \/>\n\t<meta property=\"og:image:height\" content=\"1000\" \/>\n\t<meta property=\"og:image:type\" content=\"image\/jpeg\" \/>\n<meta name=\"twitter:card\" content=\"summary_large_image\" \/>\n<meta name=\"twitter:label1\" content=\"Geschatte leestijd\" \/>\n\t<meta name=\"twitter:data1\" content=\"1 minuut\" \/>\n<script type=\"application\/ld+json\" class=\"yoast-schema-graph\">{\"@context\":\"https:\/\/schema.org\",\"@graph\":[{\"@type\":\"WebPage\",\"@id\":\"https:\/\/ml-locations.be\/nl\/locations\/lyre-chauvet-intimidator-255\/\",\"url\":\"https:\/\/ml-locations.be\/nl\/locations\/lyre-chauvet-intimidator-255\/\",\"name\":\"Lyre Chauvet Intimidator 255 | ML Locations\",\"isPartOf\":{\"@id\":\"https:\/\/ml-locations.be\/nl\/#website\"},\"primaryImageOfPage\":{\"@id\":\"https:\/\/ml-locations.be\/nl\/locations\/lyre-chauvet-intimidator-255\/#primaryimage\"},\"image\":{\"@id\":\"https:\/\/ml-locations.be\/nl\/locations\/lyre-chauvet-intimidator-255\/#primaryimage\"},\"thumbnailUrl\":\"https:\/\/ml-locations.be\/wp-content\/uploads\/2017\/04\/Lyre-chauvet-intimidator.jpg\",\"datePublished\":\"2017-04-11T12:33:42+00:00\",\"dateModified\":\"2017-05-16T10:05:45+00:00\",\"breadcrumb\":{\"@id\":\"https:\/\/ml-locations.be\/nl\/locations\/lyre-chauvet-intimidator-255\/#breadcrumb\"},\"inLanguage\":\"nl-NL\",\"potentialAction\":[{\"@type\":\"ReadAction\",\"target\":[\"https:\/\/ml-locations.be\/nl\/locations\/lyre-chauvet-intimidator-255\/\"]}]},{\"@type\":\"ImageObject\",\"inLanguage\":\"nl-NL\",\"@id\":\"https:\/\/ml-locations.be\/nl\/locations\/lyre-chauvet-intimidator-255\/#primaryimage\",\"url\":\"https:\/\/ml-locations.be\/wp-content\/uploads\/2017\/04\/Lyre-chauvet-intimidator.jpg\",\"contentUrl\":\"https:\/\/ml-locations.be\/wp-content\/uploads\/2017\/04\/Lyre-chauvet-intimidator.jpg\",\"width\":700,\"height\":1000,\"caption\":\"Lyre chauvet intimidator - \u00e9clairage et lumi\u00e8res en location\"},{\"@type\":\"BreadcrumbList\",\"@id\":\"https:\/\/ml-locations.be\/nl\/locations\/lyre-chauvet-intimidator-255\/#breadcrumb\",\"itemListElement\":[{\"@type\":\"ListItem\",\"position\":1,\"name\":\"Accueil\",\"item\":\"https:\/\/ml-locations.be\/nl\/\"},{\"@type\":\"ListItem\",\"position\":2,\"name\":\"Winkel\",\"item\":\"https:\/\/ml-locations.be\/nl\/winkel\/\"},{\"@type\":\"ListItem\",\"position\":3,\"name\":\"Lyre Chauvet Intimidator 255\"}]},{\"@type\":\"WebSite\",\"@id\":\"https:\/\/ml-locations.be\/nl\/#website\",\"url\":\"https:\/\/ml-locations.be\/nl\/\",\"name\":\"ML Locations\",\"description\":\"Mat\u00e9riel \u00e9v\u00e9nementiel : location chaise, table et mange debout, mat\u00e9riel horeca, frigos,...\",\"publisher\":{\"@id\":\"https:\/\/ml-locations.be\/nl\/#organization\"},\"potentialAction\":[{\"@type\":\"SearchAction\",\"target\":{\"@type\":\"EntryPoint\",\"urlTemplate\":\"https:\/\/ml-locations.be\/nl\/?s={search_term_string}\"},\"query-input\":{\"@type\":\"PropertyValueSpecification\",\"valueRequired\":true,\"valueName\":\"search_term_string\"}}],\"inLanguage\":\"nl-NL\"},{\"@type\":\"Organization\",\"@id\":\"https:\/\/ml-locations.be\/nl\/#organization\",\"name\":\"ML Locations\",\"url\":\"https:\/\/ml-locations.be\/nl\/\",\"logo\":{\"@type\":\"ImageObject\",\"inLanguage\":\"nl-NL\",\"@id\":\"https:\/\/ml-locations.be\/nl\/#\/schema\/logo\/image\/\",\"url\":\"https:\/\/ml-locations.be\/wp-content\/uploads\/2018\/05\/LOGO-location-BON.png\",\"contentUrl\":\"https:\/\/ml-locations.be\/wp-content\/uploads\/2018\/05\/LOGO-location-BON.png\",\"width\":1200,\"height\":1200,\"caption\":\"ML Locations\"},\"image\":{\"@id\":\"https:\/\/ml-locations.be\/nl\/#\/schema\/logo\/image\/\"}}]}<\/script>\n<!-- \/ Yoast SEO plugin. -->","yoast_head_json":{"title":"Lyre Chauvet Intimidator 255 | ML Locations","robots":{"index":"index","follow":"follow","max-snippet":"max-snippet:-1","max-image-preview":"max-image-preview:large","max-video-preview":"max-video-preview:-1"},"canonical":"https:\/\/ml-locations.be\/nl\/locations\/lyre-chauvet-intimidator-255\/","og_locale":"nl_NL","og_type":"article","og_title":"Lyre Chauvet Intimidator 255 | ML Locations","og_description":"La lyre Chauvet Intimidator en location est une lyre spot \u00e0 LED de 50W de la marque Chauvet, dot\u00e9e d\u2019un variateur \u00e9lectronique, d\u2019un prisme \u00e0 3 facettes et d\u2019un acc\u00e8s rapide pour changer les gobos.","og_url":"https:\/\/ml-locations.be\/nl\/locations\/lyre-chauvet-intimidator-255\/","og_site_name":"ML Locations","article_modified_time":"2017-05-16T10:05:45+00:00","og_image":[{"width":700,"height":1000,"url":"https:\/\/ml-locations.be\/wp-content\/uploads\/2017\/04\/Lyre-chauvet-intimidator.jpg","type":"image\/jpeg"}],"twitter_card":"summary_large_image","twitter_misc":{"Geschatte leestijd":"1 minuut"},"schema":{"@context":"https:\/\/schema.org","@graph":[{"@type":"WebPage","@id":"https:\/\/ml-locations.be\/nl\/locations\/lyre-chauvet-intimidator-255\/","url":"https:\/\/ml-locations.be\/nl\/locations\/lyre-chauvet-intimidator-255\/","name":"Lyre Chauvet Intimidator 255 | ML Locations","isPartOf":{"@id":"https:\/\/ml-locations.be\/nl\/#website"},"primaryImageOfPage":{"@id":"https:\/\/ml-locations.be\/nl\/locations\/lyre-chauvet-intimidator-255\/#primaryimage"},"image":{"@id":"https:\/\/ml-locations.be\/nl\/locations\/lyre-chauvet-intimidator-255\/#primaryimage"},"thumbnailUrl":"https:\/\/ml-locations.be\/wp-content\/uploads\/2017\/04\/Lyre-chauvet-intimidator.jpg","datePublished":"2017-04-11T12:33:42+00:00","dateModified":"2017-05-16T10:05:45+00:00","breadcrumb":{"@id":"https:\/\/ml-locations.be\/nl\/locations\/lyre-chauvet-intimidator-255\/#breadcrumb"},"inLanguage":"nl-NL","potentialAction":[{"@type":"ReadAction","target":["https:\/\/ml-locations.be\/nl\/locations\/lyre-chauvet-intimidator-255\/"]}]},{"@type":"ImageObject","inLanguage":"nl-NL","@id":"https:\/\/ml-locations.be\/nl\/locations\/lyre-chauvet-intimidator-255\/#primaryimage","url":"https:\/\/ml-locations.be\/wp-content\/uploads\/2017\/04\/Lyre-chauvet-intimidator.jpg","contentUrl":"https:\/\/ml-locations.be\/wp-content\/uploads\/2017\/04\/Lyre-chauvet-intimidator.jpg","width":700,"height":1000,"caption":"Lyre chauvet intimidator - \u00e9clairage et lumi\u00e8res en location"},{"@type":"BreadcrumbList","@id":"https:\/\/ml-locations.be\/nl\/locations\/lyre-chauvet-intimidator-255\/#breadcrumb","itemListElement":[{"@type":"ListItem","position":1,"name":"Accueil","item":"https:\/\/ml-locations.be\/nl\/"},{"@type":"ListItem","position":2,"name":"Winkel","item":"https:\/\/ml-locations.be\/nl\/winkel\/"},{"@type":"ListItem","position":3,"name":"Lyre Chauvet Intimidator 255"}]},{"@type":"WebSite","@id":"https:\/\/ml-locations.be\/nl\/#website","url":"https:\/\/ml-locations.be\/nl\/","name":"ML Locations","description":"Mat\u00e9riel \u00e9v\u00e9nementiel : location chaise, table et mange debout, mat\u00e9riel horeca, frigos,...","publisher":{"@id":"https:\/\/ml-locations.be\/nl\/#organization"},"potentialAction":[{"@type":"SearchAction","target":{"@type":"EntryPoint","urlTemplate":"https:\/\/ml-locations.be\/nl\/?s={search_term_string}"},"query-input":{"@type":"PropertyValueSpecification","valueRequired":true,"valueName":"search_term_string"}}],"inLanguage":"nl-NL"},{"@type":"Organization","@id":"https:\/\/ml-locations.be\/nl\/#organization","name":"ML Locations","url":"https:\/\/ml-locations.be\/nl\/","logo":{"@type":"ImageObject","inLanguage":"nl-NL","@id":"https:\/\/ml-locations.be\/nl\/#\/schema\/logo\/image\/","url":"https:\/\/ml-locations.be\/wp-content\/uploads\/2018\/05\/LOGO-location-BON.png","contentUrl":"https:\/\/ml-locations.be\/wp-content\/uploads\/2018\/05\/LOGO-location-BON.png","width":1200,"height":1200,"caption":"ML Locations"},"image":{"@id":"https:\/\/ml-locations.be\/nl\/#\/schema\/logo\/image\/"}}]}},"_links":{"self":[{"href":"https:\/\/ml-locations.be\/nl\/wp-json\/wp\/v2\/product\/1837","targetHints":{"allow":["GET"]}}],"collection":[{"href":"https:\/\/ml-locations.be\/nl\/wp-json\/wp\/v2\/product"}],"about":[{"href":"https:\/\/ml-locations.be\/nl\/wp-json\/wp\/v2\/types\/product"}],"wp:featuredmedia":[{"embeddable":true,"href":"https:\/\/ml-locations.be\/nl\/wp-json\/wp\/v2\/media\/2214"}],"wp:attachment":[{"href":"https:\/\/ml-locations.be\/nl\/wp-json\/wp\/v2\/media?parent=1837"}],"wp:term":[{"taxonomy":"product_brand","embeddable":true,"href":"https:\/\/ml-locations.be\/nl\/wp-json\/wp\/v2\/product_brand?post=1837"},{"taxonomy":"product_cat","embeddable":true,"href":"https:\/\/ml-locations.be\/nl\/wp-json\/wp\/v2\/product_cat?post=1837"},{"taxonomy":"product_tag","embeddable":true,"href":"https:\/\/ml-locations.be\/nl\/wp-json\/wp\/v2\/product_tag?post=1837"}],"curies":[{"name":"wp","href":"https:\/\/api.w.org\/{rel}","templated":true}]}}