{"id":1842,"date":"2017-04-11T14:33:42","date_gmt":"2017-04-11T12:33:42","guid":{"rendered":"https:\/\/www.ml-locations.be\/\/locations\/velum-pour-toiture-de-chapiteau\/"},"modified":"2022-09-14T08:05:26","modified_gmt":"2022-09-14T06:05:26","slug":"velum-pour-toiture-de-chapiteau","status":"publish","type":"product","link":"https:\/\/ml-locations.be\/nl\/locations\/velum-pour-toiture-de-chapiteau\/","title":{"rendered":"Velum pour toiture de chapiteau"},"content":{"rendered":"<p>Le velum est un tissu <strong>pour la d\u00e9coration int\u00e9rieure des chapiteaux et tentes de r\u00e9ception<\/strong>. Le velum est accroch\u00e9 et tendu pour habiller les murs ou le plafond de votre chapiteau. Il permet de cr\u00e9er une ambiance plus accueillante et plus classe pour votre \u00e9v\u00e9nement, que ce soit un mariage, un anniversaire, une conf\u00e9rence,\u2026 Il existe diff\u00e9rentes sortes de v\u00e9lums\u00a0:<\/p>\n<ul>\n<li><strong>Velum en tissu tendu<\/strong>\u00a0: souvent utilis\u00e9 pour l\u2019\u00e9v\u00e8nementiel (soir\u00e9e, \u2026)<\/li>\n<li><strong>Velum en tissu pliss\u00e9<\/strong>\u00a0: parfait pour les mariages, cocktails, r\u00e9ceptions priv\u00e9es<\/li>\n<\/ul>\n<p>Le velum <strong>permet d\u2019insonoriser et \u00e9galement d\u2019isoler votre chapiteau<\/strong> ou tente de r\u00e9ception. Les velums peuvent \u00eatre de couleur blanche, noire ou cr\u00e8me. Choisissez le velum qui vous plait et masquez la b\u00e2che du chapiteau en cr\u00e9ant une ambiance \u00e9l\u00e9gante et chic pour votre tente de r\u00e9ception. Vous pouvez \u00e9galement <a href=\"https:\/\/ml-locations.be\/locations\/plancher-chapiteau-prixm%c2%b2\/\"><strong>louer un plancher pour chapiteau<\/strong><\/a> ainsi que des <strong>jeux de cot\u00e9 transparents<\/strong> et\/ou des <strong>ch\u00e2ssis vitr\u00e9s<\/strong> afin d\u2019accentuer l\u2018effet classe et lounge de votre event.<\/p>\n","protected":false},"excerpt":{"rendered":"<p>Le <strong>velum<\/strong> est un tissu d\u00e9coratif que l\u2019on place dans des <strong>chapiteaux<\/strong> ou <strong>tentes de r\u00e9ception<\/strong>. Optez pour un velum dans votre chapiteau afin de rendre l\u2019ambiance de votre <strong>r\u00e9ception<\/strong> plus chaleureuse et \u00e9l\u00e9gante.<\/p>\n","protected":false},"featured_media":1992,"template":"","meta":{"_acf_changed":false},"product_brand":[],"product_cat":[37,68],"product_tag":[],"class_list":{"0":"post-1842","1":"product","2":"type-product","3":"status-publish","4":"has-post-thumbnail","6":"product_cat-chapiteau-tente-de-reception-louer","7":"product_cat-chapiteau-en-location","8":"description-off","10":"first","11":"instock","12":"taxable","13":"shipping-taxable","14":"purchasable","15":"product-type-simple"},"acf":[],"yoast_head":"<!-- This site is optimized with the Yoast SEO plugin v25.0 - https:\/\/yoast.com\/wordpress\/plugins\/seo\/ -->\n<title>Velum pour toiture de chapiteau | ML Locations<\/title>\n<meta name=\"robots\" content=\"index, follow, max-snippet:-1, max-image-preview:large, max-video-preview:-1\" \/>\n<link rel=\"canonical\" href=\"https:\/\/ml-locations.be\/nl\/locations\/velum-pour-toiture-de-chapiteau\/\" \/>\n<meta property=\"og:locale\" content=\"nl_NL\" \/>\n<meta property=\"og:type\" content=\"article\" \/>\n<meta property=\"og:title\" content=\"Velum pour toiture de chapiteau | ML Locations\" \/>\n<meta property=\"og:description\" content=\"Le velum est un tissu d\u00e9coratif que l\u2019on place dans des chapiteaux ou tentes de r\u00e9ception. Optez pour un velum dans votre chapiteau afin de rendre l\u2019ambiance de votre r\u00e9ception plus chaleureuse et \u00e9l\u00e9gante.\" \/>\n<meta property=\"og:url\" content=\"https:\/\/ml-locations.be\/nl\/locations\/velum-pour-toiture-de-chapiteau\/\" \/>\n<meta property=\"og:site_name\" content=\"ML Locations\" \/>\n<meta property=\"article:modified_time\" content=\"2022-09-14T06:05:26+00:00\" \/>\n<meta property=\"og:image\" content=\"https:\/\/ml-locations.be\/wp-content\/uploads\/2017\/04\/Velum.jpg\" \/>\n\t<meta property=\"og:image:width\" content=\"1000\" \/>\n\t<meta property=\"og:image:height\" content=\"1002\" \/>\n\t<meta property=\"og:image:type\" content=\"image\/jpeg\" \/>\n<meta name=\"twitter:card\" content=\"summary_large_image\" \/>\n<meta name=\"twitter:label1\" content=\"Geschatte leestijd\" \/>\n\t<meta name=\"twitter:data1\" content=\"1 minuut\" \/>\n<script type=\"application\/ld+json\" class=\"yoast-schema-graph\">{\"@context\":\"https:\/\/schema.org\",\"@graph\":[{\"@type\":\"WebPage\",\"@id\":\"https:\/\/ml-locations.be\/nl\/locations\/velum-pour-toiture-de-chapiteau\/\",\"url\":\"https:\/\/ml-locations.be\/nl\/locations\/velum-pour-toiture-de-chapiteau\/\",\"name\":\"Velum pour toiture de chapiteau | ML Locations\",\"isPartOf\":{\"@id\":\"https:\/\/ml-locations.be\/nl\/#website\"},\"primaryImageOfPage\":{\"@id\":\"https:\/\/ml-locations.be\/nl\/locations\/velum-pour-toiture-de-chapiteau\/#primaryimage\"},\"image\":{\"@id\":\"https:\/\/ml-locations.be\/nl\/locations\/velum-pour-toiture-de-chapiteau\/#primaryimage\"},\"thumbnailUrl\":\"https:\/\/ml-locations.be\/wp-content\/uploads\/2017\/04\/Velum.jpg\",\"datePublished\":\"2017-04-11T12:33:42+00:00\",\"dateModified\":\"2022-09-14T06:05:26+00:00\",\"breadcrumb\":{\"@id\":\"https:\/\/ml-locations.be\/nl\/locations\/velum-pour-toiture-de-chapiteau\/#breadcrumb\"},\"inLanguage\":\"nl-NL\",\"potentialAction\":[{\"@type\":\"ReadAction\",\"target\":[\"https:\/\/ml-locations.be\/nl\/locations\/velum-pour-toiture-de-chapiteau\/\"]}]},{\"@type\":\"ImageObject\",\"inLanguage\":\"nl-NL\",\"@id\":\"https:\/\/ml-locations.be\/nl\/locations\/velum-pour-toiture-de-chapiteau\/#primaryimage\",\"url\":\"https:\/\/ml-locations.be\/wp-content\/uploads\/2017\/04\/Velum.jpg\",\"contentUrl\":\"https:\/\/ml-locations.be\/wp-content\/uploads\/2017\/04\/Velum.jpg\",\"width\":1000,\"height\":1002,\"caption\":\"Velum chapiteau - location chapiteau\"},{\"@type\":\"BreadcrumbList\",\"@id\":\"https:\/\/ml-locations.be\/nl\/locations\/velum-pour-toiture-de-chapiteau\/#breadcrumb\",\"itemListElement\":[{\"@type\":\"ListItem\",\"position\":1,\"name\":\"Accueil\",\"item\":\"https:\/\/ml-locations.be\/nl\/\"},{\"@type\":\"ListItem\",\"position\":2,\"name\":\"Winkel\",\"item\":\"https:\/\/ml-locations.be\/nl\/winkel\/\"},{\"@type\":\"ListItem\",\"position\":3,\"name\":\"Velum pour toiture de chapiteau\"}]},{\"@type\":\"WebSite\",\"@id\":\"https:\/\/ml-locations.be\/nl\/#website\",\"url\":\"https:\/\/ml-locations.be\/nl\/\",\"name\":\"ML Locations\",\"description\":\"Mat\u00e9riel \u00e9v\u00e9nementiel : location chaise, table et mange debout, mat\u00e9riel horeca, frigos,...\",\"publisher\":{\"@id\":\"https:\/\/ml-locations.be\/nl\/#organization\"},\"potentialAction\":[{\"@type\":\"SearchAction\",\"target\":{\"@type\":\"EntryPoint\",\"urlTemplate\":\"https:\/\/ml-locations.be\/nl\/?s={search_term_string}\"},\"query-input\":{\"@type\":\"PropertyValueSpecification\",\"valueRequired\":true,\"valueName\":\"search_term_string\"}}],\"inLanguage\":\"nl-NL\"},{\"@type\":\"Organization\",\"@id\":\"https:\/\/ml-locations.be\/nl\/#organization\",\"name\":\"ML Locations\",\"url\":\"https:\/\/ml-locations.be\/nl\/\",\"logo\":{\"@type\":\"ImageObject\",\"inLanguage\":\"nl-NL\",\"@id\":\"https:\/\/ml-locations.be\/nl\/#\/schema\/logo\/image\/\",\"url\":\"https:\/\/ml-locations.be\/wp-content\/uploads\/2018\/05\/LOGO-location-BON.png\",\"contentUrl\":\"https:\/\/ml-locations.be\/wp-content\/uploads\/2018\/05\/LOGO-location-BON.png\",\"width\":1200,\"height\":1200,\"caption\":\"ML Locations\"},\"image\":{\"@id\":\"https:\/\/ml-locations.be\/nl\/#\/schema\/logo\/image\/\"}}]}<\/script>\n<!-- \/ Yoast SEO plugin. -->","yoast_head_json":{"title":"Velum pour toiture de chapiteau | ML Locations","robots":{"index":"index","follow":"follow","max-snippet":"max-snippet:-1","max-image-preview":"max-image-preview:large","max-video-preview":"max-video-preview:-1"},"canonical":"https:\/\/ml-locations.be\/nl\/locations\/velum-pour-toiture-de-chapiteau\/","og_locale":"nl_NL","og_type":"article","og_title":"Velum pour toiture de chapiteau | ML Locations","og_description":"Le velum est un tissu d\u00e9coratif que l\u2019on place dans des chapiteaux ou tentes de r\u00e9ception. Optez pour un velum dans votre chapiteau afin de rendre l\u2019ambiance de votre r\u00e9ception plus chaleureuse et \u00e9l\u00e9gante.","og_url":"https:\/\/ml-locations.be\/nl\/locations\/velum-pour-toiture-de-chapiteau\/","og_site_name":"ML Locations","article_modified_time":"2022-09-14T06:05:26+00:00","og_image":[{"width":1000,"height":1002,"url":"https:\/\/ml-locations.be\/wp-content\/uploads\/2017\/04\/Velum.jpg","type":"image\/jpeg"}],"twitter_card":"summary_large_image","twitter_misc":{"Geschatte leestijd":"1 minuut"},"schema":{"@context":"https:\/\/schema.org","@graph":[{"@type":"WebPage","@id":"https:\/\/ml-locations.be\/nl\/locations\/velum-pour-toiture-de-chapiteau\/","url":"https:\/\/ml-locations.be\/nl\/locations\/velum-pour-toiture-de-chapiteau\/","name":"Velum pour toiture de chapiteau | ML Locations","isPartOf":{"@id":"https:\/\/ml-locations.be\/nl\/#website"},"primaryImageOfPage":{"@id":"https:\/\/ml-locations.be\/nl\/locations\/velum-pour-toiture-de-chapiteau\/#primaryimage"},"image":{"@id":"https:\/\/ml-locations.be\/nl\/locations\/velum-pour-toiture-de-chapiteau\/#primaryimage"},"thumbnailUrl":"https:\/\/ml-locations.be\/wp-content\/uploads\/2017\/04\/Velum.jpg","datePublished":"2017-04-11T12:33:42+00:00","dateModified":"2022-09-14T06:05:26+00:00","breadcrumb":{"@id":"https:\/\/ml-locations.be\/nl\/locations\/velum-pour-toiture-de-chapiteau\/#breadcrumb"},"inLanguage":"nl-NL","potentialAction":[{"@type":"ReadAction","target":["https:\/\/ml-locations.be\/nl\/locations\/velum-pour-toiture-de-chapiteau\/"]}]},{"@type":"ImageObject","inLanguage":"nl-NL","@id":"https:\/\/ml-locations.be\/nl\/locations\/velum-pour-toiture-de-chapiteau\/#primaryimage","url":"https:\/\/ml-locations.be\/wp-content\/uploads\/2017\/04\/Velum.jpg","contentUrl":"https:\/\/ml-locations.be\/wp-content\/uploads\/2017\/04\/Velum.jpg","width":1000,"height":1002,"caption":"Velum chapiteau - location chapiteau"},{"@type":"BreadcrumbList","@id":"https:\/\/ml-locations.be\/nl\/locations\/velum-pour-toiture-de-chapiteau\/#breadcrumb","itemListElement":[{"@type":"ListItem","position":1,"name":"Accueil","item":"https:\/\/ml-locations.be\/nl\/"},{"@type":"ListItem","position":2,"name":"Winkel","item":"https:\/\/ml-locations.be\/nl\/winkel\/"},{"@type":"ListItem","position":3,"name":"Velum pour toiture de chapiteau"}]},{"@type":"WebSite","@id":"https:\/\/ml-locations.be\/nl\/#website","url":"https:\/\/ml-locations.be\/nl\/","name":"ML Locations","description":"Mat\u00e9riel \u00e9v\u00e9nementiel : location chaise, table et mange debout, mat\u00e9riel horeca, frigos,...","publisher":{"@id":"https:\/\/ml-locations.be\/nl\/#organization"},"potentialAction":[{"@type":"SearchAction","target":{"@type":"EntryPoint","urlTemplate":"https:\/\/ml-locations.be\/nl\/?s={search_term_string}"},"query-input":{"@type":"PropertyValueSpecification","valueRequired":true,"valueName":"search_term_string"}}],"inLanguage":"nl-NL"},{"@type":"Organization","@id":"https:\/\/ml-locations.be\/nl\/#organization","name":"ML Locations","url":"https:\/\/ml-locations.be\/nl\/","logo":{"@type":"ImageObject","inLanguage":"nl-NL","@id":"https:\/\/ml-locations.be\/nl\/#\/schema\/logo\/image\/","url":"https:\/\/ml-locations.be\/wp-content\/uploads\/2018\/05\/LOGO-location-BON.png","contentUrl":"https:\/\/ml-locations.be\/wp-content\/uploads\/2018\/05\/LOGO-location-BON.png","width":1200,"height":1200,"caption":"ML Locations"},"image":{"@id":"https:\/\/ml-locations.be\/nl\/#\/schema\/logo\/image\/"}}]}},"_links":{"self":[{"href":"https:\/\/ml-locations.be\/nl\/wp-json\/wp\/v2\/product\/1842","targetHints":{"allow":["GET"]}}],"collection":[{"href":"https:\/\/ml-locations.be\/nl\/wp-json\/wp\/v2\/product"}],"about":[{"href":"https:\/\/ml-locations.be\/nl\/wp-json\/wp\/v2\/types\/product"}],"wp:featuredmedia":[{"embeddable":true,"href":"https:\/\/ml-locations.be\/nl\/wp-json\/wp\/v2\/media\/1992"}],"wp:attachment":[{"href":"https:\/\/ml-locations.be\/nl\/wp-json\/wp\/v2\/media?parent=1842"}],"wp:term":[{"taxonomy":"product_brand","embeddable":true,"href":"https:\/\/ml-locations.be\/nl\/wp-json\/wp\/v2\/product_brand?post=1842"},{"taxonomy":"product_cat","embeddable":true,"href":"https:\/\/ml-locations.be\/nl\/wp-json\/wp\/v2\/product_cat?post=1842"},{"taxonomy":"product_tag","embeddable":true,"href":"https:\/\/ml-locations.be\/nl\/wp-json\/wp\/v2\/product_tag?post=1842"}],"curies":[{"name":"wp","href":"https:\/\/api.w.org\/{rel}","templated":true}]}}