{"id":19635,"date":"2019-10-16T17:42:21","date_gmt":"2019-10-16T15:42:21","guid":{"rendered":"https:\/\/www.ml-locations.be\/?post_type=product&#038;p=19635"},"modified":"2019-10-16T17:42:22","modified_gmt":"2019-10-16T15:42:22","slug":"location-planche-a-decouper-polyethylene-blanc","status":"publish","type":"product","link":"https:\/\/ml-locations.be\/nl\/locations\/location-planche-a-decouper-polyethylene-blanc\/","title":{"rendered":"Planche \u00e0 d\u00e9couper avec rainures 40x25cm hauteur 2cm"},"content":{"rendered":"<h2>Planche \u00e0 d\u00e9couper avec rainures 40x25cm hauteur 2cm<\/h2>\n<p>Ces planches \u00e0 d\u00e9couper son r\u00e9sistantes et durables. Elles sont fabriqu\u00e9es dans une mati\u00e8re appel\u00e9e &#8220;poly\u00e9thyl\u00e8ne&#8221;, un mat\u00e9riau de haute qualit\u00e9. Ces planches \u00e0 d\u00e9couper poss\u00e8dent des rainures pour r\u00e9cup\u00e9rer les liquides. Elles sont non absorbantes, ne gardent pas les odeurs, sont non toxiques et garantissent une bonne hygi\u00e8ne.<\/p>\n<p>Cette planche \u00e0 d\u00e9couper est particuli\u00e8rement adapt\u00e9e \u00e0 un usage professionnel pour les m\u00e9tiers de l&#8217;horeca, en cuisine, ou pour le d\u00e9coupage du pain. Le mat\u00e9riau utilis\u00e9 n&#8217;absorbe aucun jus de viande et r\u00e9siste au four \u00e0 micro-ondes et au lave-vaisselle. La planche est rainur\u00e9e de sorte \u00e0 absorber l&#8217;exc\u00e9dent de jus et autres liquides.<\/p>\n<p><strong>Dimensions de la planche \u00e0 d\u00e9couper :\u00a0<\/strong><\/p>\n<ul>\n<li>Largeur : 25 cm<\/li>\n<li>Longueur : 40 cm<\/li>\n<li>Hauteur : 2 cm<\/li>\n<\/ul>\n","protected":false},"excerpt":{"rendered":"<p>Planche \u00e0 d\u00e9couper en poly\u00e9thyl\u00e8ne avec rainures 40x25cm (hauteur : 2cm)<\/p>\n","protected":false},"featured_media":19638,"template":"","meta":{"_acf_changed":false},"product_brand":[],"product_cat":[29,34],"product_tag":[214],"class_list":{"0":"post-19635","1":"product","2":"type-product","3":"status-publish","4":"has-post-thumbnail","6":"product_cat-materiel-horeca-en-location","7":"product_cat-location-materiel-cuisine-et-buffet","8":"product_tag-location-materiel-banquet","9":"description-off","11":"first","12":"instock","13":"taxable","14":"shipping-taxable","15":"purchasable","16":"product-type-simple"},"acf":[],"yoast_head":"<!-- This site is optimized with the Yoast SEO plugin v25.0 - https:\/\/yoast.com\/wordpress\/plugins\/seo\/ -->\n<title>Planche \u00e0 d\u00e9couper blanche avec rainues 40x25cm | ML Locations<\/title>\n<meta name=\"description\" content=\"Planche \u00e0 d\u00e9couper en poly\u00e9thyl\u00e8ne en location pour horeca, traiteurs, banquets,... D\u00e9couvrez tout le mat\u00e9riel horeca en location sur notre site.\" \/>\n<meta name=\"robots\" content=\"index, follow, max-snippet:-1, max-image-preview:large, max-video-preview:-1\" \/>\n<link rel=\"canonical\" href=\"https:\/\/ml-locations.be\/nl\/locations\/location-planche-a-decouper-polyethylene-blanc\/\" \/>\n<meta property=\"og:locale\" content=\"nl_NL\" \/>\n<meta property=\"og:type\" content=\"article\" \/>\n<meta property=\"og:title\" content=\"Planche \u00e0 d\u00e9couper blanche avec rainues 40x25cm | ML Locations\" \/>\n<meta property=\"og:description\" content=\"Planche \u00e0 d\u00e9couper en poly\u00e9thyl\u00e8ne en location pour horeca, traiteurs, banquets,... D\u00e9couvrez tout le mat\u00e9riel horeca en location sur notre site.\" \/>\n<meta property=\"og:url\" content=\"https:\/\/ml-locations.be\/nl\/locations\/location-planche-a-decouper-polyethylene-blanc\/\" \/>\n<meta property=\"og:site_name\" content=\"ML Locations\" \/>\n<meta property=\"article:modified_time\" content=\"2019-10-16T15:42:22+00:00\" \/>\n<meta property=\"og:image\" content=\"https:\/\/ml-locations.be\/wp-content\/uploads\/2019\/10\/Planche-a-decouper-25x40cm.jpg\" \/>\n\t<meta property=\"og:image:width\" content=\"500\" \/>\n\t<meta property=\"og:image:height\" content=\"318\" \/>\n\t<meta property=\"og:image:type\" content=\"image\/jpeg\" \/>\n<meta name=\"twitter:card\" content=\"summary_large_image\" \/>\n<meta name=\"twitter:label1\" content=\"Geschatte leestijd\" \/>\n\t<meta name=\"twitter:data1\" content=\"1 minuut\" \/>\n<script type=\"application\/ld+json\" class=\"yoast-schema-graph\">{\"@context\":\"https:\/\/schema.org\",\"@graph\":[{\"@type\":\"WebPage\",\"@id\":\"https:\/\/ml-locations.be\/nl\/locations\/location-planche-a-decouper-polyethylene-blanc\/\",\"url\":\"https:\/\/ml-locations.be\/nl\/locations\/location-planche-a-decouper-polyethylene-blanc\/\",\"name\":\"Planche \u00e0 d\u00e9couper blanche avec rainues 40x25cm | ML Locations\",\"isPartOf\":{\"@id\":\"https:\/\/ml-locations.be\/nl\/#website\"},\"primaryImageOfPage\":{\"@id\":\"https:\/\/ml-locations.be\/nl\/locations\/location-planche-a-decouper-polyethylene-blanc\/#primaryimage\"},\"image\":{\"@id\":\"https:\/\/ml-locations.be\/nl\/locations\/location-planche-a-decouper-polyethylene-blanc\/#primaryimage\"},\"thumbnailUrl\":\"https:\/\/ml-locations.be\/wp-content\/uploads\/2019\/10\/Planche-a-decouper-25x40cm.jpg\",\"datePublished\":\"2019-10-16T15:42:21+00:00\",\"dateModified\":\"2019-10-16T15:42:22+00:00\",\"description\":\"Planche \u00e0 d\u00e9couper en poly\u00e9thyl\u00e8ne en location pour horeca, traiteurs, banquets,... D\u00e9couvrez tout le mat\u00e9riel horeca en location sur notre site.\",\"breadcrumb\":{\"@id\":\"https:\/\/ml-locations.be\/nl\/locations\/location-planche-a-decouper-polyethylene-blanc\/#breadcrumb\"},\"inLanguage\":\"nl-NL\",\"potentialAction\":[{\"@type\":\"ReadAction\",\"target\":[\"https:\/\/ml-locations.be\/nl\/locations\/location-planche-a-decouper-polyethylene-blanc\/\"]}]},{\"@type\":\"ImageObject\",\"inLanguage\":\"nl-NL\",\"@id\":\"https:\/\/ml-locations.be\/nl\/locations\/location-planche-a-decouper-polyethylene-blanc\/#primaryimage\",\"url\":\"https:\/\/ml-locations.be\/wp-content\/uploads\/2019\/10\/Planche-a-decouper-25x40cm.jpg\",\"contentUrl\":\"https:\/\/ml-locations.be\/wp-content\/uploads\/2019\/10\/Planche-a-decouper-25x40cm.jpg\",\"width\":500,\"height\":318,\"caption\":\"Planche a decouper en polyethylene blanc, avec rainures 25x40cm\"},{\"@type\":\"BreadcrumbList\",\"@id\":\"https:\/\/ml-locations.be\/nl\/locations\/location-planche-a-decouper-polyethylene-blanc\/#breadcrumb\",\"itemListElement\":[{\"@type\":\"ListItem\",\"position\":1,\"name\":\"Accueil\",\"item\":\"https:\/\/ml-locations.be\/nl\/\"},{\"@type\":\"ListItem\",\"position\":2,\"name\":\"Winkel\",\"item\":\"https:\/\/ml-locations.be\/nl\/winkel\/\"},{\"@type\":\"ListItem\",\"position\":3,\"name\":\"Planche \u00e0 d\u00e9couper avec rainures 40x25cm hauteur 2cm\"}]},{\"@type\":\"WebSite\",\"@id\":\"https:\/\/ml-locations.be\/nl\/#website\",\"url\":\"https:\/\/ml-locations.be\/nl\/\",\"name\":\"ML Locations\",\"description\":\"Mat\u00e9riel \u00e9v\u00e9nementiel : location chaise, table et mange debout, mat\u00e9riel horeca, frigos,...\",\"publisher\":{\"@id\":\"https:\/\/ml-locations.be\/nl\/#organization\"},\"potentialAction\":[{\"@type\":\"SearchAction\",\"target\":{\"@type\":\"EntryPoint\",\"urlTemplate\":\"https:\/\/ml-locations.be\/nl\/?s={search_term_string}\"},\"query-input\":{\"@type\":\"PropertyValueSpecification\",\"valueRequired\":true,\"valueName\":\"search_term_string\"}}],\"inLanguage\":\"nl-NL\"},{\"@type\":\"Organization\",\"@id\":\"https:\/\/ml-locations.be\/nl\/#organization\",\"name\":\"ML Locations\",\"url\":\"https:\/\/ml-locations.be\/nl\/\",\"logo\":{\"@type\":\"ImageObject\",\"inLanguage\":\"nl-NL\",\"@id\":\"https:\/\/ml-locations.be\/nl\/#\/schema\/logo\/image\/\",\"url\":\"https:\/\/ml-locations.be\/wp-content\/uploads\/2018\/05\/LOGO-location-BON.png\",\"contentUrl\":\"https:\/\/ml-locations.be\/wp-content\/uploads\/2018\/05\/LOGO-location-BON.png\",\"width\":1200,\"height\":1200,\"caption\":\"ML Locations\"},\"image\":{\"@id\":\"https:\/\/ml-locations.be\/nl\/#\/schema\/logo\/image\/\"}}]}<\/script>\n<!-- \/ Yoast SEO plugin. -->","yoast_head_json":{"title":"Planche \u00e0 d\u00e9couper blanche avec rainues 40x25cm | ML Locations","description":"Planche \u00e0 d\u00e9couper en poly\u00e9thyl\u00e8ne en location pour horeca, traiteurs, banquets,... D\u00e9couvrez tout le mat\u00e9riel horeca en location sur notre site.","robots":{"index":"index","follow":"follow","max-snippet":"max-snippet:-1","max-image-preview":"max-image-preview:large","max-video-preview":"max-video-preview:-1"},"canonical":"https:\/\/ml-locations.be\/nl\/locations\/location-planche-a-decouper-polyethylene-blanc\/","og_locale":"nl_NL","og_type":"article","og_title":"Planche \u00e0 d\u00e9couper blanche avec rainues 40x25cm | ML Locations","og_description":"Planche \u00e0 d\u00e9couper en poly\u00e9thyl\u00e8ne en location pour horeca, traiteurs, banquets,... D\u00e9couvrez tout le mat\u00e9riel horeca en location sur notre site.","og_url":"https:\/\/ml-locations.be\/nl\/locations\/location-planche-a-decouper-polyethylene-blanc\/","og_site_name":"ML Locations","article_modified_time":"2019-10-16T15:42:22+00:00","og_image":[{"width":500,"height":318,"url":"https:\/\/ml-locations.be\/wp-content\/uploads\/2019\/10\/Planche-a-decouper-25x40cm.jpg","type":"image\/jpeg"}],"twitter_card":"summary_large_image","twitter_misc":{"Geschatte leestijd":"1 minuut"},"schema":{"@context":"https:\/\/schema.org","@graph":[{"@type":"WebPage","@id":"https:\/\/ml-locations.be\/nl\/locations\/location-planche-a-decouper-polyethylene-blanc\/","url":"https:\/\/ml-locations.be\/nl\/locations\/location-planche-a-decouper-polyethylene-blanc\/","name":"Planche \u00e0 d\u00e9couper blanche avec rainues 40x25cm | ML Locations","isPartOf":{"@id":"https:\/\/ml-locations.be\/nl\/#website"},"primaryImageOfPage":{"@id":"https:\/\/ml-locations.be\/nl\/locations\/location-planche-a-decouper-polyethylene-blanc\/#primaryimage"},"image":{"@id":"https:\/\/ml-locations.be\/nl\/locations\/location-planche-a-decouper-polyethylene-blanc\/#primaryimage"},"thumbnailUrl":"https:\/\/ml-locations.be\/wp-content\/uploads\/2019\/10\/Planche-a-decouper-25x40cm.jpg","datePublished":"2019-10-16T15:42:21+00:00","dateModified":"2019-10-16T15:42:22+00:00","description":"Planche \u00e0 d\u00e9couper en poly\u00e9thyl\u00e8ne en location pour horeca, traiteurs, banquets,... D\u00e9couvrez tout le mat\u00e9riel horeca en location sur notre site.","breadcrumb":{"@id":"https:\/\/ml-locations.be\/nl\/locations\/location-planche-a-decouper-polyethylene-blanc\/#breadcrumb"},"inLanguage":"nl-NL","potentialAction":[{"@type":"ReadAction","target":["https:\/\/ml-locations.be\/nl\/locations\/location-planche-a-decouper-polyethylene-blanc\/"]}]},{"@type":"ImageObject","inLanguage":"nl-NL","@id":"https:\/\/ml-locations.be\/nl\/locations\/location-planche-a-decouper-polyethylene-blanc\/#primaryimage","url":"https:\/\/ml-locations.be\/wp-content\/uploads\/2019\/10\/Planche-a-decouper-25x40cm.jpg","contentUrl":"https:\/\/ml-locations.be\/wp-content\/uploads\/2019\/10\/Planche-a-decouper-25x40cm.jpg","width":500,"height":318,"caption":"Planche a decouper en polyethylene blanc, avec rainures 25x40cm"},{"@type":"BreadcrumbList","@id":"https:\/\/ml-locations.be\/nl\/locations\/location-planche-a-decouper-polyethylene-blanc\/#breadcrumb","itemListElement":[{"@type":"ListItem","position":1,"name":"Accueil","item":"https:\/\/ml-locations.be\/nl\/"},{"@type":"ListItem","position":2,"name":"Winkel","item":"https:\/\/ml-locations.be\/nl\/winkel\/"},{"@type":"ListItem","position":3,"name":"Planche \u00e0 d\u00e9couper avec rainures 40x25cm hauteur 2cm"}]},{"@type":"WebSite","@id":"https:\/\/ml-locations.be\/nl\/#website","url":"https:\/\/ml-locations.be\/nl\/","name":"ML Locations","description":"Mat\u00e9riel \u00e9v\u00e9nementiel : location chaise, table et mange debout, mat\u00e9riel horeca, frigos,...","publisher":{"@id":"https:\/\/ml-locations.be\/nl\/#organization"},"potentialAction":[{"@type":"SearchAction","target":{"@type":"EntryPoint","urlTemplate":"https:\/\/ml-locations.be\/nl\/?s={search_term_string}"},"query-input":{"@type":"PropertyValueSpecification","valueRequired":true,"valueName":"search_term_string"}}],"inLanguage":"nl-NL"},{"@type":"Organization","@id":"https:\/\/ml-locations.be\/nl\/#organization","name":"ML Locations","url":"https:\/\/ml-locations.be\/nl\/","logo":{"@type":"ImageObject","inLanguage":"nl-NL","@id":"https:\/\/ml-locations.be\/nl\/#\/schema\/logo\/image\/","url":"https:\/\/ml-locations.be\/wp-content\/uploads\/2018\/05\/LOGO-location-BON.png","contentUrl":"https:\/\/ml-locations.be\/wp-content\/uploads\/2018\/05\/LOGO-location-BON.png","width":1200,"height":1200,"caption":"ML Locations"},"image":{"@id":"https:\/\/ml-locations.be\/nl\/#\/schema\/logo\/image\/"}}]}},"_links":{"self":[{"href":"https:\/\/ml-locations.be\/nl\/wp-json\/wp\/v2\/product\/19635","targetHints":{"allow":["GET"]}}],"collection":[{"href":"https:\/\/ml-locations.be\/nl\/wp-json\/wp\/v2\/product"}],"about":[{"href":"https:\/\/ml-locations.be\/nl\/wp-json\/wp\/v2\/types\/product"}],"wp:featuredmedia":[{"embeddable":true,"href":"https:\/\/ml-locations.be\/nl\/wp-json\/wp\/v2\/media\/19638"}],"wp:attachment":[{"href":"https:\/\/ml-locations.be\/nl\/wp-json\/wp\/v2\/media?parent=19635"}],"wp:term":[{"taxonomy":"product_brand","embeddable":true,"href":"https:\/\/ml-locations.be\/nl\/wp-json\/wp\/v2\/product_brand?post=19635"},{"taxonomy":"product_cat","embeddable":true,"href":"https:\/\/ml-locations.be\/nl\/wp-json\/wp\/v2\/product_cat?post=19635"},{"taxonomy":"product_tag","embeddable":true,"href":"https:\/\/ml-locations.be\/nl\/wp-json\/wp\/v2\/product_tag?post=19635"}],"curies":[{"name":"wp","href":"https:\/\/api.w.org\/{rel}","templated":true}]}}