{"id":20086,"date":"2019-10-21T18:46:35","date_gmt":"2019-10-21T16:46:35","guid":{"rendered":"https:\/\/www.ml-locations.be\/?post_type=product&#038;p=20086"},"modified":"2019-10-21T18:51:51","modified_gmt":"2019-10-21T16:51:51","slug":"location-poele-anti-adhesive-28-cm-pour-taque-induction","status":"publish","type":"product","link":"https:\/\/ml-locations.be\/nl\/locations\/location-poele-anti-adhesive-28-cm-pour-taque-induction\/","title":{"rendered":"Po\u00eale anti adh\u00e9sive 28 cm pour taque induction"},"content":{"rendered":"<h2>Po\u00eale Natura 28 cm pour taque \u00e0 induction<\/h2>\n<div>Cette <strong>po\u00eale en location Natura 28 cm<\/strong> est con\u00e7ue sp\u00e9cialement pour la <strong>cuisson sur taques \u00e0 inductions<\/strong> (d\u00e9couvrez nos <a href=\"https:\/\/ml-locations.be\/locations\/location-cuiseur-induction-taque-cuisson\/\">taques \u00e0 inductions en location<\/a>). Elle est compos\u00e9e d&#8217;un <strong>corps en aluminium<\/strong> robuste et recouverte d&#8217;une <strong>finition &#8220;Natura&#8221; fa\u00e7on pierre naturelle totalement anti adh\u00e9sive<\/strong>. Ce rev\u00eatement assure une cuisson facile et un nettoyage tr\u00e8s simple. Le manche est en bak\u00e9lite noir.<\/div>\n<div><\/div>\n<h2>Caract\u00e9ristique po\u00eale \u00e0 induction 28 cm :<\/h2>\n<ul>\n<li>Type : po\u00eale sauteuse<\/li>\n<li>DImensions : 28 cm<\/li>\n<li>Mati\u00e8re : aluminium<\/li>\n<li>Rev\u00eatement &#8220;Natura&#8221; anti adh\u00e9sif (finition pierre)<\/li>\n<li>Antiadh\u00e9sive<\/li>\n<li>Tout modes de cuisson (sp\u00e9ciale induction)<\/li>\n<\/ul>\n","protected":false},"excerpt":{"rendered":"<p><strong>Po\u00eale 28 cm &#8220;Natura&#8221;<\/strong>\u00a0: rev\u00eatement anti adh\u00e9sif, sp\u00e9ciale pour taque \u00e0 induction<\/p>\n","protected":false},"featured_media":19642,"template":"","meta":{"_acf_changed":false},"product_brand":[],"product_cat":[29,34],"product_tag":[214],"class_list":{"0":"post-20086","1":"product","2":"type-product","3":"status-publish","4":"has-post-thumbnail","6":"product_cat-materiel-horeca-en-location","7":"product_cat-location-materiel-cuisine-et-buffet","8":"product_tag-location-materiel-banquet","9":"description-off","11":"first","12":"instock","13":"taxable","14":"shipping-taxable","15":"purchasable","16":"product-type-simple"},"acf":[],"yoast_head":"<!-- This site is optimized with the Yoast SEO plugin v25.0 - https:\/\/yoast.com\/wordpress\/plugins\/seo\/ -->\n<title>Po\u00eale 28 cm pour taque \u00e0 induction en location | ML Locations<\/title>\n<meta name=\"description\" content=\"Po\u00eale avec rev\u00eatement anti adh\u00e9sif : taille 28 cm, finition pierre, anti adh\u00e9sive. D\u00e9couvrez tous le mat\u00e9riel de location pour cuisine et horeca\" \/>\n<meta name=\"robots\" content=\"index, follow, max-snippet:-1, max-image-preview:large, max-video-preview:-1\" \/>\n<link rel=\"canonical\" href=\"https:\/\/ml-locations.be\/nl\/locations\/location-poele-anti-adhesive-28-cm-pour-taque-induction\/\" \/>\n<meta property=\"og:locale\" content=\"nl_NL\" \/>\n<meta property=\"og:type\" content=\"article\" \/>\n<meta property=\"og:title\" content=\"Po\u00eale 28 cm pour taque \u00e0 induction en location | ML Locations\" \/>\n<meta property=\"og:description\" content=\"Po\u00eale avec rev\u00eatement anti adh\u00e9sif : taille 28 cm, finition pierre, anti adh\u00e9sive. D\u00e9couvrez tous le mat\u00e9riel de location pour cuisine et horeca\" \/>\n<meta property=\"og:url\" content=\"https:\/\/ml-locations.be\/nl\/locations\/location-poele-anti-adhesive-28-cm-pour-taque-induction\/\" \/>\n<meta property=\"og:site_name\" content=\"ML Locations\" \/>\n<meta property=\"article:modified_time\" content=\"2019-10-21T16:51:51+00:00\" \/>\n<meta property=\"og:image\" content=\"https:\/\/ml-locations.be\/wp-content\/uploads\/2019\/10\/Location-poele-induction-natura-24-cm-aluminium.jpg\" \/>\n\t<meta property=\"og:image:width\" content=\"700\" \/>\n\t<meta property=\"og:image:height\" content=\"700\" \/>\n\t<meta property=\"og:image:type\" content=\"image\/jpeg\" \/>\n<meta name=\"twitter:card\" content=\"summary_large_image\" \/>\n<meta name=\"twitter:label1\" content=\"Geschatte leestijd\" \/>\n\t<meta name=\"twitter:data1\" content=\"1 minuut\" \/>\n<script type=\"application\/ld+json\" class=\"yoast-schema-graph\">{\"@context\":\"https:\/\/schema.org\",\"@graph\":[{\"@type\":\"WebPage\",\"@id\":\"https:\/\/ml-locations.be\/nl\/locations\/location-poele-anti-adhesive-28-cm-pour-taque-induction\/\",\"url\":\"https:\/\/ml-locations.be\/nl\/locations\/location-poele-anti-adhesive-28-cm-pour-taque-induction\/\",\"name\":\"Po\u00eale 28 cm pour taque \u00e0 induction en location | ML Locations\",\"isPartOf\":{\"@id\":\"https:\/\/ml-locations.be\/nl\/#website\"},\"primaryImageOfPage\":{\"@id\":\"https:\/\/ml-locations.be\/nl\/locations\/location-poele-anti-adhesive-28-cm-pour-taque-induction\/#primaryimage\"},\"image\":{\"@id\":\"https:\/\/ml-locations.be\/nl\/locations\/location-poele-anti-adhesive-28-cm-pour-taque-induction\/#primaryimage\"},\"thumbnailUrl\":\"https:\/\/ml-locations.be\/wp-content\/uploads\/2019\/10\/Location-poele-induction-natura-24-cm-aluminium.jpg\",\"datePublished\":\"2019-10-21T16:46:35+00:00\",\"dateModified\":\"2019-10-21T16:51:51+00:00\",\"description\":\"Po\u00eale avec rev\u00eatement anti adh\u00e9sif : taille 28 cm, finition pierre, anti adh\u00e9sive. D\u00e9couvrez tous le mat\u00e9riel de location pour cuisine et horeca\",\"breadcrumb\":{\"@id\":\"https:\/\/ml-locations.be\/nl\/locations\/location-poele-anti-adhesive-28-cm-pour-taque-induction\/#breadcrumb\"},\"inLanguage\":\"nl-NL\",\"potentialAction\":[{\"@type\":\"ReadAction\",\"target\":[\"https:\/\/ml-locations.be\/nl\/locations\/location-poele-anti-adhesive-28-cm-pour-taque-induction\/\"]}]},{\"@type\":\"ImageObject\",\"inLanguage\":\"nl-NL\",\"@id\":\"https:\/\/ml-locations.be\/nl\/locations\/location-poele-anti-adhesive-28-cm-pour-taque-induction\/#primaryimage\",\"url\":\"https:\/\/ml-locations.be\/wp-content\/uploads\/2019\/10\/Location-poele-induction-natura-24-cm-aluminium.jpg\",\"contentUrl\":\"https:\/\/ml-locations.be\/wp-content\/uploads\/2019\/10\/Location-poele-induction-natura-24-cm-aluminium.jpg\",\"width\":700,\"height\":700,\"caption\":\"Location poele \\\"natura\\\" pour taque \u00e0 induction, finition pierre, rev\u00eatement anti adh\u00e9sif\"},{\"@type\":\"BreadcrumbList\",\"@id\":\"https:\/\/ml-locations.be\/nl\/locations\/location-poele-anti-adhesive-28-cm-pour-taque-induction\/#breadcrumb\",\"itemListElement\":[{\"@type\":\"ListItem\",\"position\":1,\"name\":\"Accueil\",\"item\":\"https:\/\/ml-locations.be\/nl\/\"},{\"@type\":\"ListItem\",\"position\":2,\"name\":\"Winkel\",\"item\":\"https:\/\/ml-locations.be\/nl\/winkel\/\"},{\"@type\":\"ListItem\",\"position\":3,\"name\":\"Po\u00eale anti adh\u00e9sive 28 cm pour taque induction\"}]},{\"@type\":\"WebSite\",\"@id\":\"https:\/\/ml-locations.be\/nl\/#website\",\"url\":\"https:\/\/ml-locations.be\/nl\/\",\"name\":\"ML Locations\",\"description\":\"Mat\u00e9riel \u00e9v\u00e9nementiel : location chaise, table et mange debout, mat\u00e9riel horeca, frigos,...\",\"publisher\":{\"@id\":\"https:\/\/ml-locations.be\/nl\/#organization\"},\"potentialAction\":[{\"@type\":\"SearchAction\",\"target\":{\"@type\":\"EntryPoint\",\"urlTemplate\":\"https:\/\/ml-locations.be\/nl\/?s={search_term_string}\"},\"query-input\":{\"@type\":\"PropertyValueSpecification\",\"valueRequired\":true,\"valueName\":\"search_term_string\"}}],\"inLanguage\":\"nl-NL\"},{\"@type\":\"Organization\",\"@id\":\"https:\/\/ml-locations.be\/nl\/#organization\",\"name\":\"ML Locations\",\"url\":\"https:\/\/ml-locations.be\/nl\/\",\"logo\":{\"@type\":\"ImageObject\",\"inLanguage\":\"nl-NL\",\"@id\":\"https:\/\/ml-locations.be\/nl\/#\/schema\/logo\/image\/\",\"url\":\"https:\/\/ml-locations.be\/wp-content\/uploads\/2018\/05\/LOGO-location-BON.png\",\"contentUrl\":\"https:\/\/ml-locations.be\/wp-content\/uploads\/2018\/05\/LOGO-location-BON.png\",\"width\":1200,\"height\":1200,\"caption\":\"ML Locations\"},\"image\":{\"@id\":\"https:\/\/ml-locations.be\/nl\/#\/schema\/logo\/image\/\"}}]}<\/script>\n<!-- \/ Yoast SEO plugin. -->","yoast_head_json":{"title":"Po\u00eale 28 cm pour taque \u00e0 induction en location | ML Locations","description":"Po\u00eale avec rev\u00eatement anti adh\u00e9sif : taille 28 cm, finition pierre, anti adh\u00e9sive. D\u00e9couvrez tous le mat\u00e9riel de location pour cuisine et horeca","robots":{"index":"index","follow":"follow","max-snippet":"max-snippet:-1","max-image-preview":"max-image-preview:large","max-video-preview":"max-video-preview:-1"},"canonical":"https:\/\/ml-locations.be\/nl\/locations\/location-poele-anti-adhesive-28-cm-pour-taque-induction\/","og_locale":"nl_NL","og_type":"article","og_title":"Po\u00eale 28 cm pour taque \u00e0 induction en location | ML Locations","og_description":"Po\u00eale avec rev\u00eatement anti adh\u00e9sif : taille 28 cm, finition pierre, anti adh\u00e9sive. D\u00e9couvrez tous le mat\u00e9riel de location pour cuisine et horeca","og_url":"https:\/\/ml-locations.be\/nl\/locations\/location-poele-anti-adhesive-28-cm-pour-taque-induction\/","og_site_name":"ML Locations","article_modified_time":"2019-10-21T16:51:51+00:00","og_image":[{"width":700,"height":700,"url":"https:\/\/ml-locations.be\/wp-content\/uploads\/2019\/10\/Location-poele-induction-natura-24-cm-aluminium.jpg","type":"image\/jpeg"}],"twitter_card":"summary_large_image","twitter_misc":{"Geschatte leestijd":"1 minuut"},"schema":{"@context":"https:\/\/schema.org","@graph":[{"@type":"WebPage","@id":"https:\/\/ml-locations.be\/nl\/locations\/location-poele-anti-adhesive-28-cm-pour-taque-induction\/","url":"https:\/\/ml-locations.be\/nl\/locations\/location-poele-anti-adhesive-28-cm-pour-taque-induction\/","name":"Po\u00eale 28 cm pour taque \u00e0 induction en location | ML Locations","isPartOf":{"@id":"https:\/\/ml-locations.be\/nl\/#website"},"primaryImageOfPage":{"@id":"https:\/\/ml-locations.be\/nl\/locations\/location-poele-anti-adhesive-28-cm-pour-taque-induction\/#primaryimage"},"image":{"@id":"https:\/\/ml-locations.be\/nl\/locations\/location-poele-anti-adhesive-28-cm-pour-taque-induction\/#primaryimage"},"thumbnailUrl":"https:\/\/ml-locations.be\/wp-content\/uploads\/2019\/10\/Location-poele-induction-natura-24-cm-aluminium.jpg","datePublished":"2019-10-21T16:46:35+00:00","dateModified":"2019-10-21T16:51:51+00:00","description":"Po\u00eale avec rev\u00eatement anti adh\u00e9sif : taille 28 cm, finition pierre, anti adh\u00e9sive. D\u00e9couvrez tous le mat\u00e9riel de location pour cuisine et horeca","breadcrumb":{"@id":"https:\/\/ml-locations.be\/nl\/locations\/location-poele-anti-adhesive-28-cm-pour-taque-induction\/#breadcrumb"},"inLanguage":"nl-NL","potentialAction":[{"@type":"ReadAction","target":["https:\/\/ml-locations.be\/nl\/locations\/location-poele-anti-adhesive-28-cm-pour-taque-induction\/"]}]},{"@type":"ImageObject","inLanguage":"nl-NL","@id":"https:\/\/ml-locations.be\/nl\/locations\/location-poele-anti-adhesive-28-cm-pour-taque-induction\/#primaryimage","url":"https:\/\/ml-locations.be\/wp-content\/uploads\/2019\/10\/Location-poele-induction-natura-24-cm-aluminium.jpg","contentUrl":"https:\/\/ml-locations.be\/wp-content\/uploads\/2019\/10\/Location-poele-induction-natura-24-cm-aluminium.jpg","width":700,"height":700,"caption":"Location poele \"natura\" pour taque \u00e0 induction, finition pierre, rev\u00eatement anti adh\u00e9sif"},{"@type":"BreadcrumbList","@id":"https:\/\/ml-locations.be\/nl\/locations\/location-poele-anti-adhesive-28-cm-pour-taque-induction\/#breadcrumb","itemListElement":[{"@type":"ListItem","position":1,"name":"Accueil","item":"https:\/\/ml-locations.be\/nl\/"},{"@type":"ListItem","position":2,"name":"Winkel","item":"https:\/\/ml-locations.be\/nl\/winkel\/"},{"@type":"ListItem","position":3,"name":"Po\u00eale anti adh\u00e9sive 28 cm pour taque induction"}]},{"@type":"WebSite","@id":"https:\/\/ml-locations.be\/nl\/#website","url":"https:\/\/ml-locations.be\/nl\/","name":"ML Locations","description":"Mat\u00e9riel \u00e9v\u00e9nementiel : location chaise, table et mange debout, mat\u00e9riel horeca, frigos,...","publisher":{"@id":"https:\/\/ml-locations.be\/nl\/#organization"},"potentialAction":[{"@type":"SearchAction","target":{"@type":"EntryPoint","urlTemplate":"https:\/\/ml-locations.be\/nl\/?s={search_term_string}"},"query-input":{"@type":"PropertyValueSpecification","valueRequired":true,"valueName":"search_term_string"}}],"inLanguage":"nl-NL"},{"@type":"Organization","@id":"https:\/\/ml-locations.be\/nl\/#organization","name":"ML Locations","url":"https:\/\/ml-locations.be\/nl\/","logo":{"@type":"ImageObject","inLanguage":"nl-NL","@id":"https:\/\/ml-locations.be\/nl\/#\/schema\/logo\/image\/","url":"https:\/\/ml-locations.be\/wp-content\/uploads\/2018\/05\/LOGO-location-BON.png","contentUrl":"https:\/\/ml-locations.be\/wp-content\/uploads\/2018\/05\/LOGO-location-BON.png","width":1200,"height":1200,"caption":"ML Locations"},"image":{"@id":"https:\/\/ml-locations.be\/nl\/#\/schema\/logo\/image\/"}}]}},"_links":{"self":[{"href":"https:\/\/ml-locations.be\/nl\/wp-json\/wp\/v2\/product\/20086","targetHints":{"allow":["GET"]}}],"collection":[{"href":"https:\/\/ml-locations.be\/nl\/wp-json\/wp\/v2\/product"}],"about":[{"href":"https:\/\/ml-locations.be\/nl\/wp-json\/wp\/v2\/types\/product"}],"wp:featuredmedia":[{"embeddable":true,"href":"https:\/\/ml-locations.be\/nl\/wp-json\/wp\/v2\/media\/19642"}],"wp:attachment":[{"href":"https:\/\/ml-locations.be\/nl\/wp-json\/wp\/v2\/media?parent=20086"}],"wp:term":[{"taxonomy":"product_brand","embeddable":true,"href":"https:\/\/ml-locations.be\/nl\/wp-json\/wp\/v2\/product_brand?post=20086"},{"taxonomy":"product_cat","embeddable":true,"href":"https:\/\/ml-locations.be\/nl\/wp-json\/wp\/v2\/product_cat?post=20086"},{"taxonomy":"product_tag","embeddable":true,"href":"https:\/\/ml-locations.be\/nl\/wp-json\/wp\/v2\/product_tag?post=20086"}],"curies":[{"name":"wp","href":"https:\/\/api.w.org\/{rel}","templated":true}]}}