{"id":20088,"date":"2019-10-21T19:10:47","date_gmt":"2019-10-21T17:10:47","guid":{"rendered":"https:\/\/www.ml-locations.be\/?post_type=product&#038;p=20088"},"modified":"2019-10-21T19:10:48","modified_gmt":"2019-10-21T17:10:48","slug":"location-flipchart-tableau-magnetique","status":"publish","type":"product","link":"https:\/\/ml-locations.be\/nl\/locations\/location-flipchart-tableau-magnetique\/","title":{"rendered":"Tableau blanc Flipchart aimant\u00e9"},"content":{"rendered":"<h2>Description du tableau aimant\u00e9 Flipchart :<\/h2>\n<p>Ce tableau aimant\u00e9 Flipchart en location est utilis\u00e9 pour \u00e9crire, dessiner ou afficher des documents lors de pr\u00e9sentations. Le tableau est fourni avec un bloc de feuilles adapt\u00e9es et des marqueurs.<\/p>\n<p>La troisi\u00e8me branche du pi\u00e9tement du chevalet permet de stabiliser le tableau lorsque vous \u00e9crivez. Les documents ou notes peuvent \u00eatre affich\u00e9es sur le tableau Flipchart (ou chevalet de conf\u00e9rence) gr\u00e2ce \u00e0 des aimants.<\/p>\n<p>Surface magn\u00e9tique, effa\u00e7able \u00e0 sec, adapt\u00e9e aux marqueurs pour tableau blanc. La pince \u00e0 papier m\u00e9tallique permet de fixer de grandes feuilles de papier.\u00a0 La pince \u00e0 papier peut \u00eatre ouverte enti\u00e8rement pour faciliter l&#8217;acc\u00e8s aux feuilles (crochets)<br \/>\nLe tableau est muni de deux potences lat\u00e9rales extensibles, et magn\u00e9tiques, sur lesquelles des feuilles peuvent \u00eatre suspendues afin d&#8217;offrir une plus grande surface de pr\u00e9sentation. Le tableau est r\u00e9glable en hauteur, ce qui permet d&#8217;adapter ais\u00e9ment le flipchart \u00e0 la hauteur d&#8217;\u00e9criture id\u00e9ale.<\/p>\n<h2>Caract\u00e9ristiques et dimensions du tableau Flipchart en location :<\/h2>\n<ul>\n<li>Type de pieds : fixes<\/li>\n<li>R\u00e9glable en hauteur<\/li>\n<li>Surface aimant\u00e9e<\/li>\n<li>Hauteur max : 205cm<\/li>\n<li>Chevalet de conf\u00e9rence attrayant<\/li>\n<li>La surface du tableau est en acier laqu\u00e9<\/li>\n<li>Surface parfaite pour \u00e9crire et effacer<\/li>\n<li>La pince \u00e0 papier est adapt\u00e9e aux blocs papier de 50 feuilles<\/li>\n<li>Pr\u00e9sence d&#8217;un porte-marqueurs sur toute la largeur pour ranger plusieurs marqueurs<\/li>\n<li>Dimensions du tableau : H 105 x L 68 cm, max. hauteur: 205 cm<\/li>\n<\/ul>\n","protected":false},"excerpt":{"rendered":"<p><strong>Flipchart &#8211; tableau blanc aimant\u00e9 :\u00a0<\/strong>fourni avec feuilles et marqueurs<\/p>\n","protected":false},"featured_media":20090,"template":"","meta":{"_acf_changed":false},"product_brand":[],"product_cat":[142,25],"product_tag":[],"class_list":{"0":"post-20088","1":"product","2":"type-product","3":"status-publish","4":"has-post-thumbnail","6":"product_cat-animations-photo-photomaton-a-louer","7":"product_cat-toiles-de-projection-pour-videoprojecteur-ecrans-en-location","8":"description-off","10":"first","11":"instock","12":"taxable","13":"shipping-taxable","14":"purchasable","15":"product-type-simple"},"acf":[],"yoast_head":"<!-- This site is optimized with the Yoast SEO plugin v25.0 - https:\/\/yoast.com\/wordpress\/plugins\/seo\/ -->\n<title>Tableau aimant\u00e9 &quot;flipchart&quot; en location | ML Locations<\/title>\n<meta name=\"description\" content=\"Tableau blanc aimant\u00e9 &quot;Flipchart&quot; en location : id\u00e9al pour \u00e9crire, dessiner, aimanter des documents, etc. lors de vos pr\u00e9sentation.\" \/>\n<meta name=\"robots\" content=\"index, follow, max-snippet:-1, max-image-preview:large, max-video-preview:-1\" \/>\n<link rel=\"canonical\" href=\"https:\/\/ml-locations.be\/nl\/locations\/location-flipchart-tableau-magnetique\/\" \/>\n<meta property=\"og:locale\" content=\"nl_NL\" \/>\n<meta property=\"og:type\" content=\"article\" \/>\n<meta property=\"og:title\" content=\"Tableau aimant\u00e9 &quot;flipchart&quot; en location | ML Locations\" \/>\n<meta property=\"og:description\" content=\"Tableau blanc aimant\u00e9 &quot;Flipchart&quot; en location : id\u00e9al pour \u00e9crire, dessiner, aimanter des documents, etc. lors de vos pr\u00e9sentation.\" \/>\n<meta property=\"og:url\" content=\"https:\/\/ml-locations.be\/nl\/locations\/location-flipchart-tableau-magnetique\/\" \/>\n<meta property=\"og:site_name\" content=\"ML Locations\" \/>\n<meta property=\"article:modified_time\" content=\"2019-10-21T17:10:48+00:00\" \/>\n<meta property=\"og:image\" content=\"https:\/\/ml-locations.be\/wp-content\/uploads\/2019\/10\/tableau-blanc-magnetique-flipchart-en-location.png\" \/>\n\t<meta property=\"og:image:width\" content=\"817\" \/>\n\t<meta property=\"og:image:height\" content=\"814\" \/>\n\t<meta property=\"og:image:type\" content=\"image\/png\" \/>\n<meta name=\"twitter:card\" content=\"summary_large_image\" \/>\n<meta name=\"twitter:label1\" content=\"Geschatte leestijd\" \/>\n\t<meta name=\"twitter:data1\" content=\"1 minuut\" \/>\n<script type=\"application\/ld+json\" class=\"yoast-schema-graph\">{\"@context\":\"https:\/\/schema.org\",\"@graph\":[{\"@type\":\"WebPage\",\"@id\":\"https:\/\/ml-locations.be\/nl\/locations\/location-flipchart-tableau-magnetique\/\",\"url\":\"https:\/\/ml-locations.be\/nl\/locations\/location-flipchart-tableau-magnetique\/\",\"name\":\"Tableau aimant\u00e9 \\\"flipchart\\\" en location | ML Locations\",\"isPartOf\":{\"@id\":\"https:\/\/ml-locations.be\/nl\/#website\"},\"primaryImageOfPage\":{\"@id\":\"https:\/\/ml-locations.be\/nl\/locations\/location-flipchart-tableau-magnetique\/#primaryimage\"},\"image\":{\"@id\":\"https:\/\/ml-locations.be\/nl\/locations\/location-flipchart-tableau-magnetique\/#primaryimage\"},\"thumbnailUrl\":\"https:\/\/ml-locations.be\/wp-content\/uploads\/2019\/10\/tableau-blanc-magnetique-flipchart-en-location.png\",\"datePublished\":\"2019-10-21T17:10:47+00:00\",\"dateModified\":\"2019-10-21T17:10:48+00:00\",\"description\":\"Tableau blanc aimant\u00e9 \\\"Flipchart\\\" en location : id\u00e9al pour \u00e9crire, dessiner, aimanter des documents, etc. lors de vos pr\u00e9sentation.\",\"breadcrumb\":{\"@id\":\"https:\/\/ml-locations.be\/nl\/locations\/location-flipchart-tableau-magnetique\/#breadcrumb\"},\"inLanguage\":\"nl-NL\",\"potentialAction\":[{\"@type\":\"ReadAction\",\"target\":[\"https:\/\/ml-locations.be\/nl\/locations\/location-flipchart-tableau-magnetique\/\"]}]},{\"@type\":\"ImageObject\",\"inLanguage\":\"nl-NL\",\"@id\":\"https:\/\/ml-locations.be\/nl\/locations\/location-flipchart-tableau-magnetique\/#primaryimage\",\"url\":\"https:\/\/ml-locations.be\/wp-content\/uploads\/2019\/10\/tableau-blanc-magnetique-flipchart-en-location.png\",\"contentUrl\":\"https:\/\/ml-locations.be\/wp-content\/uploads\/2019\/10\/tableau-blanc-magnetique-flipchart-en-location.png\",\"width\":817,\"height\":814,\"caption\":\"Tableau blanc magnetique flipchart en location - fourni avec bloc de feuilles et marqueurs\"},{\"@type\":\"BreadcrumbList\",\"@id\":\"https:\/\/ml-locations.be\/nl\/locations\/location-flipchart-tableau-magnetique\/#breadcrumb\",\"itemListElement\":[{\"@type\":\"ListItem\",\"position\":1,\"name\":\"Accueil\",\"item\":\"https:\/\/ml-locations.be\/nl\/\"},{\"@type\":\"ListItem\",\"position\":2,\"name\":\"Winkel\",\"item\":\"https:\/\/ml-locations.be\/nl\/winkel\/\"},{\"@type\":\"ListItem\",\"position\":3,\"name\":\"Tableau blanc Flipchart aimant\u00e9\"}]},{\"@type\":\"WebSite\",\"@id\":\"https:\/\/ml-locations.be\/nl\/#website\",\"url\":\"https:\/\/ml-locations.be\/nl\/\",\"name\":\"ML Locations\",\"description\":\"Mat\u00e9riel \u00e9v\u00e9nementiel : location chaise, table et mange debout, mat\u00e9riel horeca, frigos,...\",\"publisher\":{\"@id\":\"https:\/\/ml-locations.be\/nl\/#organization\"},\"potentialAction\":[{\"@type\":\"SearchAction\",\"target\":{\"@type\":\"EntryPoint\",\"urlTemplate\":\"https:\/\/ml-locations.be\/nl\/?s={search_term_string}\"},\"query-input\":{\"@type\":\"PropertyValueSpecification\",\"valueRequired\":true,\"valueName\":\"search_term_string\"}}],\"inLanguage\":\"nl-NL\"},{\"@type\":\"Organization\",\"@id\":\"https:\/\/ml-locations.be\/nl\/#organization\",\"name\":\"ML Locations\",\"url\":\"https:\/\/ml-locations.be\/nl\/\",\"logo\":{\"@type\":\"ImageObject\",\"inLanguage\":\"nl-NL\",\"@id\":\"https:\/\/ml-locations.be\/nl\/#\/schema\/logo\/image\/\",\"url\":\"https:\/\/ml-locations.be\/wp-content\/uploads\/2018\/05\/LOGO-location-BON.png\",\"contentUrl\":\"https:\/\/ml-locations.be\/wp-content\/uploads\/2018\/05\/LOGO-location-BON.png\",\"width\":1200,\"height\":1200,\"caption\":\"ML Locations\"},\"image\":{\"@id\":\"https:\/\/ml-locations.be\/nl\/#\/schema\/logo\/image\/\"}}]}<\/script>\n<!-- \/ Yoast SEO plugin. -->","yoast_head_json":{"title":"Tableau aimant\u00e9 \"flipchart\" en location | ML Locations","description":"Tableau blanc aimant\u00e9 \"Flipchart\" en location : id\u00e9al pour \u00e9crire, dessiner, aimanter des documents, etc. lors de vos pr\u00e9sentation.","robots":{"index":"index","follow":"follow","max-snippet":"max-snippet:-1","max-image-preview":"max-image-preview:large","max-video-preview":"max-video-preview:-1"},"canonical":"https:\/\/ml-locations.be\/nl\/locations\/location-flipchart-tableau-magnetique\/","og_locale":"nl_NL","og_type":"article","og_title":"Tableau aimant\u00e9 \"flipchart\" en location | ML Locations","og_description":"Tableau blanc aimant\u00e9 \"Flipchart\" en location : id\u00e9al pour \u00e9crire, dessiner, aimanter des documents, etc. lors de vos pr\u00e9sentation.","og_url":"https:\/\/ml-locations.be\/nl\/locations\/location-flipchart-tableau-magnetique\/","og_site_name":"ML Locations","article_modified_time":"2019-10-21T17:10:48+00:00","og_image":[{"width":817,"height":814,"url":"https:\/\/ml-locations.be\/wp-content\/uploads\/2019\/10\/tableau-blanc-magnetique-flipchart-en-location.png","type":"image\/png"}],"twitter_card":"summary_large_image","twitter_misc":{"Geschatte leestijd":"1 minuut"},"schema":{"@context":"https:\/\/schema.org","@graph":[{"@type":"WebPage","@id":"https:\/\/ml-locations.be\/nl\/locations\/location-flipchart-tableau-magnetique\/","url":"https:\/\/ml-locations.be\/nl\/locations\/location-flipchart-tableau-magnetique\/","name":"Tableau aimant\u00e9 \"flipchart\" en location | ML Locations","isPartOf":{"@id":"https:\/\/ml-locations.be\/nl\/#website"},"primaryImageOfPage":{"@id":"https:\/\/ml-locations.be\/nl\/locations\/location-flipchart-tableau-magnetique\/#primaryimage"},"image":{"@id":"https:\/\/ml-locations.be\/nl\/locations\/location-flipchart-tableau-magnetique\/#primaryimage"},"thumbnailUrl":"https:\/\/ml-locations.be\/wp-content\/uploads\/2019\/10\/tableau-blanc-magnetique-flipchart-en-location.png","datePublished":"2019-10-21T17:10:47+00:00","dateModified":"2019-10-21T17:10:48+00:00","description":"Tableau blanc aimant\u00e9 \"Flipchart\" en location : id\u00e9al pour \u00e9crire, dessiner, aimanter des documents, etc. lors de vos pr\u00e9sentation.","breadcrumb":{"@id":"https:\/\/ml-locations.be\/nl\/locations\/location-flipchart-tableau-magnetique\/#breadcrumb"},"inLanguage":"nl-NL","potentialAction":[{"@type":"ReadAction","target":["https:\/\/ml-locations.be\/nl\/locations\/location-flipchart-tableau-magnetique\/"]}]},{"@type":"ImageObject","inLanguage":"nl-NL","@id":"https:\/\/ml-locations.be\/nl\/locations\/location-flipchart-tableau-magnetique\/#primaryimage","url":"https:\/\/ml-locations.be\/wp-content\/uploads\/2019\/10\/tableau-blanc-magnetique-flipchart-en-location.png","contentUrl":"https:\/\/ml-locations.be\/wp-content\/uploads\/2019\/10\/tableau-blanc-magnetique-flipchart-en-location.png","width":817,"height":814,"caption":"Tableau blanc magnetique flipchart en location - fourni avec bloc de feuilles et marqueurs"},{"@type":"BreadcrumbList","@id":"https:\/\/ml-locations.be\/nl\/locations\/location-flipchart-tableau-magnetique\/#breadcrumb","itemListElement":[{"@type":"ListItem","position":1,"name":"Accueil","item":"https:\/\/ml-locations.be\/nl\/"},{"@type":"ListItem","position":2,"name":"Winkel","item":"https:\/\/ml-locations.be\/nl\/winkel\/"},{"@type":"ListItem","position":3,"name":"Tableau blanc Flipchart aimant\u00e9"}]},{"@type":"WebSite","@id":"https:\/\/ml-locations.be\/nl\/#website","url":"https:\/\/ml-locations.be\/nl\/","name":"ML Locations","description":"Mat\u00e9riel \u00e9v\u00e9nementiel : location chaise, table et mange debout, mat\u00e9riel horeca, frigos,...","publisher":{"@id":"https:\/\/ml-locations.be\/nl\/#organization"},"potentialAction":[{"@type":"SearchAction","target":{"@type":"EntryPoint","urlTemplate":"https:\/\/ml-locations.be\/nl\/?s={search_term_string}"},"query-input":{"@type":"PropertyValueSpecification","valueRequired":true,"valueName":"search_term_string"}}],"inLanguage":"nl-NL"},{"@type":"Organization","@id":"https:\/\/ml-locations.be\/nl\/#organization","name":"ML Locations","url":"https:\/\/ml-locations.be\/nl\/","logo":{"@type":"ImageObject","inLanguage":"nl-NL","@id":"https:\/\/ml-locations.be\/nl\/#\/schema\/logo\/image\/","url":"https:\/\/ml-locations.be\/wp-content\/uploads\/2018\/05\/LOGO-location-BON.png","contentUrl":"https:\/\/ml-locations.be\/wp-content\/uploads\/2018\/05\/LOGO-location-BON.png","width":1200,"height":1200,"caption":"ML Locations"},"image":{"@id":"https:\/\/ml-locations.be\/nl\/#\/schema\/logo\/image\/"}}]}},"_links":{"self":[{"href":"https:\/\/ml-locations.be\/nl\/wp-json\/wp\/v2\/product\/20088","targetHints":{"allow":["GET"]}}],"collection":[{"href":"https:\/\/ml-locations.be\/nl\/wp-json\/wp\/v2\/product"}],"about":[{"href":"https:\/\/ml-locations.be\/nl\/wp-json\/wp\/v2\/types\/product"}],"wp:featuredmedia":[{"embeddable":true,"href":"https:\/\/ml-locations.be\/nl\/wp-json\/wp\/v2\/media\/20090"}],"wp:attachment":[{"href":"https:\/\/ml-locations.be\/nl\/wp-json\/wp\/v2\/media?parent=20088"}],"wp:term":[{"taxonomy":"product_brand","embeddable":true,"href":"https:\/\/ml-locations.be\/nl\/wp-json\/wp\/v2\/product_brand?post=20088"},{"taxonomy":"product_cat","embeddable":true,"href":"https:\/\/ml-locations.be\/nl\/wp-json\/wp\/v2\/product_cat?post=20088"},{"taxonomy":"product_tag","embeddable":true,"href":"https:\/\/ml-locations.be\/nl\/wp-json\/wp\/v2\/product_tag?post=20088"}],"curies":[{"name":"wp","href":"https:\/\/api.w.org\/{rel}","templated":true}]}}