{"id":20819,"date":"2019-10-30T18:22:13","date_gmt":"2019-10-30T17:22:13","guid":{"rendered":"https:\/\/www.ml-locations.be\/?post_type=product&#038;p=20819"},"modified":"2025-07-17T10:37:03","modified_gmt":"2025-07-17T08:37:03","slug":"location-aluminium-truss-h30v-c003-angle-90-2-voies","status":"publish","type":"product","link":"https:\/\/ml-locations.be\/nl\/locations\/location-aluminium-truss-h30v-c003-angle-90-2-voies\/","title":{"rendered":"Angles 2D Quadri &#8211; H30V-C003 Angle de 90\u00b0 de 2 voies"},"content":{"rendered":"<p>La poutre de la s\u00e9rie H30 est constitu\u00e9e de tubes principaux (48,3 x 3\u00a0mm) et de diagonales (16 x 2\u00a0mm). \u00c9quip\u00e9e d&#8217;un syst\u00e8me de coupleurs coniques CCS6, la poutre H30 est rapide et facile \u00e0 assembler. La poutre X30 peut \u00eatre trouv\u00e9e dans les flottes de location du monde entier. Sa r\u00e9sistance optimale et ses possibilit\u00e9s d\u2019application flexibles font d\u2019elle la poutre tr\u00e8s appr\u00e9ci\u00e9e et la plus utilis\u00e9e. La poutre H30 est disponible en profil\u00e9s triangulaires et carr\u00e9s et propose diff\u00e9rents angles et accessoires.<\/p>\n<p>&nbsp;<\/p>\n<h2>Caract\u00e9ristiques et avantages de l&#8217;angle 2D (Truss Aluminium en location) :<\/h2>\n<ul>\n<li>Syst\u00e8me l\u00e9ger<\/li>\n<li>Assemblage simple et sans faille<\/li>\n<li>Configuration optimis\u00e9e de l&#8217;attelle pour un transfert de force optimal<\/li>\n<li>Alliage EN AW 6082 T6<\/li>\n<li>Tubes principaux 48 x 3 mm<\/li>\n<li>Attelles 16 x 2 mm<\/li>\n<li>Syst\u00e8me d&#8217;accouplement CCS6<\/li>\n<\/ul>\n","protected":false},"excerpt":{"rendered":"<p>Truss aluminium en location : Angles 2D Quadri &#8211; H30V-C003 Angle de 90\u00b0 de 2 voies<\/p>\n","protected":false},"featured_media":20826,"template":"","meta":{"_acf_changed":false},"product_brand":[],"product_cat":[17,23],"product_tag":[],"class_list":{"0":"post-20819","1":"product","2":"type-product","3":"status-publish","4":"has-post-thumbnail","6":"product_cat-materiel-sono-et-lumieres-en-location","7":"product_cat-structure-truss-et-alu-a-louer","8":"description-off","10":"first","11":"instock","12":"taxable","13":"shipping-taxable","14":"purchasable","15":"product-type-simple"},"acf":[],"yoast_head":"<!-- This site is optimized with the Yoast SEO plugin v25.0 - https:\/\/yoast.com\/wordpress\/plugins\/seo\/ -->\n<title>Truss aluminium en location Angles 2D Quadri - H30V-C003 | ML Locations<\/title>\n<meta name=\"description\" content=\"Truss aluminium en location : Angles 2D Quadri - H30V-C003 Angle de 90\u00b0 de 2 voies\" \/>\n<meta name=\"robots\" content=\"index, follow, max-snippet:-1, max-image-preview:large, max-video-preview:-1\" \/>\n<link rel=\"canonical\" href=\"https:\/\/ml-locations.be\/nl\/locations\/location-aluminium-truss-h30v-c003-angle-90-2-voies\/\" \/>\n<meta property=\"og:locale\" content=\"nl_NL\" \/>\n<meta property=\"og:type\" content=\"article\" \/>\n<meta property=\"og:title\" content=\"Truss aluminium en location Angles 2D Quadri - H30V-C003 | ML Locations\" \/>\n<meta property=\"og:description\" content=\"Truss aluminium en location : Angles 2D Quadri - H30V-C003 Angle de 90\u00b0 de 2 voies\" \/>\n<meta property=\"og:url\" content=\"https:\/\/ml-locations.be\/nl\/locations\/location-aluminium-truss-h30v-c003-angle-90-2-voies\/\" \/>\n<meta property=\"og:site_name\" content=\"ML Locations\" \/>\n<meta property=\"article:modified_time\" content=\"2025-07-17T08:37:03+00:00\" \/>\n<meta property=\"og:image\" content=\"https:\/\/ml-locations.be\/wp-content\/uploads\/2019\/10\/Truss-aluminium-en-location-Quadrilight-H30V-C003-Angle-de-90\u00b0-de-2-voies.jpg\" \/>\n\t<meta property=\"og:image:width\" content=\"720\" \/>\n\t<meta property=\"og:image:height\" content=\"480\" \/>\n\t<meta property=\"og:image:type\" content=\"image\/jpeg\" \/>\n<meta name=\"twitter:card\" content=\"summary_large_image\" \/>\n<meta name=\"twitter:label1\" content=\"Geschatte leestijd\" \/>\n\t<meta name=\"twitter:data1\" content=\"1 minuut\" \/>\n<script type=\"application\/ld+json\" class=\"yoast-schema-graph\">{\"@context\":\"https:\/\/schema.org\",\"@graph\":[{\"@type\":\"WebPage\",\"@id\":\"https:\/\/ml-locations.be\/nl\/locations\/location-aluminium-truss-h30v-c003-angle-90-2-voies\/\",\"url\":\"https:\/\/ml-locations.be\/nl\/locations\/location-aluminium-truss-h30v-c003-angle-90-2-voies\/\",\"name\":\"Truss aluminium en location Angles 2D Quadri - H30V-C003 | ML Locations\",\"isPartOf\":{\"@id\":\"https:\/\/ml-locations.be\/nl\/#website\"},\"primaryImageOfPage\":{\"@id\":\"https:\/\/ml-locations.be\/nl\/locations\/location-aluminium-truss-h30v-c003-angle-90-2-voies\/#primaryimage\"},\"image\":{\"@id\":\"https:\/\/ml-locations.be\/nl\/locations\/location-aluminium-truss-h30v-c003-angle-90-2-voies\/#primaryimage\"},\"thumbnailUrl\":\"https:\/\/ml-locations.be\/wp-content\/uploads\/2019\/10\/Truss-aluminium-en-location-Quadrilight-H30V-C003-Angle-de-90\u00b0-de-2-voies.jpg\",\"datePublished\":\"2019-10-30T17:22:13+00:00\",\"dateModified\":\"2025-07-17T08:37:03+00:00\",\"description\":\"Truss aluminium en location : Angles 2D Quadri - H30V-C003 Angle de 90\u00b0 de 2 voies\",\"breadcrumb\":{\"@id\":\"https:\/\/ml-locations.be\/nl\/locations\/location-aluminium-truss-h30v-c003-angle-90-2-voies\/#breadcrumb\"},\"inLanguage\":\"nl-NL\",\"potentialAction\":[{\"@type\":\"ReadAction\",\"target\":[\"https:\/\/ml-locations.be\/nl\/locations\/location-aluminium-truss-h30v-c003-angle-90-2-voies\/\"]}]},{\"@type\":\"ImageObject\",\"inLanguage\":\"nl-NL\",\"@id\":\"https:\/\/ml-locations.be\/nl\/locations\/location-aluminium-truss-h30v-c003-angle-90-2-voies\/#primaryimage\",\"url\":\"https:\/\/ml-locations.be\/wp-content\/uploads\/2019\/10\/Truss-aluminium-en-location-Quadrilight-H30V-C003-Angle-de-90\u00b0-de-2-voies.jpg\",\"contentUrl\":\"https:\/\/ml-locations.be\/wp-content\/uploads\/2019\/10\/Truss-aluminium-en-location-Quadrilight-H30V-C003-Angle-de-90\u00b0-de-2-voies.jpg\",\"width\":720,\"height\":480,\"caption\":\"Truss aluminium en location - Quadrilight - H30V-C003 Angle de 90\u00b0 de 2 voies\"},{\"@type\":\"BreadcrumbList\",\"@id\":\"https:\/\/ml-locations.be\/nl\/locations\/location-aluminium-truss-h30v-c003-angle-90-2-voies\/#breadcrumb\",\"itemListElement\":[{\"@type\":\"ListItem\",\"position\":1,\"name\":\"Accueil\",\"item\":\"https:\/\/ml-locations.be\/nl\/\"},{\"@type\":\"ListItem\",\"position\":2,\"name\":\"Winkel\",\"item\":\"https:\/\/ml-locations.be\/nl\/winkel\/\"},{\"@type\":\"ListItem\",\"position\":3,\"name\":\"Angles 2D Quadri &#8211; H30V-C003 Angle de 90\u00b0 de 2 voies\"}]},{\"@type\":\"WebSite\",\"@id\":\"https:\/\/ml-locations.be\/nl\/#website\",\"url\":\"https:\/\/ml-locations.be\/nl\/\",\"name\":\"ML Locations\",\"description\":\"Mat\u00e9riel \u00e9v\u00e9nementiel : location chaise, table et mange debout, mat\u00e9riel horeca, frigos,...\",\"publisher\":{\"@id\":\"https:\/\/ml-locations.be\/nl\/#organization\"},\"potentialAction\":[{\"@type\":\"SearchAction\",\"target\":{\"@type\":\"EntryPoint\",\"urlTemplate\":\"https:\/\/ml-locations.be\/nl\/?s={search_term_string}\"},\"query-input\":{\"@type\":\"PropertyValueSpecification\",\"valueRequired\":true,\"valueName\":\"search_term_string\"}}],\"inLanguage\":\"nl-NL\"},{\"@type\":\"Organization\",\"@id\":\"https:\/\/ml-locations.be\/nl\/#organization\",\"name\":\"ML Locations\",\"url\":\"https:\/\/ml-locations.be\/nl\/\",\"logo\":{\"@type\":\"ImageObject\",\"inLanguage\":\"nl-NL\",\"@id\":\"https:\/\/ml-locations.be\/nl\/#\/schema\/logo\/image\/\",\"url\":\"https:\/\/ml-locations.be\/wp-content\/uploads\/2018\/05\/LOGO-location-BON.png\",\"contentUrl\":\"https:\/\/ml-locations.be\/wp-content\/uploads\/2018\/05\/LOGO-location-BON.png\",\"width\":1200,\"height\":1200,\"caption\":\"ML Locations\"},\"image\":{\"@id\":\"https:\/\/ml-locations.be\/nl\/#\/schema\/logo\/image\/\"}}]}<\/script>\n<!-- \/ Yoast SEO plugin. -->","yoast_head_json":{"title":"Truss aluminium en location Angles 2D Quadri - H30V-C003 | ML Locations","description":"Truss aluminium en location : Angles 2D Quadri - H30V-C003 Angle de 90\u00b0 de 2 voies","robots":{"index":"index","follow":"follow","max-snippet":"max-snippet:-1","max-image-preview":"max-image-preview:large","max-video-preview":"max-video-preview:-1"},"canonical":"https:\/\/ml-locations.be\/nl\/locations\/location-aluminium-truss-h30v-c003-angle-90-2-voies\/","og_locale":"nl_NL","og_type":"article","og_title":"Truss aluminium en location Angles 2D Quadri - H30V-C003 | ML Locations","og_description":"Truss aluminium en location : Angles 2D Quadri - H30V-C003 Angle de 90\u00b0 de 2 voies","og_url":"https:\/\/ml-locations.be\/nl\/locations\/location-aluminium-truss-h30v-c003-angle-90-2-voies\/","og_site_name":"ML Locations","article_modified_time":"2025-07-17T08:37:03+00:00","og_image":[{"width":720,"height":480,"url":"https:\/\/ml-locations.be\/wp-content\/uploads\/2019\/10\/Truss-aluminium-en-location-Quadrilight-H30V-C003-Angle-de-90\u00b0-de-2-voies.jpg","type":"image\/jpeg"}],"twitter_card":"summary_large_image","twitter_misc":{"Geschatte leestijd":"1 minuut"},"schema":{"@context":"https:\/\/schema.org","@graph":[{"@type":"WebPage","@id":"https:\/\/ml-locations.be\/nl\/locations\/location-aluminium-truss-h30v-c003-angle-90-2-voies\/","url":"https:\/\/ml-locations.be\/nl\/locations\/location-aluminium-truss-h30v-c003-angle-90-2-voies\/","name":"Truss aluminium en location Angles 2D Quadri - H30V-C003 | ML Locations","isPartOf":{"@id":"https:\/\/ml-locations.be\/nl\/#website"},"primaryImageOfPage":{"@id":"https:\/\/ml-locations.be\/nl\/locations\/location-aluminium-truss-h30v-c003-angle-90-2-voies\/#primaryimage"},"image":{"@id":"https:\/\/ml-locations.be\/nl\/locations\/location-aluminium-truss-h30v-c003-angle-90-2-voies\/#primaryimage"},"thumbnailUrl":"https:\/\/ml-locations.be\/wp-content\/uploads\/2019\/10\/Truss-aluminium-en-location-Quadrilight-H30V-C003-Angle-de-90\u00b0-de-2-voies.jpg","datePublished":"2019-10-30T17:22:13+00:00","dateModified":"2025-07-17T08:37:03+00:00","description":"Truss aluminium en location : Angles 2D Quadri - H30V-C003 Angle de 90\u00b0 de 2 voies","breadcrumb":{"@id":"https:\/\/ml-locations.be\/nl\/locations\/location-aluminium-truss-h30v-c003-angle-90-2-voies\/#breadcrumb"},"inLanguage":"nl-NL","potentialAction":[{"@type":"ReadAction","target":["https:\/\/ml-locations.be\/nl\/locations\/location-aluminium-truss-h30v-c003-angle-90-2-voies\/"]}]},{"@type":"ImageObject","inLanguage":"nl-NL","@id":"https:\/\/ml-locations.be\/nl\/locations\/location-aluminium-truss-h30v-c003-angle-90-2-voies\/#primaryimage","url":"https:\/\/ml-locations.be\/wp-content\/uploads\/2019\/10\/Truss-aluminium-en-location-Quadrilight-H30V-C003-Angle-de-90\u00b0-de-2-voies.jpg","contentUrl":"https:\/\/ml-locations.be\/wp-content\/uploads\/2019\/10\/Truss-aluminium-en-location-Quadrilight-H30V-C003-Angle-de-90\u00b0-de-2-voies.jpg","width":720,"height":480,"caption":"Truss aluminium en location - Quadrilight - H30V-C003 Angle de 90\u00b0 de 2 voies"},{"@type":"BreadcrumbList","@id":"https:\/\/ml-locations.be\/nl\/locations\/location-aluminium-truss-h30v-c003-angle-90-2-voies\/#breadcrumb","itemListElement":[{"@type":"ListItem","position":1,"name":"Accueil","item":"https:\/\/ml-locations.be\/nl\/"},{"@type":"ListItem","position":2,"name":"Winkel","item":"https:\/\/ml-locations.be\/nl\/winkel\/"},{"@type":"ListItem","position":3,"name":"Angles 2D Quadri &#8211; H30V-C003 Angle de 90\u00b0 de 2 voies"}]},{"@type":"WebSite","@id":"https:\/\/ml-locations.be\/nl\/#website","url":"https:\/\/ml-locations.be\/nl\/","name":"ML Locations","description":"Mat\u00e9riel \u00e9v\u00e9nementiel : location chaise, table et mange debout, mat\u00e9riel horeca, frigos,...","publisher":{"@id":"https:\/\/ml-locations.be\/nl\/#organization"},"potentialAction":[{"@type":"SearchAction","target":{"@type":"EntryPoint","urlTemplate":"https:\/\/ml-locations.be\/nl\/?s={search_term_string}"},"query-input":{"@type":"PropertyValueSpecification","valueRequired":true,"valueName":"search_term_string"}}],"inLanguage":"nl-NL"},{"@type":"Organization","@id":"https:\/\/ml-locations.be\/nl\/#organization","name":"ML Locations","url":"https:\/\/ml-locations.be\/nl\/","logo":{"@type":"ImageObject","inLanguage":"nl-NL","@id":"https:\/\/ml-locations.be\/nl\/#\/schema\/logo\/image\/","url":"https:\/\/ml-locations.be\/wp-content\/uploads\/2018\/05\/LOGO-location-BON.png","contentUrl":"https:\/\/ml-locations.be\/wp-content\/uploads\/2018\/05\/LOGO-location-BON.png","width":1200,"height":1200,"caption":"ML Locations"},"image":{"@id":"https:\/\/ml-locations.be\/nl\/#\/schema\/logo\/image\/"}}]}},"_links":{"self":[{"href":"https:\/\/ml-locations.be\/nl\/wp-json\/wp\/v2\/product\/20819","targetHints":{"allow":["GET"]}}],"collection":[{"href":"https:\/\/ml-locations.be\/nl\/wp-json\/wp\/v2\/product"}],"about":[{"href":"https:\/\/ml-locations.be\/nl\/wp-json\/wp\/v2\/types\/product"}],"wp:featuredmedia":[{"embeddable":true,"href":"https:\/\/ml-locations.be\/nl\/wp-json\/wp\/v2\/media\/20826"}],"wp:attachment":[{"href":"https:\/\/ml-locations.be\/nl\/wp-json\/wp\/v2\/media?parent=20819"}],"wp:term":[{"taxonomy":"product_brand","embeddable":true,"href":"https:\/\/ml-locations.be\/nl\/wp-json\/wp\/v2\/product_brand?post=20819"},{"taxonomy":"product_cat","embeddable":true,"href":"https:\/\/ml-locations.be\/nl\/wp-json\/wp\/v2\/product_cat?post=20819"},{"taxonomy":"product_tag","embeddable":true,"href":"https:\/\/ml-locations.be\/nl\/wp-json\/wp\/v2\/product_tag?post=20819"}],"curies":[{"name":"wp","href":"https:\/\/api.w.org\/{rel}","templated":true}]}}