{"id":27086,"date":"2020-01-14T17:47:50","date_gmt":"2020-01-14T16:47:50","guid":{"rendered":"https:\/\/www.ml-locations.be\/?post_type=product&#038;p=27086"},"modified":"2026-01-14T14:25:34","modified_gmt":"2026-01-14T13:25:34","slug":"location-verre-coupe-champagne-16cl","status":"publish","type":"product","link":"https:\/\/ml-locations.be\/nl\/locations\/location-verre-coupe-champagne-16cl\/","title":{"rendered":"Coupe \u00e0 Champagne 16cl (24 pi\u00e8ces)"},"content":{"rendered":"<p><strong>Coupe \u00e0 Champagne en location<\/strong> : cette tr\u00e8s jolie coupe \u00e0 Champagne d&#8217;une contenance de <strong>16 cl<\/strong> convient parfaitement pour de grandes <strong>r\u00e9ceptions<\/strong>, des <strong>mariages<\/strong>, des <strong>anniversaires<\/strong>. L&#8217;allure \u00e9l\u00e9gante de cette coupe \u00e0 Champagne en fait le verre parfait pour vos banquets et plus belle r\u00e9ceptions.<\/p>\n<p>Cette <strong>coupe \u00e0 Champagne en location<\/strong> convient aux plus jolies tables de banquets et aux ap\u00e9ritifs les plus chics : vous pouvez l&#8217;utiliser pour le service du Champagne, de desserts comme des cr\u00e8mes glac\u00e9es ou m\u00eame d&#8217;entr\u00e9es ou entremets.<\/p>\n<h3>Dimensions et caract\u00e9ristiques de cette coupe \u00e0 Champagne en location :<\/h3>\n<ul>\n<li>Hauteur : 12,2 cm<\/li>\n<li>Diam\u00e8tre : 8,5 cm<\/li>\n<li>Contenance : 16 cl<\/li>\n<li>Mati\u00e8re : verre<\/li>\n<li>Mod\u00e8le : coupe \u00e0 Champagne 16 cl<\/li>\n<\/ul>\n<p>Si vous pr\u00e9f\u00e9rez les fl\u00fbtes \u00e0 Champagne aux coupes \u00e0 Champagnes, choisissez parmi nos autres verres \u00e0 champagne :<\/p>\n<p>&nbsp;<\/p>\n<ul>\n<li class=\"entry-title\"><a title=\"Fl\u00fbte \u00e0 Champagne \u201cTulipe\u201d 17cl (49 pi\u00e8ces)\" href=\"https:\/\/ml-locations.be\/locations\/location-verre-flute-tulipe-17cl\/\" rel=\"bookmark\">Fl\u00fbte \u00e0 Champagne \u201cTulipe\u201d 17cl (49 pi\u00e8ces)<\/a><\/li>\n<li class=\"entry-title\"><a title=\"Fl\u00fbte \u201cCabernet\u201d 16 cl (36 pi\u00e8ces)\" href=\"https:\/\/ml-locations.be\/locations\/location-verre-flute-cabernet16cl\/\" rel=\"bookmark\">Fl\u00fbte \u201cCabernet\u201d 16 cl (36 pi\u00e8ces)<\/a><\/li>\n<li><a title=\"Verres \u00e0 Champagne \u2013 Fl\u00fbte Elegance (49 pi\u00e8ces)\" href=\"https:\/\/ml-locations.be\/locations\/flute-a-champagne-elegance\/\" rel=\"bookmark\">Verres \u00e0 Champagne \u2013 Fl\u00fbte Elegance (49 pi\u00e8ces)<\/a><\/li>\n<\/ul>\n<h3>Remarques concernant la location des coupes \u00e0 Champagne :<\/h3>\n<p>Les coupes \u00e0 Champagne se louent par casier entier de 24 verres. Exemple : si vous avez besoin de coupes pour 40 personnes, vous demandez la location de 2 racks de 24 coupes \u00e0 Champagne (soit 48 coupes \u00e0 Champagne).<\/p>\n<p><strong>Le nettoyage des verres en location est compris dans le prix de la location<\/strong>. Nous demandons simplement que les coupes \u00e0 Champagne soient rang\u00e9es comme elles vous ont \u00e9t\u00e9 livr\u00e9es : t\u00eate vers le bas dans le casier. Cela permet d&#8217;\u00e9goutter les verres et cela facilitent le passage au lave-vaisselle par nos \u00e9quipes.<\/p>\n","protected":false},"excerpt":{"rendered":"<p><strong>Coupe \u00e0 Champagne en location :<\/strong> coupe de 16cl (NB : commandes par rack de 24 coupes \u00e0 Champagne)<\/p>\n","protected":false},"featured_media":27090,"template":"","meta":{"_acf_changed":false},"product_brand":[],"product_cat":[29,32,209],"product_tag":[213,214],"class_list":{"0":"post-27086","1":"product","2":"type-product","3":"status-publish","4":"has-post-thumbnail","6":"product_cat-materiel-horeca-en-location","7":"product_cat-verres-en-location","8":"product_cat-produits-a-la-une","9":"product_tag-location-de-materiel-de-reception-mariages","10":"product_tag-location-materiel-banquet","11":"description-off","13":"first","14":"instock","15":"featured","16":"taxable","17":"shipping-taxable","18":"purchasable","19":"product-type-simple"},"acf":[],"yoast_head":"<!-- This site is optimized with the Yoast SEO plugin v25.0 - https:\/\/yoast.com\/wordpress\/plugins\/seo\/ -->\n<title>Fl\u00fbtes \u00e0 Champagne &quot;Tulipe&quot; 17 cl - location verres | ML Locations<\/title>\n<meta name=\"description\" content=\"Fl\u00fbte \u00e0 Champagne &quot;Tulipe&quot; 17 cl : tr\u00e8s \u00e9l\u00e9gante flute en location pour le service du Champagne. Location de verres et mat\u00e9riel de banquet.\" \/>\n<meta name=\"robots\" content=\"index, follow, max-snippet:-1, max-image-preview:large, max-video-preview:-1\" \/>\n<link rel=\"canonical\" href=\"https:\/\/ml-locations.be\/nl\/locations\/location-verre-coupe-champagne-16cl\/\" \/>\n<meta property=\"og:locale\" content=\"nl_NL\" \/>\n<meta property=\"og:type\" content=\"article\" \/>\n<meta property=\"og:title\" content=\"Fl\u00fbtes \u00e0 Champagne &quot;Tulipe&quot; 17 cl - location verres | ML Locations\" \/>\n<meta property=\"og:description\" content=\"Fl\u00fbte \u00e0 Champagne &quot;Tulipe&quot; 17 cl : tr\u00e8s \u00e9l\u00e9gante flute en location pour le service du Champagne. Location de verres et mat\u00e9riel de banquet.\" \/>\n<meta property=\"og:url\" content=\"https:\/\/ml-locations.be\/nl\/locations\/location-verre-coupe-champagne-16cl\/\" \/>\n<meta property=\"og:site_name\" content=\"ML Locations\" \/>\n<meta property=\"article:modified_time\" content=\"2026-01-14T13:25:34+00:00\" \/>\n<meta property=\"og:image\" content=\"https:\/\/ml-locations.be\/wp-content\/uploads\/2020\/01\/location-verre-coupe-champagne-16cl.png\" \/>\n\t<meta property=\"og:image:width\" content=\"566\" \/>\n\t<meta property=\"og:image:height\" content=\"596\" \/>\n\t<meta property=\"og:image:type\" content=\"image\/png\" \/>\n<meta name=\"twitter:card\" content=\"summary_large_image\" \/>\n<meta name=\"twitter:label1\" content=\"Geschatte leestijd\" \/>\n\t<meta name=\"twitter:data1\" content=\"2 minuten\" \/>\n<script type=\"application\/ld+json\" class=\"yoast-schema-graph\">{\"@context\":\"https:\/\/schema.org\",\"@graph\":[{\"@type\":\"WebPage\",\"@id\":\"https:\/\/ml-locations.be\/nl\/locations\/location-verre-coupe-champagne-16cl\/\",\"url\":\"https:\/\/ml-locations.be\/nl\/locations\/location-verre-coupe-champagne-16cl\/\",\"name\":\"Fl\u00fbtes \u00e0 Champagne \\\"Tulipe\\\" 17 cl - location verres | ML Locations\",\"isPartOf\":{\"@id\":\"https:\/\/ml-locations.be\/nl\/#website\"},\"primaryImageOfPage\":{\"@id\":\"https:\/\/ml-locations.be\/nl\/locations\/location-verre-coupe-champagne-16cl\/#primaryimage\"},\"image\":{\"@id\":\"https:\/\/ml-locations.be\/nl\/locations\/location-verre-coupe-champagne-16cl\/#primaryimage\"},\"thumbnailUrl\":\"https:\/\/ml-locations.be\/wp-content\/uploads\/2020\/01\/location-verre-coupe-champagne-16cl.png\",\"datePublished\":\"2020-01-14T16:47:50+00:00\",\"dateModified\":\"2026-01-14T13:25:34+00:00\",\"description\":\"Fl\u00fbte \u00e0 Champagne \\\"Tulipe\\\" 17 cl : tr\u00e8s \u00e9l\u00e9gante flute en location pour le service du Champagne. Location de verres et mat\u00e9riel de banquet.\",\"breadcrumb\":{\"@id\":\"https:\/\/ml-locations.be\/nl\/locations\/location-verre-coupe-champagne-16cl\/#breadcrumb\"},\"inLanguage\":\"nl-NL\",\"potentialAction\":[{\"@type\":\"ReadAction\",\"target\":[\"https:\/\/ml-locations.be\/nl\/locations\/location-verre-coupe-champagne-16cl\/\"]}]},{\"@type\":\"ImageObject\",\"inLanguage\":\"nl-NL\",\"@id\":\"https:\/\/ml-locations.be\/nl\/locations\/location-verre-coupe-champagne-16cl\/#primaryimage\",\"url\":\"https:\/\/ml-locations.be\/wp-content\/uploads\/2020\/01\/location-verre-coupe-champagne-16cl.png\",\"contentUrl\":\"https:\/\/ml-locations.be\/wp-content\/uploads\/2020\/01\/location-verre-coupe-champagne-16cl.png\",\"width\":566,\"height\":596,\"caption\":\"Coupe \u00e0 Champagne en location\"},{\"@type\":\"BreadcrumbList\",\"@id\":\"https:\/\/ml-locations.be\/nl\/locations\/location-verre-coupe-champagne-16cl\/#breadcrumb\",\"itemListElement\":[{\"@type\":\"ListItem\",\"position\":1,\"name\":\"Accueil\",\"item\":\"https:\/\/ml-locations.be\/nl\/\"},{\"@type\":\"ListItem\",\"position\":2,\"name\":\"Winkel\",\"item\":\"https:\/\/ml-locations.be\/nl\/winkel\/\"},{\"@type\":\"ListItem\",\"position\":3,\"name\":\"Coupe \u00e0 Champagne 16cl (24 pi\u00e8ces)\"}]},{\"@type\":\"WebSite\",\"@id\":\"https:\/\/ml-locations.be\/nl\/#website\",\"url\":\"https:\/\/ml-locations.be\/nl\/\",\"name\":\"ML Locations\",\"description\":\"Mat\u00e9riel \u00e9v\u00e9nementiel : location chaise, table et mange debout, mat\u00e9riel horeca, frigos,...\",\"publisher\":{\"@id\":\"https:\/\/ml-locations.be\/nl\/#organization\"},\"potentialAction\":[{\"@type\":\"SearchAction\",\"target\":{\"@type\":\"EntryPoint\",\"urlTemplate\":\"https:\/\/ml-locations.be\/nl\/?s={search_term_string}\"},\"query-input\":{\"@type\":\"PropertyValueSpecification\",\"valueRequired\":true,\"valueName\":\"search_term_string\"}}],\"inLanguage\":\"nl-NL\"},{\"@type\":\"Organization\",\"@id\":\"https:\/\/ml-locations.be\/nl\/#organization\",\"name\":\"ML Locations\",\"url\":\"https:\/\/ml-locations.be\/nl\/\",\"logo\":{\"@type\":\"ImageObject\",\"inLanguage\":\"nl-NL\",\"@id\":\"https:\/\/ml-locations.be\/nl\/#\/schema\/logo\/image\/\",\"url\":\"https:\/\/ml-locations.be\/wp-content\/uploads\/2018\/05\/LOGO-location-BON.png\",\"contentUrl\":\"https:\/\/ml-locations.be\/wp-content\/uploads\/2018\/05\/LOGO-location-BON.png\",\"width\":1200,\"height\":1200,\"caption\":\"ML Locations\"},\"image\":{\"@id\":\"https:\/\/ml-locations.be\/nl\/#\/schema\/logo\/image\/\"}}]}<\/script>\n<!-- \/ Yoast SEO plugin. -->","yoast_head_json":{"title":"Fl\u00fbtes \u00e0 Champagne \"Tulipe\" 17 cl - location verres | ML Locations","description":"Fl\u00fbte \u00e0 Champagne \"Tulipe\" 17 cl : tr\u00e8s \u00e9l\u00e9gante flute en location pour le service du Champagne. Location de verres et mat\u00e9riel de banquet.","robots":{"index":"index","follow":"follow","max-snippet":"max-snippet:-1","max-image-preview":"max-image-preview:large","max-video-preview":"max-video-preview:-1"},"canonical":"https:\/\/ml-locations.be\/nl\/locations\/location-verre-coupe-champagne-16cl\/","og_locale":"nl_NL","og_type":"article","og_title":"Fl\u00fbtes \u00e0 Champagne \"Tulipe\" 17 cl - location verres | ML Locations","og_description":"Fl\u00fbte \u00e0 Champagne \"Tulipe\" 17 cl : tr\u00e8s \u00e9l\u00e9gante flute en location pour le service du Champagne. Location de verres et mat\u00e9riel de banquet.","og_url":"https:\/\/ml-locations.be\/nl\/locations\/location-verre-coupe-champagne-16cl\/","og_site_name":"ML Locations","article_modified_time":"2026-01-14T13:25:34+00:00","og_image":[{"width":566,"height":596,"url":"https:\/\/ml-locations.be\/wp-content\/uploads\/2020\/01\/location-verre-coupe-champagne-16cl.png","type":"image\/png"}],"twitter_card":"summary_large_image","twitter_misc":{"Geschatte leestijd":"2 minuten"},"schema":{"@context":"https:\/\/schema.org","@graph":[{"@type":"WebPage","@id":"https:\/\/ml-locations.be\/nl\/locations\/location-verre-coupe-champagne-16cl\/","url":"https:\/\/ml-locations.be\/nl\/locations\/location-verre-coupe-champagne-16cl\/","name":"Fl\u00fbtes \u00e0 Champagne \"Tulipe\" 17 cl - location verres | ML Locations","isPartOf":{"@id":"https:\/\/ml-locations.be\/nl\/#website"},"primaryImageOfPage":{"@id":"https:\/\/ml-locations.be\/nl\/locations\/location-verre-coupe-champagne-16cl\/#primaryimage"},"image":{"@id":"https:\/\/ml-locations.be\/nl\/locations\/location-verre-coupe-champagne-16cl\/#primaryimage"},"thumbnailUrl":"https:\/\/ml-locations.be\/wp-content\/uploads\/2020\/01\/location-verre-coupe-champagne-16cl.png","datePublished":"2020-01-14T16:47:50+00:00","dateModified":"2026-01-14T13:25:34+00:00","description":"Fl\u00fbte \u00e0 Champagne \"Tulipe\" 17 cl : tr\u00e8s \u00e9l\u00e9gante flute en location pour le service du Champagne. Location de verres et mat\u00e9riel de banquet.","breadcrumb":{"@id":"https:\/\/ml-locations.be\/nl\/locations\/location-verre-coupe-champagne-16cl\/#breadcrumb"},"inLanguage":"nl-NL","potentialAction":[{"@type":"ReadAction","target":["https:\/\/ml-locations.be\/nl\/locations\/location-verre-coupe-champagne-16cl\/"]}]},{"@type":"ImageObject","inLanguage":"nl-NL","@id":"https:\/\/ml-locations.be\/nl\/locations\/location-verre-coupe-champagne-16cl\/#primaryimage","url":"https:\/\/ml-locations.be\/wp-content\/uploads\/2020\/01\/location-verre-coupe-champagne-16cl.png","contentUrl":"https:\/\/ml-locations.be\/wp-content\/uploads\/2020\/01\/location-verre-coupe-champagne-16cl.png","width":566,"height":596,"caption":"Coupe \u00e0 Champagne en location"},{"@type":"BreadcrumbList","@id":"https:\/\/ml-locations.be\/nl\/locations\/location-verre-coupe-champagne-16cl\/#breadcrumb","itemListElement":[{"@type":"ListItem","position":1,"name":"Accueil","item":"https:\/\/ml-locations.be\/nl\/"},{"@type":"ListItem","position":2,"name":"Winkel","item":"https:\/\/ml-locations.be\/nl\/winkel\/"},{"@type":"ListItem","position":3,"name":"Coupe \u00e0 Champagne 16cl (24 pi\u00e8ces)"}]},{"@type":"WebSite","@id":"https:\/\/ml-locations.be\/nl\/#website","url":"https:\/\/ml-locations.be\/nl\/","name":"ML Locations","description":"Mat\u00e9riel \u00e9v\u00e9nementiel : location chaise, table et mange debout, mat\u00e9riel horeca, frigos,...","publisher":{"@id":"https:\/\/ml-locations.be\/nl\/#organization"},"potentialAction":[{"@type":"SearchAction","target":{"@type":"EntryPoint","urlTemplate":"https:\/\/ml-locations.be\/nl\/?s={search_term_string}"},"query-input":{"@type":"PropertyValueSpecification","valueRequired":true,"valueName":"search_term_string"}}],"inLanguage":"nl-NL"},{"@type":"Organization","@id":"https:\/\/ml-locations.be\/nl\/#organization","name":"ML Locations","url":"https:\/\/ml-locations.be\/nl\/","logo":{"@type":"ImageObject","inLanguage":"nl-NL","@id":"https:\/\/ml-locations.be\/nl\/#\/schema\/logo\/image\/","url":"https:\/\/ml-locations.be\/wp-content\/uploads\/2018\/05\/LOGO-location-BON.png","contentUrl":"https:\/\/ml-locations.be\/wp-content\/uploads\/2018\/05\/LOGO-location-BON.png","width":1200,"height":1200,"caption":"ML Locations"},"image":{"@id":"https:\/\/ml-locations.be\/nl\/#\/schema\/logo\/image\/"}}]}},"_links":{"self":[{"href":"https:\/\/ml-locations.be\/nl\/wp-json\/wp\/v2\/product\/27086","targetHints":{"allow":["GET"]}}],"collection":[{"href":"https:\/\/ml-locations.be\/nl\/wp-json\/wp\/v2\/product"}],"about":[{"href":"https:\/\/ml-locations.be\/nl\/wp-json\/wp\/v2\/types\/product"}],"wp:featuredmedia":[{"embeddable":true,"href":"https:\/\/ml-locations.be\/nl\/wp-json\/wp\/v2\/media\/27090"}],"wp:attachment":[{"href":"https:\/\/ml-locations.be\/nl\/wp-json\/wp\/v2\/media?parent=27086"}],"wp:term":[{"taxonomy":"product_brand","embeddable":true,"href":"https:\/\/ml-locations.be\/nl\/wp-json\/wp\/v2\/product_brand?post=27086"},{"taxonomy":"product_cat","embeddable":true,"href":"https:\/\/ml-locations.be\/nl\/wp-json\/wp\/v2\/product_cat?post=27086"},{"taxonomy":"product_tag","embeddable":true,"href":"https:\/\/ml-locations.be\/nl\/wp-json\/wp\/v2\/product_tag?post=27086"}],"curies":[{"name":"wp","href":"https:\/\/api.w.org\/{rel}","templated":true}]}}