{"id":27664,"date":"2020-01-21T17:48:05","date_gmt":"2020-01-21T16:48:05","guid":{"rendered":"https:\/\/www.ml-locations.be\/?post_type=product&#038;p=27664"},"modified":"2025-07-17T09:58:53","modified_gmt":"2025-07-17T07:58:53","slug":"location-table-ronde-85cm-4personnes","status":"publish","type":"product","link":"https:\/\/ml-locations.be\/nl\/locations\/location-table-ronde-85cm-4personnes\/","title":{"rendered":"Table ronde en location 85 cm (4 personnes)"},"content":{"rendered":"<p>Ces\u00a0<strong>tables rondes en location\u00a0<\/strong>ont un diam\u00e8tre de 85 cm et une hauteur de 75 cm. Ces <strong>tables rondes<\/strong> sont pr\u00e9vues pour accueillir confortablement 4 personnes. Elles sont \u00e0 la fois pratiques et conviviales, elles peuvent se ranger facilement apr\u00e8s votre \u00e9v\u00e9nement car les pieds sont rabattables : vous pourrez lib\u00e9rer de la place apr\u00e8s un banquet de mariage pour faire la f\u00eate, par exemple ! Si vous avez besoin des nappes correspondantes, nous vous conseillons de consulter la rubrique d\u00e9di\u00e9e \u00e0 la <a href=\"http:\/\/www.ml-locations.be\/location\/decorations-pour-evenements\/nappes-serviettes-en-location\/\">location de nappes<\/a>.<\/p>\n<p>Pour ces tables rondes, nous recommandons la <a href=\"https:\/\/ml-locations.be\/locations\/location-nappe-150x150cm\/\">location de nappes 150 cm x 150 cm<\/a>.<\/p>\n<p><strong>Dimensions de la table ronde 4 personnes en location :<\/strong><\/p>\n<ul>\n<li>Diam\u00e8tre de la table ronde : 85 cm,<\/li>\n<li>Hauteur de la table ronde : 80 cm.<\/li>\n<li>Pieds rabattables<\/li>\n<li>Peuvent \u00eatre livr\u00e9e sur rack<\/li>\n<\/ul>\n<p>Vous cherchez une <strong>table ronde en location<\/strong> plus grande ? Nous vous proposons la\u00a0<a href=\"https:\/\/ml-locations.be\/locations\/location-table-ronde-120cm-6personnes\/\"><strong>location de table ronde 120 cm (6 personnes)<\/strong><\/a>,\u00a0<strong><a href=\"https:\/\/ml-locations.be\/locations\/location-table-ronde-150cm-10personnes\/\">location de table ronde 150 cm (pour 8 personnes)<\/a><\/strong> ou la <strong><a href=\"https:\/\/ml-locations.be\/locations\/location-table-ronde-180cm-12personnes\/\">location de table ronde 180 cm (pour 10 personnes)<\/a><\/strong>, la\u00a0<strong><a href=\"https:\/\/ml-locations.be\/locations\/location-table-ronde-200cm-12personnes\/\">location de table ronde 200 cm (pour 12 personnes)<\/a>.<\/strong><\/p>\n<p>Vous avez besoin d&#8217;un devis pour la <a href=\"https:\/\/ml-locations.be\/location\/mobilier\/tables-et-mange-debout-en-location\/\">location de tables<\/a> et <a href=\"https:\/\/ml-locations.be\/location\/mobilier\/location-chaises-tabourets\/\">chaises<\/a> pour mariage, banquets, r\u00e9ception ? N&#8217;h\u00e9sitez pas \u00e0 nous envoyer une demande de devis !<\/p>\n","protected":false},"excerpt":{"rendered":"<p><strong>Tables rondes en location pour 4 personnes : <\/strong>location de tables rondes 85 cm pour tous vos \u00e9v\u00e9nements (banquets, mariages, communions, r\u00e9ceptions, \u2026).<\/p>\n<p>&nbsp;<\/p>\n","protected":false},"featured_media":27665,"template":"","meta":{"_acf_changed":false},"product_brand":[],"product_cat":[247,6,11],"product_tag":[213,211,214],"class_list":{"0":"post-27664","1":"product","2":"type-product","3":"status-publish","4":"has-post-thumbnail","6":"product_cat-location-tables-rondes","7":"product_cat-mobilier","8":"product_cat-tables-et-mange-debout-en-location","9":"product_tag-location-de-materiel-de-reception-mariages","10":"product_tag-location-tables-et-chaises","11":"product_tag-location-materiel-banquet","12":"description-off","14":"first","15":"instock","16":"taxable","17":"shipping-taxable","18":"purchasable","19":"product-type-simple"},"acf":[],"yoast_head":"<!-- This site is optimized with the Yoast SEO plugin v25.0 - https:\/\/yoast.com\/wordpress\/plugins\/seo\/ -->\n<title>Location table ronde : table ronde 150 cm - 10 personnes| ML Locations<\/title>\n<meta name=\"description\" content=\"Location de tables rondes 150 cm (8 \u00e0 10 personnes). Pour vos banquets et r\u00e9ception. D&#039;autres dimensions sont disponibles sur notre site.\" \/>\n<meta name=\"robots\" content=\"index, follow, max-snippet:-1, max-image-preview:large, max-video-preview:-1\" \/>\n<link rel=\"canonical\" href=\"https:\/\/ml-locations.be\/nl\/locations\/location-table-ronde-85cm-4personnes\/\" \/>\n<meta property=\"og:locale\" content=\"nl_NL\" \/>\n<meta property=\"og:type\" content=\"article\" \/>\n<meta property=\"og:title\" content=\"Location table ronde : table ronde 150 cm - 10 personnes| ML Locations\" \/>\n<meta property=\"og:description\" content=\"Location de tables rondes 150 cm (8 \u00e0 10 personnes). Pour vos banquets et r\u00e9ception. D&#039;autres dimensions sont disponibles sur notre site.\" \/>\n<meta property=\"og:url\" content=\"https:\/\/ml-locations.be\/nl\/locations\/location-table-ronde-85cm-4personnes\/\" \/>\n<meta property=\"og:site_name\" content=\"ML Locations\" \/>\n<meta property=\"article:modified_time\" content=\"2025-07-17T07:58:53+00:00\" \/>\n<meta property=\"og:image\" content=\"https:\/\/ml-locations.be\/wp-content\/uploads\/2020\/01\/location-table-ronde-85cm-4pers.jpg\" \/>\n\t<meta property=\"og:image:width\" content=\"300\" \/>\n\t<meta property=\"og:image:height\" content=\"300\" \/>\n\t<meta property=\"og:image:type\" content=\"image\/jpeg\" \/>\n<meta name=\"twitter:card\" content=\"summary_large_image\" \/>\n<meta name=\"twitter:label1\" content=\"Geschatte leestijd\" \/>\n\t<meta name=\"twitter:data1\" content=\"2 minuten\" \/>\n<script type=\"application\/ld+json\" class=\"yoast-schema-graph\">{\"@context\":\"https:\/\/schema.org\",\"@graph\":[{\"@type\":\"WebPage\",\"@id\":\"https:\/\/ml-locations.be\/nl\/locations\/location-table-ronde-85cm-4personnes\/\",\"url\":\"https:\/\/ml-locations.be\/nl\/locations\/location-table-ronde-85cm-4personnes\/\",\"name\":\"Location table ronde : table ronde 150 cm - 10 personnes| ML Locations\",\"isPartOf\":{\"@id\":\"https:\/\/ml-locations.be\/nl\/#website\"},\"primaryImageOfPage\":{\"@id\":\"https:\/\/ml-locations.be\/nl\/locations\/location-table-ronde-85cm-4personnes\/#primaryimage\"},\"image\":{\"@id\":\"https:\/\/ml-locations.be\/nl\/locations\/location-table-ronde-85cm-4personnes\/#primaryimage\"},\"thumbnailUrl\":\"https:\/\/ml-locations.be\/wp-content\/uploads\/2020\/01\/location-table-ronde-85cm-4pers.jpg\",\"datePublished\":\"2020-01-21T16:48:05+00:00\",\"dateModified\":\"2025-07-17T07:58:53+00:00\",\"description\":\"Location de tables rondes 150 cm (8 \u00e0 10 personnes). Pour vos banquets et r\u00e9ception. D'autres dimensions sont disponibles sur notre site.\",\"breadcrumb\":{\"@id\":\"https:\/\/ml-locations.be\/nl\/locations\/location-table-ronde-85cm-4personnes\/#breadcrumb\"},\"inLanguage\":\"nl-NL\",\"potentialAction\":[{\"@type\":\"ReadAction\",\"target\":[\"https:\/\/ml-locations.be\/nl\/locations\/location-table-ronde-85cm-4personnes\/\"]}]},{\"@type\":\"ImageObject\",\"inLanguage\":\"nl-NL\",\"@id\":\"https:\/\/ml-locations.be\/nl\/locations\/location-table-ronde-85cm-4personnes\/#primaryimage\",\"url\":\"https:\/\/ml-locations.be\/wp-content\/uploads\/2020\/01\/location-table-ronde-85cm-4pers.jpg\",\"contentUrl\":\"https:\/\/ml-locations.be\/wp-content\/uploads\/2020\/01\/location-table-ronde-85cm-4pers.jpg\",\"width\":300,\"height\":300,\"caption\":\"Table ronde en location : table pour 4 personnes, diam\u00e8tre 85 cm\"},{\"@type\":\"BreadcrumbList\",\"@id\":\"https:\/\/ml-locations.be\/nl\/locations\/location-table-ronde-85cm-4personnes\/#breadcrumb\",\"itemListElement\":[{\"@type\":\"ListItem\",\"position\":1,\"name\":\"Accueil\",\"item\":\"https:\/\/ml-locations.be\/nl\/\"},{\"@type\":\"ListItem\",\"position\":2,\"name\":\"Winkel\",\"item\":\"https:\/\/ml-locations.be\/nl\/winkel\/\"},{\"@type\":\"ListItem\",\"position\":3,\"name\":\"Table ronde en location 85 cm (4 personnes)\"}]},{\"@type\":\"WebSite\",\"@id\":\"https:\/\/ml-locations.be\/nl\/#website\",\"url\":\"https:\/\/ml-locations.be\/nl\/\",\"name\":\"ML Locations\",\"description\":\"Mat\u00e9riel \u00e9v\u00e9nementiel : location chaise, table et mange debout, mat\u00e9riel horeca, frigos,...\",\"publisher\":{\"@id\":\"https:\/\/ml-locations.be\/nl\/#organization\"},\"potentialAction\":[{\"@type\":\"SearchAction\",\"target\":{\"@type\":\"EntryPoint\",\"urlTemplate\":\"https:\/\/ml-locations.be\/nl\/?s={search_term_string}\"},\"query-input\":{\"@type\":\"PropertyValueSpecification\",\"valueRequired\":true,\"valueName\":\"search_term_string\"}}],\"inLanguage\":\"nl-NL\"},{\"@type\":\"Organization\",\"@id\":\"https:\/\/ml-locations.be\/nl\/#organization\",\"name\":\"ML Locations\",\"url\":\"https:\/\/ml-locations.be\/nl\/\",\"logo\":{\"@type\":\"ImageObject\",\"inLanguage\":\"nl-NL\",\"@id\":\"https:\/\/ml-locations.be\/nl\/#\/schema\/logo\/image\/\",\"url\":\"https:\/\/ml-locations.be\/wp-content\/uploads\/2018\/05\/LOGO-location-BON.png\",\"contentUrl\":\"https:\/\/ml-locations.be\/wp-content\/uploads\/2018\/05\/LOGO-location-BON.png\",\"width\":1200,\"height\":1200,\"caption\":\"ML Locations\"},\"image\":{\"@id\":\"https:\/\/ml-locations.be\/nl\/#\/schema\/logo\/image\/\"}}]}<\/script>\n<!-- \/ Yoast SEO plugin. -->","yoast_head_json":{"title":"Location table ronde : table ronde 150 cm - 10 personnes| ML Locations","description":"Location de tables rondes 150 cm (8 \u00e0 10 personnes). Pour vos banquets et r\u00e9ception. D'autres dimensions sont disponibles sur notre site.","robots":{"index":"index","follow":"follow","max-snippet":"max-snippet:-1","max-image-preview":"max-image-preview:large","max-video-preview":"max-video-preview:-1"},"canonical":"https:\/\/ml-locations.be\/nl\/locations\/location-table-ronde-85cm-4personnes\/","og_locale":"nl_NL","og_type":"article","og_title":"Location table ronde : table ronde 150 cm - 10 personnes| ML Locations","og_description":"Location de tables rondes 150 cm (8 \u00e0 10 personnes). Pour vos banquets et r\u00e9ception. D'autres dimensions sont disponibles sur notre site.","og_url":"https:\/\/ml-locations.be\/nl\/locations\/location-table-ronde-85cm-4personnes\/","og_site_name":"ML Locations","article_modified_time":"2025-07-17T07:58:53+00:00","og_image":[{"width":300,"height":300,"url":"https:\/\/ml-locations.be\/wp-content\/uploads\/2020\/01\/location-table-ronde-85cm-4pers.jpg","type":"image\/jpeg"}],"twitter_card":"summary_large_image","twitter_misc":{"Geschatte leestijd":"2 minuten"},"schema":{"@context":"https:\/\/schema.org","@graph":[{"@type":"WebPage","@id":"https:\/\/ml-locations.be\/nl\/locations\/location-table-ronde-85cm-4personnes\/","url":"https:\/\/ml-locations.be\/nl\/locations\/location-table-ronde-85cm-4personnes\/","name":"Location table ronde : table ronde 150 cm - 10 personnes| ML Locations","isPartOf":{"@id":"https:\/\/ml-locations.be\/nl\/#website"},"primaryImageOfPage":{"@id":"https:\/\/ml-locations.be\/nl\/locations\/location-table-ronde-85cm-4personnes\/#primaryimage"},"image":{"@id":"https:\/\/ml-locations.be\/nl\/locations\/location-table-ronde-85cm-4personnes\/#primaryimage"},"thumbnailUrl":"https:\/\/ml-locations.be\/wp-content\/uploads\/2020\/01\/location-table-ronde-85cm-4pers.jpg","datePublished":"2020-01-21T16:48:05+00:00","dateModified":"2025-07-17T07:58:53+00:00","description":"Location de tables rondes 150 cm (8 \u00e0 10 personnes). Pour vos banquets et r\u00e9ception. D'autres dimensions sont disponibles sur notre site.","breadcrumb":{"@id":"https:\/\/ml-locations.be\/nl\/locations\/location-table-ronde-85cm-4personnes\/#breadcrumb"},"inLanguage":"nl-NL","potentialAction":[{"@type":"ReadAction","target":["https:\/\/ml-locations.be\/nl\/locations\/location-table-ronde-85cm-4personnes\/"]}]},{"@type":"ImageObject","inLanguage":"nl-NL","@id":"https:\/\/ml-locations.be\/nl\/locations\/location-table-ronde-85cm-4personnes\/#primaryimage","url":"https:\/\/ml-locations.be\/wp-content\/uploads\/2020\/01\/location-table-ronde-85cm-4pers.jpg","contentUrl":"https:\/\/ml-locations.be\/wp-content\/uploads\/2020\/01\/location-table-ronde-85cm-4pers.jpg","width":300,"height":300,"caption":"Table ronde en location : table pour 4 personnes, diam\u00e8tre 85 cm"},{"@type":"BreadcrumbList","@id":"https:\/\/ml-locations.be\/nl\/locations\/location-table-ronde-85cm-4personnes\/#breadcrumb","itemListElement":[{"@type":"ListItem","position":1,"name":"Accueil","item":"https:\/\/ml-locations.be\/nl\/"},{"@type":"ListItem","position":2,"name":"Winkel","item":"https:\/\/ml-locations.be\/nl\/winkel\/"},{"@type":"ListItem","position":3,"name":"Table ronde en location 85 cm (4 personnes)"}]},{"@type":"WebSite","@id":"https:\/\/ml-locations.be\/nl\/#website","url":"https:\/\/ml-locations.be\/nl\/","name":"ML Locations","description":"Mat\u00e9riel \u00e9v\u00e9nementiel : location chaise, table et mange debout, mat\u00e9riel horeca, frigos,...","publisher":{"@id":"https:\/\/ml-locations.be\/nl\/#organization"},"potentialAction":[{"@type":"SearchAction","target":{"@type":"EntryPoint","urlTemplate":"https:\/\/ml-locations.be\/nl\/?s={search_term_string}"},"query-input":{"@type":"PropertyValueSpecification","valueRequired":true,"valueName":"search_term_string"}}],"inLanguage":"nl-NL"},{"@type":"Organization","@id":"https:\/\/ml-locations.be\/nl\/#organization","name":"ML Locations","url":"https:\/\/ml-locations.be\/nl\/","logo":{"@type":"ImageObject","inLanguage":"nl-NL","@id":"https:\/\/ml-locations.be\/nl\/#\/schema\/logo\/image\/","url":"https:\/\/ml-locations.be\/wp-content\/uploads\/2018\/05\/LOGO-location-BON.png","contentUrl":"https:\/\/ml-locations.be\/wp-content\/uploads\/2018\/05\/LOGO-location-BON.png","width":1200,"height":1200,"caption":"ML Locations"},"image":{"@id":"https:\/\/ml-locations.be\/nl\/#\/schema\/logo\/image\/"}}]}},"_links":{"self":[{"href":"https:\/\/ml-locations.be\/nl\/wp-json\/wp\/v2\/product\/27664","targetHints":{"allow":["GET"]}}],"collection":[{"href":"https:\/\/ml-locations.be\/nl\/wp-json\/wp\/v2\/product"}],"about":[{"href":"https:\/\/ml-locations.be\/nl\/wp-json\/wp\/v2\/types\/product"}],"wp:featuredmedia":[{"embeddable":true,"href":"https:\/\/ml-locations.be\/nl\/wp-json\/wp\/v2\/media\/27665"}],"wp:attachment":[{"href":"https:\/\/ml-locations.be\/nl\/wp-json\/wp\/v2\/media?parent=27664"}],"wp:term":[{"taxonomy":"product_brand","embeddable":true,"href":"https:\/\/ml-locations.be\/nl\/wp-json\/wp\/v2\/product_brand?post=27664"},{"taxonomy":"product_cat","embeddable":true,"href":"https:\/\/ml-locations.be\/nl\/wp-json\/wp\/v2\/product_cat?post=27664"},{"taxonomy":"product_tag","embeddable":true,"href":"https:\/\/ml-locations.be\/nl\/wp-json\/wp\/v2\/product_tag?post=27664"}],"curies":[{"name":"wp","href":"https:\/\/api.w.org\/{rel}","templated":true}]}}