{"id":2882,"date":"2017-05-10T12:04:18","date_gmt":"2017-05-10T10:04:18","guid":{"rendered":"https:\/\/www.ml-locations.be?post_type=product&#038;p=2882"},"modified":"2017-05-12T14:06:59","modified_gmt":"2017-05-12T12:06:59","slug":"micro-hf-sennheiser-ew-100-g3","status":"publish","type":"product","link":"https:\/\/ml-locations.be\/nl\/locations\/micro-hf-sennheiser-ew-100-g3\/","title":{"rendered":"Micro HF Sennheiser EW 100 G3"},"content":{"rendered":"<p>Le <strong>micro HF SKM 100-835 en location<\/strong> est fourni\u00a0avec un\u00a0r\u00e9cepteur EW 100 G3. Gr\u00e2ce \u00e0 son \u00e9cran graphique r\u00e9tro\u00e9clair\u00e9, son utilisation est agr\u00e9able. Il s\u2019agit d\u2019un <strong>micro cardio\u00efde<\/strong> avec une synchronisation sans fil due \u00e0 un syst\u00e8me infra-rouge depuis le r\u00e9cepteur. Le son qui ressort de ce micro haute fr\u00e9quence est d\u2019une grande puret\u00e9.<\/p>\n<p>ML Locations vous propose en plus des <strong>micros HF en location<\/strong>, des <a href=\"https:\/\/ml-locations.be\/locations\/micro-casque-recepteur\/\">micros casques avec r\u00e9cepteur en location<\/a>, des pieds de micros en location et des<a href=\"https:\/\/ml-locations.be\/location\/materiel-sono-et-lumieres-en-location\/locationde-materiel-de-sono-et-dj\/\"> haut-parleurs en location<\/a>.<\/p>\n<p>Vous ne savez pas quel micro et quels haut-parleurs vous devez louer pour votre \u00e9v\u00e9nement\u00a0? Demandez nous conseils pour la <strong>location de micros professionnels<\/strong>.<\/p>\n<p><strong>Dimensions et caract\u00e9ristiques du Micro HF Sennheiser SKM 100-835\u00a0:<\/strong><\/p>\n<ul>\n<li>Largeur 26,5 cm,<\/li>\n<li>Diam\u00e8tre 5 cm,<\/li>\n<li>Poids 450 g,<\/li>\n<li>Gamme de fr\u00e9quences HF : 516 \u00e0 558 MHz,<\/li>\n<li>R\u00e9ponse en fr\u00e9quence : 80 \u00e0 18000 Hz R\u00e9ponse en fr\u00e9quence : 80 \u00e0 18000 Hz,<\/li>\n<li>Directivit\u00e9 : cardio\u00efde,<\/li>\n<li>Niveau maximal de pression sonore (SPL) : 154 dB.<\/li>\n<\/ul>\n","protected":false},"excerpt":{"rendered":"<p><strong>Micro\u00a0en location : micro Sennheiser haute Fr\u00e9quence<\/strong> robuste et sans fil, id\u00e9al pour vos conf\u00e9rences et vos spectacles. Demandez-nous conseil pour la sonorisation de votre sc\u00e8ne ou salle.<\/p>\n","protected":false},"featured_media":2884,"template":"","meta":{"_acf_changed":false},"product_brand":[],"product_cat":[17,18],"product_tag":[],"class_list":{"0":"post-2882","1":"product","2":"type-product","3":"status-publish","4":"has-post-thumbnail","6":"product_cat-materiel-sono-et-lumieres-en-location","7":"product_cat-locationde-materiel-de-sono-et-dj","8":"description-off","10":"first","11":"instock","12":"taxable","13":"shipping-taxable","14":"purchasable","15":"product-type-simple"},"acf":[],"yoast_head":"<!-- This site is optimized with the Yoast SEO plugin v25.0 - https:\/\/yoast.com\/wordpress\/plugins\/seo\/ -->\n<title>Location micro haute fr\u00e9quence sans fil (Sennheiser) - ML Locations<\/title>\n<meta name=\"robots\" content=\"index, follow, max-snippet:-1, max-image-preview:large, max-video-preview:-1\" \/>\n<link rel=\"canonical\" href=\"https:\/\/ml-locations.be\/nl\/locations\/micro-hf-sennheiser-ew-100-g3\/\" \/>\n<meta property=\"og:locale\" content=\"nl_NL\" \/>\n<meta property=\"og:type\" content=\"article\" \/>\n<meta property=\"og:title\" content=\"Location micro haute fr\u00e9quence sans fil (Sennheiser) - ML Locations\" \/>\n<meta property=\"og:description\" content=\"Micro\u00a0en location : micro Sennheiser haute Fr\u00e9quence robuste et sans fil, id\u00e9al pour vos conf\u00e9rences et vos spectacles. Demandez-nous conseil pour la sonorisation de votre sc\u00e8ne ou salle.\" \/>\n<meta property=\"og:url\" content=\"https:\/\/ml-locations.be\/nl\/locations\/micro-hf-sennheiser-ew-100-g3\/\" \/>\n<meta property=\"og:site_name\" content=\"ML Locations\" \/>\n<meta property=\"article:modified_time\" content=\"2017-05-12T12:06:59+00:00\" \/>\n<meta property=\"og:image\" content=\"https:\/\/ml-locations.be\/wp-content\/uploads\/2017\/05\/Micro-HF-Sennheiser-1.jpg\" \/>\n\t<meta property=\"og:image:width\" content=\"600\" \/>\n\t<meta property=\"og:image:height\" content=\"600\" \/>\n\t<meta property=\"og:image:type\" content=\"image\/jpeg\" \/>\n<meta name=\"twitter:card\" content=\"summary_large_image\" \/>\n<meta name=\"twitter:label1\" content=\"Geschatte leestijd\" \/>\n\t<meta name=\"twitter:data1\" content=\"1 minuut\" \/>\n<script type=\"application\/ld+json\" class=\"yoast-schema-graph\">{\"@context\":\"https:\/\/schema.org\",\"@graph\":[{\"@type\":\"WebPage\",\"@id\":\"https:\/\/ml-locations.be\/nl\/locations\/micro-hf-sennheiser-ew-100-g3\/\",\"url\":\"https:\/\/ml-locations.be\/nl\/locations\/micro-hf-sennheiser-ew-100-g3\/\",\"name\":\"Location micro haute fr\u00e9quence sans fil (Sennheiser) - ML Locations\",\"isPartOf\":{\"@id\":\"https:\/\/ml-locations.be\/nl\/#website\"},\"primaryImageOfPage\":{\"@id\":\"https:\/\/ml-locations.be\/nl\/locations\/micro-hf-sennheiser-ew-100-g3\/#primaryimage\"},\"image\":{\"@id\":\"https:\/\/ml-locations.be\/nl\/locations\/micro-hf-sennheiser-ew-100-g3\/#primaryimage\"},\"thumbnailUrl\":\"https:\/\/ml-locations.be\/wp-content\/uploads\/2017\/05\/Micro-HF-Sennheiser-1.jpg\",\"datePublished\":\"2017-05-10T10:04:18+00:00\",\"dateModified\":\"2017-05-12T12:06:59+00:00\",\"breadcrumb\":{\"@id\":\"https:\/\/ml-locations.be\/nl\/locations\/micro-hf-sennheiser-ew-100-g3\/#breadcrumb\"},\"inLanguage\":\"nl-NL\",\"potentialAction\":[{\"@type\":\"ReadAction\",\"target\":[\"https:\/\/ml-locations.be\/nl\/locations\/micro-hf-sennheiser-ew-100-g3\/\"]}]},{\"@type\":\"ImageObject\",\"inLanguage\":\"nl-NL\",\"@id\":\"https:\/\/ml-locations.be\/nl\/locations\/micro-hf-sennheiser-ew-100-g3\/#primaryimage\",\"url\":\"https:\/\/ml-locations.be\/wp-content\/uploads\/2017\/05\/Micro-HF-Sennheiser-1.jpg\",\"contentUrl\":\"https:\/\/ml-locations.be\/wp-content\/uploads\/2017\/05\/Micro-HF-Sennheiser-1.jpg\",\"width\":600,\"height\":600,\"caption\":\"Location de Micro HF - mat\u00e9riel de sonorisation en location\"},{\"@type\":\"BreadcrumbList\",\"@id\":\"https:\/\/ml-locations.be\/nl\/locations\/micro-hf-sennheiser-ew-100-g3\/#breadcrumb\",\"itemListElement\":[{\"@type\":\"ListItem\",\"position\":1,\"name\":\"Accueil\",\"item\":\"https:\/\/ml-locations.be\/nl\/\"},{\"@type\":\"ListItem\",\"position\":2,\"name\":\"Winkel\",\"item\":\"https:\/\/ml-locations.be\/nl\/winkel\/\"},{\"@type\":\"ListItem\",\"position\":3,\"name\":\"Micro HF Sennheiser EW 100 G3\"}]},{\"@type\":\"WebSite\",\"@id\":\"https:\/\/ml-locations.be\/nl\/#website\",\"url\":\"https:\/\/ml-locations.be\/nl\/\",\"name\":\"ML Locations\",\"description\":\"Mat\u00e9riel \u00e9v\u00e9nementiel : location chaise, table et mange debout, mat\u00e9riel horeca, frigos,...\",\"publisher\":{\"@id\":\"https:\/\/ml-locations.be\/nl\/#organization\"},\"potentialAction\":[{\"@type\":\"SearchAction\",\"target\":{\"@type\":\"EntryPoint\",\"urlTemplate\":\"https:\/\/ml-locations.be\/nl\/?s={search_term_string}\"},\"query-input\":{\"@type\":\"PropertyValueSpecification\",\"valueRequired\":true,\"valueName\":\"search_term_string\"}}],\"inLanguage\":\"nl-NL\"},{\"@type\":\"Organization\",\"@id\":\"https:\/\/ml-locations.be\/nl\/#organization\",\"name\":\"ML Locations\",\"url\":\"https:\/\/ml-locations.be\/nl\/\",\"logo\":{\"@type\":\"ImageObject\",\"inLanguage\":\"nl-NL\",\"@id\":\"https:\/\/ml-locations.be\/nl\/#\/schema\/logo\/image\/\",\"url\":\"https:\/\/ml-locations.be\/wp-content\/uploads\/2018\/05\/LOGO-location-BON.png\",\"contentUrl\":\"https:\/\/ml-locations.be\/wp-content\/uploads\/2018\/05\/LOGO-location-BON.png\",\"width\":1200,\"height\":1200,\"caption\":\"ML Locations\"},\"image\":{\"@id\":\"https:\/\/ml-locations.be\/nl\/#\/schema\/logo\/image\/\"}}]}<\/script>\n<!-- \/ Yoast SEO plugin. -->","yoast_head_json":{"title":"Location micro haute fr\u00e9quence sans fil (Sennheiser) - ML Locations","robots":{"index":"index","follow":"follow","max-snippet":"max-snippet:-1","max-image-preview":"max-image-preview:large","max-video-preview":"max-video-preview:-1"},"canonical":"https:\/\/ml-locations.be\/nl\/locations\/micro-hf-sennheiser-ew-100-g3\/","og_locale":"nl_NL","og_type":"article","og_title":"Location micro haute fr\u00e9quence sans fil (Sennheiser) - ML Locations","og_description":"Micro\u00a0en location : micro Sennheiser haute Fr\u00e9quence robuste et sans fil, id\u00e9al pour vos conf\u00e9rences et vos spectacles. Demandez-nous conseil pour la sonorisation de votre sc\u00e8ne ou salle.","og_url":"https:\/\/ml-locations.be\/nl\/locations\/micro-hf-sennheiser-ew-100-g3\/","og_site_name":"ML Locations","article_modified_time":"2017-05-12T12:06:59+00:00","og_image":[{"width":600,"height":600,"url":"https:\/\/ml-locations.be\/wp-content\/uploads\/2017\/05\/Micro-HF-Sennheiser-1.jpg","type":"image\/jpeg"}],"twitter_card":"summary_large_image","twitter_misc":{"Geschatte leestijd":"1 minuut"},"schema":{"@context":"https:\/\/schema.org","@graph":[{"@type":"WebPage","@id":"https:\/\/ml-locations.be\/nl\/locations\/micro-hf-sennheiser-ew-100-g3\/","url":"https:\/\/ml-locations.be\/nl\/locations\/micro-hf-sennheiser-ew-100-g3\/","name":"Location micro haute fr\u00e9quence sans fil (Sennheiser) - ML Locations","isPartOf":{"@id":"https:\/\/ml-locations.be\/nl\/#website"},"primaryImageOfPage":{"@id":"https:\/\/ml-locations.be\/nl\/locations\/micro-hf-sennheiser-ew-100-g3\/#primaryimage"},"image":{"@id":"https:\/\/ml-locations.be\/nl\/locations\/micro-hf-sennheiser-ew-100-g3\/#primaryimage"},"thumbnailUrl":"https:\/\/ml-locations.be\/wp-content\/uploads\/2017\/05\/Micro-HF-Sennheiser-1.jpg","datePublished":"2017-05-10T10:04:18+00:00","dateModified":"2017-05-12T12:06:59+00:00","breadcrumb":{"@id":"https:\/\/ml-locations.be\/nl\/locations\/micro-hf-sennheiser-ew-100-g3\/#breadcrumb"},"inLanguage":"nl-NL","potentialAction":[{"@type":"ReadAction","target":["https:\/\/ml-locations.be\/nl\/locations\/micro-hf-sennheiser-ew-100-g3\/"]}]},{"@type":"ImageObject","inLanguage":"nl-NL","@id":"https:\/\/ml-locations.be\/nl\/locations\/micro-hf-sennheiser-ew-100-g3\/#primaryimage","url":"https:\/\/ml-locations.be\/wp-content\/uploads\/2017\/05\/Micro-HF-Sennheiser-1.jpg","contentUrl":"https:\/\/ml-locations.be\/wp-content\/uploads\/2017\/05\/Micro-HF-Sennheiser-1.jpg","width":600,"height":600,"caption":"Location de Micro HF - mat\u00e9riel de sonorisation en location"},{"@type":"BreadcrumbList","@id":"https:\/\/ml-locations.be\/nl\/locations\/micro-hf-sennheiser-ew-100-g3\/#breadcrumb","itemListElement":[{"@type":"ListItem","position":1,"name":"Accueil","item":"https:\/\/ml-locations.be\/nl\/"},{"@type":"ListItem","position":2,"name":"Winkel","item":"https:\/\/ml-locations.be\/nl\/winkel\/"},{"@type":"ListItem","position":3,"name":"Micro HF Sennheiser EW 100 G3"}]},{"@type":"WebSite","@id":"https:\/\/ml-locations.be\/nl\/#website","url":"https:\/\/ml-locations.be\/nl\/","name":"ML Locations","description":"Mat\u00e9riel \u00e9v\u00e9nementiel : location chaise, table et mange debout, mat\u00e9riel horeca, frigos,...","publisher":{"@id":"https:\/\/ml-locations.be\/nl\/#organization"},"potentialAction":[{"@type":"SearchAction","target":{"@type":"EntryPoint","urlTemplate":"https:\/\/ml-locations.be\/nl\/?s={search_term_string}"},"query-input":{"@type":"PropertyValueSpecification","valueRequired":true,"valueName":"search_term_string"}}],"inLanguage":"nl-NL"},{"@type":"Organization","@id":"https:\/\/ml-locations.be\/nl\/#organization","name":"ML Locations","url":"https:\/\/ml-locations.be\/nl\/","logo":{"@type":"ImageObject","inLanguage":"nl-NL","@id":"https:\/\/ml-locations.be\/nl\/#\/schema\/logo\/image\/","url":"https:\/\/ml-locations.be\/wp-content\/uploads\/2018\/05\/LOGO-location-BON.png","contentUrl":"https:\/\/ml-locations.be\/wp-content\/uploads\/2018\/05\/LOGO-location-BON.png","width":1200,"height":1200,"caption":"ML Locations"},"image":{"@id":"https:\/\/ml-locations.be\/nl\/#\/schema\/logo\/image\/"}}]}},"_links":{"self":[{"href":"https:\/\/ml-locations.be\/nl\/wp-json\/wp\/v2\/product\/2882","targetHints":{"allow":["GET"]}}],"collection":[{"href":"https:\/\/ml-locations.be\/nl\/wp-json\/wp\/v2\/product"}],"about":[{"href":"https:\/\/ml-locations.be\/nl\/wp-json\/wp\/v2\/types\/product"}],"wp:featuredmedia":[{"embeddable":true,"href":"https:\/\/ml-locations.be\/nl\/wp-json\/wp\/v2\/media\/2884"}],"wp:attachment":[{"href":"https:\/\/ml-locations.be\/nl\/wp-json\/wp\/v2\/media?parent=2882"}],"wp:term":[{"taxonomy":"product_brand","embeddable":true,"href":"https:\/\/ml-locations.be\/nl\/wp-json\/wp\/v2\/product_brand?post=2882"},{"taxonomy":"product_cat","embeddable":true,"href":"https:\/\/ml-locations.be\/nl\/wp-json\/wp\/v2\/product_cat?post=2882"},{"taxonomy":"product_tag","embeddable":true,"href":"https:\/\/ml-locations.be\/nl\/wp-json\/wp\/v2\/product_tag?post=2882"}],"curies":[{"name":"wp","href":"https:\/\/api.w.org\/{rel}","templated":true}]}}