{"id":2988,"date":"2017-05-19T15:42:53","date_gmt":"2017-05-19T13:42:53","guid":{"rendered":"https:\/\/www.ml-locations.be?post_type=product&#038;p=2988"},"modified":"2025-07-17T10:11:32","modified_gmt":"2025-07-17T08:11:32","slug":"lustre-ampoules-en-location","status":"publish","type":"product","link":"https:\/\/ml-locations.be\/nl\/locations\/lustre-ampoules-en-location\/","title":{"rendered":"Lustre &#8220;ampoules&#8221; en location"},"content":{"rendered":"<p>Magnifique <strong>luminaire design en location<\/strong>, il est compos\u00e9 de 10 ampoules et d&#8217;une armature circulaire en bois. Ce lustre cr\u00e9e une ambiance rappelant les bals aux lampions et les bals musettes. Gr\u00e2ce \u00e0 <strong>ce lustre \u00e0 suspension vintage<\/strong>, votre \u00e9v\u00e9nement aura un c\u00f4t\u00e9 cosy et original en m\u00eame temps. Beaucoup plus robuste que des simples guirlandes \u00e0 ampoules, ce <strong>lustre guirlandes en location <\/strong>constitue un magnifique d\u00e9cor pour vos \u00e9v\u00e9nements (mariages, banquets, r\u00e9ceptions,\u2026).<\/p>\n<p>Le lustre ampoules est le <strong>lustre id\u00e9al pour un mariage<\/strong>, celui-ci donnant une ambiance romantique aux \u00e9v\u00e9nements.<\/p>\n<p>Dimensions : 65 cm de diam\u00e8tre<\/p>\n","protected":false},"excerpt":{"rendered":"<p><strong>Superbe luminaire d\u00e9co \u00e0 louer<\/strong>, id\u00e9al pour une d\u00e9coration lors d&#8217;un mariage, d&#8217;une c\u00e9r\u00e9monie ou d&#8217;un autre \u00e9v\u00e9nement. Parfait si vous cherchez un lustre ou un <strong>luminaire tr\u00e8s original<\/strong> pour votre \u00e9v\u00e9nement.<\/p>\n","protected":false},"featured_media":2989,"template":"","meta":{"_acf_changed":false},"product_brand":[],"product_cat":[126],"product_tag":[213,214],"class_list":{"0":"post-2988","1":"product","2":"type-product","3":"status-publish","4":"has-post-thumbnail","6":"product_cat-decorations-pour-evenements","7":"product_tag-location-de-materiel-de-reception-mariages","8":"product_tag-location-materiel-banquet","9":"description-off","11":"first","12":"instock","13":"taxable","14":"shipping-taxable","15":"purchasable","16":"product-type-simple"},"acf":[],"yoast_head":"<!-- This site is optimized with the Yoast SEO plugin v25.0 - https:\/\/yoast.com\/wordpress\/plugins\/seo\/ -->\n<title>Lustres \u00e0 ampoules en location | ML Locations<\/title>\n<meta name=\"description\" content=\"Louez ce lustre pour vos \u00e9v\u00e9nements. Ce luminaire donne un c\u00f4t\u00e9 cosy et romantique, id\u00e9al pour un mariage. Livraison possible\" \/>\n<meta name=\"robots\" content=\"index, follow, max-snippet:-1, max-image-preview:large, max-video-preview:-1\" \/>\n<link rel=\"canonical\" href=\"https:\/\/ml-locations.be\/nl\/locations\/lustre-ampoules-en-location\/\" \/>\n<meta property=\"og:locale\" content=\"nl_NL\" \/>\n<meta property=\"og:type\" content=\"article\" \/>\n<meta property=\"og:title\" content=\"Lustres \u00e0 ampoules en location | ML Locations\" \/>\n<meta property=\"og:description\" content=\"Louez ce lustre pour vos \u00e9v\u00e9nements. Ce luminaire donne un c\u00f4t\u00e9 cosy et romantique, id\u00e9al pour un mariage. Livraison possible\" \/>\n<meta property=\"og:url\" content=\"https:\/\/ml-locations.be\/nl\/locations\/lustre-ampoules-en-location\/\" \/>\n<meta property=\"og:site_name\" content=\"ML Locations\" \/>\n<meta property=\"article:modified_time\" content=\"2025-07-17T08:11:32+00:00\" \/>\n<meta property=\"og:image\" content=\"https:\/\/ml-locations.be\/wp-content\/uploads\/2017\/05\/Lustre-ampoules-e1495201037511.jpg\" \/>\n\t<meta property=\"og:image:width\" content=\"1000\" \/>\n\t<meta property=\"og:image:height\" content=\"664\" \/>\n\t<meta property=\"og:image:type\" content=\"image\/jpeg\" \/>\n<meta name=\"twitter:card\" content=\"summary_large_image\" \/>\n<meta name=\"twitter:label1\" content=\"Geschatte leestijd\" \/>\n\t<meta name=\"twitter:data1\" content=\"1 minuut\" \/>\n<script type=\"application\/ld+json\" class=\"yoast-schema-graph\">{\"@context\":\"https:\/\/schema.org\",\"@graph\":[{\"@type\":\"WebPage\",\"@id\":\"https:\/\/ml-locations.be\/nl\/locations\/lustre-ampoules-en-location\/\",\"url\":\"https:\/\/ml-locations.be\/nl\/locations\/lustre-ampoules-en-location\/\",\"name\":\"Lustres \u00e0 ampoules en location | ML Locations\",\"isPartOf\":{\"@id\":\"https:\/\/ml-locations.be\/nl\/#website\"},\"primaryImageOfPage\":{\"@id\":\"https:\/\/ml-locations.be\/nl\/locations\/lustre-ampoules-en-location\/#primaryimage\"},\"image\":{\"@id\":\"https:\/\/ml-locations.be\/nl\/locations\/lustre-ampoules-en-location\/#primaryimage\"},\"thumbnailUrl\":\"https:\/\/ml-locations.be\/wp-content\/uploads\/2017\/05\/Lustre-ampoules-e1495201037511.jpg\",\"datePublished\":\"2017-05-19T13:42:53+00:00\",\"dateModified\":\"2025-07-17T08:11:32+00:00\",\"description\":\"Louez ce lustre pour vos \u00e9v\u00e9nements. Ce luminaire donne un c\u00f4t\u00e9 cosy et romantique, id\u00e9al pour un mariage. Livraison possible\",\"breadcrumb\":{\"@id\":\"https:\/\/ml-locations.be\/nl\/locations\/lustre-ampoules-en-location\/#breadcrumb\"},\"inLanguage\":\"nl-NL\",\"potentialAction\":[{\"@type\":\"ReadAction\",\"target\":[\"https:\/\/ml-locations.be\/nl\/locations\/lustre-ampoules-en-location\/\"]}]},{\"@type\":\"ImageObject\",\"inLanguage\":\"nl-NL\",\"@id\":\"https:\/\/ml-locations.be\/nl\/locations\/lustre-ampoules-en-location\/#primaryimage\",\"url\":\"https:\/\/ml-locations.be\/wp-content\/uploads\/2017\/05\/Lustre-ampoules-e1495201037511.jpg\",\"contentUrl\":\"https:\/\/ml-locations.be\/wp-content\/uploads\/2017\/05\/Lustre-ampoules-e1495201037511.jpg\",\"width\":1000,\"height\":664,\"caption\":\"Location de lustres ampoules\"},{\"@type\":\"BreadcrumbList\",\"@id\":\"https:\/\/ml-locations.be\/nl\/locations\/lustre-ampoules-en-location\/#breadcrumb\",\"itemListElement\":[{\"@type\":\"ListItem\",\"position\":1,\"name\":\"Accueil\",\"item\":\"https:\/\/ml-locations.be\/nl\/\"},{\"@type\":\"ListItem\",\"position\":2,\"name\":\"Winkel\",\"item\":\"https:\/\/ml-locations.be\/nl\/winkel\/\"},{\"@type\":\"ListItem\",\"position\":3,\"name\":\"Lustre &#8220;ampoules&#8221; en location\"}]},{\"@type\":\"WebSite\",\"@id\":\"https:\/\/ml-locations.be\/nl\/#website\",\"url\":\"https:\/\/ml-locations.be\/nl\/\",\"name\":\"ML Locations\",\"description\":\"Mat\u00e9riel \u00e9v\u00e9nementiel : location chaise, table et mange debout, mat\u00e9riel horeca, frigos,...\",\"publisher\":{\"@id\":\"https:\/\/ml-locations.be\/nl\/#organization\"},\"potentialAction\":[{\"@type\":\"SearchAction\",\"target\":{\"@type\":\"EntryPoint\",\"urlTemplate\":\"https:\/\/ml-locations.be\/nl\/?s={search_term_string}\"},\"query-input\":{\"@type\":\"PropertyValueSpecification\",\"valueRequired\":true,\"valueName\":\"search_term_string\"}}],\"inLanguage\":\"nl-NL\"},{\"@type\":\"Organization\",\"@id\":\"https:\/\/ml-locations.be\/nl\/#organization\",\"name\":\"ML Locations\",\"url\":\"https:\/\/ml-locations.be\/nl\/\",\"logo\":{\"@type\":\"ImageObject\",\"inLanguage\":\"nl-NL\",\"@id\":\"https:\/\/ml-locations.be\/nl\/#\/schema\/logo\/image\/\",\"url\":\"https:\/\/ml-locations.be\/wp-content\/uploads\/2018\/05\/LOGO-location-BON.png\",\"contentUrl\":\"https:\/\/ml-locations.be\/wp-content\/uploads\/2018\/05\/LOGO-location-BON.png\",\"width\":1200,\"height\":1200,\"caption\":\"ML Locations\"},\"image\":{\"@id\":\"https:\/\/ml-locations.be\/nl\/#\/schema\/logo\/image\/\"}}]}<\/script>\n<!-- \/ Yoast SEO plugin. -->","yoast_head_json":{"title":"Lustres \u00e0 ampoules en location | ML Locations","description":"Louez ce lustre pour vos \u00e9v\u00e9nements. Ce luminaire donne un c\u00f4t\u00e9 cosy et romantique, id\u00e9al pour un mariage. Livraison possible","robots":{"index":"index","follow":"follow","max-snippet":"max-snippet:-1","max-image-preview":"max-image-preview:large","max-video-preview":"max-video-preview:-1"},"canonical":"https:\/\/ml-locations.be\/nl\/locations\/lustre-ampoules-en-location\/","og_locale":"nl_NL","og_type":"article","og_title":"Lustres \u00e0 ampoules en location | ML Locations","og_description":"Louez ce lustre pour vos \u00e9v\u00e9nements. Ce luminaire donne un c\u00f4t\u00e9 cosy et romantique, id\u00e9al pour un mariage. Livraison possible","og_url":"https:\/\/ml-locations.be\/nl\/locations\/lustre-ampoules-en-location\/","og_site_name":"ML Locations","article_modified_time":"2025-07-17T08:11:32+00:00","og_image":[{"width":1000,"height":664,"url":"https:\/\/ml-locations.be\/wp-content\/uploads\/2017\/05\/Lustre-ampoules-e1495201037511.jpg","type":"image\/jpeg"}],"twitter_card":"summary_large_image","twitter_misc":{"Geschatte leestijd":"1 minuut"},"schema":{"@context":"https:\/\/schema.org","@graph":[{"@type":"WebPage","@id":"https:\/\/ml-locations.be\/nl\/locations\/lustre-ampoules-en-location\/","url":"https:\/\/ml-locations.be\/nl\/locations\/lustre-ampoules-en-location\/","name":"Lustres \u00e0 ampoules en location | ML Locations","isPartOf":{"@id":"https:\/\/ml-locations.be\/nl\/#website"},"primaryImageOfPage":{"@id":"https:\/\/ml-locations.be\/nl\/locations\/lustre-ampoules-en-location\/#primaryimage"},"image":{"@id":"https:\/\/ml-locations.be\/nl\/locations\/lustre-ampoules-en-location\/#primaryimage"},"thumbnailUrl":"https:\/\/ml-locations.be\/wp-content\/uploads\/2017\/05\/Lustre-ampoules-e1495201037511.jpg","datePublished":"2017-05-19T13:42:53+00:00","dateModified":"2025-07-17T08:11:32+00:00","description":"Louez ce lustre pour vos \u00e9v\u00e9nements. Ce luminaire donne un c\u00f4t\u00e9 cosy et romantique, id\u00e9al pour un mariage. Livraison possible","breadcrumb":{"@id":"https:\/\/ml-locations.be\/nl\/locations\/lustre-ampoules-en-location\/#breadcrumb"},"inLanguage":"nl-NL","potentialAction":[{"@type":"ReadAction","target":["https:\/\/ml-locations.be\/nl\/locations\/lustre-ampoules-en-location\/"]}]},{"@type":"ImageObject","inLanguage":"nl-NL","@id":"https:\/\/ml-locations.be\/nl\/locations\/lustre-ampoules-en-location\/#primaryimage","url":"https:\/\/ml-locations.be\/wp-content\/uploads\/2017\/05\/Lustre-ampoules-e1495201037511.jpg","contentUrl":"https:\/\/ml-locations.be\/wp-content\/uploads\/2017\/05\/Lustre-ampoules-e1495201037511.jpg","width":1000,"height":664,"caption":"Location de lustres ampoules"},{"@type":"BreadcrumbList","@id":"https:\/\/ml-locations.be\/nl\/locations\/lustre-ampoules-en-location\/#breadcrumb","itemListElement":[{"@type":"ListItem","position":1,"name":"Accueil","item":"https:\/\/ml-locations.be\/nl\/"},{"@type":"ListItem","position":2,"name":"Winkel","item":"https:\/\/ml-locations.be\/nl\/winkel\/"},{"@type":"ListItem","position":3,"name":"Lustre &#8220;ampoules&#8221; en location"}]},{"@type":"WebSite","@id":"https:\/\/ml-locations.be\/nl\/#website","url":"https:\/\/ml-locations.be\/nl\/","name":"ML Locations","description":"Mat\u00e9riel \u00e9v\u00e9nementiel : location chaise, table et mange debout, mat\u00e9riel horeca, frigos,...","publisher":{"@id":"https:\/\/ml-locations.be\/nl\/#organization"},"potentialAction":[{"@type":"SearchAction","target":{"@type":"EntryPoint","urlTemplate":"https:\/\/ml-locations.be\/nl\/?s={search_term_string}"},"query-input":{"@type":"PropertyValueSpecification","valueRequired":true,"valueName":"search_term_string"}}],"inLanguage":"nl-NL"},{"@type":"Organization","@id":"https:\/\/ml-locations.be\/nl\/#organization","name":"ML Locations","url":"https:\/\/ml-locations.be\/nl\/","logo":{"@type":"ImageObject","inLanguage":"nl-NL","@id":"https:\/\/ml-locations.be\/nl\/#\/schema\/logo\/image\/","url":"https:\/\/ml-locations.be\/wp-content\/uploads\/2018\/05\/LOGO-location-BON.png","contentUrl":"https:\/\/ml-locations.be\/wp-content\/uploads\/2018\/05\/LOGO-location-BON.png","width":1200,"height":1200,"caption":"ML Locations"},"image":{"@id":"https:\/\/ml-locations.be\/nl\/#\/schema\/logo\/image\/"}}]}},"_links":{"self":[{"href":"https:\/\/ml-locations.be\/nl\/wp-json\/wp\/v2\/product\/2988","targetHints":{"allow":["GET"]}}],"collection":[{"href":"https:\/\/ml-locations.be\/nl\/wp-json\/wp\/v2\/product"}],"about":[{"href":"https:\/\/ml-locations.be\/nl\/wp-json\/wp\/v2\/types\/product"}],"wp:featuredmedia":[{"embeddable":true,"href":"https:\/\/ml-locations.be\/nl\/wp-json\/wp\/v2\/media\/2989"}],"wp:attachment":[{"href":"https:\/\/ml-locations.be\/nl\/wp-json\/wp\/v2\/media?parent=2988"}],"wp:term":[{"taxonomy":"product_brand","embeddable":true,"href":"https:\/\/ml-locations.be\/nl\/wp-json\/wp\/v2\/product_brand?post=2988"},{"taxonomy":"product_cat","embeddable":true,"href":"https:\/\/ml-locations.be\/nl\/wp-json\/wp\/v2\/product_cat?post=2988"},{"taxonomy":"product_tag","embeddable":true,"href":"https:\/\/ml-locations.be\/nl\/wp-json\/wp\/v2\/product_tag?post=2988"}],"curies":[{"name":"wp","href":"https:\/\/api.w.org\/{rel}","templated":true}]}}