{"id":3005,"date":"2017-05-22T16:44:14","date_gmt":"2017-05-22T14:44:14","guid":{"rendered":"https:\/\/www.ml-locations.be?post_type=product&#038;p=3005"},"modified":"2025-07-17T10:25:38","modified_gmt":"2025-07-17T08:25:38","slug":"urne-transparente-en-plexiglass-30-x-30-cm","status":"publish","type":"product","link":"https:\/\/ml-locations.be\/nl\/locations\/urne-transparente-en-plexiglass-30-x-30-cm\/","title":{"rendered":"Urne transparente en plexiglass 30 x 30 cm"},"content":{"rendered":"<p>Cette <strong>urne en location<\/strong> est parfaite pour vos \u00e9v\u00e9nements avec jeux de tombola ou concours. Elle peut \u00e9galement servir \u00e0 r\u00e9colter les cartons et attentions des personnes pr\u00e9sentes \u00e0 vos \u00e9v\u00e9nements. Id\u00e9al si vous devez organiser un tirage au sort lors de vos \u00e9v\u00e9nements.<\/p>\n","protected":false},"excerpt":{"rendered":"<p><strong>Urne en plexiglass \u00e0 louer<\/strong> : urne en plexiglass pour concours, se verrouille avec une cl\u00e9 pour plus de s\u00fbret\u00e9.<\/p>\n","protected":false},"featured_media":3006,"template":"","meta":{"_acf_changed":false},"product_brand":[],"product_cat":[126,121],"product_tag":[228,226,227,213],"class_list":{"0":"post-3005","1":"product","2":"type-product","3":"status-publish","4":"has-post-thumbnail","6":"product_cat-decorations-pour-evenements","7":"product_cat-decorations-table-a-louer","8":"product_tag-228","9":"product_tag-banquets","10":"product_tag-ceremonies","11":"product_tag-location-de-materiel-de-reception-mariages","12":"description-off","14":"first","15":"instock","16":"taxable","17":"shipping-taxable","18":"purchasable","19":"product-type-simple"},"acf":[],"yoast_head":"<!-- This site is optimized with the Yoast SEO plugin v25.0 - https:\/\/yoast.com\/wordpress\/plugins\/seo\/ -->\n<title>Urne en plexiglass en location : 30 x 30 cm | ML Locations<\/title>\n<meta name=\"description\" content=\"Louez cette urne en plexiglass transparente de 30 x 30 cm pour vos concours, tombola, etc. Livraison possible.\" \/>\n<meta name=\"robots\" content=\"index, follow, max-snippet:-1, max-image-preview:large, max-video-preview:-1\" \/>\n<link rel=\"canonical\" href=\"https:\/\/ml-locations.be\/nl\/locations\/urne-transparente-en-plexiglass-30-x-30-cm\/\" \/>\n<meta property=\"og:locale\" content=\"nl_NL\" \/>\n<meta property=\"og:type\" content=\"article\" \/>\n<meta property=\"og:title\" content=\"Urne en plexiglass en location : 30 x 30 cm | ML Locations\" \/>\n<meta property=\"og:description\" content=\"Louez cette urne en plexiglass transparente de 30 x 30 cm pour vos concours, tombola, etc. Livraison possible.\" \/>\n<meta property=\"og:url\" content=\"https:\/\/ml-locations.be\/nl\/locations\/urne-transparente-en-plexiglass-30-x-30-cm\/\" \/>\n<meta property=\"og:site_name\" content=\"ML Locations\" \/>\n<meta property=\"article:modified_time\" content=\"2025-07-17T08:25:38+00:00\" \/>\n<meta property=\"og:image\" content=\"https:\/\/ml-locations.be\/wp-content\/uploads\/2017\/05\/urne-plexiglass.jpg\" \/>\n\t<meta property=\"og:image:width\" content=\"1000\" \/>\n\t<meta property=\"og:image:height\" content=\"1000\" \/>\n\t<meta property=\"og:image:type\" content=\"image\/jpeg\" \/>\n<meta name=\"twitter:card\" content=\"summary_large_image\" \/>\n<meta name=\"twitter:label1\" content=\"Geschatte leestijd\" \/>\n\t<meta name=\"twitter:data1\" content=\"1 minuut\" \/>\n<script type=\"application\/ld+json\" class=\"yoast-schema-graph\">{\"@context\":\"https:\/\/schema.org\",\"@graph\":[{\"@type\":\"WebPage\",\"@id\":\"https:\/\/ml-locations.be\/nl\/locations\/urne-transparente-en-plexiglass-30-x-30-cm\/\",\"url\":\"https:\/\/ml-locations.be\/nl\/locations\/urne-transparente-en-plexiglass-30-x-30-cm\/\",\"name\":\"Urne en plexiglass en location : 30 x 30 cm | ML Locations\",\"isPartOf\":{\"@id\":\"https:\/\/ml-locations.be\/nl\/#website\"},\"primaryImageOfPage\":{\"@id\":\"https:\/\/ml-locations.be\/nl\/locations\/urne-transparente-en-plexiglass-30-x-30-cm\/#primaryimage\"},\"image\":{\"@id\":\"https:\/\/ml-locations.be\/nl\/locations\/urne-transparente-en-plexiglass-30-x-30-cm\/#primaryimage\"},\"thumbnailUrl\":\"https:\/\/ml-locations.be\/wp-content\/uploads\/2017\/05\/urne-plexiglass.jpg\",\"datePublished\":\"2017-05-22T14:44:14+00:00\",\"dateModified\":\"2025-07-17T08:25:38+00:00\",\"description\":\"Louez cette urne en plexiglass transparente de 30 x 30 cm pour vos concours, tombola, etc. Livraison possible.\",\"breadcrumb\":{\"@id\":\"https:\/\/ml-locations.be\/nl\/locations\/urne-transparente-en-plexiglass-30-x-30-cm\/#breadcrumb\"},\"inLanguage\":\"nl-NL\",\"potentialAction\":[{\"@type\":\"ReadAction\",\"target\":[\"https:\/\/ml-locations.be\/nl\/locations\/urne-transparente-en-plexiglass-30-x-30-cm\/\"]}]},{\"@type\":\"ImageObject\",\"inLanguage\":\"nl-NL\",\"@id\":\"https:\/\/ml-locations.be\/nl\/locations\/urne-transparente-en-plexiglass-30-x-30-cm\/#primaryimage\",\"url\":\"https:\/\/ml-locations.be\/wp-content\/uploads\/2017\/05\/urne-plexiglass.jpg\",\"contentUrl\":\"https:\/\/ml-locations.be\/wp-content\/uploads\/2017\/05\/urne-plexiglass.jpg\",\"width\":1000,\"height\":1000,\"caption\":\"Location urne plexiglass transparente 30 x 30 cm\"},{\"@type\":\"BreadcrumbList\",\"@id\":\"https:\/\/ml-locations.be\/nl\/locations\/urne-transparente-en-plexiglass-30-x-30-cm\/#breadcrumb\",\"itemListElement\":[{\"@type\":\"ListItem\",\"position\":1,\"name\":\"Accueil\",\"item\":\"https:\/\/ml-locations.be\/nl\/\"},{\"@type\":\"ListItem\",\"position\":2,\"name\":\"Winkel\",\"item\":\"https:\/\/ml-locations.be\/nl\/winkel\/\"},{\"@type\":\"ListItem\",\"position\":3,\"name\":\"Urne transparente en plexiglass 30 x 30 cm\"}]},{\"@type\":\"WebSite\",\"@id\":\"https:\/\/ml-locations.be\/nl\/#website\",\"url\":\"https:\/\/ml-locations.be\/nl\/\",\"name\":\"ML Locations\",\"description\":\"Mat\u00e9riel \u00e9v\u00e9nementiel : location chaise, table et mange debout, mat\u00e9riel horeca, frigos,...\",\"publisher\":{\"@id\":\"https:\/\/ml-locations.be\/nl\/#organization\"},\"potentialAction\":[{\"@type\":\"SearchAction\",\"target\":{\"@type\":\"EntryPoint\",\"urlTemplate\":\"https:\/\/ml-locations.be\/nl\/?s={search_term_string}\"},\"query-input\":{\"@type\":\"PropertyValueSpecification\",\"valueRequired\":true,\"valueName\":\"search_term_string\"}}],\"inLanguage\":\"nl-NL\"},{\"@type\":\"Organization\",\"@id\":\"https:\/\/ml-locations.be\/nl\/#organization\",\"name\":\"ML Locations\",\"url\":\"https:\/\/ml-locations.be\/nl\/\",\"logo\":{\"@type\":\"ImageObject\",\"inLanguage\":\"nl-NL\",\"@id\":\"https:\/\/ml-locations.be\/nl\/#\/schema\/logo\/image\/\",\"url\":\"https:\/\/ml-locations.be\/wp-content\/uploads\/2018\/05\/LOGO-location-BON.png\",\"contentUrl\":\"https:\/\/ml-locations.be\/wp-content\/uploads\/2018\/05\/LOGO-location-BON.png\",\"width\":1200,\"height\":1200,\"caption\":\"ML Locations\"},\"image\":{\"@id\":\"https:\/\/ml-locations.be\/nl\/#\/schema\/logo\/image\/\"}}]}<\/script>\n<!-- \/ Yoast SEO plugin. -->","yoast_head_json":{"title":"Urne en plexiglass en location : 30 x 30 cm | ML Locations","description":"Louez cette urne en plexiglass transparente de 30 x 30 cm pour vos concours, tombola, etc. Livraison possible.","robots":{"index":"index","follow":"follow","max-snippet":"max-snippet:-1","max-image-preview":"max-image-preview:large","max-video-preview":"max-video-preview:-1"},"canonical":"https:\/\/ml-locations.be\/nl\/locations\/urne-transparente-en-plexiglass-30-x-30-cm\/","og_locale":"nl_NL","og_type":"article","og_title":"Urne en plexiglass en location : 30 x 30 cm | ML Locations","og_description":"Louez cette urne en plexiglass transparente de 30 x 30 cm pour vos concours, tombola, etc. Livraison possible.","og_url":"https:\/\/ml-locations.be\/nl\/locations\/urne-transparente-en-plexiglass-30-x-30-cm\/","og_site_name":"ML Locations","article_modified_time":"2025-07-17T08:25:38+00:00","og_image":[{"width":1000,"height":1000,"url":"https:\/\/ml-locations.be\/wp-content\/uploads\/2017\/05\/urne-plexiglass.jpg","type":"image\/jpeg"}],"twitter_card":"summary_large_image","twitter_misc":{"Geschatte leestijd":"1 minuut"},"schema":{"@context":"https:\/\/schema.org","@graph":[{"@type":"WebPage","@id":"https:\/\/ml-locations.be\/nl\/locations\/urne-transparente-en-plexiglass-30-x-30-cm\/","url":"https:\/\/ml-locations.be\/nl\/locations\/urne-transparente-en-plexiglass-30-x-30-cm\/","name":"Urne en plexiglass en location : 30 x 30 cm | ML Locations","isPartOf":{"@id":"https:\/\/ml-locations.be\/nl\/#website"},"primaryImageOfPage":{"@id":"https:\/\/ml-locations.be\/nl\/locations\/urne-transparente-en-plexiglass-30-x-30-cm\/#primaryimage"},"image":{"@id":"https:\/\/ml-locations.be\/nl\/locations\/urne-transparente-en-plexiglass-30-x-30-cm\/#primaryimage"},"thumbnailUrl":"https:\/\/ml-locations.be\/wp-content\/uploads\/2017\/05\/urne-plexiglass.jpg","datePublished":"2017-05-22T14:44:14+00:00","dateModified":"2025-07-17T08:25:38+00:00","description":"Louez cette urne en plexiglass transparente de 30 x 30 cm pour vos concours, tombola, etc. Livraison possible.","breadcrumb":{"@id":"https:\/\/ml-locations.be\/nl\/locations\/urne-transparente-en-plexiglass-30-x-30-cm\/#breadcrumb"},"inLanguage":"nl-NL","potentialAction":[{"@type":"ReadAction","target":["https:\/\/ml-locations.be\/nl\/locations\/urne-transparente-en-plexiglass-30-x-30-cm\/"]}]},{"@type":"ImageObject","inLanguage":"nl-NL","@id":"https:\/\/ml-locations.be\/nl\/locations\/urne-transparente-en-plexiglass-30-x-30-cm\/#primaryimage","url":"https:\/\/ml-locations.be\/wp-content\/uploads\/2017\/05\/urne-plexiglass.jpg","contentUrl":"https:\/\/ml-locations.be\/wp-content\/uploads\/2017\/05\/urne-plexiglass.jpg","width":1000,"height":1000,"caption":"Location urne plexiglass transparente 30 x 30 cm"},{"@type":"BreadcrumbList","@id":"https:\/\/ml-locations.be\/nl\/locations\/urne-transparente-en-plexiglass-30-x-30-cm\/#breadcrumb","itemListElement":[{"@type":"ListItem","position":1,"name":"Accueil","item":"https:\/\/ml-locations.be\/nl\/"},{"@type":"ListItem","position":2,"name":"Winkel","item":"https:\/\/ml-locations.be\/nl\/winkel\/"},{"@type":"ListItem","position":3,"name":"Urne transparente en plexiglass 30 x 30 cm"}]},{"@type":"WebSite","@id":"https:\/\/ml-locations.be\/nl\/#website","url":"https:\/\/ml-locations.be\/nl\/","name":"ML Locations","description":"Mat\u00e9riel \u00e9v\u00e9nementiel : location chaise, table et mange debout, mat\u00e9riel horeca, frigos,...","publisher":{"@id":"https:\/\/ml-locations.be\/nl\/#organization"},"potentialAction":[{"@type":"SearchAction","target":{"@type":"EntryPoint","urlTemplate":"https:\/\/ml-locations.be\/nl\/?s={search_term_string}"},"query-input":{"@type":"PropertyValueSpecification","valueRequired":true,"valueName":"search_term_string"}}],"inLanguage":"nl-NL"},{"@type":"Organization","@id":"https:\/\/ml-locations.be\/nl\/#organization","name":"ML Locations","url":"https:\/\/ml-locations.be\/nl\/","logo":{"@type":"ImageObject","inLanguage":"nl-NL","@id":"https:\/\/ml-locations.be\/nl\/#\/schema\/logo\/image\/","url":"https:\/\/ml-locations.be\/wp-content\/uploads\/2018\/05\/LOGO-location-BON.png","contentUrl":"https:\/\/ml-locations.be\/wp-content\/uploads\/2018\/05\/LOGO-location-BON.png","width":1200,"height":1200,"caption":"ML Locations"},"image":{"@id":"https:\/\/ml-locations.be\/nl\/#\/schema\/logo\/image\/"}}]}},"_links":{"self":[{"href":"https:\/\/ml-locations.be\/nl\/wp-json\/wp\/v2\/product\/3005","targetHints":{"allow":["GET"]}}],"collection":[{"href":"https:\/\/ml-locations.be\/nl\/wp-json\/wp\/v2\/product"}],"about":[{"href":"https:\/\/ml-locations.be\/nl\/wp-json\/wp\/v2\/types\/product"}],"wp:featuredmedia":[{"embeddable":true,"href":"https:\/\/ml-locations.be\/nl\/wp-json\/wp\/v2\/media\/3006"}],"wp:attachment":[{"href":"https:\/\/ml-locations.be\/nl\/wp-json\/wp\/v2\/media?parent=3005"}],"wp:term":[{"taxonomy":"product_brand","embeddable":true,"href":"https:\/\/ml-locations.be\/nl\/wp-json\/wp\/v2\/product_brand?post=3005"},{"taxonomy":"product_cat","embeddable":true,"href":"https:\/\/ml-locations.be\/nl\/wp-json\/wp\/v2\/product_cat?post=3005"},{"taxonomy":"product_tag","embeddable":true,"href":"https:\/\/ml-locations.be\/nl\/wp-json\/wp\/v2\/product_tag?post=3005"}],"curies":[{"name":"wp","href":"https:\/\/api.w.org\/{rel}","templated":true}]}}